{"id":102,"date":"2014-07-02T20:12:36","date_gmt":"2014-07-02T20:12:36","guid":{"rendered":"https:\/\/eladd.org\/en\/?page_id=102"},"modified":"2025-11-12T03:00:14","modified_gmt":"2025-11-12T03:00:14","slug":"videos","status":"publish","type":"page","link":"https:\/\/eladd.org\/en\/videos\/","title":{"rendered":"Videos"},"content":{"rendered":"<div class=\"wpb-content-wrapper\">[vc_row full_width=&#8221;stretch_row&#8221; bg_style=&#8221;repeat&#8221; el_id=&#8221;videos&#8221; css=&#8221;.vc_custom_1762916401003{padding-top: 35px !important;background-position: 0 0 !important;background-repeat: repeat !important;}&#8221;][vc_column][vc_column_text el_class=&#8221;seccion__titulo&#8221;]\n<h1 style=\"text-align: center;\">Videos<\/h1>\n<p><img loading=\"lazy\" decoding=\"async\" class=\"alignnone size-full wp-image-1816 aligncenter\" src=\"https:\/\/eladd.org\/wp-content\/uploads\/2015\/09\/icon-space.png\" alt=\"icon-space\" width=\"150\" height=\"8\" \/>[\/vc_column_text][vc_column_text css=&#8221;.vc_custom_1446847794544{margin-bottom: 35px !important;}&#8221; el_class=&#8221;seccion__texto&#8221;]\n<p style=\"text-align: center;\">Book Presentation\u00a0Cien a\u00f1os despu\u00e9s: La literatura de mujeres en Am\u00e9rica\u00a0Latina: El legado de Mercedes Cabello de Carbonera y Clorinda Matto de Turner. California State University, Long Beach. September 2010.<\/p>\n<p>&nbsp;<\/p>\n<p style=\"text-align: center;\"><object data=\"http:\/\/fpdownload.adobe.com\/strobe\/FlashMediaPlayback.swf\" type=\"application\/x-shockwave-flash\" width=\"660\" height=\"400\"><param name=\"flashvars\" value=\"src=rtmp%3A%2F%2Fflash.csulb.edu%2Fvod%2FMP4%3A2010%2Fsept%2FGoswitz%2FCien_anos_despues.f4v&amp;poster=http%3A%2F%2Fwww.csulb.edu%2Flats%2Fitss%2Fdesign%2Fvideo%2Fseal.jpg&amp;backgroundColor=111111\" \/><param name=\"allowFullScreen\" value=\"true\" \/><param name=\"allowscriptaccess\" value=\"always\" \/><param name=\"src\" value=\"http:\/\/fpdownload.adobe.com\/strobe\/FlashMediaPlayback.swf\" \/><param name=\"allowfullscreen\" value=\"true\" \/><\/object><\/p>\n[\/vc_column_text][vc_single_image image=&#8221;662&#8243; alignment=&#8221;center&#8221;][vc_column_text css=&#8221;.vc_custom_1446847804006{margin-bottom: 35px !important;}&#8221; el_class=&#8221;seccion__texto&#8221;]\n<p style=\"text-align: center;\">Conversatory about the book Cien a\u00f1os despu\u00e9s: La literatura de mujeres en Am\u00e9rica Latina: El legado de Mercedes Cabello de Carbonera y Clorinda Matto de Turner. Universidad de San Martin de Porres, Lima. August 2010.<\/p>\n<p>&nbsp;<\/p>\n<p style=\"text-align: center;\"><object width=\"560\" height=\"315\"><param name=\"movie\" value=\"\/\/www.youtube.com\/v\/JVIw6xenVDQ?hl=es_MX&amp;version=3\" \/><param name=\"allowFullScreen\" value=\"true\" \/><param name=\"allowscriptaccess\" value=\"always\" \/><embed src=\"\/\/www.youtube.com\/v\/JVIw6xenVDQ?hl=es_MX&amp;version=3\" type=\"application\/x-shockwave-flash\" width=\"560\" height=\"315\" allowscriptaccess=\"always\" allowfullscreen=\"allowfullscreen\" \/><\/object><\/p>\n[\/vc_column_text][vc_single_image image=&#8221;662&#8243; alignment=&#8221;center&#8221;][vc_column_text css=&#8221;.vc_custom_1446847812051{margin-bottom: 35px !important;}&#8221; el_class=&#8221;seccion__texto&#8221;]\n<p style=\"text-align: center;\">Documental about Juana Manuela Gorriti: Historia de una vida<\/p>\n<p>&nbsp;<\/p>\n<p style=\"text-align: center;\"><object width=\"560\" height=\"315\"><param name=\"movie\" value=\"\/\/www.youtube.com\/v\/-i3htnbdQ7o?version=3&amp;hl=es_MX\" \/><param name=\"allowFullScreen\" value=\"true\" \/><param name=\"allowscriptaccess\" value=\"always\" \/><embed src=\"\/\/www.youtube.com\/v\/-i3htnbdQ7o?version=3&amp;hl=es_MX\" type=\"application\/x-shockwave-flash\" width=\"560\" height=\"315\" allowscriptaccess=\"always\" allowfullscreen=\"allowfullscreen\" \/><\/object><\/p>\n[\/vc_column_text][vc_single_image image=&#8221;660&#8243; alignment=&#8221;center&#8221;][\/vc_column][\/vc_row]\n<\/div>","protected":false},"excerpt":{"rendered":"<p>[vc_row full_width=&rdquo;stretch_row&rdquo; bg_style=&rdquo;repeat&rdquo; el_id=&rdquo;videos&rdquo; css=&rdquo;.vc_custom_1762916401003{padding-top: 35px !important;background-position: 0 0 !important;background-repeat: repeat !important;}&rdquo;][vc_column][vc_column_text el_class=&rdquo;seccion__titulo&rdquo;] Videos [\/vc_column_text][vc_column_text css=&rdquo;.vc_custom_1446847794544{margin-bottom: 35px !important;}&rdquo; el_class=&rdquo;seccion__texto&rdquo;] Book Presentation&nbsp;Cien a&ntilde;os despu&eacute;s: La literatura de mujeres en Am&eacute;rica&nbsp;Latina: El legado de Mercedes Cabello de Carbonera y Clorinda Matto de&hellip;<\/p>\n","protected":false},"author":1,"featured_media":0,"parent":0,"menu_order":0,"comment_status":"closed","ping_status":"closed","template":"","meta":{"footnotes":""},"class_list":["post-102","page","type-page","status-publish","hentry","entry","no-media"],"yoast_head":"<!-- This site is optimized with the Yoast SEO plugin v26.1.1 - https:\/\/yoast.com\/wordpress\/plugins\/seo\/ -->\n<title>Videos - Eladd En<\/title>\n<meta name=\"robots\" content=\"index, follow, max-snippet:-1, max-image-preview:large, max-video-preview:-1\" \/>\n<link rel=\"canonical\" href=\"https:\/\/eladd.org\/en\/videos\/\" \/>\n<meta property=\"og:locale\" content=\"en_US\" \/>\n<meta property=\"og:type\" content=\"article\" \/>\n<meta property=\"og:title\" content=\"Videos - Eladd En\" \/>\n<meta property=\"og:description\" content=\"[vc_row full_width=&rdquo;stretch_row&rdquo; bg_style=&rdquo;repeat&rdquo; el_id=&rdquo;videos&rdquo; css=&rdquo;.vc_custom_1762916401003{padding-top: 35px !important;background-position: 0 0 !important;background-repeat: repeat !important;}&rdquo;][vc_column][vc_column_text el_class=&rdquo;seccion__titulo&rdquo;] Videos [\/vc_column_text][vc_column_text css=&rdquo;.vc_custom_1446847794544{margin-bottom: 35px !important;}&rdquo; el_class=&rdquo;seccion__texto&rdquo;] Book Presentation&nbsp;Cien a&ntilde;os despu&eacute;s: La literatura de mujeres en Am&eacute;rica&nbsp;Latina: El legado de Mercedes Cabello de Carbonera y Clorinda Matto de&hellip;\" \/>\n<meta property=\"og:url\" content=\"https:\/\/eladd.org\/en\/videos\/\" \/>\n<meta property=\"og:site_name\" content=\"Eladd En\" \/>\n<meta property=\"article:modified_time\" content=\"2025-11-12T03:00:14+00:00\" \/>\n<meta name=\"twitter:card\" content=\"summary_large_image\" \/>\n<meta name=\"twitter:label1\" content=\"Est. reading time\" \/>\n\t<meta name=\"twitter:data1\" content=\"1 minute\" \/>\n<script type=\"application\/ld+json\" class=\"yoast-schema-graph\">{\"@context\":\"https:\/\/schema.org\",\"@graph\":[{\"@type\":\"WebPage\",\"@id\":\"https:\/\/eladd.org\/en\/videos\/\",\"url\":\"https:\/\/eladd.org\/en\/videos\/\",\"name\":\"Videos - Eladd En\",\"isPartOf\":{\"@id\":\"https:\/\/eladd.org\/en\/#website\"},\"primaryImageOfPage\":{\"@id\":\"https:\/\/eladd.org\/en\/videos\/#primaryimage\"},\"image\":{\"@id\":\"https:\/\/eladd.org\/en\/videos\/#primaryimage\"},\"thumbnailUrl\":\"https:\/\/eladd.org\/wp-content\/uploads\/2015\/09\/icon-space.png\",\"datePublished\":\"2014-07-02T20:12:36+00:00\",\"dateModified\":\"2025-11-12T03:00:14+00:00\",\"breadcrumb\":{\"@id\":\"https:\/\/eladd.org\/en\/videos\/#breadcrumb\"},\"inLanguage\":\"en-US\",\"potentialAction\":[{\"@type\":\"ReadAction\",\"target\":[\"https:\/\/eladd.org\/en\/videos\/\"]}]},{\"@type\":\"ImageObject\",\"inLanguage\":\"en-US\",\"@id\":\"https:\/\/eladd.org\/en\/videos\/#primaryimage\",\"url\":\"https:\/\/eladd.org\/wp-content\/uploads\/2015\/09\/icon-space.png\",\"contentUrl\":\"https:\/\/eladd.org\/wp-content\/uploads\/2015\/09\/icon-space.png\"},{\"@type\":\"BreadcrumbList\",\"@id\":\"https:\/\/eladd.org\/en\/videos\/#breadcrumb\",\"itemListElement\":[{\"@type\":\"ListItem\",\"position\":1,\"name\":\"Home\",\"item\":\"https:\/\/eladd.org\/en\/\"},{\"@type\":\"ListItem\",\"position\":2,\"name\":\"Videos\"}]},{\"@type\":\"WebSite\",\"@id\":\"https:\/\/eladd.org\/en\/#website\",\"url\":\"https:\/\/eladd.org\/en\/\",\"name\":\"Eladd En\",\"description\":\"Ninteenth-Century Latin American Women Writers\",\"publisher\":{\"@id\":\"https:\/\/eladd.org\/en\/#organization\"},\"potentialAction\":[{\"@type\":\"SearchAction\",\"target\":{\"@type\":\"EntryPoint\",\"urlTemplate\":\"https:\/\/eladd.org\/en\/?s={search_term_string}\"},\"query-input\":{\"@type\":\"PropertyValueSpecification\",\"valueRequired\":true,\"valueName\":\"search_term_string\"}}],\"inLanguage\":\"en-US\"},{\"@type\":\"Organization\",\"@id\":\"https:\/\/eladd.org\/en\/#organization\",\"name\":\"Eladd En\",\"url\":\"https:\/\/eladd.org\/en\/\",\"logo\":{\"@type\":\"ImageObject\",\"inLanguage\":\"en-US\",\"@id\":\"https:\/\/eladd.org\/en\/#\/schema\/logo\/image\/\",\"url\":\"https:\/\/eladd.org\/en\/wp-content\/uploads\/sites\/2\/2025\/07\/logo-eladd.png\",\"contentUrl\":\"https:\/\/eladd.org\/en\/wp-content\/uploads\/sites\/2\/2025\/07\/logo-eladd.png\",\"width\":324,\"height\":77,\"caption\":\"Eladd En\"},\"image\":{\"@id\":\"https:\/\/eladd.org\/en\/#\/schema\/logo\/image\/\"}}]}<\/script>\n<!-- \/ Yoast SEO plugin. -->","yoast_head_json":{"title":"Videos - Eladd En","robots":{"index":"index","follow":"follow","max-snippet":"max-snippet:-1","max-image-preview":"max-image-preview:large","max-video-preview":"max-video-preview:-1"},"canonical":"https:\/\/eladd.org\/en\/videos\/","og_locale":"en_US","og_type":"article","og_title":"Videos - Eladd En","og_description":"[vc_row full_width=&rdquo;stretch_row&rdquo; bg_style=&rdquo;repeat&rdquo; el_id=&rdquo;videos&rdquo; css=&rdquo;.vc_custom_1762916401003{padding-top: 35px !important;background-position: 0 0 !important;background-repeat: repeat !important;}&rdquo;][vc_column][vc_column_text el_class=&rdquo;seccion__titulo&rdquo;] Videos [\/vc_column_text][vc_column_text css=&rdquo;.vc_custom_1446847794544{margin-bottom: 35px !important;}&rdquo; el_class=&rdquo;seccion__texto&rdquo;] Book Presentation&nbsp;Cien a&ntilde;os despu&eacute;s: La literatura de mujeres en Am&eacute;rica&nbsp;Latina: El legado de Mercedes Cabello de Carbonera y Clorinda Matto de&hellip;","og_url":"https:\/\/eladd.org\/en\/videos\/","og_site_name":"Eladd En","article_modified_time":"2025-11-12T03:00:14+00:00","twitter_card":"summary_large_image","twitter_misc":{"Est. reading time":"1 minute"},"schema":{"@context":"https:\/\/schema.org","@graph":[{"@type":"WebPage","@id":"https:\/\/eladd.org\/en\/videos\/","url":"https:\/\/eladd.org\/en\/videos\/","name":"Videos - Eladd En","isPartOf":{"@id":"https:\/\/eladd.org\/en\/#website"},"primaryImageOfPage":{"@id":"https:\/\/eladd.org\/en\/videos\/#primaryimage"},"image":{"@id":"https:\/\/eladd.org\/en\/videos\/#primaryimage"},"thumbnailUrl":"https:\/\/eladd.org\/wp-content\/uploads\/2015\/09\/icon-space.png","datePublished":"2014-07-02T20:12:36+00:00","dateModified":"2025-11-12T03:00:14+00:00","breadcrumb":{"@id":"https:\/\/eladd.org\/en\/videos\/#breadcrumb"},"inLanguage":"en-US","potentialAction":[{"@type":"ReadAction","target":["https:\/\/eladd.org\/en\/videos\/"]}]},{"@type":"ImageObject","inLanguage":"en-US","@id":"https:\/\/eladd.org\/en\/videos\/#primaryimage","url":"https:\/\/eladd.org\/wp-content\/uploads\/2015\/09\/icon-space.png","contentUrl":"https:\/\/eladd.org\/wp-content\/uploads\/2015\/09\/icon-space.png"},{"@type":"BreadcrumbList","@id":"https:\/\/eladd.org\/en\/videos\/#breadcrumb","itemListElement":[{"@type":"ListItem","position":1,"name":"Home","item":"https:\/\/eladd.org\/en\/"},{"@type":"ListItem","position":2,"name":"Videos"}]},{"@type":"WebSite","@id":"https:\/\/eladd.org\/en\/#website","url":"https:\/\/eladd.org\/en\/","name":"Eladd En","description":"Ninteenth-Century Latin American Women Writers","publisher":{"@id":"https:\/\/eladd.org\/en\/#organization"},"potentialAction":[{"@type":"SearchAction","target":{"@type":"EntryPoint","urlTemplate":"https:\/\/eladd.org\/en\/?s={search_term_string}"},"query-input":{"@type":"PropertyValueSpecification","valueRequired":true,"valueName":"search_term_string"}}],"inLanguage":"en-US"},{"@type":"Organization","@id":"https:\/\/eladd.org\/en\/#organization","name":"Eladd En","url":"https:\/\/eladd.org\/en\/","logo":{"@type":"ImageObject","inLanguage":"en-US","@id":"https:\/\/eladd.org\/en\/#\/schema\/logo\/image\/","url":"https:\/\/eladd.org\/en\/wp-content\/uploads\/sites\/2\/2025\/07\/logo-eladd.png","contentUrl":"https:\/\/eladd.org\/en\/wp-content\/uploads\/sites\/2\/2025\/07\/logo-eladd.png","width":324,"height":77,"caption":"Eladd En"},"image":{"@id":"https:\/\/eladd.org\/en\/#\/schema\/logo\/image\/"}}]}},"_links":{"self":[{"href":"https:\/\/eladd.org\/en\/wp-json\/wp\/v2\/pages\/102","targetHints":{"allow":["GET"]}}],"collection":[{"href":"https:\/\/eladd.org\/en\/wp-json\/wp\/v2\/pages"}],"about":[{"href":"https:\/\/eladd.org\/en\/wp-json\/wp\/v2\/types\/page"}],"author":[{"embeddable":true,"href":"https:\/\/eladd.org\/en\/wp-json\/wp\/v2\/users\/1"}],"replies":[{"embeddable":true,"href":"https:\/\/eladd.org\/en\/wp-json\/wp\/v2\/comments?post=102"}],"version-history":[{"count":12,"href":"https:\/\/eladd.org\/en\/wp-json\/wp\/v2\/pages\/102\/revisions"}],"predecessor-version":[{"id":24752,"href":"https:\/\/eladd.org\/en\/wp-json\/wp\/v2\/pages\/102\/revisions\/24752"}],"wp:attachment":[{"href":"https:\/\/eladd.org\/en\/wp-json\/wp\/v2\/media?parent=102"}],"curies":[{"name":"wp","href":"https:\/\/api.w.org\/{rel}","templated":true}]}}