{"id":1056,"date":"2018-09-06T17:15:13","date_gmt":"2018-09-06T17:15:13","guid":{"rendered":"https:\/\/eladd.org\/en\/?page_id=1056"},"modified":"2018-09-06T17:15:13","modified_gmt":"2018-09-06T17:15:13","slug":"isabel-carrasquilla","status":"publish","type":"page","link":"https:\/\/eladd.org\/en\/other-authors\/isabel-carrasquilla\/","title":{"rendered":"Isabel Carrasquilla"},"content":{"rendered":"<p style=\"text-align: right;\"><img loading=\"lazy\" decoding=\"async\" class=\"alignleft wp-image-2726\" src=\"https:\/\/eladd.org\/wp-content\/uploads\/2018\/04\/isabel.png\" alt=\"\" width=\"400\" height=\"510\" \/>\u201cComo s\u00e9 que mis nietos todos, Arangos e Isazas, Restrepos y Mej\u00edas, son aficionados a la lectura, y los m\u00e1s peque\u00f1os, amigos de las narraciones, pues les viene por herencia desde sus abuelos el estigma de la mancha de tinta, quiero escribirles estas impresiones de viaje, para que se entretengan en los d\u00edas de asueto y en las noches de aburrimiento. Ser\u00e1n, quiz\u00e1, chocheras de vieja; por lo mismo, deben mirarse con sonrisa indulgente. Entre los diecisiete nietos puede que haya uno que quiera leerlas y conservarlas con cari\u00f1o, como yo las escribo para ellos; si no, all\u00ed est\u00e1 el misericordioso Olvido, que todo lo acaricia y envuelve\u201d.<\/p>\n<p style=\"text-align: right;\"><em>Impresiones de viaje escritas por una abuela para sus nietos. <\/em><\/p>\n<p style=\"text-align: right;\"><em>Isabel Carrasquilla.<\/em><\/p>\n<p>&nbsp;<\/p>\n<p>Isabel Carrasquilla de Naranjo naci\u00f3 el 8 de octubre de 1865, en Santo Domingo, Antioquia. \u00danica hermana del reconocido escritor Tom\u00e1s Carrasquilla, pues Mauricio, el menor de los tres hijos de Rafael y Ercilda, muri\u00f3 cuando a\u00fan era un ni\u00f1o. Isabel y Tom\u00e1s siempre vivieron juntos, aun despu\u00e9s del matrimonio de ella, compartiendo el humor, los libros, las tertulias caseras y la \u201cchifladura\u201d por el teatro. Mantuvieron el contacto las pocas veces que se separaron a trav\u00e9s de cartas extensas, en las que Tom\u00e1s se refer\u00eda a Isabel como \u201clumbrera querida\u201d, \u201cquerida m\u00eda\u201d o \u201cIsabelita\u201d, en las que se refleja la confianza y el profundo afecto que se profesaban.<div class=\"vcex-spacing\" style=\"height:30px\"><\/div>\n<p>Tras la muerte de su abuelo Bautista, eje de la familia luego de la muerte prematura de sus padres, Isabel decide trasladarse, junto con su familia y su hermano Tom\u00e1s a Medell\u00edn, a comienzos de siglo XX. Para ello hicieron reconstruir la casa de la Calle Bolivia en donde vivieron hasta el fin de sus d\u00edas. Lograron costear los gastos de la construcci\u00f3n gracias al legado de su abuelo.<div class=\"vcex-spacing\" style=\"height:30px\"><\/div>\n<p>Tanto Isabel como sus hijos tuvieron una relaci\u00f3n directa con algunas de las obras de su hermano. En 1931, con la vista totalmente debilitada e imposibilitado para escribir, Tom\u00e1s Carrasquilla acudi\u00f3 a sus sobrinos, Eduardo y Constanza Arango, para que les sirvieran como amanuense y mecan\u00f3grafa, respectivamente, para la redacci\u00f3n de su obra monumental \u201cHace tiempos\u201d, obra que despu\u00e9s le merecer\u00eda el Premio Nacional de Literatura y Ciencias Vergara y Vergara, de parte de la Academia Colombiana de la Lengua. Esta obra fue concebida ante la insistencia de Isabel quien, al encontrarse con un Tom\u00e1s deca\u00eddo de \u00e1nimo debido a sus achaques, decide convencerlo para que reconstruyera la mina &#8220;El Criadero&#8221;, ofreciendo la ayuda de su privilegiada memoria para revivir los hechos que a ambos les hab\u00eda tocado presenciar durante su ni\u00f1ez, transcurrida en el ambiente de las minas. La personalidad de Claudino y de Isabel se dibujan en los personajes de la obra, Miguel y Elisa.<div class=\"vcex-spacing\" style=\"height:30px\"><\/div>\n<p>A pesar de todo, su hermano Tom\u00e1s se opon\u00eda a las inclinaciones y deseos de escribir de sus allegados y familiares, entre ellos, Isabel, ya que consideraba la tarea del escritor como \u201cuna chifladura\u201d de la cual, si llegaban a contaminarse, \u00e9l se sentir\u00eda culpable por haberles dado el mal ejemplo. \u201cLa literatura no es cosa de mujeres\u201d, sol\u00eda decir. En cambio, el autor buscaba impulsar a sus allegados a incursionar en el campo industrial: Promover y fundar la Compa\u00f1\u00eda de Cemento Argos a comienzos de los a\u00f1os 30. Hubo momentos dif\u00edciles, durante las contingencias iniciales ocurridas en la compa\u00f1\u00eda, cuando las acciones se cotizaban por debajo de su valor nominal. En el momento en que se requer\u00eda de capital adicional para poder continuar los montajes de la f\u00e1brica e iniciar la producci\u00f3n, fue Isabel y su hermano quienes animaron y levantaron el deca\u00eddo esp\u00edritu de don Claudino (esposo de Isabel) y de sus hijos. Isabel lleg\u00f3 incluso a ofrecer sus joyas y efectos personales para contribuir a que la empresa pudiera salir adelante.<div class=\"vcex-spacing\" style=\"height:30px\"><\/div>\n<p>A pesar de la oposici\u00f3n de su hermano, ambos compartieron el humor, los libros, las tertulias caseras y el teatro. Ella public\u00f3 con la colaboraci\u00f3n de su prima Hortensia Ceballos (Isabel bajo el seud\u00f3nimo \u201cEquis\u201d, Hortensia, bajo el de \u201cZeta\u201d), dos comedias basadas en <em>Frutos de mi tierra<\/em>: <em>Filis y Sarito<\/em> y <em>Pepa Escand\u00f3n<\/em>. Tom\u00e1s prohibi\u00f3 su distribuci\u00f3n una vez se enter\u00f3. De igual manera, Isabel sol\u00eda mandar coplas al programa de radio de Abel Farina, pero no los firmaba.<div class=\"vcex-spacing\" style=\"height:30px\"><\/div>\n<p>A pesar de todo, la autora fue reconocida en vida con la puesta en escena de sus obras dram\u00e1ticas <em>Noche de Reyes<\/em> y <em>Contra viento y marea<\/em> en el Teatro Bol\u00edvar, con la actuaci\u00f3n de actores espa\u00f1oles y sus correspondientes rese\u00f1as en la prensa local y en la revista femenina <em>Letras y encajes<\/em>.<div class=\"vcex-spacing\" style=\"height:30px\"><\/div>\n<p>De su autor\u00eda, se conservan, adem\u00e1s, dos obras in\u00e9ditas: <em>Comedias<\/em> \u2013compilaci\u00f3n de dos cuentos, un juguete c\u00f3mico, un di\u00e1logo escolar y tres dramas fuertemente influidos por el teatro de Jacinto Benavente\u2013, y un libro de viajes, <em>Impresiones de viaje escritas por una abuela para sus nietos. <\/em>Isabel muri\u00f3 en Medell\u00edn el 5 de enero de 1941<em>.<div class=\"vcex-spacing\" style=\"height:30px\"><\/div><\/em><\/p>\n<p>&nbsp;<\/p>\n<p><strong>Impresiones de viaje escritas por una abuela para sus nietos.<div class=\"vcex-spacing\" style=\"height:30px\"><\/div><\/strong><\/p>\n<p style=\"text-align: right;\"><em>La literatura de viajes, g\u00e9nero h\u00edbrido entre la autobiograf\u00eda y el relato, muestra c\u00f3mo durante los viajes, la geograf\u00eda afecta las geograf\u00edas internas, impregna el alma; los lugares modelan a los narradores. En Impresiones de viaje\u2026 las palabras traslucen a Isabel; dejan ver sus gustos, su erudici\u00f3n, su postura pol\u00edtica y, sobre todo, la emoci\u00f3n del encuentro ritual con sus referentes culturales. Las graciosas an\u00e9cdotas se intercalan con descripciones cuidadosas, con interesantes y oportunos trozos de la historia del mundo, del arte y de la literatura. Es la mirada atenta y sabia que mide el tama\u00f1o de iglesias, palacios y monumentos, y critica personas, obras de arte, espect\u00e1culos y obras teatrales, con una solvencia intelectual que le permite emitir, sin pudor, juicios originales, ajenos al lugar com\u00fan y, en ocasiones, desenfadados e irreverentes.<\/em><\/p>\n<p style=\"text-align: right;\"><em>Paloma P\u00e9rez.<div class=\"vcex-spacing\" style=\"height:30px\"><\/div><\/em><\/p>\n<p>El 9 de abril de 1929, Isabel Carrasquilla y su esposo Claudino Arango se embarcaron en Puerto Berr\u00edo hacia Ciudad de Panam\u00e1 para acompa\u00f1ar a su hijo Jorge, quien deb\u00eda someterse a una cirug\u00eda. Despu\u00e9s decidieron dirigirse a Nueva York y luego a Europa en un viaje que se prolong\u00f3 nueve meses. En diciembre del mismo a\u00f1o, estuvieron de vuelta en Medell\u00edn. <em>Impresiones de viaje escritos por una abuela para sus nietos<\/em> es la cr\u00f3nica que da t\u00edtulo a este viaje. La importancia de la obra radica en lo poco habitual que era, para un ciudadano com\u00fan, la costumbre de viajar, y m\u00e1s en una familia minera como la Arango Carrasquilla.<div class=\"vcex-spacing\" style=\"height:30px\"><\/div>\n<p>Fue durante su retiro, en 1936, que decide escribir sus impresiones de viaje con base en el diario que hab\u00eda labrado de abril a diciembre en 1929. Diversas an\u00e9cdotas se intercalan con descripciones cuidadosas y fragmentos importantes de la historia del mundo, del arte y de la literatura, de la mano de distintas experiencias, unas dif\u00edciles, como la enfermedad y cirug\u00eda de Claudino en Nueva York, otras angustiosas, como cuando casi se produce un naufragio del barco cuando regresaban a Colombia, todo en 182 cuartillas que mecanografi\u00f3 Constanza de la Cruz, hija de Isabel, madre de Julio Restrepo.<\/p>\n<p style=\"text-align: left;\"><strong>Cynthia Gonz\u00e1lez Pulgar\u00edn<\/strong><\/p>\n<p style=\"text-align: left;\"><strong>Universidad de Antioquia<\/strong><\/p>\n<p style=\"text-align: left;\"><strong>cyngopu@gmail.com<div class=\"vcex-spacing\" style=\"height:30px\"><\/div><\/strong><\/p>\n<p>&nbsp;<\/p>\n<p>&nbsp;<\/p>\n<p><strong>Obras de la escritora<div class=\"vcex-spacing\" style=\"height:30px\"><\/div><\/strong><\/p>\n<p>(2011). <em>Impresiones de viaje: escritas por una abuela para sus nietos<\/em>. Medell\u00edn: Fondo Editorial Universidad EAFIT.<div class=\"vcex-spacing\" style=\"height:30px\"><\/div>\n<p>(1887). <em>Filis y sarito: comedia en tres actos<\/em>. Medell\u00edn: Bedout.<div class=\"vcex-spacing\" style=\"height:30px\"><\/div>\n<p>(1932). <em>Pepa Escandon: comedia.<\/em> Medell\u00edn: Bedout.<div class=\"vcex-spacing\" style=\"height:30px\"><\/div>\n<p>&nbsp;<\/p>\n<p><strong>Obras sobre la escritora<div class=\"vcex-spacing\" style=\"height:30px\"><\/div><\/strong><\/p>\n<p>(2011). P\u00e9rez Sastre, P. <em>Edici\u00f3n comentada de<\/em> <em>Impresiones de viaje: escritas por una abuela para sus nietos<\/em>. Medell\u00edn: Fondo Editorial Universidad EAFIT. Versi\u00f3n disponible en l\u00ednea: <a href=\"https:\/\/repository.eafit.edu.co\/bitstream\/handle\/10784\/59\/9789587200966.pdf?sequence=1&amp;isAllowed=y\">https:\/\/repository.eafit.edu.co\/bitstream\/handle\/10784\/59\/9789587200966.pdf?sequence=1&amp;isAllowed=y<div class=\"vcex-spacing\" style=\"height:30px\"><\/div><\/a><\/p>\n<p>(2000). Carrasquilla, I. Contra viento y marea, comedia en tres actos. En P\u00e9rez Sastre, P. <em>Antolog\u00eda de escritoras antioque\u00f1as 1919 \u2013 1950<\/em>. (pp. 349-362). Medell\u00edn: Colecci\u00f3n autores antioque\u00f1os.<div class=\"vcex-spacing\" style=\"height:30px\"><\/div>\n<p>(2011). P\u00e9rez Sastre, P. Edici\u00f3n comentada de <em>las Impresiones de viaje de una abuela para sus nietos<\/em> de Isabel Carrasquilla de Arango. En Guardia, S. B. <em>Viajeras entre dos mundos.<\/em> (pp. 239 \u2013 265). Lima: Centro de estudios la mujer en la historia de Am\u00e9rica Latina CEHMAL.<div class=\"vcex-spacing\" style=\"height:30px\"><\/div>\n<p>(2014). Carrasquilla, I. Contra viento y marea, comedia en tres actos. En Restrepo David. F. <em>Dramaturgia antioque\u00f1a, 1879-1963 \u2013Antolog\u00eda\u2013 <\/em>(pp. 102-116). Medell\u00edn: Colecci\u00f3n Bicentenario de Antioquia.<div class=\"vcex-spacing\" style=\"height:30px\"><\/div>\n<p>P\u00e9rez Sastre, P. (2012). Contando despu\u00e9s de muerta. <em>Revista Ling\u00fc\u00edstica y Literatura. <\/em>N\u00b0 61, pp. 291-307.<div class=\"vcex-spacing\" style=\"height:30px\"><\/div>\n<p>Arango Montoya, A. (2002). Medell\u00edn, Colombia: <em>Peri\u00f3dico El Pulso. <\/em>Recuperado de: <a href=\"http:\/\/www.periodicoelpulso.com\/html\/jul02\/cultural\/cultural.htm\">http:\/\/www.periodicoelpulso.com\/html\/jul02\/cultural\/cultural.htm<div class=\"vcex-spacing\" style=\"height:30px\"><\/div><\/a><\/p>\n<p>P\u00e9rez Sastre, P. (2008). Medell\u00edn, Colombia: <em>Tragaluz Editores. <\/em>Recuperado de: <a href=\"https:\/\/www.tragaluzeditores.com\/isabel-carrasquilla-de-arango-escritora-y-viajera\/\">https:\/\/www.tragaluzeditores.com\/isabel-carrasquilla-de-arango-escritora-y-viajera\/<div class=\"vcex-spacing\" style=\"height:30px\"><\/div><\/a><\/p>\n","protected":false},"excerpt":{"rendered":"<p>&ldquo;Como s&eacute; que mis nietos todos, Arangos e Isazas, Restrepos y Mej&iacute;as, son aficionados a la lectura, y los m&aacute;s peque&ntilde;os, amigos de las narraciones, pues les viene por herencia desde sus abuelos el estigma de la mancha de tinta,&hellip;<\/p>\n","protected":false},"author":2,"featured_media":0,"parent":98,"menu_order":0,"comment_status":"closed","ping_status":"closed","template":"","meta":{"footnotes":""},"class_list":["post-1056","page","type-page","status-publish","hentry","entry","no-media"],"yoast_head":"<!-- This site is optimized with the Yoast SEO plugin v26.1.1 - https:\/\/yoast.com\/wordpress\/plugins\/seo\/ -->\n<title>Isabel Carrasquilla - Eladd En<\/title>\n<meta name=\"robots\" content=\"index, follow, max-snippet:-1, max-image-preview:large, max-video-preview:-1\" \/>\n<link rel=\"canonical\" href=\"https:\/\/eladd.org\/en\/other-authors\/isabel-carrasquilla\/\" \/>\n<meta property=\"og:locale\" content=\"en_US\" \/>\n<meta property=\"og:type\" content=\"article\" \/>\n<meta property=\"og:title\" content=\"Isabel Carrasquilla - Eladd En\" \/>\n<meta property=\"og:description\" content=\"&ldquo;Como s&eacute; que mis nietos todos, Arangos e Isazas, Restrepos y Mej&iacute;as, son aficionados a la lectura, y los m&aacute;s peque&ntilde;os, amigos de las narraciones, pues les viene por herencia desde sus abuelos el estigma de la mancha de tinta,&hellip;\" \/>\n<meta property=\"og:url\" content=\"https:\/\/eladd.org\/en\/other-authors\/isabel-carrasquilla\/\" \/>\n<meta property=\"og:site_name\" content=\"Eladd En\" \/>\n<meta property=\"og:image\" content=\"https:\/\/eladd.org\/wp-content\/uploads\/2018\/04\/isabel.png\" \/>\n<meta name=\"twitter:card\" content=\"summary_large_image\" \/>\n<meta name=\"twitter:label1\" content=\"Est. reading time\" \/>\n\t<meta name=\"twitter:data1\" content=\"8 minutes\" \/>\n<script type=\"application\/ld+json\" class=\"yoast-schema-graph\">{\"@context\":\"https:\/\/schema.org\",\"@graph\":[{\"@type\":\"WebPage\",\"@id\":\"https:\/\/eladd.org\/en\/other-authors\/isabel-carrasquilla\/\",\"url\":\"https:\/\/eladd.org\/en\/other-authors\/isabel-carrasquilla\/\",\"name\":\"Isabel Carrasquilla - Eladd En\",\"isPartOf\":{\"@id\":\"https:\/\/eladd.org\/en\/#website\"},\"primaryImageOfPage\":{\"@id\":\"https:\/\/eladd.org\/en\/other-authors\/isabel-carrasquilla\/#primaryimage\"},\"image\":{\"@id\":\"https:\/\/eladd.org\/en\/other-authors\/isabel-carrasquilla\/#primaryimage\"},\"thumbnailUrl\":\"https:\/\/eladd.org\/wp-content\/uploads\/2018\/04\/isabel.png\",\"datePublished\":\"2018-09-06T17:15:13+00:00\",\"breadcrumb\":{\"@id\":\"https:\/\/eladd.org\/en\/other-authors\/isabel-carrasquilla\/#breadcrumb\"},\"inLanguage\":\"en-US\",\"potentialAction\":[{\"@type\":\"ReadAction\",\"target\":[\"https:\/\/eladd.org\/en\/other-authors\/isabel-carrasquilla\/\"]}]},{\"@type\":\"ImageObject\",\"inLanguage\":\"en-US\",\"@id\":\"https:\/\/eladd.org\/en\/other-authors\/isabel-carrasquilla\/#primaryimage\",\"url\":\"https:\/\/eladd.org\/wp-content\/uploads\/2018\/04\/isabel.png\",\"contentUrl\":\"https:\/\/eladd.org\/wp-content\/uploads\/2018\/04\/isabel.png\"},{\"@type\":\"BreadcrumbList\",\"@id\":\"https:\/\/eladd.org\/en\/other-authors\/isabel-carrasquilla\/#breadcrumb\",\"itemListElement\":[{\"@type\":\"ListItem\",\"position\":1,\"name\":\"Home\",\"item\":\"https:\/\/eladd.org\/en\/\"},{\"@type\":\"ListItem\",\"position\":2,\"name\":\"Other Authors\",\"item\":\"https:\/\/eladd.org\/en\/other-authors\/\"},{\"@type\":\"ListItem\",\"position\":3,\"name\":\"Isabel Carrasquilla\"}]},{\"@type\":\"WebSite\",\"@id\":\"https:\/\/eladd.org\/en\/#website\",\"url\":\"https:\/\/eladd.org\/en\/\",\"name\":\"Eladd En\",\"description\":\"Ninteenth-Century Latin American Women Writers\",\"publisher\":{\"@id\":\"https:\/\/eladd.org\/en\/#organization\"},\"potentialAction\":[{\"@type\":\"SearchAction\",\"target\":{\"@type\":\"EntryPoint\",\"urlTemplate\":\"https:\/\/eladd.org\/en\/?s={search_term_string}\"},\"query-input\":{\"@type\":\"PropertyValueSpecification\",\"valueRequired\":true,\"valueName\":\"search_term_string\"}}],\"inLanguage\":\"en-US\"},{\"@type\":\"Organization\",\"@id\":\"https:\/\/eladd.org\/en\/#organization\",\"name\":\"Eladd En\",\"url\":\"https:\/\/eladd.org\/en\/\",\"logo\":{\"@type\":\"ImageObject\",\"inLanguage\":\"en-US\",\"@id\":\"https:\/\/eladd.org\/en\/#\/schema\/logo\/image\/\",\"url\":\"https:\/\/eladd.org\/en\/wp-content\/uploads\/sites\/2\/2025\/07\/logo-eladd.png\",\"contentUrl\":\"https:\/\/eladd.org\/en\/wp-content\/uploads\/sites\/2\/2025\/07\/logo-eladd.png\",\"width\":324,\"height\":77,\"caption\":\"Eladd En\"},\"image\":{\"@id\":\"https:\/\/eladd.org\/en\/#\/schema\/logo\/image\/\"}}]}<\/script>\n<!-- \/ Yoast SEO plugin. -->","yoast_head_json":{"title":"Isabel Carrasquilla - Eladd En","robots":{"index":"index","follow":"follow","max-snippet":"max-snippet:-1","max-image-preview":"max-image-preview:large","max-video-preview":"max-video-preview:-1"},"canonical":"https:\/\/eladd.org\/en\/other-authors\/isabel-carrasquilla\/","og_locale":"en_US","og_type":"article","og_title":"Isabel Carrasquilla - Eladd En","og_description":"&ldquo;Como s&eacute; que mis nietos todos, Arangos e Isazas, Restrepos y Mej&iacute;as, son aficionados a la lectura, y los m&aacute;s peque&ntilde;os, amigos de las narraciones, pues les viene por herencia desde sus abuelos el estigma de la mancha de tinta,&hellip;","og_url":"https:\/\/eladd.org\/en\/other-authors\/isabel-carrasquilla\/","og_site_name":"Eladd En","og_image":[{"url":"https:\/\/eladd.org\/wp-content\/uploads\/2018\/04\/isabel.png","type":"","width":"","height":""}],"twitter_card":"summary_large_image","twitter_misc":{"Est. reading time":"8 minutes"},"schema":{"@context":"https:\/\/schema.org","@graph":[{"@type":"WebPage","@id":"https:\/\/eladd.org\/en\/other-authors\/isabel-carrasquilla\/","url":"https:\/\/eladd.org\/en\/other-authors\/isabel-carrasquilla\/","name":"Isabel Carrasquilla - Eladd En","isPartOf":{"@id":"https:\/\/eladd.org\/en\/#website"},"primaryImageOfPage":{"@id":"https:\/\/eladd.org\/en\/other-authors\/isabel-carrasquilla\/#primaryimage"},"image":{"@id":"https:\/\/eladd.org\/en\/other-authors\/isabel-carrasquilla\/#primaryimage"},"thumbnailUrl":"https:\/\/eladd.org\/wp-content\/uploads\/2018\/04\/isabel.png","datePublished":"2018-09-06T17:15:13+00:00","breadcrumb":{"@id":"https:\/\/eladd.org\/en\/other-authors\/isabel-carrasquilla\/#breadcrumb"},"inLanguage":"en-US","potentialAction":[{"@type":"ReadAction","target":["https:\/\/eladd.org\/en\/other-authors\/isabel-carrasquilla\/"]}]},{"@type":"ImageObject","inLanguage":"en-US","@id":"https:\/\/eladd.org\/en\/other-authors\/isabel-carrasquilla\/#primaryimage","url":"https:\/\/eladd.org\/wp-content\/uploads\/2018\/04\/isabel.png","contentUrl":"https:\/\/eladd.org\/wp-content\/uploads\/2018\/04\/isabel.png"},{"@type":"BreadcrumbList","@id":"https:\/\/eladd.org\/en\/other-authors\/isabel-carrasquilla\/#breadcrumb","itemListElement":[{"@type":"ListItem","position":1,"name":"Home","item":"https:\/\/eladd.org\/en\/"},{"@type":"ListItem","position":2,"name":"Other Authors","item":"https:\/\/eladd.org\/en\/other-authors\/"},{"@type":"ListItem","position":3,"name":"Isabel Carrasquilla"}]},{"@type":"WebSite","@id":"https:\/\/eladd.org\/en\/#website","url":"https:\/\/eladd.org\/en\/","name":"Eladd En","description":"Ninteenth-Century Latin American Women Writers","publisher":{"@id":"https:\/\/eladd.org\/en\/#organization"},"potentialAction":[{"@type":"SearchAction","target":{"@type":"EntryPoint","urlTemplate":"https:\/\/eladd.org\/en\/?s={search_term_string}"},"query-input":{"@type":"PropertyValueSpecification","valueRequired":true,"valueName":"search_term_string"}}],"inLanguage":"en-US"},{"@type":"Organization","@id":"https:\/\/eladd.org\/en\/#organization","name":"Eladd En","url":"https:\/\/eladd.org\/en\/","logo":{"@type":"ImageObject","inLanguage":"en-US","@id":"https:\/\/eladd.org\/en\/#\/schema\/logo\/image\/","url":"https:\/\/eladd.org\/en\/wp-content\/uploads\/sites\/2\/2025\/07\/logo-eladd.png","contentUrl":"https:\/\/eladd.org\/en\/wp-content\/uploads\/sites\/2\/2025\/07\/logo-eladd.png","width":324,"height":77,"caption":"Eladd En"},"image":{"@id":"https:\/\/eladd.org\/en\/#\/schema\/logo\/image\/"}}]}},"_links":{"self":[{"href":"https:\/\/eladd.org\/en\/wp-json\/wp\/v2\/pages\/1056","targetHints":{"allow":["GET"]}}],"collection":[{"href":"https:\/\/eladd.org\/en\/wp-json\/wp\/v2\/pages"}],"about":[{"href":"https:\/\/eladd.org\/en\/wp-json\/wp\/v2\/types\/page"}],"author":[{"embeddable":true,"href":"https:\/\/eladd.org\/en\/wp-json\/wp\/v2\/users\/2"}],"replies":[{"embeddable":true,"href":"https:\/\/eladd.org\/en\/wp-json\/wp\/v2\/comments?post=1056"}],"version-history":[{"count":1,"href":"https:\/\/eladd.org\/en\/wp-json\/wp\/v2\/pages\/1056\/revisions"}],"predecessor-version":[{"id":1058,"href":"https:\/\/eladd.org\/en\/wp-json\/wp\/v2\/pages\/1056\/revisions\/1058"}],"up":[{"embeddable":true,"href":"https:\/\/eladd.org\/en\/wp-json\/wp\/v2\/pages\/98"}],"wp:attachment":[{"href":"https:\/\/eladd.org\/en\/wp-json\/wp\/v2\/media?parent=1056"}],"curies":[{"name":"wp","href":"https:\/\/api.w.org\/{rel}","templated":true}]}}