{"id":106,"date":"2014-07-02T20:21:00","date_gmt":"2014-07-02T20:21:00","guid":{"rendered":"https:\/\/eladd.org\/en\/?page_id=106"},"modified":"2025-11-12T03:00:38","modified_gmt":"2025-11-12T03:00:38","slug":"photos","status":"publish","type":"page","link":"https:\/\/eladd.org\/en\/photos\/","title":{"rendered":"Photos"},"content":{"rendered":"<div class=\"wpb-content-wrapper\">[vc_row full_width=&#8221;stretch_row&#8221; bg_style=&#8221;repeat&#8221; el_id=&#8221;photos&#8221; css=&#8221;.vc_custom_1762916433889{background-position: 0 0 !important;background-repeat: repeat !important;}&#8221;][vc_column][vc_column_text el_class=&#8221;seccion__titulo&#8221;]\n<h1 style=\"text-align: center;\">Photos<\/h1>\n<p><img loading=\"lazy\" decoding=\"async\" class=\"aligncenter size-full wp-image-659\" src=\"https:\/\/eladd.org\/en\/wp-content\/uploads\/sites\/2\/2015\/09\/icon-space.png\" alt=\"icon-space\" width=\"150\" height=\"8\" \/>[\/vc_column_text][vc_column_text el_class=&#8221;seccion__titulo&#8221;]\n<h3>Year 2019<br \/>\n<img loading=\"lazy\" decoding=\"async\" class=\"alignleft size-full wp-image-741\" src=\"https:\/\/eladd.org\/en\/wp-content\/uploads\/sites\/2\/2014\/07\/titulos-puntos.png\" alt=\"titulos-puntos\" width=\"66\" height=\"5\" \/><\/h3>\n[\/vc_column_text][vc_column_text css=&#8221;.vc_custom_1594079318511{background-image: url(https:\/\/eladd.org\/en\/wp-content\/uploads\/sites\/2\/2014\/07\/icon-check-verde.png?id=744) !important;}&#8221; el_class=&#8221;seccion__texto seccion__texto&#8211;verde lista-icon&#8221;]<a href=\"https:\/\/eladd.org\/en\/the-nineteenth-century-in-2019-mapping-womens-writing-in-the-long-nineteenth-century\/\">&#8220;The Nineteenth Century in 2019: Mapping Women\u2019s Writing in the Long Nineteenth Century&#8221;. California State University, Long Beach \u2013 April 26-27<\/a>[\/vc_column_text][vc_column_text el_class=&#8221;seccion__titulo&#8221;]\n<h3>Year 2016<br \/>\n<img loading=\"lazy\" decoding=\"async\" class=\"alignleft size-full wp-image-741\" src=\"https:\/\/eladd.org\/en\/wp-content\/uploads\/sites\/2\/2014\/07\/titulos-puntos.png\" alt=\"titulos-puntos\" width=\"66\" height=\"5\" \/><\/h3>\n[\/vc_column_text][vc_column_text css=&#8221;.vc_custom_1542213924419{background-image: url(https:\/\/eladd.org\/en\/wp-content\/uploads\/sites\/2\/2014\/07\/icon-check-verde.png?id=744) !important;}&#8221; el_class=&#8221;seccion__texto seccion__texto&#8211;verde lista-icon&#8221;]<a href=\"https:\/\/eladd.org\/en\/flora-tristan-y-la-construccion-de-la-mujer-mesias\/\"> &#8220;Flora Trist\u00e1n y la construcci\u00f3n de la mujer mes\u00edas. An\u00e1lisis de la formaci\u00f3n de su pensamiento a partir de sus primeros escritos&#8221;. M\u00f3nica C\u00e1rdenas Moreno. Universit\u00e9 de Bretagne-Sud <\/a>[\/vc_column_text][vc_column_text css=&#8221;.vc_custom_1542214258078{background-image: url(https:\/\/eladd.org\/en\/wp-content\/uploads\/sites\/2\/2014\/07\/icon-check-verde.png?id=744) !important;}&#8221; el_class=&#8221;seccion__texto seccion__texto&#8211;verde lista-icon&#8221;]<a href=\"https:\/\/eladd.org\/en\/maternidad-y-nacion-en-chile-reversos-liberales-en-la-cultura-impresa-del-siglo\/\"> &#8220;Maternidad y naci\u00f3n en Chile: reversos liberales en la cultura impresa del siglo&#8221;, Carlos Arcos Herrera. Centro de Estudios Culturales Latinoamericanos. Facultad de Filosof\u00eda y Humanidades. Universidad de Chile. <\/a>[\/vc_column_text][vc_column_text el_class=&#8221;seccion__titulo&#8221;]\n<h3>Year 2015<br \/>\n<img loading=\"lazy\" decoding=\"async\" class=\"alignleft size-full wp-image-741\" src=\"https:\/\/eladd.org\/en\/wp-content\/uploads\/sites\/2\/2014\/07\/titulos-puntos.png\" alt=\"titulos-puntos\" width=\"66\" height=\"5\" \/><\/h3>\n[\/vc_column_text][vc_column_text css=&#8221;.vc_custom_1542217846202{background-image: url(https:\/\/eladd.org\/en\/wp-content\/uploads\/sites\/2\/2014\/07\/icon-check-verde.png?id=744) !important;}&#8221; el_class=&#8221;seccion__texto seccion__texto&#8211;verde lista-icon&#8221;]<a href=\"https:\/\/eladd.org\/en\/v-seminario-internacional-eladd-escritoras-latinoamericanas-del-diecinueve-coleccion-virtual\/\">V Seminario Internacional ELADD: Escritoras Latinoamericanas del Diecinueve &#8211; Colecci\u00f3n Virtual. Presentaci\u00f3n del Libro: No hay naci\u00f3n para este sexo. La Re(d)p\u00fablica transatl\u00e1ntica de las Letras: escritoras espa\u00f1olas y latinoamericanas (1824-1936) <\/a>[\/vc_column_text][vc_column_text css=&#8221;.vc_custom_1542217831288{background-image: url(https:\/\/eladd.org\/en\/wp-content\/uploads\/sites\/2\/2014\/07\/icon-check-verde.png?id=744) !important;}&#8221; el_class=&#8221;seccion__texto seccion__texto&#8211;verde lista-icon&#8221;]<a href=\"https:\/\/eladd.org\/en\/v-seminario-internacional-por-ser-mujer-y-autora\/\"> V Seminario Internacional &#8220;Por ser mujer y autora&#8230;Redes culturales de escritoras espa\u00f1olas y latinoamericanas (1824-1936)&#8221; <\/a>[\/vc_column_text][vc_column_text css=&#8221;.vc_custom_1542218783069{background-image: url(https:\/\/eladd.org\/en\/wp-content\/uploads\/sites\/2\/2014\/07\/icon-check-verde.png?id=744) !important;}&#8221; el_class=&#8221;seccion__texto seccion__texto&#8211;verde lista-icon&#8221;]<a href=\"https:\/\/eladd.org\/en\/imaginarios-sujetos-sociales-y-narrativa-literaria-en-lima\/\"> Imaginarios, sujetos sociales y narrativa literaria en Lima (1780-1930), Marcel Vel\u00e1zquez Castro, Universidad Nacional Mayor de San Marcos, Pontificia Universidad Cat\u00f3lica del Per\u00fa. <\/a>[\/vc_column_text][vc_column_text css=&#8221;.vc_custom_1542218802730{background-image: url(https:\/\/eladd.org\/en\/wp-content\/uploads\/sites\/2\/2014\/07\/icon-check-verde.png?id=744) !important;}&#8221; el_class=&#8221;seccion__texto seccion__texto&#8211;verde lista-icon&#8221;]<a href=\"https:\/\/eladd.org\/en\/femmes-en-mouvement-histoires-conflits-ecritures\/\"> Femmes en mouvement : histoires, conflits \u00e9critures (P\u00e9rou, XIX-XXI si\u00e8cles), Journ\u00e9es d&#8217;\u00e9tude <\/a>[\/vc_column_text][vc_column_text el_class=&#8221;seccion__titulo&#8221;]\n<h3>Year 2013<br \/>\n<img loading=\"lazy\" decoding=\"async\" class=\"alignleft size-full wp-image-741\" src=\"https:\/\/eladd.org\/en\/wp-content\/uploads\/sites\/2\/2014\/07\/titulos-puntos.png\" alt=\"titulos-puntos\" width=\"66\" height=\"5\" \/><\/h3>\n[\/vc_column_text][vc_column_text css=&#8221;.vc_custom_1446846980846{background-image: url(https:\/\/eladd.org\/en\/wp-content\/uploads\/sites\/2\/2014\/07\/icon-check-verde.png?id=744) !important;}&#8221; el_class=&#8221;seccion__texto seccion__texto&#8211;verde lista-icon&#8221;]<a href=\"\/en\/ii-international-congress-peru-xix-prensa-narraciones-e-imagenes-en-america-latina-pontificia-universidad-catolica-del-peru-universidad-nacional-mayor-de-san-marcos-instituto-riva-aguero-lima\/\">II International Congress Peru XIX. Prensa, narraciones e im\u00e1genes en Am\u00e9rica Latina. Pontificia Universidad Cat\u00f3lica del Per\u00fa, Universidad Nacional Mayor de San Marcos, Instituto Riva Ag\u00fcero. Lima<\/a>[\/vc_column_text][vc_column_text css=&#8221;.vc_custom_1446846992557{background-image: url(https:\/\/eladd.org\/en\/wp-content\/uploads\/sites\/2\/2014\/07\/icon-check-verde.png?id=744) !important;}&#8221; el_class=&#8221;seccion__texto seccion__texto&#8211;verde lista-icon&#8221;]<a href=\"\/en\/lecture-series-xix-century-latin-american-women-writers-csulb-with-adriana-mendez-rodenas-pura-fernandez-y-francesca-denegri\/\">Lecture Series: XIX Century Latin American Women Writers. CSULB with Adriana M\u00e9ndez-Rodenas, Pura Fern\u00e1ndez y Francesca Denegri.<\/a>[\/vc_column_text][vc_column_text el_class=&#8221;seccion__titulo&#8221;]\n<h3>Year 2012<br \/>\n<img loading=\"lazy\" decoding=\"async\" class=\"alignleft size-full wp-image-741\" src=\"https:\/\/eladd.org\/en\/wp-content\/uploads\/sites\/2\/2014\/07\/titulos-puntos.png\" alt=\"titulos-puntos\" width=\"66\" height=\"5\" \/><\/h3>\n[\/vc_column_text][vc_column_text css=&#8221;.vc_custom_1446847090948{background-image: url(https:\/\/eladd.org\/en\/wp-content\/uploads\/sites\/2\/2014\/07\/icon-check-verde.png?id=744) !important;}&#8221; el_class=&#8221;seccion__texto seccion__texto&#8211;verde lista-icon&#8221;]<a href=\"\/en\/iv-international-seminar-redes-publicas-relaciones-editoriales-la-red-publica-de-las-letras-transatlanticas-eladd-project-presentation\/\">IV International Seminar: Redes p\u00fablicas, relaciones editoriales: la Re(d) p\u00fablica de las Letras Transatl\u00e1nticas. Eladd Project Presentation.<\/a>[\/vc_column_text][vc_column_text el_class=&#8221;seccion__titulo&#8221;]\n<h3>Year 2010<br \/>\n<img loading=\"lazy\" decoding=\"async\" class=\"alignleft size-full wp-image-741\" src=\"https:\/\/eladd.org\/en\/wp-content\/uploads\/sites\/2\/2014\/07\/titulos-puntos.png\" alt=\"titulos-puntos\" width=\"66\" height=\"5\" \/><\/h3>\n[\/vc_column_text][vc_column_text css=&#8221;.vc_custom_1446847139292{background-image: url(https:\/\/eladd.org\/en\/wp-content\/uploads\/sites\/2\/2014\/07\/icon-check-verde.png?id=744) !important;}&#8221; el_class=&#8221;seccion__texto seccion__texto&#8211;verde lista-icon&#8221;]<a href=\"\/en\/conversatorio-sobre-el-libro-cien-anos-despues-usmp-lima-peru\/\">Conversatory about the book Cien a\u00f1os despu\u00e9s: La literatura de mujeres en Am\u00e9rica Latina: El legado de Mercedes Cabello de Carbonera y Clorinda Matto de Turner. Universidad de San Martin de Porres, Lima.<\/a>[\/vc_column_text][vc_column_text css=&#8221;.vc_custom_1446847183947{background-image: url(https:\/\/eladd.org\/en\/wp-content\/uploads\/sites\/2\/2014\/07\/icon-check-verde.png?id=744) !important;}&#8221; el_class=&#8221;seccion__texto seccion__texto&#8211;verde lista-icon&#8221;]<a href=\"\/en\/presentacion-del-libro-cien-anos-despues-csulb-long-beach\/\">Book Presentation Cien a\u00f1os despu\u00e9s. La literatura de mujeres en Am\u00e9rica Latina: El legado de Mercedes Cabello de Carbonera y Clorinda Matto de Turner. California State University, Long Beach.<\/a>[\/vc_column_text][vc_column_text el_class=&#8221;seccion__titulo&#8221;]\n<h3>Year 2009<br \/>\n<img loading=\"lazy\" decoding=\"async\" class=\"alignleft size-full wp-image-741\" src=\"https:\/\/eladd.org\/en\/wp-content\/uploads\/sites\/2\/2014\/07\/titulos-puntos.png\" alt=\"titulos-puntos\" width=\"66\" height=\"5\" \/><\/h3>\n[\/vc_column_text][vc_column_text css=&#8221;.vc_custom_1446847243720{background-image: url(https:\/\/eladd.org\/en\/wp-content\/uploads\/sites\/2\/2014\/07\/icon-check-verde.png?id=744) !important;}&#8221; el_class=&#8221;seccion__texto seccion__texto&#8211;verde lista-icon&#8221;]<a href=\"\/en\/coloquio-interdisciplinario-de-estudiantes-graduados-cien-anos-despues-csulb-mayo-2009\/\">Interdisciplinary Graduate Student Colloquium: Cien a\u00f1os despu\u00e9s. La literatura de mujeres en Am\u00e9rica Latina: El legado de Mercedes Cabello de Carbonera y Clorinda Matto de Turner. California State University, Long Beach.<\/a>[\/vc_column_text][vc_column_text css=&#8221;.vc_custom_1446847266827{background-image: url(https:\/\/eladd.org\/en\/wp-content\/uploads\/sites\/2\/2014\/07\/icon-check-verde.png?id=744) !important;}&#8221; el_class=&#8221;seccion__texto seccion__texto&#8211;verde lista-icon&#8221;]<a href=\"\/en\/seminario-escritoras-del-siglo-xix-cemhal-lima-peru\/\">Seminar: XIX Century Women Writers in Latin America. Center of Studies of Women in the History of Latin America (CEMHAL). Lima, Peru.<\/a>[\/vc_column_text][vc_single_image image=&#8221;660&#8243; alignment=&#8221;center&#8221; css=&#8221;.vc_custom_1542211919226{margin-top: 35px !important;margin-bottom: 35px !important;}&#8221;][\/vc_column][\/vc_row]\n<\/div>","protected":false},"excerpt":{"rendered":"<p>[vc_row full_width=&rdquo;stretch_row&rdquo; bg_style=&rdquo;repeat&rdquo; el_id=&rdquo;photos&rdquo; css=&rdquo;.vc_custom_1762916433889{background-position: 0 0 !important;background-repeat: repeat !important;}&rdquo;][vc_column][vc_column_text el_class=&rdquo;seccion__titulo&rdquo;] Photos [\/vc_column_text][vc_column_text el_class=&rdquo;seccion__titulo&rdquo;] Year 2019 [\/vc_column_text][vc_column_text css=&rdquo;.vc_custom_1594079318511{background-image: url(https:\/\/eladd.org\/en\/wp-content\/uploads\/sites\/2\/2014\/07\/icon-check-verde.png?id=744) !important;}&rdquo; el_class=&rdquo;seccion__texto seccion__texto&ndash;verde lista-icon&rdquo;]&ldquo;The Nineteenth Century in 2019: Mapping Women&rsquo;s Writing in the Long Nineteenth Century&rdquo;. California State University, Long Beach&hellip;<\/p>\n","protected":false},"author":1,"featured_media":0,"parent":0,"menu_order":0,"comment_status":"closed","ping_status":"closed","template":"","meta":{"footnotes":""},"class_list":["post-106","page","type-page","status-publish","hentry","entry","no-media"],"yoast_head":"<!-- This site is optimized with the Yoast SEO plugin v26.1.1 - https:\/\/yoast.com\/wordpress\/plugins\/seo\/ -->\n<title>Photos - Eladd En<\/title>\n<meta name=\"robots\" content=\"index, follow, max-snippet:-1, max-image-preview:large, max-video-preview:-1\" \/>\n<link rel=\"canonical\" href=\"https:\/\/eladd.org\/en\/photos\/\" \/>\n<meta property=\"og:locale\" content=\"en_US\" \/>\n<meta property=\"og:type\" content=\"article\" \/>\n<meta property=\"og:title\" content=\"Photos - Eladd En\" \/>\n<meta property=\"og:description\" content=\"[vc_row full_width=&rdquo;stretch_row&rdquo; bg_style=&rdquo;repeat&rdquo; el_id=&rdquo;photos&rdquo; css=&rdquo;.vc_custom_1762916433889{background-position: 0 0 !important;background-repeat: repeat !important;}&rdquo;][vc_column][vc_column_text el_class=&rdquo;seccion__titulo&rdquo;] Photos [\/vc_column_text][vc_column_text el_class=&rdquo;seccion__titulo&rdquo;] Year 2019 [\/vc_column_text][vc_column_text css=&rdquo;.vc_custom_1594079318511{background-image: url(https:\/\/eladd.org\/en\/wp-content\/uploads\/sites\/2\/2014\/07\/icon-check-verde.png?id=744) !important;}&rdquo; el_class=&rdquo;seccion__texto seccion__texto&ndash;verde lista-icon&rdquo;]&ldquo;The Nineteenth Century in 2019: Mapping Women&rsquo;s Writing in the Long Nineteenth Century&rdquo;. California State University, Long Beach&hellip;\" \/>\n<meta property=\"og:url\" content=\"https:\/\/eladd.org\/en\/photos\/\" \/>\n<meta property=\"og:site_name\" content=\"Eladd En\" \/>\n<meta property=\"article:modified_time\" content=\"2025-11-12T03:00:38+00:00\" \/>\n<meta property=\"og:image\" content=\"https:\/\/eladd.org\/en\/wp-content\/uploads\/sites\/2\/2015\/09\/icon-space.png\" \/>\n\t<meta property=\"og:image:width\" content=\"150\" \/>\n\t<meta property=\"og:image:height\" content=\"8\" \/>\n\t<meta property=\"og:image:type\" content=\"image\/png\" \/>\n<meta name=\"twitter:card\" content=\"summary_large_image\" \/>\n<meta name=\"twitter:label1\" content=\"Est. reading time\" \/>\n\t<meta name=\"twitter:data1\" content=\"5 minutes\" \/>\n<script type=\"application\/ld+json\" class=\"yoast-schema-graph\">{\"@context\":\"https:\/\/schema.org\",\"@graph\":[{\"@type\":\"WebPage\",\"@id\":\"https:\/\/eladd.org\/en\/photos\/\",\"url\":\"https:\/\/eladd.org\/en\/photos\/\",\"name\":\"Photos - Eladd En\",\"isPartOf\":{\"@id\":\"https:\/\/eladd.org\/en\/#website\"},\"primaryImageOfPage\":{\"@id\":\"https:\/\/eladd.org\/en\/photos\/#primaryimage\"},\"image\":{\"@id\":\"https:\/\/eladd.org\/en\/photos\/#primaryimage\"},\"thumbnailUrl\":\"https:\/\/eladd.org\/en\/wp-content\/uploads\/sites\/2\/2015\/09\/icon-space.png\",\"datePublished\":\"2014-07-02T20:21:00+00:00\",\"dateModified\":\"2025-11-12T03:00:38+00:00\",\"breadcrumb\":{\"@id\":\"https:\/\/eladd.org\/en\/photos\/#breadcrumb\"},\"inLanguage\":\"en-US\",\"potentialAction\":[{\"@type\":\"ReadAction\",\"target\":[\"https:\/\/eladd.org\/en\/photos\/\"]}]},{\"@type\":\"ImageObject\",\"inLanguage\":\"en-US\",\"@id\":\"https:\/\/eladd.org\/en\/photos\/#primaryimage\",\"url\":\"https:\/\/eladd.org\/en\/wp-content\/uploads\/sites\/2\/2015\/09\/icon-space.png\",\"contentUrl\":\"https:\/\/eladd.org\/en\/wp-content\/uploads\/sites\/2\/2015\/09\/icon-space.png\",\"width\":150,\"height\":8},{\"@type\":\"BreadcrumbList\",\"@id\":\"https:\/\/eladd.org\/en\/photos\/#breadcrumb\",\"itemListElement\":[{\"@type\":\"ListItem\",\"position\":1,\"name\":\"Home\",\"item\":\"https:\/\/eladd.org\/en\/\"},{\"@type\":\"ListItem\",\"position\":2,\"name\":\"Photos\"}]},{\"@type\":\"WebSite\",\"@id\":\"https:\/\/eladd.org\/en\/#website\",\"url\":\"https:\/\/eladd.org\/en\/\",\"name\":\"Eladd En\",\"description\":\"Ninteenth-Century Latin American Women Writers\",\"publisher\":{\"@id\":\"https:\/\/eladd.org\/en\/#organization\"},\"potentialAction\":[{\"@type\":\"SearchAction\",\"target\":{\"@type\":\"EntryPoint\",\"urlTemplate\":\"https:\/\/eladd.org\/en\/?s={search_term_string}\"},\"query-input\":{\"@type\":\"PropertyValueSpecification\",\"valueRequired\":true,\"valueName\":\"search_term_string\"}}],\"inLanguage\":\"en-US\"},{\"@type\":\"Organization\",\"@id\":\"https:\/\/eladd.org\/en\/#organization\",\"name\":\"Eladd En\",\"url\":\"https:\/\/eladd.org\/en\/\",\"logo\":{\"@type\":\"ImageObject\",\"inLanguage\":\"en-US\",\"@id\":\"https:\/\/eladd.org\/en\/#\/schema\/logo\/image\/\",\"url\":\"https:\/\/eladd.org\/en\/wp-content\/uploads\/sites\/2\/2025\/07\/logo-eladd.png\",\"contentUrl\":\"https:\/\/eladd.org\/en\/wp-content\/uploads\/sites\/2\/2025\/07\/logo-eladd.png\",\"width\":324,\"height\":77,\"caption\":\"Eladd En\"},\"image\":{\"@id\":\"https:\/\/eladd.org\/en\/#\/schema\/logo\/image\/\"}}]}<\/script>\n<!-- \/ Yoast SEO plugin. -->","yoast_head_json":{"title":"Photos - Eladd En","robots":{"index":"index","follow":"follow","max-snippet":"max-snippet:-1","max-image-preview":"max-image-preview:large","max-video-preview":"max-video-preview:-1"},"canonical":"https:\/\/eladd.org\/en\/photos\/","og_locale":"en_US","og_type":"article","og_title":"Photos - Eladd En","og_description":"[vc_row full_width=&rdquo;stretch_row&rdquo; bg_style=&rdquo;repeat&rdquo; el_id=&rdquo;photos&rdquo; css=&rdquo;.vc_custom_1762916433889{background-position: 0 0 !important;background-repeat: repeat !important;}&rdquo;][vc_column][vc_column_text el_class=&rdquo;seccion__titulo&rdquo;] Photos [\/vc_column_text][vc_column_text el_class=&rdquo;seccion__titulo&rdquo;] Year 2019 [\/vc_column_text][vc_column_text css=&rdquo;.vc_custom_1594079318511{background-image: url(https:\/\/eladd.org\/en\/wp-content\/uploads\/sites\/2\/2014\/07\/icon-check-verde.png?id=744) !important;}&rdquo; el_class=&rdquo;seccion__texto seccion__texto&ndash;verde lista-icon&rdquo;]&ldquo;The Nineteenth Century in 2019: Mapping Women&rsquo;s Writing in the Long Nineteenth Century&rdquo;. California State University, Long Beach&hellip;","og_url":"https:\/\/eladd.org\/en\/photos\/","og_site_name":"Eladd En","article_modified_time":"2025-11-12T03:00:38+00:00","og_image":[{"width":150,"height":8,"url":"https:\/\/eladd.org\/en\/wp-content\/uploads\/sites\/2\/2015\/09\/icon-space.png","type":"image\/png"}],"twitter_card":"summary_large_image","twitter_misc":{"Est. reading time":"5 minutes"},"schema":{"@context":"https:\/\/schema.org","@graph":[{"@type":"WebPage","@id":"https:\/\/eladd.org\/en\/photos\/","url":"https:\/\/eladd.org\/en\/photos\/","name":"Photos - Eladd En","isPartOf":{"@id":"https:\/\/eladd.org\/en\/#website"},"primaryImageOfPage":{"@id":"https:\/\/eladd.org\/en\/photos\/#primaryimage"},"image":{"@id":"https:\/\/eladd.org\/en\/photos\/#primaryimage"},"thumbnailUrl":"https:\/\/eladd.org\/en\/wp-content\/uploads\/sites\/2\/2015\/09\/icon-space.png","datePublished":"2014-07-02T20:21:00+00:00","dateModified":"2025-11-12T03:00:38+00:00","breadcrumb":{"@id":"https:\/\/eladd.org\/en\/photos\/#breadcrumb"},"inLanguage":"en-US","potentialAction":[{"@type":"ReadAction","target":["https:\/\/eladd.org\/en\/photos\/"]}]},{"@type":"ImageObject","inLanguage":"en-US","@id":"https:\/\/eladd.org\/en\/photos\/#primaryimage","url":"https:\/\/eladd.org\/en\/wp-content\/uploads\/sites\/2\/2015\/09\/icon-space.png","contentUrl":"https:\/\/eladd.org\/en\/wp-content\/uploads\/sites\/2\/2015\/09\/icon-space.png","width":150,"height":8},{"@type":"BreadcrumbList","@id":"https:\/\/eladd.org\/en\/photos\/#breadcrumb","itemListElement":[{"@type":"ListItem","position":1,"name":"Home","item":"https:\/\/eladd.org\/en\/"},{"@type":"ListItem","position":2,"name":"Photos"}]},{"@type":"WebSite","@id":"https:\/\/eladd.org\/en\/#website","url":"https:\/\/eladd.org\/en\/","name":"Eladd En","description":"Ninteenth-Century Latin American Women Writers","publisher":{"@id":"https:\/\/eladd.org\/en\/#organization"},"potentialAction":[{"@type":"SearchAction","target":{"@type":"EntryPoint","urlTemplate":"https:\/\/eladd.org\/en\/?s={search_term_string}"},"query-input":{"@type":"PropertyValueSpecification","valueRequired":true,"valueName":"search_term_string"}}],"inLanguage":"en-US"},{"@type":"Organization","@id":"https:\/\/eladd.org\/en\/#organization","name":"Eladd En","url":"https:\/\/eladd.org\/en\/","logo":{"@type":"ImageObject","inLanguage":"en-US","@id":"https:\/\/eladd.org\/en\/#\/schema\/logo\/image\/","url":"https:\/\/eladd.org\/en\/wp-content\/uploads\/sites\/2\/2025\/07\/logo-eladd.png","contentUrl":"https:\/\/eladd.org\/en\/wp-content\/uploads\/sites\/2\/2025\/07\/logo-eladd.png","width":324,"height":77,"caption":"Eladd En"},"image":{"@id":"https:\/\/eladd.org\/en\/#\/schema\/logo\/image\/"}}]}},"_links":{"self":[{"href":"https:\/\/eladd.org\/en\/wp-json\/wp\/v2\/pages\/106","targetHints":{"allow":["GET"]}}],"collection":[{"href":"https:\/\/eladd.org\/en\/wp-json\/wp\/v2\/pages"}],"about":[{"href":"https:\/\/eladd.org\/en\/wp-json\/wp\/v2\/types\/page"}],"author":[{"embeddable":true,"href":"https:\/\/eladd.org\/en\/wp-json\/wp\/v2\/users\/1"}],"replies":[{"embeddable":true,"href":"https:\/\/eladd.org\/en\/wp-json\/wp\/v2\/comments?post=106"}],"version-history":[{"count":29,"href":"https:\/\/eladd.org\/en\/wp-json\/wp\/v2\/pages\/106\/revisions"}],"predecessor-version":[{"id":24753,"href":"https:\/\/eladd.org\/en\/wp-json\/wp\/v2\/pages\/106\/revisions\/24753"}],"wp:attachment":[{"href":"https:\/\/eladd.org\/en\/wp-json\/wp\/v2\/media?parent=106"}],"curies":[{"name":"wp","href":"https:\/\/api.w.org\/{rel}","templated":true}]}}