{"id":141,"date":"2014-07-03T14:13:51","date_gmt":"2014-07-03T14:13:51","guid":{"rendered":"https:\/\/eladd.org\/en\/?page_id=141"},"modified":"2014-07-03T14:25:50","modified_gmt":"2014-07-03T14:25:50","slug":"presentacion-del-libro-cien-anos-despues-csulb-long-beach","status":"publish","type":"page","link":"https:\/\/eladd.org\/en\/presentacion-del-libro-cien-anos-despues-csulb-long-beach\/","title":{"rendered":"PRESENTACI\u00d3N DEL LIBRO CIEN A\u00d1OS DESPU\u00c9S. CSULB, LONG BEACH."},"content":{"rendered":"<div id=\"content-n\">\n<div class=\"division-023\">\n<center>\n\t\t\t<!-- START Album4 REVOLUTION SLIDER 6.7.28 --><p class=\"rs-p-wp-fix\"><\/p>\n\t\t\t<rs-module-wrap id=\"rev_slider_4_1_wrapper\" data-source=\"gallery\" style=\"visibility:hidden;background:#65A19F;padding:10;margin:0px auto;margin-top:0;margin-bottom:0;\">\n\t\t\t\t<rs-module id=\"rev_slider_4_1\" style=\"\" data-version=\"6.7.28\">\n\t\t\t\t\t<rs-slides style=\"overflow: hidden; position: absolute;\">\n\t\t\t\t\t\t<rs-slide style=\"position: absolute;\" data-key=\"rs-43\" data-title=\"Slide\" data-thumb=\"\/\/eladd.org\/en\/wp-content\/uploads\/sites\/2\/2014\/07\/img_0360-cd553d0646-1-100x50.jpg\" data-anim=\"adpr:false;\">\n\t\t\t\t\t\t\t<img decoding=\"async\" src=\"\/\/eladd.org\/en\/wp-content\/plugins\/revslider\/sr6\/assets\/assets\/dummy.png\" alt=\"\" title=\"PRESENTACI\u00d3N DEL LIBRO CIEN A\u00d1OS DESPU\u00c9S. CSULB, LONG BEACH.\" class=\"rev-slidebg tp-rs-img rs-lazyload\" data-lazyload=\"\/\/eladd.org\/en\/wp-content\/uploads\/sites\/2\/2014\/07\/img_0360-cd553d0646-1.jpg\" data-no-retina>\n<!---->\t\t\t\t\t<\/rs-slide>\n\t\t\t\t\t\t<rs-slide style=\"position: absolute;\" data-key=\"rs-44\" data-title=\"Slide\" data-thumb=\"\/\/eladd.org\/en\/wp-content\/uploads\/sites\/2\/2014\/07\/img_0360-cd553d0646-100x50.jpg\" data-anim=\"adpr:false;\">\n\t\t\t\t\t\t\t<img decoding=\"async\" src=\"\/\/eladd.org\/en\/wp-content\/plugins\/revslider\/sr6\/assets\/assets\/dummy.png\" alt=\"\" title=\"PRESENTACI\u00d3N DEL LIBRO CIEN A\u00d1OS DESPU\u00c9S. CSULB, LONG BEACH.\" class=\"rev-slidebg tp-rs-img rs-lazyload\" data-lazyload=\"\/\/eladd.org\/en\/wp-content\/uploads\/sites\/2\/2014\/07\/img_0360-cd553d0646.jpg\" data-no-retina>\n<!---->\t\t\t\t\t<\/rs-slide>\n\t\t\t\t\t\t<rs-slide style=\"position: absolute;\" data-key=\"rs-45\" data-title=\"Slide\" data-thumb=\"\/\/eladd.org\/en\/wp-content\/uploads\/sites\/2\/2014\/07\/img_0362-093b7f4a6b-100x50.jpg\" data-anim=\"adpr:false;\">\n\t\t\t\t\t\t\t<img decoding=\"async\" src=\"\/\/eladd.org\/en\/wp-content\/plugins\/revslider\/sr6\/assets\/assets\/dummy.png\" alt=\"\" title=\"PRESENTACI\u00d3N DEL LIBRO CIEN A\u00d1OS DESPU\u00c9S. CSULB, LONG BEACH.\" class=\"rev-slidebg tp-rs-img rs-lazyload\" data-lazyload=\"\/\/eladd.org\/en\/wp-content\/uploads\/sites\/2\/2014\/07\/img_0362-093b7f4a6b.jpg\" data-no-retina>\n<!---->\t\t\t\t\t<\/rs-slide>\n\t\t\t\t\t\t<rs-slide style=\"position: absolute;\" data-key=\"rs-46\" data-title=\"Slide\" data-thumb=\"\/\/eladd.org\/en\/wp-content\/uploads\/sites\/2\/2014\/07\/img_0363-ad9c838a03-100x50.jpg\" data-anim=\"adpr:false;\">\n\t\t\t\t\t\t\t<img decoding=\"async\" src=\"\/\/eladd.org\/en\/wp-content\/plugins\/revslider\/sr6\/assets\/assets\/dummy.png\" alt=\"\" title=\"PRESENTACI\u00d3N DEL LIBRO CIEN A\u00d1OS DESPU\u00c9S. CSULB, LONG BEACH.\" class=\"rev-slidebg tp-rs-img rs-lazyload\" data-lazyload=\"\/\/eladd.org\/en\/wp-content\/uploads\/sites\/2\/2014\/07\/img_0363-ad9c838a03.jpg\" data-no-retina>\n<!---->\t\t\t\t\t<\/rs-slide>\n\t\t\t\t\t\t<rs-slide style=\"position: absolute;\" data-key=\"rs-47\" data-title=\"Slide\" data-thumb=\"\/\/eladd.org\/en\/wp-content\/uploads\/sites\/2\/2014\/07\/img_0365-1f09895413-100x50.jpg\" data-anim=\"adpr:false;\">\n\t\t\t\t\t\t\t<img decoding=\"async\" src=\"\/\/eladd.org\/en\/wp-content\/plugins\/revslider\/sr6\/assets\/assets\/dummy.png\" alt=\"\" title=\"PRESENTACI\u00d3N DEL LIBRO CIEN A\u00d1OS DESPU\u00c9S. CSULB, LONG BEACH.\" class=\"rev-slidebg tp-rs-img rs-lazyload\" data-lazyload=\"\/\/eladd.org\/en\/wp-content\/uploads\/sites\/2\/2014\/07\/img_0365-1f09895413.jpg\" data-no-retina>\n<!---->\t\t\t\t\t<\/rs-slide>\n\t\t\t\t\t\t<rs-slide style=\"position: absolute;\" data-key=\"rs-48\" data-title=\"Slide\" data-thumb=\"\/\/eladd.org\/en\/wp-content\/uploads\/sites\/2\/2014\/07\/img_0366-709d275f77-100x50.jpg\" data-anim=\"adpr:false;\">\n\t\t\t\t\t\t\t<img decoding=\"async\" src=\"\/\/eladd.org\/en\/wp-content\/plugins\/revslider\/sr6\/assets\/assets\/dummy.png\" alt=\"\" title=\"PRESENTACI\u00d3N DEL LIBRO CIEN A\u00d1OS DESPU\u00c9S. CSULB, LONG BEACH.\" class=\"rev-slidebg tp-rs-img rs-lazyload\" data-lazyload=\"\/\/eladd.org\/en\/wp-content\/uploads\/sites\/2\/2014\/07\/img_0366-709d275f77.jpg\" data-no-retina>\n<!---->\t\t\t\t\t<\/rs-slide>\n\t\t\t\t\t\t<rs-slide style=\"position: absolute;\" data-key=\"rs-49\" data-title=\"Slide\" data-thumb=\"\/\/eladd.org\/en\/wp-content\/uploads\/sites\/2\/2014\/07\/img_0367-fbe0242336-100x50.jpg\" data-anim=\"adpr:false;\">\n\t\t\t\t\t\t\t<img decoding=\"async\" src=\"\/\/eladd.org\/en\/wp-content\/plugins\/revslider\/sr6\/assets\/assets\/dummy.png\" alt=\"\" title=\"PRESENTACI\u00d3N DEL LIBRO CIEN A\u00d1OS DESPU\u00c9S. CSULB, LONG BEACH.\" class=\"rev-slidebg tp-rs-img rs-lazyload\" data-lazyload=\"\/\/eladd.org\/en\/wp-content\/uploads\/sites\/2\/2014\/07\/img_0367-fbe0242336.jpg\" data-no-retina>\n<!---->\t\t\t\t\t<\/rs-slide>\n\t\t\t\t\t\t<rs-slide style=\"position: absolute;\" data-key=\"rs-51\" data-title=\"Slide\" data-thumb=\"\/\/eladd.org\/en\/wp-content\/uploads\/sites\/2\/2014\/07\/img_0369-1dcef3420b-100x50.jpg\" data-anim=\"adpr:false;\">\n\t\t\t\t\t\t\t<img decoding=\"async\" src=\"\/\/eladd.org\/en\/wp-content\/plugins\/revslider\/sr6\/assets\/assets\/dummy.png\" alt=\"\" title=\"PRESENTACI\u00d3N DEL LIBRO CIEN A\u00d1OS DESPU\u00c9S. CSULB, LONG BEACH.\" class=\"rev-slidebg tp-rs-img rs-lazyload\" data-lazyload=\"\/\/eladd.org\/en\/wp-content\/uploads\/sites\/2\/2014\/07\/img_0369-1dcef3420b.jpg\" data-no-retina>\n<!---->\t\t\t\t\t<\/rs-slide>\n\t\t\t\t\t\t<rs-slide style=\"position: absolute;\" data-key=\"rs-52\" data-title=\"Slide\" data-thumb=\"\/\/eladd.org\/en\/wp-content\/uploads\/sites\/2\/2014\/07\/img_0370-bd65d0999a-100x50.jpg\" data-anim=\"adpr:false;\">\n\t\t\t\t\t\t\t<img decoding=\"async\" src=\"\/\/eladd.org\/en\/wp-content\/plugins\/revslider\/sr6\/assets\/assets\/dummy.png\" alt=\"\" title=\"PRESENTACI\u00d3N DEL LIBRO CIEN A\u00d1OS DESPU\u00c9S. CSULB, LONG BEACH.\" class=\"rev-slidebg tp-rs-img rs-lazyload\" data-lazyload=\"\/\/eladd.org\/en\/wp-content\/uploads\/sites\/2\/2014\/07\/img_0370-bd65d0999a.jpg\" data-no-retina>\n<!---->\t\t\t\t\t<\/rs-slide>\n\t\t\t\t\t\t<rs-slide style=\"position: absolute;\" data-key=\"rs-53\" data-title=\"Slide\" data-thumb=\"\/\/eladd.org\/en\/wp-content\/uploads\/sites\/2\/2014\/07\/img_0372-0125df1498-100x50.jpg\" data-anim=\"adpr:false;\">\n\t\t\t\t\t\t\t<img decoding=\"async\" src=\"\/\/eladd.org\/en\/wp-content\/plugins\/revslider\/sr6\/assets\/assets\/dummy.png\" alt=\"\" title=\"PRESENTACI\u00d3N DEL LIBRO CIEN A\u00d1OS DESPU\u00c9S. CSULB, LONG BEACH.\" class=\"rev-slidebg tp-rs-img rs-lazyload\" data-lazyload=\"\/\/eladd.org\/en\/wp-content\/uploads\/sites\/2\/2014\/07\/img_0372-0125df1498.jpg\" data-no-retina>\n<!---->\t\t\t\t\t<\/rs-slide>\n\t\t\t\t\t<\/rs-slides>\n\t\t\t\t<\/rs-module>\n\t\t\t\t<script>\n\t\t\t\t\tsetREVStartSize({c: 'rev_slider_4_1',rl:[1240,1024,778,480],el:[],gw:[600],gh:[400],type:'standard',justify:'',layout:'fullwidth',mh:\"0\"});if (window.RS_MODULES!==undefined && window.RS_MODULES.modules!==undefined && window.RS_MODULES.modules[\"revslider41\"]!==undefined) {window.RS_MODULES.modules[\"revslider41\"].once = false;window.revapi4 = undefined;if (window.RS_MODULES.checkMinimal!==undefined) window.RS_MODULES.checkMinimal()}\n\t\t\t\t<\/script>\n\t\t\t<\/rs-module-wrap>\n\t\t\t<!-- END REVOLUTION SLIDER -->\n<\/center>\n<\/div>\n<div class=\"division-derecha\">\n<iframe src=\"\/\/www.facebook.com\/plugins\/likebox.php?href=https%3A%2F%2Fwww.facebook.com%2Feladd.org&amp;width=300&amp;height=450&amp;colorscheme=light&amp;show_faces=true&amp;header=true&amp;stream=true&amp;show_border=true\" scrolling=\"no\" frameborder=\"0\" style=\"border:none; overflow:hidden; width:300px; height:450px;\" allowTransparency=\"true\"><\/iframe>\n<\/div>\n<\/div>\n","protected":false},"excerpt":{"rendered":"","protected":false},"author":1,"featured_media":0,"parent":0,"menu_order":0,"comment_status":"closed","ping_status":"closed","template":"","meta":{"footnotes":""},"class_list":["post-141","page","type-page","status-publish","hentry","entry","no-media"],"yoast_head":"<!-- This site is optimized with the Yoast SEO plugin v26.1.1 - https:\/\/yoast.com\/wordpress\/plugins\/seo\/ -->\n<title>PRESENTACI\u00d3N DEL LIBRO CIEN A\u00d1OS DESPU\u00c9S. CSULB, LONG BEACH. - Eladd En<\/title>\n<meta name=\"robots\" content=\"index, follow, max-snippet:-1, max-image-preview:large, max-video-preview:-1\" \/>\n<link rel=\"canonical\" href=\"https:\/\/eladd.org\/en\/presentacion-del-libro-cien-anos-despues-csulb-long-beach\/\" \/>\n<meta property=\"og:locale\" content=\"en_US\" \/>\n<meta property=\"og:type\" content=\"article\" \/>\n<meta property=\"og:title\" content=\"PRESENTACI\u00d3N DEL LIBRO CIEN A\u00d1OS DESPU\u00c9S. CSULB, LONG BEACH. - Eladd En\" \/>\n<meta property=\"og:url\" content=\"https:\/\/eladd.org\/en\/presentacion-del-libro-cien-anos-despues-csulb-long-beach\/\" \/>\n<meta property=\"og:site_name\" content=\"Eladd En\" \/>\n<meta property=\"article:modified_time\" content=\"2014-07-03T14:25:50+00:00\" \/>\n<meta name=\"twitter:card\" content=\"summary_large_image\" \/>\n<script type=\"application\/ld+json\" class=\"yoast-schema-graph\">{\"@context\":\"https:\/\/schema.org\",\"@graph\":[{\"@type\":\"WebPage\",\"@id\":\"https:\/\/eladd.org\/en\/presentacion-del-libro-cien-anos-despues-csulb-long-beach\/\",\"url\":\"https:\/\/eladd.org\/en\/presentacion-del-libro-cien-anos-despues-csulb-long-beach\/\",\"name\":\"PRESENTACI\u00d3N DEL LIBRO CIEN A\u00d1OS DESPU\u00c9S. CSULB, LONG BEACH. - Eladd En\",\"isPartOf\":{\"@id\":\"https:\/\/eladd.org\/en\/#website\"},\"datePublished\":\"2014-07-03T14:13:51+00:00\",\"dateModified\":\"2014-07-03T14:25:50+00:00\",\"breadcrumb\":{\"@id\":\"https:\/\/eladd.org\/en\/presentacion-del-libro-cien-anos-despues-csulb-long-beach\/#breadcrumb\"},\"inLanguage\":\"en-US\",\"potentialAction\":[{\"@type\":\"ReadAction\",\"target\":[\"https:\/\/eladd.org\/en\/presentacion-del-libro-cien-anos-despues-csulb-long-beach\/\"]}]},{\"@type\":\"BreadcrumbList\",\"@id\":\"https:\/\/eladd.org\/en\/presentacion-del-libro-cien-anos-despues-csulb-long-beach\/#breadcrumb\",\"itemListElement\":[{\"@type\":\"ListItem\",\"position\":1,\"name\":\"Home\",\"item\":\"https:\/\/eladd.org\/en\/\"},{\"@type\":\"ListItem\",\"position\":2,\"name\":\"PRESENTACI\u00d3N DEL LIBRO CIEN A\u00d1OS DESPU\u00c9S. CSULB, LONG BEACH.\"}]},{\"@type\":\"WebSite\",\"@id\":\"https:\/\/eladd.org\/en\/#website\",\"url\":\"https:\/\/eladd.org\/en\/\",\"name\":\"Eladd En\",\"description\":\"Ninteenth-Century Latin American Women Writers\",\"publisher\":{\"@id\":\"https:\/\/eladd.org\/en\/#organization\"},\"potentialAction\":[{\"@type\":\"SearchAction\",\"target\":{\"@type\":\"EntryPoint\",\"urlTemplate\":\"https:\/\/eladd.org\/en\/?s={search_term_string}\"},\"query-input\":{\"@type\":\"PropertyValueSpecification\",\"valueRequired\":true,\"valueName\":\"search_term_string\"}}],\"inLanguage\":\"en-US\"},{\"@type\":\"Organization\",\"@id\":\"https:\/\/eladd.org\/en\/#organization\",\"name\":\"Eladd En\",\"url\":\"https:\/\/eladd.org\/en\/\",\"logo\":{\"@type\":\"ImageObject\",\"inLanguage\":\"en-US\",\"@id\":\"https:\/\/eladd.org\/en\/#\/schema\/logo\/image\/\",\"url\":\"https:\/\/eladd.org\/en\/wp-content\/uploads\/sites\/2\/2025\/07\/logo-eladd.png\",\"contentUrl\":\"https:\/\/eladd.org\/en\/wp-content\/uploads\/sites\/2\/2025\/07\/logo-eladd.png\",\"width\":324,\"height\":77,\"caption\":\"Eladd En\"},\"image\":{\"@id\":\"https:\/\/eladd.org\/en\/#\/schema\/logo\/image\/\"}}]}<\/script>\n<!-- \/ Yoast SEO plugin. -->","yoast_head_json":{"title":"PRESENTACI\u00d3N DEL LIBRO CIEN A\u00d1OS DESPU\u00c9S. CSULB, LONG BEACH. - Eladd En","robots":{"index":"index","follow":"follow","max-snippet":"max-snippet:-1","max-image-preview":"max-image-preview:large","max-video-preview":"max-video-preview:-1"},"canonical":"https:\/\/eladd.org\/en\/presentacion-del-libro-cien-anos-despues-csulb-long-beach\/","og_locale":"en_US","og_type":"article","og_title":"PRESENTACI\u00d3N DEL LIBRO CIEN A\u00d1OS DESPU\u00c9S. CSULB, LONG BEACH. - Eladd En","og_url":"https:\/\/eladd.org\/en\/presentacion-del-libro-cien-anos-despues-csulb-long-beach\/","og_site_name":"Eladd En","article_modified_time":"2014-07-03T14:25:50+00:00","twitter_card":"summary_large_image","schema":{"@context":"https:\/\/schema.org","@graph":[{"@type":"WebPage","@id":"https:\/\/eladd.org\/en\/presentacion-del-libro-cien-anos-despues-csulb-long-beach\/","url":"https:\/\/eladd.org\/en\/presentacion-del-libro-cien-anos-despues-csulb-long-beach\/","name":"PRESENTACI\u00d3N DEL LIBRO CIEN A\u00d1OS DESPU\u00c9S. CSULB, LONG BEACH. - Eladd En","isPartOf":{"@id":"https:\/\/eladd.org\/en\/#website"},"datePublished":"2014-07-03T14:13:51+00:00","dateModified":"2014-07-03T14:25:50+00:00","breadcrumb":{"@id":"https:\/\/eladd.org\/en\/presentacion-del-libro-cien-anos-despues-csulb-long-beach\/#breadcrumb"},"inLanguage":"en-US","potentialAction":[{"@type":"ReadAction","target":["https:\/\/eladd.org\/en\/presentacion-del-libro-cien-anos-despues-csulb-long-beach\/"]}]},{"@type":"BreadcrumbList","@id":"https:\/\/eladd.org\/en\/presentacion-del-libro-cien-anos-despues-csulb-long-beach\/#breadcrumb","itemListElement":[{"@type":"ListItem","position":1,"name":"Home","item":"https:\/\/eladd.org\/en\/"},{"@type":"ListItem","position":2,"name":"PRESENTACI\u00d3N DEL LIBRO CIEN A\u00d1OS DESPU\u00c9S. CSULB, LONG BEACH."}]},{"@type":"WebSite","@id":"https:\/\/eladd.org\/en\/#website","url":"https:\/\/eladd.org\/en\/","name":"Eladd En","description":"Ninteenth-Century Latin American Women Writers","publisher":{"@id":"https:\/\/eladd.org\/en\/#organization"},"potentialAction":[{"@type":"SearchAction","target":{"@type":"EntryPoint","urlTemplate":"https:\/\/eladd.org\/en\/?s={search_term_string}"},"query-input":{"@type":"PropertyValueSpecification","valueRequired":true,"valueName":"search_term_string"}}],"inLanguage":"en-US"},{"@type":"Organization","@id":"https:\/\/eladd.org\/en\/#organization","name":"Eladd En","url":"https:\/\/eladd.org\/en\/","logo":{"@type":"ImageObject","inLanguage":"en-US","@id":"https:\/\/eladd.org\/en\/#\/schema\/logo\/image\/","url":"https:\/\/eladd.org\/en\/wp-content\/uploads\/sites\/2\/2025\/07\/logo-eladd.png","contentUrl":"https:\/\/eladd.org\/en\/wp-content\/uploads\/sites\/2\/2025\/07\/logo-eladd.png","width":324,"height":77,"caption":"Eladd En"},"image":{"@id":"https:\/\/eladd.org\/en\/#\/schema\/logo\/image\/"}}]}},"_links":{"self":[{"href":"https:\/\/eladd.org\/en\/wp-json\/wp\/v2\/pages\/141","targetHints":{"allow":["GET"]}}],"collection":[{"href":"https:\/\/eladd.org\/en\/wp-json\/wp\/v2\/pages"}],"about":[{"href":"https:\/\/eladd.org\/en\/wp-json\/wp\/v2\/types\/page"}],"author":[{"embeddable":true,"href":"https:\/\/eladd.org\/en\/wp-json\/wp\/v2\/users\/1"}],"replies":[{"embeddable":true,"href":"https:\/\/eladd.org\/en\/wp-json\/wp\/v2\/comments?post=141"}],"version-history":[{"count":2,"href":"https:\/\/eladd.org\/en\/wp-json\/wp\/v2\/pages\/141\/revisions"}],"predecessor-version":[{"id":143,"href":"https:\/\/eladd.org\/en\/wp-json\/wp\/v2\/pages\/141\/revisions\/143"}],"wp:attachment":[{"href":"https:\/\/eladd.org\/en\/wp-json\/wp\/v2\/media?parent=141"}],"curies":[{"name":"wp","href":"https:\/\/api.w.org\/{rel}","templated":true}]}}