{"id":16,"date":"2014-07-02T17:42:14","date_gmt":"2014-07-02T17:42:14","guid":{"rendered":"https:\/\/eladd.org\/en\/?page_id=16"},"modified":"2021-02-13T17:20:52","modified_gmt":"2021-02-13T17:20:52","slug":"objectives","status":"publish","type":"page","link":"https:\/\/eladd.org\/en\/objectives\/","title":{"rendered":"Objectives"},"content":{"rendered":"<div class=\"wpb-content-wrapper\">[vc_row full_width=&#8221;stretch_row&#8221; bg_style=&#8221;repeat&#8221; css=&#8221;.vc_custom_1594061341030{background-position: 0 0 !important;background-repeat: repeat !important;}&#8221; el_class=&#8221;objetivos&#8221;][vc_column][vc_column_text el_class=&#8221;seccion__titulo&#8221;]\n<h1 style=\"text-align: center;\">Our Project<\/h1>\n<p style=\"text-align: center;\"><img loading=\"lazy\" decoding=\"async\" class=\"alignnone size-full wp-image-659\" src=\"https:\/\/eladd.org\/en\/wp-content\/uploads\/sites\/2\/2015\/09\/icon-space.png\" alt=\"icon-space\" width=\"150\" height=\"8\" \/><\/p>\n[\/vc_column_text][\/vc_column][\/vc_row][vc_row][vc_column][vc_single_image image=&#8221;723&#8243;][vc_single_image image=&#8221;659&#8243; alignment=&#8221;center&#8221; css=&#8221;.vc_custom_1594060737203{margin-top: 35px !important;margin-bottom: 35px !important;}&#8221;][vc_row_inner][vc_column_inner width=&#8221;1\/2&#8243;][vc_column_text el_class=&#8221;seccion__texto&#8221;]\n<p style=\"text-align: justify;\">Nineteenth-Century Latin American Women Writers &#8211; Online Collection is a project with a totalizing vision of nineteenth-century Latin America from the perspective of the women writers and intellectuals who transformed their national literatures. The nineteenth century brought about the birth of the American nations, and the emergence of a \u201cnative\u201d culture and its artistic expressions. We can still hear the echoes of the passionate and bloody confrontations about democracy, nationhood, inclusion and exclusion, the influence of the U.S. and the servitude or resistance to the European models. The debate on education (in particular, women\u2019s education), the reliance on foreign capital, the dependence on manufactured goods from Europe and the U.S., the caudillos&#8217; hold on entire regions, the obliteration of native peoples, among many other issues, are very much part of Latin America\u2019s national memories and current political and cultural discourse.<\/p>\n[\/vc_column_text][\/vc_column_inner][vc_column_inner width=&#8221;1\/2&#8243;][vc_column_text el_class=&#8221;seccion__texto&#8221;]\n<p style=\"text-align: justify;\">We believe it is fundamental to reflect on how the new republics saw the emergence of women as agents of history who re-wrote their own experiences in letters, essays and fiction as subjects and characters of the stories they told. Our project is designed to provide a comprehensive and inclusive vision of nineteenth-century Latin America from the vantage point of the women authors who fashioned the national literatures to their own image. Its objective is to provide a counterbalance to the (male) canonical figures of XIX century Spanish American Romanticism, Realism, and Naturalism (Bello, Heredia, Echevarr\u00eda, Sarmiento, Hern\u00e1ndez, Isaacs, Palma, M\u00e1rmol, Blest Gana, Villaverde, Cambaceres, etc.), by acknowledging the contributions of women writers such as Gorriti, Merlin, Manso, Trist\u00e1n, Mansilla, Matto de Turner, G\u00f3mez de Avellaneda, Cabello de Carbonera, S\u00e1nchez, Arriagada, among many others.<\/p>\n[\/vc_column_text][\/vc_column_inner][\/vc_row_inner][vc_single_image image=&#8221;660&#8243; alignment=&#8221;center&#8221;][\/vc_column][\/vc_row][vc_row full_width=&#8221;stretch_row&#8221; bg_style=&#8221;repeat&#8221; el_id=&#8221;objetivos&#8221; css=&#8221;.vc_custom_1594061031534{padding-top: 35px !important;background-image: url(https:\/\/eladd.org\/en\/wp-content\/uploads\/sites\/2\/2020\/07\/page-background-verde-texto.jpg?id=7744) !important;background-position: 0 0 !important;background-repeat: repeat !important;}&#8221;][vc_column][vc_column_text el_class=&#8221;seccion__titulo seccion__titulo&#8211;blanco&#8221;]\n<h2 style=\"text-align: center;\">Objectives<\/h2>\n<p style=\"text-align: center;\"><img loading=\"lazy\" decoding=\"async\" class=\"alignnone size-full wp-image-659\" src=\"https:\/\/eladd.org\/en\/wp-content\/uploads\/sites\/2\/2015\/09\/icon-space.png\" alt=\"icon-space\" width=\"150\" height=\"8\" \/><\/p>\n[\/vc_column_text][vc_column_text el_class=&#8221;lista-icon seccion__texto seccion__texto&#8211;blanco&#8221; css=&#8221;.vc_custom_1594062138161{background-image: url(https:\/\/eladd.org\/en\/wp-content\/uploads\/sites\/2\/2020\/07\/icon-check-blanco.png?id=7749) !important;}&#8221;]\n<p style=\"text-align: justify;\">The creation and design of a unique online digital collection that will function as a repository of the primary sources produced by these women writers.<\/p>\n[\/vc_column_text][vc_column_text el_class=&#8221;lista-icon seccion__texto seccion__texto&#8211;blanco&#8221; css=&#8221;.vc_custom_1594062147504{background-image: url(https:\/\/eladd.org\/en\/wp-content\/uploads\/sites\/2\/2020\/07\/icon-check-blanco.png?id=7749) !important;}&#8221;]\n<p style=\"text-align: justify;\">To facilitate online access to bio-bibliographical references such as: primary books, reeditions, translations, and other studies.<\/p>\n[\/vc_column_text][vc_column_text el_class=&#8221;lista-icon seccion__texto seccion__texto&#8211;blanco&#8221; css=&#8221;.vc_custom_1594062157614{background-image: url(https:\/\/eladd.org\/en\/wp-content\/uploads\/sites\/2\/2020\/07\/icon-check-blanco.png?id=7749) !important;}&#8221;]\n<p style=\"text-align: justify;\">To consolidate, organize, archive, preserve and disseminate the scholarly output of a community of scholars and students of nineteenth-century studies; to encourage a dialogue among researchers, interested readers, and students through innovative and thoughtful theoretical and interpretative approaches to the literary and intellectual production of these pioneers of the nineteenth century.<\/p>\n[\/vc_column_text][vc_column_text el_class=&#8221;lista-icon seccion__texto seccion__texto&#8211;blanco&#8221; css=&#8221;.vc_custom_1594062167298{background-image: url(https:\/\/eladd.org\/en\/wp-content\/uploads\/sites\/2\/2020\/07\/icon-check-blanco.png?id=7749) !important;}&#8221;]\n<p style=\"text-align: justify;\">The site also strives to provide its community of readers a space to share news about conferences, events, talks, symposia, call for papers, videos, books and articles, courses, dissertations, links, and more about nineteenth-century Latin American women writers.<\/p>\n[\/vc_column_text][vc_single_image image=&#8221;660&#8243; alignment=&#8221;center&#8221;][\/vc_column][\/vc_row][vc_row full_width=&#8221;stretch_row&#8221; bg_style=&#8221;repeat&#8221; css=&#8221;.vc_custom_1594066168332{background-position: 0 0 !important;background-repeat: repeat !important;}&#8221;][vc_column][vc_column_text el_class=&#8221;seccion__titulo&#8221;]\n<h2 style=\"text-align: center;\">Phases<\/h2>\n<p style=\"text-align: center;\"><img loading=\"lazy\" decoding=\"async\" class=\"alignnone size-full wp-image-659\" src=\"https:\/\/eladd.org\/en\/wp-content\/uploads\/sites\/2\/2015\/09\/icon-space.png\" alt=\"icon-space\" width=\"150\" height=\"8\" \/><\/p>\n[\/vc_column_text][vc_column_text el_class=&#8221;seccion__titulo&#8221;]\n<h3>PHASE 1<\/h3>\n[\/vc_column_text][vc_column_text el_class=&#8221;lista-icon seccion__texto&#8221; css=&#8221;.vc_custom_1594062537907{background-image: url(https:\/\/eladd.org\/en\/wp-content\/uploads\/sites\/2\/2014\/07\/icon-check-verde.png?id=744) !important;}&#8221;]\n<p style=\"text-align: justify;\">We refined the first bibliographical entries given by our sponsor in Peru, CELACP.<\/p>\n[\/vc_column_text][vc_column_text el_class=&#8221;lista-icon seccion__texto&#8221; css=&#8221;.vc_custom_1594062549906{background-image: url(https:\/\/eladd.org\/en\/wp-content\/uploads\/sites\/2\/2014\/07\/icon-check-verde.png?id=744) !important;}&#8221;]\n<p style=\"text-align: justify;\">We hired two students to work during the Spring Semester 2011 for a total of 238,5 hours.<\/p>\n[\/vc_column_text][vc_column_text el_class=&#8221;lista-icon seccion__texto&#8221; css=&#8221;.vc_custom_1594062563970{background-image: url(https:\/\/eladd.org\/en\/wp-content\/uploads\/sites\/2\/2014\/07\/icon-check-verde.png?id=744) !important;}&#8221;]\n<p style=\"text-align: justify;\">On March 6th 2012 we launched our website <a href=\"https:\/\/eladd.org\">www.eladd.org<\/a> with a conference given by Dr. Mar\u00eda Cristina Gui\u00f1az\u00fa, Lehman College and the Graduate Center, CUNY.<\/p>\n[\/vc_column_text][vc_column_text el_class=&#8221;lista-icon seccion__texto&#8221; css=&#8221;.vc_custom_1594062577764{background-image: url(https:\/\/eladd.org\/en\/wp-content\/uploads\/sites\/2\/2014\/07\/icon-check-verde.png?id=744) !important;}&#8221;]\n<p style=\"text-align: justify;\">We conclude this first phase with the inauguration of our online collection and the publication of two bibliographical lists: the XIX Century Bibliography and the Bibliography of Mercedes Cabello de Carbonera.<\/p>\n[\/vc_column_text][\/vc_column][\/vc_row][vc_row][vc_column][vc_column_text el_class=&#8221;seccion__titulo&#8221;]\n<h3>PHASE 2<\/h3>\n[\/vc_column_text][vc_column_text el_class=&#8221;lista-icon seccion__texto&#8221; css=&#8221;.vc_custom_1594063808815{background-image: url(https:\/\/eladd.org\/en\/wp-content\/uploads\/sites\/2\/2014\/07\/icon-check-verde.png?id=744) !important;}&#8221;]\n<p style=\"text-align: justify;\">We hired two Graduate students from the Spanish Master Program at CSULB: Emily Frankel and Mike Smale.<\/p>\n[\/vc_column_text][vc_column_text el_class=&#8221;lista-icon seccion__texto&#8221; css=&#8221;.vc_custom_1594063831528{background-image: url(https:\/\/eladd.org\/en\/wp-content\/uploads\/sites\/2\/2014\/07\/icon-check-verde.png?id=744) !important;}&#8221;]\n<p style=\"text-align: justify;\">We revised 1.053 bibliographical entries.<\/p>\n[\/vc_column_text][vc_column_text el_class=&#8221;lista-icon seccion__texto&#8221; css=&#8221;.vc_custom_1594063848725{background-image: url(https:\/\/eladd.org\/en\/wp-content\/uploads\/sites\/2\/2014\/07\/icon-check-verde.png?id=744) !important;}&#8221;]\n<p style=\"text-align: justify;\">19 bibliographical lists were published in our website.<\/p>\n[\/vc_column_text][\/vc_column][\/vc_row][vc_row][vc_column][vc_column_text el_class=&#8221;seccion__titulo&#8221;]\n<h3>PHASE 3<\/h3>\n[\/vc_column_text][vc_column_text el_class=&#8221;lista-icon seccion__texto&#8221; css=&#8221;.vc_custom_1594063896722{background-image: url(https:\/\/eladd.org\/en\/wp-content\/uploads\/sites\/2\/2014\/07\/icon-check-verde.png?id=744) !important;}&#8221;]\n<p style=\"text-align: justify;\">We hired two M.A. students (Joy Yoo Garza and Mike Smale) from CSULB to continue working on the project during the summer and fall 2014.<\/p>\n[\/vc_column_text][vc_column_text el_class=&#8221;lista-icon seccion__texto&#8221; css=&#8221;.vc_custom_1594063911830{background-image: url(https:\/\/eladd.org\/en\/wp-content\/uploads\/sites\/2\/2014\/07\/icon-check-verde.png?id=744) !important;}&#8221;]\n<p style=\"text-align: justify;\">The students \u2013under Nelly Goswitz and Claire Emilie Martin\u2019s supervision-completed the bibiographical entries for 53 lesser-known authors.<\/p>\n[\/vc_column_text][vc_column_text el_class=&#8221;lista-icon seccion__texto&#8221; css=&#8221;.vc_custom_1594063927525{background-image: url(https:\/\/eladd.org\/en\/wp-content\/uploads\/sites\/2\/2014\/07\/icon-check-verde.png?id=744) !important;}&#8221;]\n<p style=\"text-align: justify;\">An e-book of selected essays by Mercedes Cabello de Carbonera was published in our website ELADD.<\/p>\n[\/vc_column_text][\/vc_column][\/vc_row][vc_row][vc_column][vc_column_text el_class=&#8221;seccion__titulo&#8221;]\n<h3>PHASE 4<\/h3>\n[\/vc_column_text][vc_column_text el_class=&#8221;lista-icon seccion__texto&#8221; css=&#8221;.vc_custom_1594065931559{background-image: url(https:\/\/eladd.org\/en\/wp-content\/uploads\/sites\/2\/2014\/07\/icon-check-verde.png?id=744) !important;}&#8221;]\n<p style=\"text-align: justify;\">We published four Ebooks: one about the influence of French Fashion in Lima in the XIX Century and three about Women Colombian Writers.<\/p>\n[\/vc_column_text][vc_column_text el_class=&#8221;lista-icon seccion__texto&#8221; css=&#8221;.vc_custom_1594065959536{background-image: url(https:\/\/eladd.org\/en\/wp-content\/uploads\/sites\/2\/2014\/07\/icon-check-verde.png?id=744) !important;}&#8221;]\n<p style=\"text-align: justify;\">We published the first Blog entries in ELADD: <a href=\"https:\/\/eladd.org\/blog\/\">https:\/\/eladd.org\/blog\/<\/a><\/p>\n[\/vc_column_text][vc_single_image image=&#8221;660&#8243; alignment=&#8221;center&#8221;][\/vc_column][\/vc_row]\n<\/div>","protected":false},"excerpt":{"rendered":"<p>[vc_row full_width=&rdquo;stretch_row&rdquo; bg_style=&rdquo;repeat&rdquo; css=&rdquo;.vc_custom_1594061341030{background-position: 0 0 !important;background-repeat: repeat !important;}&rdquo; el_class=&rdquo;objetivos&rdquo;][vc_column][vc_column_text el_class=&rdquo;seccion__titulo&rdquo;] Our Project [\/vc_column_text][\/vc_column][\/vc_row][vc_row][vc_column][vc_single_image image=&rdquo;723&Prime;][vc_single_image image=&rdquo;659&Prime; alignment=&rdquo;center&rdquo; css=&rdquo;.vc_custom_1594060737203{margin-top: 35px !important;margin-bottom: 35px !important;}&rdquo;][vc_row_inner][vc_column_inner width=&rdquo;1\/2&Prime;][vc_column_text el_class=&rdquo;seccion__texto&rdquo;] Nineteenth-Century Latin American Women Writers &ndash; Online Collection is a project with a totalizing vision of&hellip;<\/p>\n","protected":false},"author":1,"featured_media":0,"parent":0,"menu_order":0,"comment_status":"closed","ping_status":"closed","template":"","meta":{"footnotes":""},"class_list":["post-16","page","type-page","status-publish","hentry","entry","no-media"],"yoast_head":"<!-- This site is optimized with the Yoast SEO plugin v26.1.1 - https:\/\/yoast.com\/wordpress\/plugins\/seo\/ -->\n<title>Objectives - Eladd En<\/title>\n<meta name=\"robots\" content=\"index, follow, max-snippet:-1, max-image-preview:large, max-video-preview:-1\" \/>\n<link rel=\"canonical\" href=\"https:\/\/eladd.org\/en\/objectives\/\" \/>\n<meta property=\"og:locale\" content=\"en_US\" \/>\n<meta property=\"og:type\" content=\"article\" \/>\n<meta property=\"og:title\" content=\"Objectives - Eladd En\" \/>\n<meta property=\"og:description\" content=\"[vc_row full_width=&rdquo;stretch_row&rdquo; bg_style=&rdquo;repeat&rdquo; css=&rdquo;.vc_custom_1594061341030{background-position: 0 0 !important;background-repeat: repeat !important;}&rdquo; el_class=&rdquo;objetivos&rdquo;][vc_column][vc_column_text el_class=&rdquo;seccion__titulo&rdquo;] Our Project [\/vc_column_text][\/vc_column][\/vc_row][vc_row][vc_column][vc_single_image image=&rdquo;723&Prime;][vc_single_image image=&rdquo;659&Prime; alignment=&rdquo;center&rdquo; css=&rdquo;.vc_custom_1594060737203{margin-top: 35px !important;margin-bottom: 35px !important;}&rdquo;][vc_row_inner][vc_column_inner width=&rdquo;1\/2&Prime;][vc_column_text el_class=&rdquo;seccion__texto&rdquo;] Nineteenth-Century Latin American Women Writers &ndash; Online Collection is a project with a totalizing vision of&hellip;\" \/>\n<meta property=\"og:url\" content=\"https:\/\/eladd.org\/en\/objectives\/\" \/>\n<meta property=\"og:site_name\" content=\"Eladd En\" \/>\n<meta property=\"article:modified_time\" content=\"2021-02-13T17:20:52+00:00\" \/>\n<meta property=\"og:image\" content=\"https:\/\/eladd.org\/en\/wp-content\/uploads\/sites\/2\/2015\/09\/icon-space.png\" \/>\n<meta name=\"twitter:card\" content=\"summary_large_image\" \/>\n<meta name=\"twitter:label1\" content=\"Est. reading time\" \/>\n\t<meta name=\"twitter:data1\" content=\"7 minutes\" \/>\n<script type=\"application\/ld+json\" class=\"yoast-schema-graph\">{\"@context\":\"https:\/\/schema.org\",\"@graph\":[{\"@type\":\"WebPage\",\"@id\":\"https:\/\/eladd.org\/en\/objectives\/\",\"url\":\"https:\/\/eladd.org\/en\/objectives\/\",\"name\":\"Objectives - Eladd En\",\"isPartOf\":{\"@id\":\"https:\/\/eladd.org\/en\/#website\"},\"primaryImageOfPage\":{\"@id\":\"https:\/\/eladd.org\/en\/objectives\/#primaryimage\"},\"image\":{\"@id\":\"https:\/\/eladd.org\/en\/objectives\/#primaryimage\"},\"thumbnailUrl\":\"https:\/\/eladd.org\/en\/wp-content\/uploads\/sites\/2\/2015\/09\/icon-space.png\",\"datePublished\":\"2014-07-02T17:42:14+00:00\",\"dateModified\":\"2021-02-13T17:20:52+00:00\",\"breadcrumb\":{\"@id\":\"https:\/\/eladd.org\/en\/objectives\/#breadcrumb\"},\"inLanguage\":\"en-US\",\"potentialAction\":[{\"@type\":\"ReadAction\",\"target\":[\"https:\/\/eladd.org\/en\/objectives\/\"]}]},{\"@type\":\"ImageObject\",\"inLanguage\":\"en-US\",\"@id\":\"https:\/\/eladd.org\/en\/objectives\/#primaryimage\",\"url\":\"https:\/\/eladd.org\/en\/wp-content\/uploads\/sites\/2\/2015\/09\/icon-space.png\",\"contentUrl\":\"https:\/\/eladd.org\/en\/wp-content\/uploads\/sites\/2\/2015\/09\/icon-space.png\",\"width\":150,\"height\":8},{\"@type\":\"BreadcrumbList\",\"@id\":\"https:\/\/eladd.org\/en\/objectives\/#breadcrumb\",\"itemListElement\":[{\"@type\":\"ListItem\",\"position\":1,\"name\":\"Home\",\"item\":\"https:\/\/eladd.org\/en\/\"},{\"@type\":\"ListItem\",\"position\":2,\"name\":\"Objectives\"}]},{\"@type\":\"WebSite\",\"@id\":\"https:\/\/eladd.org\/en\/#website\",\"url\":\"https:\/\/eladd.org\/en\/\",\"name\":\"Eladd En\",\"description\":\"Ninteenth-Century Latin American Women Writers\",\"publisher\":{\"@id\":\"https:\/\/eladd.org\/en\/#organization\"},\"potentialAction\":[{\"@type\":\"SearchAction\",\"target\":{\"@type\":\"EntryPoint\",\"urlTemplate\":\"https:\/\/eladd.org\/en\/?s={search_term_string}\"},\"query-input\":{\"@type\":\"PropertyValueSpecification\",\"valueRequired\":true,\"valueName\":\"search_term_string\"}}],\"inLanguage\":\"en-US\"},{\"@type\":\"Organization\",\"@id\":\"https:\/\/eladd.org\/en\/#organization\",\"name\":\"Eladd En\",\"url\":\"https:\/\/eladd.org\/en\/\",\"logo\":{\"@type\":\"ImageObject\",\"inLanguage\":\"en-US\",\"@id\":\"https:\/\/eladd.org\/en\/#\/schema\/logo\/image\/\",\"url\":\"https:\/\/eladd.org\/en\/wp-content\/uploads\/sites\/2\/2025\/07\/logo-eladd.png\",\"contentUrl\":\"https:\/\/eladd.org\/en\/wp-content\/uploads\/sites\/2\/2025\/07\/logo-eladd.png\",\"width\":324,\"height\":77,\"caption\":\"Eladd En\"},\"image\":{\"@id\":\"https:\/\/eladd.org\/en\/#\/schema\/logo\/image\/\"}}]}<\/script>\n<!-- \/ Yoast SEO plugin. -->","yoast_head_json":{"title":"Objectives - Eladd En","robots":{"index":"index","follow":"follow","max-snippet":"max-snippet:-1","max-image-preview":"max-image-preview:large","max-video-preview":"max-video-preview:-1"},"canonical":"https:\/\/eladd.org\/en\/objectives\/","og_locale":"en_US","og_type":"article","og_title":"Objectives - Eladd En","og_description":"[vc_row full_width=&rdquo;stretch_row&rdquo; bg_style=&rdquo;repeat&rdquo; css=&rdquo;.vc_custom_1594061341030{background-position: 0 0 !important;background-repeat: repeat !important;}&rdquo; el_class=&rdquo;objetivos&rdquo;][vc_column][vc_column_text el_class=&rdquo;seccion__titulo&rdquo;] Our Project [\/vc_column_text][\/vc_column][\/vc_row][vc_row][vc_column][vc_single_image image=&rdquo;723&Prime;][vc_single_image image=&rdquo;659&Prime; alignment=&rdquo;center&rdquo; css=&rdquo;.vc_custom_1594060737203{margin-top: 35px !important;margin-bottom: 35px !important;}&rdquo;][vc_row_inner][vc_column_inner width=&rdquo;1\/2&Prime;][vc_column_text el_class=&rdquo;seccion__texto&rdquo;] Nineteenth-Century Latin American Women Writers &ndash; Online Collection is a project with a totalizing vision of&hellip;","og_url":"https:\/\/eladd.org\/en\/objectives\/","og_site_name":"Eladd En","article_modified_time":"2021-02-13T17:20:52+00:00","og_image":[{"url":"https:\/\/eladd.org\/en\/wp-content\/uploads\/sites\/2\/2015\/09\/icon-space.png","type":"","width":"","height":""}],"twitter_card":"summary_large_image","twitter_misc":{"Est. reading time":"7 minutes"},"schema":{"@context":"https:\/\/schema.org","@graph":[{"@type":"WebPage","@id":"https:\/\/eladd.org\/en\/objectives\/","url":"https:\/\/eladd.org\/en\/objectives\/","name":"Objectives - Eladd En","isPartOf":{"@id":"https:\/\/eladd.org\/en\/#website"},"primaryImageOfPage":{"@id":"https:\/\/eladd.org\/en\/objectives\/#primaryimage"},"image":{"@id":"https:\/\/eladd.org\/en\/objectives\/#primaryimage"},"thumbnailUrl":"https:\/\/eladd.org\/en\/wp-content\/uploads\/sites\/2\/2015\/09\/icon-space.png","datePublished":"2014-07-02T17:42:14+00:00","dateModified":"2021-02-13T17:20:52+00:00","breadcrumb":{"@id":"https:\/\/eladd.org\/en\/objectives\/#breadcrumb"},"inLanguage":"en-US","potentialAction":[{"@type":"ReadAction","target":["https:\/\/eladd.org\/en\/objectives\/"]}]},{"@type":"ImageObject","inLanguage":"en-US","@id":"https:\/\/eladd.org\/en\/objectives\/#primaryimage","url":"https:\/\/eladd.org\/en\/wp-content\/uploads\/sites\/2\/2015\/09\/icon-space.png","contentUrl":"https:\/\/eladd.org\/en\/wp-content\/uploads\/sites\/2\/2015\/09\/icon-space.png","width":150,"height":8},{"@type":"BreadcrumbList","@id":"https:\/\/eladd.org\/en\/objectives\/#breadcrumb","itemListElement":[{"@type":"ListItem","position":1,"name":"Home","item":"https:\/\/eladd.org\/en\/"},{"@type":"ListItem","position":2,"name":"Objectives"}]},{"@type":"WebSite","@id":"https:\/\/eladd.org\/en\/#website","url":"https:\/\/eladd.org\/en\/","name":"Eladd En","description":"Ninteenth-Century Latin American Women Writers","publisher":{"@id":"https:\/\/eladd.org\/en\/#organization"},"potentialAction":[{"@type":"SearchAction","target":{"@type":"EntryPoint","urlTemplate":"https:\/\/eladd.org\/en\/?s={search_term_string}"},"query-input":{"@type":"PropertyValueSpecification","valueRequired":true,"valueName":"search_term_string"}}],"inLanguage":"en-US"},{"@type":"Organization","@id":"https:\/\/eladd.org\/en\/#organization","name":"Eladd En","url":"https:\/\/eladd.org\/en\/","logo":{"@type":"ImageObject","inLanguage":"en-US","@id":"https:\/\/eladd.org\/en\/#\/schema\/logo\/image\/","url":"https:\/\/eladd.org\/en\/wp-content\/uploads\/sites\/2\/2025\/07\/logo-eladd.png","contentUrl":"https:\/\/eladd.org\/en\/wp-content\/uploads\/sites\/2\/2025\/07\/logo-eladd.png","width":324,"height":77,"caption":"Eladd En"},"image":{"@id":"https:\/\/eladd.org\/en\/#\/schema\/logo\/image\/"}}]}},"_links":{"self":[{"href":"https:\/\/eladd.org\/en\/wp-json\/wp\/v2\/pages\/16","targetHints":{"allow":["GET"]}}],"collection":[{"href":"https:\/\/eladd.org\/en\/wp-json\/wp\/v2\/pages"}],"about":[{"href":"https:\/\/eladd.org\/en\/wp-json\/wp\/v2\/types\/page"}],"author":[{"embeddable":true,"href":"https:\/\/eladd.org\/en\/wp-json\/wp\/v2\/users\/1"}],"replies":[{"embeddable":true,"href":"https:\/\/eladd.org\/en\/wp-json\/wp\/v2\/comments?post=16"}],"version-history":[{"count":27,"href":"https:\/\/eladd.org\/en\/wp-json\/wp\/v2\/pages\/16\/revisions"}],"predecessor-version":[{"id":12142,"href":"https:\/\/eladd.org\/en\/wp-json\/wp\/v2\/pages\/16\/revisions\/12142"}],"wp:attachment":[{"href":"https:\/\/eladd.org\/en\/wp-json\/wp\/v2\/media?parent=16"}],"curies":[{"name":"wp","href":"https:\/\/api.w.org\/{rel}","templated":true}]}}