{"id":1652,"date":"2018-12-07T17:58:10","date_gmt":"2018-12-07T17:58:10","guid":{"rendered":"https:\/\/eladd.org\/en\/?page_id=1652"},"modified":"2025-11-12T03:39:08","modified_gmt":"2025-11-12T03:39:08","slug":"maria-martinez-de-nisser","status":"publish","type":"page","link":"https:\/\/eladd.org\/en\/maria-martinez-de-nisser\/","title":{"rendered":"Mar\u00eda Mart\u00ednez de Nisser"},"content":{"rendered":"<div class=\"wpb-content-wrapper\">[vc_row full_width=&#8221;stretch_row&#8221; tablet_fullwidth_cols=&#8221;&#8221; bg_style=&#8221;repeat&#8221; bg_image=&#8221;1837&#8243;][vc_column][vc_column_text el_class=&#8221;autoras__titulo&#8221;]\n<h1 style=\"text-align: center;\">Mar\u00eda Mart\u00ednez de Nisser<\/h1>\n<p style=\"text-align: center;\">(1812-1872)<br \/>\n<img loading=\"lazy\" decoding=\"async\" class=\"size-full wp-image-1816 aligncenter\" src=\"\/\/eladd.org\/wp-content\/uploads\/2015\/09\/icon-space.png\" alt=\"icon-space\" width=\"150\" height=\"8\" \/>[\/vc_column_text][\/vc_column][\/vc_row][vc_row full_width=&#8221;stretch_row&#8221;][vc_column][vc_column_text el_class=&#8221;autoras__texto&#8221;]<img loading=\"lazy\" decoding=\"async\" class=\"size-full wp-image-2732 alignright\" src=\"https:\/\/eladd.org\/wp-content\/uploads\/2018\/04\/Untitled.png\" alt=\"\" width=\"346\" height=\"469\" \/><\/p>\n<p>Naci\u00f3 en 1812 en Sons\u00f3n, Antioquia. Hija de Paula Arango y Pedro Mart\u00ednez, quien fue maestro en dicho pueblo donde ella m\u00e1s tarde ejercer\u00eda la misma profesi\u00f3n. Se sabe que hablaba franc\u00e9s e ingl\u00e9s. Fue una mujer valiente que no solo se atrevi\u00f3 a luchar por su patria sino que adem\u00e1s dej\u00f3 testimonio escrito. En 1831 contrajo matrimonio con Pedro Nisser natural de Suecia.<\/p>\n<p>Tanto ella como su familia apoyaron la Guerra de los Supremos, defendiendo el gobierno constitucional, en contra de una facci\u00f3n que defend\u00eda un \u2018supuesto\u2019 gobierno federal. Decidi\u00f3 enlistarse en el ej\u00e9rcito, despu\u00e9s de que su esposo fuera capturado por los enemigos, y all\u00ed cumpli\u00f3 varias funciones, pero pas\u00f3 a la historia gracias al diario que escribi\u00f3 durante 1840 y 1841, narrando los sucesos de dicha guerra y que adem\u00e1s fue publicado, durante su vida, en 1843. La captura de su esposo y el amor a su patria fueron las causas que m\u00e1s la motivaron a enlistarse en el ej\u00e9rcito; para esto cort\u00f3 su cabello, visti\u00f3 traje de hombre y port\u00f3 lanza en mano.<\/p>\n<p>Su bando fue el vencedor; fue condecorada en acto p\u00fablico en Medell\u00edn y, como ya se dijo, su diario fue publicado en Bogot\u00e1, en 1843. Muri\u00f3 en 1872 mientras su esposo se encontraba de viaje en Europa.<\/p>\n<p><strong>Melisa Fl\u00f3rez Uruburo<\/strong><\/p>\n<p><strong>Universidad de Antioquia<\/strong><\/p>\n<p>melisa.florez@udea.edu.co<\/p>\n<p>&nbsp;<\/p>\n<p>&nbsp;<\/p>\n<p><strong>Obras de la escritora: originales y editadas<\/strong><\/p>\n<p><strong>\u00a0<\/strong><\/p>\n<p>(1843). Diario de los sucesos de la revoluci\u00f3n en la Provincia de Antioquia en los a\u00f1os de 1840-1841. Bogot\u00e1: Benito Gait\u00e1n. Disponible en:<\/p>\n<p><a href=\"http:\/\/catalogoenlinea.bibliotecanacional.gov.co\/client\/es_ES\/search\/asset\/73626\/0\">http:\/\/catalogoenlinea.bibliotecanacional.gov.co\/client\/es_ES\/search\/asset\/73626\/0<\/a><\/p>\n<p>&nbsp;<\/p>\n<p>(2012). Diario de los sucesos de la revoluci\u00f3n en la Provincia de Antioquia en los a\u00f1os de 1840-1841. Medell\u00edn : Fondo Editorial Universidad EAFIT. Disponible en: <a href=\"https:\/\/repository.eafit.edu.co\/bitstream\/handle\/10784\/62\/9789587201260.pdf?sequence=1&amp;isAllowed=y\">https:\/\/repository.eafit.edu.co\/bitstream\/handle\/10784\/62\/9789587201260.pdf?sequence=1&amp;isAllowed=y<\/a><\/p>\n<p>&nbsp;<\/p>\n<p><strong>Obras cr\u00edticas y material de referencia (libros, cap\u00edtulos en libros, art\u00edculos, enciclopedias, tesis y disertaciones, multimedia, y recursos en la internet)<\/strong><\/p>\n<p>&nbsp;<\/p>\n<p>Alzate, Carolina. (2008, Jul.- dic.) \u201cMar\u00eda Mart\u00ednez de Nisser: una opini\u00f3n y un cuerpo que se exponen\u201d. En: <em>Cuadernos de literatura<\/em>, 13 (25), pp. 24-36.<\/p>\n<p>&nbsp;<\/p>\n<p>Aristiz\u00e1bal Uribe, Ana Cristina. (2012). <em>Armada de amores: relato ficcionado de la vida de Ana Mar\u00eda Mart\u00ednez de Nisser. <\/em>Medell\u00edn: Universidad Pontificia Bolivariana.<\/p>\n<p>&nbsp;<\/p>\n<p>Aristiz\u00e1bal Montes, Patricia. (1999). \u201cEscritoras colombianas del siglo XIX: Militancia y escritura en Mar\u00eda Mart\u00ednez de Nisser\u201d. En: <em>Contextos, <\/em>23, pp. 73-87.<\/p>\n<p>&nbsp;<\/p>\n<p>Bueno Villada, Laura Isabel, Pineda Carmona, Rub\u00e9n Dar\u00edo. (2014). <em>Simona y Mar\u00eda: la madre, la esposa y la guerra. Dos rostros de mujeres del siglo XIX en Antioquia.<\/em> Tesis para optar por t\u00edtulo de periodista. Medell\u00edn: Universidad de Antioquia.<\/p>\n<p>&nbsp;<\/p>\n<p>Fajardo Barrag\u00e1n, Arnovy. (2012, Dic.). \u201cAmor conyugal y pasi\u00f3n por la Patria Mar\u00eda Mart\u00ednez de Nisser y la revoluci\u00f3n de los supremos en Antioquia (1840-1841)\u201d. En: <em>Revista Credencial Historia, <\/em>(0276), pp. 8-12. Tambi\u00e9n disponible en: <a href=\"http:\/\/www.revistacredencial.com\/credencial\/historia\/temas\/amor-conyugal-y-pasion-por-la-patria\">http:\/\/www.revistacredencial.com\/credencial\/historia\/temas\/amor-conyugal-y-pasion-por-la-patria<\/a><\/p>\n<p>&nbsp;<\/p>\n<p>Giraldo Restrepo, Paula Andrea. (2007). <em>Mujeres antioque\u00f1as en la memoria de la ciudad<\/em>. Medell\u00edn: Alcald\u00eda de Medell\u00edn. Secretar\u00eda de Cultura Ciudadana. pp. 54-67.<\/p>\n<p>&nbsp;<\/p>\n<p>G\u00f3mez G\u00f3mez, Amanda. (2010). <em>Mujeres hero\u00ednas en Colombia y hechos guerreros.<\/em> Medell\u00edn : Imprenta Departamental de Antioquia.<\/p>\n<p>&nbsp;<\/p>\n<p>Heano, Braulio. (1841). <em>Rep\u00fablica de la Nueva Granada, segunda comandancia en jefe de la columna de operaciones sobre Antioquia.<\/em> Medell\u00edn: Manuel Antonio Balcazar.<\/p>\n<p>&nbsp;<\/p>\n<p>Mart\u00ednez de Nisser, Ana Mar\u00eda. (s.f.). En <em>Wikipedia<\/em>. Recuperado el 15 de noviembre de 2017 de <a href=\"https:\/\/es.wikipedia.org\/wiki\/Ana_Mar%C3%ADa_Mart%C3%ADnez_de_Nisser\">https:\/\/es.wikipedia.org\/wiki\/Ana_Mar%C3%ADa_Mart%C3%ADnez_de_Nisser<\/a><\/p>\n<p>&nbsp;<\/p>\n<p>Marulanda Restrepo, Juan Sebastian. (2011). <em>Ensayos de historia regional de Antioquia<\/em>. Medell\u00edn : Impregon.<\/p>\n<p>&nbsp;<\/p>\n<p>Mujica Vel\u00e1squez, Elisa. (1980, Jul.). \u201cMujeres de Antioquia: Mar\u00eda Mart\u00ednez de Nisser, escritora y soldado\u201d. En: <em>Repertorio hist\u00f3rico de la Academia Antioque\u00f1a de Historia, <\/em>033 (0235), pp. 360-364.<\/p>\n<p>&nbsp;<\/p>\n<p>Nieto Nieto, Gloria Patricia. (1994, Sept.). \u201cMar\u00eda Mart\u00ednez de Nisser: amores de una maestra\u201d. En: <em>La Hoja de Medell\u00edn<\/em>, 24, pp. 28-29.<\/p>\n<p>&nbsp;<\/p>\n<p>Nieto, Patricia. (2012 [1994]). \u201cAmores y batallas de Mar\u00eda Mart\u00ednez de Nisser\u201d. En: <em>Diario de los sucesos de la Revoluci\u00f3n en la Provincia de Antioquia en los a\u00f1os 1840- 1841<\/em> (pp. 7-11). Medell\u00edn: Fondo Editorial Universidad EAFIT.<\/p>\n<p>&nbsp;<\/p>\n<p>P\u00e9rez Silva, Vicente. (1974). <em>La autobiograf\u00eda en Colombia. Mar\u00eda Mart\u00ednez de Nisser. <\/em>Bogot\u00e1: Banco de la Rep\u00fablica. Recuperado de <a href=\"http:\/\/www.banrepcultural.org\/blaavirtual\/literatura\/autobiog\/auto30.htm\">http:\/\/www.banrepcultural.org\/blaavirtual\/literatura\/autobiog\/auto30.htm<\/a><\/p>\n<p>&nbsp;<\/p>\n<p>Posada Arango, Andr\u00e9s. (1919, Jun.). \u201cUna tumba m\u00e1s\u201d. En: <em>Repertorio hist\u00f3rico de la Academia Antioque\u00f1a de Historia, <\/em>002 (0014), 629-630.<\/p>\n<p>&nbsp;<\/p>\n<p>Quevedo Alvarado, Mar\u00eda Piedad. (2017). <em>Diario de los sucesos de la revoluci\u00f3n de la provincia de Antioquia en los a\u00f1os de 1840 i 1841<\/em>. Colombia: Biblioteca Nacional. Recuperado de <a href=\"http:\/\/bibliotecanacional.gov.co\/es-co\/actividades\/Publicaciones-sobre-el-patrimonio\/Pieza-del-mes\/detalle-pieza-del-mes?titulo=Diario%20de%20los%20sucesos%20de%20la%20revoluci%C3%B3n%20de%20la%20provincia%20de%20Antioquia%20en%20los%20a%C3%B1os%20de%201840%20i%201841\">http:\/\/bibliotecanacional.gov.co\/es-co\/actividades\/Publicaciones-sobre-el-patrimonio\/Pieza-del-mes\/detalle-pieza-del-mes?titulo=Diario%20de%20los%20sucesos%20de%20la%20revoluci%C3%B3n%20de%20la%20provincia%20de%20Antioquia%20en%20los%20a%C3%B1os%20de%201840%20i%201841<\/a>.<\/p>\n<p>&nbsp;<\/p>\n<p>Rodr\u00edguez Arenas, F. (1991) \u201cMar\u00eda Mart\u00ednez de Nisser (1843): el diario como (re)construcci\u00f3n de estrategias discursivas en la literatura decimon\u00f3nica colombiana\u201d. En: <em>\u00bfY las mujeres? <\/em>(pp.89-108). Medell\u00edn, Colombia: Universidad de Antioquia.<\/p>\n<p>&nbsp;<\/p>\n<p>Romero Contreras, Mar\u00eda del Rosario. (2002, Nov.). \u201cMar\u00eda Mart\u00ednez y su diario en la revoluci\u00f3n de los supremos, Antioquia, 1840-1841\u201d. En: <em>Revista Cooperativismo y Desarrollo<\/em>, 80, pp. 65-68.<\/p>\n<p>&nbsp;<\/p>\n<p>Tisn\u00e9s Jim\u00e9nez, Roberto Maria. (1983). <em>Mar\u00eda Mart\u00ednez de Nisser y la revoluci\u00f3n de los supremos. <\/em>Bogot\u00e1: Banco Popular. 2 ed. Sons\u00f3n (Antioquia) : Centro de Historia de San Jos\u00e9 de Ezpeleta de Sons\u00f3n, 2011.<\/p>\n<p><strong>\u00a0<\/strong><\/p>\n<p>Zapata Cuencar, Heriberto. (s.f.). Mart\u00ednez de Nisser, Ana Mar\u00eda. Colombia: Banco de la Rep\u00fablica. Recuperado de <u>http:\/\/www.banrepcultural.org\/blaavirtual\/biografias\/martanam.htm<\/u>[\/vc_column_text][\/vc_column][\/vc_row][vc_row][vc_column][\/vc_column][\/vc_row]\n<\/div>","protected":false},"excerpt":{"rendered":"<p>[vc_row full_width=&rdquo;stretch_row&rdquo; tablet_fullwidth_cols=&rdquo;&rdquo; bg_style=&rdquo;repeat&rdquo; bg_image=&rdquo;1837&Prime;][vc_column][vc_column_text el_class=&rdquo;autoras__titulo&rdquo;] Mar&iacute;a Mart&iacute;nez de Nisser (1812-1872) [\/vc_column_text][\/vc_column][\/vc_row][vc_row full_width=&rdquo;stretch_row&rdquo;][vc_column][vc_column_text el_class=&rdquo;autoras__texto&rdquo;] Naci&oacute; en 1812 en Sons&oacute;n, Antioquia. Hija de Paula Arango y Pedro Mart&iacute;nez, quien fue maestro en dicho pueblo donde ella m&aacute;s tarde ejercer&iacute;a la misma&hellip;<\/p>\n","protected":false},"author":2,"featured_media":0,"parent":0,"menu_order":0,"comment_status":"closed","ping_status":"closed","template":"","meta":{"footnotes":""},"class_list":["post-1652","page","type-page","status-publish","hentry","entry","no-media"],"yoast_head":"<!-- This site is optimized with the Yoast SEO plugin v26.1.1 - https:\/\/yoast.com\/wordpress\/plugins\/seo\/ -->\n<title>Mar\u00eda Mart\u00ednez de Nisser - Eladd En<\/title>\n<meta name=\"robots\" content=\"index, follow, max-snippet:-1, max-image-preview:large, max-video-preview:-1\" \/>\n<link rel=\"canonical\" href=\"https:\/\/eladd.org\/en\/maria-martinez-de-nisser\/\" \/>\n<meta property=\"og:locale\" content=\"en_US\" \/>\n<meta property=\"og:type\" content=\"article\" \/>\n<meta property=\"og:title\" content=\"Mar\u00eda Mart\u00ednez de Nisser - Eladd En\" \/>\n<meta property=\"og:description\" content=\"[vc_row full_width=&rdquo;stretch_row&rdquo; tablet_fullwidth_cols=&rdquo;&rdquo; bg_style=&rdquo;repeat&rdquo; bg_image=&rdquo;1837&Prime;][vc_column][vc_column_text el_class=&rdquo;autoras__titulo&rdquo;] Mar&iacute;a Mart&iacute;nez de Nisser (1812-1872) [\/vc_column_text][\/vc_column][\/vc_row][vc_row full_width=&rdquo;stretch_row&rdquo;][vc_column][vc_column_text el_class=&rdquo;autoras__texto&rdquo;] Naci&oacute; en 1812 en Sons&oacute;n, Antioquia. Hija de Paula Arango y Pedro Mart&iacute;nez, quien fue maestro en dicho pueblo donde ella m&aacute;s tarde ejercer&iacute;a la misma&hellip;\" \/>\n<meta property=\"og:url\" content=\"https:\/\/eladd.org\/en\/maria-martinez-de-nisser\/\" \/>\n<meta property=\"og:site_name\" content=\"Eladd En\" \/>\n<meta property=\"article:modified_time\" content=\"2025-11-12T03:39:08+00:00\" \/>\n<meta property=\"og:image\" content=\"https:\/\/eladd.org\/wp-content\/uploads\/2018\/04\/Untitled.png\" \/>\n<meta name=\"twitter:card\" content=\"summary_large_image\" \/>\n<meta name=\"twitter:label1\" content=\"Est. reading time\" \/>\n\t<meta name=\"twitter:data1\" content=\"5 minutes\" \/>\n<script type=\"application\/ld+json\" class=\"yoast-schema-graph\">{\"@context\":\"https:\/\/schema.org\",\"@graph\":[{\"@type\":\"WebPage\",\"@id\":\"https:\/\/eladd.org\/en\/maria-martinez-de-nisser\/\",\"url\":\"https:\/\/eladd.org\/en\/maria-martinez-de-nisser\/\",\"name\":\"Mar\u00eda Mart\u00ednez de Nisser - Eladd En\",\"isPartOf\":{\"@id\":\"https:\/\/eladd.org\/en\/#website\"},\"primaryImageOfPage\":{\"@id\":\"https:\/\/eladd.org\/en\/maria-martinez-de-nisser\/#primaryimage\"},\"image\":{\"@id\":\"https:\/\/eladd.org\/en\/maria-martinez-de-nisser\/#primaryimage\"},\"thumbnailUrl\":\"https:\/\/eladd.org\/wp-content\/uploads\/2018\/04\/Untitled.png\",\"datePublished\":\"2018-12-07T17:58:10+00:00\",\"dateModified\":\"2025-11-12T03:39:08+00:00\",\"breadcrumb\":{\"@id\":\"https:\/\/eladd.org\/en\/maria-martinez-de-nisser\/#breadcrumb\"},\"inLanguage\":\"en-US\",\"potentialAction\":[{\"@type\":\"ReadAction\",\"target\":[\"https:\/\/eladd.org\/en\/maria-martinez-de-nisser\/\"]}]},{\"@type\":\"ImageObject\",\"inLanguage\":\"en-US\",\"@id\":\"https:\/\/eladd.org\/en\/maria-martinez-de-nisser\/#primaryimage\",\"url\":\"https:\/\/eladd.org\/wp-content\/uploads\/2018\/04\/Untitled.png\",\"contentUrl\":\"https:\/\/eladd.org\/wp-content\/uploads\/2018\/04\/Untitled.png\"},{\"@type\":\"BreadcrumbList\",\"@id\":\"https:\/\/eladd.org\/en\/maria-martinez-de-nisser\/#breadcrumb\",\"itemListElement\":[{\"@type\":\"ListItem\",\"position\":1,\"name\":\"Home\",\"item\":\"https:\/\/eladd.org\/en\/\"},{\"@type\":\"ListItem\",\"position\":2,\"name\":\"Mar\u00eda Mart\u00ednez de Nisser\"}]},{\"@type\":\"WebSite\",\"@id\":\"https:\/\/eladd.org\/en\/#website\",\"url\":\"https:\/\/eladd.org\/en\/\",\"name\":\"Eladd En\",\"description\":\"Ninteenth-Century Latin American Women Writers\",\"publisher\":{\"@id\":\"https:\/\/eladd.org\/en\/#organization\"},\"potentialAction\":[{\"@type\":\"SearchAction\",\"target\":{\"@type\":\"EntryPoint\",\"urlTemplate\":\"https:\/\/eladd.org\/en\/?s={search_term_string}\"},\"query-input\":{\"@type\":\"PropertyValueSpecification\",\"valueRequired\":true,\"valueName\":\"search_term_string\"}}],\"inLanguage\":\"en-US\"},{\"@type\":\"Organization\",\"@id\":\"https:\/\/eladd.org\/en\/#organization\",\"name\":\"Eladd En\",\"url\":\"https:\/\/eladd.org\/en\/\",\"logo\":{\"@type\":\"ImageObject\",\"inLanguage\":\"en-US\",\"@id\":\"https:\/\/eladd.org\/en\/#\/schema\/logo\/image\/\",\"url\":\"https:\/\/eladd.org\/en\/wp-content\/uploads\/sites\/2\/2025\/07\/logo-eladd.png\",\"contentUrl\":\"https:\/\/eladd.org\/en\/wp-content\/uploads\/sites\/2\/2025\/07\/logo-eladd.png\",\"width\":324,\"height\":77,\"caption\":\"Eladd En\"},\"image\":{\"@id\":\"https:\/\/eladd.org\/en\/#\/schema\/logo\/image\/\"}}]}<\/script>\n<!-- \/ Yoast SEO plugin. -->","yoast_head_json":{"title":"Mar\u00eda Mart\u00ednez de Nisser - Eladd En","robots":{"index":"index","follow":"follow","max-snippet":"max-snippet:-1","max-image-preview":"max-image-preview:large","max-video-preview":"max-video-preview:-1"},"canonical":"https:\/\/eladd.org\/en\/maria-martinez-de-nisser\/","og_locale":"en_US","og_type":"article","og_title":"Mar\u00eda Mart\u00ednez de Nisser - Eladd En","og_description":"[vc_row full_width=&rdquo;stretch_row&rdquo; tablet_fullwidth_cols=&rdquo;&rdquo; bg_style=&rdquo;repeat&rdquo; bg_image=&rdquo;1837&Prime;][vc_column][vc_column_text el_class=&rdquo;autoras__titulo&rdquo;] Mar&iacute;a Mart&iacute;nez de Nisser (1812-1872) [\/vc_column_text][\/vc_column][\/vc_row][vc_row full_width=&rdquo;stretch_row&rdquo;][vc_column][vc_column_text el_class=&rdquo;autoras__texto&rdquo;] Naci&oacute; en 1812 en Sons&oacute;n, Antioquia. Hija de Paula Arango y Pedro Mart&iacute;nez, quien fue maestro en dicho pueblo donde ella m&aacute;s tarde ejercer&iacute;a la misma&hellip;","og_url":"https:\/\/eladd.org\/en\/maria-martinez-de-nisser\/","og_site_name":"Eladd En","article_modified_time":"2025-11-12T03:39:08+00:00","og_image":[{"url":"https:\/\/eladd.org\/wp-content\/uploads\/2018\/04\/Untitled.png","type":"","width":"","height":""}],"twitter_card":"summary_large_image","twitter_misc":{"Est. reading time":"5 minutes"},"schema":{"@context":"https:\/\/schema.org","@graph":[{"@type":"WebPage","@id":"https:\/\/eladd.org\/en\/maria-martinez-de-nisser\/","url":"https:\/\/eladd.org\/en\/maria-martinez-de-nisser\/","name":"Mar\u00eda Mart\u00ednez de Nisser - Eladd En","isPartOf":{"@id":"https:\/\/eladd.org\/en\/#website"},"primaryImageOfPage":{"@id":"https:\/\/eladd.org\/en\/maria-martinez-de-nisser\/#primaryimage"},"image":{"@id":"https:\/\/eladd.org\/en\/maria-martinez-de-nisser\/#primaryimage"},"thumbnailUrl":"https:\/\/eladd.org\/wp-content\/uploads\/2018\/04\/Untitled.png","datePublished":"2018-12-07T17:58:10+00:00","dateModified":"2025-11-12T03:39:08+00:00","breadcrumb":{"@id":"https:\/\/eladd.org\/en\/maria-martinez-de-nisser\/#breadcrumb"},"inLanguage":"en-US","potentialAction":[{"@type":"ReadAction","target":["https:\/\/eladd.org\/en\/maria-martinez-de-nisser\/"]}]},{"@type":"ImageObject","inLanguage":"en-US","@id":"https:\/\/eladd.org\/en\/maria-martinez-de-nisser\/#primaryimage","url":"https:\/\/eladd.org\/wp-content\/uploads\/2018\/04\/Untitled.png","contentUrl":"https:\/\/eladd.org\/wp-content\/uploads\/2018\/04\/Untitled.png"},{"@type":"BreadcrumbList","@id":"https:\/\/eladd.org\/en\/maria-martinez-de-nisser\/#breadcrumb","itemListElement":[{"@type":"ListItem","position":1,"name":"Home","item":"https:\/\/eladd.org\/en\/"},{"@type":"ListItem","position":2,"name":"Mar\u00eda Mart\u00ednez de Nisser"}]},{"@type":"WebSite","@id":"https:\/\/eladd.org\/en\/#website","url":"https:\/\/eladd.org\/en\/","name":"Eladd En","description":"Ninteenth-Century Latin American Women Writers","publisher":{"@id":"https:\/\/eladd.org\/en\/#organization"},"potentialAction":[{"@type":"SearchAction","target":{"@type":"EntryPoint","urlTemplate":"https:\/\/eladd.org\/en\/?s={search_term_string}"},"query-input":{"@type":"PropertyValueSpecification","valueRequired":true,"valueName":"search_term_string"}}],"inLanguage":"en-US"},{"@type":"Organization","@id":"https:\/\/eladd.org\/en\/#organization","name":"Eladd En","url":"https:\/\/eladd.org\/en\/","logo":{"@type":"ImageObject","inLanguage":"en-US","@id":"https:\/\/eladd.org\/en\/#\/schema\/logo\/image\/","url":"https:\/\/eladd.org\/en\/wp-content\/uploads\/sites\/2\/2025\/07\/logo-eladd.png","contentUrl":"https:\/\/eladd.org\/en\/wp-content\/uploads\/sites\/2\/2025\/07\/logo-eladd.png","width":324,"height":77,"caption":"Eladd En"},"image":{"@id":"https:\/\/eladd.org\/en\/#\/schema\/logo\/image\/"}}]}},"_links":{"self":[{"href":"https:\/\/eladd.org\/en\/wp-json\/wp\/v2\/pages\/1652","targetHints":{"allow":["GET"]}}],"collection":[{"href":"https:\/\/eladd.org\/en\/wp-json\/wp\/v2\/pages"}],"about":[{"href":"https:\/\/eladd.org\/en\/wp-json\/wp\/v2\/types\/page"}],"author":[{"embeddable":true,"href":"https:\/\/eladd.org\/en\/wp-json\/wp\/v2\/users\/2"}],"replies":[{"embeddable":true,"href":"https:\/\/eladd.org\/en\/wp-json\/wp\/v2\/comments?post=1652"}],"version-history":[{"count":2,"href":"https:\/\/eladd.org\/en\/wp-json\/wp\/v2\/pages\/1652\/revisions"}],"predecessor-version":[{"id":24807,"href":"https:\/\/eladd.org\/en\/wp-json\/wp\/v2\/pages\/1652\/revisions\/24807"}],"wp:attachment":[{"href":"https:\/\/eladd.org\/en\/wp-json\/wp\/v2\/media?parent=1652"}],"curies":[{"name":"wp","href":"https:\/\/api.w.org\/{rel}","templated":true}]}}