{"id":189,"date":"2014-07-03T21:57:30","date_gmt":"2014-07-03T21:57:30","guid":{"rendered":"https:\/\/eladd.org\/en\/?page_id=189"},"modified":"2014-07-03T21:57:30","modified_gmt":"2014-07-03T21:57:30","slug":"iv-international-seminar-redes-publicas-relaciones-editoriales-la-red-publica-de-las-letras-transatlanticas-eladd-project-presentation","status":"publish","type":"page","link":"https:\/\/eladd.org\/en\/iv-international-seminar-redes-publicas-relaciones-editoriales-la-red-publica-de-las-letras-transatlanticas-eladd-project-presentation\/","title":{"rendered":"IV International Seminar: Redes p\u00fablicas, relaciones editoriales: la Re(d) p\u00fablica de las Letras Transatl\u00e1nticas. Eladd Project Presentation."},"content":{"rendered":"<div id=\"content-n\">\n<div class=\"division-023\">\n<center>\n\t\t\t<!-- START Slider9 REVOLUTION SLIDER 6.7.28 --><p class=\"rs-p-wp-fix\"><\/p>\n\t\t\t<rs-module-wrap id=\"rev_slider_9_1_wrapper\" data-source=\"gallery\" data-aimg=\"\"  style=\"visibility:hidden;background:#65A19F;padding:10;margin:0px auto;margin-top:0;margin-bottom:0;\">\n\t\t\t\t<rs-module id=\"rev_slider_9_1\" style=\"\" data-version=\"6.7.28\">\n\t\t\t\t\t<rs-slides style=\"overflow: hidden; position: absolute;\">\n\t\t\t\t\t\t<rs-slide style=\"position: absolute;\" data-key=\"rs-120\" data-title=\"Slide\" data-anim=\"adpr:false;\">\n\t\t\t\t\t\t\t<img decoding=\"async\" src=\"\/\/eladd.org\/en\/wp-content\/plugins\/revslider\/sr6\/assets\/assets\/dummy.png\" alt=\"\" title=\"IV International Seminar: Redes p\u00fablicas, relaciones editoriales: la Re(d) p\u00fablica de las Letras Transatl\u00e1nticas. Eladd Project Presentation.\" class=\"rev-slidebg tp-rs-img rs-lazyload\" data-lazyload=\"\/\/eladd.org\/en\/wp-content\/uploads\/sites\/2\/2014\/07\/IMG_2695-1.png\" data-no-retina>\n<!---->\t\t\t\t\t<\/rs-slide>\n\t\t\t\t\t\t<rs-slide style=\"position: absolute;\" data-key=\"rs-121\" data-title=\"Slide\" data-anim=\"adpr:false;\">\n\t\t\t\t\t\t\t<img decoding=\"async\" src=\"\/\/eladd.org\/en\/wp-content\/plugins\/revslider\/sr6\/assets\/assets\/dummy.png\" alt=\"\" title=\"IV International Seminar: Redes p\u00fablicas, relaciones editoriales: la Re(d) p\u00fablica de las Letras Transatl\u00e1nticas. Eladd Project Presentation.\" class=\"rev-slidebg tp-rs-img rs-lazyload\" data-lazyload=\"\/\/eladd.org\/en\/wp-content\/uploads\/sites\/2\/2014\/07\/IMG_2693-1.png\" data-no-retina>\n<!---->\t\t\t\t\t<\/rs-slide>\n\t\t\t\t\t\t<rs-slide style=\"position: absolute;\" data-key=\"rs-122\" data-title=\"Slide\" data-anim=\"adpr:false;\">\n\t\t\t\t\t\t\t<img decoding=\"async\" src=\"\/\/eladd.org\/en\/wp-content\/plugins\/revslider\/sr6\/assets\/assets\/dummy.png\" alt=\"\" title=\"IV International Seminar: Redes p\u00fablicas, relaciones editoriales: la Re(d) p\u00fablica de las Letras Transatl\u00e1nticas. Eladd Project Presentation.\" class=\"rev-slidebg tp-rs-img rs-lazyload\" data-lazyload=\"\/\/eladd.org\/en\/wp-content\/uploads\/sites\/2\/2014\/07\/IMG_2692.png\" data-no-retina>\n<!---->\t\t\t\t\t<\/rs-slide>\n\t\t\t\t\t\t<rs-slide style=\"position: absolute;\" data-key=\"rs-123\" data-title=\"Slide\" data-anim=\"adpr:false;\">\n\t\t\t\t\t\t\t<img decoding=\"async\" src=\"\/\/eladd.org\/en\/wp-content\/plugins\/revslider\/sr6\/assets\/assets\/dummy.png\" alt=\"\" title=\"IV International Seminar: Redes p\u00fablicas, relaciones editoriales: la Re(d) p\u00fablica de las Letras Transatl\u00e1nticas. Eladd Project Presentation.\" class=\"rev-slidebg tp-rs-img rs-lazyload\" data-lazyload=\"\/\/eladd.org\/en\/wp-content\/uploads\/sites\/2\/2014\/07\/IMG_2690.png\" data-no-retina>\n<!---->\t\t\t\t\t<\/rs-slide>\n\t\t\t\t\t<\/rs-slides>\n\t\t\t\t<\/rs-module>\n\t\t\t\t<script>\n\t\t\t\t\tsetREVStartSize({c: 'rev_slider_9_1',rl:[1240,1024,778,480],el:[],gw:[600],gh:[400],type:'standard',justify:'',layout:'fullwidth',mh:\"0\"});if (window.RS_MODULES!==undefined && window.RS_MODULES.modules!==undefined && window.RS_MODULES.modules[\"revslider91\"]!==undefined) {window.RS_MODULES.modules[\"revslider91\"].once = false;window.revapi9 = undefined;if (window.RS_MODULES.checkMinimal!==undefined) window.RS_MODULES.checkMinimal()}\n\t\t\t\t<\/script>\n\t\t\t<\/rs-module-wrap>\n\t\t\t<!-- END REVOLUTION SLIDER -->\n<\/center>\n<\/div>\n<div class=\"division-derecha\">\n<iframe src=\"\/\/www.facebook.com\/plugins\/likebox.php?href=https%3A%2F%2Fwww.facebook.com%2Feladd.org&amp;width=300&amp;height=450&amp;colorscheme=light&amp;show_faces=true&amp;header=true&amp;stream=true&amp;show_border=true\" scrolling=\"no\" frameborder=\"0\" style=\"border:none; overflow:hidden; width:300px; height:450px;\" allowTransparency=\"true\"><\/iframe>\n<\/div>\n<\/div>\n","protected":false},"excerpt":{"rendered":"","protected":false},"author":1,"featured_media":0,"parent":0,"menu_order":0,"comment_status":"closed","ping_status":"closed","template":"","meta":{"footnotes":""},"class_list":["post-189","page","type-page","status-publish","hentry","entry","no-media"],"yoast_head":"<!-- This site is optimized with the Yoast SEO plugin v26.1.1 - https:\/\/yoast.com\/wordpress\/plugins\/seo\/ -->\n<title>IV International Seminar: Redes p\u00fablicas, relaciones editoriales: la Re(d) p\u00fablica de las Letras Transatl\u00e1nticas. Eladd Project Presentation. - Eladd En<\/title>\n<meta name=\"robots\" content=\"index, follow, max-snippet:-1, max-image-preview:large, max-video-preview:-1\" \/>\n<link rel=\"canonical\" href=\"https:\/\/eladd.org\/en\/iv-international-seminar-redes-publicas-relaciones-editoriales-la-red-publica-de-las-letras-transatlanticas-eladd-project-presentation\/\" \/>\n<meta property=\"og:locale\" content=\"en_US\" \/>\n<meta property=\"og:type\" content=\"article\" \/>\n<meta property=\"og:title\" content=\"IV International Seminar: Redes p\u00fablicas, relaciones editoriales: la Re(d) p\u00fablica de las Letras Transatl\u00e1nticas. Eladd Project Presentation. - Eladd En\" \/>\n<meta property=\"og:url\" content=\"https:\/\/eladd.org\/en\/iv-international-seminar-redes-publicas-relaciones-editoriales-la-red-publica-de-las-letras-transatlanticas-eladd-project-presentation\/\" \/>\n<meta property=\"og:site_name\" content=\"Eladd En\" \/>\n<meta name=\"twitter:card\" content=\"summary_large_image\" \/>\n<script type=\"application\/ld+json\" class=\"yoast-schema-graph\">{\"@context\":\"https:\/\/schema.org\",\"@graph\":[{\"@type\":\"WebPage\",\"@id\":\"https:\/\/eladd.org\/en\/iv-international-seminar-redes-publicas-relaciones-editoriales-la-red-publica-de-las-letras-transatlanticas-eladd-project-presentation\/\",\"url\":\"https:\/\/eladd.org\/en\/iv-international-seminar-redes-publicas-relaciones-editoriales-la-red-publica-de-las-letras-transatlanticas-eladd-project-presentation\/\",\"name\":\"IV International Seminar: Redes p\u00fablicas, relaciones editoriales: la Re(d) p\u00fablica de las Letras Transatl\u00e1nticas. Eladd Project Presentation. - Eladd En\",\"isPartOf\":{\"@id\":\"https:\/\/eladd.org\/en\/#website\"},\"datePublished\":\"2014-07-03T21:57:30+00:00\",\"breadcrumb\":{\"@id\":\"https:\/\/eladd.org\/en\/iv-international-seminar-redes-publicas-relaciones-editoriales-la-red-publica-de-las-letras-transatlanticas-eladd-project-presentation\/#breadcrumb\"},\"inLanguage\":\"en-US\",\"potentialAction\":[{\"@type\":\"ReadAction\",\"target\":[\"https:\/\/eladd.org\/en\/iv-international-seminar-redes-publicas-relaciones-editoriales-la-red-publica-de-las-letras-transatlanticas-eladd-project-presentation\/\"]}]},{\"@type\":\"BreadcrumbList\",\"@id\":\"https:\/\/eladd.org\/en\/iv-international-seminar-redes-publicas-relaciones-editoriales-la-red-publica-de-las-letras-transatlanticas-eladd-project-presentation\/#breadcrumb\",\"itemListElement\":[{\"@type\":\"ListItem\",\"position\":1,\"name\":\"Home\",\"item\":\"https:\/\/eladd.org\/en\/\"},{\"@type\":\"ListItem\",\"position\":2,\"name\":\"IV International Seminar: Redes p\u00fablicas, relaciones editoriales: la Re(d) p\u00fablica de las Letras Transatl\u00e1nticas. Eladd Project Presentation.\"}]},{\"@type\":\"WebSite\",\"@id\":\"https:\/\/eladd.org\/en\/#website\",\"url\":\"https:\/\/eladd.org\/en\/\",\"name\":\"Eladd En\",\"description\":\"Ninteenth-Century Latin American Women Writers\",\"publisher\":{\"@id\":\"https:\/\/eladd.org\/en\/#organization\"},\"potentialAction\":[{\"@type\":\"SearchAction\",\"target\":{\"@type\":\"EntryPoint\",\"urlTemplate\":\"https:\/\/eladd.org\/en\/?s={search_term_string}\"},\"query-input\":{\"@type\":\"PropertyValueSpecification\",\"valueRequired\":true,\"valueName\":\"search_term_string\"}}],\"inLanguage\":\"en-US\"},{\"@type\":\"Organization\",\"@id\":\"https:\/\/eladd.org\/en\/#organization\",\"name\":\"Eladd En\",\"url\":\"https:\/\/eladd.org\/en\/\",\"logo\":{\"@type\":\"ImageObject\",\"inLanguage\":\"en-US\",\"@id\":\"https:\/\/eladd.org\/en\/#\/schema\/logo\/image\/\",\"url\":\"https:\/\/eladd.org\/en\/wp-content\/uploads\/sites\/2\/2025\/07\/logo-eladd.png\",\"contentUrl\":\"https:\/\/eladd.org\/en\/wp-content\/uploads\/sites\/2\/2025\/07\/logo-eladd.png\",\"width\":324,\"height\":77,\"caption\":\"Eladd En\"},\"image\":{\"@id\":\"https:\/\/eladd.org\/en\/#\/schema\/logo\/image\/\"}}]}<\/script>\n<!-- \/ Yoast SEO plugin. -->","yoast_head_json":{"title":"IV International Seminar: Redes p\u00fablicas, relaciones editoriales: la Re(d) p\u00fablica de las Letras Transatl\u00e1nticas. Eladd Project Presentation. - Eladd En","robots":{"index":"index","follow":"follow","max-snippet":"max-snippet:-1","max-image-preview":"max-image-preview:large","max-video-preview":"max-video-preview:-1"},"canonical":"https:\/\/eladd.org\/en\/iv-international-seminar-redes-publicas-relaciones-editoriales-la-red-publica-de-las-letras-transatlanticas-eladd-project-presentation\/","og_locale":"en_US","og_type":"article","og_title":"IV International Seminar: Redes p\u00fablicas, relaciones editoriales: la Re(d) p\u00fablica de las Letras Transatl\u00e1nticas. Eladd Project Presentation. - Eladd En","og_url":"https:\/\/eladd.org\/en\/iv-international-seminar-redes-publicas-relaciones-editoriales-la-red-publica-de-las-letras-transatlanticas-eladd-project-presentation\/","og_site_name":"Eladd En","twitter_card":"summary_large_image","schema":{"@context":"https:\/\/schema.org","@graph":[{"@type":"WebPage","@id":"https:\/\/eladd.org\/en\/iv-international-seminar-redes-publicas-relaciones-editoriales-la-red-publica-de-las-letras-transatlanticas-eladd-project-presentation\/","url":"https:\/\/eladd.org\/en\/iv-international-seminar-redes-publicas-relaciones-editoriales-la-red-publica-de-las-letras-transatlanticas-eladd-project-presentation\/","name":"IV International Seminar: Redes p\u00fablicas, relaciones editoriales: la Re(d) p\u00fablica de las Letras Transatl\u00e1nticas. Eladd Project Presentation. - Eladd En","isPartOf":{"@id":"https:\/\/eladd.org\/en\/#website"},"datePublished":"2014-07-03T21:57:30+00:00","breadcrumb":{"@id":"https:\/\/eladd.org\/en\/iv-international-seminar-redes-publicas-relaciones-editoriales-la-red-publica-de-las-letras-transatlanticas-eladd-project-presentation\/#breadcrumb"},"inLanguage":"en-US","potentialAction":[{"@type":"ReadAction","target":["https:\/\/eladd.org\/en\/iv-international-seminar-redes-publicas-relaciones-editoriales-la-red-publica-de-las-letras-transatlanticas-eladd-project-presentation\/"]}]},{"@type":"BreadcrumbList","@id":"https:\/\/eladd.org\/en\/iv-international-seminar-redes-publicas-relaciones-editoriales-la-red-publica-de-las-letras-transatlanticas-eladd-project-presentation\/#breadcrumb","itemListElement":[{"@type":"ListItem","position":1,"name":"Home","item":"https:\/\/eladd.org\/en\/"},{"@type":"ListItem","position":2,"name":"IV International Seminar: Redes p\u00fablicas, relaciones editoriales: la Re(d) p\u00fablica de las Letras Transatl\u00e1nticas. Eladd Project Presentation."}]},{"@type":"WebSite","@id":"https:\/\/eladd.org\/en\/#website","url":"https:\/\/eladd.org\/en\/","name":"Eladd En","description":"Ninteenth-Century Latin American Women Writers","publisher":{"@id":"https:\/\/eladd.org\/en\/#organization"},"potentialAction":[{"@type":"SearchAction","target":{"@type":"EntryPoint","urlTemplate":"https:\/\/eladd.org\/en\/?s={search_term_string}"},"query-input":{"@type":"PropertyValueSpecification","valueRequired":true,"valueName":"search_term_string"}}],"inLanguage":"en-US"},{"@type":"Organization","@id":"https:\/\/eladd.org\/en\/#organization","name":"Eladd En","url":"https:\/\/eladd.org\/en\/","logo":{"@type":"ImageObject","inLanguage":"en-US","@id":"https:\/\/eladd.org\/en\/#\/schema\/logo\/image\/","url":"https:\/\/eladd.org\/en\/wp-content\/uploads\/sites\/2\/2025\/07\/logo-eladd.png","contentUrl":"https:\/\/eladd.org\/en\/wp-content\/uploads\/sites\/2\/2025\/07\/logo-eladd.png","width":324,"height":77,"caption":"Eladd En"},"image":{"@id":"https:\/\/eladd.org\/en\/#\/schema\/logo\/image\/"}}]}},"_links":{"self":[{"href":"https:\/\/eladd.org\/en\/wp-json\/wp\/v2\/pages\/189","targetHints":{"allow":["GET"]}}],"collection":[{"href":"https:\/\/eladd.org\/en\/wp-json\/wp\/v2\/pages"}],"about":[{"href":"https:\/\/eladd.org\/en\/wp-json\/wp\/v2\/types\/page"}],"author":[{"embeddable":true,"href":"https:\/\/eladd.org\/en\/wp-json\/wp\/v2\/users\/1"}],"replies":[{"embeddable":true,"href":"https:\/\/eladd.org\/en\/wp-json\/wp\/v2\/comments?post=189"}],"version-history":[{"count":1,"href":"https:\/\/eladd.org\/en\/wp-json\/wp\/v2\/pages\/189\/revisions"}],"predecessor-version":[{"id":194,"href":"https:\/\/eladd.org\/en\/wp-json\/wp\/v2\/pages\/189\/revisions\/194"}],"wp:attachment":[{"href":"https:\/\/eladd.org\/en\/wp-json\/wp\/v2\/media?parent=189"}],"curies":[{"name":"wp","href":"https:\/\/api.w.org\/{rel}","templated":true}]}}