{"id":2330,"date":"2019-02-06T15:09:09","date_gmt":"2019-02-06T15:09:09","guid":{"rendered":"https:\/\/eladd.org\/en\/?page_id=2330"},"modified":"2025-11-12T03:46:04","modified_gmt":"2025-11-12T03:46:04","slug":"mercedes-parraga-de-quijano","status":"publish","type":"page","link":"https:\/\/eladd.org\/en\/other-authors\/mercedes-parraga-de-quijano\/","title":{"rendered":"Mercedes P\u00e1rraga de Quijano (Mercedes P\u00e1rraga Paredes)"},"content":{"rendered":"<div class=\"wpb-content-wrapper\">[vc_row full_width=&#8221;stretch_row&#8221; tablet_fullwidth_cols=&#8221;&#8221; bg_style=&#8221;repeat&#8221; bg_image=&#8221;1837&#8243;][vc_column][vc_column_text el_class=&#8221;autoras__titulo&#8221;]\n<h1 style=\"text-align: center;\">Mercedes P\u00e1rraga de Quijano (Mercedes P\u00e1rraga Paredes)<\/h1>\n<p style=\"text-align: center;\">(18\u00bf?- 1870-1 \u00bf?)<br \/>\n<img loading=\"lazy\" decoding=\"async\" class=\"size-full wp-image-1816 aligncenter\" src=\"\/\/eladd.org\/wp-content\/uploads\/2015\/09\/icon-space.png\" alt=\"icon-space\" width=\"150\" height=\"8\" \/>[\/vc_column_text][\/vc_column][\/vc_row][vc_row full_width=&#8221;stretch_row&#8221;][vc_column][vc_column_text el_class=&#8221;autoras__texto&#8221;]Compositora y escritora bogotana. La fecha de su nacimiento es bastante confusa debido a que no existe precisi\u00f3n al respecto. Las razones de su muerte son desconocidas, solo se intuye lo prematuro de su partida.<\/p>\n<p>Fue la primera esposa del historiador Jos\u00e9 Mar\u00eda Quijano Otero. Hija de Francisco P\u00e1rraga Hidalgo (Valencia, Venezuela) y de Paula Paredes Paramanto (Santander, Colombia). A su vez, hermana menor del reconocido m\u00fasico Manuel Mar\u00eda P\u00e1rraga. La genealog\u00eda de la familia invita a considerar el posicionamiento socioecon\u00f3mico al que pertenec\u00eda la autora: una clase media aristocr\u00e1tica o como lo dir\u00eda Egberto Berm\u00fadez en <em>Historia de la m\u00fasica en Santaf\u00e9 y Bogot\u00e1<\/em>: \u201cEn niveles econ\u00f3micamente prestigiosos y pudientes, aunque no pertenecientes a la rica oligarqu\u00eda de la ciudad, encontramos a la familia P\u00e1rraga\u201d (Citado por Luis Carlos Rodr\u00edguez \u00c1lvarez en \u201cEl bambuco de Manuel Mar\u00eda P\u00e1rraga, p. 84).<\/p>\n<p>Sobre su vida se conoce muy poco, pues los m\u00ednimos datos encontrados se limitan a ofrecer informaci\u00f3n biogr\u00e1fica b\u00e1sica que no facilitan un estudio m\u00e1s profundo. Sin embargo, se pudo acceder a la mayor parte de su corta producci\u00f3n, la cual se enumera al final de esta rese\u00f1a.<\/p>\n<p>Seg\u00fan la acad\u00e9mica Flor Mar\u00eda Rodr\u00edguez en <em>Bibliograf\u00eda de la literatura colombiana del siglo XIX<\/em> (2006)<em>, <\/em>la escritora firmaba con los seud\u00f3nimos <em>Mar\u00eda <\/em>o <em>Mariela<\/em>. Mercedes P\u00e1rraga fue principalmente escritora de poes\u00eda, aunque tambi\u00e9n cultiv\u00f3 la novela, de su autor\u00eda es una novela corta llamada <em>Aurora<\/em>. Esta mujer dirigi\u00f3 una antolog\u00eda titulada <em>El \u00e1lbum de los pobres <\/em>(1869), compendio realizado por Jos\u00e9 Caicedo Rojas el cual ten\u00eda el prop\u00f3sito de ser regalado a los <em>pobres<\/em> durante un bazar en Bogot\u00e1 en honor a San Vicente. Sumado a ello, su pretensi\u00f3n con tal publicaci\u00f3n es crear un libro que \u201cenriquecer\u00e1 el caudal de la literatura patria\u201d porque hasta ese momento no se hab\u00eda hecho \u201cuna publicaci\u00f3n especial de producciones de las se\u00f1oras\u201d (1869, p. 6). \u00a0En esta antolog\u00eda se encuentran dos poemas de P\u00e1rraga de Quijano: \u201cTristeza\u201d (dedicado al se\u00f1or Jos\u00e9 Mar\u00eda Vergara y Vergara) y \u201cLa madre\u201d (1868), un poema de tono melanc\u00f3lico. Adem\u00e1s, aparece <em>Aurora <\/em>(dedicada al se\u00f1or Ricardo Carrasquilla), novela inscrita en la corriente rom\u00e1ntica cuya trama gira alrededor de la enfermedad y el amor que no se puede consolidar.<\/p>\n<p>Al parecer, seg\u00fan Rodr\u00edguez (2006), escribi\u00f3 para peri\u00f3dicos como <em>El hogar <\/em>de Soledad Acosta de Samper y <em>Mosaico <\/em>de Jos\u00e9 Mar\u00eda Vergara y Vergara. Sin embargo, esta informaci\u00f3n no se ha podido confrontar.<\/p>\n<p>En peri\u00f3dicos como <em>La Espa\u00f1a Moderna <\/em>(Madrid, 1892, p. 168) y <em>El Album Ibero americano <\/em>(Madrid, 1892, p. 68) las obras que m\u00e1s se destacan de la autora son \u201cSeguidillas elegiacas\u201d y \u201cA un mendigo\u201d. Estas obras apareecen publicadas en la compilaci\u00f3n de Jos\u00e9 Domingo Cort\u00e9s titulada <em>Poetisas americanas: ramillete po\u00e9tico del bello sexo hispanoamericano<\/em> (1896).<\/p>\n<p><strong>Juan Buitrago<\/strong><\/p>\n<p><strong>Universidad de Antioquia<\/strong><\/p>\n<p>jua-1997@hotmail.com<\/p>\n<p>&nbsp;<\/p>\n<p><strong>Bibliograf\u00eda de la autora:<\/strong><\/p>\n<p>P\u00e1rraga de Quijano, M. (Ed.). (1869). <em>El \u00e1lbum de los pobres. <\/em>Informaci\u00f3n recuperada de: <a href=\"http:\/\/babel.banrepcultural.org\/cdm\/singleitem\/collection\/p17054coll10\/id\/25\">http:\/\/babel.banrepcultural.org\/cdm\/singleitem\/collection\/p17054coll10\/id\/25<\/a><\/p>\n<p>&nbsp;<\/p>\n<p>&#8212;&#8212;&#8212;&#8212;&#8212;&#8212;&#8212;&#8212;&#8212;-. (1896). \u201cA un mendigo\u201d. En <em>Poetisas americanas <\/em>de Jos\u00e9 Domingo Cort\u00e9s, p. 171.<\/p>\n<p>&nbsp;<\/p>\n<p>&#8212;&#8212;&#8212;&#8212;&#8212;&#8212;&#8212;&#8212;&#8212;-. (1896). \u201cSeguidillas elegiacas\u201d. En <em>Poetisas americanas <\/em>de Jos\u00e9 Domingo Cort\u00e9s, p. 174.<\/p>\n<p>&nbsp;<\/p>\n<p><strong>Material de referencia.<\/strong><\/p>\n<p>Luque, L. (1954). \u201cFiguras femeninas de la novela en el siglo XIX. Mercedes P\u00e1rraga de Quijano Otero\u201d. <em>La novela femenina colombiana. <\/em>(Tesis para optar al grado de doctor en Filosof\u00eda, Letras y Pedagog\u00eda). Bogot\u00e1: Artes gr\u00e1ficas, 49-50.<\/p>\n<p>Rodr\u00edguez, F. M. (2006). <em>Bibliograf\u00eda de la literatura colombiana del siglo XIX<\/em>. Buenos Aires: Stock Cero.<\/p>\n<p>Nota: Se desconocen las fechas exactas de la escritura de sus obras pues aparecen en esa antolog\u00eda, por lo tanto, se usa la fecha ah\u00ed informada.<\/p>\n<p>Hasta el momento no existe bibliograf\u00eda sobre la autora, se espera poder recopilar m\u00e1s informaci\u00f3n para realizar un an\u00e1lisis m\u00e1s detallado.<\/p>\n<p>&nbsp;[\/vc_column_text][\/vc_column][\/vc_row][vc_row][vc_column][\/vc_column][\/vc_row]\n<\/div>","protected":false},"excerpt":{"rendered":"<p>[vc_row full_width=&rdquo;stretch_row&rdquo; tablet_fullwidth_cols=&rdquo;&rdquo; bg_style=&rdquo;repeat&rdquo; bg_image=&rdquo;1837&Prime;][vc_column][vc_column_text el_class=&rdquo;autoras__titulo&rdquo;] Mercedes P&aacute;rraga de Quijano (Mercedes P&aacute;rraga Paredes) (18&iquest;?- 1870-1 &iquest;?) [\/vc_column_text][\/vc_column][\/vc_row][vc_row full_width=&rdquo;stretch_row&rdquo;][vc_column][vc_column_text el_class=&rdquo;autoras__texto&rdquo;]Compositora y escritora bogotana. La fecha de su nacimiento es bastante confusa debido a que no existe precisi&oacute;n al respecto. Las razones&hellip;<\/p>\n","protected":false},"author":2,"featured_media":0,"parent":98,"menu_order":0,"comment_status":"closed","ping_status":"closed","template":"","meta":{"footnotes":""},"class_list":["post-2330","page","type-page","status-publish","hentry","entry","no-media"],"yoast_head":"<!-- This site is optimized with the Yoast SEO plugin v26.1.1 - https:\/\/yoast.com\/wordpress\/plugins\/seo\/ -->\n<title>Mercedes P\u00e1rraga de Quijano (Mercedes P\u00e1rraga Paredes) - Eladd En<\/title>\n<meta name=\"robots\" content=\"index, follow, max-snippet:-1, max-image-preview:large, max-video-preview:-1\" \/>\n<link rel=\"canonical\" href=\"https:\/\/eladd.org\/en\/other-authors\/mercedes-parraga-de-quijano\/\" \/>\n<meta property=\"og:locale\" content=\"en_US\" \/>\n<meta property=\"og:type\" content=\"article\" \/>\n<meta property=\"og:title\" content=\"Mercedes P\u00e1rraga de Quijano (Mercedes P\u00e1rraga Paredes) - Eladd En\" \/>\n<meta property=\"og:description\" content=\"[vc_row full_width=&rdquo;stretch_row&rdquo; tablet_fullwidth_cols=&rdquo;&rdquo; bg_style=&rdquo;repeat&rdquo; bg_image=&rdquo;1837&Prime;][vc_column][vc_column_text el_class=&rdquo;autoras__titulo&rdquo;] Mercedes P&aacute;rraga de Quijano (Mercedes P&aacute;rraga Paredes) (18&iquest;?- 1870-1 &iquest;?) [\/vc_column_text][\/vc_column][\/vc_row][vc_row full_width=&rdquo;stretch_row&rdquo;][vc_column][vc_column_text el_class=&rdquo;autoras__texto&rdquo;]Compositora y escritora bogotana. La fecha de su nacimiento es bastante confusa debido a que no existe precisi&oacute;n al respecto. Las razones&hellip;\" \/>\n<meta property=\"og:url\" content=\"https:\/\/eladd.org\/en\/other-authors\/mercedes-parraga-de-quijano\/\" \/>\n<meta property=\"og:site_name\" content=\"Eladd En\" \/>\n<meta property=\"article:modified_time\" content=\"2025-11-12T03:46:04+00:00\" \/>\n<meta name=\"twitter:card\" content=\"summary_large_image\" \/>\n<meta name=\"twitter:label1\" content=\"Est. reading time\" \/>\n\t<meta name=\"twitter:data1\" content=\"4 minutes\" \/>\n<script type=\"application\/ld+json\" class=\"yoast-schema-graph\">{\"@context\":\"https:\/\/schema.org\",\"@graph\":[{\"@type\":\"WebPage\",\"@id\":\"https:\/\/eladd.org\/en\/other-authors\/mercedes-parraga-de-quijano\/\",\"url\":\"https:\/\/eladd.org\/en\/other-authors\/mercedes-parraga-de-quijano\/\",\"name\":\"Mercedes P\u00e1rraga de Quijano (Mercedes P\u00e1rraga Paredes) - Eladd En\",\"isPartOf\":{\"@id\":\"https:\/\/eladd.org\/en\/#website\"},\"datePublished\":\"2019-02-06T15:09:09+00:00\",\"dateModified\":\"2025-11-12T03:46:04+00:00\",\"breadcrumb\":{\"@id\":\"https:\/\/eladd.org\/en\/other-authors\/mercedes-parraga-de-quijano\/#breadcrumb\"},\"inLanguage\":\"en-US\",\"potentialAction\":[{\"@type\":\"ReadAction\",\"target\":[\"https:\/\/eladd.org\/en\/other-authors\/mercedes-parraga-de-quijano\/\"]}]},{\"@type\":\"BreadcrumbList\",\"@id\":\"https:\/\/eladd.org\/en\/other-authors\/mercedes-parraga-de-quijano\/#breadcrumb\",\"itemListElement\":[{\"@type\":\"ListItem\",\"position\":1,\"name\":\"Home\",\"item\":\"https:\/\/eladd.org\/en\/\"},{\"@type\":\"ListItem\",\"position\":2,\"name\":\"Other Authors\",\"item\":\"https:\/\/eladd.org\/en\/other-authors\/\"},{\"@type\":\"ListItem\",\"position\":3,\"name\":\"Mercedes P\u00e1rraga de Quijano (Mercedes P\u00e1rraga Paredes)\"}]},{\"@type\":\"WebSite\",\"@id\":\"https:\/\/eladd.org\/en\/#website\",\"url\":\"https:\/\/eladd.org\/en\/\",\"name\":\"Eladd En\",\"description\":\"Ninteenth-Century Latin American Women Writers\",\"publisher\":{\"@id\":\"https:\/\/eladd.org\/en\/#organization\"},\"potentialAction\":[{\"@type\":\"SearchAction\",\"target\":{\"@type\":\"EntryPoint\",\"urlTemplate\":\"https:\/\/eladd.org\/en\/?s={search_term_string}\"},\"query-input\":{\"@type\":\"PropertyValueSpecification\",\"valueRequired\":true,\"valueName\":\"search_term_string\"}}],\"inLanguage\":\"en-US\"},{\"@type\":\"Organization\",\"@id\":\"https:\/\/eladd.org\/en\/#organization\",\"name\":\"Eladd En\",\"url\":\"https:\/\/eladd.org\/en\/\",\"logo\":{\"@type\":\"ImageObject\",\"inLanguage\":\"en-US\",\"@id\":\"https:\/\/eladd.org\/en\/#\/schema\/logo\/image\/\",\"url\":\"https:\/\/eladd.org\/en\/wp-content\/uploads\/sites\/2\/2025\/07\/logo-eladd.png\",\"contentUrl\":\"https:\/\/eladd.org\/en\/wp-content\/uploads\/sites\/2\/2025\/07\/logo-eladd.png\",\"width\":324,\"height\":77,\"caption\":\"Eladd En\"},\"image\":{\"@id\":\"https:\/\/eladd.org\/en\/#\/schema\/logo\/image\/\"}}]}<\/script>\n<!-- \/ Yoast SEO plugin. -->","yoast_head_json":{"title":"Mercedes P\u00e1rraga de Quijano (Mercedes P\u00e1rraga Paredes) - Eladd En","robots":{"index":"index","follow":"follow","max-snippet":"max-snippet:-1","max-image-preview":"max-image-preview:large","max-video-preview":"max-video-preview:-1"},"canonical":"https:\/\/eladd.org\/en\/other-authors\/mercedes-parraga-de-quijano\/","og_locale":"en_US","og_type":"article","og_title":"Mercedes P\u00e1rraga de Quijano (Mercedes P\u00e1rraga Paredes) - Eladd En","og_description":"[vc_row full_width=&rdquo;stretch_row&rdquo; tablet_fullwidth_cols=&rdquo;&rdquo; bg_style=&rdquo;repeat&rdquo; bg_image=&rdquo;1837&Prime;][vc_column][vc_column_text el_class=&rdquo;autoras__titulo&rdquo;] Mercedes P&aacute;rraga de Quijano (Mercedes P&aacute;rraga Paredes) (18&iquest;?- 1870-1 &iquest;?) [\/vc_column_text][\/vc_column][\/vc_row][vc_row full_width=&rdquo;stretch_row&rdquo;][vc_column][vc_column_text el_class=&rdquo;autoras__texto&rdquo;]Compositora y escritora bogotana. La fecha de su nacimiento es bastante confusa debido a que no existe precisi&oacute;n al respecto. Las razones&hellip;","og_url":"https:\/\/eladd.org\/en\/other-authors\/mercedes-parraga-de-quijano\/","og_site_name":"Eladd En","article_modified_time":"2025-11-12T03:46:04+00:00","twitter_card":"summary_large_image","twitter_misc":{"Est. reading time":"4 minutes"},"schema":{"@context":"https:\/\/schema.org","@graph":[{"@type":"WebPage","@id":"https:\/\/eladd.org\/en\/other-authors\/mercedes-parraga-de-quijano\/","url":"https:\/\/eladd.org\/en\/other-authors\/mercedes-parraga-de-quijano\/","name":"Mercedes P\u00e1rraga de Quijano (Mercedes P\u00e1rraga Paredes) - Eladd En","isPartOf":{"@id":"https:\/\/eladd.org\/en\/#website"},"datePublished":"2019-02-06T15:09:09+00:00","dateModified":"2025-11-12T03:46:04+00:00","breadcrumb":{"@id":"https:\/\/eladd.org\/en\/other-authors\/mercedes-parraga-de-quijano\/#breadcrumb"},"inLanguage":"en-US","potentialAction":[{"@type":"ReadAction","target":["https:\/\/eladd.org\/en\/other-authors\/mercedes-parraga-de-quijano\/"]}]},{"@type":"BreadcrumbList","@id":"https:\/\/eladd.org\/en\/other-authors\/mercedes-parraga-de-quijano\/#breadcrumb","itemListElement":[{"@type":"ListItem","position":1,"name":"Home","item":"https:\/\/eladd.org\/en\/"},{"@type":"ListItem","position":2,"name":"Other Authors","item":"https:\/\/eladd.org\/en\/other-authors\/"},{"@type":"ListItem","position":3,"name":"Mercedes P\u00e1rraga de Quijano (Mercedes P\u00e1rraga Paredes)"}]},{"@type":"WebSite","@id":"https:\/\/eladd.org\/en\/#website","url":"https:\/\/eladd.org\/en\/","name":"Eladd En","description":"Ninteenth-Century Latin American Women Writers","publisher":{"@id":"https:\/\/eladd.org\/en\/#organization"},"potentialAction":[{"@type":"SearchAction","target":{"@type":"EntryPoint","urlTemplate":"https:\/\/eladd.org\/en\/?s={search_term_string}"},"query-input":{"@type":"PropertyValueSpecification","valueRequired":true,"valueName":"search_term_string"}}],"inLanguage":"en-US"},{"@type":"Organization","@id":"https:\/\/eladd.org\/en\/#organization","name":"Eladd En","url":"https:\/\/eladd.org\/en\/","logo":{"@type":"ImageObject","inLanguage":"en-US","@id":"https:\/\/eladd.org\/en\/#\/schema\/logo\/image\/","url":"https:\/\/eladd.org\/en\/wp-content\/uploads\/sites\/2\/2025\/07\/logo-eladd.png","contentUrl":"https:\/\/eladd.org\/en\/wp-content\/uploads\/sites\/2\/2025\/07\/logo-eladd.png","width":324,"height":77,"caption":"Eladd En"},"image":{"@id":"https:\/\/eladd.org\/en\/#\/schema\/logo\/image\/"}}]}},"_links":{"self":[{"href":"https:\/\/eladd.org\/en\/wp-json\/wp\/v2\/pages\/2330","targetHints":{"allow":["GET"]}}],"collection":[{"href":"https:\/\/eladd.org\/en\/wp-json\/wp\/v2\/pages"}],"about":[{"href":"https:\/\/eladd.org\/en\/wp-json\/wp\/v2\/types\/page"}],"author":[{"embeddable":true,"href":"https:\/\/eladd.org\/en\/wp-json\/wp\/v2\/users\/2"}],"replies":[{"embeddable":true,"href":"https:\/\/eladd.org\/en\/wp-json\/wp\/v2\/comments?post=2330"}],"version-history":[{"count":2,"href":"https:\/\/eladd.org\/en\/wp-json\/wp\/v2\/pages\/2330\/revisions"}],"predecessor-version":[{"id":24814,"href":"https:\/\/eladd.org\/en\/wp-json\/wp\/v2\/pages\/2330\/revisions\/24814"}],"up":[{"embeddable":true,"href":"https:\/\/eladd.org\/en\/wp-json\/wp\/v2\/pages\/98"}],"wp:attachment":[{"href":"https:\/\/eladd.org\/en\/wp-json\/wp\/v2\/media?parent=2330"}],"curies":[{"name":"wp","href":"https:\/\/api.w.org\/{rel}","templated":true}]}}