{"id":302,"date":"2015-03-15T11:41:53","date_gmt":"2015-03-15T11:41:53","guid":{"rendered":"https:\/\/eladd.org\/en\/?page_id=302"},"modified":"2025-11-12T03:22:10","modified_gmt":"2025-11-12T03:22:10","slug":"josefa-acevedo-de-gomez","status":"publish","type":"page","link":"https:\/\/eladd.org\/en\/other-authors\/josefa-acevedo-de-gomez\/","title":{"rendered":"Josefa Acevedo de G\u00f3mez"},"content":{"rendered":"<div class=\"wpb-content-wrapper\">[vc_row full_width=&#8221;stretch_row&#8221; tablet_fullwidth_cols=&#8221;&#8221; bg_style=&#8221;repeat&#8221; css=&#8221;.vc_custom_1762917717995{background-position: 0 0 !important;background-repeat: repeat !important;}&#8221;][vc_column][vc_column_text el_class=&#8221;autoras__titulo&#8221;]\n<h2 style=\"text-align: center;\">Josefa Acevedo de G\u00f3mez<\/h2>\n<p style=\"text-align: center;\">(1803-1861)<br \/>\n<img loading=\"lazy\" decoding=\"async\" class=\"size-full wp-image-1816 aligncenter\" src=\"\/\/eladd.org\/wp-content\/uploads\/2015\/09\/icon-space.png\" alt=\"icon-space\" width=\"150\" height=\"8\" \/>[\/vc_column_text][\/vc_column][\/vc_row][vc_row full_width=&#8221;stretch_row&#8221; el_id=&#8221;cuerpo&#8221; css=&#8221;.vc_custom_1762917725663{background-position: center !important;background-repeat: no-repeat !important;background-size: cover !important;}&#8221;][vc_column][vc_column_text el_class=&#8221;autoras__texto&#8221;]<strong>Also known as: Josefa Acevedo<br \/>\nPseudonym: Una Granadina, Una Se\u00f1ora Granadina<\/strong><\/p>\n<p><a href=\"https:\/\/eladd.org\/wp-content\/uploads\/2015\/03\/Untitled1.png\"><img loading=\"lazy\" decoding=\"async\" class=\"size-medium wp-image-1402 alignright\" src=\"https:\/\/eladd.org\/wp-content\/uploads\/2015\/03\/Untitled1-242x300.png\" alt=\"Untitled\" width=\"242\" height=\"300\" \/><\/a><br \/>\n<strong>Author\u2019s Works: Original and Edited (Works are listed in chronological order)<\/strong><\/p>\n<p>(1844). <em>Ensayos sobre los deberes de los casados<\/em>. Bogot\u00e1: n.p.<\/p>\n<p>(1848). \u201cJosefa Acevedo de G\u00f3mez.\u201d <em>El parnaso granadino, colecci\u00f3n escogida de poes\u00edas nacionales<\/em>. Ed. Jos\u00e9 Joaqu\u00edn Ortiz. Bogot\u00e1: Imprenta de Ancizar.<\/p>\n<p>(1848). <em>Tratado sobre econom\u00eda dom\u00e9stica para el uso de las madres de familia<\/em>. Bogot\u00e1: Imprenta de Jos\u00e9 A. Cualla.<\/p>\n<p>(1849). \u201cMis recuerdos de Tibacui.\u201d <em>El Museo<\/em> 1.4 (jun. 1): 53-56.<\/p>\n<p>&#8212;. <em>Cuadros de la vida privada de algunos granadinos<\/em>. Bogot\u00e1: Imprenta de El Mosaico, 1861. 190-96.<\/p>\n<p>&#8212;. <em>Museo de cuadros de costumbres i variedades<\/em>. Bogot\u00e1: Imprenta a cargo de Foci\u00f3n Mantilla, 1866. 90-4.<\/p>\n<p>&#8212;. <em>Varias cuentistas colombianas<\/em>. Bogot\u00e1: Editorial Minerva, 1935. no p\u00e1g.<br \/>\n&#8212;. <em>Varias cuentistas colombianas<\/em>. Bogot\u00e1: Editorial Minerva, 1936. 23-8.<\/p>\n<p>&#8212;. <em>Sesenta plumas escriben para Ud<\/em>. Buenos Aires: Editorial Colombia, 1944. 65-70.<\/p>\n<p>&#8212;. <em>Museo de cuadros de costumbres i variedades<\/em>. Bogot\u00e1: Biblioteca del Banco Popular, 1973. 175-82.<\/p>\n<p>&#8212;. <em>Ellas cuentan: una antolog\u00eda de relatos de escritoras colombianas, de la colonia a nuestros d\u00edas<\/em>. Bogot\u00e1: Seix Barral, 1998. no p\u00e1g.<br \/>\n(1854). <em>Biograf\u00eda del Doctor Diego Fernando G\u00f3mez<\/em>. Bogot\u00e1: Imprenta de Francisco Torres Amaya.<br \/>\n(1854). <em>Poes\u00edas de una granadina<\/em>. Bogot\u00e1: Imprenta de Francisco Torres Amaya.<\/p>\n<p>(1855-56). \u201cEl amor conyugal.\u201d <em>La Guirnalda<\/em>. Ed. Jos\u00e9 Joaqu\u00edn Ortiz. Bogot\u00e1: Imprenta de Ortiz. 8-10.<\/p>\n<p>&#8212;. <em>Cuadros de la vida privada de algunos granadinos<\/em>. Bogot\u00e1: Imprenta de El Mosaico, 1861. 194-96.<\/p>\n<p>&#8212;. <em>Varias cuentistas colombianas<\/em>. Bogot\u00e1: Editorial Minerva, 1935. no p\u00e1g.<br \/>\n&#8212;. Bogot\u00e1: Editorial Minerva, 1936. 29-33.<\/p>\n<p>&#8212;. <em>Hombres y letras de Colombia<\/em>. Bogot\u00e1: Graficas Herpin Ltda., 1984.554-56.<br \/>\n(1857). <em>Or\u00e1culo de las flores i de las frutas<\/em>. Bogot\u00e1: Imprenta de Francisco Torres Amaya.<\/p>\n<p>(1860). \u201cEl carb\u00f3n lejislador (f\u00e1bula).\u201d <em>El mosaico, \u00e1lbum neo-granadino<\/em> 2.51 (29 dic.): 402.<\/p>\n<p>(1860). <em>Recuerdos nacionales: Jos\u00e9 Acevedo y G\u00f3mez<\/em>. Bogot\u00e1: Piano i P\u00e9rez.<\/p>\n<p>(1861). \u201c\u00c1njelina.\u201d <em>Cuadros de la vida privada de algunos granadinos<\/em>. Bogot\u00e1: Imprenta de El Mosaico. 75-90.<\/p>\n<p>(1861). \u201cLa caridad cristiana.\u201d <em>Cuadros de la vida privada de algunos granadinos<\/em>. Bogot\u00e1: Imprenta de El Mosaico. 91-116.<\/p>\n<p>(1861). \u201cPobre Braulio.\u201d <em>Cuadros de la vida privada de algunos granadinos<\/em>. Bogot\u00e1: Imprenta de El Mosaico. 117-138.<\/p>\n<p>(1861). \u201cEl soldado.\u201d <em>Cuadros de la vida privada de algunos granadinos<\/em>. Bogot\u00e1: Imprenta de El Mosaico. 37-66.<\/p>\n<p>(1861). \u201cEl triunfo de la generosidad sobre el fanatismo pol\u00edtico.\u201d <em>Cuadros de la vida privada de algunos granadinos<\/em>. Bogot\u00e1: Imprenta de El Mosaico. 37-66.<\/p>\n<p>(1861). \u201cValerio o el calavera.\u201d <em>Cuadros de la vida privada de algunos granadinos<\/em>. Bogot\u00e1: Imprenta de El Mosaico. 67-74.<br \/>\n(1861). \u201cLa vida de un hombre.\u201d <em>Cuadros de la vida privada de algunos granadinos<\/em>. Bogot\u00e1: Imprenta de El Mosaico. 139-89.<br \/>\n(1869). \u201cJosefa Acevedo de G\u00f3mez.\u201d <em>\u00c1lbum de los Pobres<\/em>. Ed. Jos\u00e9 Caicedo Rojas. Bogot\u00e1: Imprenta de Gait\u00e1n.<\/p>\n<p>(1869). <em>Tratado sobre econom\u00eda dom\u00e9stica para el uso de las madres de familia i de las amas de casa i de las escuelas de ni\u00f1as seguido de un catecismo sobre el mismo objeto<\/em>. Bogot\u00e1: Imprenta de Gait\u00e1n.<\/p>\n<p>(1870). \u201cJosefa Acevedo de G\u00f3mez.\u201d <em>La guirnalda literaria; colecci\u00f3n de producciones de las principales poetisas i escritoras contempor\u00e1neas de Am\u00e9rica i Espa\u00f1a<\/em>. Guayaquil: Imprenta de Calvo.<\/p>\n<p>(1875). \u201cJosefa Acevedo de G\u00f3mez.\u201d <em>Poetisas americanas. Ramillete po\u00e9tico de bello sexo hispanoamericano<\/em>. Ed. Jos\u00e9 Domingo Cortes. Paris: Librer\u00eda de A. Bouret e hijo.<\/p>\n<p>(1878). \u201cSantaf\u00e9.\u201d <em>Cuadros de costumbres y descripciones locales de Colombia<\/em>. n.p.: Imprenta y Papeler\u00eda de Francisco Garc\u00eda Rico. 24-6.<\/p>\n<p>&#8212;. &#8220;Santaf\u00e9 de Bogot\u00e1 antes de 1910.\u201d <em>Registro Municipal<\/em> (Bogot\u00e1) 53.14 (31 julio 1933): 439-40.<\/p>\n<p>&#8212;. <em>Historia de la literatura colombiana<\/em>. n.p.:n.p., 1935. 104-06.<\/p>\n<p>&#8212;. <em>Hojas de cultura popular colombiana<\/em> 20 (aug. 1952): no p\u00e1g.<\/p>\n<p>&#8212;. <em>Museo de cuadros de costumbres, variedades y viajes<\/em>. Bogot\u00e1: Biblioteca del Banco Popular, 1973. 235-38.<\/p>\n<p>&#8212;. <em>Narradores del siglo XIX<\/em>. Bogot\u00e1: Biblioteca de cultura colombiana, 1978. 17-20.<br \/>\n(1884). \u201cJosefa Acevedo de G\u00f3mez.\u201d <em>Parnaso colombiano<\/em>. Ed. Julio \u00c1\u00f1ez. Bogot\u00e1: Medardo Rivas.<br \/>\n&#8212;. Bogot\u00e1: Librer\u00eda de Camacho Rold\u00e1n, 1886-1987.<br \/>\n(1905). <em>El Tribuno de 1810 por la se\u00f1ora Josefa Acevedo de G\u00f3mez<\/em>. Bogot\u00e1: Imprenta de R. V. Gamboa &amp; C\u00eda.<br \/>\n(1930). \u201cJosefa Acevedo de G\u00f3mez.\u201d <em>Antolog\u00eda de poetas colombianos, 1800-1930<\/em>. Ed. Gustavo Ostero Mu\u00f1oz. Bogot\u00e1: Editorial Cromos.<br \/>\n(1935). \u201cJosefa Acevedo de G\u00f3mez.\u201d <em>Historia de la literatura colombiana<\/em>. Ed. Jos\u00e9 Joaqu\u00edn Ortega Torres. Bogot\u00e1: Editorial Cromos.<\/p>\n<p>(1936). \u201cJosefa Acevedo de G\u00f3mez.\u201d <em>Las mejores poetisas colombianas<\/em>. Bogot\u00e1: Editorial Minerva. 5-9.<\/p>\n<p>(1938-47). \u201cJosefa Acevedo de G\u00f3mez.\u201d <em>Historia de la literatura colombiana<\/em>. Vol. 3. Ed. Antonio G\u00f3mez Restrepo. Bogot\u00e1: Imprenta Nacional.<\/p>\n<p>(1942). \u201cJosefa Acevedo de G\u00f3mez.\u201d <em>Sonetos colombianos<\/em>. Ed. V\u00edctor E. Caro. Bogot\u00e1: Imprenta Instituto Gr\u00e1fico.<\/p>\n<p>(1957). \u201cJosefa Acevedo de G\u00f3mez.\u201d <em>Antolog\u00eda de la poes\u00eda hispanoamericana: Colombia<\/em>. Eds. Gin\u00e9s de Albareda y Francisco Garfias. Madrid: Biblioteca Nueva.<\/p>\n<p>(1960). \u201cJosefa Acevedo de G\u00f3mez.\u201d <em>Poetisas de Am\u00e9rica<\/em>. Ed. Amapola Fenochio F\u00farlong. M\u00e9xico: n.p.<\/p>\n<p>(1975). \u201cJosefa Acevedo de G\u00f3mez.\u201d <em>Poes\u00eda de autoras colombianas<\/em>. Ed. Eddy Torres. Bogot\u00e1: Oficina de Divulgaci\u00f3n de la Caja de Cr\u00e9dito Agrario. 45-56.<\/p>\n<p>(1987). \u201cEl pensamiento de los amantes.\u201d <em>Sentimentario<\/em>. Ed. Dar\u00edo Jaramillo. Bogot\u00e1: Editorial Oveja Negra.<\/p>\n<p>(2000). \u201cPoes\u00edas.\u201d <em>Las sacerdotisas: antolog\u00eda de la poes\u00eda femenina de Colombia en el siglo XIX<\/em>. Bogot\u00e1: Editorial Nelly.<br \/>\n<strong>Critical Works (Reference Materials, Books, Book Chapters, Journal Articles, Encyclopedias, Theses\/Dissertations, Media and Internet Sources)<\/strong><br \/>\nAristiz\u00e1bal Montes, Patricia. <em>Escritoras colombianas del siglo XIX: identidad y escritura<\/em>. Cali: Universidad de Valle, 2007. 21, 73.<\/p>\n<p>Agudelo Ochoa, Ana Mar\u00eda. \u201cAutobiografismo post m\u00f3rtem en Josefa Acevedo de G\u00f3mez\u201d. <em>Ling\u00fc\u00edstica y Literatura<\/em> 58 (julio-dic. 2010): 137-44.<\/p>\n<p>&#8212;. \u201cJosefa Acevedo de G\u00f3mez: del deseo de escritura a los procesos de legitimaci\u00f3n de la escritora en Colombia durante el siglo XIX.\u201d <em>Revista Chilena de Literatura<\/em> 86 (2014): 7-29.<\/p>\n<p>Caicedo Rojas, Jos\u00e9. \u201cJosefa Acevedo de G\u00f3mez.\u201d <em>Apuntes de rancher\u00eda<\/em>. Medell\u00edn: Bedout, 1973.323-33.<\/p>\n<p>Davies, Catherine et al. \u201cGender, Patriotism and Social Capital: Josefa Acevedo de G\u00f3mez and Mercedes Mar\u00edn.\u201d <em>South American Independence, Gender, Politics, Text<\/em>. Ed. Catherine Davies et al. Liverpool: Liverpool University Press, 2006. 183-209.<\/p>\n<p>Luque Valderrama, Luc\u00eda. &#8220;La novela femenina en Colombia&#8221;. Diss. Pontificia Universidad Cat\u00f3lica Javeriana. Bogot\u00e1: Universidad Cat\u00f3lica Javeriana, 1954. 31-2.<\/p>\n<p>Rodr\u00edguez-Arenas, Flor Mar\u00eda. <em>Bibliograf\u00eda de la literatura colombiana del siglo XIX<\/em>. Tomo 1.Buenos Aires: Stockcero, 2006. 3-7.<\/p>\n<p>Torres, Jos\u00e9 Joaqu\u00edn Ortega. <em>Historia de la literatura colombiana<\/em>. Bogot\u00e1: Editorial Cromos, 1935. 103-06.<br \/>\n<a href=\"https:\/\/eladd.org\/wp-content\/uploads\/2014\/02\/logo-footer-2.png\"><img loading=\"lazy\" decoding=\"async\" class=\"aligncenter size-full wp-image-608\" src=\"https:\/\/eladd.org\/wp-content\/uploads\/2014\/02\/logo-footer-2.png\" alt=\"logo-footer-2\" width=\"260\" height=\"70\" \/><\/a>[\/vc_column_text][vc_single_image image=&#8221;660&#8243; alignment=&#8221;center&#8221; css=&#8221;.vc_custom_1446670823436{margin-top: 35px !important;}&#8221;][\/vc_column][\/vc_row]\n<\/div>","protected":false},"excerpt":{"rendered":"<p>[vc_row full_width=&rdquo;stretch_row&rdquo; tablet_fullwidth_cols=&rdquo;&rdquo; bg_style=&rdquo;repeat&rdquo; css=&rdquo;.vc_custom_1762917717995{background-position: 0 0 !important;background-repeat: repeat !important;}&rdquo;][vc_column][vc_column_text el_class=&rdquo;autoras__titulo&rdquo;] Josefa Acevedo de G&oacute;mez (1803-1861) [\/vc_column_text][\/vc_column][\/vc_row][vc_row full_width=&rdquo;stretch_row&rdquo; el_id=&rdquo;cuerpo&rdquo; css=&rdquo;.vc_custom_1762917725663{background-position: center !important;background-repeat: no-repeat !important;background-size: cover !important;}&rdquo;][vc_column][vc_column_text el_class=&rdquo;autoras__texto&rdquo;]Also known as: Josefa Acevedo Pseudonym: Una Granadina, Una Se&ntilde;ora Granadina Author&rsquo;s Works: Original&hellip;<\/p>\n","protected":false},"author":3,"featured_media":0,"parent":98,"menu_order":0,"comment_status":"closed","ping_status":"closed","template":"","meta":{"footnotes":""},"class_list":["post-302","page","type-page","status-publish","hentry","entry","no-media"],"yoast_head":"<!-- This site is optimized with the Yoast SEO plugin v26.1.1 - https:\/\/yoast.com\/wordpress\/plugins\/seo\/ -->\n<title>Josefa Acevedo de G\u00f3mez - Eladd En<\/title>\n<meta name=\"robots\" content=\"index, follow, max-snippet:-1, max-image-preview:large, max-video-preview:-1\" \/>\n<link rel=\"canonical\" href=\"https:\/\/eladd.org\/en\/other-authors\/josefa-acevedo-de-gomez\/\" \/>\n<meta property=\"og:locale\" content=\"en_US\" \/>\n<meta property=\"og:type\" content=\"article\" \/>\n<meta property=\"og:title\" content=\"Josefa Acevedo de G\u00f3mez - Eladd En\" \/>\n<meta property=\"og:description\" content=\"[vc_row full_width=&rdquo;stretch_row&rdquo; tablet_fullwidth_cols=&rdquo;&rdquo; bg_style=&rdquo;repeat&rdquo; css=&rdquo;.vc_custom_1762917717995{background-position: 0 0 !important;background-repeat: repeat !important;}&rdquo;][vc_column][vc_column_text el_class=&rdquo;autoras__titulo&rdquo;] Josefa Acevedo de G&oacute;mez (1803-1861) [\/vc_column_text][\/vc_column][\/vc_row][vc_row full_width=&rdquo;stretch_row&rdquo; el_id=&rdquo;cuerpo&rdquo; css=&rdquo;.vc_custom_1762917725663{background-position: center !important;background-repeat: no-repeat !important;background-size: cover !important;}&rdquo;][vc_column][vc_column_text el_class=&rdquo;autoras__texto&rdquo;]Also known as: Josefa Acevedo Pseudonym: Una Granadina, Una Se&ntilde;ora Granadina Author&rsquo;s Works: Original&hellip;\" \/>\n<meta property=\"og:url\" content=\"https:\/\/eladd.org\/en\/other-authors\/josefa-acevedo-de-gomez\/\" \/>\n<meta property=\"og:site_name\" content=\"Eladd En\" \/>\n<meta property=\"article:modified_time\" content=\"2025-11-12T03:22:10+00:00\" \/>\n<meta property=\"og:image\" content=\"https:\/\/eladd.org\/wp-content\/uploads\/2015\/03\/Untitled1-242x300.png\" \/>\n<meta name=\"twitter:card\" content=\"summary_large_image\" \/>\n<meta name=\"twitter:label1\" content=\"Est. reading time\" \/>\n\t<meta name=\"twitter:data1\" content=\"6 minutes\" \/>\n<script type=\"application\/ld+json\" class=\"yoast-schema-graph\">{\"@context\":\"https:\/\/schema.org\",\"@graph\":[{\"@type\":\"WebPage\",\"@id\":\"https:\/\/eladd.org\/en\/other-authors\/josefa-acevedo-de-gomez\/\",\"url\":\"https:\/\/eladd.org\/en\/other-authors\/josefa-acevedo-de-gomez\/\",\"name\":\"Josefa Acevedo de G\u00f3mez - Eladd En\",\"isPartOf\":{\"@id\":\"https:\/\/eladd.org\/en\/#website\"},\"primaryImageOfPage\":{\"@id\":\"https:\/\/eladd.org\/en\/other-authors\/josefa-acevedo-de-gomez\/#primaryimage\"},\"image\":{\"@id\":\"https:\/\/eladd.org\/en\/other-authors\/josefa-acevedo-de-gomez\/#primaryimage\"},\"thumbnailUrl\":\"https:\/\/eladd.org\/wp-content\/uploads\/2015\/03\/Untitled1-242x300.png\",\"datePublished\":\"2015-03-15T11:41:53+00:00\",\"dateModified\":\"2025-11-12T03:22:10+00:00\",\"breadcrumb\":{\"@id\":\"https:\/\/eladd.org\/en\/other-authors\/josefa-acevedo-de-gomez\/#breadcrumb\"},\"inLanguage\":\"en-US\",\"potentialAction\":[{\"@type\":\"ReadAction\",\"target\":[\"https:\/\/eladd.org\/en\/other-authors\/josefa-acevedo-de-gomez\/\"]}]},{\"@type\":\"ImageObject\",\"inLanguage\":\"en-US\",\"@id\":\"https:\/\/eladd.org\/en\/other-authors\/josefa-acevedo-de-gomez\/#primaryimage\",\"url\":\"https:\/\/eladd.org\/wp-content\/uploads\/2015\/03\/Untitled1-242x300.png\",\"contentUrl\":\"https:\/\/eladd.org\/wp-content\/uploads\/2015\/03\/Untitled1-242x300.png\"},{\"@type\":\"BreadcrumbList\",\"@id\":\"https:\/\/eladd.org\/en\/other-authors\/josefa-acevedo-de-gomez\/#breadcrumb\",\"itemListElement\":[{\"@type\":\"ListItem\",\"position\":1,\"name\":\"Home\",\"item\":\"https:\/\/eladd.org\/en\/\"},{\"@type\":\"ListItem\",\"position\":2,\"name\":\"Other Authors\",\"item\":\"https:\/\/eladd.org\/en\/other-authors\/\"},{\"@type\":\"ListItem\",\"position\":3,\"name\":\"Josefa Acevedo de G\u00f3mez\"}]},{\"@type\":\"WebSite\",\"@id\":\"https:\/\/eladd.org\/en\/#website\",\"url\":\"https:\/\/eladd.org\/en\/\",\"name\":\"Eladd En\",\"description\":\"Ninteenth-Century Latin American Women Writers\",\"publisher\":{\"@id\":\"https:\/\/eladd.org\/en\/#organization\"},\"potentialAction\":[{\"@type\":\"SearchAction\",\"target\":{\"@type\":\"EntryPoint\",\"urlTemplate\":\"https:\/\/eladd.org\/en\/?s={search_term_string}\"},\"query-input\":{\"@type\":\"PropertyValueSpecification\",\"valueRequired\":true,\"valueName\":\"search_term_string\"}}],\"inLanguage\":\"en-US\"},{\"@type\":\"Organization\",\"@id\":\"https:\/\/eladd.org\/en\/#organization\",\"name\":\"Eladd En\",\"url\":\"https:\/\/eladd.org\/en\/\",\"logo\":{\"@type\":\"ImageObject\",\"inLanguage\":\"en-US\",\"@id\":\"https:\/\/eladd.org\/en\/#\/schema\/logo\/image\/\",\"url\":\"https:\/\/eladd.org\/en\/wp-content\/uploads\/sites\/2\/2025\/07\/logo-eladd.png\",\"contentUrl\":\"https:\/\/eladd.org\/en\/wp-content\/uploads\/sites\/2\/2025\/07\/logo-eladd.png\",\"width\":324,\"height\":77,\"caption\":\"Eladd En\"},\"image\":{\"@id\":\"https:\/\/eladd.org\/en\/#\/schema\/logo\/image\/\"}}]}<\/script>\n<!-- \/ Yoast SEO plugin. -->","yoast_head_json":{"title":"Josefa Acevedo de G\u00f3mez - Eladd En","robots":{"index":"index","follow":"follow","max-snippet":"max-snippet:-1","max-image-preview":"max-image-preview:large","max-video-preview":"max-video-preview:-1"},"canonical":"https:\/\/eladd.org\/en\/other-authors\/josefa-acevedo-de-gomez\/","og_locale":"en_US","og_type":"article","og_title":"Josefa Acevedo de G\u00f3mez - Eladd En","og_description":"[vc_row full_width=&rdquo;stretch_row&rdquo; tablet_fullwidth_cols=&rdquo;&rdquo; bg_style=&rdquo;repeat&rdquo; css=&rdquo;.vc_custom_1762917717995{background-position: 0 0 !important;background-repeat: repeat !important;}&rdquo;][vc_column][vc_column_text el_class=&rdquo;autoras__titulo&rdquo;] Josefa Acevedo de G&oacute;mez (1803-1861) [\/vc_column_text][\/vc_column][\/vc_row][vc_row full_width=&rdquo;stretch_row&rdquo; el_id=&rdquo;cuerpo&rdquo; css=&rdquo;.vc_custom_1762917725663{background-position: center !important;background-repeat: no-repeat !important;background-size: cover !important;}&rdquo;][vc_column][vc_column_text el_class=&rdquo;autoras__texto&rdquo;]Also known as: Josefa Acevedo Pseudonym: Una Granadina, Una Se&ntilde;ora Granadina Author&rsquo;s Works: Original&hellip;","og_url":"https:\/\/eladd.org\/en\/other-authors\/josefa-acevedo-de-gomez\/","og_site_name":"Eladd En","article_modified_time":"2025-11-12T03:22:10+00:00","og_image":[{"url":"https:\/\/eladd.org\/wp-content\/uploads\/2015\/03\/Untitled1-242x300.png","type":"","width":"","height":""}],"twitter_card":"summary_large_image","twitter_misc":{"Est. reading time":"6 minutes"},"schema":{"@context":"https:\/\/schema.org","@graph":[{"@type":"WebPage","@id":"https:\/\/eladd.org\/en\/other-authors\/josefa-acevedo-de-gomez\/","url":"https:\/\/eladd.org\/en\/other-authors\/josefa-acevedo-de-gomez\/","name":"Josefa Acevedo de G\u00f3mez - Eladd En","isPartOf":{"@id":"https:\/\/eladd.org\/en\/#website"},"primaryImageOfPage":{"@id":"https:\/\/eladd.org\/en\/other-authors\/josefa-acevedo-de-gomez\/#primaryimage"},"image":{"@id":"https:\/\/eladd.org\/en\/other-authors\/josefa-acevedo-de-gomez\/#primaryimage"},"thumbnailUrl":"https:\/\/eladd.org\/wp-content\/uploads\/2015\/03\/Untitled1-242x300.png","datePublished":"2015-03-15T11:41:53+00:00","dateModified":"2025-11-12T03:22:10+00:00","breadcrumb":{"@id":"https:\/\/eladd.org\/en\/other-authors\/josefa-acevedo-de-gomez\/#breadcrumb"},"inLanguage":"en-US","potentialAction":[{"@type":"ReadAction","target":["https:\/\/eladd.org\/en\/other-authors\/josefa-acevedo-de-gomez\/"]}]},{"@type":"ImageObject","inLanguage":"en-US","@id":"https:\/\/eladd.org\/en\/other-authors\/josefa-acevedo-de-gomez\/#primaryimage","url":"https:\/\/eladd.org\/wp-content\/uploads\/2015\/03\/Untitled1-242x300.png","contentUrl":"https:\/\/eladd.org\/wp-content\/uploads\/2015\/03\/Untitled1-242x300.png"},{"@type":"BreadcrumbList","@id":"https:\/\/eladd.org\/en\/other-authors\/josefa-acevedo-de-gomez\/#breadcrumb","itemListElement":[{"@type":"ListItem","position":1,"name":"Home","item":"https:\/\/eladd.org\/en\/"},{"@type":"ListItem","position":2,"name":"Other Authors","item":"https:\/\/eladd.org\/en\/other-authors\/"},{"@type":"ListItem","position":3,"name":"Josefa Acevedo de G\u00f3mez"}]},{"@type":"WebSite","@id":"https:\/\/eladd.org\/en\/#website","url":"https:\/\/eladd.org\/en\/","name":"Eladd En","description":"Ninteenth-Century Latin American Women Writers","publisher":{"@id":"https:\/\/eladd.org\/en\/#organization"},"potentialAction":[{"@type":"SearchAction","target":{"@type":"EntryPoint","urlTemplate":"https:\/\/eladd.org\/en\/?s={search_term_string}"},"query-input":{"@type":"PropertyValueSpecification","valueRequired":true,"valueName":"search_term_string"}}],"inLanguage":"en-US"},{"@type":"Organization","@id":"https:\/\/eladd.org\/en\/#organization","name":"Eladd En","url":"https:\/\/eladd.org\/en\/","logo":{"@type":"ImageObject","inLanguage":"en-US","@id":"https:\/\/eladd.org\/en\/#\/schema\/logo\/image\/","url":"https:\/\/eladd.org\/en\/wp-content\/uploads\/sites\/2\/2025\/07\/logo-eladd.png","contentUrl":"https:\/\/eladd.org\/en\/wp-content\/uploads\/sites\/2\/2025\/07\/logo-eladd.png","width":324,"height":77,"caption":"Eladd En"},"image":{"@id":"https:\/\/eladd.org\/en\/#\/schema\/logo\/image\/"}}]}},"_links":{"self":[{"href":"https:\/\/eladd.org\/en\/wp-json\/wp\/v2\/pages\/302","targetHints":{"allow":["GET"]}}],"collection":[{"href":"https:\/\/eladd.org\/en\/wp-json\/wp\/v2\/pages"}],"about":[{"href":"https:\/\/eladd.org\/en\/wp-json\/wp\/v2\/types\/page"}],"author":[{"embeddable":true,"href":"https:\/\/eladd.org\/en\/wp-json\/wp\/v2\/users\/3"}],"replies":[{"embeddable":true,"href":"https:\/\/eladd.org\/en\/wp-json\/wp\/v2\/comments?post=302"}],"version-history":[{"count":6,"href":"https:\/\/eladd.org\/en\/wp-json\/wp\/v2\/pages\/302\/revisions"}],"predecessor-version":[{"id":24778,"href":"https:\/\/eladd.org\/en\/wp-json\/wp\/v2\/pages\/302\/revisions\/24778"}],"up":[{"embeddable":true,"href":"https:\/\/eladd.org\/en\/wp-json\/wp\/v2\/pages\/98"}],"wp:attachment":[{"href":"https:\/\/eladd.org\/en\/wp-json\/wp\/v2\/media?parent=302"}],"curies":[{"name":"wp","href":"https:\/\/api.w.org\/{rel}","templated":true}]}}