{"id":309,"date":"2015-03-15T11:46:03","date_gmt":"2015-03-15T11:46:03","guid":{"rendered":"https:\/\/eladd.org\/en\/?page_id=309"},"modified":"2025-11-12T03:22:36","modified_gmt":"2025-11-12T03:22:36","slug":"ana-luisa-de-azevedo-castro","status":"publish","type":"page","link":"https:\/\/eladd.org\/en\/other-authors\/ana-luisa-de-azevedo-castro\/","title":{"rendered":"Ana Lu\u00edsa de Azevedo Castro"},"content":{"rendered":"<div class=\"wpb-content-wrapper\">[vc_row full_width=&#8221;stretch_row&#8221; tablet_fullwidth_cols=&#8221;&#8221; bg_style=&#8221;repeat&#8221; css=&#8221;.vc_custom_1762917745530{background-position: 0 0 !important;background-repeat: repeat !important;}&#8221;][vc_column][vc_column_text el_class=&#8221;autoras__titulo&#8221;]\n<h2 style=\"text-align: center;\">Ana Lu\u00edsa de Azevedo Castro<\/h2>\n<p style=\"text-align: center;\">(1823- 1869)<br \/>\n<img loading=\"lazy\" decoding=\"async\" class=\"size-full wp-image-1816 aligncenter\" src=\"\/\/eladd.org\/wp-content\/uploads\/2015\/09\/icon-space.png\" alt=\"icon-space\" width=\"150\" height=\"8\" \/>[\/vc_column_text][\/vc_column][\/vc_row][vc_row full_width=&#8221;stretch_row&#8221; el_id=&#8221;cuerpo&#8221; css=&#8221;.vc_custom_1762917752514{background-position: center !important;background-repeat: no-repeat !important;background-size: cover !important;}&#8221;][vc_column][vc_column_text el_class=&#8221;autoras__texto&#8221;]<strong>Ana Lu\u00edsa de Azevedo Castro (Brasil, 1823- 1869)<br \/>\nPseudonym: Indygena do Ypiranga, Ind\u00edgena do Ipiranga<\/strong><\/p>\n<p><strong>Author\u2019s Works: Original and Edited (Works are listed in chronological order)<\/strong><\/p>\n<p>(1859). <em>D. Narcisa De Villar: legenda do tempo colonial<\/em>. Rio de Janeiro: Typog. de F de Paula Brito.<br \/>\n&#8212;. <em>D. Narcisa De Villar: legenda do tempo colonial<\/em>. Florian\u00f3polis, SC: Semprelo, 1990.<br \/>\n&#8212;. Ed. Zahid\u00e9 L. Muzart. Florian\u00f3polis: Ed. Mulheres, 2000.<br \/>\n&#8212;. Eds. Zahid\u00e9 L. Muzart e Iaponan Soares. Florian\u00f3polis, SC: Editora Mulheres, 2001.<\/p>\n<p>(1860). <em>A Marmota<\/em>. Rio de Janeiro: n.p.<\/p>\n<p>(1866). \u201cDiscurso\u201d. <em>Revista Mensal da Sociedade Ensaios Liter\u00e1rios<\/em> (Rio de Janeiro).<\/p>\n<p><strong>Critical Works (Reference Materials, Books, Book Chapters, Journal Articles, Encyclopedias, Theses\/Dissertations, Media and Internet Sources)<\/strong><\/p>\n<p>Almeida, Augusto de. \u201cCarta \u00e0 Exma. Sra. D. Guiomar Torrez\u00e3o\u201d. <em>Re Annavista Mensal da Sociedade Ensaios<\/em> Liter\u00e1rios 31 maio 1873.<\/p>\n<p>Al\u00f3s, Anselmo Peres. \u201cO indianismo revisitado: a autoria feminina e a literatura brasileira do s\u00e9culo XIX\u201d. <em>Organon<\/em> (UFRGS) 18.37 (2004): 27-50.<\/p>\n<p>&#8212;. \u201cO id\u00edlio como met\u00e1fora narrativa: a perspectiva do outro na obra de Ana Lu\u00edsa de Azevedo Castro\u201d. <em>Cadernos do IL<\/em> (UFRGS) 21-22 (1999): 25-32.<\/p>\n<p>Andr\u00e9, Mar\u00eda C. And Eva Paulina Bueno. <em>Latin American Women Writers: An Encyclopedia<\/em>. New York: Routledge, 2008. 42-4.<\/p>\n<p>Andreta, B\u00e1rara Loureiro e Anselmo Peres Al\u00f3s. \u201cA representa\u00e7\u00e3o feminina em D. Narcisa de Villara, de Ana Lu\u00edsa de Azevedo Castro\u201d. <em>Confluenze. Rivista di studi iberoamericani<\/em> 6.1 (2014): 99-110.<\/p>\n<p>Coutrinho, Afr\u00e2nio e J. Galante de Souza. <em>Enciclop\u00e9dia de Literatura Brasileira<\/em>. Vol. 1. Rio de Janeiro: FAE, 1990. 408.<\/p>\n<p>Flores, Hilda Agnes H\u00fcbner. <em>Dicion\u00e1rio de mulheres<\/em>. Brasil: Nova Dimens\u00e3o, 1999.<\/p>\n<p>Muzart, Zahid\u00e9 Lupinacci, ed. <em>Escritoras brasileiras do s\u00e9culo XIX: antologia<\/em>. Vol. 2. Florian\u00f3polis, SC: Editora mulheres, 1999. 250-55.<\/p>\n<p>&#8212;. \u201cNarrativa feminina em Santa Catarina (do s\u00e9culo XIX at\u00e9 meados do s\u00e9culo XX)\u201d. <em>Organon: Revista do Instituto de Letras da Universidade Federal do Rio Grande do Sul<\/em> 16 (16) (1989): 227-35.<\/p>\n<p>&#8212;. \u201cUma precursora: Ana Lu\u00edsa de Azebedo Castro\u201d. <em>D. Narcisa de Villar. Ana Lu\u00edsa de Azevedo Castro<\/em>. Florian\u00f3polis: Editora Mulheres, 1997. 5-15.<\/p>\n<p>Navarro, M\u00e1rcia Hoppe, ed. <em>Rompendo o sil\u00eancio: g\u00eanero e literatura na Am\u00e9rica Latina<\/em>. Vol. 3. Porto Alegre, RS: Editora da Universidade Federal do Rio Grande do Sul, 1995.<\/p>\n<p>Schmidt, Rita Terezinha. \u201cMulheres reescrvendo a na\u00e7\u00e3o\u201d. <em>Estudos Feministas<\/em> 8.1 (2000): 84-97.<\/p>\n<p>Simo\u0113s, Jer\u00f4nimo. \u201cNecrologia\u201d. Revista Mensal da Sociedade Ensaios Liter\u00e1rios 4 (1872): 674-76.<\/p>\n<p>Soares, Iaponan. \u201cPequena hist\u00f3ria de um encontro\u201d. <em>D. Narcisa de Villar. Ana Lu\u00edsa de Azevedo Castro<\/em>. Florian\u00f3polis: Editora Mulheres, 1997. 132-35.<\/p>\n<p>Sousa, J. Galante de. \u201cDuas escritoras e um problema de autoria\u201d. In <em>Machado de Assis e outros estudos<\/em>. Rio de Janeior: C\u00e1tedra, 1979. 217-20.<\/p>\n<p><a href=\"https:\/\/eladd.org\/wp-content\/uploads\/2014\/02\/logo-footer-2.png\"><img loading=\"lazy\" decoding=\"async\" class=\"aligncenter size-full wp-image-608\" src=\"https:\/\/eladd.org\/wp-content\/uploads\/2014\/02\/logo-footer-2.png\" alt=\"logo-footer-2\" width=\"260\" height=\"70\" \/><\/a>[\/vc_column_text][vc_single_image image=&#8221;660&#8243; alignment=&#8221;center&#8221; css=&#8221;.vc_custom_1446670823436{margin-top: 35px !important;}&#8221;][\/vc_column][\/vc_row]\n<\/div>","protected":false},"excerpt":{"rendered":"<p>[vc_row full_width=&rdquo;stretch_row&rdquo; tablet_fullwidth_cols=&rdquo;&rdquo; bg_style=&rdquo;repeat&rdquo; css=&rdquo;.vc_custom_1762917745530{background-position: 0 0 !important;background-repeat: repeat !important;}&rdquo;][vc_column][vc_column_text el_class=&rdquo;autoras__titulo&rdquo;] Ana Lu&iacute;sa de Azevedo Castro (1823- 1869) [\/vc_column_text][\/vc_column][\/vc_row][vc_row full_width=&rdquo;stretch_row&rdquo; el_id=&rdquo;cuerpo&rdquo; css=&rdquo;.vc_custom_1762917752514{background-position: center !important;background-repeat: no-repeat !important;background-size: cover !important;}&rdquo;][vc_column][vc_column_text el_class=&rdquo;autoras__texto&rdquo;]Ana Lu&iacute;sa de Azevedo Castro (Brasil, 1823- 1869) Pseudonym: Indygena do Ypiranga,&hellip;<\/p>\n","protected":false},"author":3,"featured_media":0,"parent":98,"menu_order":0,"comment_status":"closed","ping_status":"closed","template":"","meta":{"footnotes":""},"class_list":["post-309","page","type-page","status-publish","hentry","entry","no-media"],"yoast_head":"<!-- This site is optimized with the Yoast SEO plugin v26.1.1 - https:\/\/yoast.com\/wordpress\/plugins\/seo\/ -->\n<title>Ana Lu\u00edsa de Azevedo Castro - Eladd En<\/title>\n<meta name=\"robots\" content=\"index, follow, max-snippet:-1, max-image-preview:large, max-video-preview:-1\" \/>\n<link rel=\"canonical\" href=\"https:\/\/eladd.org\/en\/other-authors\/ana-luisa-de-azevedo-castro\/\" \/>\n<meta property=\"og:locale\" content=\"en_US\" \/>\n<meta property=\"og:type\" content=\"article\" \/>\n<meta property=\"og:title\" content=\"Ana Lu\u00edsa de Azevedo Castro - Eladd En\" \/>\n<meta property=\"og:description\" content=\"[vc_row full_width=&rdquo;stretch_row&rdquo; tablet_fullwidth_cols=&rdquo;&rdquo; bg_style=&rdquo;repeat&rdquo; css=&rdquo;.vc_custom_1762917745530{background-position: 0 0 !important;background-repeat: repeat !important;}&rdquo;][vc_column][vc_column_text el_class=&rdquo;autoras__titulo&rdquo;] Ana Lu&iacute;sa de Azevedo Castro (1823- 1869) [\/vc_column_text][\/vc_column][\/vc_row][vc_row full_width=&rdquo;stretch_row&rdquo; el_id=&rdquo;cuerpo&rdquo; css=&rdquo;.vc_custom_1762917752514{background-position: center !important;background-repeat: no-repeat !important;background-size: cover !important;}&rdquo;][vc_column][vc_column_text el_class=&rdquo;autoras__texto&rdquo;]Ana Lu&iacute;sa de Azevedo Castro (Brasil, 1823- 1869) Pseudonym: Indygena do Ypiranga,&hellip;\" \/>\n<meta property=\"og:url\" content=\"https:\/\/eladd.org\/en\/other-authors\/ana-luisa-de-azevedo-castro\/\" \/>\n<meta property=\"og:site_name\" content=\"Eladd En\" \/>\n<meta property=\"article:modified_time\" content=\"2025-11-12T03:22:36+00:00\" \/>\n<meta property=\"og:image\" content=\"https:\/\/eladd.org\/wp-content\/uploads\/2014\/02\/logo-footer-2.png\" \/>\n<meta name=\"twitter:card\" content=\"summary_large_image\" \/>\n<meta name=\"twitter:label1\" content=\"Est. reading time\" \/>\n\t<meta name=\"twitter:data1\" content=\"3 minutes\" \/>\n<script type=\"application\/ld+json\" class=\"yoast-schema-graph\">{\"@context\":\"https:\/\/schema.org\",\"@graph\":[{\"@type\":\"WebPage\",\"@id\":\"https:\/\/eladd.org\/en\/other-authors\/ana-luisa-de-azevedo-castro\/\",\"url\":\"https:\/\/eladd.org\/en\/other-authors\/ana-luisa-de-azevedo-castro\/\",\"name\":\"Ana Lu\u00edsa de Azevedo Castro - Eladd En\",\"isPartOf\":{\"@id\":\"https:\/\/eladd.org\/en\/#website\"},\"primaryImageOfPage\":{\"@id\":\"https:\/\/eladd.org\/en\/other-authors\/ana-luisa-de-azevedo-castro\/#primaryimage\"},\"image\":{\"@id\":\"https:\/\/eladd.org\/en\/other-authors\/ana-luisa-de-azevedo-castro\/#primaryimage\"},\"thumbnailUrl\":\"https:\/\/eladd.org\/wp-content\/uploads\/2014\/02\/logo-footer-2.png\",\"datePublished\":\"2015-03-15T11:46:03+00:00\",\"dateModified\":\"2025-11-12T03:22:36+00:00\",\"breadcrumb\":{\"@id\":\"https:\/\/eladd.org\/en\/other-authors\/ana-luisa-de-azevedo-castro\/#breadcrumb\"},\"inLanguage\":\"en-US\",\"potentialAction\":[{\"@type\":\"ReadAction\",\"target\":[\"https:\/\/eladd.org\/en\/other-authors\/ana-luisa-de-azevedo-castro\/\"]}]},{\"@type\":\"ImageObject\",\"inLanguage\":\"en-US\",\"@id\":\"https:\/\/eladd.org\/en\/other-authors\/ana-luisa-de-azevedo-castro\/#primaryimage\",\"url\":\"https:\/\/eladd.org\/wp-content\/uploads\/2014\/02\/logo-footer-2.png\",\"contentUrl\":\"https:\/\/eladd.org\/wp-content\/uploads\/2014\/02\/logo-footer-2.png\"},{\"@type\":\"BreadcrumbList\",\"@id\":\"https:\/\/eladd.org\/en\/other-authors\/ana-luisa-de-azevedo-castro\/#breadcrumb\",\"itemListElement\":[{\"@type\":\"ListItem\",\"position\":1,\"name\":\"Home\",\"item\":\"https:\/\/eladd.org\/en\/\"},{\"@type\":\"ListItem\",\"position\":2,\"name\":\"Other Authors\",\"item\":\"https:\/\/eladd.org\/en\/other-authors\/\"},{\"@type\":\"ListItem\",\"position\":3,\"name\":\"Ana Lu\u00edsa de Azevedo Castro\"}]},{\"@type\":\"WebSite\",\"@id\":\"https:\/\/eladd.org\/en\/#website\",\"url\":\"https:\/\/eladd.org\/en\/\",\"name\":\"Eladd En\",\"description\":\"Ninteenth-Century Latin American Women Writers\",\"publisher\":{\"@id\":\"https:\/\/eladd.org\/en\/#organization\"},\"potentialAction\":[{\"@type\":\"SearchAction\",\"target\":{\"@type\":\"EntryPoint\",\"urlTemplate\":\"https:\/\/eladd.org\/en\/?s={search_term_string}\"},\"query-input\":{\"@type\":\"PropertyValueSpecification\",\"valueRequired\":true,\"valueName\":\"search_term_string\"}}],\"inLanguage\":\"en-US\"},{\"@type\":\"Organization\",\"@id\":\"https:\/\/eladd.org\/en\/#organization\",\"name\":\"Eladd En\",\"url\":\"https:\/\/eladd.org\/en\/\",\"logo\":{\"@type\":\"ImageObject\",\"inLanguage\":\"en-US\",\"@id\":\"https:\/\/eladd.org\/en\/#\/schema\/logo\/image\/\",\"url\":\"https:\/\/eladd.org\/en\/wp-content\/uploads\/sites\/2\/2025\/07\/logo-eladd.png\",\"contentUrl\":\"https:\/\/eladd.org\/en\/wp-content\/uploads\/sites\/2\/2025\/07\/logo-eladd.png\",\"width\":324,\"height\":77,\"caption\":\"Eladd En\"},\"image\":{\"@id\":\"https:\/\/eladd.org\/en\/#\/schema\/logo\/image\/\"}}]}<\/script>\n<!-- \/ Yoast SEO plugin. -->","yoast_head_json":{"title":"Ana Lu\u00edsa de Azevedo Castro - Eladd En","robots":{"index":"index","follow":"follow","max-snippet":"max-snippet:-1","max-image-preview":"max-image-preview:large","max-video-preview":"max-video-preview:-1"},"canonical":"https:\/\/eladd.org\/en\/other-authors\/ana-luisa-de-azevedo-castro\/","og_locale":"en_US","og_type":"article","og_title":"Ana Lu\u00edsa de Azevedo Castro - Eladd En","og_description":"[vc_row full_width=&rdquo;stretch_row&rdquo; tablet_fullwidth_cols=&rdquo;&rdquo; bg_style=&rdquo;repeat&rdquo; css=&rdquo;.vc_custom_1762917745530{background-position: 0 0 !important;background-repeat: repeat !important;}&rdquo;][vc_column][vc_column_text el_class=&rdquo;autoras__titulo&rdquo;] Ana Lu&iacute;sa de Azevedo Castro (1823- 1869) [\/vc_column_text][\/vc_column][\/vc_row][vc_row full_width=&rdquo;stretch_row&rdquo; el_id=&rdquo;cuerpo&rdquo; css=&rdquo;.vc_custom_1762917752514{background-position: center !important;background-repeat: no-repeat !important;background-size: cover !important;}&rdquo;][vc_column][vc_column_text el_class=&rdquo;autoras__texto&rdquo;]Ana Lu&iacute;sa de Azevedo Castro (Brasil, 1823- 1869) Pseudonym: Indygena do Ypiranga,&hellip;","og_url":"https:\/\/eladd.org\/en\/other-authors\/ana-luisa-de-azevedo-castro\/","og_site_name":"Eladd En","article_modified_time":"2025-11-12T03:22:36+00:00","og_image":[{"url":"https:\/\/eladd.org\/wp-content\/uploads\/2014\/02\/logo-footer-2.png","type":"","width":"","height":""}],"twitter_card":"summary_large_image","twitter_misc":{"Est. reading time":"3 minutes"},"schema":{"@context":"https:\/\/schema.org","@graph":[{"@type":"WebPage","@id":"https:\/\/eladd.org\/en\/other-authors\/ana-luisa-de-azevedo-castro\/","url":"https:\/\/eladd.org\/en\/other-authors\/ana-luisa-de-azevedo-castro\/","name":"Ana Lu\u00edsa de Azevedo Castro - Eladd En","isPartOf":{"@id":"https:\/\/eladd.org\/en\/#website"},"primaryImageOfPage":{"@id":"https:\/\/eladd.org\/en\/other-authors\/ana-luisa-de-azevedo-castro\/#primaryimage"},"image":{"@id":"https:\/\/eladd.org\/en\/other-authors\/ana-luisa-de-azevedo-castro\/#primaryimage"},"thumbnailUrl":"https:\/\/eladd.org\/wp-content\/uploads\/2014\/02\/logo-footer-2.png","datePublished":"2015-03-15T11:46:03+00:00","dateModified":"2025-11-12T03:22:36+00:00","breadcrumb":{"@id":"https:\/\/eladd.org\/en\/other-authors\/ana-luisa-de-azevedo-castro\/#breadcrumb"},"inLanguage":"en-US","potentialAction":[{"@type":"ReadAction","target":["https:\/\/eladd.org\/en\/other-authors\/ana-luisa-de-azevedo-castro\/"]}]},{"@type":"ImageObject","inLanguage":"en-US","@id":"https:\/\/eladd.org\/en\/other-authors\/ana-luisa-de-azevedo-castro\/#primaryimage","url":"https:\/\/eladd.org\/wp-content\/uploads\/2014\/02\/logo-footer-2.png","contentUrl":"https:\/\/eladd.org\/wp-content\/uploads\/2014\/02\/logo-footer-2.png"},{"@type":"BreadcrumbList","@id":"https:\/\/eladd.org\/en\/other-authors\/ana-luisa-de-azevedo-castro\/#breadcrumb","itemListElement":[{"@type":"ListItem","position":1,"name":"Home","item":"https:\/\/eladd.org\/en\/"},{"@type":"ListItem","position":2,"name":"Other Authors","item":"https:\/\/eladd.org\/en\/other-authors\/"},{"@type":"ListItem","position":3,"name":"Ana Lu\u00edsa de Azevedo Castro"}]},{"@type":"WebSite","@id":"https:\/\/eladd.org\/en\/#website","url":"https:\/\/eladd.org\/en\/","name":"Eladd En","description":"Ninteenth-Century Latin American Women Writers","publisher":{"@id":"https:\/\/eladd.org\/en\/#organization"},"potentialAction":[{"@type":"SearchAction","target":{"@type":"EntryPoint","urlTemplate":"https:\/\/eladd.org\/en\/?s={search_term_string}"},"query-input":{"@type":"PropertyValueSpecification","valueRequired":true,"valueName":"search_term_string"}}],"inLanguage":"en-US"},{"@type":"Organization","@id":"https:\/\/eladd.org\/en\/#organization","name":"Eladd En","url":"https:\/\/eladd.org\/en\/","logo":{"@type":"ImageObject","inLanguage":"en-US","@id":"https:\/\/eladd.org\/en\/#\/schema\/logo\/image\/","url":"https:\/\/eladd.org\/en\/wp-content\/uploads\/sites\/2\/2025\/07\/logo-eladd.png","contentUrl":"https:\/\/eladd.org\/en\/wp-content\/uploads\/sites\/2\/2025\/07\/logo-eladd.png","width":324,"height":77,"caption":"Eladd En"},"image":{"@id":"https:\/\/eladd.org\/en\/#\/schema\/logo\/image\/"}}]}},"_links":{"self":[{"href":"https:\/\/eladd.org\/en\/wp-json\/wp\/v2\/pages\/309","targetHints":{"allow":["GET"]}}],"collection":[{"href":"https:\/\/eladd.org\/en\/wp-json\/wp\/v2\/pages"}],"about":[{"href":"https:\/\/eladd.org\/en\/wp-json\/wp\/v2\/types\/page"}],"author":[{"embeddable":true,"href":"https:\/\/eladd.org\/en\/wp-json\/wp\/v2\/users\/3"}],"replies":[{"embeddable":true,"href":"https:\/\/eladd.org\/en\/wp-json\/wp\/v2\/comments?post=309"}],"version-history":[{"count":6,"href":"https:\/\/eladd.org\/en\/wp-json\/wp\/v2\/pages\/309\/revisions"}],"predecessor-version":[{"id":24779,"href":"https:\/\/eladd.org\/en\/wp-json\/wp\/v2\/pages\/309\/revisions\/24779"}],"up":[{"embeddable":true,"href":"https:\/\/eladd.org\/en\/wp-json\/wp\/v2\/pages\/98"}],"wp:attachment":[{"href":"https:\/\/eladd.org\/en\/wp-json\/wp\/v2\/media?parent=309"}],"curies":[{"name":"wp","href":"https:\/\/api.w.org\/{rel}","templated":true}]}}