{"id":315,"date":"2015-03-15T12:02:27","date_gmt":"2015-03-15T12:02:27","guid":{"rendered":"https:\/\/eladd.org\/en\/?page_id=315"},"modified":"2025-11-12T03:23:01","modified_gmt":"2025-11-12T03:23:01","slug":"maria-benedita-bormann","status":"publish","type":"page","link":"https:\/\/eladd.org\/en\/other-authors\/maria-benedita-bormann\/","title":{"rendered":"Mar\u00eda Benedita Bormann"},"content":{"rendered":"<div class=\"wpb-content-wrapper\">[vc_row full_width=&#8221;stretch_row&#8221; tablet_fullwidth_cols=&#8221;&#8221; bg_style=&#8221;repeat&#8221; css=&#8221;.vc_custom_1762917771051{background-position: 0 0 !important;background-repeat: repeat !important;}&#8221;][vc_column][vc_column_text el_class=&#8221;autoras__titulo&#8221;]\n<h2 style=\"text-align: center;\">Mar\u00eda Benedita Bormann<\/h2>\n<p style=\"text-align: center;\">(1853-1895)<br \/>\n<img loading=\"lazy\" decoding=\"async\" class=\"size-full wp-image-1816 aligncenter\" src=\"\/\/eladd.org\/wp-content\/uploads\/2015\/09\/icon-space.png\" alt=\"icon-space\" width=\"150\" height=\"8\" \/>[\/vc_column_text][\/vc_column][\/vc_row][vc_row full_width=&#8221;stretch_row&#8221; el_id=&#8221;cuerpo&#8221; css=&#8221;.vc_custom_1762917776745{background-position: center !important;background-repeat: no-repeat !important;background-size: cover !important;}&#8221;][vc_column][vc_column_text el_class=&#8221;autoras__texto&#8221;]<strong>Also known as: Mar\u00eda Benedita C\u00e1mara de Bormann, Mar\u00eda Benedita Borman da Camara Lima<br \/>\nPseudonym: D\u00e9lia<\/strong><\/p>\n<p>&nbsp;<\/p>\n<p><a href=\"https:\/\/eladd.org\/wp-content\/uploads\/2015\/03\/maria1.png\"><img loading=\"lazy\" decoding=\"async\" class=\"size-medium wp-image-1257 alignright\" src=\"https:\/\/eladd.org\/wp-content\/uploads\/2015\/03\/maria1-300x225.png\" alt=\"maria\" width=\"300\" height=\"225\" \/><\/a><\/p>\n<p><strong>Author\u2019s Works: Original and Edited (Works are listed in chronological order)<\/strong><\/p>\n<p>(1880). <em>O sorriso<\/em>. Rio de Janeiro: n.p.<\/p>\n<p>(1881). \u201cMagdalena\u201d. Rio de Janeiro: <em>O Sorriso<\/em>.<\/p>\n<p>(1883). \u201cAur\u00e9lia\u201d. <em>Gazeta da Tarde<\/em> 5 nov. e 7 dez.<br \/>\n&#8212;, pr\u00f3l. Norma Telles. <em>Aur\u00e9lia<\/em>. Rio de Janeiro: Palatino Linotype.<\/p>\n<p>(1883). \u201cUma V\u00edtima\u201d. Rio de Janeiro: <em>Gazeta da Tarde<\/em>.<\/p>\n<p>(1884). <em>Duas Irm\u00e3s<\/em>. Rio de Janeiro: Tipografia Central.<\/p>\n<p>(1884). <em>Uma V\u00edtima, Duas Irm\u00e3s, Madalena<\/em>. Rio de Janeiro: Typografia Central de Evaristo Costa.<\/p>\n<p>(1888). <em>Celeste<\/em>. Rio de Janeiro: Prea.<br \/>\n&#8212;. <em>Celeste<\/em>. Rio de Janeiro: Presen\u00e7a, 1988.<\/p>\n<p>(1890). \u201cA est\u00e1tua de neve\u201d. <em>O Pa\u00eds<\/em> 15 novembro.<\/p>\n<p>(1890). <em>L\u00e9sbia<\/em>. <em>O Pa\u00eds<\/em>.<br \/>\n&#8212;, pr\u00f3l. Norma Telles. <em>L\u00e9sbia: romance<\/em>. Florian\u00f3polis, SC: Editora Mulheres, 1998.<\/p>\n<p>(1894). <em>Angelina<\/em>. Rio de Janeiro: n.p.<\/p>\n<p><strong>Critical Works (Reference Materials, Books, Book Chapters, Journal Articles, Encyclopedias, Theses\/Dissertations, Media and Internet Sources)<\/strong><\/p>\n<p>Andr\u00e9, Mar\u00eda. Claudia and Eva P. Bueno. <em>Latin American Women Writers: An Encyclopedia<\/em>. New York: Routledge, 2008. 68-70.<\/p>\n<p>Araripe, J\u00fanior. <em>Obra Cr\u00edtica<\/em>. Vol. II. Rio de Janeiro: Casa de Rui Barbosa, 1888-1894. 257-64.<\/p>\n<p>Ara\u00fajo, Maria da Concei\u00e7\u00e3o Pinheiro. <em>Tramas femininas na imprensa do s\u00e9culo XIX<\/em>. Tessituras de Ignez Sabino e D\u00e9lia. Diss. PUCRS, Brasil, 2008.<\/p>\n<p>Coutinho, Afr\u00e2nio, J. Galante de Sousa, eds. <em>Enciclop\u00e9dia de Literatura Brasileira<\/em>. Vol. 1. Rio de Janeiro: Minist\u00e9rio da Educa\u00e7ao, 1990. 336.<\/p>\n<p>Cunha, Paula Cristina. \u201cO desafio ao c\u00e2none liter\u00e1rio: L\u00e9sbia e o romance oitocentista de autoria femenina\u201d. <em>Revista Graphos<\/em> 14.2 (2012): 153-63.<\/p>\n<p>Felix, Regina R. A modernidade na literatura brasileira escrita por mulheres: Mar\u00eda Benedita Bormann e Em\u00edlla Bandeira De Melo (1884-1911). Diss. U Illinois, 2003. Ann Arbor: ProQuest\/UMI, 2003.<\/p>\n<p>Martins, Ari. <em>Escritores do Rio Grande do Sul<\/em>. Porto Alegre: Universidade Federal do Rio Grande do Sul, 1978. 99.<\/p>\n<p>Muzart, Zahid\u00e9 Lupinacci. &#8220;Uma espiada na imprensa das mulheres no s\u00e9culo XIX.&#8221; <em>Revista Estudos Feministas<\/em> nov 2003: 225-33.<\/p>\n<p>Rem\u00e9dios, Maria Luiza Ritzel e Maria Aparecida Ribeiro. &#8220;Tramas femininas na imprensa do s\u00e9culo XIX: tessituras de Ignez Sabino e D\u00e9lia&#8221;. Diss. PUCRS, Brasil, 2008.<\/p>\n<p>Sabino, D. Ignez. <em>Mulheres illustres do Brazil<\/em>. Rio de Janeiro: Editora das Mulheres, 1996. 191-98.<\/p>\n<p>Santos, Salete Rosa Pezzi dos. &#8220;Representa\u00e7\u00e3o do feminino em uma escritura desautorizada: Celeste, de Maria Benedita C\u00e2mara Bormann e O perd\u00e3o, de<br \/>\nAndradina Andrade de Oliveira&#8221;. Diss. Universidade Federal do Rio Grande do Sol, Brasil, 2007.<\/p>\n<p>Schmidt, Rita Terezinha. \u201cDa exclus\u00e3o, da imita\u00e7\u00e3o e da transgress\u00e3o: o caso do romance Celeste, de Maria Benedita Bormann\u201d. <em>As armas do texto: literatura e a resist\u00eancia da literatura<\/em>. Ed. Michael Peterson. Porto Alegre: Editora Sagra, 1998.<\/p>\n<p>Telles, Norma. \u201cMaria Benedita C\u00e2mara Bormann\u201d. <em>Escritoras Brasileiras do S\u00e9culo XIX<\/em>. Ed. Zahid\u00e9 Lupinacci Muzart. Florian\u00f3polis: Editora Mulheres, 1991.<\/p>\n<p>&nbsp;<\/p>\n<p><a href=\"https:\/\/eladd.org\/wp-content\/uploads\/2014\/02\/logo-footer-2.png\"><img loading=\"lazy\" decoding=\"async\" class=\"aligncenter size-full wp-image-608\" src=\"https:\/\/eladd.org\/wp-content\/uploads\/2014\/02\/logo-footer-2.png\" alt=\"logo-footer-2\" width=\"260\" height=\"70\" \/><\/a>[\/vc_column_text][vc_single_image image=&#8221;660&#8243; alignment=&#8221;center&#8221; css=&#8221;.vc_custom_1446670823436{margin-top: 35px !important;}&#8221;][\/vc_column][\/vc_row]\n<\/div>","protected":false},"excerpt":{"rendered":"<p>[vc_row full_width=&rdquo;stretch_row&rdquo; tablet_fullwidth_cols=&rdquo;&rdquo; bg_style=&rdquo;repeat&rdquo; css=&rdquo;.vc_custom_1762917771051{background-position: 0 0 !important;background-repeat: repeat !important;}&rdquo;][vc_column][vc_column_text el_class=&rdquo;autoras__titulo&rdquo;] Mar&iacute;a Benedita Bormann (1853-1895) [\/vc_column_text][\/vc_column][\/vc_row][vc_row full_width=&rdquo;stretch_row&rdquo; el_id=&rdquo;cuerpo&rdquo; css=&rdquo;.vc_custom_1762917776745{background-position: center !important;background-repeat: no-repeat !important;background-size: cover !important;}&rdquo;][vc_column][vc_column_text el_class=&rdquo;autoras__texto&rdquo;]Also known as: Mar&iacute;a Benedita C&aacute;mara de Bormann, Mar&iacute;a Benedita Borman da Camara Lima Pseudonym:&hellip;<\/p>\n","protected":false},"author":3,"featured_media":0,"parent":98,"menu_order":0,"comment_status":"closed","ping_status":"closed","template":"","meta":{"footnotes":""},"class_list":["post-315","page","type-page","status-publish","hentry","entry","no-media"],"yoast_head":"<!-- This site is optimized with the Yoast SEO plugin v26.1.1 - https:\/\/yoast.com\/wordpress\/plugins\/seo\/ -->\n<title>Mar\u00eda Benedita Bormann - Eladd En<\/title>\n<meta name=\"robots\" content=\"index, follow, max-snippet:-1, max-image-preview:large, max-video-preview:-1\" \/>\n<link rel=\"canonical\" href=\"https:\/\/eladd.org\/en\/other-authors\/maria-benedita-bormann\/\" \/>\n<meta property=\"og:locale\" content=\"en_US\" \/>\n<meta property=\"og:type\" content=\"article\" \/>\n<meta property=\"og:title\" content=\"Mar\u00eda Benedita Bormann - Eladd En\" \/>\n<meta property=\"og:description\" content=\"[vc_row full_width=&rdquo;stretch_row&rdquo; tablet_fullwidth_cols=&rdquo;&rdquo; bg_style=&rdquo;repeat&rdquo; css=&rdquo;.vc_custom_1762917771051{background-position: 0 0 !important;background-repeat: repeat !important;}&rdquo;][vc_column][vc_column_text el_class=&rdquo;autoras__titulo&rdquo;] Mar&iacute;a Benedita Bormann (1853-1895) [\/vc_column_text][\/vc_column][\/vc_row][vc_row full_width=&rdquo;stretch_row&rdquo; el_id=&rdquo;cuerpo&rdquo; css=&rdquo;.vc_custom_1762917776745{background-position: center !important;background-repeat: no-repeat !important;background-size: cover !important;}&rdquo;][vc_column][vc_column_text el_class=&rdquo;autoras__texto&rdquo;]Also known as: Mar&iacute;a Benedita C&aacute;mara de Bormann, Mar&iacute;a Benedita Borman da Camara Lima Pseudonym:&hellip;\" \/>\n<meta property=\"og:url\" content=\"https:\/\/eladd.org\/en\/other-authors\/maria-benedita-bormann\/\" \/>\n<meta property=\"og:site_name\" content=\"Eladd En\" \/>\n<meta property=\"article:modified_time\" content=\"2025-11-12T03:23:01+00:00\" \/>\n<meta property=\"og:image\" content=\"https:\/\/eladd.org\/wp-content\/uploads\/2015\/03\/maria1-300x225.png\" \/>\n<meta name=\"twitter:card\" content=\"summary_large_image\" \/>\n<meta name=\"twitter:label1\" content=\"Est. reading time\" \/>\n\t<meta name=\"twitter:data1\" content=\"3 minutes\" \/>\n<script type=\"application\/ld+json\" class=\"yoast-schema-graph\">{\"@context\":\"https:\/\/schema.org\",\"@graph\":[{\"@type\":\"WebPage\",\"@id\":\"https:\/\/eladd.org\/en\/other-authors\/maria-benedita-bormann\/\",\"url\":\"https:\/\/eladd.org\/en\/other-authors\/maria-benedita-bormann\/\",\"name\":\"Mar\u00eda Benedita Bormann - Eladd En\",\"isPartOf\":{\"@id\":\"https:\/\/eladd.org\/en\/#website\"},\"primaryImageOfPage\":{\"@id\":\"https:\/\/eladd.org\/en\/other-authors\/maria-benedita-bormann\/#primaryimage\"},\"image\":{\"@id\":\"https:\/\/eladd.org\/en\/other-authors\/maria-benedita-bormann\/#primaryimage\"},\"thumbnailUrl\":\"https:\/\/eladd.org\/wp-content\/uploads\/2015\/03\/maria1-300x225.png\",\"datePublished\":\"2015-03-15T12:02:27+00:00\",\"dateModified\":\"2025-11-12T03:23:01+00:00\",\"breadcrumb\":{\"@id\":\"https:\/\/eladd.org\/en\/other-authors\/maria-benedita-bormann\/#breadcrumb\"},\"inLanguage\":\"en-US\",\"potentialAction\":[{\"@type\":\"ReadAction\",\"target\":[\"https:\/\/eladd.org\/en\/other-authors\/maria-benedita-bormann\/\"]}]},{\"@type\":\"ImageObject\",\"inLanguage\":\"en-US\",\"@id\":\"https:\/\/eladd.org\/en\/other-authors\/maria-benedita-bormann\/#primaryimage\",\"url\":\"https:\/\/eladd.org\/wp-content\/uploads\/2015\/03\/maria1-300x225.png\",\"contentUrl\":\"https:\/\/eladd.org\/wp-content\/uploads\/2015\/03\/maria1-300x225.png\"},{\"@type\":\"BreadcrumbList\",\"@id\":\"https:\/\/eladd.org\/en\/other-authors\/maria-benedita-bormann\/#breadcrumb\",\"itemListElement\":[{\"@type\":\"ListItem\",\"position\":1,\"name\":\"Home\",\"item\":\"https:\/\/eladd.org\/en\/\"},{\"@type\":\"ListItem\",\"position\":2,\"name\":\"Other Authors\",\"item\":\"https:\/\/eladd.org\/en\/other-authors\/\"},{\"@type\":\"ListItem\",\"position\":3,\"name\":\"Mar\u00eda Benedita Bormann\"}]},{\"@type\":\"WebSite\",\"@id\":\"https:\/\/eladd.org\/en\/#website\",\"url\":\"https:\/\/eladd.org\/en\/\",\"name\":\"Eladd En\",\"description\":\"Ninteenth-Century Latin American Women Writers\",\"publisher\":{\"@id\":\"https:\/\/eladd.org\/en\/#organization\"},\"potentialAction\":[{\"@type\":\"SearchAction\",\"target\":{\"@type\":\"EntryPoint\",\"urlTemplate\":\"https:\/\/eladd.org\/en\/?s={search_term_string}\"},\"query-input\":{\"@type\":\"PropertyValueSpecification\",\"valueRequired\":true,\"valueName\":\"search_term_string\"}}],\"inLanguage\":\"en-US\"},{\"@type\":\"Organization\",\"@id\":\"https:\/\/eladd.org\/en\/#organization\",\"name\":\"Eladd En\",\"url\":\"https:\/\/eladd.org\/en\/\",\"logo\":{\"@type\":\"ImageObject\",\"inLanguage\":\"en-US\",\"@id\":\"https:\/\/eladd.org\/en\/#\/schema\/logo\/image\/\",\"url\":\"https:\/\/eladd.org\/en\/wp-content\/uploads\/sites\/2\/2025\/07\/logo-eladd.png\",\"contentUrl\":\"https:\/\/eladd.org\/en\/wp-content\/uploads\/sites\/2\/2025\/07\/logo-eladd.png\",\"width\":324,\"height\":77,\"caption\":\"Eladd En\"},\"image\":{\"@id\":\"https:\/\/eladd.org\/en\/#\/schema\/logo\/image\/\"}}]}<\/script>\n<!-- \/ Yoast SEO plugin. -->","yoast_head_json":{"title":"Mar\u00eda Benedita Bormann - Eladd En","robots":{"index":"index","follow":"follow","max-snippet":"max-snippet:-1","max-image-preview":"max-image-preview:large","max-video-preview":"max-video-preview:-1"},"canonical":"https:\/\/eladd.org\/en\/other-authors\/maria-benedita-bormann\/","og_locale":"en_US","og_type":"article","og_title":"Mar\u00eda Benedita Bormann - Eladd En","og_description":"[vc_row full_width=&rdquo;stretch_row&rdquo; tablet_fullwidth_cols=&rdquo;&rdquo; bg_style=&rdquo;repeat&rdquo; css=&rdquo;.vc_custom_1762917771051{background-position: 0 0 !important;background-repeat: repeat !important;}&rdquo;][vc_column][vc_column_text el_class=&rdquo;autoras__titulo&rdquo;] Mar&iacute;a Benedita Bormann (1853-1895) [\/vc_column_text][\/vc_column][\/vc_row][vc_row full_width=&rdquo;stretch_row&rdquo; el_id=&rdquo;cuerpo&rdquo; css=&rdquo;.vc_custom_1762917776745{background-position: center !important;background-repeat: no-repeat !important;background-size: cover !important;}&rdquo;][vc_column][vc_column_text el_class=&rdquo;autoras__texto&rdquo;]Also known as: Mar&iacute;a Benedita C&aacute;mara de Bormann, Mar&iacute;a Benedita Borman da Camara Lima Pseudonym:&hellip;","og_url":"https:\/\/eladd.org\/en\/other-authors\/maria-benedita-bormann\/","og_site_name":"Eladd En","article_modified_time":"2025-11-12T03:23:01+00:00","og_image":[{"url":"https:\/\/eladd.org\/wp-content\/uploads\/2015\/03\/maria1-300x225.png","type":"","width":"","height":""}],"twitter_card":"summary_large_image","twitter_misc":{"Est. reading time":"3 minutes"},"schema":{"@context":"https:\/\/schema.org","@graph":[{"@type":"WebPage","@id":"https:\/\/eladd.org\/en\/other-authors\/maria-benedita-bormann\/","url":"https:\/\/eladd.org\/en\/other-authors\/maria-benedita-bormann\/","name":"Mar\u00eda Benedita Bormann - Eladd En","isPartOf":{"@id":"https:\/\/eladd.org\/en\/#website"},"primaryImageOfPage":{"@id":"https:\/\/eladd.org\/en\/other-authors\/maria-benedita-bormann\/#primaryimage"},"image":{"@id":"https:\/\/eladd.org\/en\/other-authors\/maria-benedita-bormann\/#primaryimage"},"thumbnailUrl":"https:\/\/eladd.org\/wp-content\/uploads\/2015\/03\/maria1-300x225.png","datePublished":"2015-03-15T12:02:27+00:00","dateModified":"2025-11-12T03:23:01+00:00","breadcrumb":{"@id":"https:\/\/eladd.org\/en\/other-authors\/maria-benedita-bormann\/#breadcrumb"},"inLanguage":"en-US","potentialAction":[{"@type":"ReadAction","target":["https:\/\/eladd.org\/en\/other-authors\/maria-benedita-bormann\/"]}]},{"@type":"ImageObject","inLanguage":"en-US","@id":"https:\/\/eladd.org\/en\/other-authors\/maria-benedita-bormann\/#primaryimage","url":"https:\/\/eladd.org\/wp-content\/uploads\/2015\/03\/maria1-300x225.png","contentUrl":"https:\/\/eladd.org\/wp-content\/uploads\/2015\/03\/maria1-300x225.png"},{"@type":"BreadcrumbList","@id":"https:\/\/eladd.org\/en\/other-authors\/maria-benedita-bormann\/#breadcrumb","itemListElement":[{"@type":"ListItem","position":1,"name":"Home","item":"https:\/\/eladd.org\/en\/"},{"@type":"ListItem","position":2,"name":"Other Authors","item":"https:\/\/eladd.org\/en\/other-authors\/"},{"@type":"ListItem","position":3,"name":"Mar\u00eda Benedita Bormann"}]},{"@type":"WebSite","@id":"https:\/\/eladd.org\/en\/#website","url":"https:\/\/eladd.org\/en\/","name":"Eladd En","description":"Ninteenth-Century Latin American Women Writers","publisher":{"@id":"https:\/\/eladd.org\/en\/#organization"},"potentialAction":[{"@type":"SearchAction","target":{"@type":"EntryPoint","urlTemplate":"https:\/\/eladd.org\/en\/?s={search_term_string}"},"query-input":{"@type":"PropertyValueSpecification","valueRequired":true,"valueName":"search_term_string"}}],"inLanguage":"en-US"},{"@type":"Organization","@id":"https:\/\/eladd.org\/en\/#organization","name":"Eladd En","url":"https:\/\/eladd.org\/en\/","logo":{"@type":"ImageObject","inLanguage":"en-US","@id":"https:\/\/eladd.org\/en\/#\/schema\/logo\/image\/","url":"https:\/\/eladd.org\/en\/wp-content\/uploads\/sites\/2\/2025\/07\/logo-eladd.png","contentUrl":"https:\/\/eladd.org\/en\/wp-content\/uploads\/sites\/2\/2025\/07\/logo-eladd.png","width":324,"height":77,"caption":"Eladd En"},"image":{"@id":"https:\/\/eladd.org\/en\/#\/schema\/logo\/image\/"}}]}},"_links":{"self":[{"href":"https:\/\/eladd.org\/en\/wp-json\/wp\/v2\/pages\/315","targetHints":{"allow":["GET"]}}],"collection":[{"href":"https:\/\/eladd.org\/en\/wp-json\/wp\/v2\/pages"}],"about":[{"href":"https:\/\/eladd.org\/en\/wp-json\/wp\/v2\/types\/page"}],"author":[{"embeddable":true,"href":"https:\/\/eladd.org\/en\/wp-json\/wp\/v2\/users\/3"}],"replies":[{"embeddable":true,"href":"https:\/\/eladd.org\/en\/wp-json\/wp\/v2\/comments?post=315"}],"version-history":[{"count":6,"href":"https:\/\/eladd.org\/en\/wp-json\/wp\/v2\/pages\/315\/revisions"}],"predecessor-version":[{"id":24780,"href":"https:\/\/eladd.org\/en\/wp-json\/wp\/v2\/pages\/315\/revisions\/24780"}],"up":[{"embeddable":true,"href":"https:\/\/eladd.org\/en\/wp-json\/wp\/v2\/pages\/98"}],"wp:attachment":[{"href":"https:\/\/eladd.org\/en\/wp-json\/wp\/v2\/media?parent=315"}],"curies":[{"name":"wp","href":"https:\/\/api.w.org\/{rel}","templated":true}]}}