{"id":326,"date":"2015-03-15T12:10:42","date_gmt":"2015-03-15T12:10:42","guid":{"rendered":"https:\/\/eladd.org\/en\/?page_id=326"},"modified":"2025-11-12T03:25:33","modified_gmt":"2025-11-12T03:25:33","slug":"zoila-aurora-caceres","status":"publish","type":"page","link":"https:\/\/eladd.org\/en\/other-authors\/zoila-aurora-caceres\/","title":{"rendered":"Zoila Aurora C\u00e1ceres"},"content":{"rendered":"<div class=\"wpb-content-wrapper\">[vc_row full_width=&#8221;stretch_row&#8221; tablet_fullwidth_cols=&#8221;&#8221; bg_style=&#8221;repeat&#8221; css=&#8221;.vc_custom_1762917829274{background-position: 0 0 !important;background-repeat: repeat !important;}&#8221;][vc_column][vc_column_text el_class=&#8221;autoras__titulo&#8221;]\n<h2 style=\"text-align: center;\">Zoila Aurora C\u00e1ceres<\/h2>\n<p style=\"text-align: center;\">(1877-1958)<br \/>\n<img loading=\"lazy\" decoding=\"async\" class=\"size-full wp-image-1816 aligncenter\" src=\"\/\/eladd.org\/wp-content\/uploads\/2015\/09\/icon-space.png\" alt=\"icon-space\" width=\"150\" height=\"8\" \/>[\/vc_column_text][\/vc_column][\/vc_row][vc_row full_width=&#8221;stretch_row&#8221; el_id=&#8221;cuerpo&#8221; css=&#8221;.vc_custom_1762917837835{background-position: center !important;background-repeat: no-repeat !important;background-size: cover !important;}&#8221;][vc_column][vc_column_text el_class=&#8221;autoras__texto&#8221;]<strong>Zoila Aurora C\u00e1ceres (Per\u00fa, 1877-1958)<\/strong><\/p>\n<p>Also known as: Zoila Aurora C\u00e1ceres Moreno, Zoila Aurora C\u00e1ceres, Aurora C\u00e1ceres<\/p>\n<p>Pseudonym: Eva Angelina, Evangelina<\/p>\n<p><a href=\"https:\/\/eladd.org\/wp-content\/uploads\/2015\/02\/zolia.png\"><img loading=\"lazy\" decoding=\"async\" class=\"size-medium wp-image-988 alignright\" src=\"https:\/\/eladd.org\/wp-content\/uploads\/2015\/02\/zolia-252x300.png\" alt=\"zolia\" width=\"252\" height=\"300\" \/><\/a><\/p>\n<p><strong>Author\u2019s Works: Original and Edited (Works are listed in chronological order)<\/strong><\/p>\n<p>(1896). <em>La emancipaci\u00f3n de la mujer<\/em>. Buenos Aires: El B\u00facaro Americano.<\/p>\n<p>&#8212;, ed. J. R. Glickman. Vestales del tiempo azul: notas sobre el feminismo hispanoamericano en la \u00e9poca moderna. Ed. J.R. Glickman. Toronto: Canadian Academy of the Arts, 1996. 104-107.<\/p>\n<p>(1906). \u201cLa mujer argentina\u201d <em>Prisma <\/em>(Lima) 7, 1 Feb.: 11-15.<\/p>\n<p>(1909). <em>Mujeres de ayer y hoy<\/em>. Paris: Garnier Hermanos.<\/p>\n<p>&#8212;, pr\u00f3l. Luis Bonafoux. Par\u00eds: Garnier Hermanos, 1910.<\/p>\n<p>(1911). <em>Oasis de arte<\/em>. Paris: Casa Editorial Garnier Hermanos.<\/p>\n<p>&#8212;, pr\u00f3l. Rub\u00e9n Dar\u00edo. Paris: Casa Editorial Garnier Hermanos. 1912.<\/p>\n<p>(1914). <em>La rosa muerte\/Las perlas de Rosa<\/em>. pr\u00f3l. Amado Nervo. Paris: Garnier Hermanos.<\/p>\n<p>&#8212;. Paris: Gernier Hunos, 1930.<\/p>\n<p>&#8212;, pr\u00f3l. Thomas Ward. Buenos Aires: Stockcero, 2007.<\/p>\n<p>(1916). \u201cExposici\u00f3n de S.M. Franciscovich. Critica art\u00edstica por Evangelina\u201d <em>La Cr\u00f3nica <\/em>(Lima) 26 Feb.: 7.<\/p>\n<p>(1917). \u201cBoceto corp\u00f3reo de Santa Rosa de Lima\u201d <em>El Comercio<\/em> (Lima) 30 Aug.: 5.<\/p>\n<p>(1918). \u201cDaniel Hern\u00e1ndez\u201d <em>El Comercio<\/em> (Lima) 22 Sept.: 7.<\/p>\n<p>(1918). \u201cLas mansiones cusque\u00f1as\u201d <em>La Prensa<\/em> (Lima) 20 Dec.: 8.<\/p>\n<p>(1918). \u201cEl pintor Hern\u00e1ndez\u201d <em>El Mercurio Peruano<\/em> 3 (Lima) Sept.: 143-45.<\/p>\n<p>(1919). \u201cIgnacio Merino\u201d <em>Revista Universitaria<\/em> (Lima) Year 1, semester 1: 124-172.<\/p>\n<p>(1919). <em>Mi vida con G\u00f3mez Carrillo<\/em>. Madrid: Ed. Renacimiento.<\/p>\n<p>&#8212;, pr\u00f3l. Manuel Ugarte. <em>Mi vida con Enrique G\u00f3mez Carrillo<\/em>. Buenos Aires: Renacimiento, 1929.<\/p>\n<p>&#8212;. Guatemala: Tipograf\u00eda Nacional, 2008.<\/p>\n<p>(1921). La campana de la Bre\u00f1a, memorias del mariscal del Per\u00fa, D. Andr\u00e9s A C\u00e1ceres. Lima: Imprenta americana.<\/p>\n<p>(1922). \u201cColcampata\u201d <em>Revista de Bellas Artes<\/em> 5 (Lima) Feb.: 11.<\/p>\n<p>(1924). \u201cDos reinas que he conocido.\u201d <em>Mundial<\/em> 219 (Lima) 28 July 28: s\/p.<\/p>\n<p>(1924). \u201cPrograma de principios del feminismo peruano.\u201d <em>La Prensa<\/em> (Lima) 2Oct.: 9.<\/p>\n<p>(1927). <em>La ciudad del sol<\/em>. Lima: Liberia francesa cient\u00edfica y casa editorial E. Rosay, F. y E. Rosay.<\/p>\n<p>(1929). <em>La princesa Suma Tica: narraciones peruanas<\/em>. Madrid: Editorial Mundo Latino.<\/p>\n<p>(1930). <em>Las perlas de Rosa<\/em>. Paris: Gernier Hunos.<\/p>\n<p>(1946). <em>Labor de armon\u00eda interamericana en Los Estado Unidos de Norte Am\u00e9rica, 1940-1945<\/em>, Washington: n.p.<\/p>\n<p>(1951). \u201cEl pintor premiado.\u201d <em>La Cr\u00f3nica<\/em>, Suplemento Dominical, Lima, May 13, 4.<\/p>\n<p>(2002). \u201cEpistolario relativo a Miguel de Unamuno.\u201d <em>Unamuno y el Per\u00fa<\/em>. Ed. Wilfredo Kapsoli. Lima: Universidad Ricardo Palma, 2002.27-31.<\/p>\n<p>(2009). \u201cEscritos sobre arte peruano. \u201c <em>Aurora C\u00e1ceres \u201cEvangelina\u201d sus escritos sobre arte peruano<\/em>. Ed. Sof\u00eda Pachas Maceda, Lima: Seminario de Historia Rural Andina, Universidad Nacional Mayor de San Marcos. 134-213.<\/p>\n<p>&nbsp;<\/p>\n<p><strong>Critical Works (Reference Materials, Books, Book Chapters, Journal Articles, Encyclopedias, Theses\/Dissertations, Media and Internet Sources)<\/strong><\/p>\n<p><em>Mujeres, familia y sociedad en la Historia de Am\u00e9rica Latina, Siglos XVIII-XXI<\/em>. Lima: Cendoc-Mujer, PUCP, 2006. 517-35.<\/p>\n<p>Andradi, Esther. \u201cDamas en caravana. Mujeres en las cr\u00f3nicas period\u00edsticas de Dar\u00edo.\u201d <em>Anales de Literatura Hispanoamericana<\/em> 35 (2006): 69-76. 74, 76.<\/p>\n<p>Barrionuevo, Carmen Ruiz. \u201cAurora C\u00e1ceres, \u2018Evangelina\u201d, entre el modernismo finisecular y la reivindicaci\u00f3n feminista.\u201d <em>Inti<\/em> (2008): 27-44.<\/p>\n<p>Camacho, Diego. <em>Mujeres ilustres del Per\u00fa<\/em>. Lima: Ediciones Carpesa, 1969. 65-68.<\/p>\n<p>Carvallo, Fernando. \u201cZoila Aurora C\u00e1ceres, del sagrado coraz\u00f3n a la belle \u00e9poque.\u201d <em>Cuadernos Hispanoamericanos<\/em> 688 (2007): 73-78.<\/p>\n<p>Dulanto Pinillos, Jorge. <em>El proceso Pi\u00e9rola<\/em>. Lima: CIP, 1954. 5-29.<\/p>\n<p>Figueroa Anaya, Nelson and Asunta Montoya Rojas. <em>De voces, sue\u00f1os y osad\u00edas, mujeres ejemplares del Per\u00fa<\/em>. Lima: Centro de Producci\u00f3n y Documentaci\u00f3n Radiof\u00f3nica, 1995. 99-102.<\/p>\n<p>Fox Lockert, Lucia. \u201cDial\u00e9ctica en la subversi\u00f3n de los sexos en la autobiograf\u00eda de Aurora C\u00e1ceres.\u201d <em>Mujeres que escriben en Am\u00e9rica Latina<\/em>. Ed. Sara Beatriz Guardia. Lima: Centro de Estudios de la Mujer en la Historia de Am\u00e9rica Latina, 2007. 409-15.<\/p>\n<p>Garc\u00eda y Garc\u00eda, Elvira. <em>La mujer peruana a trav\u00e9s de los siglos<\/em>. Vol. 2. Lima: Imp. Americana, 1924. 95-98.<\/p>\n<p>G\u00f3mez Carillo, Enrique. \u201cUna po\u00e9tica evocaci\u00f3n de los esplendores del antiguo Per\u00fa.\u201d <em>La ciudad del sol<\/em>. Lima: Liberia Francesa Cient\u00edfica\/Casa Editorial E. Rosay, 1927. 9-14.<\/p>\n<p>Guardia, Sara Beatriz. <em>Mujeres peruanas al otro lado de la historia<\/em>. Lima: n.p. 183-84.<\/p>\n<p>Herrera, Eduardo. \u201cUna visita a Evangelina.\u201d <em>La ciudad del sol de Aurora C\u00e1ceres<\/em>. Lima: Liberia Francesa Cient\u00edfica\/Casa Editorial E. Rosay, 1927. 185-93.<\/p>\n<p>Jim\u00e9nez del Campo, Paloma. \u201cLa cr\u00f3nica de viajes: en la obra de Aurora C\u00e1ceres.\u201d <em>Anales de la Literatura Hispanoamericana<\/em> (2010): 305-15.<\/p>\n<p>Kapsoli, Wilfredo. Unamuno y el Per\u00fa, Epistolario, 1902-1934. Lima: Universidad de Salamanca, 2002. 25-31.<\/p>\n<p>LaGreca, Nancy. \u201cIntertextual Sexual Politics: Illness and Desire in Enrique G\u00f3mez Carillo\u2019s Del amor, del vicio and Aurora C\u00e1ceres\u2019 La Rosa Muerta.\u201d <em>Hispania<\/em> 95.4 (2012): 617-28.<\/p>\n<p>Lockert, Lucia. \u201cDial\u00e9ctica en la subversi\u00f3n de los sexos en la autobiograf\u00eda de Aurora C\u00e1ceres.\u201d <em>Mujeres que escriben en Am\u00e9rica Latina<\/em>. Ed. Sara Beatriz Guardia. Lima: CEMHAL, 2007. 407- 15.<\/p>\n<p>Minardi, Giovanna. \u201cLa narrativa femenina en el Per\u00fa del siglo XX.\u201d <em>Alba de Am\u00e9rica<\/em> 37\/38 (2001):178-179.<\/p>\n<p>\u201cMuri\u00f3 la historiadora peruana Zoila C\u00e1ceres en Madrid.\u201d <em>El Comercio<\/em>, Lima, Feb., 14, 1958. 1.<\/p>\n<p>Pachas Maceda, Sof\u00eda. <em>Aurora C\u00e1ceres \u201cEvangelina\u201d sus escritos sobre arte peruano<\/em>. Lima: Seminario de Historia Rural Andina, Universidad Nacional Mayor de San Marcos, 2009.<\/p>\n<p>Paz-Sold\u00e1n, Juan Pedro. <em>Diccionario biogr\u00e1fico de peruanos contempor\u00e1neos<\/em>. Lima: Liberia e Imprenta Gil, 1917. 99-100.<\/p>\n<p>Ruiz Barrionuevo, Carmen. \u201cAurora C\u00e1ceres, corresponsal peruana de Miguel de Unamuno.\u201d <em>Palabras norma, discurso: En memoria de Fernando L\u00e1zaro Carreter<\/em>. Ed. Luis Santos R\u00edo. Salamanca: U de Salamanca, 2005. 1047-54.<\/p>\n<p>&#8212;. \u201cAurora C\u00e1ceres. \u201c\u2018Evangelina\u2019, entre el modernismo finisecular y la reivindicaci\u00f3n feminista.\u201d <em>Inti: Revista de Literatura Hisp\u00e1nica<\/em> 67-68 (2008): 27-44.<\/p>\n<p>Sanz \u00c1lvarez, Arancha.\u201dLa bohemia Latinoamericana en Paris: Aurora C\u00e1ceres.\u201d Viajeras entre dos mundos. Ed. Sara Beatriz Guardia and Losandro A. Tedeschi. Brazil: Editora UFGD, 2012. 659-673.<\/p>\n<p>Tenorio-Gavin, Lucero. <em>El ensayo latinoamericano de escritoras: asuntos de g\u00e9nero literario, identidad femenina y concientizaci\u00f3n por la escritura<\/em>. Diss. Purdue University, 2001. Ann Arbor: UMI, 2001. 139-146.<\/p>\n<p>Winter, Calvert J. \u201cLa princesa Suma Tica by Aurora C\u00e1ceres.\u201d <em>Books Abroad<\/em> 4.2 (Apr., 1930): 157.<\/p>\n<p>&nbsp;<\/p>\n<p><a href=\"https:\/\/eladd.org\/wp-content\/uploads\/2014\/02\/logo-footer-2.png\"><img loading=\"lazy\" decoding=\"async\" class=\"aligncenter size-full wp-image-608\" src=\"https:\/\/eladd.org\/wp-content\/uploads\/2014\/02\/logo-footer-2.png\" alt=\"logo-footer-2\" width=\"260\" height=\"70\" \/><\/a>[\/vc_column_text][vc_single_image image=&#8221;660&#8243; alignment=&#8221;center&#8221; css=&#8221;.vc_custom_1446670823436{margin-top: 35px !important;}&#8221;][\/vc_column][\/vc_row]\n<\/div>","protected":false},"excerpt":{"rendered":"<p>[vc_row full_width=&rdquo;stretch_row&rdquo; tablet_fullwidth_cols=&rdquo;&rdquo; bg_style=&rdquo;repeat&rdquo; css=&rdquo;.vc_custom_1762917829274{background-position: 0 0 !important;background-repeat: repeat !important;}&rdquo;][vc_column][vc_column_text el_class=&rdquo;autoras__titulo&rdquo;] Zoila Aurora C&aacute;ceres (1877-1958) [\/vc_column_text][\/vc_column][\/vc_row][vc_row full_width=&rdquo;stretch_row&rdquo; el_id=&rdquo;cuerpo&rdquo; css=&rdquo;.vc_custom_1762917837835{background-position: center !important;background-repeat: no-repeat !important;background-size: cover !important;}&rdquo;][vc_column][vc_column_text el_class=&rdquo;autoras__texto&rdquo;]Zoila Aurora C&aacute;ceres (Per&uacute;, 1877-1958) Also known as: Zoila Aurora C&aacute;ceres Moreno, Zoila Aurora C&aacute;ceres,&hellip;<\/p>\n","protected":false},"author":3,"featured_media":0,"parent":98,"menu_order":0,"comment_status":"closed","ping_status":"closed","template":"","meta":{"footnotes":""},"class_list":["post-326","page","type-page","status-publish","hentry","entry","no-media"],"yoast_head":"<!-- This site is optimized with the Yoast SEO plugin v26.1.1 - https:\/\/yoast.com\/wordpress\/plugins\/seo\/ -->\n<title>Zoila Aurora C\u00e1ceres - Eladd En<\/title>\n<meta name=\"robots\" content=\"index, follow, max-snippet:-1, max-image-preview:large, max-video-preview:-1\" \/>\n<link rel=\"canonical\" href=\"https:\/\/eladd.org\/en\/other-authors\/zoila-aurora-caceres\/\" \/>\n<meta property=\"og:locale\" content=\"en_US\" \/>\n<meta property=\"og:type\" content=\"article\" \/>\n<meta property=\"og:title\" content=\"Zoila Aurora C\u00e1ceres - Eladd En\" \/>\n<meta property=\"og:description\" content=\"[vc_row full_width=&rdquo;stretch_row&rdquo; tablet_fullwidth_cols=&rdquo;&rdquo; bg_style=&rdquo;repeat&rdquo; css=&rdquo;.vc_custom_1762917829274{background-position: 0 0 !important;background-repeat: repeat !important;}&rdquo;][vc_column][vc_column_text el_class=&rdquo;autoras__titulo&rdquo;] Zoila Aurora C&aacute;ceres (1877-1958) [\/vc_column_text][\/vc_column][\/vc_row][vc_row full_width=&rdquo;stretch_row&rdquo; el_id=&rdquo;cuerpo&rdquo; css=&rdquo;.vc_custom_1762917837835{background-position: center !important;background-repeat: no-repeat !important;background-size: cover !important;}&rdquo;][vc_column][vc_column_text el_class=&rdquo;autoras__texto&rdquo;]Zoila Aurora C&aacute;ceres (Per&uacute;, 1877-1958) Also known as: Zoila Aurora C&aacute;ceres Moreno, Zoila Aurora C&aacute;ceres,&hellip;\" \/>\n<meta property=\"og:url\" content=\"https:\/\/eladd.org\/en\/other-authors\/zoila-aurora-caceres\/\" \/>\n<meta property=\"og:site_name\" content=\"Eladd En\" \/>\n<meta property=\"article:modified_time\" content=\"2025-11-12T03:25:33+00:00\" \/>\n<meta property=\"og:image\" content=\"https:\/\/eladd.org\/wp-content\/uploads\/2015\/02\/zolia-252x300.png\" \/>\n<meta name=\"twitter:card\" content=\"summary_large_image\" \/>\n<meta name=\"twitter:label1\" content=\"Est. reading time\" \/>\n\t<meta name=\"twitter:data1\" content=\"5 minutes\" \/>\n<script type=\"application\/ld+json\" class=\"yoast-schema-graph\">{\"@context\":\"https:\/\/schema.org\",\"@graph\":[{\"@type\":\"WebPage\",\"@id\":\"https:\/\/eladd.org\/en\/other-authors\/zoila-aurora-caceres\/\",\"url\":\"https:\/\/eladd.org\/en\/other-authors\/zoila-aurora-caceres\/\",\"name\":\"Zoila Aurora C\u00e1ceres - Eladd En\",\"isPartOf\":{\"@id\":\"https:\/\/eladd.org\/en\/#website\"},\"primaryImageOfPage\":{\"@id\":\"https:\/\/eladd.org\/en\/other-authors\/zoila-aurora-caceres\/#primaryimage\"},\"image\":{\"@id\":\"https:\/\/eladd.org\/en\/other-authors\/zoila-aurora-caceres\/#primaryimage\"},\"thumbnailUrl\":\"https:\/\/eladd.org\/wp-content\/uploads\/2015\/02\/zolia-252x300.png\",\"datePublished\":\"2015-03-15T12:10:42+00:00\",\"dateModified\":\"2025-11-12T03:25:33+00:00\",\"breadcrumb\":{\"@id\":\"https:\/\/eladd.org\/en\/other-authors\/zoila-aurora-caceres\/#breadcrumb\"},\"inLanguage\":\"en-US\",\"potentialAction\":[{\"@type\":\"ReadAction\",\"target\":[\"https:\/\/eladd.org\/en\/other-authors\/zoila-aurora-caceres\/\"]}]},{\"@type\":\"ImageObject\",\"inLanguage\":\"en-US\",\"@id\":\"https:\/\/eladd.org\/en\/other-authors\/zoila-aurora-caceres\/#primaryimage\",\"url\":\"https:\/\/eladd.org\/wp-content\/uploads\/2015\/02\/zolia-252x300.png\",\"contentUrl\":\"https:\/\/eladd.org\/wp-content\/uploads\/2015\/02\/zolia-252x300.png\"},{\"@type\":\"BreadcrumbList\",\"@id\":\"https:\/\/eladd.org\/en\/other-authors\/zoila-aurora-caceres\/#breadcrumb\",\"itemListElement\":[{\"@type\":\"ListItem\",\"position\":1,\"name\":\"Home\",\"item\":\"https:\/\/eladd.org\/en\/\"},{\"@type\":\"ListItem\",\"position\":2,\"name\":\"Other Authors\",\"item\":\"https:\/\/eladd.org\/en\/other-authors\/\"},{\"@type\":\"ListItem\",\"position\":3,\"name\":\"Zoila Aurora C\u00e1ceres\"}]},{\"@type\":\"WebSite\",\"@id\":\"https:\/\/eladd.org\/en\/#website\",\"url\":\"https:\/\/eladd.org\/en\/\",\"name\":\"Eladd En\",\"description\":\"Ninteenth-Century Latin American Women Writers\",\"publisher\":{\"@id\":\"https:\/\/eladd.org\/en\/#organization\"},\"potentialAction\":[{\"@type\":\"SearchAction\",\"target\":{\"@type\":\"EntryPoint\",\"urlTemplate\":\"https:\/\/eladd.org\/en\/?s={search_term_string}\"},\"query-input\":{\"@type\":\"PropertyValueSpecification\",\"valueRequired\":true,\"valueName\":\"search_term_string\"}}],\"inLanguage\":\"en-US\"},{\"@type\":\"Organization\",\"@id\":\"https:\/\/eladd.org\/en\/#organization\",\"name\":\"Eladd En\",\"url\":\"https:\/\/eladd.org\/en\/\",\"logo\":{\"@type\":\"ImageObject\",\"inLanguage\":\"en-US\",\"@id\":\"https:\/\/eladd.org\/en\/#\/schema\/logo\/image\/\",\"url\":\"https:\/\/eladd.org\/en\/wp-content\/uploads\/sites\/2\/2025\/07\/logo-eladd.png\",\"contentUrl\":\"https:\/\/eladd.org\/en\/wp-content\/uploads\/sites\/2\/2025\/07\/logo-eladd.png\",\"width\":324,\"height\":77,\"caption\":\"Eladd En\"},\"image\":{\"@id\":\"https:\/\/eladd.org\/en\/#\/schema\/logo\/image\/\"}}]}<\/script>\n<!-- \/ Yoast SEO plugin. -->","yoast_head_json":{"title":"Zoila Aurora C\u00e1ceres - Eladd En","robots":{"index":"index","follow":"follow","max-snippet":"max-snippet:-1","max-image-preview":"max-image-preview:large","max-video-preview":"max-video-preview:-1"},"canonical":"https:\/\/eladd.org\/en\/other-authors\/zoila-aurora-caceres\/","og_locale":"en_US","og_type":"article","og_title":"Zoila Aurora C\u00e1ceres - Eladd En","og_description":"[vc_row full_width=&rdquo;stretch_row&rdquo; tablet_fullwidth_cols=&rdquo;&rdquo; bg_style=&rdquo;repeat&rdquo; css=&rdquo;.vc_custom_1762917829274{background-position: 0 0 !important;background-repeat: repeat !important;}&rdquo;][vc_column][vc_column_text el_class=&rdquo;autoras__titulo&rdquo;] Zoila Aurora C&aacute;ceres (1877-1958) [\/vc_column_text][\/vc_column][\/vc_row][vc_row full_width=&rdquo;stretch_row&rdquo; el_id=&rdquo;cuerpo&rdquo; css=&rdquo;.vc_custom_1762917837835{background-position: center !important;background-repeat: no-repeat !important;background-size: cover !important;}&rdquo;][vc_column][vc_column_text el_class=&rdquo;autoras__texto&rdquo;]Zoila Aurora C&aacute;ceres (Per&uacute;, 1877-1958) Also known as: Zoila Aurora C&aacute;ceres Moreno, Zoila Aurora C&aacute;ceres,&hellip;","og_url":"https:\/\/eladd.org\/en\/other-authors\/zoila-aurora-caceres\/","og_site_name":"Eladd En","article_modified_time":"2025-11-12T03:25:33+00:00","og_image":[{"url":"https:\/\/eladd.org\/wp-content\/uploads\/2015\/02\/zolia-252x300.png","type":"","width":"","height":""}],"twitter_card":"summary_large_image","twitter_misc":{"Est. reading time":"5 minutes"},"schema":{"@context":"https:\/\/schema.org","@graph":[{"@type":"WebPage","@id":"https:\/\/eladd.org\/en\/other-authors\/zoila-aurora-caceres\/","url":"https:\/\/eladd.org\/en\/other-authors\/zoila-aurora-caceres\/","name":"Zoila Aurora C\u00e1ceres - Eladd En","isPartOf":{"@id":"https:\/\/eladd.org\/en\/#website"},"primaryImageOfPage":{"@id":"https:\/\/eladd.org\/en\/other-authors\/zoila-aurora-caceres\/#primaryimage"},"image":{"@id":"https:\/\/eladd.org\/en\/other-authors\/zoila-aurora-caceres\/#primaryimage"},"thumbnailUrl":"https:\/\/eladd.org\/wp-content\/uploads\/2015\/02\/zolia-252x300.png","datePublished":"2015-03-15T12:10:42+00:00","dateModified":"2025-11-12T03:25:33+00:00","breadcrumb":{"@id":"https:\/\/eladd.org\/en\/other-authors\/zoila-aurora-caceres\/#breadcrumb"},"inLanguage":"en-US","potentialAction":[{"@type":"ReadAction","target":["https:\/\/eladd.org\/en\/other-authors\/zoila-aurora-caceres\/"]}]},{"@type":"ImageObject","inLanguage":"en-US","@id":"https:\/\/eladd.org\/en\/other-authors\/zoila-aurora-caceres\/#primaryimage","url":"https:\/\/eladd.org\/wp-content\/uploads\/2015\/02\/zolia-252x300.png","contentUrl":"https:\/\/eladd.org\/wp-content\/uploads\/2015\/02\/zolia-252x300.png"},{"@type":"BreadcrumbList","@id":"https:\/\/eladd.org\/en\/other-authors\/zoila-aurora-caceres\/#breadcrumb","itemListElement":[{"@type":"ListItem","position":1,"name":"Home","item":"https:\/\/eladd.org\/en\/"},{"@type":"ListItem","position":2,"name":"Other Authors","item":"https:\/\/eladd.org\/en\/other-authors\/"},{"@type":"ListItem","position":3,"name":"Zoila Aurora C\u00e1ceres"}]},{"@type":"WebSite","@id":"https:\/\/eladd.org\/en\/#website","url":"https:\/\/eladd.org\/en\/","name":"Eladd En","description":"Ninteenth-Century Latin American Women Writers","publisher":{"@id":"https:\/\/eladd.org\/en\/#organization"},"potentialAction":[{"@type":"SearchAction","target":{"@type":"EntryPoint","urlTemplate":"https:\/\/eladd.org\/en\/?s={search_term_string}"},"query-input":{"@type":"PropertyValueSpecification","valueRequired":true,"valueName":"search_term_string"}}],"inLanguage":"en-US"},{"@type":"Organization","@id":"https:\/\/eladd.org\/en\/#organization","name":"Eladd En","url":"https:\/\/eladd.org\/en\/","logo":{"@type":"ImageObject","inLanguage":"en-US","@id":"https:\/\/eladd.org\/en\/#\/schema\/logo\/image\/","url":"https:\/\/eladd.org\/en\/wp-content\/uploads\/sites\/2\/2025\/07\/logo-eladd.png","contentUrl":"https:\/\/eladd.org\/en\/wp-content\/uploads\/sites\/2\/2025\/07\/logo-eladd.png","width":324,"height":77,"caption":"Eladd En"},"image":{"@id":"https:\/\/eladd.org\/en\/#\/schema\/logo\/image\/"}}]}},"_links":{"self":[{"href":"https:\/\/eladd.org\/en\/wp-json\/wp\/v2\/pages\/326","targetHints":{"allow":["GET"]}}],"collection":[{"href":"https:\/\/eladd.org\/en\/wp-json\/wp\/v2\/pages"}],"about":[{"href":"https:\/\/eladd.org\/en\/wp-json\/wp\/v2\/types\/page"}],"author":[{"embeddable":true,"href":"https:\/\/eladd.org\/en\/wp-json\/wp\/v2\/users\/3"}],"replies":[{"embeddable":true,"href":"https:\/\/eladd.org\/en\/wp-json\/wp\/v2\/comments?post=326"}],"version-history":[{"count":4,"href":"https:\/\/eladd.org\/en\/wp-json\/wp\/v2\/pages\/326\/revisions"}],"predecessor-version":[{"id":24782,"href":"https:\/\/eladd.org\/en\/wp-json\/wp\/v2\/pages\/326\/revisions\/24782"}],"up":[{"embeddable":true,"href":"https:\/\/eladd.org\/en\/wp-json\/wp\/v2\/pages\/98"}],"wp:attachment":[{"href":"https:\/\/eladd.org\/en\/wp-json\/wp\/v2\/media?parent=326"}],"curies":[{"name":"wp","href":"https:\/\/api.w.org\/{rel}","templated":true}]}}