{"id":336,"date":"2015-03-15T12:19:28","date_gmt":"2015-03-15T12:19:28","guid":{"rendered":"https:\/\/eladd.org\/en\/?page_id=336"},"modified":"2025-11-12T03:26:44","modified_gmt":"2025-11-12T03:26:44","slug":"aurelia-castillo-de-gonzalez","status":"publish","type":"page","link":"https:\/\/eladd.org\/en\/other-authors\/aurelia-castillo-de-gonzalez\/","title":{"rendered":"Aurelia Castillo de Gonz\u00e1lez"},"content":{"rendered":"<div class=\"wpb-content-wrapper\">[vc_row full_width=&#8221;stretch_row&#8221; tablet_fullwidth_cols=&#8221;&#8221; bg_style=&#8221;repeat&#8221; css=&#8221;.vc_custom_1762917989619{background-position: 0 0 !important;background-repeat: repeat !important;}&#8221;][vc_column][vc_column_text el_class=&#8221;autoras__titulo&#8221;]\n<h2 style=\"text-align: center;\">Aurelia Castillo de Gonz\u00e1lez<\/h2>\n<p style=\"text-align: center;\">(1842-1920)<br \/>\n<img loading=\"lazy\" decoding=\"async\" class=\"size-full wp-image-1816 aligncenter\" src=\"\/\/eladd.org\/wp-content\/uploads\/2015\/09\/icon-space.png\" alt=\"icon-space\" width=\"150\" height=\"8\" \/>[\/vc_column_text][\/vc_column][\/vc_row][vc_row full_width=&#8221;stretch_row&#8221; el_id=&#8221;cuerpo&#8221; css=&#8221;.vc_custom_1762917998443{background-position: center !important;background-repeat: no-repeat !important;background-size: cover !important;}&#8221;][vc_column][vc_column_text el_class=&#8221;autoras__texto&#8221;]<strong>Also known as: Aurelia Castillo<br \/>\n<\/strong><\/p>\n<p><a href=\"https:\/\/eladd.org\/wp-content\/uploads\/2015\/02\/aurelia.png\"><img loading=\"lazy\" decoding=\"async\" class=\"size-medium wp-image-952 alignright\" src=\"https:\/\/eladd.org\/wp-content\/uploads\/2015\/02\/aurelia-300x252.png\" alt=\"aurelia\" width=\"300\" height=\"252\" \/><\/a><\/p>\n<p><strong>Author\u2019s Works: Original and Edited (Works are listed in chronological order)<\/strong><\/p>\n<p>(1877). \u201cPoetisas cubanas: Gertrudis G\u00f3mez de Avellaneda.\u201d RC 2 (1877): 481-502.<\/p>\n<p>(1879). <em>F\u00e1bulas. Poemitas Morales<\/em>. C\u00e1diz: Tipograf\u00eda La Mercantil.<br \/>\n&#8212;, <em>F\u00e1bulas de Aurelia Castillo de Gonz\u00e1lez<\/em>. La Habana: Imprenta de Rambla y Bouza, 1910.<\/p>\n<p>(1885). <em>Adi\u00f3s de Victor Hugo \u00e1 la Francia de 1852<\/em>. La Habana: La Propaganda Literaria.<\/p>\n<p>(1887). <em>Biograf\u00eda de Gertrudis G\u00f3mez de Avellaneda y juicio cr\u00edtico de sus obras<\/em>. La Habana: Imprenta de Soler, \u00c1lvarez.<\/p>\n<p>(1891). <em>Un paseo por Europa: cartas de Francia (exposici\u00f3n de 1889) de Italia y de Suiza<\/em>. La Habana: La Propaganda Literaria.<\/p>\n<p>(1891). <em>Pompeya<\/em>. La Habana: La Propaganda Literaria.<\/p>\n<p>(1895). \u201cEsperemos.\u201d <em>El F\u00edgaro<\/em> 24 Feb. 1895: 67.<\/p>\n<p>(1895). Pr\u00f3logo. <em>Grupo de Familia: poes\u00edas de los Borrero<\/em>. La Habana: Imprenta La Moderna. 5-22.<\/p>\n<p>(1895). <em>Un paseo por Am\u00e9rica: cartas de M\u00e9jico y de Chicago<\/em>. La Habana: Imprenta La Constancia.<\/p>\n<p>(1903). <em>Trozos guerreros y apoteosis<\/em>. La Habana: Imprenta La Mercantil.<\/p>\n<p>(1906). \u201cLos Alpes.\u201d <em>El parnaso cubano<\/em>. Ed. Adri\u00e1n del Valle. Barcelona: Maucci, 1906. 36.<\/p>\n<p>(1907). Trans. Aurelia Castillo de Gonz\u00e1lez. D\u2019Annunzio, Gabriele. <em>La hija de lorio: tragedia pastoral<\/em>. La Habana: Imprenta de P. Fern\u00e1ndez.<\/p>\n<p>(1910). Ed. Antonio Gonz\u00e1lez Curquejo. <em>Florilegio de escritoras cubanas<\/em>. Vol. I. La Habana: Imprenta La Moderna Poes\u00eda. 234-246.<\/p>\n<p>(1912). <em>Cuentos de Aurelia<\/em>. La Habana, Imprenta de Rambla y Bouza.<\/p>\n<p>(1912). <em>Ignacio Agramonte en la vida privada<\/em>. La Habana: Imprenta de Rambla y Bouza.<\/p>\n<p>(1913). <em>Escritos de Aurelia Castillo de Gonz\u00e1lez y algunos de Francisco Gonz\u00e1lez del Hoyo<\/em>. La Habana: Imprenta El Siglo XX.<br \/>\n&#8212;, <em>Escritos<\/em>. La Habana: Imprenta El Siglo XX, 1914.<\/p>\n<p>(1915). Xenes, Nieves, and Aurelia Castillo de G. <em>Poes\u00edas<\/em>. La Habana: Impr. \u201cEl Siglo XX de A. Miranda\u201d.<\/p>\n<p>(1918). \u201cMujeres antes que hombres.\u201d <em>CC<\/em> 17.2 (1918): 89-94.<\/p>\n<p>(1918). \u201cPara un h\u00e9roe una belleza, la viuda de Agramonte.\u201d<em> S <\/em>3 (Feb. 1918): 13-14.<\/p>\n<p>(1926). Ed. Domitila de Garc\u00eda de Coronado. <em>\u00c1lbum po\u00e9tico-fotogr\u00e1fico de escritoras poetisas cubanas, escrito en 1868 para la se\u00f1ora Do\u00f1a Gertrudis G\u00f3mez de Avellaneda<\/em>. La Habana: Imprenta de El F\u00edgaro. 139-45.<\/p>\n<p>(1928). <em>La poes\u00eda l\u00edrica en Cuba<\/em>. Vol. 4. Jos\u00e9 Manuel Carbonell y Rivero. La Habana: Imprenta El Siglo XX. 42-56.<\/p>\n<p>(1957). <em>La voluntad de Dios: comedia en dos actos y en verso<\/em>. La Habana: C\u00e1rdenas.<\/p>\n<p>(1958). \u201cExpulsada.\u201d Ed. Jos\u00e9 Mari\u00e1 Chac\u00f3n y Calvo. <em>Las cien mejores poes\u00edas cubanas<\/em>. Madrid: Ediciones Cultura Hisp\u00e1nica, 1958. 228-30.<br \/>\n&#8212;. \u201cExpulsada.\u201d Ed. Rafael Estenger. <em>Cien de las mejores poes\u00edas cubanas<\/em>. Miami: Mnemosyne Publishing Inc., 1969. 214-15.<br \/>\n&#8212;. \u201cExpulsada.\u201d Ed. Jabier H. Pizarroso. <em>La voz de la manigua<\/em>. Sevilla: Mono Azul Editora, 2008. 186-88.<\/p>\n<p>(1965). Ed. Jos\u00e9 Lezama Lima. <em>Antolog\u00eda de la poes\u00eda cubana<\/em>. Tomo III. La Habana: Consejo Nacional de Cuba. 406-09.<\/p>\n<p>(1997). <em>Cartas de M\u00e9xico<\/em>. M\u00e9xico D.F.: Redacta.<\/p>\n<p>(2006). Ed. Cira Romero. <em>Mi desposado, el viento: antolog\u00eda po\u00e9tica<\/em>. La Habana: Editorial Letras Cubanas. 41-51.<\/p>\n<p>(2011). Ed. Milena Rodr\u00edguez Guti\u00e9rrez. <em>Otra Cuba secreta: antolog\u00eda de poetas cubanas del XIX y del XX<\/em>. Madrid: Editorial Verbum. 142-49.<\/p>\n<p>&nbsp;<\/p>\n<p><strong>Critical Works (Reference Materials, Books, Book Chapters, Journal Articles, Encyclopedias, Theses\/Dissertations, Media and Internet Sources) <\/strong><\/p>\n<p>\u201cAurelia Castillo.\u201d <em>Diccionario de la Literatura Cubana<\/em>. Vol. 1. La Habana: Instituto de Literatura y Ling\u00fc\u00edstica de la Academia de Ciencias de Cuba, 1980. 207-208.<\/p>\n<p><em>Aurelia Castillo de Gonz\u00e1lez: Memoria de su centenario, 1842-1942<\/em>. Camag\u00fcey: Comit\u00e9 Pro-Conmemoraci\u00f3n del Centenario de Aurelia Castillo de Gonz\u00e1lez, 1942.<\/p>\n<p>Borrero de Luj\u00e1n, Dulce Mar\u00eda. \u201cAurelia Castillo de Gonz\u00e1lez.\u201d <em>Cuba Contempor\u00e1nea<\/em>. La Habana 26 (1921): 105-118.<\/p>\n<p>Calcagno, Francisco. <em>Diccionario biogr\u00e1fico cubano<\/em>. New York: N. Ponce de Le\u00f3n, 1878. 181-82.<\/p>\n<p>Campuzano, Luisa. \u201cCuando sal\u00eda de La Habana. Cartas de M\u00e9xico de Aurelia Castillo de Gonz\u00e1lez.\u201d <em>Las muchachas de La Habana no tienen temor de Dios: escritoras cubanas (s. XVIII-XXI)<\/em>. La Habana: Ediciones Uni\u00f3n, 2004. 58-78.<\/p>\n<p>Carbonell y Rivero, Jos\u00e9 Manuel. \u201cAurelia Castillo de Gonz\u00e1lez (1842-1920).\u201d <em>La poes\u00eda l\u00edrica en Cuba<\/em>. Vol. 4. La Habana: Imprenta El Siglo XX, 1928. 40-41.<\/p>\n<p>Casal, Juli\u00e1n del. \u201cAurelia Castillo de Gonz\u00e1lez.\u201d <em>Prosas<\/em>. Vol I. Consejo Nacional de Cultura, 1963. 257-259.<\/p>\n<p>&#8212;. <em>Bustos y Rimas<\/em>. Biblioteca de la Habana Elegante Imprenta La Moderna, 1893. 51-60.<\/p>\n<p>Chac\u00f3n y Calvo, Jos\u00e9 Mar\u00eda. <em>Las cien mejores poes\u00edas cubanas<\/em>. Madrid: Ediciones Cultura Hisp\u00e1nica, 1958. 230-32.<\/p>\n<p>Colberg, Carmen Elisa. <em>Esquema hist\u00f3rico-biogr\u00e1fico de la literatura antillana femenina en el siglo XIX<\/em>. Diss. The University of North Carolina at Chapel Hill, 1989. Ann Arbor: ProQuest\/UMI, 1989. iv, ix, 97, 120-122, 133, 218-19.<\/p>\n<p>Cortina, Jos\u00e9 Antonio. \u201cAurelia Castillo de Gonz\u00e1lez.\u201d <em>Revista de Cuba<\/em> 5 (1879): 500.<\/p>\n<p>Estenger, Rafael. <em>Cien de las mejores poes\u00edas cubanas<\/em>. Miami: Mnemosyne Publishing Inc., 1969. 213.<\/p>\n<p>Fojas, Camilla Marie. <em>Thresholds of Cosmopolitanism: Entering Modernity<\/em>. Diss. New York University. Ann Arbor: ProQuest\/UMI, 1999. AAT 9945274.<\/p>\n<p>G. de Zayas Baz\u00e1n, Laura. \u201cAurelia del Castillo vda. de Gonz\u00e1lez.\u201d <em>Florilegio de escritoras cubanas<\/em>. Vol. I. Ed. Antonio Gonz\u00e1lez Curquejo. La Habana: Imprenta La Moderna Poes\u00eda, 1910. 227-34.<\/p>\n<p>Garc\u00eda, Yero O. <em>La escritura a conciencia. Aurelia Castillo de Gonz\u00e1lez: una escritora olvidada<\/em>. Camag\u00fcey: Editorial Acana, 2002.<\/p>\n<p>Garc\u00eda de Coronado, Domitila. \u201cAurelia Castillo de Gonz\u00e1lez.\u201d <em>\u00c1lbum po\u00e9tico-fotogr\u00e1fico de escritoras poetisas cubanas, escrito en 1868 para la se\u00f1ora Do\u00f1a Gertrudis G\u00f3mez de Avellaneda<\/em>. La Habana: Imprenta de El F\u00edgaro, 1926. 135-45.<\/p>\n<p>G\u00f3mez, Luis Marcelino. \u201cAurelia Castillo de Gonz\u00e1lez.\u201d.\u201d <em>La mujer en defensa de la mujer: voces femeninas del romanticismo cubano (poes\u00eda y cuento)<\/em>. Diss. Florida International University. Ann Arbor: ProQuest\/UMI, 2001.<\/p>\n<p>Henr\u00edquez Ure\u00f1a, Max. <em>Panorama hist\u00f3rico de la literatura cubana<\/em>. New York: Las Americas Publishing Company, 1963. 182.<\/p>\n<p>Lazo, Raimundo. \u201cAurelia Castillo de Gonz\u00e1lez.\u201d <em>Revista Iberoamericana<\/em> 5.10 (1942): 345-47.<\/p>\n<p>Lezama Lima, Jos\u00e9. <em>Antolog\u00eda de la poes\u00eda cubana<\/em>. Tomo III. La Habana: 1965. 405.<\/p>\n<p>Montero, Susana. Historia de la Literatura cubana. La colonia: desde los or\u00edgenes hasta 1898. Vol. I. Ed. Jos\u00e9 Antonio Portuondo Valdor. La Habana: Letras Cubanas, 2002. 511-12.<\/p>\n<p>Pizarroso, Jabier H., ed. <em>La voz de la manigua<\/em>. Ed. Jabier H. Pizarroso. Sevilla: Mono Azul Editora, 2008. 184-185.<\/p>\n<p>Poncet, Carolina.\u201dEvocaci\u00f3n de Aurelia Castillo.\u201d <em>Revista de la Biblioteca Nacional Jos\u00e9 Marti<\/em> (La Habana) Jan.-Dec. 1962 1-4: 89-93.<\/p>\n<p>Portuondo Valdor, Jos\u00e9 Antonio, ed. <em>Historia de la literatura cubana. La colonia: desde los or\u00edgenes hasta 1898<\/em>. Vol 1. La Habana: Letras Cubanas, 2002. 452, 454, 510, 511, 528, 541, 543.<\/p>\n<p>Robert, Dulce Mar\u00eda. \u201cAurelia Castillo de Gonz\u00e1lez.\u201d <em>Cuba Contempor\u00e1nea<\/em> July 1916: 133-37.<\/p>\n<p>Remos, Juan J. <em>Historia de la literatura cubana<\/em>. Vol. II. La Habana, 1945. 487.<\/p>\n<p>&#8212;. <em>Proceso hist\u00f3rico de las letras cubanas<\/em>. Madrid: Ediciones Guadarrama, 1958. 183-4.<\/p>\n<p>Rocasolano, Alberto. \u201cAurelia Castillo.\u201d <em>Poetisas cubanas<\/em>. La Habana: Editorial Letras Cubanas, 1985. 111.<\/p>\n<p>Rodr\u00edguez Guti\u00e9rrez, Milena. <em>Entre el cacharro dom\u00e9stico y la V\u00eda L\u00e1ctea: poetas cubanas e hispanoamericanas<\/em>. Sevilla: Editorial Renacimiento, 2012. 94-110.<\/p>\n<p>&#8212;. \u201cEntre el patriotismo y la marginalidad: poetas cubanas en torno al proceso independentista de finales del XIX. Mercedes Matamoros y Aurelia Castillo de Gonz\u00e1lez.\u201d <em>Am\u00e9rica. Cahiers du CRICCAL<\/em> 41 (2012). 75-85.<\/p>\n<p>&#8212;, ed. <em>Otra Cuba secreta: antolog\u00eda de poetas cubanas del XIX y del XX<\/em>. Madrid: Editorial Verbum, 2011. 140-141.<\/p>\n<p>Rodr\u00edguez Rendueles, M. \u201cLas azucenas de Do\u00f1a Aurelia.\u201d <em>Evoluci\u00f3n<\/em> 25 Dec. 1918: 945-946.<\/p>\n<p>Romero, Cira. \u201cAurelia Castillo de Gonz\u00e1lez.\u201d <em>Mi desposado, el viento: antolog\u00eda po\u00e9tica<\/em>. La Habana: Editorial Letras Cubanas, 2006. 39.<\/p>\n<p>Stoner, Lynn K. and Lu\u00eds Hip\u00f3lito Serrano P\u00e9rez, eds. <em>Cuban and Cuban-American Women: An Annotated Bibliography<\/em>. Wilmington: Scholarly Resources Inc., 2000. 17, 55.<\/p>\n<p>Vald\u00e9s, Estrella Mercedes. <em>Aurelia Castillo: \u00e9tica y feminismo<\/em>. La Habana: Publicaciones Acuario. Centro F\u00e9lix Varela, 2008.<br \/>\nVallejo, Catharina V. \u201cFrom Muse to Poet: Paratextual Practices of Women Poets in Cuba at the End of the Nineteenth Century.\u201d <em>Decimon\u00f3nica<\/em> 4.1 (2007): 80-93.<\/p>\n<p>&#8212;. <em>The Women in the Men\u2019s Club: Women Modernista Poets in Cuba (1880-1910)<\/em>. New Orleans: University Press of the South, 2012. XIII-XIV, 20, 47, 57, 59, 63, 86, 111, 120.<\/p>\n<p>Y\u00e1\u00f1ez, Mirta. \u201cEl discurso femenino finisecular en Cuba: Aurelia Castillo de Gonz\u00e1lez y otras voces en torno al 98.\u201d <em>Con el lente oblicuo. Aproximaciones cubanas a los estudios de g\u00e9nero<\/em>. S. Montero and Z. Capote. La Habana: Instituto de Literatura y Ling\u00fc\u00edstica-Editorial de la Mujer, 1999. 17-37.<\/p>\n<p><a href=\"https:\/\/eladd.org\/wp-content\/uploads\/2014\/02\/logo-footer-2.png\"><img loading=\"lazy\" decoding=\"async\" class=\"aligncenter size-full wp-image-608\" src=\"https:\/\/eladd.org\/wp-content\/uploads\/2014\/02\/logo-footer-2.png\" alt=\"logo-footer-2\" width=\"260\" height=\"70\" \/><\/a>[\/vc_column_text][vc_single_image image=&#8221;660&#8243; alignment=&#8221;center&#8221; css=&#8221;.vc_custom_1446670823436{margin-top: 35px !important;}&#8221;][\/vc_column][\/vc_row]\n<\/div>","protected":false},"excerpt":{"rendered":"<p>[vc_row full_width=&rdquo;stretch_row&rdquo; tablet_fullwidth_cols=&rdquo;&rdquo; bg_style=&rdquo;repeat&rdquo; css=&rdquo;.vc_custom_1762917989619{background-position: 0 0 !important;background-repeat: repeat !important;}&rdquo;][vc_column][vc_column_text el_class=&rdquo;autoras__titulo&rdquo;] Aurelia Castillo de Gonz&aacute;lez (1842-1920) [\/vc_column_text][\/vc_column][\/vc_row][vc_row full_width=&rdquo;stretch_row&rdquo; el_id=&rdquo;cuerpo&rdquo; css=&rdquo;.vc_custom_1762917998443{background-position: center !important;background-repeat: no-repeat !important;background-size: cover !important;}&rdquo;][vc_column][vc_column_text el_class=&rdquo;autoras__texto&rdquo;]Also known as: Aurelia Castillo Author&rsquo;s Works: Original and Edited (Works are listed in&hellip;<\/p>\n","protected":false},"author":3,"featured_media":0,"parent":98,"menu_order":0,"comment_status":"closed","ping_status":"closed","template":"","meta":{"footnotes":""},"class_list":["post-336","page","type-page","status-publish","hentry","entry","no-media"],"yoast_head":"<!-- This site is optimized with the Yoast SEO plugin v26.1.1 - https:\/\/yoast.com\/wordpress\/plugins\/seo\/ -->\n<title>Aurelia Castillo de Gonz\u00e1lez - Eladd En<\/title>\n<meta name=\"robots\" content=\"index, follow, max-snippet:-1, max-image-preview:large, max-video-preview:-1\" \/>\n<link rel=\"canonical\" href=\"https:\/\/eladd.org\/en\/other-authors\/aurelia-castillo-de-gonzalez\/\" \/>\n<meta property=\"og:locale\" content=\"en_US\" \/>\n<meta property=\"og:type\" content=\"article\" \/>\n<meta property=\"og:title\" content=\"Aurelia Castillo de Gonz\u00e1lez - Eladd En\" \/>\n<meta property=\"og:description\" content=\"[vc_row full_width=&rdquo;stretch_row&rdquo; tablet_fullwidth_cols=&rdquo;&rdquo; bg_style=&rdquo;repeat&rdquo; css=&rdquo;.vc_custom_1762917989619{background-position: 0 0 !important;background-repeat: repeat !important;}&rdquo;][vc_column][vc_column_text el_class=&rdquo;autoras__titulo&rdquo;] Aurelia Castillo de Gonz&aacute;lez (1842-1920) [\/vc_column_text][\/vc_column][\/vc_row][vc_row full_width=&rdquo;stretch_row&rdquo; el_id=&rdquo;cuerpo&rdquo; css=&rdquo;.vc_custom_1762917998443{background-position: center !important;background-repeat: no-repeat !important;background-size: cover !important;}&rdquo;][vc_column][vc_column_text el_class=&rdquo;autoras__texto&rdquo;]Also known as: Aurelia Castillo Author&rsquo;s Works: Original and Edited (Works are listed in&hellip;\" \/>\n<meta property=\"og:url\" content=\"https:\/\/eladd.org\/en\/other-authors\/aurelia-castillo-de-gonzalez\/\" \/>\n<meta property=\"og:site_name\" content=\"Eladd En\" \/>\n<meta property=\"article:modified_time\" content=\"2025-11-12T03:26:44+00:00\" \/>\n<meta property=\"og:image\" content=\"https:\/\/eladd.org\/wp-content\/uploads\/2015\/02\/aurelia-300x252.png\" \/>\n<meta name=\"twitter:card\" content=\"summary_large_image\" \/>\n<meta name=\"twitter:label1\" content=\"Est. reading time\" \/>\n\t<meta name=\"twitter:data1\" content=\"7 minutes\" \/>\n<script type=\"application\/ld+json\" class=\"yoast-schema-graph\">{\"@context\":\"https:\/\/schema.org\",\"@graph\":[{\"@type\":\"WebPage\",\"@id\":\"https:\/\/eladd.org\/en\/other-authors\/aurelia-castillo-de-gonzalez\/\",\"url\":\"https:\/\/eladd.org\/en\/other-authors\/aurelia-castillo-de-gonzalez\/\",\"name\":\"Aurelia Castillo de Gonz\u00e1lez - Eladd En\",\"isPartOf\":{\"@id\":\"https:\/\/eladd.org\/en\/#website\"},\"primaryImageOfPage\":{\"@id\":\"https:\/\/eladd.org\/en\/other-authors\/aurelia-castillo-de-gonzalez\/#primaryimage\"},\"image\":{\"@id\":\"https:\/\/eladd.org\/en\/other-authors\/aurelia-castillo-de-gonzalez\/#primaryimage\"},\"thumbnailUrl\":\"https:\/\/eladd.org\/wp-content\/uploads\/2015\/02\/aurelia-300x252.png\",\"datePublished\":\"2015-03-15T12:19:28+00:00\",\"dateModified\":\"2025-11-12T03:26:44+00:00\",\"breadcrumb\":{\"@id\":\"https:\/\/eladd.org\/en\/other-authors\/aurelia-castillo-de-gonzalez\/#breadcrumb\"},\"inLanguage\":\"en-US\",\"potentialAction\":[{\"@type\":\"ReadAction\",\"target\":[\"https:\/\/eladd.org\/en\/other-authors\/aurelia-castillo-de-gonzalez\/\"]}]},{\"@type\":\"ImageObject\",\"inLanguage\":\"en-US\",\"@id\":\"https:\/\/eladd.org\/en\/other-authors\/aurelia-castillo-de-gonzalez\/#primaryimage\",\"url\":\"https:\/\/eladd.org\/wp-content\/uploads\/2015\/02\/aurelia-300x252.png\",\"contentUrl\":\"https:\/\/eladd.org\/wp-content\/uploads\/2015\/02\/aurelia-300x252.png\"},{\"@type\":\"BreadcrumbList\",\"@id\":\"https:\/\/eladd.org\/en\/other-authors\/aurelia-castillo-de-gonzalez\/#breadcrumb\",\"itemListElement\":[{\"@type\":\"ListItem\",\"position\":1,\"name\":\"Home\",\"item\":\"https:\/\/eladd.org\/en\/\"},{\"@type\":\"ListItem\",\"position\":2,\"name\":\"Other Authors\",\"item\":\"https:\/\/eladd.org\/en\/other-authors\/\"},{\"@type\":\"ListItem\",\"position\":3,\"name\":\"Aurelia Castillo de Gonz\u00e1lez\"}]},{\"@type\":\"WebSite\",\"@id\":\"https:\/\/eladd.org\/en\/#website\",\"url\":\"https:\/\/eladd.org\/en\/\",\"name\":\"Eladd En\",\"description\":\"Ninteenth-Century Latin American Women Writers\",\"publisher\":{\"@id\":\"https:\/\/eladd.org\/en\/#organization\"},\"potentialAction\":[{\"@type\":\"SearchAction\",\"target\":{\"@type\":\"EntryPoint\",\"urlTemplate\":\"https:\/\/eladd.org\/en\/?s={search_term_string}\"},\"query-input\":{\"@type\":\"PropertyValueSpecification\",\"valueRequired\":true,\"valueName\":\"search_term_string\"}}],\"inLanguage\":\"en-US\"},{\"@type\":\"Organization\",\"@id\":\"https:\/\/eladd.org\/en\/#organization\",\"name\":\"Eladd En\",\"url\":\"https:\/\/eladd.org\/en\/\",\"logo\":{\"@type\":\"ImageObject\",\"inLanguage\":\"en-US\",\"@id\":\"https:\/\/eladd.org\/en\/#\/schema\/logo\/image\/\",\"url\":\"https:\/\/eladd.org\/en\/wp-content\/uploads\/sites\/2\/2025\/07\/logo-eladd.png\",\"contentUrl\":\"https:\/\/eladd.org\/en\/wp-content\/uploads\/sites\/2\/2025\/07\/logo-eladd.png\",\"width\":324,\"height\":77,\"caption\":\"Eladd En\"},\"image\":{\"@id\":\"https:\/\/eladd.org\/en\/#\/schema\/logo\/image\/\"}}]}<\/script>\n<!-- \/ Yoast SEO plugin. -->","yoast_head_json":{"title":"Aurelia Castillo de Gonz\u00e1lez - Eladd En","robots":{"index":"index","follow":"follow","max-snippet":"max-snippet:-1","max-image-preview":"max-image-preview:large","max-video-preview":"max-video-preview:-1"},"canonical":"https:\/\/eladd.org\/en\/other-authors\/aurelia-castillo-de-gonzalez\/","og_locale":"en_US","og_type":"article","og_title":"Aurelia Castillo de Gonz\u00e1lez - Eladd En","og_description":"[vc_row full_width=&rdquo;stretch_row&rdquo; tablet_fullwidth_cols=&rdquo;&rdquo; bg_style=&rdquo;repeat&rdquo; css=&rdquo;.vc_custom_1762917989619{background-position: 0 0 !important;background-repeat: repeat !important;}&rdquo;][vc_column][vc_column_text el_class=&rdquo;autoras__titulo&rdquo;] Aurelia Castillo de Gonz&aacute;lez (1842-1920) [\/vc_column_text][\/vc_column][\/vc_row][vc_row full_width=&rdquo;stretch_row&rdquo; el_id=&rdquo;cuerpo&rdquo; css=&rdquo;.vc_custom_1762917998443{background-position: center !important;background-repeat: no-repeat !important;background-size: cover !important;}&rdquo;][vc_column][vc_column_text el_class=&rdquo;autoras__texto&rdquo;]Also known as: Aurelia Castillo Author&rsquo;s Works: Original and Edited (Works are listed in&hellip;","og_url":"https:\/\/eladd.org\/en\/other-authors\/aurelia-castillo-de-gonzalez\/","og_site_name":"Eladd En","article_modified_time":"2025-11-12T03:26:44+00:00","og_image":[{"url":"https:\/\/eladd.org\/wp-content\/uploads\/2015\/02\/aurelia-300x252.png","type":"","width":"","height":""}],"twitter_card":"summary_large_image","twitter_misc":{"Est. reading time":"7 minutes"},"schema":{"@context":"https:\/\/schema.org","@graph":[{"@type":"WebPage","@id":"https:\/\/eladd.org\/en\/other-authors\/aurelia-castillo-de-gonzalez\/","url":"https:\/\/eladd.org\/en\/other-authors\/aurelia-castillo-de-gonzalez\/","name":"Aurelia Castillo de Gonz\u00e1lez - Eladd En","isPartOf":{"@id":"https:\/\/eladd.org\/en\/#website"},"primaryImageOfPage":{"@id":"https:\/\/eladd.org\/en\/other-authors\/aurelia-castillo-de-gonzalez\/#primaryimage"},"image":{"@id":"https:\/\/eladd.org\/en\/other-authors\/aurelia-castillo-de-gonzalez\/#primaryimage"},"thumbnailUrl":"https:\/\/eladd.org\/wp-content\/uploads\/2015\/02\/aurelia-300x252.png","datePublished":"2015-03-15T12:19:28+00:00","dateModified":"2025-11-12T03:26:44+00:00","breadcrumb":{"@id":"https:\/\/eladd.org\/en\/other-authors\/aurelia-castillo-de-gonzalez\/#breadcrumb"},"inLanguage":"en-US","potentialAction":[{"@type":"ReadAction","target":["https:\/\/eladd.org\/en\/other-authors\/aurelia-castillo-de-gonzalez\/"]}]},{"@type":"ImageObject","inLanguage":"en-US","@id":"https:\/\/eladd.org\/en\/other-authors\/aurelia-castillo-de-gonzalez\/#primaryimage","url":"https:\/\/eladd.org\/wp-content\/uploads\/2015\/02\/aurelia-300x252.png","contentUrl":"https:\/\/eladd.org\/wp-content\/uploads\/2015\/02\/aurelia-300x252.png"},{"@type":"BreadcrumbList","@id":"https:\/\/eladd.org\/en\/other-authors\/aurelia-castillo-de-gonzalez\/#breadcrumb","itemListElement":[{"@type":"ListItem","position":1,"name":"Home","item":"https:\/\/eladd.org\/en\/"},{"@type":"ListItem","position":2,"name":"Other Authors","item":"https:\/\/eladd.org\/en\/other-authors\/"},{"@type":"ListItem","position":3,"name":"Aurelia Castillo de Gonz\u00e1lez"}]},{"@type":"WebSite","@id":"https:\/\/eladd.org\/en\/#website","url":"https:\/\/eladd.org\/en\/","name":"Eladd En","description":"Ninteenth-Century Latin American Women Writers","publisher":{"@id":"https:\/\/eladd.org\/en\/#organization"},"potentialAction":[{"@type":"SearchAction","target":{"@type":"EntryPoint","urlTemplate":"https:\/\/eladd.org\/en\/?s={search_term_string}"},"query-input":{"@type":"PropertyValueSpecification","valueRequired":true,"valueName":"search_term_string"}}],"inLanguage":"en-US"},{"@type":"Organization","@id":"https:\/\/eladd.org\/en\/#organization","name":"Eladd En","url":"https:\/\/eladd.org\/en\/","logo":{"@type":"ImageObject","inLanguage":"en-US","@id":"https:\/\/eladd.org\/en\/#\/schema\/logo\/image\/","url":"https:\/\/eladd.org\/en\/wp-content\/uploads\/sites\/2\/2025\/07\/logo-eladd.png","contentUrl":"https:\/\/eladd.org\/en\/wp-content\/uploads\/sites\/2\/2025\/07\/logo-eladd.png","width":324,"height":77,"caption":"Eladd En"},"image":{"@id":"https:\/\/eladd.org\/en\/#\/schema\/logo\/image\/"}}]}},"_links":{"self":[{"href":"https:\/\/eladd.org\/en\/wp-json\/wp\/v2\/pages\/336","targetHints":{"allow":["GET"]}}],"collection":[{"href":"https:\/\/eladd.org\/en\/wp-json\/wp\/v2\/pages"}],"about":[{"href":"https:\/\/eladd.org\/en\/wp-json\/wp\/v2\/types\/page"}],"author":[{"embeddable":true,"href":"https:\/\/eladd.org\/en\/wp-json\/wp\/v2\/users\/3"}],"replies":[{"embeddable":true,"href":"https:\/\/eladd.org\/en\/wp-json\/wp\/v2\/comments?post=336"}],"version-history":[{"count":7,"href":"https:\/\/eladd.org\/en\/wp-json\/wp\/v2\/pages\/336\/revisions"}],"predecessor-version":[{"id":24784,"href":"https:\/\/eladd.org\/en\/wp-json\/wp\/v2\/pages\/336\/revisions\/24784"}],"up":[{"embeddable":true,"href":"https:\/\/eladd.org\/en\/wp-json\/wp\/v2\/pages\/98"}],"wp:attachment":[{"href":"https:\/\/eladd.org\/en\/wp-json\/wp\/v2\/media?parent=336"}],"curies":[{"name":"wp","href":"https:\/\/api.w.org\/{rel}","templated":true}]}}