{"id":340,"date":"2015-03-15T12:23:12","date_gmt":"2015-03-15T12:23:12","guid":{"rendered":"https:\/\/eladd.org\/en\/?page_id=340"},"modified":"2025-11-12T03:27:17","modified_gmt":"2025-11-12T03:27:17","slug":"ursula-cespedes-de-escanaverino","status":"publish","type":"page","link":"https:\/\/eladd.org\/en\/other-authors\/ursula-cespedes-de-escanaverino\/","title":{"rendered":"\u00darsula C\u00e9spedes de Esca\u00f1averino"},"content":{"rendered":"<div class=\"wpb-content-wrapper\">[vc_row full_width=&#8221;stretch_row&#8221; tablet_fullwidth_cols=&#8221;&#8221; bg_style=&#8221;repeat&#8221; css=&#8221;.vc_custom_1762918025995{background-position: 0 0 !important;background-repeat: repeat !important;}&#8221;][vc_column][vc_column_text el_class=&#8221;autoras__titulo&#8221;]\n<h2 style=\"text-align: center;\">\u00darsula C\u00e9spedes de Esca\u00f1averino<\/h2>\n<p style=\"text-align: center;\">(1832-1874)<br \/>\n<img loading=\"lazy\" decoding=\"async\" class=\"size-full wp-image-1816 aligncenter\" src=\"\/\/eladd.org\/wp-content\/uploads\/2015\/09\/icon-space.png\" alt=\"icon-space\" width=\"150\" height=\"8\" \/>[\/vc_column_text][\/vc_column][\/vc_row][vc_row full_width=&#8221;stretch_row&#8221; el_id=&#8221;cuerpo&#8221; css=&#8221;.vc_custom_1762918032691{background-position: center !important;background-repeat: no-repeat !important;background-size: cover !important;}&#8221;][vc_column][vc_column_text]<strong>\u00darsula C\u00e9spedes de Esca\u00f1averino (Cuba, 1832-1874)<br \/>\nAlso known as: \u00darsula C\u00e9spedes<br \/>\nPseudonym: Carlos Enrique de Alba, La Calandria,<br \/>\nLa Serrana<\/strong><\/p>\n<p><a href=\"https:\/\/eladd.org\/wp-content\/uploads\/2015\/02\/Ursula.png\"><img loading=\"lazy\" decoding=\"async\" class=\"size-medium wp-image-897 alignright\" src=\"https:\/\/eladd.org\/wp-content\/uploads\/2015\/02\/Ursula-290x300.png\" alt=\"Ursula\" width=\"290\" height=\"300\" \/><\/a><\/p>\n<p><strong>Author\u2019s Works: Original and Edited (Works are listed in chronological order)<\/strong><\/p>\n<p>(1861). <em>Ecos de la selva<\/em>. Santiago de Cuba: Imprenta de Espinal y D\u00edaz.<\/p>\n<p>(1875). <em>Cantos postreros<\/em>. Cienfuegos, Cuba: Imprenta del Bolet\u00edn Mercantil.<\/p>\n<p>(1875). Ed. Jos\u00e9 Domingo Cort\u00e9s. <em>Poetisas americanas<\/em>. Ramillete po\u00e9tico del bello sexo hispano-americano. Paris, Mexico City: 1875. 121-127.<\/p>\n<p>(1906). \u201cA mi guitarra.\u201d Ed. Adri\u00e1n del Valle. <em>El parnaso cubano<\/em>. Barcelona: Maucci, 1906. 41-42.<\/p>\n<p>&#8212;. \u201cA mi guitarra.\u201d <em>Esquema hist\u00f3rico-biogr\u00e1fico de la literatura antillana femenina en el siglo XIX<\/em>. Elisa Carmen Colberg. Diss. The University of North Carolina at Chapel Hill, 1989. Ann Arbor: ProQuest\/UMI, 1989. 218.<\/p>\n<p>(1910). Ed. Antonio Gonz\u00e1lez Curquejo. <em>Florilegio de escritoras cubanas<\/em>. Vol. I. Havana: Imprenta La Moderna Poes\u00eda. 98-110.<\/p>\n<p>(1926). Domitila de Garc\u00eda de Coronado. <em>\u00c1lbum po\u00e9tico-fotogr\u00e1fico de escritoras poetisas cubanas, escrito en 1868 para la se\u00f1ora Do\u00f1a Gertrudis G\u00f3mez de Avellaneda<\/em>. La Habana: Imprenta de El F\u00edgaro. 68-76.<\/p>\n<p>(1928). Ed. Jos\u00e9 Manuel Carbonell y Rivero. <em>Evoluci\u00f3n de la cultura cubana: la poes\u00eda l\u00edrica en Cuba<\/em>. Vol. 3. La Habana: Imprenta El Siglo XX, 1928. 323-32.<\/p>\n<p>(1948). <em>Poes\u00edas<\/em>. La Habana: Publicaciones del Ministerio de Educaci\u00f3n.<\/p>\n<p>(1974). \u201cLa vuelta a Bayamo.\u201d Ed. Carlos Ripoll. <em>Naturaleza y alma de Cuba: dos siglos de poes\u00eda cubana<\/em> (1760-1960). Madrid: Anaya. 52-53.<\/p>\n<p>(1976). Ed. Jes\u00fas Orta Ruiz. <em>Poesia criollista y sibone\u00edsta<\/em>. La Habana: Editorial Arte y Literatura. 393-400.<\/p>\n<p>(1978). Eds. Cintio Vitier and Fina Garc\u00eda Marruz. <em>Flor oculta de poes\u00eda cubana<\/em>. Siglos XVIII y XIX. La Habana: Editorial Arte y Literatura. 177-194.<\/p>\n<p>(2011). <em>Otra Cuba secreta: antolog\u00eda de poetas cubanas del XIX y del XX<\/em>. Madrid: Editorial Verbum. 103-113.<\/p>\n<p><strong>Critical Works (Reference Materials, Books, Book Chapters, Journal Articles, Encyclopedias, Theses\/Dissertations, Media and Internet Sources)<\/strong><\/p>\n<p>Bueno, Salvador. \u201c\u00darsula C\u00e9spedes.\u201d <em>El Mundo <\/em>8 March 1968.<\/p>\n<p>Calcagno, Francisco. <em>Diccionario biogr\u00e1fico cubano<\/em>. New York: N. Ponce de Le\u00f3n, 1878. 191-92.<\/p>\n<p>Carbonell y Rivero, Jos\u00e9 Manuel. \u201c\u00darsula C\u00e9spedes de Esca\u00f1averino.\u201d <em>La poes\u00eda l\u00edrica en Cuba<\/em>. Vol. 3. La Habana: Imprenta El Siglo XX, 1928. 320-22.<\/p>\n<p>C\u00e9spedes, C. M. Introducci\u00f3n. <em>Ecos de la selva<\/em>. Poes\u00edas. Santiago de Cuba: Imprenta de Espinal y D\u00edaz, 1861.<\/p>\n<p>Colberg, Carmen Elisa. <em>Esquema hist\u00f3rico-biogr\u00e1fico de la literatura antillana femenina en el siglo XIX<\/em>. Diss. The University of North Carolina at Chapel Hill. Ann Arbor: ProQuest\/UMI, 1989. ix, 96-97, 115, 116-18, 218.<\/p>\n<p>Esca\u00f1averino, Mar\u00eda Dolores. \u201c\u00darsula C\u00e9spedes de Esca\u00f1averino.\u201d <em>Archipi\u00e9lago <\/em>31 Dec. 1929: 289-99.<\/p>\n<p>Est\u00e9nger, Rafael. <em>Amores de cubanos famosos<\/em>. La Habana: Editorial Alfa, 1939. 99-109.<\/p>\n<p>Garc\u00eda Chichester, Ana. \u201cEntre la naci\u00f3n y el quehacer po\u00e9tico: notas sobre poetas cubanas en torno al per\u00edodo de la independencia (1858-1898).\u201d <em>Escritura de la historia de las mujeres en Am\u00e9rica Latina. El retorno de las diosas<\/em>. Lima: Facultad de Ciencias de Comunicaci\u00f3n de la Universidad de San Mart\u00edn de Porres, 2005.<\/p>\n<p>&#8212;. \u201cLa mujer en la guerra: hacia una nueva lectura de poetas cubanas del siglo XIX.\u201d <em>Mujeres que escriben en Am\u00e9rica Latina<\/em>. Ed. Sara Beatriz Guardia. Lima: Minerva, 2007. 541-550.<\/p>\n<p>Garc\u00eda de Coronado, Domitila. \u201c\u00darsula C\u00e9spedes de Esca\u00f1averino.\u201d <em>\u00c1lbum po\u00e9tico-fotogr\u00e1fico de escritoras poetisas cubanas, escrito en 1868 para la se\u00f1ora Do\u00f1a Gertrudis G\u00f3mez de Avellaneda<\/em>. La Habana: Imprenta de El F\u00edgaro, 1926. 37-40. 65-68.<\/p>\n<p>G\u00f3mez, Luis Marcelino. \u201c\u00darsula C\u00e9spedes de Esca\u00f1averino.\u201d <em>La mujer en defensa de la mujer: voces femeninas del romanticismo cubano (poes\u00eda y cuento)<\/em>. Diss. Florida International University. Ann Arbor: ProQuest\/UMI, 2001.<\/p>\n<p>Gonz\u00e1lez Curquejo, Antonio, ed. <em>Florilegio de escritoras cubanas<\/em>. Vol. I. La Habana: Imprenta La Moderna Poes\u00eda, 1910. 95-7.<\/p>\n<p>Henriquez Ure\u00f1a, Max. <em>Panorama hist\u00f3rico de la literatura cubana<\/em>. New York: Las Americas Publishing Company, 1963. 182, 277.<\/p>\n<p>Lazo, R. Introducci\u00f3n. <em>Ecos de la selva<\/em>. La Habana: Editorial Bolet\u00edn de la Alianza Nacional Feminista. 5-14.<\/p>\n<p>Mitjans, Aurelio. <em>Estudio sobre el movimiento cient\u00edfico y literario de Cuba<\/em>. La Habana: Consejo Nacional de Cultura, 1963. 247-8.<\/p>\n<p>Montero, Susana. <em>La cara oculta de la identidad nacional<\/em>. Santiago de Cuba: Oriente, 2003. 73, 91.<\/p>\n<p>Orta Ruiz, Jes\u00fas. <em>Poes\u00eda criollista y sibone\u00edsta<\/em>. La Habana: Editorial Arte y Literatura, 1976. 391-400, 404, 407.<\/p>\n<p>Otero, R. and F. J. de la Cruz, eds. <em>Pucha Yumurina, dedicada al bello sexo<\/em>. Vol. 1. Matanzas: Imprenta de El Yumur\u00ed, 1856. 278-279.<\/p>\n<p>Portuondo Valdor, Jos\u00e9 Antonio, ed. <em>Historia de la literatura cubana<\/em>. La colonia: desde los or\u00edgenes hasta 1898. Vol 1. La Habana: Letras Cubanas, 2002. 299.<\/p>\n<p>Remos, Juan J. Introducci\u00f3n. <em>Poes\u00edas<\/em>. U. C\u00e9spedes de Esca\u00f1averino. La Habana: Ministerio de Educaci\u00f3n, 1948.<\/p>\n<p>&#8212;. \u201c\u00darsula C\u00e9spedes.\u201d <em>Proceso hist\u00f3rico de las letras cubanas<\/em>. Madrid: Ediciones Guadarrama, 1958. 127.<\/p>\n<p>Ripoll, Carlos, ed. <em>Naturaleza y alma de Cuba: dos siglos de poes\u00eda cubana<\/em> (1760-1960). Madrid: Anaya, 1974. 52.<\/p>\n<p>Rocasolano, Alberto. \u201c\u00darsula C\u00e9spedes de Esca\u00f1averino.\u201d <em>Poetisas cubanas<\/em>. La Habana: Letras Cubanas, 1985. 54-55.<\/p>\n<p>Rodr\u00edguez Guti\u00e9rrez, Milena. <em>Entre el cacharro dom\u00e9stico y la V\u00eda L\u00e1ctea: poetas cubanas e hispanoamericanas<\/em>. Sevilla: Editorial Renacimiento, 2012. 25-31, 36-37.<\/p>\n<p>&#8212;. \u201cFilosof\u00eda en el tocador: poetas cubanas del siglo XIX.\u201d <em>Escritoras y pensadoras europeas<\/em>. Ed. Mercedes Arriaga. Sevilla: Arcibel, 2007. 585-96.<\/p>\n<p>&#8212;. ed. <em>Otra Cuba secreta: antolog\u00eda de poetas cubanas del XIX y del XX<\/em>. Madrid: Editorial Verbum, 2011. 101-13.<\/p>\n<p>Soler Mirabent, Antonia. \u201c\u00darsula C\u00e9spedes de Esca\u00f1averino.\u201d <em>Cuatro poetas<\/em>. La Habana: Academia, 1990. 23-33.<\/p>\n<p>Su\u00e1rez, Jos\u00e9 Bernardo. <em>Rasgos biogr\u00e1ficos de mujeres c\u00e9lebres de Am\u00e9rica: escritos, traducidos i extractados para el uso de las j\u00f3venes<\/em>. Paris: Imp. Jules Le Clere, 1878. 29-30.<\/p>\n<p>Triay, J. A. \u201c\u00darsula C\u00e9spedes de Esca\u00f1averino.\u201d <em>La Loter\u00eda<\/em> 21 June 1885: 193.<\/p>\n<p>\u201c\u00darsula C\u00e9spedes de Esca\u00f1averino.\u201d <em>Diccionario de la Literatura Cubana<\/em>. Vol. 1. La Habana: Instituto de Literatura y Ling\u00fc\u00edstica de la Academia de Ciencias de Cuba, 1980. 213.<\/p>\n<p>Vitier, Cintio and Fina Garc\u00eda Marruz, eds. <em>Flor oculta de poes\u00eda cubana (Siglos XVIII y XIX)<\/em>. La Habana: Editorial Arte y Literatura, 1978. 179, 188, 191, 194, 196, 253.<\/p>\n<p>&nbsp;<\/p>\n<p><a href=\"https:\/\/eladd.org\/wp-content\/uploads\/2014\/02\/logo-footer-2.png\"><img loading=\"lazy\" decoding=\"async\" class=\"aligncenter size-full wp-image-608\" src=\"https:\/\/eladd.org\/wp-content\/uploads\/2014\/02\/logo-footer-2.png\" alt=\"logo-footer-2\" width=\"260\" height=\"70\" \/><\/a>[\/vc_column_text][vc_single_image image=&#8221;660&#8243; alignment=&#8221;center&#8221; css=&#8221;.vc_custom_1446670823436{margin-top: 35px !important;}&#8221;][\/vc_column][\/vc_row]\n<\/div>","protected":false},"excerpt":{"rendered":"<p>[vc_row full_width=&rdquo;stretch_row&rdquo; tablet_fullwidth_cols=&rdquo;&rdquo; bg_style=&rdquo;repeat&rdquo; css=&rdquo;.vc_custom_1762918025995{background-position: 0 0 !important;background-repeat: repeat !important;}&rdquo;][vc_column][vc_column_text el_class=&rdquo;autoras__titulo&rdquo;] &Uacute;rsula C&eacute;spedes de Esca&ntilde;averino (1832-1874) [\/vc_column_text][\/vc_column][\/vc_row][vc_row full_width=&rdquo;stretch_row&rdquo; el_id=&rdquo;cuerpo&rdquo; css=&rdquo;.vc_custom_1762918032691{background-position: center !important;background-repeat: no-repeat !important;background-size: cover !important;}&rdquo;][vc_column][vc_column_text]&Uacute;rsula C&eacute;spedes de Esca&ntilde;averino (Cuba, 1832-1874) Also known as: &Uacute;rsula C&eacute;spedes Pseudonym: Carlos Enrique de&hellip;<\/p>\n","protected":false},"author":3,"featured_media":0,"parent":98,"menu_order":0,"comment_status":"closed","ping_status":"closed","template":"","meta":{"footnotes":""},"class_list":["post-340","page","type-page","status-publish","hentry","entry","no-media"],"yoast_head":"<!-- This site is optimized with the Yoast SEO plugin v26.1.1 - https:\/\/yoast.com\/wordpress\/plugins\/seo\/ -->\n<title>\u00darsula C\u00e9spedes de Esca\u00f1averino - Eladd En<\/title>\n<meta name=\"robots\" content=\"index, follow, max-snippet:-1, max-image-preview:large, max-video-preview:-1\" \/>\n<link rel=\"canonical\" href=\"https:\/\/eladd.org\/en\/other-authors\/ursula-cespedes-de-escanaverino\/\" \/>\n<meta property=\"og:locale\" content=\"en_US\" \/>\n<meta property=\"og:type\" content=\"article\" \/>\n<meta property=\"og:title\" content=\"\u00darsula C\u00e9spedes de Esca\u00f1averino - Eladd En\" \/>\n<meta property=\"og:description\" content=\"[vc_row full_width=&rdquo;stretch_row&rdquo; tablet_fullwidth_cols=&rdquo;&rdquo; bg_style=&rdquo;repeat&rdquo; css=&rdquo;.vc_custom_1762918025995{background-position: 0 0 !important;background-repeat: repeat !important;}&rdquo;][vc_column][vc_column_text el_class=&rdquo;autoras__titulo&rdquo;] &Uacute;rsula C&eacute;spedes de Esca&ntilde;averino (1832-1874) [\/vc_column_text][\/vc_column][\/vc_row][vc_row full_width=&rdquo;stretch_row&rdquo; el_id=&rdquo;cuerpo&rdquo; css=&rdquo;.vc_custom_1762918032691{background-position: center !important;background-repeat: no-repeat !important;background-size: cover !important;}&rdquo;][vc_column][vc_column_text]&Uacute;rsula C&eacute;spedes de Esca&ntilde;averino (Cuba, 1832-1874) Also known as: &Uacute;rsula C&eacute;spedes Pseudonym: Carlos Enrique de&hellip;\" \/>\n<meta property=\"og:url\" content=\"https:\/\/eladd.org\/en\/other-authors\/ursula-cespedes-de-escanaverino\/\" \/>\n<meta property=\"og:site_name\" content=\"Eladd En\" \/>\n<meta property=\"article:modified_time\" content=\"2025-11-12T03:27:17+00:00\" \/>\n<meta property=\"og:image\" content=\"https:\/\/eladd.org\/wp-content\/uploads\/2015\/02\/Ursula-290x300.png\" \/>\n<meta name=\"twitter:card\" content=\"summary_large_image\" \/>\n<meta name=\"twitter:label1\" content=\"Est. reading time\" \/>\n\t<meta name=\"twitter:data1\" content=\"5 minutes\" \/>\n<script type=\"application\/ld+json\" class=\"yoast-schema-graph\">{\"@context\":\"https:\/\/schema.org\",\"@graph\":[{\"@type\":\"WebPage\",\"@id\":\"https:\/\/eladd.org\/en\/other-authors\/ursula-cespedes-de-escanaverino\/\",\"url\":\"https:\/\/eladd.org\/en\/other-authors\/ursula-cespedes-de-escanaverino\/\",\"name\":\"\u00darsula C\u00e9spedes de Esca\u00f1averino - Eladd En\",\"isPartOf\":{\"@id\":\"https:\/\/eladd.org\/en\/#website\"},\"primaryImageOfPage\":{\"@id\":\"https:\/\/eladd.org\/en\/other-authors\/ursula-cespedes-de-escanaverino\/#primaryimage\"},\"image\":{\"@id\":\"https:\/\/eladd.org\/en\/other-authors\/ursula-cespedes-de-escanaverino\/#primaryimage\"},\"thumbnailUrl\":\"https:\/\/eladd.org\/wp-content\/uploads\/2015\/02\/Ursula-290x300.png\",\"datePublished\":\"2015-03-15T12:23:12+00:00\",\"dateModified\":\"2025-11-12T03:27:17+00:00\",\"breadcrumb\":{\"@id\":\"https:\/\/eladd.org\/en\/other-authors\/ursula-cespedes-de-escanaverino\/#breadcrumb\"},\"inLanguage\":\"en-US\",\"potentialAction\":[{\"@type\":\"ReadAction\",\"target\":[\"https:\/\/eladd.org\/en\/other-authors\/ursula-cespedes-de-escanaverino\/\"]}]},{\"@type\":\"ImageObject\",\"inLanguage\":\"en-US\",\"@id\":\"https:\/\/eladd.org\/en\/other-authors\/ursula-cespedes-de-escanaverino\/#primaryimage\",\"url\":\"https:\/\/eladd.org\/wp-content\/uploads\/2015\/02\/Ursula-290x300.png\",\"contentUrl\":\"https:\/\/eladd.org\/wp-content\/uploads\/2015\/02\/Ursula-290x300.png\"},{\"@type\":\"BreadcrumbList\",\"@id\":\"https:\/\/eladd.org\/en\/other-authors\/ursula-cespedes-de-escanaverino\/#breadcrumb\",\"itemListElement\":[{\"@type\":\"ListItem\",\"position\":1,\"name\":\"Home\",\"item\":\"https:\/\/eladd.org\/en\/\"},{\"@type\":\"ListItem\",\"position\":2,\"name\":\"Other Authors\",\"item\":\"https:\/\/eladd.org\/en\/other-authors\/\"},{\"@type\":\"ListItem\",\"position\":3,\"name\":\"\u00darsula C\u00e9spedes de Esca\u00f1averino\"}]},{\"@type\":\"WebSite\",\"@id\":\"https:\/\/eladd.org\/en\/#website\",\"url\":\"https:\/\/eladd.org\/en\/\",\"name\":\"Eladd En\",\"description\":\"Ninteenth-Century Latin American Women Writers\",\"publisher\":{\"@id\":\"https:\/\/eladd.org\/en\/#organization\"},\"potentialAction\":[{\"@type\":\"SearchAction\",\"target\":{\"@type\":\"EntryPoint\",\"urlTemplate\":\"https:\/\/eladd.org\/en\/?s={search_term_string}\"},\"query-input\":{\"@type\":\"PropertyValueSpecification\",\"valueRequired\":true,\"valueName\":\"search_term_string\"}}],\"inLanguage\":\"en-US\"},{\"@type\":\"Organization\",\"@id\":\"https:\/\/eladd.org\/en\/#organization\",\"name\":\"Eladd En\",\"url\":\"https:\/\/eladd.org\/en\/\",\"logo\":{\"@type\":\"ImageObject\",\"inLanguage\":\"en-US\",\"@id\":\"https:\/\/eladd.org\/en\/#\/schema\/logo\/image\/\",\"url\":\"https:\/\/eladd.org\/en\/wp-content\/uploads\/sites\/2\/2025\/07\/logo-eladd.png\",\"contentUrl\":\"https:\/\/eladd.org\/en\/wp-content\/uploads\/sites\/2\/2025\/07\/logo-eladd.png\",\"width\":324,\"height\":77,\"caption\":\"Eladd En\"},\"image\":{\"@id\":\"https:\/\/eladd.org\/en\/#\/schema\/logo\/image\/\"}}]}<\/script>\n<!-- \/ Yoast SEO plugin. -->","yoast_head_json":{"title":"\u00darsula C\u00e9spedes de Esca\u00f1averino - Eladd En","robots":{"index":"index","follow":"follow","max-snippet":"max-snippet:-1","max-image-preview":"max-image-preview:large","max-video-preview":"max-video-preview:-1"},"canonical":"https:\/\/eladd.org\/en\/other-authors\/ursula-cespedes-de-escanaverino\/","og_locale":"en_US","og_type":"article","og_title":"\u00darsula C\u00e9spedes de Esca\u00f1averino - Eladd En","og_description":"[vc_row full_width=&rdquo;stretch_row&rdquo; tablet_fullwidth_cols=&rdquo;&rdquo; bg_style=&rdquo;repeat&rdquo; css=&rdquo;.vc_custom_1762918025995{background-position: 0 0 !important;background-repeat: repeat !important;}&rdquo;][vc_column][vc_column_text el_class=&rdquo;autoras__titulo&rdquo;] &Uacute;rsula C&eacute;spedes de Esca&ntilde;averino (1832-1874) [\/vc_column_text][\/vc_column][\/vc_row][vc_row full_width=&rdquo;stretch_row&rdquo; el_id=&rdquo;cuerpo&rdquo; css=&rdquo;.vc_custom_1762918032691{background-position: center !important;background-repeat: no-repeat !important;background-size: cover !important;}&rdquo;][vc_column][vc_column_text]&Uacute;rsula C&eacute;spedes de Esca&ntilde;averino (Cuba, 1832-1874) Also known as: &Uacute;rsula C&eacute;spedes Pseudonym: Carlos Enrique de&hellip;","og_url":"https:\/\/eladd.org\/en\/other-authors\/ursula-cespedes-de-escanaverino\/","og_site_name":"Eladd En","article_modified_time":"2025-11-12T03:27:17+00:00","og_image":[{"url":"https:\/\/eladd.org\/wp-content\/uploads\/2015\/02\/Ursula-290x300.png","type":"","width":"","height":""}],"twitter_card":"summary_large_image","twitter_misc":{"Est. reading time":"5 minutes"},"schema":{"@context":"https:\/\/schema.org","@graph":[{"@type":"WebPage","@id":"https:\/\/eladd.org\/en\/other-authors\/ursula-cespedes-de-escanaverino\/","url":"https:\/\/eladd.org\/en\/other-authors\/ursula-cespedes-de-escanaverino\/","name":"\u00darsula C\u00e9spedes de Esca\u00f1averino - Eladd En","isPartOf":{"@id":"https:\/\/eladd.org\/en\/#website"},"primaryImageOfPage":{"@id":"https:\/\/eladd.org\/en\/other-authors\/ursula-cespedes-de-escanaverino\/#primaryimage"},"image":{"@id":"https:\/\/eladd.org\/en\/other-authors\/ursula-cespedes-de-escanaverino\/#primaryimage"},"thumbnailUrl":"https:\/\/eladd.org\/wp-content\/uploads\/2015\/02\/Ursula-290x300.png","datePublished":"2015-03-15T12:23:12+00:00","dateModified":"2025-11-12T03:27:17+00:00","breadcrumb":{"@id":"https:\/\/eladd.org\/en\/other-authors\/ursula-cespedes-de-escanaverino\/#breadcrumb"},"inLanguage":"en-US","potentialAction":[{"@type":"ReadAction","target":["https:\/\/eladd.org\/en\/other-authors\/ursula-cespedes-de-escanaverino\/"]}]},{"@type":"ImageObject","inLanguage":"en-US","@id":"https:\/\/eladd.org\/en\/other-authors\/ursula-cespedes-de-escanaverino\/#primaryimage","url":"https:\/\/eladd.org\/wp-content\/uploads\/2015\/02\/Ursula-290x300.png","contentUrl":"https:\/\/eladd.org\/wp-content\/uploads\/2015\/02\/Ursula-290x300.png"},{"@type":"BreadcrumbList","@id":"https:\/\/eladd.org\/en\/other-authors\/ursula-cespedes-de-escanaverino\/#breadcrumb","itemListElement":[{"@type":"ListItem","position":1,"name":"Home","item":"https:\/\/eladd.org\/en\/"},{"@type":"ListItem","position":2,"name":"Other Authors","item":"https:\/\/eladd.org\/en\/other-authors\/"},{"@type":"ListItem","position":3,"name":"\u00darsula C\u00e9spedes de Esca\u00f1averino"}]},{"@type":"WebSite","@id":"https:\/\/eladd.org\/en\/#website","url":"https:\/\/eladd.org\/en\/","name":"Eladd En","description":"Ninteenth-Century Latin American Women Writers","publisher":{"@id":"https:\/\/eladd.org\/en\/#organization"},"potentialAction":[{"@type":"SearchAction","target":{"@type":"EntryPoint","urlTemplate":"https:\/\/eladd.org\/en\/?s={search_term_string}"},"query-input":{"@type":"PropertyValueSpecification","valueRequired":true,"valueName":"search_term_string"}}],"inLanguage":"en-US"},{"@type":"Organization","@id":"https:\/\/eladd.org\/en\/#organization","name":"Eladd En","url":"https:\/\/eladd.org\/en\/","logo":{"@type":"ImageObject","inLanguage":"en-US","@id":"https:\/\/eladd.org\/en\/#\/schema\/logo\/image\/","url":"https:\/\/eladd.org\/en\/wp-content\/uploads\/sites\/2\/2025\/07\/logo-eladd.png","contentUrl":"https:\/\/eladd.org\/en\/wp-content\/uploads\/sites\/2\/2025\/07\/logo-eladd.png","width":324,"height":77,"caption":"Eladd En"},"image":{"@id":"https:\/\/eladd.org\/en\/#\/schema\/logo\/image\/"}}]}},"_links":{"self":[{"href":"https:\/\/eladd.org\/en\/wp-json\/wp\/v2\/pages\/340","targetHints":{"allow":["GET"]}}],"collection":[{"href":"https:\/\/eladd.org\/en\/wp-json\/wp\/v2\/pages"}],"about":[{"href":"https:\/\/eladd.org\/en\/wp-json\/wp\/v2\/types\/page"}],"author":[{"embeddable":true,"href":"https:\/\/eladd.org\/en\/wp-json\/wp\/v2\/users\/3"}],"replies":[{"embeddable":true,"href":"https:\/\/eladd.org\/en\/wp-json\/wp\/v2\/comments?post=340"}],"version-history":[{"count":4,"href":"https:\/\/eladd.org\/en\/wp-json\/wp\/v2\/pages\/340\/revisions"}],"predecessor-version":[{"id":24785,"href":"https:\/\/eladd.org\/en\/wp-json\/wp\/v2\/pages\/340\/revisions\/24785"}],"up":[{"embeddable":true,"href":"https:\/\/eladd.org\/en\/wp-json\/wp\/v2\/pages\/98"}],"wp:attachment":[{"href":"https:\/\/eladd.org\/en\/wp-json\/wp\/v2\/media?parent=340"}],"curies":[{"name":"wp","href":"https:\/\/api.w.org\/{rel}","templated":true}]}}