{"id":344,"date":"2015-03-15T12:27:22","date_gmt":"2015-03-15T12:27:22","guid":{"rendered":"https:\/\/eladd.org\/en\/?page_id=344"},"modified":"2025-11-12T03:28:16","modified_gmt":"2025-11-12T03:28:16","slug":"mariana-cox-stuven","status":"publish","type":"page","link":"https:\/\/eladd.org\/en\/other-authors\/mariana-cox-stuven\/","title":{"rendered":"Mariana Cox Stuven"},"content":{"rendered":"<div class=\"wpb-content-wrapper\">[vc_row full_width=&#8221;stretch_row&#8221; tablet_fullwidth_cols=&#8221;&#8221; bg_style=&#8221;repeat&#8221; css=&#8221;.vc_custom_1762918083995{background-position: 0 0 !important;background-repeat: repeat !important;}&#8221;][vc_column][vc_column_text el_class=&#8221;autoras__titulo&#8221;]\n<h2 style=\"text-align: center;\">Mariana Cox Stuven<\/h2>\n<p style=\"text-align: center;\">(1871 \u2013 1914)<br \/>\n<img loading=\"lazy\" decoding=\"async\" class=\"size-full wp-image-1816 aligncenter\" src=\"\/\/eladd.org\/wp-content\/uploads\/2015\/09\/icon-space.png\" alt=\"icon-space\" width=\"150\" height=\"8\" \/>[\/vc_column_text][\/vc_column][\/vc_row][vc_row full_width=&#8221;stretch_row&#8221; el_id=&#8221;cuerpo&#8221; css=&#8221;.vc_custom_1762918091851{background-position: center !important;background-repeat: no-repeat !important;background-size: cover !important;}&#8221;][vc_column][vc_column_text el_class=&#8221;autoras__texto&#8221;]<strong><strong>Mariana Cox Stuven (Chile, 1871- Francia 1914)<br \/>\nAlso known as: Mariana Cox M\u00e9ndez<br \/>\nPseudonym: Shade<\/strong><\/strong><\/p>\n<p><a href=\"https:\/\/eladd.org\/wp-content\/uploads\/2015\/03\/mariana.png\"><img loading=\"lazy\" decoding=\"async\" class=\"size-medium wp-image-1300 alignright\" src=\"https:\/\/eladd.org\/wp-content\/uploads\/2015\/03\/mariana-198x300.png\" alt=\"mariana\" width=\"198\" height=\"300\" \/><\/a><\/p>\n<p><strong>Author\u2019s Works: Original and Edited (Works are listed in chronological order)<\/strong><\/p>\n<p>(1909). <em>Un remordimiento, recuerdos de juventud<\/em>. Santiago: Imprenta Litograf\u00eda y Encuadernaci\u00f3n Barcelona.<\/p>\n<p>(1909). <em>La vida \u00edntima de Marie Goetz<\/em>. Santiago: Imprenta Litograf\u00eda y Encuadernaci\u00f3n Barcelona.<\/p>\n<p><strong>Critical Works (Reference Materials, Books, Book Chapters, Journal Articles, Encyclopedias, Theses\/Dissertations, Media and Internet Sources) <\/strong><\/p>\n<p>Alone. \u201cShade.\u201d <em>Pac\u00edfico Magazine<\/em> (Sept. 1914): 365-66.<\/p>\n<p>&#8212;. \u201cUn remordimiento.\u201d <em>El Mercurio<\/em> (Santiago) 12 Aug. 1973: iii.<\/p>\n<p>&#8212;. <em>Pret\u00e9rito imperfecto<\/em>. Santiago: Editorial Nascimento, 1930.<\/p>\n<p>An\u00f3nimo. \u201cMariana Cox Stuven.\u201d <em>El D\u00eda<\/em> (La Serena) 28 Dec. 1975: 3.<\/p>\n<p>Arauco, F. \u201c<em>La vida \u00edntima de Marie Goetz<\/em>.\u201d Zig-Zag (Santiago) 20 Nov. 1909: 3.<\/p>\n<p>Burgos, Camila. \u201cDesaf\u00edos de las pioneras.\u201d <em>El Mercurio <\/em>(Santiago) 25 Julio 1993: 1, 4-6, 8.<\/p>\n<p>C\u00e1rdenas, Mar\u00eda Teresa. \u201cEl otro alumbramiento: mujeres escritoras en la literatura chilena.\u201d <em>Universum<\/em> 23.1 (Jan. 2008): 289.<\/p>\n<p>C. V. L. \u201cMariana Cox-Stuven.\u201d <em>La Prensa Austral<\/em> (Punta Arenas) 4 Oct. 1979: 3.<\/p>\n<p>Echeverr\u00eda de Larra\u00edn, In\u00e9s (Iris). \u201cIris a Shade: despedida.\u201d <em>Zig-Zag <\/em>(Santiago) 59.501 (Sept. 1914).<\/p>\n<p>Figueroa, Pedro Pablo. <em>Diccionario hist\u00f3rico, biogr\u00e1fico y bibliogr\u00e1fico de Chile<\/em>. Santiago: La Ilustraci\u00f3n, 1925-31.<\/p>\n<p>Garc\u00eda-Huidobro, Cecilia. \u201cAlone y las escritoras chilenas.\u201d <em>El Mercurio <\/em>(Santiago) 12 Mayo 2001: 6-8.<\/p>\n<p>Gonz\u00e1lez-Vergara, Ruth. \u201cMariana Cox M\u00e9ndez (Shade) (1871-1914).\u201d <em>Nuestras escritoras chilenas<\/em>. Santiago: Edici\u00f3n Hispano-Chilena, 1992. 118-131.<\/p>\n<p>\u201cLa vida \u00edntima de la obra literaria de Shade.\u201d <em>El Sur<\/em> (Concepci\u00f3n) 1 Jan. 1924: 3-4.<\/p>\n<p>L\u00f3pez Cot\u00edn, Olga. \u201cLa vida \u00edntima de Marie Goetz de Mariana Cox de Stuven, hacia una construcci\u00f3n del sujeto femenino.\u201d <em>Anales de la literatura chilena<\/em> 1.1 (Dec. 2000): 53-70.<\/p>\n<p>\u201cMariana Cox.\u201d <em>Zig-Zag<\/em> 59.499 (Sept. 1914).<\/p>\n<p>Medina, Jos\u00e9 Toribio. <em>La literatura femenina en Chile<\/em>. (Notas bibliogr\u00e1ficas y en parte cr\u00edticas). Santiago: Imprenta Universitaria, 1923.<\/p>\n<p>Miranda, Marta Elba. <em>Mujeres chilenas<\/em>. Santiago: 1940.<\/p>\n<p>Montes, Hugo and Julio Orlandi. <em>Historia de la literatura chilena<\/em>. Santiago: Editorial del Pac\u00edfico, 1955. 268-87.<\/p>\n<p>Oses, Dar\u00edo. \u201cLa conversaci\u00f3n literaria: un cap\u00edtulo de la historia de la lectura en Chile. Salones, tertulias, ateneos, en Chile, en los siglos XIX y XX.\u201d <em>Anales de literatura chilena<\/em> 17 (June 2012): 49.<\/p>\n<p>Prado Traverso, Marcela. <em>Novelistas chilenas, inicios y transici\u00f3n siglo XIX a XX: Rosario Orrego Carvallo, In\u00e9s Echeverr\u00eda Bello y Mariana Cox Mendez<\/em>. Diss. Stanford University, 1991. Ann Arbor: ProQuest\/UMI, 1991.<\/p>\n<p>Rubio, Patricia. <em>Escritoras chilenas. Novela y cuento<\/em>. Vol. 3. Santiago: Editorial Cuatro Propio, 1999. 67-77.<\/p>\n<p>Santana, Francisco. <em>Cien a\u00f1os de la novela chilena<\/em>. Concepci\u00f3n, 1961.<\/p>\n<p>Santiv\u00e1n, Fernando. \u201cNuestras damas.\u201d <em>Sucesos<\/em> (Santiago) 29 April 1915.<\/p>\n<p>Silva Castro, Ra\u00fal. <em>Panorama literario de Chile<\/em>. Santiago: Editorial Universitaria, 1961.<\/p>\n<p>Subercaseaux, Bernardo. \u201cLas mujeres tambi\u00e9n escriben malas novelas.\u201d <em>Revista chilena de literatura <\/em>56 (Apr. 2000): 93-103.<\/p>\n<p>Traverso, Ana. \u201cSer mujer y escribir en Chile: canon, cr\u00edtica y concepciones de g\u00e9nero.\u201d <em>Anales de literature chilena<\/em> 20 (Dec. 2013): 72, 75.<\/p>\n<p>Vera Lamperein, Lina. <em>Presencia femenina en la literatura nacional. Una trayectoria apasionante. 1750-1991<\/em>. Santiago: Cuarto Propio, 1994. 63-64.<\/p>\n<p><a href=\"https:\/\/eladd.org\/wp-content\/uploads\/2014\/02\/logo-footer-2.png\"><img loading=\"lazy\" decoding=\"async\" class=\"aligncenter size-full wp-image-608\" src=\"https:\/\/eladd.org\/wp-content\/uploads\/2014\/02\/logo-footer-2.png\" alt=\"logo-footer-2\" width=\"260\" height=\"70\" \/><\/a>[\/vc_column_text][vc_single_image image=&#8221;660&#8243; alignment=&#8221;center&#8221; css=&#8221;.vc_custom_1446670823436{margin-top: 35px !important;}&#8221;][\/vc_column][\/vc_row]\n<\/div>","protected":false},"excerpt":{"rendered":"<p>[vc_row full_width=&rdquo;stretch_row&rdquo; tablet_fullwidth_cols=&rdquo;&rdquo; bg_style=&rdquo;repeat&rdquo; css=&rdquo;.vc_custom_1762918083995{background-position: 0 0 !important;background-repeat: repeat !important;}&rdquo;][vc_column][vc_column_text el_class=&rdquo;autoras__titulo&rdquo;] Mariana Cox Stuven (1871 &ndash; 1914) [\/vc_column_text][\/vc_column][\/vc_row][vc_row full_width=&rdquo;stretch_row&rdquo; el_id=&rdquo;cuerpo&rdquo; css=&rdquo;.vc_custom_1762918091851{background-position: center !important;background-repeat: no-repeat !important;background-size: cover !important;}&rdquo;][vc_column][vc_column_text el_class=&rdquo;autoras__texto&rdquo;]Mariana Cox Stuven (Chile, 1871- Francia 1914) Also known as: Mariana Cox M&eacute;ndez&hellip;<\/p>\n","protected":false},"author":3,"featured_media":0,"parent":98,"menu_order":0,"comment_status":"closed","ping_status":"closed","template":"","meta":{"footnotes":""},"class_list":["post-344","page","type-page","status-publish","hentry","entry","no-media"],"yoast_head":"<!-- This site is optimized with the Yoast SEO plugin v26.1.1 - https:\/\/yoast.com\/wordpress\/plugins\/seo\/ -->\n<title>Mariana Cox Stuven - Eladd En<\/title>\n<meta name=\"robots\" content=\"index, follow, max-snippet:-1, max-image-preview:large, max-video-preview:-1\" \/>\n<link rel=\"canonical\" href=\"https:\/\/eladd.org\/en\/other-authors\/mariana-cox-stuven\/\" \/>\n<meta property=\"og:locale\" content=\"en_US\" \/>\n<meta property=\"og:type\" content=\"article\" \/>\n<meta property=\"og:title\" content=\"Mariana Cox Stuven - Eladd En\" \/>\n<meta property=\"og:description\" content=\"[vc_row full_width=&rdquo;stretch_row&rdquo; tablet_fullwidth_cols=&rdquo;&rdquo; bg_style=&rdquo;repeat&rdquo; css=&rdquo;.vc_custom_1762918083995{background-position: 0 0 !important;background-repeat: repeat !important;}&rdquo;][vc_column][vc_column_text el_class=&rdquo;autoras__titulo&rdquo;] Mariana Cox Stuven (1871 &ndash; 1914) [\/vc_column_text][\/vc_column][\/vc_row][vc_row full_width=&rdquo;stretch_row&rdquo; el_id=&rdquo;cuerpo&rdquo; css=&rdquo;.vc_custom_1762918091851{background-position: center !important;background-repeat: no-repeat !important;background-size: cover !important;}&rdquo;][vc_column][vc_column_text el_class=&rdquo;autoras__texto&rdquo;]Mariana Cox Stuven (Chile, 1871- Francia 1914) Also known as: Mariana Cox M&eacute;ndez&hellip;\" \/>\n<meta property=\"og:url\" content=\"https:\/\/eladd.org\/en\/other-authors\/mariana-cox-stuven\/\" \/>\n<meta property=\"og:site_name\" content=\"Eladd En\" \/>\n<meta property=\"article:modified_time\" content=\"2025-11-12T03:28:16+00:00\" \/>\n<meta property=\"og:image\" content=\"https:\/\/eladd.org\/wp-content\/uploads\/2015\/03\/mariana-198x300.png\" \/>\n<meta name=\"twitter:card\" content=\"summary_large_image\" \/>\n<meta name=\"twitter:label1\" content=\"Est. reading time\" \/>\n\t<meta name=\"twitter:data1\" content=\"3 minutes\" \/>\n<script type=\"application\/ld+json\" class=\"yoast-schema-graph\">{\"@context\":\"https:\/\/schema.org\",\"@graph\":[{\"@type\":\"WebPage\",\"@id\":\"https:\/\/eladd.org\/en\/other-authors\/mariana-cox-stuven\/\",\"url\":\"https:\/\/eladd.org\/en\/other-authors\/mariana-cox-stuven\/\",\"name\":\"Mariana Cox Stuven - Eladd En\",\"isPartOf\":{\"@id\":\"https:\/\/eladd.org\/en\/#website\"},\"primaryImageOfPage\":{\"@id\":\"https:\/\/eladd.org\/en\/other-authors\/mariana-cox-stuven\/#primaryimage\"},\"image\":{\"@id\":\"https:\/\/eladd.org\/en\/other-authors\/mariana-cox-stuven\/#primaryimage\"},\"thumbnailUrl\":\"https:\/\/eladd.org\/wp-content\/uploads\/2015\/03\/mariana-198x300.png\",\"datePublished\":\"2015-03-15T12:27:22+00:00\",\"dateModified\":\"2025-11-12T03:28:16+00:00\",\"breadcrumb\":{\"@id\":\"https:\/\/eladd.org\/en\/other-authors\/mariana-cox-stuven\/#breadcrumb\"},\"inLanguage\":\"en-US\",\"potentialAction\":[{\"@type\":\"ReadAction\",\"target\":[\"https:\/\/eladd.org\/en\/other-authors\/mariana-cox-stuven\/\"]}]},{\"@type\":\"ImageObject\",\"inLanguage\":\"en-US\",\"@id\":\"https:\/\/eladd.org\/en\/other-authors\/mariana-cox-stuven\/#primaryimage\",\"url\":\"https:\/\/eladd.org\/wp-content\/uploads\/2015\/03\/mariana-198x300.png\",\"contentUrl\":\"https:\/\/eladd.org\/wp-content\/uploads\/2015\/03\/mariana-198x300.png\"},{\"@type\":\"BreadcrumbList\",\"@id\":\"https:\/\/eladd.org\/en\/other-authors\/mariana-cox-stuven\/#breadcrumb\",\"itemListElement\":[{\"@type\":\"ListItem\",\"position\":1,\"name\":\"Home\",\"item\":\"https:\/\/eladd.org\/en\/\"},{\"@type\":\"ListItem\",\"position\":2,\"name\":\"Other Authors\",\"item\":\"https:\/\/eladd.org\/en\/other-authors\/\"},{\"@type\":\"ListItem\",\"position\":3,\"name\":\"Mariana Cox Stuven\"}]},{\"@type\":\"WebSite\",\"@id\":\"https:\/\/eladd.org\/en\/#website\",\"url\":\"https:\/\/eladd.org\/en\/\",\"name\":\"Eladd En\",\"description\":\"Ninteenth-Century Latin American Women Writers\",\"publisher\":{\"@id\":\"https:\/\/eladd.org\/en\/#organization\"},\"potentialAction\":[{\"@type\":\"SearchAction\",\"target\":{\"@type\":\"EntryPoint\",\"urlTemplate\":\"https:\/\/eladd.org\/en\/?s={search_term_string}\"},\"query-input\":{\"@type\":\"PropertyValueSpecification\",\"valueRequired\":true,\"valueName\":\"search_term_string\"}}],\"inLanguage\":\"en-US\"},{\"@type\":\"Organization\",\"@id\":\"https:\/\/eladd.org\/en\/#organization\",\"name\":\"Eladd En\",\"url\":\"https:\/\/eladd.org\/en\/\",\"logo\":{\"@type\":\"ImageObject\",\"inLanguage\":\"en-US\",\"@id\":\"https:\/\/eladd.org\/en\/#\/schema\/logo\/image\/\",\"url\":\"https:\/\/eladd.org\/en\/wp-content\/uploads\/sites\/2\/2025\/07\/logo-eladd.png\",\"contentUrl\":\"https:\/\/eladd.org\/en\/wp-content\/uploads\/sites\/2\/2025\/07\/logo-eladd.png\",\"width\":324,\"height\":77,\"caption\":\"Eladd En\"},\"image\":{\"@id\":\"https:\/\/eladd.org\/en\/#\/schema\/logo\/image\/\"}}]}<\/script>\n<!-- \/ Yoast SEO plugin. -->","yoast_head_json":{"title":"Mariana Cox Stuven - Eladd En","robots":{"index":"index","follow":"follow","max-snippet":"max-snippet:-1","max-image-preview":"max-image-preview:large","max-video-preview":"max-video-preview:-1"},"canonical":"https:\/\/eladd.org\/en\/other-authors\/mariana-cox-stuven\/","og_locale":"en_US","og_type":"article","og_title":"Mariana Cox Stuven - Eladd En","og_description":"[vc_row full_width=&rdquo;stretch_row&rdquo; tablet_fullwidth_cols=&rdquo;&rdquo; bg_style=&rdquo;repeat&rdquo; css=&rdquo;.vc_custom_1762918083995{background-position: 0 0 !important;background-repeat: repeat !important;}&rdquo;][vc_column][vc_column_text el_class=&rdquo;autoras__titulo&rdquo;] Mariana Cox Stuven (1871 &ndash; 1914) [\/vc_column_text][\/vc_column][\/vc_row][vc_row full_width=&rdquo;stretch_row&rdquo; el_id=&rdquo;cuerpo&rdquo; css=&rdquo;.vc_custom_1762918091851{background-position: center !important;background-repeat: no-repeat !important;background-size: cover !important;}&rdquo;][vc_column][vc_column_text el_class=&rdquo;autoras__texto&rdquo;]Mariana Cox Stuven (Chile, 1871- Francia 1914) Also known as: Mariana Cox M&eacute;ndez&hellip;","og_url":"https:\/\/eladd.org\/en\/other-authors\/mariana-cox-stuven\/","og_site_name":"Eladd En","article_modified_time":"2025-11-12T03:28:16+00:00","og_image":[{"url":"https:\/\/eladd.org\/wp-content\/uploads\/2015\/03\/mariana-198x300.png","type":"","width":"","height":""}],"twitter_card":"summary_large_image","twitter_misc":{"Est. reading time":"3 minutes"},"schema":{"@context":"https:\/\/schema.org","@graph":[{"@type":"WebPage","@id":"https:\/\/eladd.org\/en\/other-authors\/mariana-cox-stuven\/","url":"https:\/\/eladd.org\/en\/other-authors\/mariana-cox-stuven\/","name":"Mariana Cox Stuven - Eladd En","isPartOf":{"@id":"https:\/\/eladd.org\/en\/#website"},"primaryImageOfPage":{"@id":"https:\/\/eladd.org\/en\/other-authors\/mariana-cox-stuven\/#primaryimage"},"image":{"@id":"https:\/\/eladd.org\/en\/other-authors\/mariana-cox-stuven\/#primaryimage"},"thumbnailUrl":"https:\/\/eladd.org\/wp-content\/uploads\/2015\/03\/mariana-198x300.png","datePublished":"2015-03-15T12:27:22+00:00","dateModified":"2025-11-12T03:28:16+00:00","breadcrumb":{"@id":"https:\/\/eladd.org\/en\/other-authors\/mariana-cox-stuven\/#breadcrumb"},"inLanguage":"en-US","potentialAction":[{"@type":"ReadAction","target":["https:\/\/eladd.org\/en\/other-authors\/mariana-cox-stuven\/"]}]},{"@type":"ImageObject","inLanguage":"en-US","@id":"https:\/\/eladd.org\/en\/other-authors\/mariana-cox-stuven\/#primaryimage","url":"https:\/\/eladd.org\/wp-content\/uploads\/2015\/03\/mariana-198x300.png","contentUrl":"https:\/\/eladd.org\/wp-content\/uploads\/2015\/03\/mariana-198x300.png"},{"@type":"BreadcrumbList","@id":"https:\/\/eladd.org\/en\/other-authors\/mariana-cox-stuven\/#breadcrumb","itemListElement":[{"@type":"ListItem","position":1,"name":"Home","item":"https:\/\/eladd.org\/en\/"},{"@type":"ListItem","position":2,"name":"Other Authors","item":"https:\/\/eladd.org\/en\/other-authors\/"},{"@type":"ListItem","position":3,"name":"Mariana Cox Stuven"}]},{"@type":"WebSite","@id":"https:\/\/eladd.org\/en\/#website","url":"https:\/\/eladd.org\/en\/","name":"Eladd En","description":"Ninteenth-Century Latin American Women Writers","publisher":{"@id":"https:\/\/eladd.org\/en\/#organization"},"potentialAction":[{"@type":"SearchAction","target":{"@type":"EntryPoint","urlTemplate":"https:\/\/eladd.org\/en\/?s={search_term_string}"},"query-input":{"@type":"PropertyValueSpecification","valueRequired":true,"valueName":"search_term_string"}}],"inLanguage":"en-US"},{"@type":"Organization","@id":"https:\/\/eladd.org\/en\/#organization","name":"Eladd En","url":"https:\/\/eladd.org\/en\/","logo":{"@type":"ImageObject","inLanguage":"en-US","@id":"https:\/\/eladd.org\/en\/#\/schema\/logo\/image\/","url":"https:\/\/eladd.org\/en\/wp-content\/uploads\/sites\/2\/2025\/07\/logo-eladd.png","contentUrl":"https:\/\/eladd.org\/en\/wp-content\/uploads\/sites\/2\/2025\/07\/logo-eladd.png","width":324,"height":77,"caption":"Eladd En"},"image":{"@id":"https:\/\/eladd.org\/en\/#\/schema\/logo\/image\/"}}]}},"_links":{"self":[{"href":"https:\/\/eladd.org\/en\/wp-json\/wp\/v2\/pages\/344","targetHints":{"allow":["GET"]}}],"collection":[{"href":"https:\/\/eladd.org\/en\/wp-json\/wp\/v2\/pages"}],"about":[{"href":"https:\/\/eladd.org\/en\/wp-json\/wp\/v2\/types\/page"}],"author":[{"embeddable":true,"href":"https:\/\/eladd.org\/en\/wp-json\/wp\/v2\/users\/3"}],"replies":[{"embeddable":true,"href":"https:\/\/eladd.org\/en\/wp-json\/wp\/v2\/comments?post=344"}],"version-history":[{"count":8,"href":"https:\/\/eladd.org\/en\/wp-json\/wp\/v2\/pages\/344\/revisions"}],"predecessor-version":[{"id":24787,"href":"https:\/\/eladd.org\/en\/wp-json\/wp\/v2\/pages\/344\/revisions\/24787"}],"up":[{"embeddable":true,"href":"https:\/\/eladd.org\/en\/wp-json\/wp\/v2\/pages\/98"}],"wp:attachment":[{"href":"https:\/\/eladd.org\/en\/wp-json\/wp\/v2\/media?parent=344"}],"curies":[{"name":"wp","href":"https:\/\/api.w.org\/{rel}","templated":true}]}}