{"id":350,"date":"2015-03-15T12:33:32","date_gmt":"2015-03-15T12:33:32","guid":{"rendered":"https:\/\/eladd.org\/en\/?page_id=350"},"modified":"2025-11-12T03:30:07","modified_gmt":"2025-11-12T03:30:07","slug":"waldina-davila-de-ponce-de-leon","status":"publish","type":"page","link":"https:\/\/eladd.org\/en\/other-authors\/waldina-davila-de-ponce-de-leon\/","title":{"rendered":"Waldina D\u00e1vila de Ponce de Le\u00f3n"},"content":{"rendered":"<div class=\"wpb-content-wrapper\">[vc_row full_width=&#8221;stretch_row&#8221; tablet_fullwidth_cols=&#8221;&#8221; bg_style=&#8221;repeat&#8221; css=&#8221;.vc_custom_1762918194915{background-position: 0 0 !important;background-repeat: repeat !important;}&#8221;][vc_column][vc_column_text el_class=&#8221;autoras__titulo&#8221;]\n<h2 style=\"text-align: center;\">Waldina D\u00e1vila de Ponce de Le\u00f3n<\/h2>\n<p style=\"text-align: center;\">(1823-1900)<br \/>\n<img loading=\"lazy\" decoding=\"async\" class=\"size-full wp-image-1816 aligncenter\" src=\"\/\/eladd.org\/wp-content\/uploads\/2015\/09\/icon-space.png\" alt=\"icon-space\" width=\"150\" height=\"8\" \/>[\/vc_column_text][\/vc_column][\/vc_row][vc_row full_width=&#8221;stretch_row&#8221; el_id=&#8221;cuerpo&#8221; css=&#8221;.vc_custom_1762918202065{background-position: center !important;background-repeat: no-repeat !important;background-size: cover !important;}&#8221;][vc_column][vc_column_text el_class=&#8221;autoras__texto&#8221;]<strong>Waldina D\u00e1vila de Ponce de Le\u00f3n (Colombia, 1823?-1900)<\/strong><\/p>\n<p>&nbsp;<\/p>\n<p><a href=\"https:\/\/eladd.org\/wp-content\/uploads\/2015\/03\/Waldina.png\"><img loading=\"lazy\" decoding=\"async\" class=\"size-medium wp-image-1374 alignright\" src=\"https:\/\/eladd.org\/wp-content\/uploads\/2015\/03\/Waldina-199x300.png\" alt=\"Waldina\" width=\"199\" height=\"300\" \/><\/a><\/p>\n<p>Also known as: Ubaldina D\u00e1vila de Ponce, Waldina D\u00e1vila de Ponce<br \/>\nPseudonym: Jenny<br \/>\n<strong>Author\u2019s Works: Original and Edited (Works are listed in chronological order)<br \/>\n<\/strong><br \/>\n(1868). \u201cA mi madre.\u201d <em>El hogar. Peri\u00f3dico dedicado al bello sexo<\/em> 1.41 (2 nov.): 328.<\/p>\n<p>(1869). \u201cWaldina D\u00e1vila de Ponce de Le\u00f3n.\u201d <em>El \u00e1lbum de los pobres<\/em>. Ed. Jos\u00e9 Caicedo Rojas. Bogot\u00e1: Imprenta de Gait\u00e1n.<\/p>\n<p>(1875). \u201cWaldina D\u00e1vila de Ponce de Le\u00f3n.\u201d <em>Poetisas americanas<\/em>. Par\u00eds: Librer\u00eda de A. Bouret e hijo.<\/p>\n<p>(1878). \u201cRealidad.\u201d <em>La Mujer. Lecturas para las familias. Revista quincenal, redactada exclusivamente por se\u00f1oras y se\u00f1oritas, bajo la direcci\u00f3n de la se\u00f1ora Soledad Acosta de Samper<\/em> 1.5 (5 nov.): 100.<\/p>\n<p>(1879). \u201cA la se\u00f1ora O. A. de P.\u201d <em>Lecturas para las familias. Revista quincenal, redactada exclusivamente por se\u00f1oras y se\u00f1oritas, bajo la direcci\u00f3n de la se\u00f1ora Soledad Acosta de Samper <\/em>1.8 (5 enero): 178.<\/p>\n<p>(1880). \u201cA la se\u00f1ora Gertrudis G\u00f3mez de Avellaneda.\u201d <em>La Mujer. Lecturas para las familias.Revista quincenal, redactada exclusivamente por se\u00f1oras y se\u00f1oritas, bajo la direcci\u00f3n de la se\u00f1ora Soledad Acosta de Samper<\/em> 3.35 (15 abril): 248.<\/p>\n<p>(1880). \u201cEn la tumba de mi padre.\u201d La Mujer. <em>Lecturas para las familias. Revista quincenal, redactada exclusivamente por se\u00f1oras y se\u00f1oritas, bajo la direcci\u00f3n de la se\u00f1ora Soledad Acosta de Samper<\/em> 3.32 (15 feb.): 181-82.<\/p>\n<p>(1884). \u201c\u00c1lbum de la caridad.\u201d <em>Folletines de \u2018La Luz\u2019<\/em>. Ed. Jos\u00e9 Antonio Soffia. 289-361.<\/p>\n<p>(1884). <em>El Trabajo<\/em>. Bogot\u00e1: Imprenta de Silvestre y compa\u00f1\u00eda.<\/p>\n<p>&#8212;. <em>Serie de novelas<\/em>. Bogot\u00e1: Imprenta de Antonio Mar\u00eda Silvestre, 1884. 5-19.<\/p>\n<p>(1884). \u201cWaldina D\u00e1vila de Ponce de Le\u00f3n.\u201d <em>El parnaso colombiano<\/em>. Bogot\u00e1: Medardo Rivas.<\/p>\n<p>&#8212;. Bogot\u00e1: Librer\u00eda de Camacho Rold\u00e1n, 1882-84.<\/p>\n<p>(1884). <em>Poes\u00edas<\/em>. Sevilla: Imprenta y litograf\u00eda de Jos\u00e9 Mar\u00eda Ariza Sierpes.<\/p>\n<p>&#8212;. Bogot\u00e1: Imprenta de Antonio Mar\u00eda Silvestre, 1893.<\/p>\n<p>(1885). \u201cA la se\u00f1ora Magdalena V. de Calvo.\u201d <em>Papel peri\u00f3dico ilustrado <\/em>4.90 (1 mayo): 292.<\/p>\n<p>(1889). \u201cOda\u201d, \u201cLos m\u00e1rtires.\u201d <em>Colombia Ilustrada<\/em> 8 (15 oct.): 115.<\/p>\n<p>(1890). \u201cMis pr\u00f3ceres.\u201d <em>Colombia Ilustrada<\/em> 18 (38 oct.): 275-78.<\/p>\n<p>&#8212;. <em>Varias cuentistas colombianas<\/em>. Bogot\u00e1: Editorial Minerva, 1936.<\/p>\n<p>(1891). \u201cEl crucifijo.\u201d <em>Colombia Ilustrada<\/em> 22 (7 ago.): 347.<\/p>\n<p>(1892). \u201cA don Jos\u00e9 Zorrilla en su coronaci\u00f3n.\u201d <em>Colombia Ilustrada<\/em> 24 (31 marzo): 375.<\/p>\n<p>(1892). \u201cLuz de la noche.\u201d <em>Serie de novelas<\/em>. Bogot\u00e1: Imprenta de Antonio Mar\u00eda Silvestre. 163-290.<\/p>\n<p>(1892). \u201cLa multa.\u201d <em>Serie de novelas<\/em>. Bogot\u00e1: Imprenta de Antonio Mar\u00eda Silvestre. 291-378.<\/p>\n<p>(1892). <em>Zuma (drama en tres actos y en prosa)<\/em>. Bogot\u00e1: Casa Editorial de J. J. P\u00e9rez.<\/p>\n<p>(1892). <em>Serie de novelas<\/em>. Bogot\u00e1: Imprenta de Antonio Mar\u00eda Silvestre.<\/p>\n<p>(1897). \u201cWaldina D\u00e1vila de Ponce de Le\u00f3n.\u201d <em>Antolog\u00eda americana: colecci\u00f3n de composiciones escogidas de los m\u00e1s renombrados poetas americanos<\/em>. Barcelona: Montaner y Sim\u00f3n.<\/p>\n<p>(2000). \u201cWaldina Davila de Ponce de Le\u00f3n.\u201d <em>Las sacerdotisas: antolog\u00eda de la poes\u00eda femenina de Colombia en el siglo XIX<\/em>. Ed. H\u00e9ctor H. Orjuela. Santaf\u00e9 de Bogot\u00e1: Kelly.<br \/>\n<strong>Critical Works (Reference Materials, Books, Book Chapters, Journal Articles, Encyclopedias, Theses\/Dissertations, Media and Internet Sources) <\/strong><br \/>\nAguilera H., Benjam\u00edn. \u201cBibliograf\u00eda.\u201d <em>Revista Gris <\/em>1.5 (feb. 1893): 183-85.<\/p>\n<p>Aristiz\u00e1bal Montes, Patricia. <em>Escritoras colombianas del siglo XIX: identidad y escritura<\/em>. Cali: Universidad de Valle, 2007. 22.<\/p>\n<p>Luque Valderrama, Lucia. &#8220;La novela femenina en Colombia&#8221;. Diss. Pontificia Universidad Cat\u00f3lica Javeriana. Bogot\u00e1: Universidad Cat\u00f3lica Javeriana, 1954. 50-51.<\/p>\n<p>Orjuela, H\u00e9ctor H. <em>Las antolog\u00edas po\u00e9ticas de Colombia: estudio y bibliograf\u00eda<\/em>. Bogot\u00e1: Publicaciones del Instituto Caro y Cuervo, 1966. 32, 45, 47, 261, 270, 344, 360, 378, 399, 412, 417.<\/p>\n<p>Otero Mu\u00f1oz, Gustavo. <em>Hombres y ciudades<\/em>. Bogot\u00e1: Prensas del Ministerio de Educaci\u00f3n, 1948.<\/p>\n<p>Otero Mu\u00f1oz, Gustavo y Eduardo Villa. <em>A la memoria de la se\u00f1ora Waldina D\u00e1vila de Ponce de L<\/em>. Bogot\u00e1: Imprenta de \u2018La Luz\u2019, 1901.<\/p>\n<p>Rodr\u00edguez-Arenas, Flor Mar\u00eda. <em>Bibliograf\u00eda de la literatura colombiana del siglo XIX<\/em>. Tomo I. Buenos Aires: Stockcero, 2006. 332-34.<\/p>\n<p>Vallejo Murcia, Olga, and Xiomara Meneses Cano. &#8220;Publicaciones seriadas de la literatura colombiana. Fuentes peri\u00f3dicas para el estudio hist\u00f3rico de la literatura colombiana. Compilaci\u00f3n y rese\u00f1a. Segunda entrega.&#8221; <em>Estudios de Literatura Colombiana<\/em> 31 (2013): 293-307.<br \/>\n<a href=\"https:\/\/eladd.org\/wp-content\/uploads\/2014\/02\/logo-footer-2.png\"><img loading=\"lazy\" decoding=\"async\" class=\"aligncenter size-full wp-image-608\" src=\"https:\/\/eladd.org\/wp-content\/uploads\/2014\/02\/logo-footer-2.png\" alt=\"logo-footer-2\" width=\"260\" height=\"70\" \/><\/a>[\/vc_column_text][vc_single_image image=&#8221;660&#8243; alignment=&#8221;center&#8221; css=&#8221;.vc_custom_1446670823436{margin-top: 35px !important;}&#8221;][\/vc_column][\/vc_row]\n<\/div>","protected":false},"excerpt":{"rendered":"<p>[vc_row full_width=&rdquo;stretch_row&rdquo; tablet_fullwidth_cols=&rdquo;&rdquo; bg_style=&rdquo;repeat&rdquo; css=&rdquo;.vc_custom_1762918194915{background-position: 0 0 !important;background-repeat: repeat !important;}&rdquo;][vc_column][vc_column_text el_class=&rdquo;autoras__titulo&rdquo;] Waldina D&aacute;vila de Ponce de Le&oacute;n (1823-1900) [\/vc_column_text][\/vc_column][\/vc_row][vc_row full_width=&rdquo;stretch_row&rdquo; el_id=&rdquo;cuerpo&rdquo; css=&rdquo;.vc_custom_1762918202065{background-position: center !important;background-repeat: no-repeat !important;background-size: cover !important;}&rdquo;][vc_column][vc_column_text el_class=&rdquo;autoras__texto&rdquo;]Waldina D&aacute;vila de Ponce de Le&oacute;n (Colombia, 1823?-1900) &nbsp; Also known as:&hellip;<\/p>\n","protected":false},"author":3,"featured_media":0,"parent":98,"menu_order":0,"comment_status":"closed","ping_status":"closed","template":"","meta":{"footnotes":""},"class_list":["post-350","page","type-page","status-publish","hentry","entry","no-media"],"yoast_head":"<!-- This site is optimized with the Yoast SEO plugin v26.1.1 - https:\/\/yoast.com\/wordpress\/plugins\/seo\/ -->\n<title>Waldina D\u00e1vila de Ponce de Le\u00f3n - Eladd En<\/title>\n<meta name=\"robots\" content=\"index, follow, max-snippet:-1, max-image-preview:large, max-video-preview:-1\" \/>\n<link rel=\"canonical\" href=\"https:\/\/eladd.org\/en\/other-authors\/waldina-davila-de-ponce-de-leon\/\" \/>\n<meta property=\"og:locale\" content=\"en_US\" \/>\n<meta property=\"og:type\" content=\"article\" \/>\n<meta property=\"og:title\" content=\"Waldina D\u00e1vila de Ponce de Le\u00f3n - Eladd En\" \/>\n<meta property=\"og:description\" content=\"[vc_row full_width=&rdquo;stretch_row&rdquo; tablet_fullwidth_cols=&rdquo;&rdquo; bg_style=&rdquo;repeat&rdquo; css=&rdquo;.vc_custom_1762918194915{background-position: 0 0 !important;background-repeat: repeat !important;}&rdquo;][vc_column][vc_column_text el_class=&rdquo;autoras__titulo&rdquo;] Waldina D&aacute;vila de Ponce de Le&oacute;n (1823-1900) [\/vc_column_text][\/vc_column][\/vc_row][vc_row full_width=&rdquo;stretch_row&rdquo; el_id=&rdquo;cuerpo&rdquo; css=&rdquo;.vc_custom_1762918202065{background-position: center !important;background-repeat: no-repeat !important;background-size: cover !important;}&rdquo;][vc_column][vc_column_text el_class=&rdquo;autoras__texto&rdquo;]Waldina D&aacute;vila de Ponce de Le&oacute;n (Colombia, 1823?-1900) &nbsp; Also known as:&hellip;\" \/>\n<meta property=\"og:url\" content=\"https:\/\/eladd.org\/en\/other-authors\/waldina-davila-de-ponce-de-leon\/\" \/>\n<meta property=\"og:site_name\" content=\"Eladd En\" \/>\n<meta property=\"article:modified_time\" content=\"2025-11-12T03:30:07+00:00\" \/>\n<meta property=\"og:image\" content=\"https:\/\/eladd.org\/wp-content\/uploads\/2015\/03\/Waldina-199x300.png\" \/>\n<meta name=\"twitter:card\" content=\"summary_large_image\" \/>\n<meta name=\"twitter:label1\" content=\"Est. reading time\" \/>\n\t<meta name=\"twitter:data1\" content=\"4 minutes\" \/>\n<script type=\"application\/ld+json\" class=\"yoast-schema-graph\">{\"@context\":\"https:\/\/schema.org\",\"@graph\":[{\"@type\":\"WebPage\",\"@id\":\"https:\/\/eladd.org\/en\/other-authors\/waldina-davila-de-ponce-de-leon\/\",\"url\":\"https:\/\/eladd.org\/en\/other-authors\/waldina-davila-de-ponce-de-leon\/\",\"name\":\"Waldina D\u00e1vila de Ponce de Le\u00f3n - Eladd En\",\"isPartOf\":{\"@id\":\"https:\/\/eladd.org\/en\/#website\"},\"primaryImageOfPage\":{\"@id\":\"https:\/\/eladd.org\/en\/other-authors\/waldina-davila-de-ponce-de-leon\/#primaryimage\"},\"image\":{\"@id\":\"https:\/\/eladd.org\/en\/other-authors\/waldina-davila-de-ponce-de-leon\/#primaryimage\"},\"thumbnailUrl\":\"https:\/\/eladd.org\/wp-content\/uploads\/2015\/03\/Waldina-199x300.png\",\"datePublished\":\"2015-03-15T12:33:32+00:00\",\"dateModified\":\"2025-11-12T03:30:07+00:00\",\"breadcrumb\":{\"@id\":\"https:\/\/eladd.org\/en\/other-authors\/waldina-davila-de-ponce-de-leon\/#breadcrumb\"},\"inLanguage\":\"en-US\",\"potentialAction\":[{\"@type\":\"ReadAction\",\"target\":[\"https:\/\/eladd.org\/en\/other-authors\/waldina-davila-de-ponce-de-leon\/\"]}]},{\"@type\":\"ImageObject\",\"inLanguage\":\"en-US\",\"@id\":\"https:\/\/eladd.org\/en\/other-authors\/waldina-davila-de-ponce-de-leon\/#primaryimage\",\"url\":\"https:\/\/eladd.org\/wp-content\/uploads\/2015\/03\/Waldina-199x300.png\",\"contentUrl\":\"https:\/\/eladd.org\/wp-content\/uploads\/2015\/03\/Waldina-199x300.png\"},{\"@type\":\"BreadcrumbList\",\"@id\":\"https:\/\/eladd.org\/en\/other-authors\/waldina-davila-de-ponce-de-leon\/#breadcrumb\",\"itemListElement\":[{\"@type\":\"ListItem\",\"position\":1,\"name\":\"Home\",\"item\":\"https:\/\/eladd.org\/en\/\"},{\"@type\":\"ListItem\",\"position\":2,\"name\":\"Other Authors\",\"item\":\"https:\/\/eladd.org\/en\/other-authors\/\"},{\"@type\":\"ListItem\",\"position\":3,\"name\":\"Waldina D\u00e1vila de Ponce de Le\u00f3n\"}]},{\"@type\":\"WebSite\",\"@id\":\"https:\/\/eladd.org\/en\/#website\",\"url\":\"https:\/\/eladd.org\/en\/\",\"name\":\"Eladd En\",\"description\":\"Ninteenth-Century Latin American Women Writers\",\"publisher\":{\"@id\":\"https:\/\/eladd.org\/en\/#organization\"},\"potentialAction\":[{\"@type\":\"SearchAction\",\"target\":{\"@type\":\"EntryPoint\",\"urlTemplate\":\"https:\/\/eladd.org\/en\/?s={search_term_string}\"},\"query-input\":{\"@type\":\"PropertyValueSpecification\",\"valueRequired\":true,\"valueName\":\"search_term_string\"}}],\"inLanguage\":\"en-US\"},{\"@type\":\"Organization\",\"@id\":\"https:\/\/eladd.org\/en\/#organization\",\"name\":\"Eladd En\",\"url\":\"https:\/\/eladd.org\/en\/\",\"logo\":{\"@type\":\"ImageObject\",\"inLanguage\":\"en-US\",\"@id\":\"https:\/\/eladd.org\/en\/#\/schema\/logo\/image\/\",\"url\":\"https:\/\/eladd.org\/en\/wp-content\/uploads\/sites\/2\/2025\/07\/logo-eladd.png\",\"contentUrl\":\"https:\/\/eladd.org\/en\/wp-content\/uploads\/sites\/2\/2025\/07\/logo-eladd.png\",\"width\":324,\"height\":77,\"caption\":\"Eladd En\"},\"image\":{\"@id\":\"https:\/\/eladd.org\/en\/#\/schema\/logo\/image\/\"}}]}<\/script>\n<!-- \/ Yoast SEO plugin. -->","yoast_head_json":{"title":"Waldina D\u00e1vila de Ponce de Le\u00f3n - Eladd En","robots":{"index":"index","follow":"follow","max-snippet":"max-snippet:-1","max-image-preview":"max-image-preview:large","max-video-preview":"max-video-preview:-1"},"canonical":"https:\/\/eladd.org\/en\/other-authors\/waldina-davila-de-ponce-de-leon\/","og_locale":"en_US","og_type":"article","og_title":"Waldina D\u00e1vila de Ponce de Le\u00f3n - Eladd En","og_description":"[vc_row full_width=&rdquo;stretch_row&rdquo; tablet_fullwidth_cols=&rdquo;&rdquo; bg_style=&rdquo;repeat&rdquo; css=&rdquo;.vc_custom_1762918194915{background-position: 0 0 !important;background-repeat: repeat !important;}&rdquo;][vc_column][vc_column_text el_class=&rdquo;autoras__titulo&rdquo;] Waldina D&aacute;vila de Ponce de Le&oacute;n (1823-1900) [\/vc_column_text][\/vc_column][\/vc_row][vc_row full_width=&rdquo;stretch_row&rdquo; el_id=&rdquo;cuerpo&rdquo; css=&rdquo;.vc_custom_1762918202065{background-position: center !important;background-repeat: no-repeat !important;background-size: cover !important;}&rdquo;][vc_column][vc_column_text el_class=&rdquo;autoras__texto&rdquo;]Waldina D&aacute;vila de Ponce de Le&oacute;n (Colombia, 1823?-1900) &nbsp; Also known as:&hellip;","og_url":"https:\/\/eladd.org\/en\/other-authors\/waldina-davila-de-ponce-de-leon\/","og_site_name":"Eladd En","article_modified_time":"2025-11-12T03:30:07+00:00","og_image":[{"url":"https:\/\/eladd.org\/wp-content\/uploads\/2015\/03\/Waldina-199x300.png","type":"","width":"","height":""}],"twitter_card":"summary_large_image","twitter_misc":{"Est. reading time":"4 minutes"},"schema":{"@context":"https:\/\/schema.org","@graph":[{"@type":"WebPage","@id":"https:\/\/eladd.org\/en\/other-authors\/waldina-davila-de-ponce-de-leon\/","url":"https:\/\/eladd.org\/en\/other-authors\/waldina-davila-de-ponce-de-leon\/","name":"Waldina D\u00e1vila de Ponce de Le\u00f3n - Eladd En","isPartOf":{"@id":"https:\/\/eladd.org\/en\/#website"},"primaryImageOfPage":{"@id":"https:\/\/eladd.org\/en\/other-authors\/waldina-davila-de-ponce-de-leon\/#primaryimage"},"image":{"@id":"https:\/\/eladd.org\/en\/other-authors\/waldina-davila-de-ponce-de-leon\/#primaryimage"},"thumbnailUrl":"https:\/\/eladd.org\/wp-content\/uploads\/2015\/03\/Waldina-199x300.png","datePublished":"2015-03-15T12:33:32+00:00","dateModified":"2025-11-12T03:30:07+00:00","breadcrumb":{"@id":"https:\/\/eladd.org\/en\/other-authors\/waldina-davila-de-ponce-de-leon\/#breadcrumb"},"inLanguage":"en-US","potentialAction":[{"@type":"ReadAction","target":["https:\/\/eladd.org\/en\/other-authors\/waldina-davila-de-ponce-de-leon\/"]}]},{"@type":"ImageObject","inLanguage":"en-US","@id":"https:\/\/eladd.org\/en\/other-authors\/waldina-davila-de-ponce-de-leon\/#primaryimage","url":"https:\/\/eladd.org\/wp-content\/uploads\/2015\/03\/Waldina-199x300.png","contentUrl":"https:\/\/eladd.org\/wp-content\/uploads\/2015\/03\/Waldina-199x300.png"},{"@type":"BreadcrumbList","@id":"https:\/\/eladd.org\/en\/other-authors\/waldina-davila-de-ponce-de-leon\/#breadcrumb","itemListElement":[{"@type":"ListItem","position":1,"name":"Home","item":"https:\/\/eladd.org\/en\/"},{"@type":"ListItem","position":2,"name":"Other Authors","item":"https:\/\/eladd.org\/en\/other-authors\/"},{"@type":"ListItem","position":3,"name":"Waldina D\u00e1vila de Ponce de Le\u00f3n"}]},{"@type":"WebSite","@id":"https:\/\/eladd.org\/en\/#website","url":"https:\/\/eladd.org\/en\/","name":"Eladd En","description":"Ninteenth-Century Latin American Women Writers","publisher":{"@id":"https:\/\/eladd.org\/en\/#organization"},"potentialAction":[{"@type":"SearchAction","target":{"@type":"EntryPoint","urlTemplate":"https:\/\/eladd.org\/en\/?s={search_term_string}"},"query-input":{"@type":"PropertyValueSpecification","valueRequired":true,"valueName":"search_term_string"}}],"inLanguage":"en-US"},{"@type":"Organization","@id":"https:\/\/eladd.org\/en\/#organization","name":"Eladd En","url":"https:\/\/eladd.org\/en\/","logo":{"@type":"ImageObject","inLanguage":"en-US","@id":"https:\/\/eladd.org\/en\/#\/schema\/logo\/image\/","url":"https:\/\/eladd.org\/en\/wp-content\/uploads\/sites\/2\/2025\/07\/logo-eladd.png","contentUrl":"https:\/\/eladd.org\/en\/wp-content\/uploads\/sites\/2\/2025\/07\/logo-eladd.png","width":324,"height":77,"caption":"Eladd En"},"image":{"@id":"https:\/\/eladd.org\/en\/#\/schema\/logo\/image\/"}}]}},"_links":{"self":[{"href":"https:\/\/eladd.org\/en\/wp-json\/wp\/v2\/pages\/350","targetHints":{"allow":["GET"]}}],"collection":[{"href":"https:\/\/eladd.org\/en\/wp-json\/wp\/v2\/pages"}],"about":[{"href":"https:\/\/eladd.org\/en\/wp-json\/wp\/v2\/types\/page"}],"author":[{"embeddable":true,"href":"https:\/\/eladd.org\/en\/wp-json\/wp\/v2\/users\/3"}],"replies":[{"embeddable":true,"href":"https:\/\/eladd.org\/en\/wp-json\/wp\/v2\/comments?post=350"}],"version-history":[{"count":6,"href":"https:\/\/eladd.org\/en\/wp-json\/wp\/v2\/pages\/350\/revisions"}],"predecessor-version":[{"id":24790,"href":"https:\/\/eladd.org\/en\/wp-json\/wp\/v2\/pages\/350\/revisions\/24790"}],"up":[{"embeddable":true,"href":"https:\/\/eladd.org\/en\/wp-json\/wp\/v2\/pages\/98"}],"wp:attachment":[{"href":"https:\/\/eladd.org\/en\/wp-json\/wp\/v2\/media?parent=350"}],"curies":[{"name":"wp","href":"https:\/\/api.w.org\/{rel}","templated":true}]}}