{"id":357,"date":"2015-03-15T12:49:24","date_gmt":"2015-03-15T12:49:24","guid":{"rendered":"https:\/\/eladd.org\/en\/?page_id=357"},"modified":"2025-11-12T03:30:38","modified_gmt":"2025-11-12T03:30:38","slug":"emilia-moncorvo-bandeira-de-melo","status":"publish","type":"page","link":"https:\/\/eladd.org\/en\/other-authors\/emilia-moncorvo-bandeira-de-melo\/","title":{"rendered":"Emilia Moncorvo Bandeira de Melo"},"content":{"rendered":"<div class=\"wpb-content-wrapper\">[vc_row full_width=&#8221;stretch_row&#8221; tablet_fullwidth_cols=&#8221;&#8221; bg_style=&#8221;repeat&#8221; css=&#8221;.vc_custom_1762918226363{background-position: 0 0 !important;background-repeat: repeat !important;}&#8221;][vc_column][vc_column_text el_class=&#8221;autoras__titulo&#8221;]\n<h2 style=\"text-align: center;\">Emilia Moncorvo Bandeira de Melo<\/h2>\n<p style=\"text-align: center;\">(1852-1910)<br \/>\n<img loading=\"lazy\" decoding=\"async\" class=\"size-full wp-image-1816 aligncenter\" src=\"\/\/eladd.org\/wp-content\/uploads\/2015\/09\/icon-space.png\" alt=\"icon-space\" width=\"150\" height=\"8\" \/>[\/vc_column_text][\/vc_column][\/vc_row][vc_row full_width=&#8221;stretch_row&#8221; el_id=&#8221;cuerpo&#8221; css=&#8221;.vc_custom_1762918233426{background-position: center !important;background-repeat: no-repeat !important;background-size: cover !important;}&#8221;][vc_column][vc_column_text el_class=&#8221;autoras__texto&#8221;]<strong>Emilia Moncorvo Bandeira de Melo (Brasil, 1852-1910)<br \/>\nPseudonym: Carmen Dolores<\/strong><\/p>\n<p><a href=\"https:\/\/eladd.org\/wp-content\/uploads\/2015\/03\/emilia.png\"><img loading=\"lazy\" decoding=\"async\" class=\"size-medium wp-image-1249 alignright\" src=\"https:\/\/eladd.org\/wp-content\/uploads\/2015\/03\/emilia-282x300.png\" alt=\"emilia\" width=\"282\" height=\"300\" \/><\/a><\/p>\n<p><strong>Author\u2019s Works: Original and Edited (Works are listed in chronological order)<\/strong><\/p>\n<p>(1897). <em>Grada\u00e7\u00f5es, 1894-1986<\/em>. Rio de Janeiro: Tipografia Leuzinger.<\/p>\n<p>(1907). <em>Um drama na ro\u00e7a<\/em>. Pr\u00f3l. Coelho Neto. Rio de Janeiro: J. Laemmert.<\/p>\n<p>(1910). <em>Ao esva\u00e7ar da id\u00e9ia<\/em>. Porto: Chadron, 1910.<\/p>\n<p>(1911). <em>A luta<\/em>. Rio de Janeiro e Paris: Garnier.<br \/>\n&#8212;. Ed. Maria Angelica Guimarses Lopes. <em>A luta<\/em>. Florian\u00f3polis: Editora Mulheres, 2001.<\/p>\n<p>(1921). <em>Brazilian Tales<\/em>. Trad. Isaac Goldberg. Boston: Four Seas Co.<\/p>\n<p>(1934). <em>Almas complexas<\/em>. Pr\u00f3l. Cec\u00edlia Bandeira de Melo. Rio de Janeiro: Calvino.<\/p>\n<p>(1998). <em>Cr\u00f4nicas 1905-1910<\/em>. Ed. Eliane Vasconcellos. Rio de Janeiro: Arquivo Publico do Estado.<\/p>\n<p><strong>Critical Works (Reference Materials, Books, Book Chapters, Journal Articles, Encyclopedias, Theses\/Dissertations, Media and Internet Sources) <\/strong><\/p>\n<p>Andr\u00e9, Mar\u00eda. Claudia and Eva P. Bueno. Latin American Women Writers: An Encyclopedia. New York: Routledge, 2008. 147-49. Brito, C\u00e2dida de. Antologia femenina. Rio de Janeiro: A dona da casa, 1937. 22-3.<\/p>\n<p>Broca, Brito. <em>A vida liter\u00e1ria no Brasil, 1900<\/em>. Rio de Janeiro: J. Olympio, 1975. 241-42.<\/p>\n<p>Bustamante, Paola de Menezes. \u201cCarmen Dolores: Configurades de luta atraves da cr\u00f3nica.\u201d Diss. Universidade Federal do Rio de Janeiro, 1993.<\/p>\n<p>Castelo, Branco C, Ant\u00f3nio L. Ribeiro, Jaime F. Silva, Assis Pacheco, Ant\u00f3nio Silva, and Em\u00edlia M. B. Melo. <em>Amor de perdi\u00e7\u00e3o<\/em>. Lisboa: Lusomundo, 1988.<\/p>\n<p>Coutinho, Afr\u00e2nio, J. Galante de Sousa, eds. <em>Enciclop\u00e9dia de Literatura Brasileira<\/em>. Vol. 1. Rio de Janeiro: Minist\u00e9rio da Educa\u00e7ao, 1990. 526.<\/p>\n<p>Erse, Armando. \u201cCarmen Dolores\u201d. <em>Elogios<\/em>. Porto: Renascen\u00e7a, 1916. 63-70.<\/p>\n<p>Felix, Regina R. <em>Sedu\u00e7\u00e3o e hero\u00edsmo<\/em>. Ilha de Santa Catarina: Editora Mulheres, 2007: 75-130.<\/p>\n<p>Lopes, Maria Ang\u00e9lica. \u201cCarmen Dolores: Jornalismo, literatura e feminismo na Bela \u00c9poca brasileira\u201d. <em>Luso-Brazilian Review <\/em>26.2 (1989): 75-85.<\/p>\n<p>&#8212;. \u201cO crime da Galeria Cristal em 1909. A jornalisa como \u00e1rbitro\u201d. <em>Travessia<\/em> (Revista do Curso de p\u00f3s-gradua\u00e7\u00e3o em Letras da UFSC) (1992): 167-77.<\/p>\n<p>&#8212;. \u201cDesafio materno. A luta de Carmen Dolores\u201d. <em>A luta<\/em>. Florian\u00f3polis: Editora Mulheres, 2001.<\/p>\n<p>Magalh\u00e3es, J\u00fanior, Raimundo. \u201cCarmen Dolores\u201d. <em>O conto femenino<\/em>. Rio de Janeiro: Civiliza\u00e7\u00e3o Brasileira, 1959. 33-48.<\/p>\n<p>Pereira, L\u00facia Miguel. <em>Hist\u00f3ria da literature Brasileira. Prosa de fic\u00e7\u00e3o (de 1870 a 1920)<\/em>. Rio de Janeiro: Jos\u00e9 Olympio, 1957. 138-39.<\/p>\n<p>&nbsp;<\/p>\n<p><a href=\"https:\/\/eladd.org\/wp-content\/uploads\/2014\/02\/logo-footer-2.png\"><img loading=\"lazy\" decoding=\"async\" class=\"aligncenter size-full wp-image-608\" src=\"https:\/\/eladd.org\/wp-content\/uploads\/2014\/02\/logo-footer-2.png\" alt=\"logo-footer-2\" width=\"260\" height=\"70\" \/><\/a>[\/vc_column_text][vc_single_image image=&#8221;660&#8243; alignment=&#8221;center&#8221; css=&#8221;.vc_custom_1446670823436{margin-top: 35px !important;}&#8221;][\/vc_column][\/vc_row]\n<\/div>","protected":false},"excerpt":{"rendered":"<p>[vc_row full_width=&rdquo;stretch_row&rdquo; tablet_fullwidth_cols=&rdquo;&rdquo; bg_style=&rdquo;repeat&rdquo; css=&rdquo;.vc_custom_1762918226363{background-position: 0 0 !important;background-repeat: repeat !important;}&rdquo;][vc_column][vc_column_text el_class=&rdquo;autoras__titulo&rdquo;] Emilia Moncorvo Bandeira de Melo (1852-1910) [\/vc_column_text][\/vc_column][\/vc_row][vc_row full_width=&rdquo;stretch_row&rdquo; el_id=&rdquo;cuerpo&rdquo; css=&rdquo;.vc_custom_1762918233426{background-position: center !important;background-repeat: no-repeat !important;background-size: cover !important;}&rdquo;][vc_column][vc_column_text el_class=&rdquo;autoras__texto&rdquo;]Emilia Moncorvo Bandeira de Melo (Brasil, 1852-1910) Pseudonym: Carmen Dolores Author&rsquo;s Works: Original&hellip;<\/p>\n","protected":false},"author":3,"featured_media":0,"parent":98,"menu_order":0,"comment_status":"closed","ping_status":"closed","template":"","meta":{"footnotes":""},"class_list":["post-357","page","type-page","status-publish","hentry","entry","no-media"],"yoast_head":"<!-- This site is optimized with the Yoast SEO plugin v26.1.1 - https:\/\/yoast.com\/wordpress\/plugins\/seo\/ -->\n<title>Emilia Moncorvo Bandeira de Melo - Eladd En<\/title>\n<meta name=\"robots\" content=\"index, follow, max-snippet:-1, max-image-preview:large, max-video-preview:-1\" \/>\n<link rel=\"canonical\" href=\"https:\/\/eladd.org\/en\/other-authors\/emilia-moncorvo-bandeira-de-melo\/\" \/>\n<meta property=\"og:locale\" content=\"en_US\" \/>\n<meta property=\"og:type\" content=\"article\" \/>\n<meta property=\"og:title\" content=\"Emilia Moncorvo Bandeira de Melo - Eladd En\" \/>\n<meta property=\"og:description\" content=\"[vc_row full_width=&rdquo;stretch_row&rdquo; tablet_fullwidth_cols=&rdquo;&rdquo; bg_style=&rdquo;repeat&rdquo; css=&rdquo;.vc_custom_1762918226363{background-position: 0 0 !important;background-repeat: repeat !important;}&rdquo;][vc_column][vc_column_text el_class=&rdquo;autoras__titulo&rdquo;] Emilia Moncorvo Bandeira de Melo (1852-1910) [\/vc_column_text][\/vc_column][\/vc_row][vc_row full_width=&rdquo;stretch_row&rdquo; el_id=&rdquo;cuerpo&rdquo; css=&rdquo;.vc_custom_1762918233426{background-position: center !important;background-repeat: no-repeat !important;background-size: cover !important;}&rdquo;][vc_column][vc_column_text el_class=&rdquo;autoras__texto&rdquo;]Emilia Moncorvo Bandeira de Melo (Brasil, 1852-1910) Pseudonym: Carmen Dolores Author&rsquo;s Works: Original&hellip;\" \/>\n<meta property=\"og:url\" content=\"https:\/\/eladd.org\/en\/other-authors\/emilia-moncorvo-bandeira-de-melo\/\" \/>\n<meta property=\"og:site_name\" content=\"Eladd En\" \/>\n<meta property=\"article:modified_time\" content=\"2025-11-12T03:30:38+00:00\" \/>\n<meta property=\"og:image\" content=\"https:\/\/eladd.org\/wp-content\/uploads\/2015\/03\/emilia-282x300.png\" \/>\n<meta name=\"twitter:card\" content=\"summary_large_image\" \/>\n<meta name=\"twitter:label1\" content=\"Est. reading time\" \/>\n\t<meta name=\"twitter:data1\" content=\"2 minutes\" \/>\n<script type=\"application\/ld+json\" class=\"yoast-schema-graph\">{\"@context\":\"https:\/\/schema.org\",\"@graph\":[{\"@type\":\"WebPage\",\"@id\":\"https:\/\/eladd.org\/en\/other-authors\/emilia-moncorvo-bandeira-de-melo\/\",\"url\":\"https:\/\/eladd.org\/en\/other-authors\/emilia-moncorvo-bandeira-de-melo\/\",\"name\":\"Emilia Moncorvo Bandeira de Melo - Eladd En\",\"isPartOf\":{\"@id\":\"https:\/\/eladd.org\/en\/#website\"},\"primaryImageOfPage\":{\"@id\":\"https:\/\/eladd.org\/en\/other-authors\/emilia-moncorvo-bandeira-de-melo\/#primaryimage\"},\"image\":{\"@id\":\"https:\/\/eladd.org\/en\/other-authors\/emilia-moncorvo-bandeira-de-melo\/#primaryimage\"},\"thumbnailUrl\":\"https:\/\/eladd.org\/wp-content\/uploads\/2015\/03\/emilia-282x300.png\",\"datePublished\":\"2015-03-15T12:49:24+00:00\",\"dateModified\":\"2025-11-12T03:30:38+00:00\",\"breadcrumb\":{\"@id\":\"https:\/\/eladd.org\/en\/other-authors\/emilia-moncorvo-bandeira-de-melo\/#breadcrumb\"},\"inLanguage\":\"en-US\",\"potentialAction\":[{\"@type\":\"ReadAction\",\"target\":[\"https:\/\/eladd.org\/en\/other-authors\/emilia-moncorvo-bandeira-de-melo\/\"]}]},{\"@type\":\"ImageObject\",\"inLanguage\":\"en-US\",\"@id\":\"https:\/\/eladd.org\/en\/other-authors\/emilia-moncorvo-bandeira-de-melo\/#primaryimage\",\"url\":\"https:\/\/eladd.org\/wp-content\/uploads\/2015\/03\/emilia-282x300.png\",\"contentUrl\":\"https:\/\/eladd.org\/wp-content\/uploads\/2015\/03\/emilia-282x300.png\"},{\"@type\":\"BreadcrumbList\",\"@id\":\"https:\/\/eladd.org\/en\/other-authors\/emilia-moncorvo-bandeira-de-melo\/#breadcrumb\",\"itemListElement\":[{\"@type\":\"ListItem\",\"position\":1,\"name\":\"Home\",\"item\":\"https:\/\/eladd.org\/en\/\"},{\"@type\":\"ListItem\",\"position\":2,\"name\":\"Other Authors\",\"item\":\"https:\/\/eladd.org\/en\/other-authors\/\"},{\"@type\":\"ListItem\",\"position\":3,\"name\":\"Emilia Moncorvo Bandeira de Melo\"}]},{\"@type\":\"WebSite\",\"@id\":\"https:\/\/eladd.org\/en\/#website\",\"url\":\"https:\/\/eladd.org\/en\/\",\"name\":\"Eladd En\",\"description\":\"Ninteenth-Century Latin American Women Writers\",\"publisher\":{\"@id\":\"https:\/\/eladd.org\/en\/#organization\"},\"potentialAction\":[{\"@type\":\"SearchAction\",\"target\":{\"@type\":\"EntryPoint\",\"urlTemplate\":\"https:\/\/eladd.org\/en\/?s={search_term_string}\"},\"query-input\":{\"@type\":\"PropertyValueSpecification\",\"valueRequired\":true,\"valueName\":\"search_term_string\"}}],\"inLanguage\":\"en-US\"},{\"@type\":\"Organization\",\"@id\":\"https:\/\/eladd.org\/en\/#organization\",\"name\":\"Eladd En\",\"url\":\"https:\/\/eladd.org\/en\/\",\"logo\":{\"@type\":\"ImageObject\",\"inLanguage\":\"en-US\",\"@id\":\"https:\/\/eladd.org\/en\/#\/schema\/logo\/image\/\",\"url\":\"https:\/\/eladd.org\/en\/wp-content\/uploads\/sites\/2\/2025\/07\/logo-eladd.png\",\"contentUrl\":\"https:\/\/eladd.org\/en\/wp-content\/uploads\/sites\/2\/2025\/07\/logo-eladd.png\",\"width\":324,\"height\":77,\"caption\":\"Eladd En\"},\"image\":{\"@id\":\"https:\/\/eladd.org\/en\/#\/schema\/logo\/image\/\"}}]}<\/script>\n<!-- \/ Yoast SEO plugin. -->","yoast_head_json":{"title":"Emilia Moncorvo Bandeira de Melo - Eladd En","robots":{"index":"index","follow":"follow","max-snippet":"max-snippet:-1","max-image-preview":"max-image-preview:large","max-video-preview":"max-video-preview:-1"},"canonical":"https:\/\/eladd.org\/en\/other-authors\/emilia-moncorvo-bandeira-de-melo\/","og_locale":"en_US","og_type":"article","og_title":"Emilia Moncorvo Bandeira de Melo - Eladd En","og_description":"[vc_row full_width=&rdquo;stretch_row&rdquo; tablet_fullwidth_cols=&rdquo;&rdquo; bg_style=&rdquo;repeat&rdquo; css=&rdquo;.vc_custom_1762918226363{background-position: 0 0 !important;background-repeat: repeat !important;}&rdquo;][vc_column][vc_column_text el_class=&rdquo;autoras__titulo&rdquo;] Emilia Moncorvo Bandeira de Melo (1852-1910) [\/vc_column_text][\/vc_column][\/vc_row][vc_row full_width=&rdquo;stretch_row&rdquo; el_id=&rdquo;cuerpo&rdquo; css=&rdquo;.vc_custom_1762918233426{background-position: center !important;background-repeat: no-repeat !important;background-size: cover !important;}&rdquo;][vc_column][vc_column_text el_class=&rdquo;autoras__texto&rdquo;]Emilia Moncorvo Bandeira de Melo (Brasil, 1852-1910) Pseudonym: Carmen Dolores Author&rsquo;s Works: Original&hellip;","og_url":"https:\/\/eladd.org\/en\/other-authors\/emilia-moncorvo-bandeira-de-melo\/","og_site_name":"Eladd En","article_modified_time":"2025-11-12T03:30:38+00:00","og_image":[{"url":"https:\/\/eladd.org\/wp-content\/uploads\/2015\/03\/emilia-282x300.png","type":"","width":"","height":""}],"twitter_card":"summary_large_image","twitter_misc":{"Est. reading time":"2 minutes"},"schema":{"@context":"https:\/\/schema.org","@graph":[{"@type":"WebPage","@id":"https:\/\/eladd.org\/en\/other-authors\/emilia-moncorvo-bandeira-de-melo\/","url":"https:\/\/eladd.org\/en\/other-authors\/emilia-moncorvo-bandeira-de-melo\/","name":"Emilia Moncorvo Bandeira de Melo - Eladd En","isPartOf":{"@id":"https:\/\/eladd.org\/en\/#website"},"primaryImageOfPage":{"@id":"https:\/\/eladd.org\/en\/other-authors\/emilia-moncorvo-bandeira-de-melo\/#primaryimage"},"image":{"@id":"https:\/\/eladd.org\/en\/other-authors\/emilia-moncorvo-bandeira-de-melo\/#primaryimage"},"thumbnailUrl":"https:\/\/eladd.org\/wp-content\/uploads\/2015\/03\/emilia-282x300.png","datePublished":"2015-03-15T12:49:24+00:00","dateModified":"2025-11-12T03:30:38+00:00","breadcrumb":{"@id":"https:\/\/eladd.org\/en\/other-authors\/emilia-moncorvo-bandeira-de-melo\/#breadcrumb"},"inLanguage":"en-US","potentialAction":[{"@type":"ReadAction","target":["https:\/\/eladd.org\/en\/other-authors\/emilia-moncorvo-bandeira-de-melo\/"]}]},{"@type":"ImageObject","inLanguage":"en-US","@id":"https:\/\/eladd.org\/en\/other-authors\/emilia-moncorvo-bandeira-de-melo\/#primaryimage","url":"https:\/\/eladd.org\/wp-content\/uploads\/2015\/03\/emilia-282x300.png","contentUrl":"https:\/\/eladd.org\/wp-content\/uploads\/2015\/03\/emilia-282x300.png"},{"@type":"BreadcrumbList","@id":"https:\/\/eladd.org\/en\/other-authors\/emilia-moncorvo-bandeira-de-melo\/#breadcrumb","itemListElement":[{"@type":"ListItem","position":1,"name":"Home","item":"https:\/\/eladd.org\/en\/"},{"@type":"ListItem","position":2,"name":"Other Authors","item":"https:\/\/eladd.org\/en\/other-authors\/"},{"@type":"ListItem","position":3,"name":"Emilia Moncorvo Bandeira de Melo"}]},{"@type":"WebSite","@id":"https:\/\/eladd.org\/en\/#website","url":"https:\/\/eladd.org\/en\/","name":"Eladd En","description":"Ninteenth-Century Latin American Women Writers","publisher":{"@id":"https:\/\/eladd.org\/en\/#organization"},"potentialAction":[{"@type":"SearchAction","target":{"@type":"EntryPoint","urlTemplate":"https:\/\/eladd.org\/en\/?s={search_term_string}"},"query-input":{"@type":"PropertyValueSpecification","valueRequired":true,"valueName":"search_term_string"}}],"inLanguage":"en-US"},{"@type":"Organization","@id":"https:\/\/eladd.org\/en\/#organization","name":"Eladd En","url":"https:\/\/eladd.org\/en\/","logo":{"@type":"ImageObject","inLanguage":"en-US","@id":"https:\/\/eladd.org\/en\/#\/schema\/logo\/image\/","url":"https:\/\/eladd.org\/en\/wp-content\/uploads\/sites\/2\/2025\/07\/logo-eladd.png","contentUrl":"https:\/\/eladd.org\/en\/wp-content\/uploads\/sites\/2\/2025\/07\/logo-eladd.png","width":324,"height":77,"caption":"Eladd En"},"image":{"@id":"https:\/\/eladd.org\/en\/#\/schema\/logo\/image\/"}}]}},"_links":{"self":[{"href":"https:\/\/eladd.org\/en\/wp-json\/wp\/v2\/pages\/357","targetHints":{"allow":["GET"]}}],"collection":[{"href":"https:\/\/eladd.org\/en\/wp-json\/wp\/v2\/pages"}],"about":[{"href":"https:\/\/eladd.org\/en\/wp-json\/wp\/v2\/types\/page"}],"author":[{"embeddable":true,"href":"https:\/\/eladd.org\/en\/wp-json\/wp\/v2\/users\/3"}],"replies":[{"embeddable":true,"href":"https:\/\/eladd.org\/en\/wp-json\/wp\/v2\/comments?post=357"}],"version-history":[{"count":6,"href":"https:\/\/eladd.org\/en\/wp-json\/wp\/v2\/pages\/357\/revisions"}],"predecessor-version":[{"id":24791,"href":"https:\/\/eladd.org\/en\/wp-json\/wp\/v2\/pages\/357\/revisions\/24791"}],"up":[{"embeddable":true,"href":"https:\/\/eladd.org\/en\/wp-json\/wp\/v2\/pages\/98"}],"wp:attachment":[{"href":"https:\/\/eladd.org\/en\/wp-json\/wp\/v2\/media?parent=357"}],"curies":[{"name":"wp","href":"https:\/\/api.w.org\/{rel}","templated":true}]}}