{"id":365,"date":"2015-03-15T13:20:36","date_gmt":"2015-03-15T13:20:36","guid":{"rendered":"https:\/\/eladd.org\/en\/?page_id=365"},"modified":"2025-11-12T03:31:47","modified_gmt":"2025-11-12T03:31:47","slug":"sofia-estevez-y-vales-de-rodriguez","status":"publish","type":"page","link":"https:\/\/eladd.org\/en\/other-authors\/sofia-estevez-y-vales-de-rodriguez\/","title":{"rendered":"Sof\u00eda Est\u00e9vez y Vales de Rodr\u00edguez"},"content":{"rendered":"<div class=\"wpb-content-wrapper\">[vc_row full_width=&#8221;stretch_row&#8221; tablet_fullwidth_cols=&#8221;&#8221; bg_style=&#8221;repeat&#8221; css=&#8221;.vc_custom_1762918296139{background-position: 0 0 !important;background-repeat: repeat !important;}&#8221;][vc_column][vc_column_text el_class=&#8221;autoras__titulo&#8221;]\n<h2 style=\"text-align: center;\">Sof\u00eda Est\u00e9vez y Vales de Rodr\u00edguez<\/h2>\n<p style=\"text-align: center;\">(1848-1901)<br \/>\n<img loading=\"lazy\" decoding=\"async\" class=\"size-full wp-image-1816 aligncenter\" src=\"\/\/eladd.org\/wp-content\/uploads\/2015\/09\/icon-space.png\" alt=\"icon-space\" width=\"150\" height=\"8\" \/>[\/vc_column_text][\/vc_column][\/vc_row][vc_row full_width=&#8221;stretch_row&#8221; el_id=&#8221;cuerpo&#8221; css=&#8221;.vc_custom_1762918303259{background-position: center !important;background-repeat: no-repeat !important;background-size: cover !important;}&#8221;][vc_column][vc_column_text el_class=&#8221;autoras__texto&#8221;]<strong>Sof\u00eda Est\u00e9vez y Vales de Rodr\u00edguez (Cuba, 1848-1901)<\/strong><\/p>\n<p><strong>Also known as: Sof\u00eda Est\u00e9nez y Vals\u00e9s de Rodr\u00edguez, Sof\u00eda Est\u00e9vez de Rodr\u00edguez, Sof\u00eda Est\u00e9vez, Sof\u00eda Est\u00e9vez Vald\u00e9s,<br \/>\nSof\u00eda Est\u00e9vez y Vald\u00e9s, Sof\u00eda Est\u00e9vez y Vald\u00e9s de Rodr\u00edguez<\/strong><br \/>\n<a href=\"https:\/\/eladd.org\/wp-content\/uploads\/2015\/02\/Salom\u00e9.png\"><img loading=\"lazy\" decoding=\"async\" class=\"size-medium wp-image-870 alignright\" src=\"https:\/\/eladd.org\/wp-content\/uploads\/2015\/02\/Salom\u00e9-300x298.png\" alt=\"Salom\u00e9\" width=\"300\" height=\"298\" \/><\/a><br \/>\n<strong>Author\u2019s Works: Original and Edited (Works are listed in chronological order)<\/strong><br \/>\n(1875). <em>L\u00e1grimas y sonrisas<\/em>. La Habana: La Viuda de Barcina.<\/p>\n<p>(1906). \u201cSoneto.\u201d Ed. Adri\u00e1n del Valle. <em>El parnaso cubano<\/em>. Barcelona: Maucci, 1906. 65.<\/p>\n<p>(1913). Ed. Antonio Gonz\u00e1lez Curquejo. <em>Florilegio de escritoras cubanas<\/em>. Vol. 2. La Habana: Aurelio Miranda. 41-48.<\/p>\n<p>(1926). Ed. Domitila de Garc\u00eda de Coronado. <em>\u00c1lbum po\u00e9tico-fotogr\u00e1fico de escritoras poetisas cubanas, escrito en 1868 para la se\u00f1ora Do\u00f1a Gertrudis G\u00f3mez de Avellaneda<\/em>. La Habana: Imprenta de El F\u00edgaro. 177-180.<\/p>\n<p>(1928). \u201cA mi madre.\u201d Ed. Jos\u00e9 Manuel Carbonell y Rivero. <em>La poes\u00eda l\u00edrica en Cuba<\/em>. Tomo 4. La Habana: Imprenta El Siglo XX. 134-135.<\/p>\n<p>(1985). \u201cLa vida es amor; memorias.\u201d Ed. Alberto Rocasolano. <em>Poetisas cubanas<\/em>. La Habana: Letras Cubanas. 122-123.<\/p>\n<p>&nbsp;<\/p>\n<p><strong>Critical Works (Reference Materials, Books, Book Chapters, Journal Articles, Encyclopedias, Theses\/Dissertations, Media and Internet Sources) <\/strong><\/p>\n<p>Calcagno, Francisco. <em>Diccionario biogr\u00e1fico cubano<\/em>. Nueva York: N. Ponce de Le\u00f3n, 1878. 267-268.<\/p>\n<p>Carbonell y Rivero, Jos\u00e9 Manuel. \u201cSof\u00eda Est\u00e9vez y Vald\u00e9s de Rodr\u00edguez (1848-1901).\u201d <em>La poes\u00eda l\u00edrica en Cuba<\/em>. Tomo 4. La Habana: Imprenta El Siglo XX, 1928. 132-133.<\/p>\n<p>Colberg, Carmen Elisa. <em>Esquema hist\u00f3rico-biogr\u00e1fico de la literatura antillana femenina en el siglo XIX<\/em>. Diss. The University of North Carolina at Chapel Hill, 1989. Ann Arbor: ProQuest\/UMI, 1989. 97.<\/p>\n<p>Garc\u00eda de Coronado, Domitila. \u201cSof\u00eda Est\u00e9vez y Vald\u00e9s de Rodr\u00edguez.\u201d <em>\u00c1lbum po\u00e9tico-fotogr\u00e1fico de escritoras poetisas cubanas, escrito en 1868 para la se\u00f1ora Do\u00f1a Gertrudis G\u00f3mez de Avellaneda<\/em>. La Habana: Imprenta de El F\u00edgaro, 1926. 175-177.<\/p>\n<p>Gonz\u00e1lez Curquejo, Antonio, ed. <em>Florilegio de escritoras cubanas<\/em>. Tomo 2. La Habana: Aurelio Miranda, 1913. 37-39.<\/p>\n<p>Henriquez Ure\u00f1a, Max. <em>Panorama hist\u00f3rico de la literatura cubana<\/em>. Nueva York: Las Am\u00e9ricas, 1963. 183, 338.<\/p>\n<p>Lazo, Rodrigo. <em>Writing to Cuba: Filibustering and Cuban Exiles in the United States<\/em>. Chapel Hill: University of North Carolina Press, 2005. 118, 215.<\/p>\n<p>Portuondo Valdor, Jos\u00e9 Antonio, ed. <em>Historia de la literatura cubana. La colonia: desde los or\u00edgenes hasta 1898<\/em>. Vol 1. La Habana: Letras Cubanas, 2002. 246, 505, 506, 510.<\/p>\n<p>Stoner, Lynn K. and Luis Hip\u00f3lito Serrano P\u00e9rez, eds. <em>Cuban and Cuban-American Women: An Annotated Bibliography<\/em>. Wilmington: Scholarly Resources Inc., 2000. 10.<\/p>\n<p><a href=\"https:\/\/eladd.org\/wp-content\/uploads\/2014\/02\/logo-footer-2.png\"><img loading=\"lazy\" decoding=\"async\" class=\"aligncenter size-full wp-image-608\" src=\"https:\/\/eladd.org\/wp-content\/uploads\/2014\/02\/logo-footer-2.png\" alt=\"logo-footer-2\" width=\"260\" height=\"70\" \/><\/a>[\/vc_column_text][vc_single_image image=&#8221;660&#8243; alignment=&#8221;center&#8221; css=&#8221;.vc_custom_1446670823436{margin-top: 35px !important;}&#8221;][\/vc_column][\/vc_row]\n<\/div>","protected":false},"excerpt":{"rendered":"<p>[vc_row full_width=&rdquo;stretch_row&rdquo; tablet_fullwidth_cols=&rdquo;&rdquo; bg_style=&rdquo;repeat&rdquo; css=&rdquo;.vc_custom_1762918296139{background-position: 0 0 !important;background-repeat: repeat !important;}&rdquo;][vc_column][vc_column_text el_class=&rdquo;autoras__titulo&rdquo;] Sof&iacute;a Est&eacute;vez y Vales de Rodr&iacute;guez (1848-1901) [\/vc_column_text][\/vc_column][\/vc_row][vc_row full_width=&rdquo;stretch_row&rdquo; el_id=&rdquo;cuerpo&rdquo; css=&rdquo;.vc_custom_1762918303259{background-position: center !important;background-repeat: no-repeat !important;background-size: cover !important;}&rdquo;][vc_column][vc_column_text el_class=&rdquo;autoras__texto&rdquo;]Sof&iacute;a Est&eacute;vez y Vales de Rodr&iacute;guez (Cuba, 1848-1901) Also known as: Sof&iacute;a&hellip;<\/p>\n","protected":false},"author":3,"featured_media":0,"parent":98,"menu_order":0,"comment_status":"closed","ping_status":"closed","template":"","meta":{"footnotes":""},"class_list":["post-365","page","type-page","status-publish","hentry","entry","no-media"],"yoast_head":"<!-- This site is optimized with the Yoast SEO plugin v26.1.1 - https:\/\/yoast.com\/wordpress\/plugins\/seo\/ -->\n<title>Sof\u00eda Est\u00e9vez y Vales de Rodr\u00edguez - Eladd En<\/title>\n<meta name=\"robots\" content=\"index, follow, max-snippet:-1, max-image-preview:large, max-video-preview:-1\" \/>\n<link rel=\"canonical\" href=\"https:\/\/eladd.org\/en\/other-authors\/sofia-estevez-y-vales-de-rodriguez\/\" \/>\n<meta property=\"og:locale\" content=\"en_US\" \/>\n<meta property=\"og:type\" content=\"article\" \/>\n<meta property=\"og:title\" content=\"Sof\u00eda Est\u00e9vez y Vales de Rodr\u00edguez - Eladd En\" \/>\n<meta property=\"og:description\" content=\"[vc_row full_width=&rdquo;stretch_row&rdquo; tablet_fullwidth_cols=&rdquo;&rdquo; bg_style=&rdquo;repeat&rdquo; css=&rdquo;.vc_custom_1762918296139{background-position: 0 0 !important;background-repeat: repeat !important;}&rdquo;][vc_column][vc_column_text el_class=&rdquo;autoras__titulo&rdquo;] Sof&iacute;a Est&eacute;vez y Vales de Rodr&iacute;guez (1848-1901) [\/vc_column_text][\/vc_column][\/vc_row][vc_row full_width=&rdquo;stretch_row&rdquo; el_id=&rdquo;cuerpo&rdquo; css=&rdquo;.vc_custom_1762918303259{background-position: center !important;background-repeat: no-repeat !important;background-size: cover !important;}&rdquo;][vc_column][vc_column_text el_class=&rdquo;autoras__texto&rdquo;]Sof&iacute;a Est&eacute;vez y Vales de Rodr&iacute;guez (Cuba, 1848-1901) Also known as: Sof&iacute;a&hellip;\" \/>\n<meta property=\"og:url\" content=\"https:\/\/eladd.org\/en\/other-authors\/sofia-estevez-y-vales-de-rodriguez\/\" \/>\n<meta property=\"og:site_name\" content=\"Eladd En\" \/>\n<meta property=\"article:modified_time\" content=\"2025-11-12T03:31:47+00:00\" \/>\n<meta property=\"og:image\" content=\"https:\/\/eladd.org\/wp-content\/uploads\/2014\/02\/logo-footer-2.png\" \/>\n<meta name=\"twitter:card\" content=\"summary_large_image\" \/>\n<meta name=\"twitter:label1\" content=\"Est. reading time\" \/>\n\t<meta name=\"twitter:data1\" content=\"3 minutes\" \/>\n<script type=\"application\/ld+json\" class=\"yoast-schema-graph\">{\"@context\":\"https:\/\/schema.org\",\"@graph\":[{\"@type\":\"WebPage\",\"@id\":\"https:\/\/eladd.org\/en\/other-authors\/sofia-estevez-y-vales-de-rodriguez\/\",\"url\":\"https:\/\/eladd.org\/en\/other-authors\/sofia-estevez-y-vales-de-rodriguez\/\",\"name\":\"Sof\u00eda Est\u00e9vez y Vales de Rodr\u00edguez - Eladd En\",\"isPartOf\":{\"@id\":\"https:\/\/eladd.org\/en\/#website\"},\"primaryImageOfPage\":{\"@id\":\"https:\/\/eladd.org\/en\/other-authors\/sofia-estevez-y-vales-de-rodriguez\/#primaryimage\"},\"image\":{\"@id\":\"https:\/\/eladd.org\/en\/other-authors\/sofia-estevez-y-vales-de-rodriguez\/#primaryimage\"},\"thumbnailUrl\":\"https:\/\/eladd.org\/wp-content\/uploads\/2014\/02\/logo-footer-2.png\",\"datePublished\":\"2015-03-15T13:20:36+00:00\",\"dateModified\":\"2025-11-12T03:31:47+00:00\",\"breadcrumb\":{\"@id\":\"https:\/\/eladd.org\/en\/other-authors\/sofia-estevez-y-vales-de-rodriguez\/#breadcrumb\"},\"inLanguage\":\"en-US\",\"potentialAction\":[{\"@type\":\"ReadAction\",\"target\":[\"https:\/\/eladd.org\/en\/other-authors\/sofia-estevez-y-vales-de-rodriguez\/\"]}]},{\"@type\":\"ImageObject\",\"inLanguage\":\"en-US\",\"@id\":\"https:\/\/eladd.org\/en\/other-authors\/sofia-estevez-y-vales-de-rodriguez\/#primaryimage\",\"url\":\"https:\/\/eladd.org\/wp-content\/uploads\/2014\/02\/logo-footer-2.png\",\"contentUrl\":\"https:\/\/eladd.org\/wp-content\/uploads\/2014\/02\/logo-footer-2.png\"},{\"@type\":\"BreadcrumbList\",\"@id\":\"https:\/\/eladd.org\/en\/other-authors\/sofia-estevez-y-vales-de-rodriguez\/#breadcrumb\",\"itemListElement\":[{\"@type\":\"ListItem\",\"position\":1,\"name\":\"Home\",\"item\":\"https:\/\/eladd.org\/en\/\"},{\"@type\":\"ListItem\",\"position\":2,\"name\":\"Other Authors\",\"item\":\"https:\/\/eladd.org\/en\/other-authors\/\"},{\"@type\":\"ListItem\",\"position\":3,\"name\":\"Sof\u00eda Est\u00e9vez y Vales de Rodr\u00edguez\"}]},{\"@type\":\"WebSite\",\"@id\":\"https:\/\/eladd.org\/en\/#website\",\"url\":\"https:\/\/eladd.org\/en\/\",\"name\":\"Eladd En\",\"description\":\"Ninteenth-Century Latin American Women Writers\",\"publisher\":{\"@id\":\"https:\/\/eladd.org\/en\/#organization\"},\"potentialAction\":[{\"@type\":\"SearchAction\",\"target\":{\"@type\":\"EntryPoint\",\"urlTemplate\":\"https:\/\/eladd.org\/en\/?s={search_term_string}\"},\"query-input\":{\"@type\":\"PropertyValueSpecification\",\"valueRequired\":true,\"valueName\":\"search_term_string\"}}],\"inLanguage\":\"en-US\"},{\"@type\":\"Organization\",\"@id\":\"https:\/\/eladd.org\/en\/#organization\",\"name\":\"Eladd En\",\"url\":\"https:\/\/eladd.org\/en\/\",\"logo\":{\"@type\":\"ImageObject\",\"inLanguage\":\"en-US\",\"@id\":\"https:\/\/eladd.org\/en\/#\/schema\/logo\/image\/\",\"url\":\"https:\/\/eladd.org\/en\/wp-content\/uploads\/sites\/2\/2025\/07\/logo-eladd.png\",\"contentUrl\":\"https:\/\/eladd.org\/en\/wp-content\/uploads\/sites\/2\/2025\/07\/logo-eladd.png\",\"width\":324,\"height\":77,\"caption\":\"Eladd En\"},\"image\":{\"@id\":\"https:\/\/eladd.org\/en\/#\/schema\/logo\/image\/\"}}]}<\/script>\n<!-- \/ Yoast SEO plugin. -->","yoast_head_json":{"title":"Sof\u00eda Est\u00e9vez y Vales de Rodr\u00edguez - Eladd En","robots":{"index":"index","follow":"follow","max-snippet":"max-snippet:-1","max-image-preview":"max-image-preview:large","max-video-preview":"max-video-preview:-1"},"canonical":"https:\/\/eladd.org\/en\/other-authors\/sofia-estevez-y-vales-de-rodriguez\/","og_locale":"en_US","og_type":"article","og_title":"Sof\u00eda Est\u00e9vez y Vales de Rodr\u00edguez - Eladd En","og_description":"[vc_row full_width=&rdquo;stretch_row&rdquo; tablet_fullwidth_cols=&rdquo;&rdquo; bg_style=&rdquo;repeat&rdquo; css=&rdquo;.vc_custom_1762918296139{background-position: 0 0 !important;background-repeat: repeat !important;}&rdquo;][vc_column][vc_column_text el_class=&rdquo;autoras__titulo&rdquo;] Sof&iacute;a Est&eacute;vez y Vales de Rodr&iacute;guez (1848-1901) [\/vc_column_text][\/vc_column][\/vc_row][vc_row full_width=&rdquo;stretch_row&rdquo; el_id=&rdquo;cuerpo&rdquo; css=&rdquo;.vc_custom_1762918303259{background-position: center !important;background-repeat: no-repeat !important;background-size: cover !important;}&rdquo;][vc_column][vc_column_text el_class=&rdquo;autoras__texto&rdquo;]Sof&iacute;a Est&eacute;vez y Vales de Rodr&iacute;guez (Cuba, 1848-1901) Also known as: Sof&iacute;a&hellip;","og_url":"https:\/\/eladd.org\/en\/other-authors\/sofia-estevez-y-vales-de-rodriguez\/","og_site_name":"Eladd En","article_modified_time":"2025-11-12T03:31:47+00:00","og_image":[{"url":"https:\/\/eladd.org\/wp-content\/uploads\/2014\/02\/logo-footer-2.png","type":"","width":"","height":""}],"twitter_card":"summary_large_image","twitter_misc":{"Est. reading time":"3 minutes"},"schema":{"@context":"https:\/\/schema.org","@graph":[{"@type":"WebPage","@id":"https:\/\/eladd.org\/en\/other-authors\/sofia-estevez-y-vales-de-rodriguez\/","url":"https:\/\/eladd.org\/en\/other-authors\/sofia-estevez-y-vales-de-rodriguez\/","name":"Sof\u00eda Est\u00e9vez y Vales de Rodr\u00edguez - Eladd En","isPartOf":{"@id":"https:\/\/eladd.org\/en\/#website"},"primaryImageOfPage":{"@id":"https:\/\/eladd.org\/en\/other-authors\/sofia-estevez-y-vales-de-rodriguez\/#primaryimage"},"image":{"@id":"https:\/\/eladd.org\/en\/other-authors\/sofia-estevez-y-vales-de-rodriguez\/#primaryimage"},"thumbnailUrl":"https:\/\/eladd.org\/wp-content\/uploads\/2014\/02\/logo-footer-2.png","datePublished":"2015-03-15T13:20:36+00:00","dateModified":"2025-11-12T03:31:47+00:00","breadcrumb":{"@id":"https:\/\/eladd.org\/en\/other-authors\/sofia-estevez-y-vales-de-rodriguez\/#breadcrumb"},"inLanguage":"en-US","potentialAction":[{"@type":"ReadAction","target":["https:\/\/eladd.org\/en\/other-authors\/sofia-estevez-y-vales-de-rodriguez\/"]}]},{"@type":"ImageObject","inLanguage":"en-US","@id":"https:\/\/eladd.org\/en\/other-authors\/sofia-estevez-y-vales-de-rodriguez\/#primaryimage","url":"https:\/\/eladd.org\/wp-content\/uploads\/2014\/02\/logo-footer-2.png","contentUrl":"https:\/\/eladd.org\/wp-content\/uploads\/2014\/02\/logo-footer-2.png"},{"@type":"BreadcrumbList","@id":"https:\/\/eladd.org\/en\/other-authors\/sofia-estevez-y-vales-de-rodriguez\/#breadcrumb","itemListElement":[{"@type":"ListItem","position":1,"name":"Home","item":"https:\/\/eladd.org\/en\/"},{"@type":"ListItem","position":2,"name":"Other Authors","item":"https:\/\/eladd.org\/en\/other-authors\/"},{"@type":"ListItem","position":3,"name":"Sof\u00eda Est\u00e9vez y Vales de Rodr\u00edguez"}]},{"@type":"WebSite","@id":"https:\/\/eladd.org\/en\/#website","url":"https:\/\/eladd.org\/en\/","name":"Eladd En","description":"Ninteenth-Century Latin American Women Writers","publisher":{"@id":"https:\/\/eladd.org\/en\/#organization"},"potentialAction":[{"@type":"SearchAction","target":{"@type":"EntryPoint","urlTemplate":"https:\/\/eladd.org\/en\/?s={search_term_string}"},"query-input":{"@type":"PropertyValueSpecification","valueRequired":true,"valueName":"search_term_string"}}],"inLanguage":"en-US"},{"@type":"Organization","@id":"https:\/\/eladd.org\/en\/#organization","name":"Eladd En","url":"https:\/\/eladd.org\/en\/","logo":{"@type":"ImageObject","inLanguage":"en-US","@id":"https:\/\/eladd.org\/en\/#\/schema\/logo\/image\/","url":"https:\/\/eladd.org\/en\/wp-content\/uploads\/sites\/2\/2025\/07\/logo-eladd.png","contentUrl":"https:\/\/eladd.org\/en\/wp-content\/uploads\/sites\/2\/2025\/07\/logo-eladd.png","width":324,"height":77,"caption":"Eladd En"},"image":{"@id":"https:\/\/eladd.org\/en\/#\/schema\/logo\/image\/"}}]}},"_links":{"self":[{"href":"https:\/\/eladd.org\/en\/wp-json\/wp\/v2\/pages\/365","targetHints":{"allow":["GET"]}}],"collection":[{"href":"https:\/\/eladd.org\/en\/wp-json\/wp\/v2\/pages"}],"about":[{"href":"https:\/\/eladd.org\/en\/wp-json\/wp\/v2\/types\/page"}],"author":[{"embeddable":true,"href":"https:\/\/eladd.org\/en\/wp-json\/wp\/v2\/users\/3"}],"replies":[{"embeddable":true,"href":"https:\/\/eladd.org\/en\/wp-json\/wp\/v2\/comments?post=365"}],"version-history":[{"count":6,"href":"https:\/\/eladd.org\/en\/wp-json\/wp\/v2\/pages\/365\/revisions"}],"predecessor-version":[{"id":24793,"href":"https:\/\/eladd.org\/en\/wp-json\/wp\/v2\/pages\/365\/revisions\/24793"}],"up":[{"embeddable":true,"href":"https:\/\/eladd.org\/en\/wp-json\/wp\/v2\/pages\/98"}],"wp:attachment":[{"href":"https:\/\/eladd.org\/en\/wp-json\/wp\/v2\/media?parent=365"}],"curies":[{"name":"wp","href":"https:\/\/api.w.org\/{rel}","templated":true}]}}