{"id":370,"date":"2015-03-15T13:24:49","date_gmt":"2015-03-15T13:24:49","guid":{"rendered":"https:\/\/eladd.org\/en\/?page_id=370"},"modified":"2025-11-12T03:32:13","modified_gmt":"2025-11-12T03:32:13","slug":"carmen-eulate-sanjurjo","status":"publish","type":"page","link":"https:\/\/eladd.org\/en\/other-authors\/carmen-eulate-sanjurjo\/","title":{"rendered":"Carmen Eulate Sanjurjo"},"content":{"rendered":"<div class=\"wpb-content-wrapper\">[vc_row full_width=&#8221;stretch_row&#8221; tablet_fullwidth_cols=&#8221;&#8221; bg_style=&#8221;repeat&#8221; css=&#8221;.vc_custom_1762918322442{background-position: 0 0 !important;background-repeat: repeat !important;}&#8221;][vc_column][vc_column_text el_class=&#8221;autoras__titulo&#8221;]\n<h2 style=\"text-align: center;\">Carmen Eulate Sanjurjo<\/h2>\n<p style=\"text-align: center;\">(1871-1961)<br \/>\n<img loading=\"lazy\" decoding=\"async\" class=\"size-full wp-image-1816 aligncenter\" src=\"\/\/eladd.org\/wp-content\/uploads\/2015\/09\/icon-space.png\" alt=\"icon-space\" width=\"150\" height=\"8\" \/>[\/vc_column_text][\/vc_column][\/vc_row][vc_row full_width=&#8221;stretch_row&#8221; el_id=&#8221;cuerpo&#8221; css=&#8221;.vc_custom_1762918328858{background-position: center !important;background-repeat: no-repeat !important;background-size: cover !important;}&#8221;][vc_column][vc_column_text el_class=&#8221;autoras__texto&#8221;]<strong>Carmen Eulate Sanjurjo (Puerto Rico, 1871-1961)<\/strong><br \/>\n<strong>Also known as: Carmela Eulate Sanjurjo, Carmela Eulate-Sanjurjo<\/strong><br \/>\n<strong>Pseudonym: D\u00f3rida Mesenia<\/strong><br \/>\n<strong>(Puerto Rico, 1871-1961)<\/strong><\/p>\n<p><a href=\"https:\/\/eladd.org\/wp-content\/uploads\/2015\/02\/Untitled.png\"><img loading=\"lazy\" decoding=\"async\" class=\"size-medium wp-image-830 alignright\" src=\"https:\/\/eladd.org\/wp-content\/uploads\/2015\/02\/Untitled-225x300.png\" alt=\"Untitled\" width=\"225\" height=\"300\" \/><\/a><\/p>\n<div id=\"content-n\">\n<p><strong>Author\u2019s Works: Original and Edited (Works are listed in chronological order)<\/strong><\/p>\n<p>(1885). <em>La mu\u00f1eca<\/em>. R\u00edo Piedras: Editorial de la Universidad de Puerto Rico.<\/p>\n<p>&#8212;. eds. \u00c1ngel A. Aguirre and Loreina Santos Silva. San Juan: Instituto de Cultura Puertorrique\u00f1a, 1987.<\/p>\n<p>&#8212;. San Juan: Editorial del Instituto de Cultura Puertorrique\u00f1a, 1994.<\/p>\n<p>&#8212;, pr\u00f3l. \u00c1ngel Aguirre. Rio Piedras: Editorial de la Universidad de Puerto Rico, 2000.<\/p>\n<p>(1908). <em>Desilusi\u00f3n<\/em>. Sevilla: n.p.<\/p>\n<p>(1915). <em>La mujer en el arte<\/em>. Sevilla: Imp. de F. D\u00edaz.<\/p>\n<p>(1915). <em>La mujer en la historia<\/em>. Sevilla: F. D\u00edaz and C\u00eda.<\/p>\n<p>(1920). <em>C\u00e1ntigas de amor: traducciones del \u00e1rabe<\/em>. Valencia: Editorial Cervantes.<\/p>\n<p>(1924). <em>La mujer moderna, libro indispensable para la felicidad del hogar<\/em>. Barcelona: Casa Editorial Maucii.<\/p>\n<p>(1926). <em>Los amores de Chopin<\/em>. Barcelona: Sociedad de publicaciones.<\/p>\n<p>&#8212;. Barcelona: Ed. Ave. 1945.<\/p>\n<p>(1930). <em>El asombroso doctor Jover<\/em>. Barcelona: Ediciones Edita.<\/p>\n<p>(1936). <em>Teresa y Mar\u00eda<\/em>. Barcelona: Talleres Gr\u00e1ficos de la Sociedad General de Publicaciones.<\/p>\n<p>(1941). <em>Franz Schubert y su tiempo<\/em>. Barcelona: Imp. N\u00fa\u00f1ez.<\/p>\n<p>(1942). <em>Vida sentimental de Schiller<\/em>. Barcelona: Olimpo.<\/p>\n<p>(1950). <em>Las veleidades de Consuelo<\/em>. Barcelona: Editorial Juventud.<\/p>\n<p>(1951). <em>La Espa\u00f1a heroica y la Am\u00e9rica magn\u00e1nima; estampas de la Guerra Naval de 1898<\/em>. Madrid: Ed. Naval.<\/p>\n<p>(1954). <em>Mar\u00eda Estuardo: la vida gloriosa de la reina de Escocia<\/em>. Barcelona: Araluce.<\/p>\n<p>(1956). <em>Wolfgang Amadeo Mozart: la vida del glorioso m\u00fasico<\/em>. Barcelona: Araluce.<\/p>\n<p>&nbsp;<\/p>\n<p><strong>Critical Works (Reference Materials, Books, Book Chapters, Journal Articles, Encyclopedias, Theses\/Dissertations, Media and Internet Sources)<\/strong><\/p>\n<p>Bares, Sarah Wamester. \u201cA Horrifying Encounter: Economies of Desire in Carmela Eulate Sanjurjo\u2019s <em>La mu\u00f1eca<\/em> and Rosario Ferr\u00e9\u2019s <em>La mu\u00f1eca menor<\/em>.\u201d <em>The Latin Americanist<\/em> 54.2 (2010): 113-23.<\/p>\n<p>Bird-Soto, N. Tono y expresi\u00f3n: escritoras puertorrique\u00f1as de la transici\u00f3n del siglo XIX al XX. Diss. U of Wisconsin, 2006. Ann Arbor: UMI, 2006. 78-130.<\/p>\n<p>Bird-Soto, N. and Norma Valle-Ferrer. <em>Escritoras puertorrique\u00f1as de la transici\u00f3n del siglo XIX al XX: Carmela Eulate Sanjurjo, Ana Roqu\u00e9 y Luisa Capetillo<\/em>. Lewiston: Edwin Mellen Press, 2009. 23-66.<\/p>\n<p>Blauman, Wendy. \u201cUnruh, Vicky. Performing Women and Modern Literary Culture in Latin America.\u201d <em>Chasqui<\/em> 40.1 (2011): 199-201.<\/p>\n<p>Colberg, Carmen Elisa. <em>Esquema hist\u00f3rico-biogr\u00e1fico de la literatura antillana femenina en el siglo XIX<\/em>. Diss. U of North Carolina at Chapel Hill. 1989. Ann Arbor: UMI, 1989.185, 227.<\/p>\n<p>Grau-Lleveria, Elena. \u201cIron\u00eda, parodia e inversi\u00f3n en La mu\u00f1eca de Carmela Eulate Sanjurjo.\u201d <em>Cr\u00edtica Hisp\u00e1nica<\/em> 26.1 (2004): 75-94.<\/p>\n<p>Hill, Marnesba and Harold Schliefer. <em>Puerto Rican Authors: A Biobibliographic Handbook<\/em>. Metuchen: Scarecrow Press, 1974. 93-94.<\/p>\n<p>Janer, Zilkia. <em>Puerto Rican Nation-Building Literature: Impossible Romance<\/em>. Gainesville: UP of Florida, 2005. 35-41.<\/p>\n<p>Jim\u00e9nez, Luis A. \u201cLa est\u00e9tica del \u2018ave rara\u2019 en <em>La mu\u00f1eca<\/em> de Carmela Eulate Sanjurjo.\u201d <em>La voz de la mujer en la literatura hispanoamericana fin-de siglo<\/em>. Comp. Luis Jim\u00e9nez. San Jos\u00e9: Editorial de la Universidad de Costa Rica, 1999. 181-90.<\/p>\n<p>Kruger Torres, Lola. <em>Enciclopedia grandes mujeres de Puerto Rico<\/em> (vol. 1). Hato Rey: Ramallo Bros., 1975. 135-36.<\/p>\n<p>LaGreca, Nancy. <em>Rewriting Womanhood-Feminism, Subjectivity, and the Angel of the House in the Latin American Novel, 1887-1903<\/em>. Pennsylvania: The Pennsylvania State University Press, 2009. 19, 107, 174.<\/p>\n<p>L\u00f3pez, Sylvia. \u201cCarmela Eulate Sanjurjo\u2019s La muneca: Narcissism, Education, and Luxury.\u201d <em>Decimon\u00f3nica<\/em> 8.1 (Winter 2011): 40-56.<\/p>\n<p>Manrique Cabrera, Francisco. <em>Historia de la literatura puertorrique\u00f1a<\/em>. Rio Piedras: Cultural, 1969. 203.<\/p>\n<p>Morales-Zeno, Ana. <em>Historia de mujer y mujer de historias: la obra de Carmel Eulate Sanjurjo<\/em>. Diss. Cornell U, 1993. Ann Arbor: UMI, 1993.<\/p>\n<p>&#8212; \u201cJuego de mu\u00f1ecas: las novelas de Carmela Eulate Sanjurjo.\u201d <em>Dactylus 12<\/em> (1990):60-70.<\/p>\n<p>Negr\u00f3n Mu\u00f1oz, \u00c1ngela. <em>Mujeres de Puerto Rico \u2013 desde el per\u00edodo de colonizaci\u00f3n hasta el primer tercio del siglo XX<\/em>. San Juan: Imprenta Venezuela, 1935. 131-33.<\/p>\n<p>Nones, A.C. M\u00e1rtires del hogar: el inicio de la novel\u00edstica femenina decimon\u00f3nica en Venezuela y Puerto Rico. Diss. U of California, Berkeley, 2001. Ann Arbor: UMI, 2001.131-49.<\/p>\n<p>Ortiz-Loyola, B. <em>En busca de la solidaridad: feminismo y naci\u00f3n en el Caribe hispano, 1880- 1940. Diss. U of California, Los Angeles<\/em>. 2013. Ann Arbor: UMI, 2010. 33-100.<\/p>\n<p>Rivera, \u00c1ngel A. \u201cModernity, Flirting, Seduction and Urban Social Landscape in Carmela Eulate Sanjurjo\u2019s El asombroso doctor Jover.\u201d <em>Unfolding the City \u2013Women Write the City in Latin America<\/em>. Eds. Anne Lambright and Elisabeth Guerrero. Minneapolis: U of Minnesota Press, 2007. 207-30.<\/p>\n<p>&#8212;. \u201cRelectura de la \u201cFemme Fatale\u201d en al contexto de la modernidad decimon\u00f3nica: <em>La mu\u00f1eca<\/em> de Carmela Eulate Sanjurjo.\u201d <em>Chasqui<\/em> 27.2 (1998): 54-69.<\/p>\n<p>Silva, Ana M. <em>Carmela Eulate Sanjurjo: Puertorrique\u00f1a ilustre<\/em>. San Juan: Biblioteca de Autores Puertorrique\u00f1os, 1956.<\/p>\n<p>&nbsp;<\/p>\n<p><img loading=\"lazy\" decoding=\"async\" class=\"aligncenter size-full wp-image-608\" src=\"https:\/\/eladd.org\/wp-content\/uploads\/2014\/02\/logo-footer-2.png\" alt=\"logo-footer-2\" width=\"260\" height=\"70\" \/><\/div>\n<div id=\"content-n\"><\/div>\n[\/vc_column_text][vc_single_image image=&#8221;660&#8243; alignment=&#8221;center&#8221; css=&#8221;.vc_custom_1446670823436{margin-top: 35px !important;}&#8221;][\/vc_column][\/vc_row]\n<\/div>","protected":false},"excerpt":{"rendered":"<p>[vc_row full_width=&rdquo;stretch_row&rdquo; tablet_fullwidth_cols=&rdquo;&rdquo; bg_style=&rdquo;repeat&rdquo; css=&rdquo;.vc_custom_1762918322442{background-position: 0 0 !important;background-repeat: repeat !important;}&rdquo;][vc_column][vc_column_text el_class=&rdquo;autoras__titulo&rdquo;] Carmen Eulate Sanjurjo (1871-1961) [\/vc_column_text][\/vc_column][\/vc_row][vc_row full_width=&rdquo;stretch_row&rdquo; el_id=&rdquo;cuerpo&rdquo; css=&rdquo;.vc_custom_1762918328858{background-position: center !important;background-repeat: no-repeat !important;background-size: cover !important;}&rdquo;][vc_column][vc_column_text el_class=&rdquo;autoras__texto&rdquo;]Carmen Eulate Sanjurjo (Puerto Rico, 1871-1961) Also known as: Carmela Eulate Sanjurjo, Carmela Eulate-Sanjurjo Pseudonym:&hellip;<\/p>\n","protected":false},"author":3,"featured_media":0,"parent":98,"menu_order":0,"comment_status":"closed","ping_status":"closed","template":"","meta":{"footnotes":""},"class_list":["post-370","page","type-page","status-publish","hentry","entry","no-media"],"yoast_head":"<!-- This site is optimized with the Yoast SEO plugin v26.1.1 - https:\/\/yoast.com\/wordpress\/plugins\/seo\/ -->\n<title>Carmen Eulate Sanjurjo - Eladd En<\/title>\n<meta name=\"robots\" content=\"index, follow, max-snippet:-1, max-image-preview:large, max-video-preview:-1\" \/>\n<link rel=\"canonical\" href=\"https:\/\/eladd.org\/en\/other-authors\/carmen-eulate-sanjurjo\/\" \/>\n<meta property=\"og:locale\" content=\"en_US\" \/>\n<meta property=\"og:type\" content=\"article\" \/>\n<meta property=\"og:title\" content=\"Carmen Eulate Sanjurjo - Eladd En\" \/>\n<meta property=\"og:description\" content=\"[vc_row full_width=&rdquo;stretch_row&rdquo; tablet_fullwidth_cols=&rdquo;&rdquo; bg_style=&rdquo;repeat&rdquo; css=&rdquo;.vc_custom_1762918322442{background-position: 0 0 !important;background-repeat: repeat !important;}&rdquo;][vc_column][vc_column_text el_class=&rdquo;autoras__titulo&rdquo;] Carmen Eulate Sanjurjo (1871-1961) [\/vc_column_text][\/vc_column][\/vc_row][vc_row full_width=&rdquo;stretch_row&rdquo; el_id=&rdquo;cuerpo&rdquo; css=&rdquo;.vc_custom_1762918328858{background-position: center !important;background-repeat: no-repeat !important;background-size: cover !important;}&rdquo;][vc_column][vc_column_text el_class=&rdquo;autoras__texto&rdquo;]Carmen Eulate Sanjurjo (Puerto Rico, 1871-1961) Also known as: Carmela Eulate Sanjurjo, Carmela Eulate-Sanjurjo Pseudonym:&hellip;\" \/>\n<meta property=\"og:url\" content=\"https:\/\/eladd.org\/en\/other-authors\/carmen-eulate-sanjurjo\/\" \/>\n<meta property=\"og:site_name\" content=\"Eladd En\" \/>\n<meta property=\"article:modified_time\" content=\"2025-11-12T03:32:13+00:00\" \/>\n<meta property=\"og:image\" content=\"https:\/\/eladd.org\/wp-content\/uploads\/2015\/02\/Untitled-225x300.png\" \/>\n<meta name=\"twitter:card\" content=\"summary_large_image\" \/>\n<meta name=\"twitter:label1\" content=\"Est. reading time\" \/>\n\t<meta name=\"twitter:data1\" content=\"4 minutes\" \/>\n<script type=\"application\/ld+json\" class=\"yoast-schema-graph\">{\"@context\":\"https:\/\/schema.org\",\"@graph\":[{\"@type\":\"WebPage\",\"@id\":\"https:\/\/eladd.org\/en\/other-authors\/carmen-eulate-sanjurjo\/\",\"url\":\"https:\/\/eladd.org\/en\/other-authors\/carmen-eulate-sanjurjo\/\",\"name\":\"Carmen Eulate Sanjurjo - Eladd En\",\"isPartOf\":{\"@id\":\"https:\/\/eladd.org\/en\/#website\"},\"primaryImageOfPage\":{\"@id\":\"https:\/\/eladd.org\/en\/other-authors\/carmen-eulate-sanjurjo\/#primaryimage\"},\"image\":{\"@id\":\"https:\/\/eladd.org\/en\/other-authors\/carmen-eulate-sanjurjo\/#primaryimage\"},\"thumbnailUrl\":\"https:\/\/eladd.org\/wp-content\/uploads\/2015\/02\/Untitled-225x300.png\",\"datePublished\":\"2015-03-15T13:24:49+00:00\",\"dateModified\":\"2025-11-12T03:32:13+00:00\",\"breadcrumb\":{\"@id\":\"https:\/\/eladd.org\/en\/other-authors\/carmen-eulate-sanjurjo\/#breadcrumb\"},\"inLanguage\":\"en-US\",\"potentialAction\":[{\"@type\":\"ReadAction\",\"target\":[\"https:\/\/eladd.org\/en\/other-authors\/carmen-eulate-sanjurjo\/\"]}]},{\"@type\":\"ImageObject\",\"inLanguage\":\"en-US\",\"@id\":\"https:\/\/eladd.org\/en\/other-authors\/carmen-eulate-sanjurjo\/#primaryimage\",\"url\":\"https:\/\/eladd.org\/wp-content\/uploads\/2015\/02\/Untitled-225x300.png\",\"contentUrl\":\"https:\/\/eladd.org\/wp-content\/uploads\/2015\/02\/Untitled-225x300.png\"},{\"@type\":\"BreadcrumbList\",\"@id\":\"https:\/\/eladd.org\/en\/other-authors\/carmen-eulate-sanjurjo\/#breadcrumb\",\"itemListElement\":[{\"@type\":\"ListItem\",\"position\":1,\"name\":\"Home\",\"item\":\"https:\/\/eladd.org\/en\/\"},{\"@type\":\"ListItem\",\"position\":2,\"name\":\"Other Authors\",\"item\":\"https:\/\/eladd.org\/en\/other-authors\/\"},{\"@type\":\"ListItem\",\"position\":3,\"name\":\"Carmen Eulate Sanjurjo\"}]},{\"@type\":\"WebSite\",\"@id\":\"https:\/\/eladd.org\/en\/#website\",\"url\":\"https:\/\/eladd.org\/en\/\",\"name\":\"Eladd En\",\"description\":\"Ninteenth-Century Latin American Women Writers\",\"publisher\":{\"@id\":\"https:\/\/eladd.org\/en\/#organization\"},\"potentialAction\":[{\"@type\":\"SearchAction\",\"target\":{\"@type\":\"EntryPoint\",\"urlTemplate\":\"https:\/\/eladd.org\/en\/?s={search_term_string}\"},\"query-input\":{\"@type\":\"PropertyValueSpecification\",\"valueRequired\":true,\"valueName\":\"search_term_string\"}}],\"inLanguage\":\"en-US\"},{\"@type\":\"Organization\",\"@id\":\"https:\/\/eladd.org\/en\/#organization\",\"name\":\"Eladd En\",\"url\":\"https:\/\/eladd.org\/en\/\",\"logo\":{\"@type\":\"ImageObject\",\"inLanguage\":\"en-US\",\"@id\":\"https:\/\/eladd.org\/en\/#\/schema\/logo\/image\/\",\"url\":\"https:\/\/eladd.org\/en\/wp-content\/uploads\/sites\/2\/2025\/07\/logo-eladd.png\",\"contentUrl\":\"https:\/\/eladd.org\/en\/wp-content\/uploads\/sites\/2\/2025\/07\/logo-eladd.png\",\"width\":324,\"height\":77,\"caption\":\"Eladd En\"},\"image\":{\"@id\":\"https:\/\/eladd.org\/en\/#\/schema\/logo\/image\/\"}}]}<\/script>\n<!-- \/ Yoast SEO plugin. -->","yoast_head_json":{"title":"Carmen Eulate Sanjurjo - Eladd En","robots":{"index":"index","follow":"follow","max-snippet":"max-snippet:-1","max-image-preview":"max-image-preview:large","max-video-preview":"max-video-preview:-1"},"canonical":"https:\/\/eladd.org\/en\/other-authors\/carmen-eulate-sanjurjo\/","og_locale":"en_US","og_type":"article","og_title":"Carmen Eulate Sanjurjo - Eladd En","og_description":"[vc_row full_width=&rdquo;stretch_row&rdquo; tablet_fullwidth_cols=&rdquo;&rdquo; bg_style=&rdquo;repeat&rdquo; css=&rdquo;.vc_custom_1762918322442{background-position: 0 0 !important;background-repeat: repeat !important;}&rdquo;][vc_column][vc_column_text el_class=&rdquo;autoras__titulo&rdquo;] Carmen Eulate Sanjurjo (1871-1961) [\/vc_column_text][\/vc_column][\/vc_row][vc_row full_width=&rdquo;stretch_row&rdquo; el_id=&rdquo;cuerpo&rdquo; css=&rdquo;.vc_custom_1762918328858{background-position: center !important;background-repeat: no-repeat !important;background-size: cover !important;}&rdquo;][vc_column][vc_column_text el_class=&rdquo;autoras__texto&rdquo;]Carmen Eulate Sanjurjo (Puerto Rico, 1871-1961) Also known as: Carmela Eulate Sanjurjo, Carmela Eulate-Sanjurjo Pseudonym:&hellip;","og_url":"https:\/\/eladd.org\/en\/other-authors\/carmen-eulate-sanjurjo\/","og_site_name":"Eladd En","article_modified_time":"2025-11-12T03:32:13+00:00","og_image":[{"url":"https:\/\/eladd.org\/wp-content\/uploads\/2015\/02\/Untitled-225x300.png","type":"","width":"","height":""}],"twitter_card":"summary_large_image","twitter_misc":{"Est. reading time":"4 minutes"},"schema":{"@context":"https:\/\/schema.org","@graph":[{"@type":"WebPage","@id":"https:\/\/eladd.org\/en\/other-authors\/carmen-eulate-sanjurjo\/","url":"https:\/\/eladd.org\/en\/other-authors\/carmen-eulate-sanjurjo\/","name":"Carmen Eulate Sanjurjo - Eladd En","isPartOf":{"@id":"https:\/\/eladd.org\/en\/#website"},"primaryImageOfPage":{"@id":"https:\/\/eladd.org\/en\/other-authors\/carmen-eulate-sanjurjo\/#primaryimage"},"image":{"@id":"https:\/\/eladd.org\/en\/other-authors\/carmen-eulate-sanjurjo\/#primaryimage"},"thumbnailUrl":"https:\/\/eladd.org\/wp-content\/uploads\/2015\/02\/Untitled-225x300.png","datePublished":"2015-03-15T13:24:49+00:00","dateModified":"2025-11-12T03:32:13+00:00","breadcrumb":{"@id":"https:\/\/eladd.org\/en\/other-authors\/carmen-eulate-sanjurjo\/#breadcrumb"},"inLanguage":"en-US","potentialAction":[{"@type":"ReadAction","target":["https:\/\/eladd.org\/en\/other-authors\/carmen-eulate-sanjurjo\/"]}]},{"@type":"ImageObject","inLanguage":"en-US","@id":"https:\/\/eladd.org\/en\/other-authors\/carmen-eulate-sanjurjo\/#primaryimage","url":"https:\/\/eladd.org\/wp-content\/uploads\/2015\/02\/Untitled-225x300.png","contentUrl":"https:\/\/eladd.org\/wp-content\/uploads\/2015\/02\/Untitled-225x300.png"},{"@type":"BreadcrumbList","@id":"https:\/\/eladd.org\/en\/other-authors\/carmen-eulate-sanjurjo\/#breadcrumb","itemListElement":[{"@type":"ListItem","position":1,"name":"Home","item":"https:\/\/eladd.org\/en\/"},{"@type":"ListItem","position":2,"name":"Other Authors","item":"https:\/\/eladd.org\/en\/other-authors\/"},{"@type":"ListItem","position":3,"name":"Carmen Eulate Sanjurjo"}]},{"@type":"WebSite","@id":"https:\/\/eladd.org\/en\/#website","url":"https:\/\/eladd.org\/en\/","name":"Eladd En","description":"Ninteenth-Century Latin American Women Writers","publisher":{"@id":"https:\/\/eladd.org\/en\/#organization"},"potentialAction":[{"@type":"SearchAction","target":{"@type":"EntryPoint","urlTemplate":"https:\/\/eladd.org\/en\/?s={search_term_string}"},"query-input":{"@type":"PropertyValueSpecification","valueRequired":true,"valueName":"search_term_string"}}],"inLanguage":"en-US"},{"@type":"Organization","@id":"https:\/\/eladd.org\/en\/#organization","name":"Eladd En","url":"https:\/\/eladd.org\/en\/","logo":{"@type":"ImageObject","inLanguage":"en-US","@id":"https:\/\/eladd.org\/en\/#\/schema\/logo\/image\/","url":"https:\/\/eladd.org\/en\/wp-content\/uploads\/sites\/2\/2025\/07\/logo-eladd.png","contentUrl":"https:\/\/eladd.org\/en\/wp-content\/uploads\/sites\/2\/2025\/07\/logo-eladd.png","width":324,"height":77,"caption":"Eladd En"},"image":{"@id":"https:\/\/eladd.org\/en\/#\/schema\/logo\/image\/"}}]}},"_links":{"self":[{"href":"https:\/\/eladd.org\/en\/wp-json\/wp\/v2\/pages\/370","targetHints":{"allow":["GET"]}}],"collection":[{"href":"https:\/\/eladd.org\/en\/wp-json\/wp\/v2\/pages"}],"about":[{"href":"https:\/\/eladd.org\/en\/wp-json\/wp\/v2\/types\/page"}],"author":[{"embeddable":true,"href":"https:\/\/eladd.org\/en\/wp-json\/wp\/v2\/users\/3"}],"replies":[{"embeddable":true,"href":"https:\/\/eladd.org\/en\/wp-json\/wp\/v2\/comments?post=370"}],"version-history":[{"count":5,"href":"https:\/\/eladd.org\/en\/wp-json\/wp\/v2\/pages\/370\/revisions"}],"predecessor-version":[{"id":24794,"href":"https:\/\/eladd.org\/en\/wp-json\/wp\/v2\/pages\/370\/revisions\/24794"}],"up":[{"embeddable":true,"href":"https:\/\/eladd.org\/en\/wp-json\/wp\/v2\/pages\/98"}],"wp:attachment":[{"href":"https:\/\/eladd.org\/en\/wp-json\/wp\/v2\/media?parent=370"}],"curies":[{"name":"wp","href":"https:\/\/api.w.org\/{rel}","templated":true}]}}