{"id":373,"date":"2015-03-15T13:29:43","date_gmt":"2015-03-15T13:29:43","guid":{"rendered":"https:\/\/eladd.org\/en\/?page_id=373"},"modified":"2025-11-12T03:32:39","modified_gmt":"2025-11-12T03:32:39","slug":"nisia-floresta","status":"publish","type":"page","link":"https:\/\/eladd.org\/en\/other-authors\/nisia-floresta\/","title":{"rendered":"N\u00edsia Floresta"},"content":{"rendered":"<div class=\"wpb-content-wrapper\">[vc_row full_width=&#8221;stretch_row&#8221; tablet_fullwidth_cols=&#8221;&#8221; bg_style=&#8221;repeat&#8221; css=&#8221;.vc_custom_1762918348659{background-position: 0 0 !important;background-repeat: repeat !important;}&#8221;][vc_column][vc_column_text el_class=&#8221;autoras__titulo&#8221;]\n<h2 style=\"text-align: center;\">N\u00edsia Floresta<\/h2>\n<p style=\"text-align: center;\">(1810-1885)<br \/>\n<img loading=\"lazy\" decoding=\"async\" class=\"size-full wp-image-1816 aligncenter\" src=\"\/\/eladd.org\/wp-content\/uploads\/2015\/09\/icon-space.png\" alt=\"icon-space\" width=\"150\" height=\"8\" \/>[\/vc_column_text][\/vc_column][\/vc_row][vc_row full_width=&#8221;stretch_row&#8221; el_id=&#8221;cuerpo&#8221; css=&#8221;.vc_custom_1762918355913{background-position: center !important;background-repeat: no-repeat !important;background-size: cover !important;}&#8221;][vc_column][vc_column_text css=&#8221;&#8221; el_class=&#8221;autoras__texto&#8221;]<strong>N\u00edsia Floresta (Pseudonym of Dionisia Gon\u03c2alves Pinto) (Brasil, 1810-1885)<br \/>\nAlso known as: N\u00edsia Floresta Brasileira Augusta, Nisia Pinto, Nizia Floresta<\/strong><\/p>\n<p><a href=\"https:\/\/eladd.org\/wp-content\/uploads\/2025\/07\/nisia-floresta.jpg\"><img loading=\"lazy\" decoding=\"async\" class=\"size-medium wp-image-1264 alignright\" src=\"https:\/\/eladd.org\/wp-content\/uploads\/2025\/07\/nisia-floresta.jpg\" alt=\"nisia\" width=\"222\" height=\"300\" \/><\/a><\/p>\n<p><strong>Author\u2019s Works: Original and Edited (Works are listed in chronological order)<\/strong><\/p>\n<p>(1832). <em>Direitos das mulheres e injusti\u00e7a dos homens<\/em>. Trans. N\u00edsia Floresta Brasileira Augusta. Recife: Typographia Fidedigma.<br \/>\n&#8212;. <em>Direitos das mulheres e injusti\u00e7a dos homens<\/em>. Porto Alegre: Typographia de V. F. de Andrade, 1833.<br \/>\n&#8212;. <em>Direitos das mulheres e injusti\u00e7a dos homens<\/em>. Rio de Janeiro: n.p., 1839.<br \/>\n&#8212;, ed. Const\u00e2ncia L. Duarte. <em>Direitos das mulheres e iInjustica dos homens<\/em>. S\u00e3o Paulo: Cortez, 1989.<\/p>\n<p>(1842). <em>Conselhos \u00e0 minha filha<\/em>. Rio de Janeiro: Typographia de J. S. Cabral.<br \/>\n&#8212;. <em>Conselhos \u00e0 minha filha<\/em>. Rio de Janeiro: Typographia de F. de Paula Brito, 1845.<br \/>\n&#8212;. <em>Consigli a mia figlia<\/em>. Firenze: Stamperia Sulle Logge del Grano, 1858.<br \/>\n&#8212;, trans. B. D. B. <em>Conseils \u00e0 ma fille<\/em>. Impr. Du Monnier, 1859.<br \/>\n&#8212;. <em>Conselhos \u00e0 minha filha<\/em>. S.l: s.n., 1987.<\/p>\n<p>(1847). <em>Fany ou o Modelo das donzelas<\/em>. Rio de Janeiro: Col\u00e9gio Augusto.<br \/>\n&#8212;. \u201cFanny ou o Modelo das donzelas\u201d. <em>Mulheres Farroupilhas<\/em>. Fernando Os\u00f3rio. Porto Alegre: Editora Globo, 1935.<\/p>\n<p>(1847). <em>Daciz ou a Jovem completa<\/em>. Rio de Janeiro: Typographia de F. de Paula Brito.<\/p>\n<p>(1847). <em>Discurso que \u00e0s susas educandas dirigiu N\u00edsia Floresta<\/em>. Rio de Janeiro: Typographia Imparcial de F. de Paula Brito.<\/p>\n<p>(1849). <em>A l\u00e1grima de um Caet\u00e9<\/em>. Rio de Janeiro: Typographia de L. A. F. Menezes.<br \/>\n&#8212;, trans. Ettore Marcucci. <em>Le lagrime d\u2019un Caet\u00e9<\/em>. Firenze: Le Monnier, 1860.<br \/>\n&#8212;. \u201cA l\u00e1grima de um Caet\u00e9\u201d. <em>Revista das Academias de Letras<\/em>. Modesto de Abreu. Rio de Janeiro: 1938.<br \/>\n&#8212;, pr\u00f3l. Const\u00e2ncia L. Duarte. <em>A l\u00e1grima de um Caet\u00e9<\/em>. Natal: Funda\u00e7\u00e3o Jos\u00e9 Augusto, 1997.<\/p>\n<p>(1850). <em>Dedica\u00e7\u00e3o de uma amiga<\/em>. Niter\u00f3li: Typographia Fluminense de Lopez &amp; Cia.<\/p>\n<p>(1853). <em>Op\u00fasculo Humanit\u00e1rio<\/em>. Rio de Janeiro: Typographia de M. A. da Silva Lima.<br \/>\n&#8212;. <em>Op\u00fasculo humanit\u00e1rio<\/em>. S.I.: s.n., 1987.<br \/>\n&#8212;, pr\u00f3l. Peggy Sharpe-Valadares. <em>Op\u00fasculo Humanit\u00e1rio<\/em>. S\u00e3o Paulo: Cortez Editora, 1989.<\/p>\n<p>(1854). <em>P\u00e1ginas de uma vida obscura; Um passeio ao aqueduto da Carioca; O pranto filial<\/em>. Rio de Janeiro: Typographia de N. Lobo Vianna.<\/p>\n<p>(1857). <em>Itineraire d\u2019un voyage en Allemagne<\/em>. Paris: Firmin Diderot Fr\u00e8res et Cie.<\/p>\n<p>(1858). <em>Consigli a mia figlia<\/em>. Firenze: Stamperia sulle Logge del grano.<\/p>\n<p>(1859). <em>A mulher<\/em>. S.I.: n.p.<br \/>\n&#8212;, trans. Ivia A. de Faria. <em>Woman<\/em>. London: G. Parker, 1865.<\/p>\n<p>(1859). <em>Cintila\u00e7\u00f5es de uma alma brasileira<\/em>. Florence: n.p.<br \/>\n&#8212;. <em>Scintille d\u2019un\u2019Anima Brasiliana<\/em>. Firenze: Tipografia Barbera, Bianchi &amp; C., 1859.<br \/>\n&#8212;, pr\u00f3l. Const\u00e2ncia Lima Duarte. <em>Cintila\u00e7\u00f5es de uma alma brasileira<\/em>. Florian\u00f3polis: Editora Mulheres, 1997.<br \/>\n&#8212;, pr\u00f3l. Const\u00e2ncia Lima Duarte. <em>Cintila\u00e7\u00f5es de uma alma brasileira<\/em>. Santa Cruz do Sul: EDUNISC, 1997.<br \/>\n&#8212;, pr\u00f3l. Const\u00e2ncia Lima Duarte. Trans. Michele A. Vartulli. <em>Cintila\u00e7\u00f5es de uma alma brasileira<\/em>. Florian\u00f3polis: Editora Mulheres, 1997.<\/p>\n<p>(1864). <em>Trois ans en Italie: suivis d&#8217;un voyage en Gr\u00e8ce<\/em>. Paris: E. Dentu, 1864.<br \/>\n&#8212;, pr\u00f3l. Oliveira Lima. <em>Trois ans en Italie: suivis d&#8217;un voyage en Gr\u00e8ce<\/em>. Londres: Jeffs, 1864.<br \/>\n&#8212;. <em>Trois ans en Italie: suivis d&#8217;un voyage en Gr\u00e8ce<\/em>. Paris: E. Dentu Libraire-\u00c9diteur, 1872.<br \/>\n&#8212;. <em>Trois ans en Italie: suivis d&#8217;un voyage en Gr\u00e8ce<\/em>. Paris: E. Dentu, 1987.<br \/>\n&#8212;, ed. Francisco C. Pereira. <em>Tr\u00eas anos na It\u00e1lia seguidos de uma viagem a Gr\u00e9cia<\/em>. Natal: EDUFRN, 1998.<\/p>\n<p>(1867). <em>Paris<\/em>. Paris: n.p.<\/p>\n<p>(1871). <em>Le Br\u00e9sil<\/em>. Paris: Libraire Andr\u00e9 Sagnier.<\/p>\n<p>(1878). <em>Fragments d\u2019un ouvrage in\u00e9dit: Notes biographiques<\/em>. Paris: A. Ch\u00e9ri\u00e9 Editeur.<br \/>\n&#8212;. F<em>ragments D&#8217;un ouvrage in\u00e9dit: Notes biographiques<\/em>. Paris: A. Ch\u00e9ri\u00e9, 1988.<br \/>\n&#8212;, pr\u00f3l. Joaquim P. Brazil. <em>Fragmentos de uma obra in\u00e9dita: notas biogr\u00e1ficas<\/em>. Bras\u00edlia: Editora UnB, 2001.<\/p>\n<p>(1888), e Auguste Comte. <em>Sept lettres in\u00e9dites d\u2019Auguste Comte a Mme. Nisia Brasileira<\/em>. Rio de Janeiro: Au Si\u00e8ge Central de L\u2019Apostolat Positiviste du Br\u00e9sil.<br \/>\n&#8212;, e Auguste Comte. <em>Sept lettres in\u00e9dites d\u2019Auguste Comte a Mme. Nisia Brasileira<\/em>. Rio de Janeiro: Au Si\u00e8ge Central de L\u2019Apostolat Positiviste du Br\u00e9sil, 1987.<\/p>\n<p>(1929). <em>Auguste Comte et Mme. Nisia Brasileira<\/em>. Paris: Libraire Albert Blanchard.<\/p>\n<p>(1982). <em>Itiner\u00e1rio de uma viagem \u00e0 Alemanha<\/em>. Trans. Francisco de Chagas Pereira. Natal: Editoria Universit\u00e1ria.<br \/>\n&#8212;. <em>Itiner\u00e1rio de uma viagem \u00e0 Alemanha<\/em>. Santa Cruz do Sul, RS: EDUNISC, 1998.<br \/>\n&#8212;. <em>Itiner\u00e1rio de uma viagem \u00e0 alemanha<\/em>. Trans. Francisco das Chagas Periera. Florian\u00f3polis: Editora Mulheres, 1998.<\/p>\n<p>(1999). <em>Tr\u00eas anos na It\u00e1lia<\/em>. Trans. Francisco das Chagas Pereira. Natal: Editora da UFRN.<\/p>\n<p>(2002), e Auguste Comte. Pr\u00f3l. Const\u00e2ncia L. Duarte. <em>Cartas<\/em>. Florian\u00f3polis: Editora Mulheres.<\/p>\n<p><strong>Critical Works (Reference Materials, Books, Book Chapters, Journal Articles, Encyclopedias, Theses\/Dissertations, Media and Internet Sources)<\/strong><\/p>\n<p>Andr\u00e9, Mar\u00eda. Claudia and Eva P. Bueno, eds. <em>Latin American Women Writers: An Encyclopedia<\/em>. New York: Routledge, 2008. 180-82.<\/p>\n<p>C\u00e2mara, Adauto da. <em>Hist\u00f3ria de N\u00edsia Floresta<\/em>. Natal: Instituto Hist\u00f3rico e Geogr\u00e1fico do Rio Grande do Norte, 1997.<\/p>\n<p>Corsi, Adriana Maria. <em>Pr\u00e1ticas pedag\u00f3gicas no ensino fundamental na perspectiva do culturalismo cr\u00edtico<\/em>. Curriculo sem fronteiras jul-dic 2010: 158-182.<\/p>\n<p>Coutinho, Afr\u00e2nio, J. Galante de Sousa, eds. <em>Enciclop\u00e9dia de Literatura Brasileira<\/em>. Vol. 1. Rio de Janeiro: Minist\u00e9rio da Educa\u00e7ao, 1990. 610.<\/p>\n<p>Duarte, Const\u00e2ncia L. <em>N\u00edsia Floresta: a primeira feminista do Brasil<\/em>. Ilha de Santa Catarina: Editora Mulheres, 2005.<\/p>\n<p>Fontenele, Cristiane Ferreira. <em>Educacao intermulticultural: interpretando a diversidade como um recurso e \u00f1ao como um obstaculo<\/em>. Serie-estudos ene-jun 2007: 107-114.<\/p>\n<p>Restrepo, Alejandra. &#8220;Feminismo(s) en America Latina y el Caribe: la diversidad originaria&#8221;. Diss. UNAM, 2008.<\/p>\n<p>Sabino, D. Ignez. <em>Mulheres illustres do Brazil<\/em>. Rio de Janeiro: Editora das Mulheres, 1996. 171-77.<\/p>\n<p>Silva Dantas, Luis Carlos de. \u201cUma viajante brasileira na Italia do risorgimento: Tradu\u00e7\u00e3o comentada do livro <em>Trois ans en Italie suivis d&#8217;un voyage en Grece<\/em> (vol.i &#8211; 1864; Vol.ii &#8211; S.d.) de Nisia Floresta Brasileira Augusta.\u201d Diss. Brasil: Biblioteca Digital da<br \/>\nUnicamp, 2002.<\/p>\n<p><img loading=\"lazy\" decoding=\"async\" class=\"aligncenter size-full wp-image-608\" src=\"https:\/\/eladd.org\/wp-content\/uploads\/2014\/02\/logo-footer-2.png\" alt=\"logo-footer-2\" width=\"260\" height=\"70\" \/>[\/vc_column_text][vc_single_image image=&#8221;660&#8243; alignment=&#8221;center&#8221; css=&#8221;.vc_custom_1446670823436{margin-top: 35px !important;}&#8221;][\/vc_column][\/vc_row]\n<\/div>","protected":false},"excerpt":{"rendered":"<p>[vc_row full_width=&rdquo;stretch_row&rdquo; tablet_fullwidth_cols=&rdquo;&rdquo; bg_style=&rdquo;repeat&rdquo; css=&rdquo;.vc_custom_1762918348659{background-position: 0 0 !important;background-repeat: repeat !important;}&rdquo;][vc_column][vc_column_text el_class=&rdquo;autoras__titulo&rdquo;] N&iacute;sia Floresta (1810-1885) [\/vc_column_text][\/vc_column][\/vc_row][vc_row full_width=&rdquo;stretch_row&rdquo; el_id=&rdquo;cuerpo&rdquo; css=&rdquo;.vc_custom_1762918355913{background-position: center !important;background-repeat: no-repeat !important;background-size: cover !important;}&rdquo;][vc_column][vc_column_text css=&rdquo;&rdquo; el_class=&rdquo;autoras__texto&rdquo;]N&iacute;sia Floresta (Pseudonym of Dionisia Gon&sigmaf;alves Pinto) (Brasil, 1810-1885) Also known as: N&iacute;sia Floresta Brasileira&hellip;<\/p>\n","protected":false},"author":3,"featured_media":0,"parent":98,"menu_order":0,"comment_status":"closed","ping_status":"closed","template":"","meta":{"footnotes":""},"class_list":["post-373","page","type-page","status-publish","hentry","entry","no-media"],"yoast_head":"<!-- This site is optimized with the Yoast SEO plugin v26.1.1 - https:\/\/yoast.com\/wordpress\/plugins\/seo\/ -->\n<title>N\u00edsia Floresta - Eladd En<\/title>\n<meta name=\"robots\" content=\"index, follow, max-snippet:-1, max-image-preview:large, max-video-preview:-1\" \/>\n<link rel=\"canonical\" href=\"https:\/\/eladd.org\/en\/other-authors\/nisia-floresta\/\" \/>\n<meta property=\"og:locale\" content=\"en_US\" \/>\n<meta property=\"og:type\" content=\"article\" \/>\n<meta property=\"og:title\" content=\"N\u00edsia Floresta - Eladd En\" \/>\n<meta property=\"og:description\" content=\"[vc_row full_width=&rdquo;stretch_row&rdquo; tablet_fullwidth_cols=&rdquo;&rdquo; bg_style=&rdquo;repeat&rdquo; css=&rdquo;.vc_custom_1762918348659{background-position: 0 0 !important;background-repeat: repeat !important;}&rdquo;][vc_column][vc_column_text el_class=&rdquo;autoras__titulo&rdquo;] N&iacute;sia Floresta (1810-1885) [\/vc_column_text][\/vc_column][\/vc_row][vc_row full_width=&rdquo;stretch_row&rdquo; el_id=&rdquo;cuerpo&rdquo; css=&rdquo;.vc_custom_1762918355913{background-position: center !important;background-repeat: no-repeat !important;background-size: cover !important;}&rdquo;][vc_column][vc_column_text css=&rdquo;&rdquo; el_class=&rdquo;autoras__texto&rdquo;]N&iacute;sia Floresta (Pseudonym of Dionisia Gon&sigmaf;alves Pinto) (Brasil, 1810-1885) Also known as: N&iacute;sia Floresta Brasileira&hellip;\" \/>\n<meta property=\"og:url\" content=\"https:\/\/eladd.org\/en\/other-authors\/nisia-floresta\/\" \/>\n<meta property=\"og:site_name\" content=\"Eladd En\" \/>\n<meta property=\"article:modified_time\" content=\"2025-11-12T03:32:39+00:00\" \/>\n<meta property=\"og:image\" content=\"https:\/\/eladd.org\/wp-content\/uploads\/2025\/07\/nisia-floresta.jpg\" \/>\n<meta name=\"twitter:card\" content=\"summary_large_image\" \/>\n<meta name=\"twitter:label1\" content=\"Est. reading time\" \/>\n\t<meta name=\"twitter:data1\" content=\"5 minutes\" \/>\n<script type=\"application\/ld+json\" class=\"yoast-schema-graph\">{\"@context\":\"https:\/\/schema.org\",\"@graph\":[{\"@type\":\"WebPage\",\"@id\":\"https:\/\/eladd.org\/en\/other-authors\/nisia-floresta\/\",\"url\":\"https:\/\/eladd.org\/en\/other-authors\/nisia-floresta\/\",\"name\":\"N\u00edsia Floresta - Eladd En\",\"isPartOf\":{\"@id\":\"https:\/\/eladd.org\/en\/#website\"},\"primaryImageOfPage\":{\"@id\":\"https:\/\/eladd.org\/en\/other-authors\/nisia-floresta\/#primaryimage\"},\"image\":{\"@id\":\"https:\/\/eladd.org\/en\/other-authors\/nisia-floresta\/#primaryimage\"},\"thumbnailUrl\":\"https:\/\/eladd.org\/wp-content\/uploads\/2025\/07\/nisia-floresta.jpg\",\"datePublished\":\"2015-03-15T13:29:43+00:00\",\"dateModified\":\"2025-11-12T03:32:39+00:00\",\"breadcrumb\":{\"@id\":\"https:\/\/eladd.org\/en\/other-authors\/nisia-floresta\/#breadcrumb\"},\"inLanguage\":\"en-US\",\"potentialAction\":[{\"@type\":\"ReadAction\",\"target\":[\"https:\/\/eladd.org\/en\/other-authors\/nisia-floresta\/\"]}]},{\"@type\":\"ImageObject\",\"inLanguage\":\"en-US\",\"@id\":\"https:\/\/eladd.org\/en\/other-authors\/nisia-floresta\/#primaryimage\",\"url\":\"https:\/\/eladd.org\/wp-content\/uploads\/2025\/07\/nisia-floresta.jpg\",\"contentUrl\":\"https:\/\/eladd.org\/wp-content\/uploads\/2025\/07\/nisia-floresta.jpg\"},{\"@type\":\"BreadcrumbList\",\"@id\":\"https:\/\/eladd.org\/en\/other-authors\/nisia-floresta\/#breadcrumb\",\"itemListElement\":[{\"@type\":\"ListItem\",\"position\":1,\"name\":\"Home\",\"item\":\"https:\/\/eladd.org\/en\/\"},{\"@type\":\"ListItem\",\"position\":2,\"name\":\"Other Authors\",\"item\":\"https:\/\/eladd.org\/en\/other-authors\/\"},{\"@type\":\"ListItem\",\"position\":3,\"name\":\"N\u00edsia Floresta\"}]},{\"@type\":\"WebSite\",\"@id\":\"https:\/\/eladd.org\/en\/#website\",\"url\":\"https:\/\/eladd.org\/en\/\",\"name\":\"Eladd En\",\"description\":\"Ninteenth-Century Latin American Women Writers\",\"publisher\":{\"@id\":\"https:\/\/eladd.org\/en\/#organization\"},\"potentialAction\":[{\"@type\":\"SearchAction\",\"target\":{\"@type\":\"EntryPoint\",\"urlTemplate\":\"https:\/\/eladd.org\/en\/?s={search_term_string}\"},\"query-input\":{\"@type\":\"PropertyValueSpecification\",\"valueRequired\":true,\"valueName\":\"search_term_string\"}}],\"inLanguage\":\"en-US\"},{\"@type\":\"Organization\",\"@id\":\"https:\/\/eladd.org\/en\/#organization\",\"name\":\"Eladd En\",\"url\":\"https:\/\/eladd.org\/en\/\",\"logo\":{\"@type\":\"ImageObject\",\"inLanguage\":\"en-US\",\"@id\":\"https:\/\/eladd.org\/en\/#\/schema\/logo\/image\/\",\"url\":\"https:\/\/eladd.org\/en\/wp-content\/uploads\/sites\/2\/2025\/07\/logo-eladd.png\",\"contentUrl\":\"https:\/\/eladd.org\/en\/wp-content\/uploads\/sites\/2\/2025\/07\/logo-eladd.png\",\"width\":324,\"height\":77,\"caption\":\"Eladd En\"},\"image\":{\"@id\":\"https:\/\/eladd.org\/en\/#\/schema\/logo\/image\/\"}}]}<\/script>\n<!-- \/ Yoast SEO plugin. -->","yoast_head_json":{"title":"N\u00edsia Floresta - Eladd En","robots":{"index":"index","follow":"follow","max-snippet":"max-snippet:-1","max-image-preview":"max-image-preview:large","max-video-preview":"max-video-preview:-1"},"canonical":"https:\/\/eladd.org\/en\/other-authors\/nisia-floresta\/","og_locale":"en_US","og_type":"article","og_title":"N\u00edsia Floresta - Eladd En","og_description":"[vc_row full_width=&rdquo;stretch_row&rdquo; tablet_fullwidth_cols=&rdquo;&rdquo; bg_style=&rdquo;repeat&rdquo; css=&rdquo;.vc_custom_1762918348659{background-position: 0 0 !important;background-repeat: repeat !important;}&rdquo;][vc_column][vc_column_text el_class=&rdquo;autoras__titulo&rdquo;] N&iacute;sia Floresta (1810-1885) [\/vc_column_text][\/vc_column][\/vc_row][vc_row full_width=&rdquo;stretch_row&rdquo; el_id=&rdquo;cuerpo&rdquo; css=&rdquo;.vc_custom_1762918355913{background-position: center !important;background-repeat: no-repeat !important;background-size: cover !important;}&rdquo;][vc_column][vc_column_text css=&rdquo;&rdquo; el_class=&rdquo;autoras__texto&rdquo;]N&iacute;sia Floresta (Pseudonym of Dionisia Gon&sigmaf;alves Pinto) (Brasil, 1810-1885) Also known as: N&iacute;sia Floresta Brasileira&hellip;","og_url":"https:\/\/eladd.org\/en\/other-authors\/nisia-floresta\/","og_site_name":"Eladd En","article_modified_time":"2025-11-12T03:32:39+00:00","og_image":[{"url":"https:\/\/eladd.org\/wp-content\/uploads\/2025\/07\/nisia-floresta.jpg","type":"","width":"","height":""}],"twitter_card":"summary_large_image","twitter_misc":{"Est. reading time":"5 minutes"},"schema":{"@context":"https:\/\/schema.org","@graph":[{"@type":"WebPage","@id":"https:\/\/eladd.org\/en\/other-authors\/nisia-floresta\/","url":"https:\/\/eladd.org\/en\/other-authors\/nisia-floresta\/","name":"N\u00edsia Floresta - Eladd En","isPartOf":{"@id":"https:\/\/eladd.org\/en\/#website"},"primaryImageOfPage":{"@id":"https:\/\/eladd.org\/en\/other-authors\/nisia-floresta\/#primaryimage"},"image":{"@id":"https:\/\/eladd.org\/en\/other-authors\/nisia-floresta\/#primaryimage"},"thumbnailUrl":"https:\/\/eladd.org\/wp-content\/uploads\/2025\/07\/nisia-floresta.jpg","datePublished":"2015-03-15T13:29:43+00:00","dateModified":"2025-11-12T03:32:39+00:00","breadcrumb":{"@id":"https:\/\/eladd.org\/en\/other-authors\/nisia-floresta\/#breadcrumb"},"inLanguage":"en-US","potentialAction":[{"@type":"ReadAction","target":["https:\/\/eladd.org\/en\/other-authors\/nisia-floresta\/"]}]},{"@type":"ImageObject","inLanguage":"en-US","@id":"https:\/\/eladd.org\/en\/other-authors\/nisia-floresta\/#primaryimage","url":"https:\/\/eladd.org\/wp-content\/uploads\/2025\/07\/nisia-floresta.jpg","contentUrl":"https:\/\/eladd.org\/wp-content\/uploads\/2025\/07\/nisia-floresta.jpg"},{"@type":"BreadcrumbList","@id":"https:\/\/eladd.org\/en\/other-authors\/nisia-floresta\/#breadcrumb","itemListElement":[{"@type":"ListItem","position":1,"name":"Home","item":"https:\/\/eladd.org\/en\/"},{"@type":"ListItem","position":2,"name":"Other Authors","item":"https:\/\/eladd.org\/en\/other-authors\/"},{"@type":"ListItem","position":3,"name":"N\u00edsia Floresta"}]},{"@type":"WebSite","@id":"https:\/\/eladd.org\/en\/#website","url":"https:\/\/eladd.org\/en\/","name":"Eladd En","description":"Ninteenth-Century Latin American Women Writers","publisher":{"@id":"https:\/\/eladd.org\/en\/#organization"},"potentialAction":[{"@type":"SearchAction","target":{"@type":"EntryPoint","urlTemplate":"https:\/\/eladd.org\/en\/?s={search_term_string}"},"query-input":{"@type":"PropertyValueSpecification","valueRequired":true,"valueName":"search_term_string"}}],"inLanguage":"en-US"},{"@type":"Organization","@id":"https:\/\/eladd.org\/en\/#organization","name":"Eladd En","url":"https:\/\/eladd.org\/en\/","logo":{"@type":"ImageObject","inLanguage":"en-US","@id":"https:\/\/eladd.org\/en\/#\/schema\/logo\/image\/","url":"https:\/\/eladd.org\/en\/wp-content\/uploads\/sites\/2\/2025\/07\/logo-eladd.png","contentUrl":"https:\/\/eladd.org\/en\/wp-content\/uploads\/sites\/2\/2025\/07\/logo-eladd.png","width":324,"height":77,"caption":"Eladd En"},"image":{"@id":"https:\/\/eladd.org\/en\/#\/schema\/logo\/image\/"}}]}},"_links":{"self":[{"href":"https:\/\/eladd.org\/en\/wp-json\/wp\/v2\/pages\/373","targetHints":{"allow":["GET"]}}],"collection":[{"href":"https:\/\/eladd.org\/en\/wp-json\/wp\/v2\/pages"}],"about":[{"href":"https:\/\/eladd.org\/en\/wp-json\/wp\/v2\/types\/page"}],"author":[{"embeddable":true,"href":"https:\/\/eladd.org\/en\/wp-json\/wp\/v2\/users\/3"}],"replies":[{"embeddable":true,"href":"https:\/\/eladd.org\/en\/wp-json\/wp\/v2\/comments?post=373"}],"version-history":[{"count":6,"href":"https:\/\/eladd.org\/en\/wp-json\/wp\/v2\/pages\/373\/revisions"}],"predecessor-version":[{"id":24795,"href":"https:\/\/eladd.org\/en\/wp-json\/wp\/v2\/pages\/373\/revisions\/24795"}],"up":[{"embeddable":true,"href":"https:\/\/eladd.org\/en\/wp-json\/wp\/v2\/pages\/98"}],"wp:attachment":[{"href":"https:\/\/eladd.org\/en\/wp-json\/wp\/v2\/media?parent=373"}],"curies":[{"name":"wp","href":"https:\/\/api.w.org\/{rel}","templated":true}]}}