{"id":381,"date":"2015-03-15T14:05:27","date_gmt":"2015-03-15T14:05:27","guid":{"rendered":"https:\/\/eladd.org\/en\/?page_id=381"},"modified":"2025-11-12T03:33:43","modified_gmt":"2025-11-12T03:33:43","slug":"herminia-gomez-de-abadia","status":"publish","type":"page","link":"https:\/\/eladd.org\/en\/other-authors\/herminia-gomez-de-abadia\/","title":{"rendered":"Herminia G\u00f3mez de Abad\u00eda"},"content":{"rendered":"<div class=\"wpb-content-wrapper\">[vc_row full_width=&#8221;stretch_row&#8221; tablet_fullwidth_cols=&#8221;&#8221; bg_style=&#8221;repeat&#8221; css=&#8221;.vc_custom_1762918403250{background-position: 0 0 !important;background-repeat: repeat !important;}&#8221;][vc_column][vc_column_text el_class=&#8221;autoras__titulo&#8221;]\n<h2 style=\"text-align: center;\">Herminia G\u00f3mez de Abad\u00eda<\/h2>\n<p style=\"text-align: center;\">(1861-1926)<br \/>\n<img loading=\"lazy\" decoding=\"async\" class=\"size-full wp-image-1816 aligncenter\" src=\"\/\/eladd.org\/wp-content\/uploads\/2015\/09\/icon-space.png\" alt=\"icon-space\" width=\"150\" height=\"8\" \/>[\/vc_column_text][\/vc_column][\/vc_row][vc_row full_width=&#8221;stretch_row&#8221; el_id=&#8221;cuerpo&#8221; css=&#8221;.vc_custom_1762918414755{background-position: center !important;background-repeat: no-repeat !important;background-size: cover !important;}&#8221;][vc_column][vc_column_text el_class=&#8221;autoras__texto&#8221;]<strong>Herminia G\u00f3mez de Abad\u00eda (Colombia, 1861-1926)<br \/>\nAlso known as: Herminia G\u00f3mez Jaime de Abad\u00eda, Herminia G\u00f3mez Jaimes de Abad\u00eda<\/strong><\/p>\n<p><strong>Author\u2019s Works: Original and Edited (Works are listed in chronological order)<\/strong><\/p>\n<p>(1883). \u201cDel colegio hogar.\u201d <em>El telegrama<\/em> (Bogot\u00e1) (marzo-abril): no p\u00e1g.<\/p>\n<p>(1884). <em>Dos religiones o Mario y Frinea<\/em>. Bogot\u00e1: Imprenta de Ignacio Borda.<\/p>\n<p>(1903). <em>Baganique<\/em>. Bogot\u00e1: Editorial Santaf\u00e9.<\/p>\n<p>&#8212;. <em>Leyendas y notas hist\u00f3ricas<\/em>. Bogot\u00e1: Imprenta Nacional, 1907.<\/p>\n<p>(1907). \u201cAlgunos datos curiosos.\u201d <em>Leyendas y notas hist\u00f3ricas<\/em>. Bogot\u00e1: Imprenta Nacional. 177-79.<\/p>\n<p>(1907). \u201cCalarc\u00e1\u201d <em>Leyendas y notas hist\u00f3ricas<\/em>. Bogot\u00e1: Imprenta Nacional. 115-19.<\/p>\n<p>(1907). \u201cEl camell\u00f3n de occidente.\u201d <em>Leyendas y notas hist\u00f3ricas<\/em>. Bogot\u00e1: Imprenta Nacional. 93-104.<\/p>\n<p>(1907). \u201cDatos hist\u00f3ricos sobre diversos asuntos. Algunos de actualidad\u201d <em>Leyendas y notas hist\u00f3ricas<\/em>. Bogot\u00e1: Imprenta Nacional. 180-202.<\/p>\n<p>(1907). \u201cDo\u00f1a In\u00e9s de Hinojosa.\u201d <em>Leyendas y notas hist\u00f3ricas<\/em>. Bogot\u00e1: Imprenta Nacional. 79-82.<\/p>\n<p>(1907). \u201cEl hijo de la Gaitana.\u201d <em>Leyendas y notas hist\u00f3ricas<\/em>. Bogot\u00e1: Imprenta Nacional. 66-70.<\/p>\n<p>(1907). \u201cEl Presidente Sande.\u201d <em>Leyendas y notas hist\u00f3ricas<\/em>. Bogot\u00e1: Imprenta Nacional. 105-14.<\/p>\n<p>(1907). \u201cHero\u00edsmo desgraciado.\u201d <em>Leyendas y notas hist\u00f3ricas<\/em>. Bogot\u00e1: Imprenta Nacional. 58-65.<\/p>\n<p>(1907). \u201cLa gratitud de una india.\u201d <em>Leyendas y notas hist\u00f3ricas<\/em>. Bogot\u00e1: Imprenta Nacional. 51-7.<\/p>\n<p>(1907). \u201cNotas hist\u00f3ricas. Generalidades\u201d <em>Leyendas y notas hist\u00f3ricas<\/em>. Bogot\u00e1: Imprenta Nacional. 123-69.<\/p>\n<p>(1907). \u201cNotas hist\u00f3ricas-religiosas.\u201d <em>Leyendas y notas hist\u00f3ricas<\/em>. Bogot\u00e1: Imprenta Nacional. 170-76.<\/p>\n<p>(1907). \u201cPamplonilla la loca.\u201d <em>Leyendas y notas hist\u00f3ricas<\/em>. Bogot\u00e1: Imprenta Nacional. 71-8.<\/p>\n<p>(1907). \u201cRafael Reyes.\u201d <em>Leyendas y notas hist\u00f3ricas<\/em>. Bogot\u00e1: Imprenta Nacional. 5-20.<\/p>\n<p>(1907). \u201cTundama y Sugamuxi.\u201d <em>Leyendas y notas hist\u00f3ricas<\/em>. Bogot\u00e1: Imprenta Nacional. 37-43.<\/p>\n<p>(1907). \u201cEl \u00faltimo d\u00eda de Aquiminzaque.\u201d <em>Leyendas y notas hist\u00f3ricas<\/em>. Bogot\u00e1: Imprenta Nacional. 44-50.<\/p>\n<p>(1912). \u201cInfluencia social de la mujer y su importancia.\u201d <em>Revista del Colegio Mayor de Nuestra Se\u00f1ora del Rosario<\/em> 78.80 (nov.): 608.<\/p>\n<p>(1912). <em>Paulina; novela original<\/em>. Bogot\u00e1: Imprenta de la Cruzada.<\/p>\n<p>(1915). \u201cAlma conquistadora. Leyendas colombianas.\u201d <em>Cultura<\/em> (Bogot\u00e1) 2.10 (dic.): 294- 303.<\/p>\n<p>(1935). \u201cBajo la bandera.\u201d <em>Varias cuentistas colombianas<\/em>. Bogot\u00e1: Editorial Minerva. 151-60.<\/p>\n<p><strong>Critical Works (Reference Materials, Books, Book Chapters, Journal Articles, Encyclopedias, Theses\/Dissertations, Media and Internet Sources) <\/strong><\/p>\n<p>G\u00f3mez Ocampo, Gilberto. \u201cMoral y espacio en Herminia G\u00f3mez Jaime de Abad\u00eda.\u201d <em>Texto y Contexto<\/em> (Bogot\u00e1) 14 (mayo-agosto 1988): 111-17.<\/p>\n<p>Hincapi\u00e9, Luz. \u201cVirgen, \u00e1ngel, flor y debilidad: paradigmas de la imagen de la mujer en la literatura de finales del siglo XIX.\u201d <em>Tabula Rasa<\/em> 6 (enero \u2013 junio 2007): 287-307, 287, 289, 291, 295, 296.<\/p>\n<p>Laverde Amaya, Isidora. <em>Bibliograf\u00eda colombiana<\/em>. Tomo 1. Bogot\u00e1: Imprenta y Librer\u00eda de Medardo Rivas, 1895. 296.<\/p>\n<p>Luque Valderrama, Lucia. &#8220;La novela femenina en Colombia&#8221;. Diss. Pontificia Universidad Cat\u00f3lica Javeriana. Bogot\u00e1: Artes Gr\u00e1ficas, 1954. 51-52.<\/p>\n<p>Rodr\u00edguez-Arenas, Flor Mar\u00eda. <em>Bibliograf\u00eda de la literatura colombiana del siglo XIX<\/em>. Tomo 1. Buenos Aires: Stockcero, 2006. 422-24.<br \/>\n<img loading=\"lazy\" decoding=\"async\" class=\"aligncenter size-full wp-image-606\" src=\"https:\/\/eladd.org\/wp-content\/uploads\/2014\/07\/logo-footer.png\" alt=\"logo-footer\" width=\"260\" height=\"70\" \/>[\/vc_column_text][vc_single_image image=&#8221;660&#8243; alignment=&#8221;center&#8221; css=&#8221;.vc_custom_1446670823436{margin-top: 35px !important;}&#8221;][\/vc_column][\/vc_row]\n<\/div>","protected":false},"excerpt":{"rendered":"<p>[vc_row full_width=&rdquo;stretch_row&rdquo; tablet_fullwidth_cols=&rdquo;&rdquo; bg_style=&rdquo;repeat&rdquo; css=&rdquo;.vc_custom_1762918403250{background-position: 0 0 !important;background-repeat: repeat !important;}&rdquo;][vc_column][vc_column_text el_class=&rdquo;autoras__titulo&rdquo;] Herminia G&oacute;mez de Abad&iacute;a (1861-1926) [\/vc_column_text][\/vc_column][\/vc_row][vc_row full_width=&rdquo;stretch_row&rdquo; el_id=&rdquo;cuerpo&rdquo; css=&rdquo;.vc_custom_1762918414755{background-position: center !important;background-repeat: no-repeat !important;background-size: cover !important;}&rdquo;][vc_column][vc_column_text el_class=&rdquo;autoras__texto&rdquo;]Herminia G&oacute;mez de Abad&iacute;a (Colombia, 1861-1926) Also known as: Herminia G&oacute;mez Jaime de Abad&iacute;a,&hellip;<\/p>\n","protected":false},"author":3,"featured_media":0,"parent":98,"menu_order":0,"comment_status":"closed","ping_status":"closed","template":"","meta":{"footnotes":""},"class_list":["post-381","page","type-page","status-publish","hentry","entry","no-media"],"yoast_head":"<!-- This site is optimized with the Yoast SEO plugin v26.1.1 - https:\/\/yoast.com\/wordpress\/plugins\/seo\/ -->\n<title>Herminia G\u00f3mez de Abad\u00eda - Eladd En<\/title>\n<meta name=\"robots\" content=\"index, follow, max-snippet:-1, max-image-preview:large, max-video-preview:-1\" \/>\n<link rel=\"canonical\" href=\"https:\/\/eladd.org\/en\/other-authors\/herminia-gomez-de-abadia\/\" \/>\n<meta property=\"og:locale\" content=\"en_US\" \/>\n<meta property=\"og:type\" content=\"article\" \/>\n<meta property=\"og:title\" content=\"Herminia G\u00f3mez de Abad\u00eda - Eladd En\" \/>\n<meta property=\"og:description\" content=\"[vc_row full_width=&rdquo;stretch_row&rdquo; tablet_fullwidth_cols=&rdquo;&rdquo; bg_style=&rdquo;repeat&rdquo; css=&rdquo;.vc_custom_1762918403250{background-position: 0 0 !important;background-repeat: repeat !important;}&rdquo;][vc_column][vc_column_text el_class=&rdquo;autoras__titulo&rdquo;] Herminia G&oacute;mez de Abad&iacute;a (1861-1926) [\/vc_column_text][\/vc_column][\/vc_row][vc_row full_width=&rdquo;stretch_row&rdquo; el_id=&rdquo;cuerpo&rdquo; css=&rdquo;.vc_custom_1762918414755{background-position: center !important;background-repeat: no-repeat !important;background-size: cover !important;}&rdquo;][vc_column][vc_column_text el_class=&rdquo;autoras__texto&rdquo;]Herminia G&oacute;mez de Abad&iacute;a (Colombia, 1861-1926) Also known as: Herminia G&oacute;mez Jaime de Abad&iacute;a,&hellip;\" \/>\n<meta property=\"og:url\" content=\"https:\/\/eladd.org\/en\/other-authors\/herminia-gomez-de-abadia\/\" \/>\n<meta property=\"og:site_name\" content=\"Eladd En\" \/>\n<meta property=\"article:modified_time\" content=\"2025-11-12T03:33:43+00:00\" \/>\n<meta property=\"og:image\" content=\"https:\/\/eladd.org\/wp-content\/uploads\/2014\/07\/logo-footer.png\" \/>\n<meta name=\"twitter:card\" content=\"summary_large_image\" \/>\n<meta name=\"twitter:label1\" content=\"Est. reading time\" \/>\n\t<meta name=\"twitter:data1\" content=\"3 minutes\" \/>\n<script type=\"application\/ld+json\" class=\"yoast-schema-graph\">{\"@context\":\"https:\/\/schema.org\",\"@graph\":[{\"@type\":\"WebPage\",\"@id\":\"https:\/\/eladd.org\/en\/other-authors\/herminia-gomez-de-abadia\/\",\"url\":\"https:\/\/eladd.org\/en\/other-authors\/herminia-gomez-de-abadia\/\",\"name\":\"Herminia G\u00f3mez de Abad\u00eda - Eladd En\",\"isPartOf\":{\"@id\":\"https:\/\/eladd.org\/en\/#website\"},\"primaryImageOfPage\":{\"@id\":\"https:\/\/eladd.org\/en\/other-authors\/herminia-gomez-de-abadia\/#primaryimage\"},\"image\":{\"@id\":\"https:\/\/eladd.org\/en\/other-authors\/herminia-gomez-de-abadia\/#primaryimage\"},\"thumbnailUrl\":\"https:\/\/eladd.org\/wp-content\/uploads\/2014\/07\/logo-footer.png\",\"datePublished\":\"2015-03-15T14:05:27+00:00\",\"dateModified\":\"2025-11-12T03:33:43+00:00\",\"breadcrumb\":{\"@id\":\"https:\/\/eladd.org\/en\/other-authors\/herminia-gomez-de-abadia\/#breadcrumb\"},\"inLanguage\":\"en-US\",\"potentialAction\":[{\"@type\":\"ReadAction\",\"target\":[\"https:\/\/eladd.org\/en\/other-authors\/herminia-gomez-de-abadia\/\"]}]},{\"@type\":\"ImageObject\",\"inLanguage\":\"en-US\",\"@id\":\"https:\/\/eladd.org\/en\/other-authors\/herminia-gomez-de-abadia\/#primaryimage\",\"url\":\"https:\/\/eladd.org\/wp-content\/uploads\/2014\/07\/logo-footer.png\",\"contentUrl\":\"https:\/\/eladd.org\/wp-content\/uploads\/2014\/07\/logo-footer.png\"},{\"@type\":\"BreadcrumbList\",\"@id\":\"https:\/\/eladd.org\/en\/other-authors\/herminia-gomez-de-abadia\/#breadcrumb\",\"itemListElement\":[{\"@type\":\"ListItem\",\"position\":1,\"name\":\"Home\",\"item\":\"https:\/\/eladd.org\/en\/\"},{\"@type\":\"ListItem\",\"position\":2,\"name\":\"Other Authors\",\"item\":\"https:\/\/eladd.org\/en\/other-authors\/\"},{\"@type\":\"ListItem\",\"position\":3,\"name\":\"Herminia G\u00f3mez de Abad\u00eda\"}]},{\"@type\":\"WebSite\",\"@id\":\"https:\/\/eladd.org\/en\/#website\",\"url\":\"https:\/\/eladd.org\/en\/\",\"name\":\"Eladd En\",\"description\":\"Ninteenth-Century Latin American Women Writers\",\"publisher\":{\"@id\":\"https:\/\/eladd.org\/en\/#organization\"},\"potentialAction\":[{\"@type\":\"SearchAction\",\"target\":{\"@type\":\"EntryPoint\",\"urlTemplate\":\"https:\/\/eladd.org\/en\/?s={search_term_string}\"},\"query-input\":{\"@type\":\"PropertyValueSpecification\",\"valueRequired\":true,\"valueName\":\"search_term_string\"}}],\"inLanguage\":\"en-US\"},{\"@type\":\"Organization\",\"@id\":\"https:\/\/eladd.org\/en\/#organization\",\"name\":\"Eladd En\",\"url\":\"https:\/\/eladd.org\/en\/\",\"logo\":{\"@type\":\"ImageObject\",\"inLanguage\":\"en-US\",\"@id\":\"https:\/\/eladd.org\/en\/#\/schema\/logo\/image\/\",\"url\":\"https:\/\/eladd.org\/en\/wp-content\/uploads\/sites\/2\/2025\/07\/logo-eladd.png\",\"contentUrl\":\"https:\/\/eladd.org\/en\/wp-content\/uploads\/sites\/2\/2025\/07\/logo-eladd.png\",\"width\":324,\"height\":77,\"caption\":\"Eladd En\"},\"image\":{\"@id\":\"https:\/\/eladd.org\/en\/#\/schema\/logo\/image\/\"}}]}<\/script>\n<!-- \/ Yoast SEO plugin. -->","yoast_head_json":{"title":"Herminia G\u00f3mez de Abad\u00eda - Eladd En","robots":{"index":"index","follow":"follow","max-snippet":"max-snippet:-1","max-image-preview":"max-image-preview:large","max-video-preview":"max-video-preview:-1"},"canonical":"https:\/\/eladd.org\/en\/other-authors\/herminia-gomez-de-abadia\/","og_locale":"en_US","og_type":"article","og_title":"Herminia G\u00f3mez de Abad\u00eda - Eladd En","og_description":"[vc_row full_width=&rdquo;stretch_row&rdquo; tablet_fullwidth_cols=&rdquo;&rdquo; bg_style=&rdquo;repeat&rdquo; css=&rdquo;.vc_custom_1762918403250{background-position: 0 0 !important;background-repeat: repeat !important;}&rdquo;][vc_column][vc_column_text el_class=&rdquo;autoras__titulo&rdquo;] Herminia G&oacute;mez de Abad&iacute;a (1861-1926) [\/vc_column_text][\/vc_column][\/vc_row][vc_row full_width=&rdquo;stretch_row&rdquo; el_id=&rdquo;cuerpo&rdquo; css=&rdquo;.vc_custom_1762918414755{background-position: center !important;background-repeat: no-repeat !important;background-size: cover !important;}&rdquo;][vc_column][vc_column_text el_class=&rdquo;autoras__texto&rdquo;]Herminia G&oacute;mez de Abad&iacute;a (Colombia, 1861-1926) Also known as: Herminia G&oacute;mez Jaime de Abad&iacute;a,&hellip;","og_url":"https:\/\/eladd.org\/en\/other-authors\/herminia-gomez-de-abadia\/","og_site_name":"Eladd En","article_modified_time":"2025-11-12T03:33:43+00:00","og_image":[{"url":"https:\/\/eladd.org\/wp-content\/uploads\/2014\/07\/logo-footer.png","type":"","width":"","height":""}],"twitter_card":"summary_large_image","twitter_misc":{"Est. reading time":"3 minutes"},"schema":{"@context":"https:\/\/schema.org","@graph":[{"@type":"WebPage","@id":"https:\/\/eladd.org\/en\/other-authors\/herminia-gomez-de-abadia\/","url":"https:\/\/eladd.org\/en\/other-authors\/herminia-gomez-de-abadia\/","name":"Herminia G\u00f3mez de Abad\u00eda - Eladd En","isPartOf":{"@id":"https:\/\/eladd.org\/en\/#website"},"primaryImageOfPage":{"@id":"https:\/\/eladd.org\/en\/other-authors\/herminia-gomez-de-abadia\/#primaryimage"},"image":{"@id":"https:\/\/eladd.org\/en\/other-authors\/herminia-gomez-de-abadia\/#primaryimage"},"thumbnailUrl":"https:\/\/eladd.org\/wp-content\/uploads\/2014\/07\/logo-footer.png","datePublished":"2015-03-15T14:05:27+00:00","dateModified":"2025-11-12T03:33:43+00:00","breadcrumb":{"@id":"https:\/\/eladd.org\/en\/other-authors\/herminia-gomez-de-abadia\/#breadcrumb"},"inLanguage":"en-US","potentialAction":[{"@type":"ReadAction","target":["https:\/\/eladd.org\/en\/other-authors\/herminia-gomez-de-abadia\/"]}]},{"@type":"ImageObject","inLanguage":"en-US","@id":"https:\/\/eladd.org\/en\/other-authors\/herminia-gomez-de-abadia\/#primaryimage","url":"https:\/\/eladd.org\/wp-content\/uploads\/2014\/07\/logo-footer.png","contentUrl":"https:\/\/eladd.org\/wp-content\/uploads\/2014\/07\/logo-footer.png"},{"@type":"BreadcrumbList","@id":"https:\/\/eladd.org\/en\/other-authors\/herminia-gomez-de-abadia\/#breadcrumb","itemListElement":[{"@type":"ListItem","position":1,"name":"Home","item":"https:\/\/eladd.org\/en\/"},{"@type":"ListItem","position":2,"name":"Other Authors","item":"https:\/\/eladd.org\/en\/other-authors\/"},{"@type":"ListItem","position":3,"name":"Herminia G\u00f3mez de Abad\u00eda"}]},{"@type":"WebSite","@id":"https:\/\/eladd.org\/en\/#website","url":"https:\/\/eladd.org\/en\/","name":"Eladd En","description":"Ninteenth-Century Latin American Women Writers","publisher":{"@id":"https:\/\/eladd.org\/en\/#organization"},"potentialAction":[{"@type":"SearchAction","target":{"@type":"EntryPoint","urlTemplate":"https:\/\/eladd.org\/en\/?s={search_term_string}"},"query-input":{"@type":"PropertyValueSpecification","valueRequired":true,"valueName":"search_term_string"}}],"inLanguage":"en-US"},{"@type":"Organization","@id":"https:\/\/eladd.org\/en\/#organization","name":"Eladd En","url":"https:\/\/eladd.org\/en\/","logo":{"@type":"ImageObject","inLanguage":"en-US","@id":"https:\/\/eladd.org\/en\/#\/schema\/logo\/image\/","url":"https:\/\/eladd.org\/en\/wp-content\/uploads\/sites\/2\/2025\/07\/logo-eladd.png","contentUrl":"https:\/\/eladd.org\/en\/wp-content\/uploads\/sites\/2\/2025\/07\/logo-eladd.png","width":324,"height":77,"caption":"Eladd En"},"image":{"@id":"https:\/\/eladd.org\/en\/#\/schema\/logo\/image\/"}}]}},"_links":{"self":[{"href":"https:\/\/eladd.org\/en\/wp-json\/wp\/v2\/pages\/381","targetHints":{"allow":["GET"]}}],"collection":[{"href":"https:\/\/eladd.org\/en\/wp-json\/wp\/v2\/pages"}],"about":[{"href":"https:\/\/eladd.org\/en\/wp-json\/wp\/v2\/types\/page"}],"author":[{"embeddable":true,"href":"https:\/\/eladd.org\/en\/wp-json\/wp\/v2\/users\/3"}],"replies":[{"embeddable":true,"href":"https:\/\/eladd.org\/en\/wp-json\/wp\/v2\/comments?post=381"}],"version-history":[{"count":8,"href":"https:\/\/eladd.org\/en\/wp-json\/wp\/v2\/pages\/381\/revisions"}],"predecessor-version":[{"id":24797,"href":"https:\/\/eladd.org\/en\/wp-json\/wp\/v2\/pages\/381\/revisions\/24797"}],"up":[{"embeddable":true,"href":"https:\/\/eladd.org\/en\/wp-json\/wp\/v2\/pages\/98"}],"wp:attachment":[{"href":"https:\/\/eladd.org\/en\/wp-json\/wp\/v2\/media?parent=381"}],"curies":[{"name":"wp","href":"https:\/\/api.w.org\/{rel}","templated":true}]}}