{"id":390,"date":"2015-03-15T14:14:10","date_gmt":"2015-03-15T14:14:10","guid":{"rendered":"https:\/\/eladd.org\/en\/?page_id=390"},"modified":"2025-11-12T03:34:48","modified_gmt":"2025-11-12T03:34:48","slug":"carmen-hernandez-de-araujo","status":"publish","type":"page","link":"https:\/\/eladd.org\/en\/other-authors\/carmen-hernandez-de-araujo\/","title":{"rendered":"Carmen Hern\u00e1ndez de Araujo"},"content":{"rendered":"<div class=\"wpb-content-wrapper\">[vc_row full_width=&#8221;stretch_row&#8221; tablet_fullwidth_cols=&#8221;&#8221; bg_style=&#8221;repeat&#8221; css=&#8221;.vc_custom_1762918473794{background-position: 0 0 !important;background-repeat: repeat !important;}&#8221;][vc_column][vc_column_text el_class=&#8221;autoras__titulo&#8221;]\n<h2 style=\"text-align: center;\">Carmen Hern\u00e1ndez de Araujo<\/h2>\n<p style=\"text-align: center;\">(1871-1961)<br \/>\n<img loading=\"lazy\" decoding=\"async\" class=\"size-full wp-image-1816 aligncenter\" src=\"\/\/eladd.org\/wp-content\/uploads\/2015\/09\/icon-space.png\" alt=\"icon-space\" width=\"150\" height=\"8\" \/>[\/vc_column_text][\/vc_column][\/vc_row][vc_row full_width=&#8221;stretch_row&#8221; el_id=&#8221;cuerpo&#8221; css=&#8221;.vc_custom_1762918483226{background-position: center !important;background-repeat: no-repeat !important;background-size: cover !important;}&#8221;][vc_column][vc_column_text el_class=&#8221;autoras__texto&#8221;]<strong>Carmen Hern\u00e1ndez de Araujo (Puerto Rico, 1832-1877)<\/strong><\/p>\n<p>&nbsp;<\/p>\n<p>Author\u2019s Works: Original and Edited (Works are listed in chronological order)<br \/>\n(1846). <em>Amor ideal<\/em>. Puerto Rico: Imp. de Comercio.<\/p>\n<p>&#8212;. Puerto Rico: Imp. de Comercio, 1866.<\/p>\n<p>(1863). <em>Hacer bien al enemigo es imponerle el mejor castigo<\/em>. Puerto Rico: Imprenta de Bolet\u00edn.<\/p>\n<p>&#8212;. Puerto Rico: n.p., 1866.<\/p>\n<p>(1866). <em>Los deudos rivales<\/em>. Puerto Rico: Imp. de Comercio.<\/p>\n<p>&nbsp;<\/p>\n<p><strong>Critical Works (Reference Materials, Books, Book Chapters, Journal Articles, Encyclopedias, Theses\/Dissertations, Media and Internet Sources) <\/strong><\/p>\n<p>Angelis, Mar\u00eda Luisa A. <em>Mujeres puertorrique\u00f1as<\/em>. San Juan: Tipograf\u00eda Real Hermanos, 1910. 27-29.<\/p>\n<p>Colberg, C.E. <em>Esquema hist\u00f3rico-biogr\u00e1fico de la literatura antillana femenina en el siglo XIX<\/em>. Diss. U of North Carolina at Chapel Hill, 1989. Ann Arbor: UMI, 1989. 167-69.<\/p>\n<p>Cypess, Sandra L. \u201cLa dramaturgia femenina y su contexto socio-cultural.\u201d <em>Latin American Theatre Review<\/em> 13.3 (1980): 63-68.<\/p>\n<p>Hill, Marnesba and Harold Schliefer. <em>Puerto Rican Authors: A Biobibliographic Handbook<\/em>. Metuchen: Scarecrow Press, 1974. 120-21.<\/p>\n<p>Hormig\u00f3n, Juan A, Inmaculada Alvear and Alonso C. Rodr\u00edguez. <em>Autoras en la historia del teatro espa\u00f1ol<\/em> (Vol. 1). Madrid: Asociaci\u00f3n de directores de escena de Espa\u00f1a, 1996. 802-03.<\/p>\n<p>Morfi, Angelina. <em>Historia critica de un siglo de teatro puertorrique\u00f1o<\/em>. San Juan: Instituto de Cultura Puertorrique\u00f1a, 1980. 160-70.<\/p>\n<p>Negr\u00f3n Mu\u00f1oz, \u00c1ngela. <em>Mujeres de Puerto Rico \u2013 desde el per\u00edodo de colonizaci\u00f3n hasta el primer tercio del siglo XX<\/em>. San Juan: Imprenta Venezuela, 1935. 40-41.<\/p>\n<p>Ramos Escobar, Jos\u00e9 Luis. \u201cAntolog\u00eda de teatro puertorrique\u00f1o del siglo XX. Estudio preliminar.\u201d <em>Assaig de teatre: revista de l\u2019Associaci\u00f3 i experminentaci\u00f3 Teatral<\/em> 43 (2004): 51-85.<\/p>\n<p><img loading=\"lazy\" decoding=\"async\" class=\"aligncenter size-full wp-image-608\" src=\"https:\/\/eladd.org\/wp-content\/uploads\/2014\/02\/logo-footer-2.png\" alt=\"logo-footer-2\" width=\"260\" height=\"70\" \/>[\/vc_column_text][vc_single_image image=&#8221;660&#8243; alignment=&#8221;center&#8221; css=&#8221;.vc_custom_1446670823436{margin-top: 35px !important;}&#8221;][\/vc_column][\/vc_row]\n<\/div>","protected":false},"excerpt":{"rendered":"<p>[vc_row full_width=&rdquo;stretch_row&rdquo; tablet_fullwidth_cols=&rdquo;&rdquo; bg_style=&rdquo;repeat&rdquo; css=&rdquo;.vc_custom_1762918473794{background-position: 0 0 !important;background-repeat: repeat !important;}&rdquo;][vc_column][vc_column_text el_class=&rdquo;autoras__titulo&rdquo;] Carmen Hern&aacute;ndez de Araujo (1871-1961) [\/vc_column_text][\/vc_column][\/vc_row][vc_row full_width=&rdquo;stretch_row&rdquo; el_id=&rdquo;cuerpo&rdquo; css=&rdquo;.vc_custom_1762918483226{background-position: center !important;background-repeat: no-repeat !important;background-size: cover !important;}&rdquo;][vc_column][vc_column_text el_class=&rdquo;autoras__texto&rdquo;]Carmen Hern&aacute;ndez de Araujo (Puerto Rico, 1832-1877) &nbsp; Author&rsquo;s Works: Original and Edited (Works&hellip;<\/p>\n","protected":false},"author":3,"featured_media":0,"parent":98,"menu_order":0,"comment_status":"closed","ping_status":"closed","template":"","meta":{"footnotes":""},"class_list":["post-390","page","type-page","status-publish","hentry","entry","no-media"],"yoast_head":"<!-- This site is optimized with the Yoast SEO plugin v26.1.1 - https:\/\/yoast.com\/wordpress\/plugins\/seo\/ -->\n<title>Carmen Hern\u00e1ndez de Araujo - Eladd En<\/title>\n<meta name=\"robots\" content=\"index, follow, max-snippet:-1, max-image-preview:large, max-video-preview:-1\" \/>\n<link rel=\"canonical\" href=\"https:\/\/eladd.org\/en\/other-authors\/carmen-hernandez-de-araujo\/\" \/>\n<meta property=\"og:locale\" content=\"en_US\" \/>\n<meta property=\"og:type\" content=\"article\" \/>\n<meta property=\"og:title\" content=\"Carmen Hern\u00e1ndez de Araujo - Eladd En\" \/>\n<meta property=\"og:description\" content=\"[vc_row full_width=&rdquo;stretch_row&rdquo; tablet_fullwidth_cols=&rdquo;&rdquo; bg_style=&rdquo;repeat&rdquo; css=&rdquo;.vc_custom_1762918473794{background-position: 0 0 !important;background-repeat: repeat !important;}&rdquo;][vc_column][vc_column_text el_class=&rdquo;autoras__titulo&rdquo;] Carmen Hern&aacute;ndez de Araujo (1871-1961) [\/vc_column_text][\/vc_column][\/vc_row][vc_row full_width=&rdquo;stretch_row&rdquo; el_id=&rdquo;cuerpo&rdquo; css=&rdquo;.vc_custom_1762918483226{background-position: center !important;background-repeat: no-repeat !important;background-size: cover !important;}&rdquo;][vc_column][vc_column_text el_class=&rdquo;autoras__texto&rdquo;]Carmen Hern&aacute;ndez de Araujo (Puerto Rico, 1832-1877) &nbsp; Author&rsquo;s Works: Original and Edited (Works&hellip;\" \/>\n<meta property=\"og:url\" content=\"https:\/\/eladd.org\/en\/other-authors\/carmen-hernandez-de-araujo\/\" \/>\n<meta property=\"og:site_name\" content=\"Eladd En\" \/>\n<meta property=\"article:modified_time\" content=\"2025-11-12T03:34:48+00:00\" \/>\n<meta property=\"og:image\" content=\"https:\/\/eladd.org\/wp-content\/uploads\/2014\/02\/logo-footer-2.png\" \/>\n<meta name=\"twitter:card\" content=\"summary_large_image\" \/>\n<meta name=\"twitter:label1\" content=\"Est. reading time\" \/>\n\t<meta name=\"twitter:data1\" content=\"2 minutes\" \/>\n<script type=\"application\/ld+json\" class=\"yoast-schema-graph\">{\"@context\":\"https:\/\/schema.org\",\"@graph\":[{\"@type\":\"WebPage\",\"@id\":\"https:\/\/eladd.org\/en\/other-authors\/carmen-hernandez-de-araujo\/\",\"url\":\"https:\/\/eladd.org\/en\/other-authors\/carmen-hernandez-de-araujo\/\",\"name\":\"Carmen Hern\u00e1ndez de Araujo - Eladd En\",\"isPartOf\":{\"@id\":\"https:\/\/eladd.org\/en\/#website\"},\"primaryImageOfPage\":{\"@id\":\"https:\/\/eladd.org\/en\/other-authors\/carmen-hernandez-de-araujo\/#primaryimage\"},\"image\":{\"@id\":\"https:\/\/eladd.org\/en\/other-authors\/carmen-hernandez-de-araujo\/#primaryimage\"},\"thumbnailUrl\":\"https:\/\/eladd.org\/wp-content\/uploads\/2014\/02\/logo-footer-2.png\",\"datePublished\":\"2015-03-15T14:14:10+00:00\",\"dateModified\":\"2025-11-12T03:34:48+00:00\",\"breadcrumb\":{\"@id\":\"https:\/\/eladd.org\/en\/other-authors\/carmen-hernandez-de-araujo\/#breadcrumb\"},\"inLanguage\":\"en-US\",\"potentialAction\":[{\"@type\":\"ReadAction\",\"target\":[\"https:\/\/eladd.org\/en\/other-authors\/carmen-hernandez-de-araujo\/\"]}]},{\"@type\":\"ImageObject\",\"inLanguage\":\"en-US\",\"@id\":\"https:\/\/eladd.org\/en\/other-authors\/carmen-hernandez-de-araujo\/#primaryimage\",\"url\":\"https:\/\/eladd.org\/wp-content\/uploads\/2014\/02\/logo-footer-2.png\",\"contentUrl\":\"https:\/\/eladd.org\/wp-content\/uploads\/2014\/02\/logo-footer-2.png\"},{\"@type\":\"BreadcrumbList\",\"@id\":\"https:\/\/eladd.org\/en\/other-authors\/carmen-hernandez-de-araujo\/#breadcrumb\",\"itemListElement\":[{\"@type\":\"ListItem\",\"position\":1,\"name\":\"Home\",\"item\":\"https:\/\/eladd.org\/en\/\"},{\"@type\":\"ListItem\",\"position\":2,\"name\":\"Other Authors\",\"item\":\"https:\/\/eladd.org\/en\/other-authors\/\"},{\"@type\":\"ListItem\",\"position\":3,\"name\":\"Carmen Hern\u00e1ndez de Araujo\"}]},{\"@type\":\"WebSite\",\"@id\":\"https:\/\/eladd.org\/en\/#website\",\"url\":\"https:\/\/eladd.org\/en\/\",\"name\":\"Eladd En\",\"description\":\"Ninteenth-Century Latin American Women Writers\",\"publisher\":{\"@id\":\"https:\/\/eladd.org\/en\/#organization\"},\"potentialAction\":[{\"@type\":\"SearchAction\",\"target\":{\"@type\":\"EntryPoint\",\"urlTemplate\":\"https:\/\/eladd.org\/en\/?s={search_term_string}\"},\"query-input\":{\"@type\":\"PropertyValueSpecification\",\"valueRequired\":true,\"valueName\":\"search_term_string\"}}],\"inLanguage\":\"en-US\"},{\"@type\":\"Organization\",\"@id\":\"https:\/\/eladd.org\/en\/#organization\",\"name\":\"Eladd En\",\"url\":\"https:\/\/eladd.org\/en\/\",\"logo\":{\"@type\":\"ImageObject\",\"inLanguage\":\"en-US\",\"@id\":\"https:\/\/eladd.org\/en\/#\/schema\/logo\/image\/\",\"url\":\"https:\/\/eladd.org\/en\/wp-content\/uploads\/sites\/2\/2025\/07\/logo-eladd.png\",\"contentUrl\":\"https:\/\/eladd.org\/en\/wp-content\/uploads\/sites\/2\/2025\/07\/logo-eladd.png\",\"width\":324,\"height\":77,\"caption\":\"Eladd En\"},\"image\":{\"@id\":\"https:\/\/eladd.org\/en\/#\/schema\/logo\/image\/\"}}]}<\/script>\n<!-- \/ Yoast SEO plugin. -->","yoast_head_json":{"title":"Carmen Hern\u00e1ndez de Araujo - Eladd En","robots":{"index":"index","follow":"follow","max-snippet":"max-snippet:-1","max-image-preview":"max-image-preview:large","max-video-preview":"max-video-preview:-1"},"canonical":"https:\/\/eladd.org\/en\/other-authors\/carmen-hernandez-de-araujo\/","og_locale":"en_US","og_type":"article","og_title":"Carmen Hern\u00e1ndez de Araujo - Eladd En","og_description":"[vc_row full_width=&rdquo;stretch_row&rdquo; tablet_fullwidth_cols=&rdquo;&rdquo; bg_style=&rdquo;repeat&rdquo; css=&rdquo;.vc_custom_1762918473794{background-position: 0 0 !important;background-repeat: repeat !important;}&rdquo;][vc_column][vc_column_text el_class=&rdquo;autoras__titulo&rdquo;] Carmen Hern&aacute;ndez de Araujo (1871-1961) [\/vc_column_text][\/vc_column][\/vc_row][vc_row full_width=&rdquo;stretch_row&rdquo; el_id=&rdquo;cuerpo&rdquo; css=&rdquo;.vc_custom_1762918483226{background-position: center !important;background-repeat: no-repeat !important;background-size: cover !important;}&rdquo;][vc_column][vc_column_text el_class=&rdquo;autoras__texto&rdquo;]Carmen Hern&aacute;ndez de Araujo (Puerto Rico, 1832-1877) &nbsp; Author&rsquo;s Works: Original and Edited (Works&hellip;","og_url":"https:\/\/eladd.org\/en\/other-authors\/carmen-hernandez-de-araujo\/","og_site_name":"Eladd En","article_modified_time":"2025-11-12T03:34:48+00:00","og_image":[{"url":"https:\/\/eladd.org\/wp-content\/uploads\/2014\/02\/logo-footer-2.png","type":"","width":"","height":""}],"twitter_card":"summary_large_image","twitter_misc":{"Est. reading time":"2 minutes"},"schema":{"@context":"https:\/\/schema.org","@graph":[{"@type":"WebPage","@id":"https:\/\/eladd.org\/en\/other-authors\/carmen-hernandez-de-araujo\/","url":"https:\/\/eladd.org\/en\/other-authors\/carmen-hernandez-de-araujo\/","name":"Carmen Hern\u00e1ndez de Araujo - Eladd En","isPartOf":{"@id":"https:\/\/eladd.org\/en\/#website"},"primaryImageOfPage":{"@id":"https:\/\/eladd.org\/en\/other-authors\/carmen-hernandez-de-araujo\/#primaryimage"},"image":{"@id":"https:\/\/eladd.org\/en\/other-authors\/carmen-hernandez-de-araujo\/#primaryimage"},"thumbnailUrl":"https:\/\/eladd.org\/wp-content\/uploads\/2014\/02\/logo-footer-2.png","datePublished":"2015-03-15T14:14:10+00:00","dateModified":"2025-11-12T03:34:48+00:00","breadcrumb":{"@id":"https:\/\/eladd.org\/en\/other-authors\/carmen-hernandez-de-araujo\/#breadcrumb"},"inLanguage":"en-US","potentialAction":[{"@type":"ReadAction","target":["https:\/\/eladd.org\/en\/other-authors\/carmen-hernandez-de-araujo\/"]}]},{"@type":"ImageObject","inLanguage":"en-US","@id":"https:\/\/eladd.org\/en\/other-authors\/carmen-hernandez-de-araujo\/#primaryimage","url":"https:\/\/eladd.org\/wp-content\/uploads\/2014\/02\/logo-footer-2.png","contentUrl":"https:\/\/eladd.org\/wp-content\/uploads\/2014\/02\/logo-footer-2.png"},{"@type":"BreadcrumbList","@id":"https:\/\/eladd.org\/en\/other-authors\/carmen-hernandez-de-araujo\/#breadcrumb","itemListElement":[{"@type":"ListItem","position":1,"name":"Home","item":"https:\/\/eladd.org\/en\/"},{"@type":"ListItem","position":2,"name":"Other Authors","item":"https:\/\/eladd.org\/en\/other-authors\/"},{"@type":"ListItem","position":3,"name":"Carmen Hern\u00e1ndez de Araujo"}]},{"@type":"WebSite","@id":"https:\/\/eladd.org\/en\/#website","url":"https:\/\/eladd.org\/en\/","name":"Eladd En","description":"Ninteenth-Century Latin American Women Writers","publisher":{"@id":"https:\/\/eladd.org\/en\/#organization"},"potentialAction":[{"@type":"SearchAction","target":{"@type":"EntryPoint","urlTemplate":"https:\/\/eladd.org\/en\/?s={search_term_string}"},"query-input":{"@type":"PropertyValueSpecification","valueRequired":true,"valueName":"search_term_string"}}],"inLanguage":"en-US"},{"@type":"Organization","@id":"https:\/\/eladd.org\/en\/#organization","name":"Eladd En","url":"https:\/\/eladd.org\/en\/","logo":{"@type":"ImageObject","inLanguage":"en-US","@id":"https:\/\/eladd.org\/en\/#\/schema\/logo\/image\/","url":"https:\/\/eladd.org\/en\/wp-content\/uploads\/sites\/2\/2025\/07\/logo-eladd.png","contentUrl":"https:\/\/eladd.org\/en\/wp-content\/uploads\/sites\/2\/2025\/07\/logo-eladd.png","width":324,"height":77,"caption":"Eladd En"},"image":{"@id":"https:\/\/eladd.org\/en\/#\/schema\/logo\/image\/"}}]}},"_links":{"self":[{"href":"https:\/\/eladd.org\/en\/wp-json\/wp\/v2\/pages\/390","targetHints":{"allow":["GET"]}}],"collection":[{"href":"https:\/\/eladd.org\/en\/wp-json\/wp\/v2\/pages"}],"about":[{"href":"https:\/\/eladd.org\/en\/wp-json\/wp\/v2\/types\/page"}],"author":[{"embeddable":true,"href":"https:\/\/eladd.org\/en\/wp-json\/wp\/v2\/users\/3"}],"replies":[{"embeddable":true,"href":"https:\/\/eladd.org\/en\/wp-json\/wp\/v2\/comments?post=390"}],"version-history":[{"count":5,"href":"https:\/\/eladd.org\/en\/wp-json\/wp\/v2\/pages\/390\/revisions"}],"predecessor-version":[{"id":24799,"href":"https:\/\/eladd.org\/en\/wp-json\/wp\/v2\/pages\/390\/revisions\/24799"}],"up":[{"embeddable":true,"href":"https:\/\/eladd.org\/en\/wp-json\/wp\/v2\/pages\/98"}],"wp:attachment":[{"href":"https:\/\/eladd.org\/en\/wp-json\/wp\/v2\/media?parent=390"}],"curies":[{"name":"wp","href":"https:\/\/api.w.org\/{rel}","templated":true}]}}