{"id":400,"date":"2015-03-15T14:26:16","date_gmt":"2015-03-15T14:26:16","guid":{"rendered":"https:\/\/eladd.org\/en\/?page_id=400"},"modified":"2025-11-12T03:37:42","modified_gmt":"2025-11-12T03:37:42","slug":"mercedes-marin-del-solar","status":"publish","type":"page","link":"https:\/\/eladd.org\/en\/other-authors\/mercedes-marin-del-solar\/","title":{"rendered":"Mercedes Mar\u00edn del Solar"},"content":{"rendered":"<div class=\"wpb-content-wrapper\">[vc_row full_width=&#8221;stretch_row&#8221; tablet_fullwidth_cols=&#8221;&#8221; bg_style=&#8221;repeat&#8221; css=&#8221;.vc_custom_1762918650204{background-position: 0 0 !important;background-repeat: repeat !important;}&#8221;][vc_column][vc_column_text el_class=&#8221;autoras__titulo&#8221;]\n<h2 style=\"text-align: center;\">Mercedes Mar\u00edn del Solar<\/h2>\n<p style=\"text-align: center;\">(1804-1866)<br \/>\n<img loading=\"lazy\" decoding=\"async\" class=\"size-full wp-image-1816 aligncenter\" src=\"\/\/eladd.org\/wp-content\/uploads\/2015\/09\/icon-space.png\" alt=\"icon-space\" width=\"150\" height=\"8\" \/>[\/vc_column_text][\/vc_column][\/vc_row][vc_row full_width=&#8221;stretch_row&#8221; el_id=&#8221;cuerpo&#8221; css=&#8221;.vc_custom_1762918657569{background-position: center !important;background-repeat: no-repeat !important;background-size: cover !important;}&#8221;][vc_column][vc_column_text el_class=&#8221;autoras__texto&#8221;]<strong>Mercedes Mar\u00edn del Solar (Chile, 1804-1866)<\/strong><\/p>\n<p><img loading=\"lazy\" decoding=\"async\" class=\"size-medium wp-image-1202 alignright\" src=\"https:\/\/eladd.org\/wp-content\/uploads\/2015\/03\/mercedes-242x300.png\" alt=\"mercedes\" width=\"242\" height=\"300\" \/><\/p>\n<p><strong>Author\u2019s Works: Original and Edited (Works are listed in chronological order)<br \/>\n<\/strong><\/p>\n<p>(1837). <em>Canto f\u00fanebre de homenaje de gratitud a la memoria del benem\u00e9rito Ministro Don Diego Portales<\/em>. Santiago: Imprenta de La Opini\u00f3n.<\/p>\n<p>(1843). <em>Elojio hist\u00f3rico del Ilustr\u00edsimo se\u00f1or don Manuel Vicu\u00f1a, primer arzobispo de esta Santa Iglesia Metropolitana de Santiago de Chile<\/em>. Santiago: Imprenta de La Opini\u00f3n.<\/p>\n<p>(1847). <em>Rasgo biogr\u00e1fico que consagra a la memoria del arcedeano D. Jos\u00e9 Miguel de Solar<\/em>. Santiago: Imprenta de El Progreso.<\/p>\n<p>(1855). <em>La caridad: ofrenda dedicada a la se\u00f1ora, do\u00f1a Antonia Salas, Presidenta de la Sociedad de Beneficencia<\/em>. Santiago: Imprenta Nacional.<\/p>\n<p>(1858). <em>Canto f\u00fanebre a la memoria del ciudadano Jos\u00e9 Romero: drama chileno<\/em>. Santiago: Imprenta del Conservador.<\/p>\n<p>(1867). Ed. Enrique del Solar. <em>Escepticismo i f\u00e9: leyenda religiosa<\/em>. Imprenta del Independiente.<\/p>\n<p>(1869). <em>La tumba de Err\u00e1zuriz: leyenda<\/em>. Valpara\u00edso: Imprenta de la Patria.<\/p>\n<p>(1874). Ed. Enrique del Solar. <em>Poes\u00edas de la se\u00f1ora do\u00f1a Mercedes Mar\u00edn del Solar<\/em>. Santiago: Imprenta A. Bello.<\/p>\n<p>(1874). <em>La novia i la carta: leyenda<\/em>. Santiago: Imprenta de La Estrella de Chile.<\/p>\n<p>(1875). Ed. Jos\u00e9 Domingo Cort\u00e9s. <em>Poetisas americanas. Ramillete po\u00e9tico del bello sexo hispano-americano<\/em>. Paris-Mexico City: 1875. 59-71.<\/p>\n<p>(1974). Ed. Nina Donoso Correa. <em>Antolog\u00eda de la poes\u00eda femenina chilena<\/em>. Santiago: Ediciones Septiembre. 10-21.<\/p>\n<p>(1975). Ed. Jos\u00e9 Promis Ojeda. <em>Poes\u00eda rom\u00e1ntica chilena<\/em>. Santiago: Editorial Nascimento. 17-31.<\/p>\n<p>(1959). Ed. Ra\u00fal Silva Castro. <em>Antolog\u00eda general de la poes\u00eda chilena<\/em>. Santiago: Empresa Editora Zig-Zag. 45-7.<\/p>\n<p><strong><br \/>\nCritical Works (Reference Materials, Books, Book Chapters, Journal Articles, Encyclopedias, Theses\/Dissertations, Media and Internet Sources)<\/strong><\/p>\n<p>Amun\u00e1tegui Aldunate, Miguel Luis. <em>La alborada po\u00e9tica en Chile despu\u00e9s del 18 de septiembre de 1810<\/em>. Santiago: Imprenta Nacional, 1892. 475-556.<\/p>\n<p>&#8212;. <em>Da. Mercedes Mar\u00edn del Solar<\/em>. Santiago: Imprenta de la Rep\u00fablica, 1867.<\/p>\n<p>Andr\u00e9, Mar\u00eda Claudia and Eva Paulina Bueno, eds. <em>Latin American Women Writers: An Encyclopedia<\/em>. New York: Routledge, 2008. 310-11.<\/p>\n<p>A. P. \u201cLa poes\u00eda femenina en Chile desde 1837 hasta 1914.\u201d <em>La Ma\u00f1ana<\/em> (Chill\u00e1n) 21 nov. 1984: 3.<\/p>\n<p>Burgos, Camila y Marcela Prado. \u201cDesaf\u00edos de las pioneras.\u201d <em>El Mercurio<\/em> (Santiago) 25 julio 1993: 1, 4-6, 8.<\/p>\n<p>C. A. Z. \u201cDo\u00f1a Mercedes Mar\u00edn del Solar, poetisa y pionera.\u201d <em>El Diario de Ays\u00e9n<\/em> 11 abril 1994.<\/p>\n<p>Donoso Correa, Nina, ed. \u201cMercedes Marin del Solar.\u201d <em>Antolog\u00eda de la poes\u00eda femenina chilena<\/em>. Santiago: Ediciones Septiembre, 1974. 9.<\/p>\n<p>Dussuel, Francisco. <em>Literatura chilena del siglo XVI al XIX<\/em>. Tomo 1. Santiago: Ediciones Paulinas, 1959. 112, 228, 229-34, 301, 345-46.<\/p>\n<p>Fap. \u201cMercedes Mar\u00edn del Solar.\u201d <em>El D\u00eda<\/em> 21 dec. 2000: 4.<\/p>\n<p>Figueroa, Pedro Pablo. <em>Diccionario biogr\u00e1fico de Chile<\/em>. Tomo 2. Santiago: Imprenta Litograf\u00eda y Encuadernaci\u00f3n Barcelona, 1897. 246-51.<\/p>\n<p>Fletcher, Lea. <em>Mujeres y cultura en la Argentina del siglo XIX<\/em>. Buenos Aires: Feminaria Editora, 1994. 60, 68.<\/p>\n<p>Fuente, Dar\u00edo de la. \u201cLa Primera poetisa de Chile.\u201d <em>La Prensa<\/em> (Curic\u00f3) 15 Junio 1996: 6.<\/p>\n<p>&#8212;. \u201cMercedes Mar\u00edn del Solar.\u201d <em>La Regi\u00f3n<\/em> (San Fernando) 1 feb. 1995: 3.<\/p>\n<p>Gonz\u00e1lez Colville, Jaime. \u201cMercedes Mar\u00edn del Solar, gestadora de la poes\u00eda chilena.\u201d <em>El Heraldo<\/em> 25 dec. 1975: 2.<\/p>\n<p>Gonz\u00e1lez Colville, Juan Carlos. \u201cDos mujeres notables.\u201d <em>El Heraldo<\/em> 9 sept. 1994: 3.<\/p>\n<p>H\u00fcbner, Douglas. <em>He aqu\u00ed el mar: una mirada desde la poes\u00eda chilena<\/em>. Santiago: Inverlink, 2002.<\/p>\n<p>\u201cLa Pluma femenina.\u201d <em>El D\u00eda<\/em> 12 Junio 1988: 8.<\/p>\n<p>\u201cLa primera poetisa de Chile.\u201d <em>La Prensa<\/em> (Curic\u00f3) 15 Junio 1996: 6.<\/p>\n<p>\u201cMercedes Mar\u00edn.\u201d <em>La Tercera<\/em> 19 enero 1979.<\/p>\n<p>\u201cMercedes Mar\u00edn de Solar.\u201d <em>Diccionario biogr\u00e1fico de Chile<\/em>. Tomo 2. Ed. Pedro Pablo Figueroa. La Habana: Imprenta i Encuardenaci\u00f3n Barcelona, 1897. 246-51.<\/p>\n<p>\u201cMercedes Mar\u00edn del Solar.\u201d <em>El D\u00eda <\/em>21 dec. 2000.<\/p>\n<p>\u201cMercedes Mar\u00edn del Solar.\u201d <em>La Prensa<\/em> (Vallenar, Chile) 21 dec. 1971: 3.<\/p>\n<p>Milla, Luis A. \u201cMercedes Mar\u00edn del Solar.\u201d <em>Negro en el Blanco<\/em> 22 feb. 1988: 8.<\/p>\n<p>Morgado, Benjamin. \u201cPoetisa nacida con la independencia.\u201d La Naci\u00f3n 19 sept. 1983: 2.<\/p>\n<p>Oses, Dar\u00edo. \u201cLa conversaci\u00f3n literaria: un cap\u00edtulo de la historia de la lectura en Chile. Salones, tertulias, ateneos, en Chile, en los siglos XIX y XX.\u201d <em>Anales de literatura chilena <\/em>17 (junio 2012): 43.<\/p>\n<p>Palma Z\u00fa\u00f1iga, Luis. \u201cMercedes Mar\u00edn del Solar.\u201d <em>La Tercera de la Hora<\/em> 26 dec. 1976: 3.<\/p>\n<p>Peralta Herrera, Galvarino. \u201cMercedes Mar\u00edn del Solar, poetisa en su vida y en su obra.\u201d <em>El D\u00eda<\/em> 30 Abril 2006: 18.<\/p>\n<p>Ram\u00edrez Fern\u00e1ndez, Julio. \u201cMercedes Mar\u00edn del Solar.\u201d <em>La Prensa Austral <\/em>(Punta Arenas) 14 feb. 1975: 2.<\/p>\n<p>Rocco del Canto, Manuel. \u201cNoticiero de aqu\u00ed y all\u00e1.\u201d <em>Atacama<\/em> 27 marzo 1994: 3.<\/p>\n<p>Rodr\u00edguez Trujillo, Carlos. \u201cMercedes Mar\u00edn, poetisa y madre respetable.\u201d <em>El Ovallino<\/em> 13 Mayo 1990: 8-9.<\/p>\n<p>Sabella, Andr\u00e9s. \u201cD. Mercedes Mar\u00edn del Solar.\u201d <em>Las \u00daltimas Noticias<\/em> 20 julio 1977: 4.<\/p>\n<p>Sandoval, Abel. \u201cFucilazo.\u201d <em>La Tribuna <\/em>25 Marzo 1987: 3.<\/p>\n<p>Silva Castro, Ra\u00fal, ed. <em>Antolog\u00eda general de la poes\u00eda chilena<\/em>. Santiago: Empresa Editora Zig-Zag. 1959. 44-5.<\/p>\n<p>Simpson Trostel, Adolfo. \u201cPortales, y su coraz\u00f3n.\u201d <em>El Mercurio<\/em> (Valpara\u00edso) 15 Junio 1993: A3.<\/p>\n<p>Su\u00e1rez, Jos\u00e9 Bernardo. <em>Rasgos biogr\u00e1ficos de mujeres c\u00e9lebres de Am\u00e9rica: escritos, traducidos i extractados para el uso de las j\u00f3venes<\/em>. Paris: Imp. Jules Le Clere, 1878. 135-38.<\/p>\n<p>Traverso, Ana. \u201cSer mujer y escribir en Chile: canon, cr\u00edtica y concepciones de g\u00e9nero.\u201d <em>Anales de literature chilena<\/em> 20 (dec. 2013): 74.<\/p>\n<p>Valenzuela Solis de Ovando, Carlos. <em>Mujeres de Chile<\/em>. Santiago: Editorial And\u00fajar, 1995. 201-2.<\/p>\n<p>Valle, Luciano del. \u201cMercedes Mar\u00edn.\u201d <em>La Naci\u00f3n<\/em> 28 julio 1983: 2.<\/p>\n<p>Vargas Badilla, Jos\u00e9. \u201cDos poetisas del pasado.\u201d <em>La Regi\u00f3n<\/em> 31 julio 1993: 3.<\/p>\n<p><img loading=\"lazy\" decoding=\"async\" class=\"aligncenter size-full wp-image-608\" src=\"https:\/\/eladd.org\/wp-content\/uploads\/2014\/02\/logo-footer-2.png\" alt=\"logo-footer-2\" width=\"260\" height=\"70\" \/>[\/vc_column_text][vc_single_image image=&#8221;660&#8243; alignment=&#8221;center&#8221; css=&#8221;.vc_custom_1446670823436{margin-top: 35px !important;}&#8221;][\/vc_column][\/vc_row]\n<\/div>","protected":false},"excerpt":{"rendered":"<p>[vc_row full_width=&rdquo;stretch_row&rdquo; tablet_fullwidth_cols=&rdquo;&rdquo; bg_style=&rdquo;repeat&rdquo; css=&rdquo;.vc_custom_1762918650204{background-position: 0 0 !important;background-repeat: repeat !important;}&rdquo;][vc_column][vc_column_text el_class=&rdquo;autoras__titulo&rdquo;] Mercedes Mar&iacute;n del Solar (1804-1866) [\/vc_column_text][\/vc_column][\/vc_row][vc_row full_width=&rdquo;stretch_row&rdquo; el_id=&rdquo;cuerpo&rdquo; css=&rdquo;.vc_custom_1762918657569{background-position: center !important;background-repeat: no-repeat !important;background-size: cover !important;}&rdquo;][vc_column][vc_column_text el_class=&rdquo;autoras__texto&rdquo;]Mercedes Mar&iacute;n del Solar (Chile, 1804-1866) Author&rsquo;s Works: Original and Edited (Works are listed&hellip;<\/p>\n","protected":false},"author":3,"featured_media":0,"parent":98,"menu_order":0,"comment_status":"closed","ping_status":"closed","template":"","meta":{"footnotes":""},"class_list":["post-400","page","type-page","status-publish","hentry","entry","no-media"],"yoast_head":"<!-- This site is optimized with the Yoast SEO plugin v26.1.1 - https:\/\/yoast.com\/wordpress\/plugins\/seo\/ -->\n<title>Mercedes Mar\u00edn del Solar - Eladd En<\/title>\n<meta name=\"robots\" content=\"index, follow, max-snippet:-1, max-image-preview:large, max-video-preview:-1\" \/>\n<link rel=\"canonical\" href=\"https:\/\/eladd.org\/en\/other-authors\/mercedes-marin-del-solar\/\" \/>\n<meta property=\"og:locale\" content=\"en_US\" \/>\n<meta property=\"og:type\" content=\"article\" \/>\n<meta property=\"og:title\" content=\"Mercedes Mar\u00edn del Solar - Eladd En\" \/>\n<meta property=\"og:description\" content=\"[vc_row full_width=&rdquo;stretch_row&rdquo; tablet_fullwidth_cols=&rdquo;&rdquo; bg_style=&rdquo;repeat&rdquo; css=&rdquo;.vc_custom_1762918650204{background-position: 0 0 !important;background-repeat: repeat !important;}&rdquo;][vc_column][vc_column_text el_class=&rdquo;autoras__titulo&rdquo;] Mercedes Mar&iacute;n del Solar (1804-1866) [\/vc_column_text][\/vc_column][\/vc_row][vc_row full_width=&rdquo;stretch_row&rdquo; el_id=&rdquo;cuerpo&rdquo; css=&rdquo;.vc_custom_1762918657569{background-position: center !important;background-repeat: no-repeat !important;background-size: cover !important;}&rdquo;][vc_column][vc_column_text el_class=&rdquo;autoras__texto&rdquo;]Mercedes Mar&iacute;n del Solar (Chile, 1804-1866) Author&rsquo;s Works: Original and Edited (Works are listed&hellip;\" \/>\n<meta property=\"og:url\" content=\"https:\/\/eladd.org\/en\/other-authors\/mercedes-marin-del-solar\/\" \/>\n<meta property=\"og:site_name\" content=\"Eladd En\" \/>\n<meta property=\"article:modified_time\" content=\"2025-11-12T03:37:42+00:00\" \/>\n<meta property=\"og:image\" content=\"https:\/\/eladd.org\/wp-content\/uploads\/2015\/03\/mercedes-242x300.png\" \/>\n<meta name=\"twitter:card\" content=\"summary_large_image\" \/>\n<meta name=\"twitter:label1\" content=\"Est. reading time\" \/>\n\t<meta name=\"twitter:data1\" content=\"5 minutes\" \/>\n<script type=\"application\/ld+json\" class=\"yoast-schema-graph\">{\"@context\":\"https:\/\/schema.org\",\"@graph\":[{\"@type\":\"WebPage\",\"@id\":\"https:\/\/eladd.org\/en\/other-authors\/mercedes-marin-del-solar\/\",\"url\":\"https:\/\/eladd.org\/en\/other-authors\/mercedes-marin-del-solar\/\",\"name\":\"Mercedes Mar\u00edn del Solar - Eladd En\",\"isPartOf\":{\"@id\":\"https:\/\/eladd.org\/en\/#website\"},\"primaryImageOfPage\":{\"@id\":\"https:\/\/eladd.org\/en\/other-authors\/mercedes-marin-del-solar\/#primaryimage\"},\"image\":{\"@id\":\"https:\/\/eladd.org\/en\/other-authors\/mercedes-marin-del-solar\/#primaryimage\"},\"thumbnailUrl\":\"https:\/\/eladd.org\/wp-content\/uploads\/2015\/03\/mercedes-242x300.png\",\"datePublished\":\"2015-03-15T14:26:16+00:00\",\"dateModified\":\"2025-11-12T03:37:42+00:00\",\"breadcrumb\":{\"@id\":\"https:\/\/eladd.org\/en\/other-authors\/mercedes-marin-del-solar\/#breadcrumb\"},\"inLanguage\":\"en-US\",\"potentialAction\":[{\"@type\":\"ReadAction\",\"target\":[\"https:\/\/eladd.org\/en\/other-authors\/mercedes-marin-del-solar\/\"]}]},{\"@type\":\"ImageObject\",\"inLanguage\":\"en-US\",\"@id\":\"https:\/\/eladd.org\/en\/other-authors\/mercedes-marin-del-solar\/#primaryimage\",\"url\":\"https:\/\/eladd.org\/wp-content\/uploads\/2015\/03\/mercedes-242x300.png\",\"contentUrl\":\"https:\/\/eladd.org\/wp-content\/uploads\/2015\/03\/mercedes-242x300.png\"},{\"@type\":\"BreadcrumbList\",\"@id\":\"https:\/\/eladd.org\/en\/other-authors\/mercedes-marin-del-solar\/#breadcrumb\",\"itemListElement\":[{\"@type\":\"ListItem\",\"position\":1,\"name\":\"Home\",\"item\":\"https:\/\/eladd.org\/en\/\"},{\"@type\":\"ListItem\",\"position\":2,\"name\":\"Other Authors\",\"item\":\"https:\/\/eladd.org\/en\/other-authors\/\"},{\"@type\":\"ListItem\",\"position\":3,\"name\":\"Mercedes Mar\u00edn del Solar\"}]},{\"@type\":\"WebSite\",\"@id\":\"https:\/\/eladd.org\/en\/#website\",\"url\":\"https:\/\/eladd.org\/en\/\",\"name\":\"Eladd En\",\"description\":\"Ninteenth-Century Latin American Women Writers\",\"publisher\":{\"@id\":\"https:\/\/eladd.org\/en\/#organization\"},\"potentialAction\":[{\"@type\":\"SearchAction\",\"target\":{\"@type\":\"EntryPoint\",\"urlTemplate\":\"https:\/\/eladd.org\/en\/?s={search_term_string}\"},\"query-input\":{\"@type\":\"PropertyValueSpecification\",\"valueRequired\":true,\"valueName\":\"search_term_string\"}}],\"inLanguage\":\"en-US\"},{\"@type\":\"Organization\",\"@id\":\"https:\/\/eladd.org\/en\/#organization\",\"name\":\"Eladd En\",\"url\":\"https:\/\/eladd.org\/en\/\",\"logo\":{\"@type\":\"ImageObject\",\"inLanguage\":\"en-US\",\"@id\":\"https:\/\/eladd.org\/en\/#\/schema\/logo\/image\/\",\"url\":\"https:\/\/eladd.org\/en\/wp-content\/uploads\/sites\/2\/2025\/07\/logo-eladd.png\",\"contentUrl\":\"https:\/\/eladd.org\/en\/wp-content\/uploads\/sites\/2\/2025\/07\/logo-eladd.png\",\"width\":324,\"height\":77,\"caption\":\"Eladd En\"},\"image\":{\"@id\":\"https:\/\/eladd.org\/en\/#\/schema\/logo\/image\/\"}}]}<\/script>\n<!-- \/ Yoast SEO plugin. -->","yoast_head_json":{"title":"Mercedes Mar\u00edn del Solar - Eladd En","robots":{"index":"index","follow":"follow","max-snippet":"max-snippet:-1","max-image-preview":"max-image-preview:large","max-video-preview":"max-video-preview:-1"},"canonical":"https:\/\/eladd.org\/en\/other-authors\/mercedes-marin-del-solar\/","og_locale":"en_US","og_type":"article","og_title":"Mercedes Mar\u00edn del Solar - Eladd En","og_description":"[vc_row full_width=&rdquo;stretch_row&rdquo; tablet_fullwidth_cols=&rdquo;&rdquo; bg_style=&rdquo;repeat&rdquo; css=&rdquo;.vc_custom_1762918650204{background-position: 0 0 !important;background-repeat: repeat !important;}&rdquo;][vc_column][vc_column_text el_class=&rdquo;autoras__titulo&rdquo;] Mercedes Mar&iacute;n del Solar (1804-1866) [\/vc_column_text][\/vc_column][\/vc_row][vc_row full_width=&rdquo;stretch_row&rdquo; el_id=&rdquo;cuerpo&rdquo; css=&rdquo;.vc_custom_1762918657569{background-position: center !important;background-repeat: no-repeat !important;background-size: cover !important;}&rdquo;][vc_column][vc_column_text el_class=&rdquo;autoras__texto&rdquo;]Mercedes Mar&iacute;n del Solar (Chile, 1804-1866) Author&rsquo;s Works: Original and Edited (Works are listed&hellip;","og_url":"https:\/\/eladd.org\/en\/other-authors\/mercedes-marin-del-solar\/","og_site_name":"Eladd En","article_modified_time":"2025-11-12T03:37:42+00:00","og_image":[{"url":"https:\/\/eladd.org\/wp-content\/uploads\/2015\/03\/mercedes-242x300.png","type":"","width":"","height":""}],"twitter_card":"summary_large_image","twitter_misc":{"Est. reading time":"5 minutes"},"schema":{"@context":"https:\/\/schema.org","@graph":[{"@type":"WebPage","@id":"https:\/\/eladd.org\/en\/other-authors\/mercedes-marin-del-solar\/","url":"https:\/\/eladd.org\/en\/other-authors\/mercedes-marin-del-solar\/","name":"Mercedes Mar\u00edn del Solar - Eladd En","isPartOf":{"@id":"https:\/\/eladd.org\/en\/#website"},"primaryImageOfPage":{"@id":"https:\/\/eladd.org\/en\/other-authors\/mercedes-marin-del-solar\/#primaryimage"},"image":{"@id":"https:\/\/eladd.org\/en\/other-authors\/mercedes-marin-del-solar\/#primaryimage"},"thumbnailUrl":"https:\/\/eladd.org\/wp-content\/uploads\/2015\/03\/mercedes-242x300.png","datePublished":"2015-03-15T14:26:16+00:00","dateModified":"2025-11-12T03:37:42+00:00","breadcrumb":{"@id":"https:\/\/eladd.org\/en\/other-authors\/mercedes-marin-del-solar\/#breadcrumb"},"inLanguage":"en-US","potentialAction":[{"@type":"ReadAction","target":["https:\/\/eladd.org\/en\/other-authors\/mercedes-marin-del-solar\/"]}]},{"@type":"ImageObject","inLanguage":"en-US","@id":"https:\/\/eladd.org\/en\/other-authors\/mercedes-marin-del-solar\/#primaryimage","url":"https:\/\/eladd.org\/wp-content\/uploads\/2015\/03\/mercedes-242x300.png","contentUrl":"https:\/\/eladd.org\/wp-content\/uploads\/2015\/03\/mercedes-242x300.png"},{"@type":"BreadcrumbList","@id":"https:\/\/eladd.org\/en\/other-authors\/mercedes-marin-del-solar\/#breadcrumb","itemListElement":[{"@type":"ListItem","position":1,"name":"Home","item":"https:\/\/eladd.org\/en\/"},{"@type":"ListItem","position":2,"name":"Other Authors","item":"https:\/\/eladd.org\/en\/other-authors\/"},{"@type":"ListItem","position":3,"name":"Mercedes Mar\u00edn del Solar"}]},{"@type":"WebSite","@id":"https:\/\/eladd.org\/en\/#website","url":"https:\/\/eladd.org\/en\/","name":"Eladd En","description":"Ninteenth-Century Latin American Women Writers","publisher":{"@id":"https:\/\/eladd.org\/en\/#organization"},"potentialAction":[{"@type":"SearchAction","target":{"@type":"EntryPoint","urlTemplate":"https:\/\/eladd.org\/en\/?s={search_term_string}"},"query-input":{"@type":"PropertyValueSpecification","valueRequired":true,"valueName":"search_term_string"}}],"inLanguage":"en-US"},{"@type":"Organization","@id":"https:\/\/eladd.org\/en\/#organization","name":"Eladd En","url":"https:\/\/eladd.org\/en\/","logo":{"@type":"ImageObject","inLanguage":"en-US","@id":"https:\/\/eladd.org\/en\/#\/schema\/logo\/image\/","url":"https:\/\/eladd.org\/en\/wp-content\/uploads\/sites\/2\/2025\/07\/logo-eladd.png","contentUrl":"https:\/\/eladd.org\/en\/wp-content\/uploads\/sites\/2\/2025\/07\/logo-eladd.png","width":324,"height":77,"caption":"Eladd En"},"image":{"@id":"https:\/\/eladd.org\/en\/#\/schema\/logo\/image\/"}}]}},"_links":{"self":[{"href":"https:\/\/eladd.org\/en\/wp-json\/wp\/v2\/pages\/400","targetHints":{"allow":["GET"]}}],"collection":[{"href":"https:\/\/eladd.org\/en\/wp-json\/wp\/v2\/pages"}],"about":[{"href":"https:\/\/eladd.org\/en\/wp-json\/wp\/v2\/types\/page"}],"author":[{"embeddable":true,"href":"https:\/\/eladd.org\/en\/wp-json\/wp\/v2\/users\/3"}],"replies":[{"embeddable":true,"href":"https:\/\/eladd.org\/en\/wp-json\/wp\/v2\/comments?post=400"}],"version-history":[{"count":4,"href":"https:\/\/eladd.org\/en\/wp-json\/wp\/v2\/pages\/400\/revisions"}],"predecessor-version":[{"id":24804,"href":"https:\/\/eladd.org\/en\/wp-json\/wp\/v2\/pages\/400\/revisions\/24804"}],"up":[{"embeddable":true,"href":"https:\/\/eladd.org\/en\/wp-json\/wp\/v2\/pages\/98"}],"wp:attachment":[{"href":"https:\/\/eladd.org\/en\/wp-json\/wp\/v2\/media?parent=400"}],"curies":[{"name":"wp","href":"https:\/\/api.w.org\/{rel}","templated":true}]}}