{"id":404,"date":"2015-03-15T14:29:34","date_gmt":"2015-03-15T14:29:34","guid":{"rendered":"https:\/\/eladd.org\/en\/?page_id=404"},"modified":"2025-11-12T03:38:25","modified_gmt":"2025-11-12T03:38:25","slug":"adelaida-del-marmol","status":"publish","type":"page","link":"https:\/\/eladd.org\/en\/other-authors\/adelaida-del-marmol\/","title":{"rendered":"Adelaida del M\u00e1rmol"},"content":{"rendered":"<div class=\"wpb-content-wrapper\">[vc_row full_width=&#8221;stretch_row&#8221; tablet_fullwidth_cols=&#8221;&#8221; bg_style=&#8221;repeat&#8221; css=&#8221;.vc_custom_1762918695116{background-position: 0 0 !important;background-repeat: repeat !important;}&#8221;][vc_column][vc_column_text el_class=&#8221;autoras__titulo&#8221;]\n<h2 style=\"text-align: center;\">Adelaida del M\u00e1rmol<\/h2>\n<p style=\"text-align: center;\">(1840-1857)<br \/>\n<img loading=\"lazy\" decoding=\"async\" class=\"size-full wp-image-1816 aligncenter\" src=\"\/\/eladd.org\/wp-content\/uploads\/2015\/09\/icon-space.png\" alt=\"icon-space\" width=\"150\" height=\"8\" \/>[\/vc_column_text][\/vc_column][\/vc_row][vc_row full_width=&#8221;stretch_row&#8221; el_id=&#8221;cuerpo&#8221; css=&#8221;.vc_custom_1762918701426{background-position: center !important;background-repeat: no-repeat !important;background-size: cover !important;}&#8221;][vc_column][vc_column_text el_class=&#8221;autoras__texto&#8221;]<img loading=\"lazy\" decoding=\"async\" class=\"size-medium wp-image-1030 alignright\" src=\"https:\/\/eladd.org\/wp-content\/uploads\/2015\/02\/ADELAIDA-DEL-MARMOL-226x300.jpg\" alt=\"ADELAIDA DEL MARMOL\" width=\"226\" height=\"300\" \/><\/p>\n<p><strong>Also known as: Adelaida y Margarita del M\u00e1rmol<br \/>\nPseudonym: Delisa<\/strong><\/p>\n<p><strong>Author\u2019s Works: Original and Edited (Works are listed in chronological order)<\/strong><\/p>\n<p>(1857). <em>Ecos de mi arpa<\/em>. n. p.<\/p>\n<p>(1906). \u201cEl jazm\u00edn de mi ventana.\u201d Ed. Adri\u00e1n del Valle. <em>El parnaso cubano<\/em>. Barcelona: Maucci, 1906. 131-33.<br \/>\n&#8212;. \u201cEl jazm\u00edn de mi ventana.\u201d Ed. Jos\u00e9 Manuel Carbonell y Rivero. <em>La poes\u00eda l\u00edrica en Cuba<\/em>.Tomo 3. La Habana: Imprenta El Siglo XX, 1928. 415-17.<\/p>\n<p>(1910). Ed. Antonio Gonz\u00e1lez Curquejo. <em>Florilegio de escritoras cubanas<\/em>. Tomo I. La Habana: Imprenta La Moderna Poes\u00eda. 209-15.<\/p>\n<p>(1926). Ed. Domitila de Garc\u00eda de Coronado. \u00c1<em>lbum po\u00e9tico-fotogr\u00e1fico de escritoras poetisas cubanas, escrito en 1868 para la se\u00f1ora Do\u00f1a Gertrudis G\u00f3mez de Avellaneda<\/em>. La Habana: Imprenta de El F\u00edgaro. 126-34.<\/p>\n<p>(1978). \u201cRazones de una poetisa, improvisaci\u00f3n (fragmento).\u201d Eds. Cintio Vitier and Fina Garc\u00eda Marruz. <em>Flor oculta de poes\u00eda cubana. Siglos XVIII y XIX<\/em>. La Habana: Editorial Arte y Literatura. 174-75.<\/p>\n<p>(2011). \u201cRazones de una poetisa.\u201d Ed. Milena Rodr\u00edguez Guti\u00e9rrez. <em>Otra Cuba secreta: antolog\u00eda de poetas cubanas del XIX y del XX<\/em>. Madrid: Editorial Verbum. 84-86.<\/p>\n<p>&nbsp;<\/p>\n<p><strong>Critical Works (Reference Materials, Books, Book Chapters, Journal Articles, Encyclopedias, Theses\/Dissertations, Media and Internet Sources)<br \/>\n<\/strong><\/p>\n<p>\u201cAdelaida del M\u00e1rmol.\u201d <em>Diccionario de la Literatura Cubana<\/em>. Tomo 2. La Habana: Instituto de Literatura y Ling\u00fc\u00edstica de la Academia de Ciencias de Cuba, 1980. 556.<\/p>\n<p>Bacard\u00ed y Moreau, Emilio. \u201cAdelaida del M\u00e1rmol.\u201d <em>Cr\u00f3nicas de Santiago de Cuba<\/em>. Santiago<br \/>\nde Cuba: Arroyo Hermanos, 1925. 447-49.<\/p>\n<p>Cabrera Ara\u00fajo, David. <em>Adelaida del M\u00e1rmol: la primera poetisa holguinera<\/em>. Holgu\u00edn:<br \/>\nEdiciones Holgu\u00edn, 1991.<\/p>\n<p>Calcagno, Francisco. <em>Diccionario biogr\u00e1fico cubano<\/em>. New York: N. Ponce de Le\u00f3n, 1878. 404.<\/p>\n<p>Carbonell y Rivero, Jos\u00e9 Manuel. \u201cAdelaida del M\u00e1rmol (1840-1857).\u201d <em>La poes\u00eda l\u00edrica en<br \/>\nCuba<\/em>. Tomo 3. La Habana: Imprenta El Siglo XX, 1928. 413-14.<\/p>\n<p>Colberg, Carmen Elisa. <em>Esquema hist\u00f3rico-biogr\u00e1fico de la literatura antillana femenina en el<br \/>\nsiglo XIX<\/em>. Diss. The University of North Carolina at Chapel Hill, 1989. Ann Arbor: ProQuest\/UMI, 1989. 97.<\/p>\n<p>Garc\u00eda de Coronado, Domitila. \u201cAdelaida del M\u00e1rmol.\u201d <em>\u00c1lbum po\u00e9tico-fotogr\u00e1fico de escritoras poetisas cubanas escrito en 1868 para la se\u00f1ora Do\u00f1a Gertrudis G\u00f3mez de Avellaneda<\/em>. La Habana: Imprenta de El F\u00edgaro, 1926. 125-34.<\/p>\n<p>G\u00f3mez, Luis Marcelino. \u201cAdelaida del M\u00e1rmol.\u201d <em>La mujer en defensa de la mujer: voces<br \/>\nfemeninas del romanticismo cubano (poes\u00eda y cuento)<\/em>. Diss. Florida International<br \/>\nUniversity. Ann Arbor: ProQuest\/UMI, 2001.<\/p>\n<p>Gonz\u00e1lez, Ronel, Zenovio Hern\u00e1ndez y Anicia Cruz. <em>Selva interior. Estudio cr\u00edtico de la<br \/>\npoes\u00eda en Holgu\u00edn (1862-1930)<\/em>. Holgu\u00edn: Ediciones Holgu\u00edn, 2002. 14, 20, 21, 22.<\/p>\n<p>Gonz\u00e1lez Curquejo, Antonio. \u201cAdelaida del M\u00e1rmol.\u201d <em>Florilegio de escritoras cubanas<\/em>. La<br \/>\nHabana: Librer\u00eda e Imprenta La Moderna Poes\u00eda, 1910. 209.<\/p>\n<p>Henr\u00edquez Ure\u00f1a, Max. <em>Panorama hist\u00f3rico de la literatura cubana<\/em>. New York: Las Am\u00e9ricas<br \/>\nPublishing Company, 1963. 183, 311, 317.<\/p>\n<p>Jim\u00e9nez, Luis A. \u201cAdelaida del M\u00e1rmol, rescatando a la poeta creadora del jard\u00edn cubano en<br \/>\nel siglo XIX.\u201d <em>C\u00edrculo: Revista de cultura<\/em> 38 (1999): 155-62.<\/p>\n<p>Lazo, Rodrigo. <em>Writing to Cuba: Filibustering and Cuban Exiles in the United States<\/em>. Chapel Hill: University of North Carolina Press, 2005. 215.<\/p>\n<p>Portuondo Valdor, Jos\u00e9 Antonio, ed. <em>Historia de la literatura cubana. La colonia: desde los<br \/>\nor\u00edgenes hasta 1898<\/em>. Tomo 1. La Habana: Letras Cubanas, 2002. 299, 300.<\/p>\n<p>Remos, Juan J. <em>Proceso hist\u00f3rico de las letras cubanas<\/em>. Madrid: ediciones Guadarrama, 1958. 127.<\/p>\n<p>Rocasolano, Alberto. <em>Poetisas cubanas<\/em>. La Habana: Letras Cubanas, 1985. 90-91.<\/p>\n<p>Rodr\u00edguez Guti\u00e9rrez, Milena. E<em>ntre el cacharro dom\u00e9stico y la V\u00eda L\u00e1ctea: poetas cubanas e hispanoamericanas<\/em>. Sevilla: Editorial Renacimiento, 2012. 31-37.<\/p>\n<p>&#8212;. \u201cFilosof\u00eda en el tocador: poetas cubanas del siglo XIX.\u201d <em>Escritoras y pensadoras europeas<\/em>. Ed. Mercedes Arriaga. Sevilla: Arcibel, 2007. 585-96.<\/p>\n<p>&#8212;, ed. <em>Otra Cuba secreta: antolog\u00eda de poetas cubanas del XIX y del XX<\/em>. Madrid: Editorial Verbum, 2011. 84.<\/p>\n<p>Vitier, Cintio. \u201cRazones de una poetisa.\u201d <em>Flor oculta de poes\u00eda cubana (Siglos XVIII y XIX)<\/em>. Eds. Cintio Vitier and Fina Garc\u00eda Marruz. La Habana: Ed. Arte y Literatura, 1978: 173.<\/p>\n<p><img loading=\"lazy\" decoding=\"async\" class=\"aligncenter size-full wp-image-608\" src=\"https:\/\/eladd.org\/wp-content\/uploads\/2014\/02\/logo-footer-2.png\" alt=\"logo-footer-2\" width=\"260\" height=\"70\" \/>[\/vc_column_text][vc_single_image image=&#8221;660&#8243; alignment=&#8221;center&#8221; css=&#8221;.vc_custom_1446670823436{margin-top: 35px !important;}&#8221;][\/vc_column][\/vc_row]\n<\/div>","protected":false},"excerpt":{"rendered":"<p>[vc_row full_width=&rdquo;stretch_row&rdquo; tablet_fullwidth_cols=&rdquo;&rdquo; bg_style=&rdquo;repeat&rdquo; css=&rdquo;.vc_custom_1762918695116{background-position: 0 0 !important;background-repeat: repeat !important;}&rdquo;][vc_column][vc_column_text el_class=&rdquo;autoras__titulo&rdquo;] Adelaida del M&aacute;rmol (1840-1857) [\/vc_column_text][\/vc_column][\/vc_row][vc_row full_width=&rdquo;stretch_row&rdquo; el_id=&rdquo;cuerpo&rdquo; css=&rdquo;.vc_custom_1762918701426{background-position: center !important;background-repeat: no-repeat !important;background-size: cover !important;}&rdquo;][vc_column][vc_column_text el_class=&rdquo;autoras__texto&rdquo;] Also known as: Adelaida y Margarita del M&aacute;rmol Pseudonym: Delisa Author&rsquo;s Works: Original and&hellip;<\/p>\n","protected":false},"author":3,"featured_media":0,"parent":98,"menu_order":0,"comment_status":"closed","ping_status":"closed","template":"","meta":{"footnotes":""},"class_list":["post-404","page","type-page","status-publish","hentry","entry","no-media"],"yoast_head":"<!-- This site is optimized with the Yoast SEO plugin v26.1.1 - https:\/\/yoast.com\/wordpress\/plugins\/seo\/ -->\n<title>Adelaida del M\u00e1rmol - Eladd En<\/title>\n<meta name=\"robots\" content=\"index, follow, max-snippet:-1, max-image-preview:large, max-video-preview:-1\" \/>\n<link rel=\"canonical\" href=\"https:\/\/eladd.org\/en\/other-authors\/adelaida-del-marmol\/\" \/>\n<meta property=\"og:locale\" content=\"en_US\" \/>\n<meta property=\"og:type\" content=\"article\" \/>\n<meta property=\"og:title\" content=\"Adelaida del M\u00e1rmol - Eladd En\" \/>\n<meta property=\"og:description\" content=\"[vc_row full_width=&rdquo;stretch_row&rdquo; tablet_fullwidth_cols=&rdquo;&rdquo; bg_style=&rdquo;repeat&rdquo; css=&rdquo;.vc_custom_1762918695116{background-position: 0 0 !important;background-repeat: repeat !important;}&rdquo;][vc_column][vc_column_text el_class=&rdquo;autoras__titulo&rdquo;] Adelaida del M&aacute;rmol (1840-1857) [\/vc_column_text][\/vc_column][\/vc_row][vc_row full_width=&rdquo;stretch_row&rdquo; el_id=&rdquo;cuerpo&rdquo; css=&rdquo;.vc_custom_1762918701426{background-position: center !important;background-repeat: no-repeat !important;background-size: cover !important;}&rdquo;][vc_column][vc_column_text el_class=&rdquo;autoras__texto&rdquo;] Also known as: Adelaida y Margarita del M&aacute;rmol Pseudonym: Delisa Author&rsquo;s Works: Original and&hellip;\" \/>\n<meta property=\"og:url\" content=\"https:\/\/eladd.org\/en\/other-authors\/adelaida-del-marmol\/\" \/>\n<meta property=\"og:site_name\" content=\"Eladd En\" \/>\n<meta property=\"article:modified_time\" content=\"2025-11-12T03:38:25+00:00\" \/>\n<meta property=\"og:image\" content=\"https:\/\/eladd.org\/wp-content\/uploads\/2015\/02\/ADELAIDA-DEL-MARMOL-226x300.jpg\" \/>\n<meta name=\"twitter:card\" content=\"summary_large_image\" \/>\n<meta name=\"twitter:label1\" content=\"Est. reading time\" \/>\n\t<meta name=\"twitter:data1\" content=\"4 minutes\" \/>\n<script type=\"application\/ld+json\" class=\"yoast-schema-graph\">{\"@context\":\"https:\/\/schema.org\",\"@graph\":[{\"@type\":\"WebPage\",\"@id\":\"https:\/\/eladd.org\/en\/other-authors\/adelaida-del-marmol\/\",\"url\":\"https:\/\/eladd.org\/en\/other-authors\/adelaida-del-marmol\/\",\"name\":\"Adelaida del M\u00e1rmol - Eladd En\",\"isPartOf\":{\"@id\":\"https:\/\/eladd.org\/en\/#website\"},\"primaryImageOfPage\":{\"@id\":\"https:\/\/eladd.org\/en\/other-authors\/adelaida-del-marmol\/#primaryimage\"},\"image\":{\"@id\":\"https:\/\/eladd.org\/en\/other-authors\/adelaida-del-marmol\/#primaryimage\"},\"thumbnailUrl\":\"https:\/\/eladd.org\/wp-content\/uploads\/2015\/02\/ADELAIDA-DEL-MARMOL-226x300.jpg\",\"datePublished\":\"2015-03-15T14:29:34+00:00\",\"dateModified\":\"2025-11-12T03:38:25+00:00\",\"breadcrumb\":{\"@id\":\"https:\/\/eladd.org\/en\/other-authors\/adelaida-del-marmol\/#breadcrumb\"},\"inLanguage\":\"en-US\",\"potentialAction\":[{\"@type\":\"ReadAction\",\"target\":[\"https:\/\/eladd.org\/en\/other-authors\/adelaida-del-marmol\/\"]}]},{\"@type\":\"ImageObject\",\"inLanguage\":\"en-US\",\"@id\":\"https:\/\/eladd.org\/en\/other-authors\/adelaida-del-marmol\/#primaryimage\",\"url\":\"https:\/\/eladd.org\/wp-content\/uploads\/2015\/02\/ADELAIDA-DEL-MARMOL-226x300.jpg\",\"contentUrl\":\"https:\/\/eladd.org\/wp-content\/uploads\/2015\/02\/ADELAIDA-DEL-MARMOL-226x300.jpg\"},{\"@type\":\"BreadcrumbList\",\"@id\":\"https:\/\/eladd.org\/en\/other-authors\/adelaida-del-marmol\/#breadcrumb\",\"itemListElement\":[{\"@type\":\"ListItem\",\"position\":1,\"name\":\"Home\",\"item\":\"https:\/\/eladd.org\/en\/\"},{\"@type\":\"ListItem\",\"position\":2,\"name\":\"Other Authors\",\"item\":\"https:\/\/eladd.org\/en\/other-authors\/\"},{\"@type\":\"ListItem\",\"position\":3,\"name\":\"Adelaida del M\u00e1rmol\"}]},{\"@type\":\"WebSite\",\"@id\":\"https:\/\/eladd.org\/en\/#website\",\"url\":\"https:\/\/eladd.org\/en\/\",\"name\":\"Eladd En\",\"description\":\"Ninteenth-Century Latin American Women Writers\",\"publisher\":{\"@id\":\"https:\/\/eladd.org\/en\/#organization\"},\"potentialAction\":[{\"@type\":\"SearchAction\",\"target\":{\"@type\":\"EntryPoint\",\"urlTemplate\":\"https:\/\/eladd.org\/en\/?s={search_term_string}\"},\"query-input\":{\"@type\":\"PropertyValueSpecification\",\"valueRequired\":true,\"valueName\":\"search_term_string\"}}],\"inLanguage\":\"en-US\"},{\"@type\":\"Organization\",\"@id\":\"https:\/\/eladd.org\/en\/#organization\",\"name\":\"Eladd En\",\"url\":\"https:\/\/eladd.org\/en\/\",\"logo\":{\"@type\":\"ImageObject\",\"inLanguage\":\"en-US\",\"@id\":\"https:\/\/eladd.org\/en\/#\/schema\/logo\/image\/\",\"url\":\"https:\/\/eladd.org\/en\/wp-content\/uploads\/sites\/2\/2025\/07\/logo-eladd.png\",\"contentUrl\":\"https:\/\/eladd.org\/en\/wp-content\/uploads\/sites\/2\/2025\/07\/logo-eladd.png\",\"width\":324,\"height\":77,\"caption\":\"Eladd En\"},\"image\":{\"@id\":\"https:\/\/eladd.org\/en\/#\/schema\/logo\/image\/\"}}]}<\/script>\n<!-- \/ Yoast SEO plugin. -->","yoast_head_json":{"title":"Adelaida del M\u00e1rmol - Eladd En","robots":{"index":"index","follow":"follow","max-snippet":"max-snippet:-1","max-image-preview":"max-image-preview:large","max-video-preview":"max-video-preview:-1"},"canonical":"https:\/\/eladd.org\/en\/other-authors\/adelaida-del-marmol\/","og_locale":"en_US","og_type":"article","og_title":"Adelaida del M\u00e1rmol - Eladd En","og_description":"[vc_row full_width=&rdquo;stretch_row&rdquo; tablet_fullwidth_cols=&rdquo;&rdquo; bg_style=&rdquo;repeat&rdquo; css=&rdquo;.vc_custom_1762918695116{background-position: 0 0 !important;background-repeat: repeat !important;}&rdquo;][vc_column][vc_column_text el_class=&rdquo;autoras__titulo&rdquo;] Adelaida del M&aacute;rmol (1840-1857) [\/vc_column_text][\/vc_column][\/vc_row][vc_row full_width=&rdquo;stretch_row&rdquo; el_id=&rdquo;cuerpo&rdquo; css=&rdquo;.vc_custom_1762918701426{background-position: center !important;background-repeat: no-repeat !important;background-size: cover !important;}&rdquo;][vc_column][vc_column_text el_class=&rdquo;autoras__texto&rdquo;] Also known as: Adelaida y Margarita del M&aacute;rmol Pseudonym: Delisa Author&rsquo;s Works: Original and&hellip;","og_url":"https:\/\/eladd.org\/en\/other-authors\/adelaida-del-marmol\/","og_site_name":"Eladd En","article_modified_time":"2025-11-12T03:38:25+00:00","og_image":[{"url":"https:\/\/eladd.org\/wp-content\/uploads\/2015\/02\/ADELAIDA-DEL-MARMOL-226x300.jpg","type":"","width":"","height":""}],"twitter_card":"summary_large_image","twitter_misc":{"Est. reading time":"4 minutes"},"schema":{"@context":"https:\/\/schema.org","@graph":[{"@type":"WebPage","@id":"https:\/\/eladd.org\/en\/other-authors\/adelaida-del-marmol\/","url":"https:\/\/eladd.org\/en\/other-authors\/adelaida-del-marmol\/","name":"Adelaida del M\u00e1rmol - Eladd En","isPartOf":{"@id":"https:\/\/eladd.org\/en\/#website"},"primaryImageOfPage":{"@id":"https:\/\/eladd.org\/en\/other-authors\/adelaida-del-marmol\/#primaryimage"},"image":{"@id":"https:\/\/eladd.org\/en\/other-authors\/adelaida-del-marmol\/#primaryimage"},"thumbnailUrl":"https:\/\/eladd.org\/wp-content\/uploads\/2015\/02\/ADELAIDA-DEL-MARMOL-226x300.jpg","datePublished":"2015-03-15T14:29:34+00:00","dateModified":"2025-11-12T03:38:25+00:00","breadcrumb":{"@id":"https:\/\/eladd.org\/en\/other-authors\/adelaida-del-marmol\/#breadcrumb"},"inLanguage":"en-US","potentialAction":[{"@type":"ReadAction","target":["https:\/\/eladd.org\/en\/other-authors\/adelaida-del-marmol\/"]}]},{"@type":"ImageObject","inLanguage":"en-US","@id":"https:\/\/eladd.org\/en\/other-authors\/adelaida-del-marmol\/#primaryimage","url":"https:\/\/eladd.org\/wp-content\/uploads\/2015\/02\/ADELAIDA-DEL-MARMOL-226x300.jpg","contentUrl":"https:\/\/eladd.org\/wp-content\/uploads\/2015\/02\/ADELAIDA-DEL-MARMOL-226x300.jpg"},{"@type":"BreadcrumbList","@id":"https:\/\/eladd.org\/en\/other-authors\/adelaida-del-marmol\/#breadcrumb","itemListElement":[{"@type":"ListItem","position":1,"name":"Home","item":"https:\/\/eladd.org\/en\/"},{"@type":"ListItem","position":2,"name":"Other Authors","item":"https:\/\/eladd.org\/en\/other-authors\/"},{"@type":"ListItem","position":3,"name":"Adelaida del M\u00e1rmol"}]},{"@type":"WebSite","@id":"https:\/\/eladd.org\/en\/#website","url":"https:\/\/eladd.org\/en\/","name":"Eladd En","description":"Ninteenth-Century Latin American Women Writers","publisher":{"@id":"https:\/\/eladd.org\/en\/#organization"},"potentialAction":[{"@type":"SearchAction","target":{"@type":"EntryPoint","urlTemplate":"https:\/\/eladd.org\/en\/?s={search_term_string}"},"query-input":{"@type":"PropertyValueSpecification","valueRequired":true,"valueName":"search_term_string"}}],"inLanguage":"en-US"},{"@type":"Organization","@id":"https:\/\/eladd.org\/en\/#organization","name":"Eladd En","url":"https:\/\/eladd.org\/en\/","logo":{"@type":"ImageObject","inLanguage":"en-US","@id":"https:\/\/eladd.org\/en\/#\/schema\/logo\/image\/","url":"https:\/\/eladd.org\/en\/wp-content\/uploads\/sites\/2\/2025\/07\/logo-eladd.png","contentUrl":"https:\/\/eladd.org\/en\/wp-content\/uploads\/sites\/2\/2025\/07\/logo-eladd.png","width":324,"height":77,"caption":"Eladd En"},"image":{"@id":"https:\/\/eladd.org\/en\/#\/schema\/logo\/image\/"}}]}},"_links":{"self":[{"href":"https:\/\/eladd.org\/en\/wp-json\/wp\/v2\/pages\/404","targetHints":{"allow":["GET"]}}],"collection":[{"href":"https:\/\/eladd.org\/en\/wp-json\/wp\/v2\/pages"}],"about":[{"href":"https:\/\/eladd.org\/en\/wp-json\/wp\/v2\/types\/page"}],"author":[{"embeddable":true,"href":"https:\/\/eladd.org\/en\/wp-json\/wp\/v2\/users\/3"}],"replies":[{"embeddable":true,"href":"https:\/\/eladd.org\/en\/wp-json\/wp\/v2\/comments?post=404"}],"version-history":[{"count":4,"href":"https:\/\/eladd.org\/en\/wp-json\/wp\/v2\/pages\/404\/revisions"}],"predecessor-version":[{"id":24805,"href":"https:\/\/eladd.org\/en\/wp-json\/wp\/v2\/pages\/404\/revisions\/24805"}],"up":[{"embeddable":true,"href":"https:\/\/eladd.org\/en\/wp-json\/wp\/v2\/pages\/98"}],"wp:attachment":[{"href":"https:\/\/eladd.org\/en\/wp-json\/wp\/v2\/media?parent=404"}],"curies":[{"name":"wp","href":"https:\/\/api.w.org\/{rel}","templated":true}]}}