{"id":41,"date":"2014-07-02T18:13:44","date_gmt":"2014-07-02T18:13:44","guid":{"rendered":"https:\/\/eladd.org\/en\/?page_id=41"},"modified":"2026-02-15T22:43:44","modified_gmt":"2026-02-15T22:43:44","slug":"soledad-acosta-de-samper","status":"publish","type":"page","link":"https:\/\/eladd.org\/en\/popular-authors\/soledad-acosta-de-samper\/","title":{"rendered":"SOLEDAD ACOSTA DE SAMPER"},"content":{"rendered":"<div class=\"wpb-content-wrapper\">[vc_row full_width=&#8221;stretch_row&#8221; bg_style=&#8221;repeat&#8221; css=&#8221;.vc_custom_1762916666553{background-position: 0 0 !important;background-repeat: repeat !important;}&#8221;][vc_column][vc_column_text css=&#8221;&#8221; el_class=&#8221;autoras__titulo&#8221;]\n<h2 style=\"text-align: center;\">Soledad Acosta de Samper<\/h2>\n<p style=\"text-align: center;\">(1833- 1913)<br \/>\n<img loading=\"lazy\" decoding=\"async\" class=\"size-full wp-image-1816 aligncenter\" src=\"\/\/eladd.org\/wp-content\/uploads\/2015\/09\/icon-space.png\" alt=\"icon-space\" width=\"150\" height=\"8\" \/><\/p>\n<p style=\"text-align: center;\">Translation by Yesenia Olmedo<\/p>\n[\/vc_column_text][\/vc_column][\/vc_row][vc_row full_width=&#8221;stretch_row&#8221; bg_style=&#8221;repeat&#8221; css=&#8221;.vc_custom_1762916673374{padding-top: 35px !important;background-position: 0 0 !important;background-repeat: repeat !important;}&#8221;][vc_column][vc_column_text css=&#8221;&#8221; el_class=&#8221;autoras__texto&#8221;]<img loading=\"lazy\" decoding=\"async\" class=\"size-medium wp-image-298 aligncenter\" src=\"https:\/\/eladd.org\/en\/wp-content\/uploads\/sites\/2\/2014\/07\/AcostadeSamper-300x269.png\" alt=\"AcostadeSamper\" width=\"300\" height=\"269\" srcset=\"https:\/\/eladd.org\/en\/wp-content\/uploads\/sites\/2\/2014\/07\/AcostadeSamper-300x269.png 300w, https:\/\/eladd.org\/en\/wp-content\/uploads\/sites\/2\/2014\/07\/AcostadeSamper.png 323w\" sizes=\"auto, (max-width: 300px) 100vw, 300px\" \/><\/p>\n<p>&nbsp;<\/p>\n<div style=\"width: 100%; height: 3px; background: #6E6E6E; margin: 10px 0px 20px 0px; overflow: hidden;\"><\/div>\n<div>\n<p>Soledad Acosta de Samper is one of the greatest figures in 19th-century Latin American literature. She was a prolific writer, historian, traveler, and tireless cultural promoter. She dedicated herself to improving American societies through female education, the cornerstone of which was knowledge of history and local customs.<br \/>\nLike many of her fellow authors, she belonged to a notable patriotic family: her father, Joaquin Acosta, was a military man, hero, and historian. Years later, she married and raised a family with Jos\u00e9 Mar\u00eda Samper, one of Colombia&#8217;s most prominent politicians and diplomats.<br \/>\nHer mother, Caroline Kemble Rou, was born in Jamaica and married Jos\u00e9 Acosta in New York. This foreign influence led Soledad to learn multiple languages and about varied cultures from a very young age. Acosta first attended school in Bogot\u00e1 and later studied in Canada, England, and Paris.<br \/>\nShe married Jos\u00e9 Mar\u00eda Samper in 1855. The couple lived in Europe from 1858 to 1862. Starting in 1859, Soledad began contributing to the American and European press. Her first works appeared under the pseudonym \u201cAndina\u201d, but throughout her career she would use others such as \u201cAldebar\u00e1n\u201d, \u201cBertilda\u201d, \u201cRenato\u201d, and \u201cOri\u00f3n\u201d. Acosta mainly published in the Biblioteca de Se\u00f1oritas and El Mosaico. Her main biographers, critics, and editors, Monserrat Ord\u00f3\u00f1ez, Carolina Alzate and Flor Mar\u00eda Rodr\u00edguez-Arenas, considered this the first stage of her work. From 1859 to 1863, she produced small contributions for magazines, bibliographies, translations, commentaries, and articles.<br \/>\nThis period also included a sojourn in Lima. Acosta and her husband met Alejandro Villota, one of the directors of the newspaper El Comercio, in Paris. Villota subsequently offered Jos\u00e9 Mar\u00eda the position of chief editor. Jos\u00e9 Mar\u00eda and Acosta left for Lima at the end of 1862, a time when the city was a larger, more prosperous, and peaceful place than Bogot\u00e1, due to the success of the guano business. After taking over as editor of the newspaper, Jos\u00e9 Mar\u00eda launched its cultural supplement La Revista Americana where Acosta actively collaborated. Twelve issues were published between January 5 and June 20 of 1863. As part of the supplement, Acosta published the Spanish translation of the French text Elements of general hygiene by Dr. Luis Crubeilhier, as well as the bibliography section. She also took over the direction of \u201cRevista femenina\u201d, which she introduced in this way: \u201cIf on all English steamships, as on European railways, there is always a lounge or a carriage or compartment reserved for ladies where no man can enter, why shouldn&#8217;t there be in a newspaper such as this Magazine a place where ladies can talk face-to-face, without risk of being interrupted by the uglier sex? (45-46)&#8221;.<br \/>\nThat said, the opening of this literary space did not restrict topics to traditional feminine themes like fashion and chronicles from social salons, but instead opened the door to other areas such as art, reading, and science.<br \/>\nThe couple then returned to Bogot\u00e1 in mid-1863. This marked the beginning of the second stage of Acosta\u2019s work, in which romantic fiction would predominate. In this period, American settings blend with European memories together, with an intimate tone showing how female protagonists were subjected to the male laws that governed societies.<br \/>\nThese novels and stories continued to be published in the Colombian press. Years later, a compilation volume appeared in Belgium titled Novelas y cuadros de la vida sudamericana in 1869. It included: Dolores (1867), published the same year as Mar\u00eda by Jorge Isaacs, both of which address the topic of sick women; Teresa la lime\u00f1a (1868), inspired by Acosta\u2019s experience in Lima; El coraz\u00f3n de la mujer; La perla del Valle; Ilusi\u00f3n y realidad; Luz y sombra; Tipos sociales; and Un crimen.<br \/>\nThis volume included a prologue by Jos\u00e9 Mar\u00eda Samper, who, in a clear position of patronage, wrote: \u201cFor my part, I wanted my wife to add her efforts and always humble contributions to the common work of literature that our young republic is forming, in order to maintain, in some small way, the tradition of her father&#8217;s patriotism&#8230;\u201d (4, Novellas y cuadros, 2006). Acosta was raised and came of age inside the confines of a disciplined and domestic upbringing that explains her submissive stance. However, as the years passed, her pen would reveal her true talent, along with her independence.<br \/>\nIn 1872, two of Acosta\u2019s four daughters died in an epidemic, and just three years later, her husband was imprisoned. These tragic events would darken Acosta\u2019s life.<br \/>\nIt was in this period that she produced her well recieved novel, called Una holandesa en Am\u00e9rica.<br \/>\nIn 1878, the third stage of Acosta\u2019s literary career began with the founding and direction of the magazine La Mujer (1878-1881) which would be followed by others such as, La Familia (1884-1885), El Domingo de la Familia Cristiana (1889-1890), El Domingo (1898-1899), and Lecturas para el Hogar (1905-1906). She was widowed in 1888, and from this year forward, she was accompanied only by her youngest daughter. Her creative work was incessant, focusing primarily on historical research. She wrote Biograf\u00edas de hombres ilustres o notables relativas a la \u00e9poca del descubrimiento, conquista y colonizaci\u00f3n de la parte de Am\u00e9rica denominada actualmente E.E.U.U. de Colombia (1883), Los piratas en Cartagena: cr\u00f3nicas hist\u00f3rico novelescas (1886), La mujer en la sociedad moderna (1895) which she justified with the question: \u201cIf a good example is the most powerful weapon to promote civilization, why should Hispanic American women, whose education has been so neglected, not be presented with excellent examples of active, hardworking women who have made their own way&#8230;?&#8221; (IX).<br \/>\nThe turn of the century arrived with an abundance of projects: Biograf\u00eda del general Joaqu\u00edn Acosta: pr\u00f3cer de la independencia, historiador, ge\u00f3grafo, hombre cient\u00edfico y fil\u00e1ntropo (1901), Aventuras de un espa\u00f1ol entre los indios de las Antillas (1905), Catecismo de historia de Colombia (1908), Biblioteca hist\u00f3rica (1909), and Biograf\u00eda del general Antonio Nari\u00f1o (1910).<br \/>\nDespite the restrictions that this time period imposed on literary women, it is undeniable that Acosta managed to gain access to the intellectual circles of her country and of the Americas. She was named a delegate from Colombia to the Congress of Americanists in La R\u00e1bida (Spain) and in 1892, to the commemorative congresses of the IV Anniversary of Colombus&#8217; arrival in America. Acosta became an honorary member of the Asociaci\u00f3n de Escritores y Artistas de Madrid, the Academia Nacional de la Historia de Caracas, the Sociedad de Historia Nacional de Bogot\u00e1, and, posthumously, she was recognized as a member of the Academia Colombiana de la Historia.<br \/>\nM\u00f3nica C\u00e1rdenas MorenoUniversit\u00e9 de Bertagne-Sud\/Ameriber http:\/\/labellalimena.blogspot.com\/<\/p>\n<p>&nbsp;<\/p>\n<\/div>\n<div class=\"img\"><\/div>\n[\/vc_column_text][vc_single_image image=&#8221;660&#8243; alignment=&#8221;center&#8221; css=&#8221;.vc_custom_1446670944886{margin-top: 35px !important;}&#8221;][\/vc_column][\/vc_row]\n<\/div>","protected":false},"excerpt":{"rendered":"<p>[vc_row full_width=&rdquo;stretch_row&rdquo; bg_style=&rdquo;repeat&rdquo; css=&rdquo;.vc_custom_1762916666553{background-position: 0 0 !important;background-repeat: repeat !important;}&rdquo;][vc_column][vc_column_text css=&rdquo;&rdquo; el_class=&rdquo;autoras__titulo&rdquo;] Soledad Acosta de Samper (1833- 1913) Translation by Yesenia Olmedo [\/vc_column_text][\/vc_column][\/vc_row][vc_row full_width=&rdquo;stretch_row&rdquo; bg_style=&rdquo;repeat&rdquo; css=&rdquo;.vc_custom_1762916673374{padding-top: 35px !important;background-position: 0 0 !important;background-repeat: repeat !important;}&rdquo;][vc_column][vc_column_text css=&rdquo;&rdquo; el_class=&rdquo;autoras__texto&rdquo;] &nbsp; Soledad Acosta de Samper is&hellip;<\/p>\n","protected":false},"author":1,"featured_media":0,"parent":38,"menu_order":0,"comment_status":"closed","ping_status":"closed","template":"","meta":{"footnotes":""},"class_list":["post-41","page","type-page","status-publish","hentry","entry","no-media"],"yoast_head":"<!-- This site is optimized with the Yoast SEO plugin v26.1.1 - https:\/\/yoast.com\/wordpress\/plugins\/seo\/ -->\n<title>SOLEDAD ACOSTA DE SAMPER - Eladd En<\/title>\n<meta name=\"robots\" content=\"index, follow, max-snippet:-1, max-image-preview:large, max-video-preview:-1\" \/>\n<link rel=\"canonical\" href=\"https:\/\/eladd.org\/en\/popular-authors\/soledad-acosta-de-samper\/\" \/>\n<meta property=\"og:locale\" content=\"en_US\" \/>\n<meta property=\"og:type\" content=\"article\" \/>\n<meta property=\"og:title\" content=\"SOLEDAD ACOSTA DE SAMPER - Eladd En\" \/>\n<meta property=\"og:description\" content=\"[vc_row full_width=&rdquo;stretch_row&rdquo; bg_style=&rdquo;repeat&rdquo; css=&rdquo;.vc_custom_1762916666553{background-position: 0 0 !important;background-repeat: repeat !important;}&rdquo;][vc_column][vc_column_text css=&rdquo;&rdquo; el_class=&rdquo;autoras__titulo&rdquo;] Soledad Acosta de Samper (1833- 1913) Translation by Yesenia Olmedo [\/vc_column_text][\/vc_column][\/vc_row][vc_row full_width=&rdquo;stretch_row&rdquo; bg_style=&rdquo;repeat&rdquo; css=&rdquo;.vc_custom_1762916673374{padding-top: 35px !important;background-position: 0 0 !important;background-repeat: repeat !important;}&rdquo;][vc_column][vc_column_text css=&rdquo;&rdquo; el_class=&rdquo;autoras__texto&rdquo;] &nbsp; Soledad Acosta de Samper is&hellip;\" \/>\n<meta property=\"og:url\" content=\"https:\/\/eladd.org\/en\/popular-authors\/soledad-acosta-de-samper\/\" \/>\n<meta property=\"og:site_name\" content=\"Eladd En\" \/>\n<meta property=\"article:modified_time\" content=\"2026-02-15T22:43:44+00:00\" \/>\n<meta property=\"og:image\" content=\"https:\/\/eladd.org\/en\/wp-content\/uploads\/sites\/2\/2014\/07\/AcostadeSamper-300x269.png\" \/>\n<meta name=\"twitter:card\" content=\"summary_large_image\" \/>\n<meta name=\"twitter:label1\" content=\"Est. reading time\" \/>\n\t<meta name=\"twitter:data1\" content=\"6 minutes\" \/>\n<script type=\"application\/ld+json\" class=\"yoast-schema-graph\">{\"@context\":\"https:\/\/schema.org\",\"@graph\":[{\"@type\":\"WebPage\",\"@id\":\"https:\/\/eladd.org\/en\/popular-authors\/soledad-acosta-de-samper\/\",\"url\":\"https:\/\/eladd.org\/en\/popular-authors\/soledad-acosta-de-samper\/\",\"name\":\"SOLEDAD ACOSTA DE SAMPER - Eladd En\",\"isPartOf\":{\"@id\":\"https:\/\/eladd.org\/en\/#website\"},\"primaryImageOfPage\":{\"@id\":\"https:\/\/eladd.org\/en\/popular-authors\/soledad-acosta-de-samper\/#primaryimage\"},\"image\":{\"@id\":\"https:\/\/eladd.org\/en\/popular-authors\/soledad-acosta-de-samper\/#primaryimage\"},\"thumbnailUrl\":\"https:\/\/eladd.org\/en\/wp-content\/uploads\/sites\/2\/2014\/07\/AcostadeSamper-300x269.png\",\"datePublished\":\"2014-07-02T18:13:44+00:00\",\"dateModified\":\"2026-02-15T22:43:44+00:00\",\"breadcrumb\":{\"@id\":\"https:\/\/eladd.org\/en\/popular-authors\/soledad-acosta-de-samper\/#breadcrumb\"},\"inLanguage\":\"en-US\",\"potentialAction\":[{\"@type\":\"ReadAction\",\"target\":[\"https:\/\/eladd.org\/en\/popular-authors\/soledad-acosta-de-samper\/\"]}]},{\"@type\":\"ImageObject\",\"inLanguage\":\"en-US\",\"@id\":\"https:\/\/eladd.org\/en\/popular-authors\/soledad-acosta-de-samper\/#primaryimage\",\"url\":\"https:\/\/eladd.org\/en\/wp-content\/uploads\/sites\/2\/2014\/07\/AcostadeSamper.png\",\"contentUrl\":\"https:\/\/eladd.org\/en\/wp-content\/uploads\/sites\/2\/2014\/07\/AcostadeSamper.png\",\"width\":323,\"height\":290},{\"@type\":\"BreadcrumbList\",\"@id\":\"https:\/\/eladd.org\/en\/popular-authors\/soledad-acosta-de-samper\/#breadcrumb\",\"itemListElement\":[{\"@type\":\"ListItem\",\"position\":1,\"name\":\"Home\",\"item\":\"https:\/\/eladd.org\/en\/\"},{\"@type\":\"ListItem\",\"position\":2,\"name\":\"Popular Authors\",\"item\":\"https:\/\/eladd.org\/en\/popular-authors\/\"},{\"@type\":\"ListItem\",\"position\":3,\"name\":\"SOLEDAD ACOSTA DE SAMPER\"}]},{\"@type\":\"WebSite\",\"@id\":\"https:\/\/eladd.org\/en\/#website\",\"url\":\"https:\/\/eladd.org\/en\/\",\"name\":\"Eladd En\",\"description\":\"Ninteenth-Century Latin American Women Writers\",\"publisher\":{\"@id\":\"https:\/\/eladd.org\/en\/#organization\"},\"potentialAction\":[{\"@type\":\"SearchAction\",\"target\":{\"@type\":\"EntryPoint\",\"urlTemplate\":\"https:\/\/eladd.org\/en\/?s={search_term_string}\"},\"query-input\":{\"@type\":\"PropertyValueSpecification\",\"valueRequired\":true,\"valueName\":\"search_term_string\"}}],\"inLanguage\":\"en-US\"},{\"@type\":\"Organization\",\"@id\":\"https:\/\/eladd.org\/en\/#organization\",\"name\":\"Eladd En\",\"url\":\"https:\/\/eladd.org\/en\/\",\"logo\":{\"@type\":\"ImageObject\",\"inLanguage\":\"en-US\",\"@id\":\"https:\/\/eladd.org\/en\/#\/schema\/logo\/image\/\",\"url\":\"https:\/\/eladd.org\/en\/wp-content\/uploads\/sites\/2\/2025\/07\/logo-eladd.png\",\"contentUrl\":\"https:\/\/eladd.org\/en\/wp-content\/uploads\/sites\/2\/2025\/07\/logo-eladd.png\",\"width\":324,\"height\":77,\"caption\":\"Eladd En\"},\"image\":{\"@id\":\"https:\/\/eladd.org\/en\/#\/schema\/logo\/image\/\"}}]}<\/script>\n<!-- \/ Yoast SEO plugin. -->","yoast_head_json":{"title":"SOLEDAD ACOSTA DE SAMPER - Eladd En","robots":{"index":"index","follow":"follow","max-snippet":"max-snippet:-1","max-image-preview":"max-image-preview:large","max-video-preview":"max-video-preview:-1"},"canonical":"https:\/\/eladd.org\/en\/popular-authors\/soledad-acosta-de-samper\/","og_locale":"en_US","og_type":"article","og_title":"SOLEDAD ACOSTA DE SAMPER - Eladd En","og_description":"[vc_row full_width=&rdquo;stretch_row&rdquo; bg_style=&rdquo;repeat&rdquo; css=&rdquo;.vc_custom_1762916666553{background-position: 0 0 !important;background-repeat: repeat !important;}&rdquo;][vc_column][vc_column_text css=&rdquo;&rdquo; el_class=&rdquo;autoras__titulo&rdquo;] Soledad Acosta de Samper (1833- 1913) Translation by Yesenia Olmedo [\/vc_column_text][\/vc_column][\/vc_row][vc_row full_width=&rdquo;stretch_row&rdquo; bg_style=&rdquo;repeat&rdquo; css=&rdquo;.vc_custom_1762916673374{padding-top: 35px !important;background-position: 0 0 !important;background-repeat: repeat !important;}&rdquo;][vc_column][vc_column_text css=&rdquo;&rdquo; el_class=&rdquo;autoras__texto&rdquo;] &nbsp; Soledad Acosta de Samper is&hellip;","og_url":"https:\/\/eladd.org\/en\/popular-authors\/soledad-acosta-de-samper\/","og_site_name":"Eladd En","article_modified_time":"2026-02-15T22:43:44+00:00","og_image":[{"url":"https:\/\/eladd.org\/en\/wp-content\/uploads\/sites\/2\/2014\/07\/AcostadeSamper-300x269.png","type":"","width":"","height":""}],"twitter_card":"summary_large_image","twitter_misc":{"Est. reading time":"6 minutes"},"schema":{"@context":"https:\/\/schema.org","@graph":[{"@type":"WebPage","@id":"https:\/\/eladd.org\/en\/popular-authors\/soledad-acosta-de-samper\/","url":"https:\/\/eladd.org\/en\/popular-authors\/soledad-acosta-de-samper\/","name":"SOLEDAD ACOSTA DE SAMPER - Eladd En","isPartOf":{"@id":"https:\/\/eladd.org\/en\/#website"},"primaryImageOfPage":{"@id":"https:\/\/eladd.org\/en\/popular-authors\/soledad-acosta-de-samper\/#primaryimage"},"image":{"@id":"https:\/\/eladd.org\/en\/popular-authors\/soledad-acosta-de-samper\/#primaryimage"},"thumbnailUrl":"https:\/\/eladd.org\/en\/wp-content\/uploads\/sites\/2\/2014\/07\/AcostadeSamper-300x269.png","datePublished":"2014-07-02T18:13:44+00:00","dateModified":"2026-02-15T22:43:44+00:00","breadcrumb":{"@id":"https:\/\/eladd.org\/en\/popular-authors\/soledad-acosta-de-samper\/#breadcrumb"},"inLanguage":"en-US","potentialAction":[{"@type":"ReadAction","target":["https:\/\/eladd.org\/en\/popular-authors\/soledad-acosta-de-samper\/"]}]},{"@type":"ImageObject","inLanguage":"en-US","@id":"https:\/\/eladd.org\/en\/popular-authors\/soledad-acosta-de-samper\/#primaryimage","url":"https:\/\/eladd.org\/en\/wp-content\/uploads\/sites\/2\/2014\/07\/AcostadeSamper.png","contentUrl":"https:\/\/eladd.org\/en\/wp-content\/uploads\/sites\/2\/2014\/07\/AcostadeSamper.png","width":323,"height":290},{"@type":"BreadcrumbList","@id":"https:\/\/eladd.org\/en\/popular-authors\/soledad-acosta-de-samper\/#breadcrumb","itemListElement":[{"@type":"ListItem","position":1,"name":"Home","item":"https:\/\/eladd.org\/en\/"},{"@type":"ListItem","position":2,"name":"Popular Authors","item":"https:\/\/eladd.org\/en\/popular-authors\/"},{"@type":"ListItem","position":3,"name":"SOLEDAD ACOSTA DE SAMPER"}]},{"@type":"WebSite","@id":"https:\/\/eladd.org\/en\/#website","url":"https:\/\/eladd.org\/en\/","name":"Eladd En","description":"Ninteenth-Century Latin American Women Writers","publisher":{"@id":"https:\/\/eladd.org\/en\/#organization"},"potentialAction":[{"@type":"SearchAction","target":{"@type":"EntryPoint","urlTemplate":"https:\/\/eladd.org\/en\/?s={search_term_string}"},"query-input":{"@type":"PropertyValueSpecification","valueRequired":true,"valueName":"search_term_string"}}],"inLanguage":"en-US"},{"@type":"Organization","@id":"https:\/\/eladd.org\/en\/#organization","name":"Eladd En","url":"https:\/\/eladd.org\/en\/","logo":{"@type":"ImageObject","inLanguage":"en-US","@id":"https:\/\/eladd.org\/en\/#\/schema\/logo\/image\/","url":"https:\/\/eladd.org\/en\/wp-content\/uploads\/sites\/2\/2025\/07\/logo-eladd.png","contentUrl":"https:\/\/eladd.org\/en\/wp-content\/uploads\/sites\/2\/2025\/07\/logo-eladd.png","width":324,"height":77,"caption":"Eladd En"},"image":{"@id":"https:\/\/eladd.org\/en\/#\/schema\/logo\/image\/"}}]}},"_links":{"self":[{"href":"https:\/\/eladd.org\/en\/wp-json\/wp\/v2\/pages\/41","targetHints":{"allow":["GET"]}}],"collection":[{"href":"https:\/\/eladd.org\/en\/wp-json\/wp\/v2\/pages"}],"about":[{"href":"https:\/\/eladd.org\/en\/wp-json\/wp\/v2\/types\/page"}],"author":[{"embeddable":true,"href":"https:\/\/eladd.org\/en\/wp-json\/wp\/v2\/users\/1"}],"replies":[{"embeddable":true,"href":"https:\/\/eladd.org\/en\/wp-json\/wp\/v2\/comments?post=41"}],"version-history":[{"count":48,"href":"https:\/\/eladd.org\/en\/wp-json\/wp\/v2\/pages\/41\/revisions"}],"predecessor-version":[{"id":24944,"href":"https:\/\/eladd.org\/en\/wp-json\/wp\/v2\/pages\/41\/revisions\/24944"}],"up":[{"embeddable":true,"href":"https:\/\/eladd.org\/en\/wp-json\/wp\/v2\/pages\/38"}],"wp:attachment":[{"href":"https:\/\/eladd.org\/en\/wp-json\/wp\/v2\/media?parent=41"}],"curies":[{"name":"wp","href":"https:\/\/api.w.org\/{rel}","templated":true}]}}