{"id":411,"date":"2015-03-15T14:39:21","date_gmt":"2015-03-15T14:39:21","guid":{"rendered":"https:\/\/eladd.org\/en\/?page_id=411"},"modified":"2025-11-12T03:39:34","modified_gmt":"2025-11-12T03:39:34","slug":"laura-mendez-de-cuenca","status":"publish","type":"page","link":"https:\/\/eladd.org\/en\/other-authors\/laura-mendez-de-cuenca\/","title":{"rendered":"Laura M\u00e9ndez de Cuenca"},"content":{"rendered":"<div class=\"wpb-content-wrapper\">[vc_row full_width=&#8221;stretch_row&#8221; tablet_fullwidth_cols=&#8221;&#8221; bg_style=&#8221;repeat&#8221; css=&#8221;.vc_custom_1762918762754{background-position: 0 0 !important;background-repeat: repeat !important;}&#8221;][vc_column][vc_column_text el_class=&#8221;autoras__titulo&#8221;]\n<h2 style=\"text-align: center;\">Laura M\u00e9ndez de Cuenca<\/h2>\n<p style=\"text-align: center;\">(1853-1928)<br \/>\n<img loading=\"lazy\" decoding=\"async\" class=\"size-full wp-image-1816 aligncenter\" src=\"\/\/eladd.org\/wp-content\/uploads\/2015\/09\/icon-space.png\" alt=\"icon-space\" width=\"150\" height=\"8\" \/>[\/vc_column_text][\/vc_column][\/vc_row][vc_row full_width=&#8221;stretch_row&#8221; el_id=&#8221;cuerpo&#8221; css=&#8221;.vc_custom_1762918769853{background-position: center !important;background-repeat: no-repeat !important;background-size: cover !important;}&#8221;][vc_column][vc_column_text el_class=&#8221;autoras__texto&#8221;]<strong>Laura M\u00e9ndez de Cuenca (M\u00e9xico, 1853-1928)<\/strong><\/p>\n<p><img loading=\"lazy\" decoding=\"async\" class=\"size-medium wp-image-1055 alignright\" src=\"https:\/\/eladd.org\/wp-content\/uploads\/2015\/02\/Untitled1-300x300.png\" alt=\"Untitled\" width=\"300\" height=\"300\" \/><\/p>\n<p><strong>Author\u2019s Works: Original and Edited (Works are listed in chronological order)<\/strong><\/p>\n<p>(1902). <em>El espejo de Amarilis: novela de costumbres mexicanas escrita para el mundo.<\/em> M\u00e9xico: el mundo y el imparcial.<\/p>\n<p>&#8212;, eds. Milada Bazant de Salda\u00f1a, Ana Rosa Domenella, and Luz Elena de Velazco, Luz Elena Guti\u00e9rrez. M\u00e9xico, D.F: Siglo Veintiuno Editores, 2011.<\/p>\n<p>(1910). <em>El hogar mexicano: nociones de econom\u00eda dom\u00e9stica para uso de las alumnas de instrucci\u00f3n primaria por la se\u00f1ora Laura M\u00e9ndez de Cuenca<\/em>. 2\u00aa ed. M\u00e9xico: Herrero hermanos sucs.<\/p>\n<p>&#8212;. M\u00e9xico, D.F.: Herrero hermanos sucs, 1914.<\/p>\n<p>(1912). <em>Simplezas: narraciones, cuentos<\/em>. Paris: s.n., 1912.<\/p>\n<p>&#8212;. M\u00e9xico: INBA, Cultura SEP, 1983.<\/p>\n<p>&#8212;, ed. Roberto S\u00e1nchez. M\u00e9xico: UNAM, 2010.<\/p>\n<p>&#8212;, ed. Susanna Regazzoni. Madrid: C\u00e1tedra, 2012.<\/p>\n<p>(1918). <em>\u00c1lvaro Obreg\u00f3n<\/em>. n.p..<\/p>\n<p>(1928). <em>Los Preciados: novela de costumbres del siglo pasado al Gral. Plutarco El\u00edas Calles por<br \/>\nsu admiradora Laura M\u00e9ndez de Cuenca<\/em>. M\u00e9xico, D.F.: Laura M\u00e9ndez de Cuenca.<\/p>\n<p>(1953).<em> Mariposas Fugitivas: versos<\/em>. Toluca: Artes y oficios.<\/p>\n<p>(1989). y Carenzo R. C\u00e1ceres. <em>La pasi\u00f3n a solas: antolog\u00eda po\u00e9tica. 2nd ed. Toluca: Instituto<br \/>\nMexiquense de Cultura<\/em>.<\/p>\n<p>&#8212;, pr\u00f3l. Ra\u00fal C\u00e1ceres Carenzo. Toluca, M\u00e9xico: Instituto Mexiquense de Cultura. 2003.<\/p>\n<p>(2006). <em>Impresiones de una mujer a solas: una antolog\u00eda general<\/em>. M\u00e9xico, D.F.: Fondo de Cultura Econ\u00f3mica.<\/p>\n<p>(2008). <em>Un libro de educaci\u00f3n femenina escrito por Laura M\u00e9ndez de Cuenca. El vuelo de Minerva: un acercamiento a la condici\u00f3n femenina en siglo XIX<\/em>. Ed. Margarita Garc\u00eda Luna Ortega. Toluca de Lerdo: Gobierno del Estado de M\u00e9xico, 2008. 97-114.<\/p>\n<p>(2011).<em> Educaci\u00f3n, Feminismo y cr\u00f3nicas de viaje<\/em>. eds. M\u00edlada Bazant de Salda\u00f1a, Leticia Romero Chumacero, and Roberto S\u00e1nchez. M\u00e9xico, D.F.: Siglo XXI Editores.<\/p>\n<p>(2011). <em>Laura M\u00e9ndez de Cuenca, su herencia cultural<\/em>: 2. Ed. Roberto S\u00e1nchez. M\u00e9xico: Siglo XXI Editores.<\/p>\n<p>(2011). <em>Laura M\u00e9ndez de Cuenca, su herencia cultural<\/em>: 3. Ed. Roberto S\u00e1nchez. Mexico: Siglo XXI Editores.<\/p>\n<p>&nbsp;<\/p>\n<p><strong>Critical Works (Reference Materials, Books, Book Chapters, Journal Articles, Encyclopedias, Theses\/Dissertations, Media and Internet Sources)<\/strong><\/p>\n<p>Adams, Jerome R. <em>Notable Latin American Women: Twenty-nine Leaders, Rebels, Poets, Battlers, and Spies, 1500-1900<\/em>. Jefferson, N.C: McFarland &amp; Co, 1995. 168-70.<\/p>\n<p>Bazant, M\u00edlada. <em>Laura M\u00e9ndez de Cuenca: mujer ind\u00f3mita y moderna (1853-1928): vida cotidiana y entorno<\/em>. Toluca de Lerdo, Estado de M\u00e9xico: Gobierno del Estado de M\u00e9xico, 2009.<\/p>\n<p>&#8212;. \u201cUna musa de la modernidad: Laura M\u00e9ndez de Cuenca (1853-1928).\u201d <em>Revista Historia de la Educaci\u00f3n Latinoamericana<\/em>. 15.21 (2013): 19-50.<\/p>\n<p>&#8212;. \u201cUna visi\u00f3n educativa contrastada: la \u00f3ptica de Laura M\u00e9ndez De Cuenca, 1870-1910.\u201d <em>Revista Mexicana de Investigaci\u00f3n Educativa<\/em>. 18.8 (2003 mayo-agosto): 503-46.<\/p>\n<p>Domenella, Ana Rosa, Luzelena Guti\u00e9rrez de Velasco and Nora Pasternac. \u201cLaura M\u00e9ndez de Cuenca: esp\u00edritu positivista y sensibilidad rom\u00e1ntica.\u201d <em>Las voces olvidadas: antolog\u00eda cr\u00edtica de narradoras mexicanas nacidas en el siglo XIX. <\/em> Ed. Ana Rosa Domenella and Nora Pasternac. M\u00e9xico, D.F.: El Colegio de M\u00e9xico, 1991. 117-38.<\/p>\n<p>Mart\u00ednez Luna, Esther. \u201cLaura M\u00e9ndez de Cuenca: impresiones de una mujer a solas. Una antolog\u00eda general.\u201d Literatura Mexicana 19.2 (2008): 181-83.<\/p>\n<p>Mora, Pablo. \u201cCartas de Laura M\u00e9ndez de Cuenca a Enrique de Olavarr\u00eda y Ferrari: dos promotores de la cultura mexicana\u201d. Literatura Mexicana 14.1 (2003): 241-67.<\/p>\n<p>&#8212;. \u201cLaura M\u00e9ndez de Cuenca: una narradora moderna\u201d. Tomo 1. Doscientos a\u00f1os de narrativa mexicana. (2010): 301-17.<\/p>\n<p>Narvaez-Luna, Elizabeth. <em>\u201cMateria memorable\u201d: hacia una revisi\u00f3n de la poes\u00eda de mujeres en M\u00e9xico durante el siglo XIX<\/em>. Diss.U.of Illinois at Urbana-Champaign, 2006. Ann Arbor: UMI, 2006. 140-60.<\/p>\n<p>Romero Chumacero, Leticia. \u201cArmon\u00edas y disonancias del modelo andr\u00f3gino den relatos de Emilia Pardo Baz\u00e1n y Laura M\u00e9ndez de Cuenca\u201d. <em>Esp\u00e9culo: Revista de Estudios Literarios<\/em>. 29 (2005).<\/p>\n<p>&#8212;. \u201cDerroteros en la recepci\u00f3n de la oba de Laura M\u00e9ndez de Cuenca (1873-1920).\u201d <em>Los divertimientos de las musas.<\/em> Ed. Alma Leticia Mart\u00ednez Figuero. M\u00e9xico:Universidad de Sonora,2009. 15-42.<\/p>\n<p>&#8212;. \u201cLaura M\u00e9ndez de Cuenca: el canon de la vida literaria decimon\u00f3nica mexicana.\u201d <em>Relaciones: estudios de historia y sociedad <\/em>. 29.113 (2008): 107-41.<\/p>\n<p>&#8212;. \u201cUna mujer ya emancipada: Laura M\u00e9ndez de Cuenca en la esfera p\u00fablica.\u201d <em>Escritoras latinoamericanas del siglo XX.<\/em> Ed. Margarita Pierini. Madrid: Maia Ediciones, 2014. 21-36.<\/p>\n<p>&nbsp;<\/p>\n<p><img loading=\"lazy\" decoding=\"async\" class=\"aligncenter size-full wp-image-606\" src=\"https:\/\/eladd.org\/wp-content\/uploads\/2014\/07\/logo-footer.png\" alt=\"logo-footer\" width=\"260\" height=\"70\" \/>[\/vc_column_text][vc_single_image image=&#8221;660&#8243; alignment=&#8221;center&#8221; css=&#8221;.vc_custom_1446670823436{margin-top: 35px !important;}&#8221;][\/vc_column][\/vc_row]\n<\/div>","protected":false},"excerpt":{"rendered":"<p>[vc_row full_width=&rdquo;stretch_row&rdquo; tablet_fullwidth_cols=&rdquo;&rdquo; bg_style=&rdquo;repeat&rdquo; css=&rdquo;.vc_custom_1762918762754{background-position: 0 0 !important;background-repeat: repeat !important;}&rdquo;][vc_column][vc_column_text el_class=&rdquo;autoras__titulo&rdquo;] Laura M&eacute;ndez de Cuenca (1853-1928) [\/vc_column_text][\/vc_column][\/vc_row][vc_row full_width=&rdquo;stretch_row&rdquo; el_id=&rdquo;cuerpo&rdquo; css=&rdquo;.vc_custom_1762918769853{background-position: center !important;background-repeat: no-repeat !important;background-size: cover !important;}&rdquo;][vc_column][vc_column_text el_class=&rdquo;autoras__texto&rdquo;]Laura M&eacute;ndez de Cuenca (M&eacute;xico, 1853-1928) Author&rsquo;s Works: Original and Edited (Works are listed&hellip;<\/p>\n","protected":false},"author":3,"featured_media":0,"parent":98,"menu_order":0,"comment_status":"closed","ping_status":"closed","template":"","meta":{"footnotes":""},"class_list":["post-411","page","type-page","status-publish","hentry","entry","no-media"],"yoast_head":"<!-- This site is optimized with the Yoast SEO plugin v26.1.1 - https:\/\/yoast.com\/wordpress\/plugins\/seo\/ -->\n<title>Laura M\u00e9ndez de Cuenca - Eladd En<\/title>\n<meta name=\"robots\" content=\"index, follow, max-snippet:-1, max-image-preview:large, max-video-preview:-1\" \/>\n<link rel=\"canonical\" href=\"https:\/\/eladd.org\/en\/other-authors\/laura-mendez-de-cuenca\/\" \/>\n<meta property=\"og:locale\" content=\"en_US\" \/>\n<meta property=\"og:type\" content=\"article\" \/>\n<meta property=\"og:title\" content=\"Laura M\u00e9ndez de Cuenca - Eladd En\" \/>\n<meta property=\"og:description\" content=\"[vc_row full_width=&rdquo;stretch_row&rdquo; tablet_fullwidth_cols=&rdquo;&rdquo; bg_style=&rdquo;repeat&rdquo; css=&rdquo;.vc_custom_1762918762754{background-position: 0 0 !important;background-repeat: repeat !important;}&rdquo;][vc_column][vc_column_text el_class=&rdquo;autoras__titulo&rdquo;] Laura M&eacute;ndez de Cuenca (1853-1928) [\/vc_column_text][\/vc_column][\/vc_row][vc_row full_width=&rdquo;stretch_row&rdquo; el_id=&rdquo;cuerpo&rdquo; css=&rdquo;.vc_custom_1762918769853{background-position: center !important;background-repeat: no-repeat !important;background-size: cover !important;}&rdquo;][vc_column][vc_column_text el_class=&rdquo;autoras__texto&rdquo;]Laura M&eacute;ndez de Cuenca (M&eacute;xico, 1853-1928) Author&rsquo;s Works: Original and Edited (Works are listed&hellip;\" \/>\n<meta property=\"og:url\" content=\"https:\/\/eladd.org\/en\/other-authors\/laura-mendez-de-cuenca\/\" \/>\n<meta property=\"og:site_name\" content=\"Eladd En\" \/>\n<meta property=\"article:modified_time\" content=\"2025-11-12T03:39:34+00:00\" \/>\n<meta property=\"og:image\" content=\"https:\/\/eladd.org\/wp-content\/uploads\/2015\/02\/Untitled1-300x300.png\" \/>\n<meta name=\"twitter:card\" content=\"summary_large_image\" \/>\n<meta name=\"twitter:label1\" content=\"Est. reading time\" \/>\n\t<meta name=\"twitter:data1\" content=\"4 minutes\" \/>\n<script type=\"application\/ld+json\" class=\"yoast-schema-graph\">{\"@context\":\"https:\/\/schema.org\",\"@graph\":[{\"@type\":\"WebPage\",\"@id\":\"https:\/\/eladd.org\/en\/other-authors\/laura-mendez-de-cuenca\/\",\"url\":\"https:\/\/eladd.org\/en\/other-authors\/laura-mendez-de-cuenca\/\",\"name\":\"Laura M\u00e9ndez de Cuenca - Eladd En\",\"isPartOf\":{\"@id\":\"https:\/\/eladd.org\/en\/#website\"},\"primaryImageOfPage\":{\"@id\":\"https:\/\/eladd.org\/en\/other-authors\/laura-mendez-de-cuenca\/#primaryimage\"},\"image\":{\"@id\":\"https:\/\/eladd.org\/en\/other-authors\/laura-mendez-de-cuenca\/#primaryimage\"},\"thumbnailUrl\":\"https:\/\/eladd.org\/wp-content\/uploads\/2015\/02\/Untitled1-300x300.png\",\"datePublished\":\"2015-03-15T14:39:21+00:00\",\"dateModified\":\"2025-11-12T03:39:34+00:00\",\"breadcrumb\":{\"@id\":\"https:\/\/eladd.org\/en\/other-authors\/laura-mendez-de-cuenca\/#breadcrumb\"},\"inLanguage\":\"en-US\",\"potentialAction\":[{\"@type\":\"ReadAction\",\"target\":[\"https:\/\/eladd.org\/en\/other-authors\/laura-mendez-de-cuenca\/\"]}]},{\"@type\":\"ImageObject\",\"inLanguage\":\"en-US\",\"@id\":\"https:\/\/eladd.org\/en\/other-authors\/laura-mendez-de-cuenca\/#primaryimage\",\"url\":\"https:\/\/eladd.org\/wp-content\/uploads\/2015\/02\/Untitled1-300x300.png\",\"contentUrl\":\"https:\/\/eladd.org\/wp-content\/uploads\/2015\/02\/Untitled1-300x300.png\"},{\"@type\":\"BreadcrumbList\",\"@id\":\"https:\/\/eladd.org\/en\/other-authors\/laura-mendez-de-cuenca\/#breadcrumb\",\"itemListElement\":[{\"@type\":\"ListItem\",\"position\":1,\"name\":\"Home\",\"item\":\"https:\/\/eladd.org\/en\/\"},{\"@type\":\"ListItem\",\"position\":2,\"name\":\"Other Authors\",\"item\":\"https:\/\/eladd.org\/en\/other-authors\/\"},{\"@type\":\"ListItem\",\"position\":3,\"name\":\"Laura M\u00e9ndez de Cuenca\"}]},{\"@type\":\"WebSite\",\"@id\":\"https:\/\/eladd.org\/en\/#website\",\"url\":\"https:\/\/eladd.org\/en\/\",\"name\":\"Eladd En\",\"description\":\"Ninteenth-Century Latin American Women Writers\",\"publisher\":{\"@id\":\"https:\/\/eladd.org\/en\/#organization\"},\"potentialAction\":[{\"@type\":\"SearchAction\",\"target\":{\"@type\":\"EntryPoint\",\"urlTemplate\":\"https:\/\/eladd.org\/en\/?s={search_term_string}\"},\"query-input\":{\"@type\":\"PropertyValueSpecification\",\"valueRequired\":true,\"valueName\":\"search_term_string\"}}],\"inLanguage\":\"en-US\"},{\"@type\":\"Organization\",\"@id\":\"https:\/\/eladd.org\/en\/#organization\",\"name\":\"Eladd En\",\"url\":\"https:\/\/eladd.org\/en\/\",\"logo\":{\"@type\":\"ImageObject\",\"inLanguage\":\"en-US\",\"@id\":\"https:\/\/eladd.org\/en\/#\/schema\/logo\/image\/\",\"url\":\"https:\/\/eladd.org\/en\/wp-content\/uploads\/sites\/2\/2025\/07\/logo-eladd.png\",\"contentUrl\":\"https:\/\/eladd.org\/en\/wp-content\/uploads\/sites\/2\/2025\/07\/logo-eladd.png\",\"width\":324,\"height\":77,\"caption\":\"Eladd En\"},\"image\":{\"@id\":\"https:\/\/eladd.org\/en\/#\/schema\/logo\/image\/\"}}]}<\/script>\n<!-- \/ Yoast SEO plugin. -->","yoast_head_json":{"title":"Laura M\u00e9ndez de Cuenca - Eladd En","robots":{"index":"index","follow":"follow","max-snippet":"max-snippet:-1","max-image-preview":"max-image-preview:large","max-video-preview":"max-video-preview:-1"},"canonical":"https:\/\/eladd.org\/en\/other-authors\/laura-mendez-de-cuenca\/","og_locale":"en_US","og_type":"article","og_title":"Laura M\u00e9ndez de Cuenca - Eladd En","og_description":"[vc_row full_width=&rdquo;stretch_row&rdquo; tablet_fullwidth_cols=&rdquo;&rdquo; bg_style=&rdquo;repeat&rdquo; css=&rdquo;.vc_custom_1762918762754{background-position: 0 0 !important;background-repeat: repeat !important;}&rdquo;][vc_column][vc_column_text el_class=&rdquo;autoras__titulo&rdquo;] Laura M&eacute;ndez de Cuenca (1853-1928) [\/vc_column_text][\/vc_column][\/vc_row][vc_row full_width=&rdquo;stretch_row&rdquo; el_id=&rdquo;cuerpo&rdquo; css=&rdquo;.vc_custom_1762918769853{background-position: center !important;background-repeat: no-repeat !important;background-size: cover !important;}&rdquo;][vc_column][vc_column_text el_class=&rdquo;autoras__texto&rdquo;]Laura M&eacute;ndez de Cuenca (M&eacute;xico, 1853-1928) Author&rsquo;s Works: Original and Edited (Works are listed&hellip;","og_url":"https:\/\/eladd.org\/en\/other-authors\/laura-mendez-de-cuenca\/","og_site_name":"Eladd En","article_modified_time":"2025-11-12T03:39:34+00:00","og_image":[{"url":"https:\/\/eladd.org\/wp-content\/uploads\/2015\/02\/Untitled1-300x300.png","type":"","width":"","height":""}],"twitter_card":"summary_large_image","twitter_misc":{"Est. reading time":"4 minutes"},"schema":{"@context":"https:\/\/schema.org","@graph":[{"@type":"WebPage","@id":"https:\/\/eladd.org\/en\/other-authors\/laura-mendez-de-cuenca\/","url":"https:\/\/eladd.org\/en\/other-authors\/laura-mendez-de-cuenca\/","name":"Laura M\u00e9ndez de Cuenca - Eladd En","isPartOf":{"@id":"https:\/\/eladd.org\/en\/#website"},"primaryImageOfPage":{"@id":"https:\/\/eladd.org\/en\/other-authors\/laura-mendez-de-cuenca\/#primaryimage"},"image":{"@id":"https:\/\/eladd.org\/en\/other-authors\/laura-mendez-de-cuenca\/#primaryimage"},"thumbnailUrl":"https:\/\/eladd.org\/wp-content\/uploads\/2015\/02\/Untitled1-300x300.png","datePublished":"2015-03-15T14:39:21+00:00","dateModified":"2025-11-12T03:39:34+00:00","breadcrumb":{"@id":"https:\/\/eladd.org\/en\/other-authors\/laura-mendez-de-cuenca\/#breadcrumb"},"inLanguage":"en-US","potentialAction":[{"@type":"ReadAction","target":["https:\/\/eladd.org\/en\/other-authors\/laura-mendez-de-cuenca\/"]}]},{"@type":"ImageObject","inLanguage":"en-US","@id":"https:\/\/eladd.org\/en\/other-authors\/laura-mendez-de-cuenca\/#primaryimage","url":"https:\/\/eladd.org\/wp-content\/uploads\/2015\/02\/Untitled1-300x300.png","contentUrl":"https:\/\/eladd.org\/wp-content\/uploads\/2015\/02\/Untitled1-300x300.png"},{"@type":"BreadcrumbList","@id":"https:\/\/eladd.org\/en\/other-authors\/laura-mendez-de-cuenca\/#breadcrumb","itemListElement":[{"@type":"ListItem","position":1,"name":"Home","item":"https:\/\/eladd.org\/en\/"},{"@type":"ListItem","position":2,"name":"Other Authors","item":"https:\/\/eladd.org\/en\/other-authors\/"},{"@type":"ListItem","position":3,"name":"Laura M\u00e9ndez de Cuenca"}]},{"@type":"WebSite","@id":"https:\/\/eladd.org\/en\/#website","url":"https:\/\/eladd.org\/en\/","name":"Eladd En","description":"Ninteenth-Century Latin American Women Writers","publisher":{"@id":"https:\/\/eladd.org\/en\/#organization"},"potentialAction":[{"@type":"SearchAction","target":{"@type":"EntryPoint","urlTemplate":"https:\/\/eladd.org\/en\/?s={search_term_string}"},"query-input":{"@type":"PropertyValueSpecification","valueRequired":true,"valueName":"search_term_string"}}],"inLanguage":"en-US"},{"@type":"Organization","@id":"https:\/\/eladd.org\/en\/#organization","name":"Eladd En","url":"https:\/\/eladd.org\/en\/","logo":{"@type":"ImageObject","inLanguage":"en-US","@id":"https:\/\/eladd.org\/en\/#\/schema\/logo\/image\/","url":"https:\/\/eladd.org\/en\/wp-content\/uploads\/sites\/2\/2025\/07\/logo-eladd.png","contentUrl":"https:\/\/eladd.org\/en\/wp-content\/uploads\/sites\/2\/2025\/07\/logo-eladd.png","width":324,"height":77,"caption":"Eladd En"},"image":{"@id":"https:\/\/eladd.org\/en\/#\/schema\/logo\/image\/"}}]}},"_links":{"self":[{"href":"https:\/\/eladd.org\/en\/wp-json\/wp\/v2\/pages\/411","targetHints":{"allow":["GET"]}}],"collection":[{"href":"https:\/\/eladd.org\/en\/wp-json\/wp\/v2\/pages"}],"about":[{"href":"https:\/\/eladd.org\/en\/wp-json\/wp\/v2\/types\/page"}],"author":[{"embeddable":true,"href":"https:\/\/eladd.org\/en\/wp-json\/wp\/v2\/users\/3"}],"replies":[{"embeddable":true,"href":"https:\/\/eladd.org\/en\/wp-json\/wp\/v2\/comments?post=411"}],"version-history":[{"count":4,"href":"https:\/\/eladd.org\/en\/wp-json\/wp\/v2\/pages\/411\/revisions"}],"predecessor-version":[{"id":24808,"href":"https:\/\/eladd.org\/en\/wp-json\/wp\/v2\/pages\/411\/revisions\/24808"}],"up":[{"embeddable":true,"href":"https:\/\/eladd.org\/en\/wp-json\/wp\/v2\/pages\/98"}],"wp:attachment":[{"href":"https:\/\/eladd.org\/en\/wp-json\/wp\/v2\/media?parent=411"}],"curies":[{"name":"wp","href":"https:\/\/api.w.org\/{rel}","templated":true}]}}