{"id":415,"date":"2015-03-15T14:44:04","date_gmt":"2015-03-15T14:44:04","guid":{"rendered":"https:\/\/eladd.org\/en\/?page_id=415"},"modified":"2025-11-12T03:42:22","modified_gmt":"2025-11-12T03:42:22","slug":"agripina-montes-del-valle","status":"publish","type":"page","link":"https:\/\/eladd.org\/en\/other-authors\/agripina-montes-del-valle\/","title":{"rendered":"Agripina Montes del Valle"},"content":{"rendered":"<div class=\"wpb-content-wrapper\">[vc_row full_width=&#8221;stretch_row&#8221; tablet_fullwidth_cols=&#8221;&#8221; bg_style=&#8221;repeat&#8221; css=&#8221;.vc_custom_1762918926803{background-position: 0 0 !important;background-repeat: repeat !important;}&#8221;][vc_column][vc_column_text el_class=&#8221;autoras__titulo&#8221;]\n<h2 style=\"text-align: center;\">Agripina Montes del Valle<\/h2>\n<p style=\"text-align: center;\">(1844-1915)<br \/>\n<img loading=\"lazy\" decoding=\"async\" class=\"size-full wp-image-1816 aligncenter\" src=\"\/\/eladd.org\/wp-content\/uploads\/2015\/09\/icon-space.png\" alt=\"icon-space\" width=\"150\" height=\"8\" \/>[\/vc_column_text][\/vc_column][\/vc_row][vc_row full_width=&#8221;stretch_row&#8221; el_id=&#8221;cuerpo&#8221; css=&#8221;.vc_custom_1762918935674{background-position: center !important;background-repeat: no-repeat !important;background-size: cover !important;}&#8221;][vc_column][vc_column_text el_class=&#8221;autoras__texto&#8221;]<strong>Agripina Montes del Valle (Colombia, 1844-1915)<\/strong><\/p>\n<p>Also known as: Agripina Montes<br \/>\nPseudonym: Azucena del Valle, Porcia<\/p>\n<p><strong>A full biographical essay is available in ELADD ESPA\u00d1OL under this author&#8217;s name. <\/strong><\/p>\n<div style=\"width: 100%; height: 3px; background: #6E6E6E; margin: 10px 0px 20px 0px; overflow: hidden;\"><\/div>\n<p><strong>Author\u2019s Works: Original and Edited (Works are listed in chronological order)<\/strong><br \/>\n<img loading=\"lazy\" decoding=\"async\" class=\"size-full wp-image-1036 alignright\" src=\"https:\/\/eladd.org\/wp-content\/uploads\/2015\/02\/160px-Agripina_Montes_del_Valle.jpeg\" alt=\"160px-Agripina_Montes_del_Valle\" width=\"160\" height=\"246\" \/><\/p>\n<p>(1864). \u201cA mi amiga: la sensible poetisa Leonor Blander.\u201d <em>El Mosaico <\/em>19 oct.: 320.<\/p>\n<p>(1864). \u201cEl 27 de noviembre.\u201d <em>El Mosaico<\/em> 3.42 (3 nov.): 336.<br \/>\n(1864). \u201cRecuerdos de una tarde.\u201d <em>El Mosaico<\/em> 3.45 (24 nov.): 360.<br \/>\n(1868). \u201cRecuerdos.\u201d <em>El Hogar. Peri\u00f3dico dedicado al bello sexo <\/em>1.14 (2 mayo): 112.<br \/>\n(1871). \u201cLos \u00faltimos instantes de Magdalena, la hija extraviada\u201d. <em>El Mosaico, peri\u00f3dico de la juventud Destinado exclusivamente a la literatura <\/em>38 (22 oct.): 298.<br \/>\n(1871). \u201cSilva\u201d. <em>El Mosaico, peri\u00f3dico de la juventud destinado exclusivamente a la literatura<\/em> 34 (24 sept.): 267.<br \/>\n&#8212;. \u201cSilva\u201d. <em>El Mosaico, peri\u00f3dico de la juventud destinado exclusivamente a la literatura<\/em> 2.18 (21 mayo 1872): 146-47.<br \/>\n(1872). \u201cA mi se\u00f1ora do\u00f1a P\u00eda Rig\u00e1n.\u201d <em>El Mosaico, peri\u00f3dico de la juventud destinado<br \/>\nexclusivamente a la literatura<\/em> 23 julio: 212.<br \/>\n(1872). \u201cCarta\u201d. <em>El Mosaico, peri\u00f3dico de la juventud destinado exclusivamente a la literatura <\/em> 2.42 (5 nov.): 330-31.<br \/>\n(1872). \u201cJos\u00e9 Mar\u00eda Vergara y Vergara.\u201d <em>El Mosaico, peri\u00f3dico de la juventud destinado<br \/>\nexclusivamente a la literatura<\/em> 2.13 (16 abril): 104.<br \/>\n(1872). \u201cLa ausencia.\u201d <em>El Mosaico, peri\u00f3dico de la juventud destinado exclusivamente a la<br \/>\nliteratura<\/em> 2.15 (30 abril): 117.<br \/>\n(1872). \u201cSilva a la muerte\u201d. <em>El Mosaico, peri\u00f3dico de la juventud destinado exclusivamente a<br \/>\nla literatura<\/em> 47 (7 enero): 371.<br \/>\n(1872). \u201cSilva. En la muerte de mi hijo. A mi querida hermana la se\u00f1orita Vicenta del Valle\u201d.<br \/>\n<em>El Mosaico<\/em> 2.10 (28 mayo): 146-57.<br \/>\n(1875). <em>Poetisas americanas<\/em>. Ed. Jos\u00e9 Domingoo Cort\u00e9s. Par\u00eda: Librer\u00eda de A. Boruet e Hijo.<br \/>\n(1878). \u201cA mi se\u00f1ora do\u00f1a Carmen de Vargas, en su d\u00eda.\u201d <em>La Mujer. Lecturas para las<br \/>\nfamilias. Revista quincenal, redactada exclusivamente por se\u00f1oras y se\u00f1oritas, bajo la<br \/>\ndirecci\u00f3n de la se\u00f1ora Soledad Acosta de Samper<\/em> 1.4 (17 oct.): 82.<br \/>\n(1878). <em>Antioquia literaria<\/em>. Ed. Juan Jos\u00e9 Molina. 2\u00aa ed. Medell\u00edn: Imprenta del estado.<br \/>\n(1878). \u201cDios. A mi Se\u00f1ora do\u00f1a P. A de B.\u201d <em>La Mujer. Lecturas para las familias. Revista<br \/>\nquincenal, redactada exclusivamente por se\u00f1oras y se\u00f1oritas, bajo la direcci\u00f3n de la<br \/>\nse\u00f1ora Soledad Acosta de Samper<\/em> 1.2 (18 sept.): 33.<br \/>\n(1878). \u201cTus ojos. A la se\u00f1orita Angelina Aguilar Toscano.\u201d <em>La Mujer. Lecturas para las<br \/>\nfamilias. Revista quincenal, redactada exclusivamente por se\u00f1oras y se\u00f1oritas, bajo la<br \/>\ndirecci\u00f3n de la se\u00f1ora Soledad Acosta de Samper<\/em> 1. 5 (5 nov.): 108.<br \/>\n(1879). \u201cA la se\u00f1orita Rosa Franco Acosta.\u201d <em>La Mujer. Lecturas para las familias. Revista<br \/>\nquincenal, redactada exclusivamente por se\u00f1oras y se\u00f1oritas, bajo la direcci\u00f3n de la<br \/>\nse\u00f1ora Soledad Acosta de Samper<\/em> 2.14 (20 abril): 38.<br \/>\n(1879). \u201cAp\u00f3logo.\u201d <em>La Mujer. Lecturas para las familias. Revista quincenal, redactada<br \/>\nexclusivamente por se\u00f1oras y se\u00f1oritas, bajo la direcci\u00f3n de la se\u00f1ora Soledad Acosta<br \/>\nde Samper <\/em>3.25 (1 oct.): 7.<br \/>\n(1879). \u201cCanci\u00f3n.\u201d <em>La Mujer. Lecturas para las familias. Revista quincenal, redactada<br \/>\nexclusivamente por se\u00f1oras y se\u00f1oritas, bajo la direcci\u00f3n de la se\u00f1ora Soledad Acosta<br \/>\nde Samper <\/em>1.12 (15 marzo): 283.<br \/>\n(1879). \u201cCharada.\u201d <em>La Mujer. Lecturas para las familias. Revista quincenal, redactada<br \/>\nexclusivamente por se\u00f1oras y se\u00f1oritas, bajo la direcci\u00f3n de la se\u00f1ora Soledad Acosta<br \/>\nde Samper<\/em> 1.11 (21 feb.): 243.<\/p>\n<p>&#8212;. \u201cCanci\u00f3n.\u201d <em>La Mujer. Lecturas para las familias. Revista quincenal, redactada<br \/>\nexclusivamente por se\u00f1oras y se\u00f1oritas, bajo la direcci\u00f3n de la se\u00f1ora Soledad Acosta<br \/>\nde Samper<\/em> 1.12 (15 marzo): 273.<\/p>\n<p>&#8212;. \u201cCanci\u00f3n.\u201d <em>La Mujer. Lecturas para las familias. Revista quincenal, redactada<br \/>\nexclusivamente por se\u00f1oras y se\u00f1oritas, bajo la direcci\u00f3n de la se\u00f1ora Soledad Acosta<br \/>\nde Samper<\/em> 2.13 (5 abril): 9.<br \/>\n(1879). \u201cLa azucena y la rosa.\u201d <em>La Mujer. Lecturas para las familias. Revista quincenal,<br \/>\nredactada exclusivamente por se\u00f1oras y se\u00f1oritas, bajo la direcci\u00f3n de la se\u00f1ora<br \/>\nSoledad Acosta de Samper<\/em> 2.19 (5 julio): 159.<br \/>\n(1879). \u201cLa vida!\u201d. <em>La Mujer. Lecturas para las familias. Revista quincenal,<br \/>\nredactada exclusivamente por se\u00f1oras y se\u00f1oritas, bajo la direcci\u00f3n de la se\u00f1ora<br \/>\nSoledad Acosta de Samper<\/em> 2.15 (5 mayo): 55.<br \/>\n(1879). \u201cLa vida de las rosas. A la se\u00f1orita Rosa Vargas, en el d\u00eda de su santo.\u201d <em>La Mujer.<br \/>\nLecturas para las familias. Revista quincenal, redactada exclusivamente por se\u00f1oras y<br \/>\nse\u00f1oritas, bajo la direcci\u00f3n de la se\u00f1ora Soledad Acosta de Samper<\/em> 1.7 (15 dec.): 148.<br \/>\n(1879). \u201cMemorias de la guerra. A mi se\u00f1ora y amiga do\u00f1a Isidora Liths.\u201d <em>La Mujer. Lecturas<br \/>\npara las familias. Revista quincenal, redactada exclusivamente por se\u00f1oras y se\u00f1oritas,<br \/>\nbajo la direcci\u00f3n de la se\u00f1ora Soledad Acosta de Samper<\/em> 1.11 (21 feb.): 249-50.<br \/>\n(1879). \u201cUn recuerdo de cari\u00f1osa amistad en la muerte de su querida madre, a la se\u00f1ora<br \/>\ndo\u00f1a Emilia Ot\u00e1lora de M.\u201d <em>La Mujer. Lecturas para las familias. Revista quincenal,<br \/>\nredactada exclusivamente por se\u00f1oras y se\u00f1oritas, bajo la direcci\u00f3n de la se\u00f1ora<br \/>\nSoledad Acosta de Samper <\/em>2.17 (5 junio): 110-11.<br \/>\n(1882-84). <em>Folletines de \u201cLa Luz\u201d<\/em>. Tomo 3. Ed. Rafa\u00e9l Mar\u00eda Merch\u00e1n. Bogot\u00e1: Imprenta de \u201cLa Luz\u201d. 289-361.<br \/>\n(1883). <em>Poes\u00eda de Agripina Montes del Valle<\/em>. Bogot\u00e1: Vapor de Zalamea Hermanos.<br \/>\n(1884). <em>El Parnaso Colombiano<\/em>. Ed. Julio \u00c1\u00f1ez. 1\u00aa ed. Bogot\u00e1: Imprenta de Medardo Rivas.<br \/>\n(1884). <em>Homenaje de Colombia al Libertador Sim\u00f3n Bol\u00edvar en su primer centenario<\/em>. 1783-<br \/>\n1883. Bogot\u00e1: Medardo Rivas.<\/p>\n<p>&#8212;. <em>Romancero colombiano: homenaje de Colombia al Libertador Sim\u00f3n Bol\u00edvar en su primer<br \/>\ncentenario<\/em>. 1783-1883. Ed. Jos\u00e9 Antonio Soff\u00eda. Bogot\u00e1: Imprenta Nacional, 1942.<br \/>\n1883.<br \/>\n(1889). \u201cA Fern\u00e1ndez Madrid en su centenario.\u201d <em>Colombia Ilustrada<\/em> (Bogot\u00e1): 4.<\/p>\n<p>(1890). \u201cA un turpial goajiro.\u201d <em>Colombia Ilustrada<\/em> 18 (28 oct.): 279.<\/p>\n<p>(1893-95). <em>Literatura de \u201cEl Heraldo\u201d<\/em>. Bogot\u00e1: J. J. P\u00e9rez.<\/p>\n<p>(1894). \u201cEterno amor.\u201d <em>Revista Gris<\/em> 2.12 (Dic.): 407-409.<\/p>\n<p>(1895). <em>Antolog\u00eda colombiana<\/em>. Ed. Emliana Isaza. Par\u00eds: Librer\u00eda de la Vda. de Bouret.<\/p>\n<p>(1902). <em>Tesoro po\u00e9tico del siglo XIX<\/em>. Ed. P. V. G\u00f3mez Bravo. Madrid: Jubera Hermanos.<br \/>\n(1903). <em>El mundo literario americano; escritores contempor\u00e1neos, semblanzas, poes\u00edas,<br \/>\napreciaciones, pinceladas<\/em>. Emilia Serrano de Wilson, Baronesa de Wilson. Barcelona:<br \/>\nMaucci.<\/p>\n<p>(1912). <em>Cincuenta poes\u00edas selectas de autores colombianos<\/em>. 2\u00aa ed. Ed. Lis\u00edmaco Palau.<br \/>\nBogot\u00e1: Imprenta El\u00e9ctrica.<br \/>\n(1919-20). <em>Antolog\u00eda po\u00e9tica hispanoamericana<\/em>. Tomo 3. Ed. Calixto Oyuela. Buenos Aires: A. Estrada y C\u00eda.<\/p>\n<p>(1920). <em>Parnaso colombiano<\/em>. 4\u00aa ed. Ed. Francisco Caro Grau. Barcelona: Editorial Maucci.<\/p>\n<p>(1924). <em>Las cien mejores poes\u00edas (l\u00edricas) colombianas<\/em>. Ed. Jos\u00e9 Vargas Tamayo. Madrid:<br \/>\nS\u00e1enz de J\u00fabera.<\/p>\n<p>(1934). \u201cHistoria biogr\u00e1fica de la poes\u00eda en Antioquia.\u201d <em>Repertorio Hist\u00f3rico<\/em> 12.6 (mayo): 395-779.<\/p>\n<p>(1935). <em>Historia de la literatura colombiana<\/em>. Ed. Jos\u00e9 J. Ortega T. Bogot\u00e1: Editorial Cromos. 164-69.<\/p>\n<p>(1936). \u201cAl Tequendama.\u201d <em>Revista Pan<\/em> 7 (feb.-abr. 1986): 1.<\/p>\n<p>(1936). <em>Las mejores poetisas colombianas<\/em>. Bogot\u00e1: Editorial Minerva. 75-83.<\/p>\n<p>(1951). <em>Antolog\u00eda l\u00edrica; 100 poemas colombianos<\/em>. 4\u00aa ed. Ed. Carlos Arturo Caparroso.<br \/>\nBogot\u00e1: Editorial A.B.C.<\/p>\n<p>(1954). <em>Breve bosquejo de literatura infantil<\/em>. Ed. Olga Castilla Barrios. Bogot\u00e1: Aedita Ltda. Cromos.<\/p>\n<p>(1955). <em>Colombia, el hombre y el paisaje: una antolog\u00eda escogida<\/em>. Ed. Jaime Tello. Bogot\u00e1: Editorial Iqueima.<br \/>\n(1955?). <em>Sabatina: ciudad poes\u00eda<\/em>. Eds. Jairo Maya Betancourt y Rub\u00e9n Sierra Mej\u00eda.<br \/>\nManizales: Tipograf\u00eda Cervantes.<br \/>\n(1956). <em>Poetisas de Am\u00e9rica<\/em>. Ed. Amapola Fenochio F\u00farlong. M\u00e9xico: 360.<br \/>\n(1957). <em>Antolog\u00eda de la poes\u00eda hispanoamericana: Colombia<\/em>. Eds. Gin\u00e9s Alvareda y Francisco Garias. Madrid: Biblioteca Nueva.<\/p>\n<p>(1958). <em>Antolog\u00eda de la poes\u00eda hispanoamericana<\/em>. Ed. Julio Caillet Bois. Madrid: Editorial Aguilar.<\/p>\n<p>(1975). <em>Poes\u00eda de autoras colombianas<\/em>. Ed. Eddy Torres. Bogot\u00e1: Oficina de Divulgaci\u00f3n de la Caja de Cr\u00e9dito Agrario. 65-78.<\/p>\n<p>(2000). \u201cAgripina Montes del Valle.\u201d <em>Las sacerdotisas: antolog\u00eda de la poes\u00eda femenina de<br \/>\nColombia en el siglo XIX<\/em>. Ed. H\u00e9ctor H. Orjuela. Santaf\u00e9 de Bogot\u00e1: Kelly, 2000.<br \/>\n(2002). Pr\u00f3l. Federico D\u00edaz-Granados. \u201cAgripina Montes del Valle.\u201d <em>Poemas a la patria<\/em>.<br \/>\nBogot\u00e1: Planeta.<br \/>\n<strong>Critical Works (Reference Materials, Books, Book Chapters, Journal Articles, Encyclopedias, Theses\/Dissertations, Media and Internet Sources)<\/strong><br \/>\nAristiz\u00e1bal Montes, Patricia. <em>Escritoras colombianas del siglo XIX: identidad y escritura<\/em>. Cali: Universidad de Valle, 2007. 22.<\/p>\n<p>Garc\u00eda Maffla, Jaime. \u201cAgripina Montes del Valle\u201d. <em>Gran enciclopedia de Colombia<\/em>. Tomo 4. Bogot\u00e1: C\u00edrculo de Lectores, 1992. 77-78.<\/p>\n<p>Orjuela, H\u00e9ctor H. <em>Las antolog\u00edas po\u00e9ticas de Colombia: estudio y bibliograf\u00eda<\/em>. Bogot\u00e1: Publicaciones del Instituto Caro y Cuervo, 1966. 32, 43, 47, 57, 79, 83, 91, 100, 114, 130, 200,231, 233, 257, 261, 270, 274, 277, 301, 307, 308, 310, 312, 313, 320, 345, 346, 349, 455, 372, 378, 388, 397, 399, 405, 411, 417, 426, 449.<\/p>\n<p>Rodr\u00edguez-Arenas, Flor Mar\u00eda. <em>Bibliograf\u00eda de la literatura colombiana del siglo XIX<\/em>. Tomo II. Buenos Aires: Stockcero, 2006. 45-49.<\/p>\n<p>Ronderos, C.E. <em>Emerging Postcolonial Discourses in Spanish America: The Case of \u201crevista gris\u201d<\/em>. Diss. U of Massachusetts, 2005. Ann Arbor: UMI, 2005. 234, 242, 248, 376.<\/p>\n<p>Torres, Jos\u00e9 Joaqu\u00edn Ortega. <em>Historia de la literatura colombiana<\/em>. Bogot\u00e1: Editorial Cromos, 1935. 163-69.<\/p>\n<p>Vallejo Murcia, Olga, and Xiomara Meneses Cano. &#8220;Publicaciones seriadas de la literatura colombiana. Fuentes peri\u00f3dicas para el estudio hist\u00f3rico de la literatura colombiana. Compilaci\u00f3n y rese\u00f1a. Segunda entrega.&#8221; <em>Estudios de Literatura Colombiana<\/em> 31 (2013): 293-307, 296, 298, 299, 302, 303, 306.<\/p>\n<p><img loading=\"lazy\" decoding=\"async\" class=\"aligncenter size-full wp-image-608\" src=\"https:\/\/eladd.org\/wp-content\/uploads\/2014\/02\/logo-footer-2.png\" alt=\"logo-footer-2\" width=\"260\" height=\"70\" \/>[\/vc_column_text][vc_single_image image=&#8221;660&#8243; alignment=&#8221;center&#8221; css=&#8221;.vc_custom_1446670823436{margin-top: 35px !important;}&#8221;][\/vc_column][\/vc_row]\n<\/div>","protected":false},"excerpt":{"rendered":"<p>[vc_row full_width=&rdquo;stretch_row&rdquo; tablet_fullwidth_cols=&rdquo;&rdquo; bg_style=&rdquo;repeat&rdquo; css=&rdquo;.vc_custom_1762918926803{background-position: 0 0 !important;background-repeat: repeat !important;}&rdquo;][vc_column][vc_column_text el_class=&rdquo;autoras__titulo&rdquo;] Agripina Montes del Valle (1844-1915) [\/vc_column_text][\/vc_column][\/vc_row][vc_row full_width=&rdquo;stretch_row&rdquo; el_id=&rdquo;cuerpo&rdquo; css=&rdquo;.vc_custom_1762918935674{background-position: center !important;background-repeat: no-repeat !important;background-size: cover !important;}&rdquo;][vc_column][vc_column_text el_class=&rdquo;autoras__texto&rdquo;]Agripina Montes del Valle (Colombia, 1844-1915) Also known as: Agripina Montes Pseudonym: Azucena del&hellip;<\/p>\n","protected":false},"author":3,"featured_media":0,"parent":98,"menu_order":0,"comment_status":"closed","ping_status":"closed","template":"","meta":{"footnotes":""},"class_list":["post-415","page","type-page","status-publish","hentry","entry","no-media"],"yoast_head":"<!-- This site is optimized with the Yoast SEO plugin v26.1.1 - https:\/\/yoast.com\/wordpress\/plugins\/seo\/ -->\n<title>Agripina Montes del Valle - Eladd En<\/title>\n<meta name=\"robots\" content=\"index, follow, max-snippet:-1, max-image-preview:large, max-video-preview:-1\" \/>\n<link rel=\"canonical\" href=\"https:\/\/eladd.org\/en\/other-authors\/agripina-montes-del-valle\/\" \/>\n<meta property=\"og:locale\" content=\"en_US\" \/>\n<meta property=\"og:type\" content=\"article\" \/>\n<meta property=\"og:title\" content=\"Agripina Montes del Valle - Eladd En\" \/>\n<meta property=\"og:description\" content=\"[vc_row full_width=&rdquo;stretch_row&rdquo; tablet_fullwidth_cols=&rdquo;&rdquo; bg_style=&rdquo;repeat&rdquo; css=&rdquo;.vc_custom_1762918926803{background-position: 0 0 !important;background-repeat: repeat !important;}&rdquo;][vc_column][vc_column_text el_class=&rdquo;autoras__titulo&rdquo;] Agripina Montes del Valle (1844-1915) [\/vc_column_text][\/vc_column][\/vc_row][vc_row full_width=&rdquo;stretch_row&rdquo; el_id=&rdquo;cuerpo&rdquo; css=&rdquo;.vc_custom_1762918935674{background-position: center !important;background-repeat: no-repeat !important;background-size: cover !important;}&rdquo;][vc_column][vc_column_text el_class=&rdquo;autoras__texto&rdquo;]Agripina Montes del Valle (Colombia, 1844-1915) Also known as: Agripina Montes Pseudonym: Azucena del&hellip;\" \/>\n<meta property=\"og:url\" content=\"https:\/\/eladd.org\/en\/other-authors\/agripina-montes-del-valle\/\" \/>\n<meta property=\"og:site_name\" content=\"Eladd En\" \/>\n<meta property=\"article:modified_time\" content=\"2025-11-12T03:42:22+00:00\" \/>\n<meta property=\"og:image\" content=\"https:\/\/eladd.org\/wp-content\/uploads\/2015\/02\/160px-Agripina_Montes_del_Valle.jpeg\" \/>\n<meta name=\"twitter:card\" content=\"summary_large_image\" \/>\n<meta name=\"twitter:label1\" content=\"Est. reading time\" \/>\n\t<meta name=\"twitter:data1\" content=\"7 minutes\" \/>\n<script type=\"application\/ld+json\" class=\"yoast-schema-graph\">{\"@context\":\"https:\/\/schema.org\",\"@graph\":[{\"@type\":\"WebPage\",\"@id\":\"https:\/\/eladd.org\/en\/other-authors\/agripina-montes-del-valle\/\",\"url\":\"https:\/\/eladd.org\/en\/other-authors\/agripina-montes-del-valle\/\",\"name\":\"Agripina Montes del Valle - Eladd En\",\"isPartOf\":{\"@id\":\"https:\/\/eladd.org\/en\/#website\"},\"primaryImageOfPage\":{\"@id\":\"https:\/\/eladd.org\/en\/other-authors\/agripina-montes-del-valle\/#primaryimage\"},\"image\":{\"@id\":\"https:\/\/eladd.org\/en\/other-authors\/agripina-montes-del-valle\/#primaryimage\"},\"thumbnailUrl\":\"https:\/\/eladd.org\/wp-content\/uploads\/2015\/02\/160px-Agripina_Montes_del_Valle.jpeg\",\"datePublished\":\"2015-03-15T14:44:04+00:00\",\"dateModified\":\"2025-11-12T03:42:22+00:00\",\"breadcrumb\":{\"@id\":\"https:\/\/eladd.org\/en\/other-authors\/agripina-montes-del-valle\/#breadcrumb\"},\"inLanguage\":\"en-US\",\"potentialAction\":[{\"@type\":\"ReadAction\",\"target\":[\"https:\/\/eladd.org\/en\/other-authors\/agripina-montes-del-valle\/\"]}]},{\"@type\":\"ImageObject\",\"inLanguage\":\"en-US\",\"@id\":\"https:\/\/eladd.org\/en\/other-authors\/agripina-montes-del-valle\/#primaryimage\",\"url\":\"https:\/\/eladd.org\/wp-content\/uploads\/2015\/02\/160px-Agripina_Montes_del_Valle.jpeg\",\"contentUrl\":\"https:\/\/eladd.org\/wp-content\/uploads\/2015\/02\/160px-Agripina_Montes_del_Valle.jpeg\"},{\"@type\":\"BreadcrumbList\",\"@id\":\"https:\/\/eladd.org\/en\/other-authors\/agripina-montes-del-valle\/#breadcrumb\",\"itemListElement\":[{\"@type\":\"ListItem\",\"position\":1,\"name\":\"Home\",\"item\":\"https:\/\/eladd.org\/en\/\"},{\"@type\":\"ListItem\",\"position\":2,\"name\":\"Other Authors\",\"item\":\"https:\/\/eladd.org\/en\/other-authors\/\"},{\"@type\":\"ListItem\",\"position\":3,\"name\":\"Agripina Montes del Valle\"}]},{\"@type\":\"WebSite\",\"@id\":\"https:\/\/eladd.org\/en\/#website\",\"url\":\"https:\/\/eladd.org\/en\/\",\"name\":\"Eladd En\",\"description\":\"Ninteenth-Century Latin American Women Writers\",\"publisher\":{\"@id\":\"https:\/\/eladd.org\/en\/#organization\"},\"potentialAction\":[{\"@type\":\"SearchAction\",\"target\":{\"@type\":\"EntryPoint\",\"urlTemplate\":\"https:\/\/eladd.org\/en\/?s={search_term_string}\"},\"query-input\":{\"@type\":\"PropertyValueSpecification\",\"valueRequired\":true,\"valueName\":\"search_term_string\"}}],\"inLanguage\":\"en-US\"},{\"@type\":\"Organization\",\"@id\":\"https:\/\/eladd.org\/en\/#organization\",\"name\":\"Eladd En\",\"url\":\"https:\/\/eladd.org\/en\/\",\"logo\":{\"@type\":\"ImageObject\",\"inLanguage\":\"en-US\",\"@id\":\"https:\/\/eladd.org\/en\/#\/schema\/logo\/image\/\",\"url\":\"https:\/\/eladd.org\/en\/wp-content\/uploads\/sites\/2\/2025\/07\/logo-eladd.png\",\"contentUrl\":\"https:\/\/eladd.org\/en\/wp-content\/uploads\/sites\/2\/2025\/07\/logo-eladd.png\",\"width\":324,\"height\":77,\"caption\":\"Eladd En\"},\"image\":{\"@id\":\"https:\/\/eladd.org\/en\/#\/schema\/logo\/image\/\"}}]}<\/script>\n<!-- \/ Yoast SEO plugin. -->","yoast_head_json":{"title":"Agripina Montes del Valle - Eladd En","robots":{"index":"index","follow":"follow","max-snippet":"max-snippet:-1","max-image-preview":"max-image-preview:large","max-video-preview":"max-video-preview:-1"},"canonical":"https:\/\/eladd.org\/en\/other-authors\/agripina-montes-del-valle\/","og_locale":"en_US","og_type":"article","og_title":"Agripina Montes del Valle - Eladd En","og_description":"[vc_row full_width=&rdquo;stretch_row&rdquo; tablet_fullwidth_cols=&rdquo;&rdquo; bg_style=&rdquo;repeat&rdquo; css=&rdquo;.vc_custom_1762918926803{background-position: 0 0 !important;background-repeat: repeat !important;}&rdquo;][vc_column][vc_column_text el_class=&rdquo;autoras__titulo&rdquo;] Agripina Montes del Valle (1844-1915) [\/vc_column_text][\/vc_column][\/vc_row][vc_row full_width=&rdquo;stretch_row&rdquo; el_id=&rdquo;cuerpo&rdquo; css=&rdquo;.vc_custom_1762918935674{background-position: center !important;background-repeat: no-repeat !important;background-size: cover !important;}&rdquo;][vc_column][vc_column_text el_class=&rdquo;autoras__texto&rdquo;]Agripina Montes del Valle (Colombia, 1844-1915) Also known as: Agripina Montes Pseudonym: Azucena del&hellip;","og_url":"https:\/\/eladd.org\/en\/other-authors\/agripina-montes-del-valle\/","og_site_name":"Eladd En","article_modified_time":"2025-11-12T03:42:22+00:00","og_image":[{"url":"https:\/\/eladd.org\/wp-content\/uploads\/2015\/02\/160px-Agripina_Montes_del_Valle.jpeg","type":"","width":"","height":""}],"twitter_card":"summary_large_image","twitter_misc":{"Est. reading time":"7 minutes"},"schema":{"@context":"https:\/\/schema.org","@graph":[{"@type":"WebPage","@id":"https:\/\/eladd.org\/en\/other-authors\/agripina-montes-del-valle\/","url":"https:\/\/eladd.org\/en\/other-authors\/agripina-montes-del-valle\/","name":"Agripina Montes del Valle - Eladd En","isPartOf":{"@id":"https:\/\/eladd.org\/en\/#website"},"primaryImageOfPage":{"@id":"https:\/\/eladd.org\/en\/other-authors\/agripina-montes-del-valle\/#primaryimage"},"image":{"@id":"https:\/\/eladd.org\/en\/other-authors\/agripina-montes-del-valle\/#primaryimage"},"thumbnailUrl":"https:\/\/eladd.org\/wp-content\/uploads\/2015\/02\/160px-Agripina_Montes_del_Valle.jpeg","datePublished":"2015-03-15T14:44:04+00:00","dateModified":"2025-11-12T03:42:22+00:00","breadcrumb":{"@id":"https:\/\/eladd.org\/en\/other-authors\/agripina-montes-del-valle\/#breadcrumb"},"inLanguage":"en-US","potentialAction":[{"@type":"ReadAction","target":["https:\/\/eladd.org\/en\/other-authors\/agripina-montes-del-valle\/"]}]},{"@type":"ImageObject","inLanguage":"en-US","@id":"https:\/\/eladd.org\/en\/other-authors\/agripina-montes-del-valle\/#primaryimage","url":"https:\/\/eladd.org\/wp-content\/uploads\/2015\/02\/160px-Agripina_Montes_del_Valle.jpeg","contentUrl":"https:\/\/eladd.org\/wp-content\/uploads\/2015\/02\/160px-Agripina_Montes_del_Valle.jpeg"},{"@type":"BreadcrumbList","@id":"https:\/\/eladd.org\/en\/other-authors\/agripina-montes-del-valle\/#breadcrumb","itemListElement":[{"@type":"ListItem","position":1,"name":"Home","item":"https:\/\/eladd.org\/en\/"},{"@type":"ListItem","position":2,"name":"Other Authors","item":"https:\/\/eladd.org\/en\/other-authors\/"},{"@type":"ListItem","position":3,"name":"Agripina Montes del Valle"}]},{"@type":"WebSite","@id":"https:\/\/eladd.org\/en\/#website","url":"https:\/\/eladd.org\/en\/","name":"Eladd En","description":"Ninteenth-Century Latin American Women Writers","publisher":{"@id":"https:\/\/eladd.org\/en\/#organization"},"potentialAction":[{"@type":"SearchAction","target":{"@type":"EntryPoint","urlTemplate":"https:\/\/eladd.org\/en\/?s={search_term_string}"},"query-input":{"@type":"PropertyValueSpecification","valueRequired":true,"valueName":"search_term_string"}}],"inLanguage":"en-US"},{"@type":"Organization","@id":"https:\/\/eladd.org\/en\/#organization","name":"Eladd En","url":"https:\/\/eladd.org\/en\/","logo":{"@type":"ImageObject","inLanguage":"en-US","@id":"https:\/\/eladd.org\/en\/#\/schema\/logo\/image\/","url":"https:\/\/eladd.org\/en\/wp-content\/uploads\/sites\/2\/2025\/07\/logo-eladd.png","contentUrl":"https:\/\/eladd.org\/en\/wp-content\/uploads\/sites\/2\/2025\/07\/logo-eladd.png","width":324,"height":77,"caption":"Eladd En"},"image":{"@id":"https:\/\/eladd.org\/en\/#\/schema\/logo\/image\/"}}]}},"_links":{"self":[{"href":"https:\/\/eladd.org\/en\/wp-json\/wp\/v2\/pages\/415","targetHints":{"allow":["GET"]}}],"collection":[{"href":"https:\/\/eladd.org\/en\/wp-json\/wp\/v2\/pages"}],"about":[{"href":"https:\/\/eladd.org\/en\/wp-json\/wp\/v2\/types\/page"}],"author":[{"embeddable":true,"href":"https:\/\/eladd.org\/en\/wp-json\/wp\/v2\/users\/3"}],"replies":[{"embeddable":true,"href":"https:\/\/eladd.org\/en\/wp-json\/wp\/v2\/comments?post=415"}],"version-history":[{"count":7,"href":"https:\/\/eladd.org\/en\/wp-json\/wp\/v2\/pages\/415\/revisions"}],"predecessor-version":[{"id":24810,"href":"https:\/\/eladd.org\/en\/wp-json\/wp\/v2\/pages\/415\/revisions\/24810"}],"up":[{"embeddable":true,"href":"https:\/\/eladd.org\/en\/wp-json\/wp\/v2\/pages\/98"}],"wp:attachment":[{"href":"https:\/\/eladd.org\/en\/wp-json\/wp\/v2\/media?parent=415"}],"curies":[{"name":"wp","href":"https:\/\/api.w.org\/{rel}","templated":true}]}}