{"id":426,"date":"2015-03-15T14:53:18","date_gmt":"2015-03-15T14:53:18","guid":{"rendered":"https:\/\/eladd.org\/en\/?page_id=426"},"modified":"2025-11-12T03:44:47","modified_gmt":"2025-11-12T03:44:47","slug":"rosario-orrego-de-uribe","status":"publish","type":"page","link":"https:\/\/eladd.org\/en\/other-authors\/rosario-orrego-de-uribe\/","title":{"rendered":"Rosario Orrego de Uribe"},"content":{"rendered":"<div class=\"wpb-content-wrapper\">[vc_row full_width=&#8221;stretch_row&#8221; tablet_fullwidth_cols=&#8221;&#8221; bg_style=&#8221;repeat&#8221; css=&#8221;.vc_custom_1762919063459{background-position: 0 0 !important;background-repeat: repeat !important;}&#8221;][vc_column][vc_column_text el_class=&#8221;autoras__titulo&#8221;]\n<h2 style=\"text-align: center;\">Rosario Orrego de Uribe<\/h2>\n<p style=\"text-align: center;\">(1834-1879)<br \/>\n<img loading=\"lazy\" decoding=\"async\" class=\"size-full wp-image-1816 aligncenter\" src=\"\/\/eladd.org\/wp-content\/uploads\/2015\/09\/icon-space.png\" alt=\"icon-space\" width=\"150\" height=\"8\" \/>[\/vc_column_text][\/vc_column][\/vc_row][vc_row full_width=&#8221;stretch_row&#8221; el_id=&#8221;cuerpo&#8221; css=&#8221;.vc_custom_1762919081986{background-position: center !important;background-repeat: no-repeat !important;background-size: cover !important;}&#8221;][vc_column][vc_column_text el_class=&#8221;autoras__texto&#8221;]<strong>Rosario Orrego de Uribe (Chile, 1834-1879)<br \/>\n<\/strong><\/p>\n<p><strong>Also known as:<\/strong> Rosario Orrego, Rosario Orrego Carvallo, Rosario Orrego Carvallo de Uribe, Rosario de Chac\u00f3n<\/p>\n<p><img loading=\"lazy\" decoding=\"async\" class=\"size-medium wp-image-1096 alignright\" src=\"https:\/\/eladd.org\/wp-content\/uploads\/2015\/03\/rosario-249x300.png\" alt=\"rosario\" width=\"249\" height=\"300\" \/><br \/>\n<strong>Author\u2019s Works: Original and Edited (Works are listed in chronological order)<\/strong><\/p>\n<p>(1860). \u201cAlberto el jugador. Novela que parece historia.\u201d <em>Revista del Pac\u00edfico<\/em> (Valpara\u00edso) 1: 471-483, 589-599, 633-645, 700-711, 792-804. (2: 125-132, 253-261, 348-358, 434-449, 507-511, 607-623).<\/p>\n<p>&#8212;. Pr\u00f3l. Ricardo Palma. <em>Alberto el jugador. Novela de costumbres<\/em>. Valpara\u00edso: Imprenta de Chile de A. Monticelli, 1861.<\/p>\n<p>&#8212;. <em>Alberto el jugador<\/em>. Santiago: Edici\u00f3n Cuarto Propio, 2001.<\/p>\n<p>(1874). \u201cTeresa. Episodio de la \u00e9poca de la Independencia.\u201d <em>Revista de Valpara\u00edso<\/em> 2 (1874): 161-71.<\/p>\n<p>(1875). Ed. Jos\u00e9 Domingo Cort\u00e9s. <em>Poetisas americanas. Ramillete po\u00e9tico del bello sexo hispano-americano<\/em>. Par\u00eds y Ciudad de M\u00e9xico: 1875. 223-27.<\/p>\n<p>(1931). Ed. Isaac Grez Silva. <em>Sus mejores poemas, art\u00edculos y su novela corta Teresa<\/em>. Santiago: Editorial Nascimento.<\/p>\n<p>(1959). \u201cAs\u00ed quiero morir.\u201d Ed. Ra\u00fal Silva Castro. <em>Antolog\u00eda general de la poes\u00eda chilena<\/em>. Santiago: Empresa Editora Zig-Zag. 128.<\/p>\n<p>(1974). Ed. Nina Donoso Correa. <em>Antolog\u00eda de la poes\u00eda femenina chilena<\/em>. Santiago: Ediciones Septiembre. 24-27.<\/p>\n<p>(2003). Eds. Osvaldo Angel, Joaqu\u00edn Taborga, y Catalina Zamora. <em>Rosario Orrego, 1831-1879: obra completa<\/em>. Copiap\u00f3, Chile: La C\u00e1fila.<\/p>\n<p><strong>Critical Works (Reference Materials, Books, Book Chapters, Journal Articles, Encyclopedias, Theses\/Dissertations, Media and Internet Sources) <\/strong><\/p>\n<p>An\u00f3nimo. \u201cDo\u00f1a Rosario Orrego de Uribe.\u201d <em>Atacama <\/em>(Copiap\u00f3) 3 oct. 1977: 4.<\/p>\n<p>&#8212;. \u201cPerfiles de la mujer atacame\u00f1a: hoy, Rosario Orrego de Uribe.\u201d <em>Atacama<\/em> 27 sept. 1980: 4.<\/p>\n<p>Arcos, Carlos. \u201cMusas del hogar y fe: la escritura p\u00fablica de Rosario Orrego de Uribe.\u201d <em>Revista Chilena de Literatura<\/em> 74 (abril 2009): 5-28.<\/p>\n<p>Burgos, Camila. \u201cDesaf\u00edos de las pioneras.\u201d <em>El Mercurio <\/em>(Santiago) 25 julio 1993: 1, 4-6, 8.<\/p>\n<p>Cano, Medardo. \u201cDo\u00f1a Rosario Orrego Carvallo de Uribe.\u201d <em>Atacama<\/em> 21 mayo 1977: 3.<\/p>\n<p>C\u00f3rdoba Ossa, Eliana. \u201cPanorama de la literatura copiapina.\u201d <em>Nueva Revista del Pac\u00edfico<\/em> (1978): 66-67.<\/p>\n<p>Donoso Correa, Nina, ed. \u201cRosario Orrego de Uribe.\u201d <em>Antolog\u00eda de la poes\u00eda femenina chilena<\/em>. Santiago: Ediciones Septiembre, 1974. 23.<\/p>\n<p>Figueroa, Pedro Pablo. <em>Diccionario biogr\u00e1fico de Chile<\/em>. Tomo 2. Santiago: Imprenta Litograf\u00eda y Encuadernaci\u00f3n Barcelona, 1897. 403-04.<\/p>\n<p>Figueroa, Virgilio. <em>Diccionario hist\u00f3rico, biogr\u00e1fico y bibliogr\u00e1fico de Chile<\/em>. Santiago: La Ilustraci\u00f3n, 1925-1931. 406.<\/p>\n<p>Gonz\u00e1lez-Vergara, Ruth. <em>Nuestras escritoras chilenas<\/em>. Santiago: Edici\u00f3n Hispano-Chilena, 1993. 76-109.<\/p>\n<p>Grez, Isaac. \u201cPr\u00f3logo.\u201d <em>Sus mejores poemas, art\u00edculos y su novela corta Teresa<\/em>. Rosario Orrego. Santiago: Editorial Nascimento, 1931.<\/p>\n<p>Lais, Jos\u00e9 Nicol\u00e1s. \u201cRosario Orrego de Uribe.\u201d <em>Atacama<\/em> 7 abril 1982: 2.<\/p>\n<p>Palma, Ricardo. \u201cPr\u00f3logo.\u201d <em>Alberto jugador<\/em>. Valpara\u00edso: Imprenta de Chile de A. Monticelli, 1861. iii-vi.<\/p>\n<p>Prado Traverso, Marcela. <em>Novelistas chilenas, inicios y transici\u00f3n siglo XIX a XX: Rosario Orrego Carvallo, In\u00e9s Echeverr\u00eda Bello y Mariana Cox Mendez<\/em>. Diss. Stanford University, 1991. Ann Arbor: ProQuest\/UMI, 1991.<\/p>\n<p>Romero Garc\u00eda, Eliana. \u201cRosario Orrego de Uribe.\u201d <em>Atacama<\/em> 4 julio 1974: 3.<\/p>\n<p>Rubio, Patricia. <em>Escritoras chilenas. Novela y cuento<\/em>. Tomo 3. Santiago: Editorial Cuatro Propio, 1999. 27-42.<\/p>\n<p>Su\u00e1rez, Jos\u00e9 Bernardo. <em>Rasgos biogr\u00e1ficos de mujeres c\u00e9lebres de Am\u00e9rica: escritos, traducidos i extractados para el uso de las j\u00f3venes<\/em>. Par\u00eds: Imp. Jules Le Cl\u00e8re, 1878. 148-50.<\/p>\n<p>Vera Lamperein, Lina. \u201cRosario Orrego Uribe. (1834-1879).\u201d <em>Presencia femenina en la literatura nacional. Una trayectoria apasionante. 1750-1991<\/em>. Santiago: Cuarto Propio, 1994. 48-51.<\/p>\n<p>Silva Castro, Ra\u00fal, ed. <em>Antolog\u00eda general de la poes\u00eda chilena<\/em>. Santiago: Empresa Editora Zig-Zag. 1959. 127.<\/p>\n<p><img loading=\"lazy\" decoding=\"async\" class=\"aligncenter size-full wp-image-608\" src=\"https:\/\/eladd.org\/wp-content\/uploads\/2014\/02\/logo-footer-2.png\" alt=\"logo-footer-2\" width=\"260\" height=\"70\" \/>[\/vc_column_text][vc_single_image image=&#8221;660&#8243; alignment=&#8221;center&#8221; css=&#8221;.vc_custom_1446670823436{margin-top: 35px !important;}&#8221;][\/vc_column][\/vc_row]\n<\/div>","protected":false},"excerpt":{"rendered":"<p>[vc_row full_width=&rdquo;stretch_row&rdquo; tablet_fullwidth_cols=&rdquo;&rdquo; bg_style=&rdquo;repeat&rdquo; css=&rdquo;.vc_custom_1762919063459{background-position: 0 0 !important;background-repeat: repeat !important;}&rdquo;][vc_column][vc_column_text el_class=&rdquo;autoras__titulo&rdquo;] Rosario Orrego de Uribe (1834-1879) [\/vc_column_text][\/vc_column][\/vc_row][vc_row full_width=&rdquo;stretch_row&rdquo; el_id=&rdquo;cuerpo&rdquo; css=&rdquo;.vc_custom_1762919081986{background-position: center !important;background-repeat: no-repeat !important;background-size: cover !important;}&rdquo;][vc_column][vc_column_text el_class=&rdquo;autoras__texto&rdquo;]Rosario Orrego de Uribe (Chile, 1834-1879) Also known as: Rosario Orrego, Rosario Orrego Carvallo,&hellip;<\/p>\n","protected":false},"author":3,"featured_media":0,"parent":98,"menu_order":0,"comment_status":"closed","ping_status":"closed","template":"","meta":{"footnotes":""},"class_list":["post-426","page","type-page","status-publish","hentry","entry","no-media"],"yoast_head":"<!-- This site is optimized with the Yoast SEO plugin v26.1.1 - https:\/\/yoast.com\/wordpress\/plugins\/seo\/ -->\n<title>Rosario Orrego de Uribe - Eladd En<\/title>\n<meta name=\"robots\" content=\"index, follow, max-snippet:-1, max-image-preview:large, max-video-preview:-1\" \/>\n<link rel=\"canonical\" href=\"https:\/\/eladd.org\/en\/other-authors\/rosario-orrego-de-uribe\/\" \/>\n<meta property=\"og:locale\" content=\"en_US\" \/>\n<meta property=\"og:type\" content=\"article\" \/>\n<meta property=\"og:title\" content=\"Rosario Orrego de Uribe - Eladd En\" \/>\n<meta property=\"og:description\" content=\"[vc_row full_width=&rdquo;stretch_row&rdquo; tablet_fullwidth_cols=&rdquo;&rdquo; bg_style=&rdquo;repeat&rdquo; css=&rdquo;.vc_custom_1762919063459{background-position: 0 0 !important;background-repeat: repeat !important;}&rdquo;][vc_column][vc_column_text el_class=&rdquo;autoras__titulo&rdquo;] Rosario Orrego de Uribe (1834-1879) [\/vc_column_text][\/vc_column][\/vc_row][vc_row full_width=&rdquo;stretch_row&rdquo; el_id=&rdquo;cuerpo&rdquo; css=&rdquo;.vc_custom_1762919081986{background-position: center !important;background-repeat: no-repeat !important;background-size: cover !important;}&rdquo;][vc_column][vc_column_text el_class=&rdquo;autoras__texto&rdquo;]Rosario Orrego de Uribe (Chile, 1834-1879) Also known as: Rosario Orrego, Rosario Orrego Carvallo,&hellip;\" \/>\n<meta property=\"og:url\" content=\"https:\/\/eladd.org\/en\/other-authors\/rosario-orrego-de-uribe\/\" \/>\n<meta property=\"og:site_name\" content=\"Eladd En\" \/>\n<meta property=\"article:modified_time\" content=\"2025-11-12T03:44:47+00:00\" \/>\n<meta property=\"og:image\" content=\"https:\/\/eladd.org\/wp-content\/uploads\/2015\/03\/rosario-249x300.png\" \/>\n<meta name=\"twitter:card\" content=\"summary_large_image\" \/>\n<meta name=\"twitter:label1\" content=\"Est. reading time\" \/>\n\t<meta name=\"twitter:data1\" content=\"3 minutes\" \/>\n<script type=\"application\/ld+json\" class=\"yoast-schema-graph\">{\"@context\":\"https:\/\/schema.org\",\"@graph\":[{\"@type\":\"WebPage\",\"@id\":\"https:\/\/eladd.org\/en\/other-authors\/rosario-orrego-de-uribe\/\",\"url\":\"https:\/\/eladd.org\/en\/other-authors\/rosario-orrego-de-uribe\/\",\"name\":\"Rosario Orrego de Uribe - Eladd En\",\"isPartOf\":{\"@id\":\"https:\/\/eladd.org\/en\/#website\"},\"primaryImageOfPage\":{\"@id\":\"https:\/\/eladd.org\/en\/other-authors\/rosario-orrego-de-uribe\/#primaryimage\"},\"image\":{\"@id\":\"https:\/\/eladd.org\/en\/other-authors\/rosario-orrego-de-uribe\/#primaryimage\"},\"thumbnailUrl\":\"https:\/\/eladd.org\/wp-content\/uploads\/2015\/03\/rosario-249x300.png\",\"datePublished\":\"2015-03-15T14:53:18+00:00\",\"dateModified\":\"2025-11-12T03:44:47+00:00\",\"breadcrumb\":{\"@id\":\"https:\/\/eladd.org\/en\/other-authors\/rosario-orrego-de-uribe\/#breadcrumb\"},\"inLanguage\":\"en-US\",\"potentialAction\":[{\"@type\":\"ReadAction\",\"target\":[\"https:\/\/eladd.org\/en\/other-authors\/rosario-orrego-de-uribe\/\"]}]},{\"@type\":\"ImageObject\",\"inLanguage\":\"en-US\",\"@id\":\"https:\/\/eladd.org\/en\/other-authors\/rosario-orrego-de-uribe\/#primaryimage\",\"url\":\"https:\/\/eladd.org\/wp-content\/uploads\/2015\/03\/rosario-249x300.png\",\"contentUrl\":\"https:\/\/eladd.org\/wp-content\/uploads\/2015\/03\/rosario-249x300.png\"},{\"@type\":\"BreadcrumbList\",\"@id\":\"https:\/\/eladd.org\/en\/other-authors\/rosario-orrego-de-uribe\/#breadcrumb\",\"itemListElement\":[{\"@type\":\"ListItem\",\"position\":1,\"name\":\"Home\",\"item\":\"https:\/\/eladd.org\/en\/\"},{\"@type\":\"ListItem\",\"position\":2,\"name\":\"Other Authors\",\"item\":\"https:\/\/eladd.org\/en\/other-authors\/\"},{\"@type\":\"ListItem\",\"position\":3,\"name\":\"Rosario Orrego de Uribe\"}]},{\"@type\":\"WebSite\",\"@id\":\"https:\/\/eladd.org\/en\/#website\",\"url\":\"https:\/\/eladd.org\/en\/\",\"name\":\"Eladd En\",\"description\":\"Ninteenth-Century Latin American Women Writers\",\"publisher\":{\"@id\":\"https:\/\/eladd.org\/en\/#organization\"},\"potentialAction\":[{\"@type\":\"SearchAction\",\"target\":{\"@type\":\"EntryPoint\",\"urlTemplate\":\"https:\/\/eladd.org\/en\/?s={search_term_string}\"},\"query-input\":{\"@type\":\"PropertyValueSpecification\",\"valueRequired\":true,\"valueName\":\"search_term_string\"}}],\"inLanguage\":\"en-US\"},{\"@type\":\"Organization\",\"@id\":\"https:\/\/eladd.org\/en\/#organization\",\"name\":\"Eladd En\",\"url\":\"https:\/\/eladd.org\/en\/\",\"logo\":{\"@type\":\"ImageObject\",\"inLanguage\":\"en-US\",\"@id\":\"https:\/\/eladd.org\/en\/#\/schema\/logo\/image\/\",\"url\":\"https:\/\/eladd.org\/en\/wp-content\/uploads\/sites\/2\/2025\/07\/logo-eladd.png\",\"contentUrl\":\"https:\/\/eladd.org\/en\/wp-content\/uploads\/sites\/2\/2025\/07\/logo-eladd.png\",\"width\":324,\"height\":77,\"caption\":\"Eladd En\"},\"image\":{\"@id\":\"https:\/\/eladd.org\/en\/#\/schema\/logo\/image\/\"}}]}<\/script>\n<!-- \/ Yoast SEO plugin. -->","yoast_head_json":{"title":"Rosario Orrego de Uribe - Eladd En","robots":{"index":"index","follow":"follow","max-snippet":"max-snippet:-1","max-image-preview":"max-image-preview:large","max-video-preview":"max-video-preview:-1"},"canonical":"https:\/\/eladd.org\/en\/other-authors\/rosario-orrego-de-uribe\/","og_locale":"en_US","og_type":"article","og_title":"Rosario Orrego de Uribe - Eladd En","og_description":"[vc_row full_width=&rdquo;stretch_row&rdquo; tablet_fullwidth_cols=&rdquo;&rdquo; bg_style=&rdquo;repeat&rdquo; css=&rdquo;.vc_custom_1762919063459{background-position: 0 0 !important;background-repeat: repeat !important;}&rdquo;][vc_column][vc_column_text el_class=&rdquo;autoras__titulo&rdquo;] Rosario Orrego de Uribe (1834-1879) [\/vc_column_text][\/vc_column][\/vc_row][vc_row full_width=&rdquo;stretch_row&rdquo; el_id=&rdquo;cuerpo&rdquo; css=&rdquo;.vc_custom_1762919081986{background-position: center !important;background-repeat: no-repeat !important;background-size: cover !important;}&rdquo;][vc_column][vc_column_text el_class=&rdquo;autoras__texto&rdquo;]Rosario Orrego de Uribe (Chile, 1834-1879) Also known as: Rosario Orrego, Rosario Orrego Carvallo,&hellip;","og_url":"https:\/\/eladd.org\/en\/other-authors\/rosario-orrego-de-uribe\/","og_site_name":"Eladd En","article_modified_time":"2025-11-12T03:44:47+00:00","og_image":[{"url":"https:\/\/eladd.org\/wp-content\/uploads\/2015\/03\/rosario-249x300.png","type":"","width":"","height":""}],"twitter_card":"summary_large_image","twitter_misc":{"Est. reading time":"3 minutes"},"schema":{"@context":"https:\/\/schema.org","@graph":[{"@type":"WebPage","@id":"https:\/\/eladd.org\/en\/other-authors\/rosario-orrego-de-uribe\/","url":"https:\/\/eladd.org\/en\/other-authors\/rosario-orrego-de-uribe\/","name":"Rosario Orrego de Uribe - Eladd En","isPartOf":{"@id":"https:\/\/eladd.org\/en\/#website"},"primaryImageOfPage":{"@id":"https:\/\/eladd.org\/en\/other-authors\/rosario-orrego-de-uribe\/#primaryimage"},"image":{"@id":"https:\/\/eladd.org\/en\/other-authors\/rosario-orrego-de-uribe\/#primaryimage"},"thumbnailUrl":"https:\/\/eladd.org\/wp-content\/uploads\/2015\/03\/rosario-249x300.png","datePublished":"2015-03-15T14:53:18+00:00","dateModified":"2025-11-12T03:44:47+00:00","breadcrumb":{"@id":"https:\/\/eladd.org\/en\/other-authors\/rosario-orrego-de-uribe\/#breadcrumb"},"inLanguage":"en-US","potentialAction":[{"@type":"ReadAction","target":["https:\/\/eladd.org\/en\/other-authors\/rosario-orrego-de-uribe\/"]}]},{"@type":"ImageObject","inLanguage":"en-US","@id":"https:\/\/eladd.org\/en\/other-authors\/rosario-orrego-de-uribe\/#primaryimage","url":"https:\/\/eladd.org\/wp-content\/uploads\/2015\/03\/rosario-249x300.png","contentUrl":"https:\/\/eladd.org\/wp-content\/uploads\/2015\/03\/rosario-249x300.png"},{"@type":"BreadcrumbList","@id":"https:\/\/eladd.org\/en\/other-authors\/rosario-orrego-de-uribe\/#breadcrumb","itemListElement":[{"@type":"ListItem","position":1,"name":"Home","item":"https:\/\/eladd.org\/en\/"},{"@type":"ListItem","position":2,"name":"Other Authors","item":"https:\/\/eladd.org\/en\/other-authors\/"},{"@type":"ListItem","position":3,"name":"Rosario Orrego de Uribe"}]},{"@type":"WebSite","@id":"https:\/\/eladd.org\/en\/#website","url":"https:\/\/eladd.org\/en\/","name":"Eladd En","description":"Ninteenth-Century Latin American Women Writers","publisher":{"@id":"https:\/\/eladd.org\/en\/#organization"},"potentialAction":[{"@type":"SearchAction","target":{"@type":"EntryPoint","urlTemplate":"https:\/\/eladd.org\/en\/?s={search_term_string}"},"query-input":{"@type":"PropertyValueSpecification","valueRequired":true,"valueName":"search_term_string"}}],"inLanguage":"en-US"},{"@type":"Organization","@id":"https:\/\/eladd.org\/en\/#organization","name":"Eladd En","url":"https:\/\/eladd.org\/en\/","logo":{"@type":"ImageObject","inLanguage":"en-US","@id":"https:\/\/eladd.org\/en\/#\/schema\/logo\/image\/","url":"https:\/\/eladd.org\/en\/wp-content\/uploads\/sites\/2\/2025\/07\/logo-eladd.png","contentUrl":"https:\/\/eladd.org\/en\/wp-content\/uploads\/sites\/2\/2025\/07\/logo-eladd.png","width":324,"height":77,"caption":"Eladd En"},"image":{"@id":"https:\/\/eladd.org\/en\/#\/schema\/logo\/image\/"}}]}},"_links":{"self":[{"href":"https:\/\/eladd.org\/en\/wp-json\/wp\/v2\/pages\/426","targetHints":{"allow":["GET"]}}],"collection":[{"href":"https:\/\/eladd.org\/en\/wp-json\/wp\/v2\/pages"}],"about":[{"href":"https:\/\/eladd.org\/en\/wp-json\/wp\/v2\/types\/page"}],"author":[{"embeddable":true,"href":"https:\/\/eladd.org\/en\/wp-json\/wp\/v2\/users\/3"}],"replies":[{"embeddable":true,"href":"https:\/\/eladd.org\/en\/wp-json\/wp\/v2\/comments?post=426"}],"version-history":[{"count":4,"href":"https:\/\/eladd.org\/en\/wp-json\/wp\/v2\/pages\/426\/revisions"}],"predecessor-version":[{"id":24812,"href":"https:\/\/eladd.org\/en\/wp-json\/wp\/v2\/pages\/426\/revisions\/24812"}],"up":[{"embeddable":true,"href":"https:\/\/eladd.org\/en\/wp-json\/wp\/v2\/pages\/98"}],"wp:attachment":[{"href":"https:\/\/eladd.org\/en\/wp-json\/wp\/v2\/media?parent=426"}],"curies":[{"name":"wp","href":"https:\/\/api.w.org\/{rel}","templated":true}]}}