{"id":429,"date":"2015-03-15T15:00:04","date_gmt":"2015-03-15T15:00:04","guid":{"rendered":"https:\/\/eladd.org\/en\/?page_id=429"},"modified":"2025-11-12T03:47:45","modified_gmt":"2025-11-12T03:47:45","slug":"julia-luisa-perez-y-montes-de-oca","status":"publish","type":"page","link":"https:\/\/eladd.org\/en\/other-authors\/julia-luisa-perez-y-montes-de-oca\/","title":{"rendered":"Julia Luisa P\u00e9rez y Montes de Oca"},"content":{"rendered":"<div class=\"wpb-content-wrapper\">[vc_row full_width=&#8221;stretch_row&#8221; tablet_fullwidth_cols=&#8221;&#8221; bg_style=&#8221;repeat&#8221; css=&#8221;.vc_custom_1762919250242{background-position: 0 0 !important;background-repeat: repeat !important;}&#8221;][vc_column][vc_column_text el_class=&#8221;autoras__titulo&#8221;]\n<h2 style=\"text-align: center;\">Julia Luisa P\u00e9rez y Montes de Oca<\/h2>\n<p style=\"text-align: center;\">(1841-1875)<br \/>\n<img loading=\"lazy\" decoding=\"async\" class=\"size-full wp-image-1816 aligncenter\" src=\"\/\/eladd.org\/wp-content\/uploads\/2015\/09\/icon-space.png\" alt=\"icon-space\" width=\"150\" height=\"8\" \/>[\/vc_column_text][\/vc_column][\/vc_row][vc_row full_width=&#8221;stretch_row&#8221; el_id=&#8221;cuerpo&#8221; css=&#8221;.vc_custom_1762919259187{background-position: center !important;background-repeat: no-repeat !important;background-size: cover !important;}&#8221;][vc_column][vc_column_text el_class=&#8221;autoras__texto&#8221;]<strong>Julia Luisa P\u00e9rez y Montes de Oca (Cuba, 1841-1875)<br \/>\nAlso known as: Julia P\u00e9rez Montes de Oca, Luisa P\u00e9rez Montes de Oca, Julia P\u00e9rez y Montes de Oca<\/strong><\/p>\n<p><img loading=\"lazy\" decoding=\"async\" class=\"size-medium wp-image-1084 alignright\" src=\"https:\/\/eladd.org\/wp-content\/uploads\/2015\/03\/julia-200x300.png\" alt=\"julia\" width=\"200\" height=\"300\" \/><\/p>\n<p><strong>Author\u2019s Works: Original and Edited (Works are listed in chronological order)<br \/>\n<\/strong><\/p>\n<p>(1875). Poes\u00edas. Barcelona: Gorgas.<\/p>\n<p>(1875). Ed. Jos\u00e9 Domingo Cort\u00e9s. <em>Poetisas americanas. Ramillete po\u00e9tico del bello sexo hispano-americano<\/em>. Par\u00eds-Ciudad de M\u00e9xico: 1875. 129-35.<\/p>\n<p>(1906). \u201cSoneto.\u201d Ed. Adri\u00e1n del Valle. <em>El parnaso cubano<\/em>. Barcelona: Maucci, 1906. 127.<\/p>\n<p>(1910). Ed. Antonio Gonz\u00e1lez Curquejo. <em>Florilegio de escritoras cubanas<\/em>. Tomo I. La Habana: Imprenta La Moderna Poes\u00eda. 50-61.<\/p>\n<p>(1926). Ed. Domitila de Garc\u00eda de Coronado. <em>\u00c1lbum po\u00e9tico-fotogr\u00e1fico de escritoras poetisas cubanas, escrito en 1868 para la se\u00f1ora Do\u00f1a Gertrudis G\u00f3mez de Avellaneda<\/em>. La Habana: Imprenta de El F\u00edgaro. 116-123.<\/p>\n<p>(1928). Jos\u00e9 Manuel Carbonell y Rivero. <em>La poes\u00eda l\u00edrica en Cuba<\/em>. Tomo 3. La Habana: Imprenta El Siglo XX. 404-412.<\/p>\n<p>(1957). <em>Poes\u00edas completas<\/em>. La Habana: P. Fern\u00e1ndez.<\/p>\n<p>(1957). \u201cPoes\u00edas completas.\u201d <em>Los Zambrana<\/em>. Tomo 14. La Habana: Imprenta P. Fern\u00e1ndez y C\u00eda.<\/p>\n<p>(1965). Ed. Jos\u00e9 Lezama Lima. <em>Antolog\u00eda de la poes\u00eda cubana<\/em>. Tomo II. La Habana: 1965. 209-24.<\/p>\n<p>(1974). \u201cA un colibr\u00ed.\u201d Ed. Carlos Ripoll. <em>Naturaleza y alma de Cuba: dos siglos de poes\u00eda cubana (1760-1960)<\/em>. Madrid: Anaya. 155-56.<\/p>\n<p>(1978). \u201cPaseo en el mar.\u201d Eds. Cintio Vitier and Fina Garc\u00eda Marruz. <em>Flor oculta de poes\u00eda cubana. Siglos XVIII y XIX<\/em>. Habana: Editorial Arte y Literatura. 170-72.<\/p>\n<p>(1981). <em>Poes\u00eda<\/em>. La Habana: Editorial Letras Cubanas.<\/p>\n<p>(2002). \u201cAl campo.\u201d Ed. Salvador Arias. <em>Poes\u00eda cubana de la colonia: antolog\u00eda<\/em>. La Habana: Editorial Letras Cubanas, 2002. 154-56.<\/p>\n<p>(2011). <em>Otra Cuba secreta: antolog\u00eda de poetas cubanas del XIX y del XX<\/em>. Madrid: Editorial Verbum. 89-100.<\/p>\n<p><strong>Critical Works (Reference Materials, Books, Book Chapters, Journal Articles, Encyclopedias, Theses\/Dissertations, Media and Internet Sources)<br \/>\n<\/strong><\/p>\n<p>Ara\u00f1a, Bertoldo (pseudonym of Jos\u00e9 Fornaris) \u201cJulia P\u00e9rez de Montes de Oca.\u201d <em>Camafeos<\/em> 18 (1865): 136-38.<\/p>\n<p>Arias, Salvador. <em>Poes\u00eda cubana de la colonia: antolog\u00eda<\/em>. La Habana: Editorial Letras Cubanas, 2002. 153-56.<\/p>\n<p>Calcagno, Francisco. <em>Diccionario biogr\u00e1fico cubano<\/em>. New York: N. Ponce de Le\u00f3n, 1878. 496.<\/p>\n<p>Carbonell y Rivero, Jos\u00e9 Manuel. \u201cJulia P\u00e9rez de Montes de Oca (1839-1875).\u201d <em>La poes\u00eda l\u00edrica en Cuba<\/em>. Tomo 3. La Habana: Imprenta El Siglo XX, 1928. 402-03.<\/p>\n<p>Ch\u00e1vez Lopez, F\u00e9lix Ernesto. <em>La construcci\u00f3n del sujeto rom\u00e1ntico en la poes\u00eda de Luisa P\u00e9rez de Zambrana<\/em>. Diss. Universidad Aut\u00f3noma de Barcelona, 2010. Ann Arbor: ProQuest\/UMI, 2010.<\/p>\n<p>Colberg, Carmen Elisa. <em>Esquema hist\u00f3rico-biogr\u00e1fico de la literatura antillana femenina en el siglo XIX<\/em>. Diss. The University of North Carolina at Chapel Hill. Ann Arbor: ProQuest\/UMI, 1989. ix, 97, 115, 118-20.<\/p>\n<p>Feij\u00f3o, Samuel. \u201cJoya del campo.\u201d <em>Azar de lecturas<\/em>. La Habana: Universidad Central de Las Villas, 1961. 52-56.<\/p>\n<p>&#8212;. \u201cPo\u00e9tica cubana de los sonidos en el siglo XIX.\u201d <em>Sobre los movimientos por una poes\u00eda cubana hasta 1856<\/em>. La Habana: Universidad Central de Las Villas, 1961.<\/p>\n<p>Garc\u00eda de Coronado, Domitila. <em>\u00c1lbum po\u00e9tico-fotogr\u00e1fico de escritoras poetisas cubanas escrito en 1868 para la se\u00f1ora Do\u00f1a Gertrudis G\u00f3mez de Avellaneda<\/em>. La Habana: Imprenta de El F\u00edgaro, 1926. 115-23.<\/p>\n<p>G\u00f3mez, Luis Marcelino. \u201cJulia P\u00e9rez Montes de Oca.\u201d <em>La mujer en defensa de la mujer: voces femeninas del romanticismo cubano (poes\u00eda y cuento)<\/em>. Diss. Florida International University. Ann Arbor: ProQuest\/UMI, 2001.<\/p>\n<p>Gonz\u00e1lez Curquejo, Antonio, ed. <em>Florilegio de escritoras cubanas<\/em>. Tomo I. La Habana: Librer\u00eda e Imprenta La Moderna Poes\u00eda, 1910. 49.<\/p>\n<p>Guerra Casta\u00f1eda, Armando. \u201cLa mujer vueltabajera en la poes\u00eda cubana.\u201d <em>RBC<\/em> 37:2 (Marzo-Abril 1936): 249-67.<\/p>\n<p>Henr\u00edquez Ure\u00f1a, Max. \u201cJulia P\u00e9rez Montes de Oca.\u201d <em>Panorama hist\u00f3rico de la literatura cubana<\/em>. New York: Las Americas Publishing Company, 1963. 182, 308, 318-19.<\/p>\n<p>\u201cJulia P\u00e9rez y Montes de Oca.\u201d Diccionario de la Literatura Cubana. Tomo 2. La Habana: Instituto de Literatura y Ling\u00fc\u00edstica de la Academia de Ciencias de Cuba, 1980. 734.<\/p>\n<p>Lazo, Rodrigo. Writing to Cuba: Filibustering and Cuban Exiles in the United States. Chapel Hill: University of North Carolina Press, 2005. 100, 118-19.<\/p>\n<p>Lezama Lima, Jos\u00e9. \u201cJulia P\u00e9rez Montes de Oca.\u201d Antolog\u00eda de la poes\u00eda cubana. Tomo 2. La Habana: 1965. 208-09.<\/p>\n<p>Portuondo Valdor, Jos\u00e9 Antonio, ed. <em>Historia de la literatura cubana. La colonia: desde los or\u00edgenes hasta 1898<\/em>. Tomo 1. La Habana: Letras Cubanas, 2002. 237, 299-300, 303, 452, 454.<\/p>\n<p>Remos, Juan J. <em>Proceso hist\u00f3rico de las letras cubanas<\/em>. Madrid: Ediciones Guadarrama, 1958. 127.<\/p>\n<p>Ripoll, Carlos, ed. <em>Naturaleza y alma de Cuba: dos siglos de poes\u00eda cubana (1760-1960)<\/em>. Madrid: Anaya, 1974. 155.<\/p>\n<p>Rodr\u00edguez Guti\u00e9rrez, Milena ed. <em>Otra Cuba secreta: antolog\u00eda de poetas cubanas del XIX y del XX<\/em>. Madrid: Editorial Verbum, 2011. 87-88.<\/p>\n<p>Smith, Octavio. <em>Poes\u00eda<\/em>. Pr\u00f3logo a Julia P\u00e9rez Montes de Oca. 1981: 7-30.<\/p>\n<p>Su\u00e1rez, Jos\u00e9 Bernardo. <em>Rasgos biogr\u00e1ficos de mujeres c\u00e9lebres de Am\u00e9rica: escritos, traducidos i extractados para el uso de las j\u00f3venes<\/em>. Paris: Imp. Jules Le Clere, 1878. 30-31.<\/p>\n<p>Vitier, Cintio. <em>Lo cubano en la poes\u00eda<\/em>. La Habana: Universidad Central de Las Villas, 1958. 215-22.<\/p>\n<p>Zambrana, Ram\u00f3n. <em>Soliloquios<\/em>. La Habana: Impr. La Intr\u00e9pida, 1865. 103-04.<\/p>\n<p>Zambrana de Fern\u00e1ndez, Malleen. \u201cAcerca de las poes\u00edas de Julia P\u00e9rez Montes de Oca.\u201d <em>Colecci\u00f3n Los Zambrana<\/em>. Tomo 14. La Habana: Imprenta P. Fern\u00e1ndez, 1958. 111-14.<\/p>\n<p><img loading=\"lazy\" decoding=\"async\" class=\"aligncenter size-full wp-image-608\" src=\"https:\/\/eladd.org\/wp-content\/uploads\/2014\/02\/logo-footer-2.png\" alt=\"logo-footer-2\" width=\"260\" height=\"70\" \/>[\/vc_column_text][vc_single_image image=&#8221;660&#8243; alignment=&#8221;center&#8221; css=&#8221;.vc_custom_1446670823436{margin-top: 35px !important;}&#8221;][\/vc_column][\/vc_row]\n<\/div>","protected":false},"excerpt":{"rendered":"<p>[vc_row full_width=&rdquo;stretch_row&rdquo; tablet_fullwidth_cols=&rdquo;&rdquo; bg_style=&rdquo;repeat&rdquo; css=&rdquo;.vc_custom_1762919250242{background-position: 0 0 !important;background-repeat: repeat !important;}&rdquo;][vc_column][vc_column_text el_class=&rdquo;autoras__titulo&rdquo;] Julia Luisa P&eacute;rez y Montes de Oca (1841-1875) [\/vc_column_text][\/vc_column][\/vc_row][vc_row full_width=&rdquo;stretch_row&rdquo; el_id=&rdquo;cuerpo&rdquo; css=&rdquo;.vc_custom_1762919259187{background-position: center !important;background-repeat: no-repeat !important;background-size: cover !important;}&rdquo;][vc_column][vc_column_text el_class=&rdquo;autoras__texto&rdquo;]Julia Luisa P&eacute;rez y Montes de Oca (Cuba, 1841-1875) Also known&hellip;<\/p>\n","protected":false},"author":3,"featured_media":0,"parent":98,"menu_order":0,"comment_status":"closed","ping_status":"closed","template":"","meta":{"footnotes":""},"class_list":["post-429","page","type-page","status-publish","hentry","entry","no-media"],"yoast_head":"<!-- This site is optimized with the Yoast SEO plugin v26.1.1 - https:\/\/yoast.com\/wordpress\/plugins\/seo\/ -->\n<title>Julia Luisa P\u00e9rez y Montes de Oca - Eladd En<\/title>\n<meta name=\"robots\" content=\"index, follow, max-snippet:-1, max-image-preview:large, max-video-preview:-1\" \/>\n<link rel=\"canonical\" href=\"https:\/\/eladd.org\/en\/other-authors\/julia-luisa-perez-y-montes-de-oca\/\" \/>\n<meta property=\"og:locale\" content=\"en_US\" \/>\n<meta property=\"og:type\" content=\"article\" \/>\n<meta property=\"og:title\" content=\"Julia Luisa P\u00e9rez y Montes de Oca - Eladd En\" \/>\n<meta property=\"og:description\" content=\"[vc_row full_width=&rdquo;stretch_row&rdquo; tablet_fullwidth_cols=&rdquo;&rdquo; bg_style=&rdquo;repeat&rdquo; css=&rdquo;.vc_custom_1762919250242{background-position: 0 0 !important;background-repeat: repeat !important;}&rdquo;][vc_column][vc_column_text el_class=&rdquo;autoras__titulo&rdquo;] Julia Luisa P&eacute;rez y Montes de Oca (1841-1875) [\/vc_column_text][\/vc_column][\/vc_row][vc_row full_width=&rdquo;stretch_row&rdquo; el_id=&rdquo;cuerpo&rdquo; css=&rdquo;.vc_custom_1762919259187{background-position: center !important;background-repeat: no-repeat !important;background-size: cover !important;}&rdquo;][vc_column][vc_column_text el_class=&rdquo;autoras__texto&rdquo;]Julia Luisa P&eacute;rez y Montes de Oca (Cuba, 1841-1875) Also known&hellip;\" \/>\n<meta property=\"og:url\" content=\"https:\/\/eladd.org\/en\/other-authors\/julia-luisa-perez-y-montes-de-oca\/\" \/>\n<meta property=\"og:site_name\" content=\"Eladd En\" \/>\n<meta property=\"article:modified_time\" content=\"2025-11-12T03:47:45+00:00\" \/>\n<meta property=\"og:image\" content=\"https:\/\/eladd.org\/wp-content\/uploads\/2015\/03\/julia-200x300.png\" \/>\n<meta name=\"twitter:card\" content=\"summary_large_image\" \/>\n<meta name=\"twitter:label1\" content=\"Est. reading time\" \/>\n\t<meta name=\"twitter:data1\" content=\"5 minutes\" \/>\n<script type=\"application\/ld+json\" class=\"yoast-schema-graph\">{\"@context\":\"https:\/\/schema.org\",\"@graph\":[{\"@type\":\"WebPage\",\"@id\":\"https:\/\/eladd.org\/en\/other-authors\/julia-luisa-perez-y-montes-de-oca\/\",\"url\":\"https:\/\/eladd.org\/en\/other-authors\/julia-luisa-perez-y-montes-de-oca\/\",\"name\":\"Julia Luisa P\u00e9rez y Montes de Oca - Eladd En\",\"isPartOf\":{\"@id\":\"https:\/\/eladd.org\/en\/#website\"},\"primaryImageOfPage\":{\"@id\":\"https:\/\/eladd.org\/en\/other-authors\/julia-luisa-perez-y-montes-de-oca\/#primaryimage\"},\"image\":{\"@id\":\"https:\/\/eladd.org\/en\/other-authors\/julia-luisa-perez-y-montes-de-oca\/#primaryimage\"},\"thumbnailUrl\":\"https:\/\/eladd.org\/wp-content\/uploads\/2015\/03\/julia-200x300.png\",\"datePublished\":\"2015-03-15T15:00:04+00:00\",\"dateModified\":\"2025-11-12T03:47:45+00:00\",\"breadcrumb\":{\"@id\":\"https:\/\/eladd.org\/en\/other-authors\/julia-luisa-perez-y-montes-de-oca\/#breadcrumb\"},\"inLanguage\":\"en-US\",\"potentialAction\":[{\"@type\":\"ReadAction\",\"target\":[\"https:\/\/eladd.org\/en\/other-authors\/julia-luisa-perez-y-montes-de-oca\/\"]}]},{\"@type\":\"ImageObject\",\"inLanguage\":\"en-US\",\"@id\":\"https:\/\/eladd.org\/en\/other-authors\/julia-luisa-perez-y-montes-de-oca\/#primaryimage\",\"url\":\"https:\/\/eladd.org\/wp-content\/uploads\/2015\/03\/julia-200x300.png\",\"contentUrl\":\"https:\/\/eladd.org\/wp-content\/uploads\/2015\/03\/julia-200x300.png\"},{\"@type\":\"BreadcrumbList\",\"@id\":\"https:\/\/eladd.org\/en\/other-authors\/julia-luisa-perez-y-montes-de-oca\/#breadcrumb\",\"itemListElement\":[{\"@type\":\"ListItem\",\"position\":1,\"name\":\"Home\",\"item\":\"https:\/\/eladd.org\/en\/\"},{\"@type\":\"ListItem\",\"position\":2,\"name\":\"Other Authors\",\"item\":\"https:\/\/eladd.org\/en\/other-authors\/\"},{\"@type\":\"ListItem\",\"position\":3,\"name\":\"Julia Luisa P\u00e9rez y Montes de Oca\"}]},{\"@type\":\"WebSite\",\"@id\":\"https:\/\/eladd.org\/en\/#website\",\"url\":\"https:\/\/eladd.org\/en\/\",\"name\":\"Eladd En\",\"description\":\"Ninteenth-Century Latin American Women Writers\",\"publisher\":{\"@id\":\"https:\/\/eladd.org\/en\/#organization\"},\"potentialAction\":[{\"@type\":\"SearchAction\",\"target\":{\"@type\":\"EntryPoint\",\"urlTemplate\":\"https:\/\/eladd.org\/en\/?s={search_term_string}\"},\"query-input\":{\"@type\":\"PropertyValueSpecification\",\"valueRequired\":true,\"valueName\":\"search_term_string\"}}],\"inLanguage\":\"en-US\"},{\"@type\":\"Organization\",\"@id\":\"https:\/\/eladd.org\/en\/#organization\",\"name\":\"Eladd En\",\"url\":\"https:\/\/eladd.org\/en\/\",\"logo\":{\"@type\":\"ImageObject\",\"inLanguage\":\"en-US\",\"@id\":\"https:\/\/eladd.org\/en\/#\/schema\/logo\/image\/\",\"url\":\"https:\/\/eladd.org\/en\/wp-content\/uploads\/sites\/2\/2025\/07\/logo-eladd.png\",\"contentUrl\":\"https:\/\/eladd.org\/en\/wp-content\/uploads\/sites\/2\/2025\/07\/logo-eladd.png\",\"width\":324,\"height\":77,\"caption\":\"Eladd En\"},\"image\":{\"@id\":\"https:\/\/eladd.org\/en\/#\/schema\/logo\/image\/\"}}]}<\/script>\n<!-- \/ Yoast SEO plugin. -->","yoast_head_json":{"title":"Julia Luisa P\u00e9rez y Montes de Oca - Eladd En","robots":{"index":"index","follow":"follow","max-snippet":"max-snippet:-1","max-image-preview":"max-image-preview:large","max-video-preview":"max-video-preview:-1"},"canonical":"https:\/\/eladd.org\/en\/other-authors\/julia-luisa-perez-y-montes-de-oca\/","og_locale":"en_US","og_type":"article","og_title":"Julia Luisa P\u00e9rez y Montes de Oca - Eladd En","og_description":"[vc_row full_width=&rdquo;stretch_row&rdquo; tablet_fullwidth_cols=&rdquo;&rdquo; bg_style=&rdquo;repeat&rdquo; css=&rdquo;.vc_custom_1762919250242{background-position: 0 0 !important;background-repeat: repeat !important;}&rdquo;][vc_column][vc_column_text el_class=&rdquo;autoras__titulo&rdquo;] Julia Luisa P&eacute;rez y Montes de Oca (1841-1875) [\/vc_column_text][\/vc_column][\/vc_row][vc_row full_width=&rdquo;stretch_row&rdquo; el_id=&rdquo;cuerpo&rdquo; css=&rdquo;.vc_custom_1762919259187{background-position: center !important;background-repeat: no-repeat !important;background-size: cover !important;}&rdquo;][vc_column][vc_column_text el_class=&rdquo;autoras__texto&rdquo;]Julia Luisa P&eacute;rez y Montes de Oca (Cuba, 1841-1875) Also known&hellip;","og_url":"https:\/\/eladd.org\/en\/other-authors\/julia-luisa-perez-y-montes-de-oca\/","og_site_name":"Eladd En","article_modified_time":"2025-11-12T03:47:45+00:00","og_image":[{"url":"https:\/\/eladd.org\/wp-content\/uploads\/2015\/03\/julia-200x300.png","type":"","width":"","height":""}],"twitter_card":"summary_large_image","twitter_misc":{"Est. reading time":"5 minutes"},"schema":{"@context":"https:\/\/schema.org","@graph":[{"@type":"WebPage","@id":"https:\/\/eladd.org\/en\/other-authors\/julia-luisa-perez-y-montes-de-oca\/","url":"https:\/\/eladd.org\/en\/other-authors\/julia-luisa-perez-y-montes-de-oca\/","name":"Julia Luisa P\u00e9rez y Montes de Oca - Eladd En","isPartOf":{"@id":"https:\/\/eladd.org\/en\/#website"},"primaryImageOfPage":{"@id":"https:\/\/eladd.org\/en\/other-authors\/julia-luisa-perez-y-montes-de-oca\/#primaryimage"},"image":{"@id":"https:\/\/eladd.org\/en\/other-authors\/julia-luisa-perez-y-montes-de-oca\/#primaryimage"},"thumbnailUrl":"https:\/\/eladd.org\/wp-content\/uploads\/2015\/03\/julia-200x300.png","datePublished":"2015-03-15T15:00:04+00:00","dateModified":"2025-11-12T03:47:45+00:00","breadcrumb":{"@id":"https:\/\/eladd.org\/en\/other-authors\/julia-luisa-perez-y-montes-de-oca\/#breadcrumb"},"inLanguage":"en-US","potentialAction":[{"@type":"ReadAction","target":["https:\/\/eladd.org\/en\/other-authors\/julia-luisa-perez-y-montes-de-oca\/"]}]},{"@type":"ImageObject","inLanguage":"en-US","@id":"https:\/\/eladd.org\/en\/other-authors\/julia-luisa-perez-y-montes-de-oca\/#primaryimage","url":"https:\/\/eladd.org\/wp-content\/uploads\/2015\/03\/julia-200x300.png","contentUrl":"https:\/\/eladd.org\/wp-content\/uploads\/2015\/03\/julia-200x300.png"},{"@type":"BreadcrumbList","@id":"https:\/\/eladd.org\/en\/other-authors\/julia-luisa-perez-y-montes-de-oca\/#breadcrumb","itemListElement":[{"@type":"ListItem","position":1,"name":"Home","item":"https:\/\/eladd.org\/en\/"},{"@type":"ListItem","position":2,"name":"Other Authors","item":"https:\/\/eladd.org\/en\/other-authors\/"},{"@type":"ListItem","position":3,"name":"Julia Luisa P\u00e9rez y Montes de Oca"}]},{"@type":"WebSite","@id":"https:\/\/eladd.org\/en\/#website","url":"https:\/\/eladd.org\/en\/","name":"Eladd En","description":"Ninteenth-Century Latin American Women Writers","publisher":{"@id":"https:\/\/eladd.org\/en\/#organization"},"potentialAction":[{"@type":"SearchAction","target":{"@type":"EntryPoint","urlTemplate":"https:\/\/eladd.org\/en\/?s={search_term_string}"},"query-input":{"@type":"PropertyValueSpecification","valueRequired":true,"valueName":"search_term_string"}}],"inLanguage":"en-US"},{"@type":"Organization","@id":"https:\/\/eladd.org\/en\/#organization","name":"Eladd En","url":"https:\/\/eladd.org\/en\/","logo":{"@type":"ImageObject","inLanguage":"en-US","@id":"https:\/\/eladd.org\/en\/#\/schema\/logo\/image\/","url":"https:\/\/eladd.org\/en\/wp-content\/uploads\/sites\/2\/2025\/07\/logo-eladd.png","contentUrl":"https:\/\/eladd.org\/en\/wp-content\/uploads\/sites\/2\/2025\/07\/logo-eladd.png","width":324,"height":77,"caption":"Eladd En"},"image":{"@id":"https:\/\/eladd.org\/en\/#\/schema\/logo\/image\/"}}]}},"_links":{"self":[{"href":"https:\/\/eladd.org\/en\/wp-json\/wp\/v2\/pages\/429","targetHints":{"allow":["GET"]}}],"collection":[{"href":"https:\/\/eladd.org\/en\/wp-json\/wp\/v2\/pages"}],"about":[{"href":"https:\/\/eladd.org\/en\/wp-json\/wp\/v2\/types\/page"}],"author":[{"embeddable":true,"href":"https:\/\/eladd.org\/en\/wp-json\/wp\/v2\/users\/3"}],"replies":[{"embeddable":true,"href":"https:\/\/eladd.org\/en\/wp-json\/wp\/v2\/comments?post=429"}],"version-history":[{"count":7,"href":"https:\/\/eladd.org\/en\/wp-json\/wp\/v2\/pages\/429\/revisions"}],"predecessor-version":[{"id":24817,"href":"https:\/\/eladd.org\/en\/wp-json\/wp\/v2\/pages\/429\/revisions\/24817"}],"up":[{"embeddable":true,"href":"https:\/\/eladd.org\/en\/wp-json\/wp\/v2\/pages\/98"}],"wp:attachment":[{"href":"https:\/\/eladd.org\/en\/wp-json\/wp\/v2\/media?parent=429"}],"curies":[{"name":"wp","href":"https:\/\/api.w.org\/{rel}","templated":true}]}}