{"id":434,"date":"2015-03-15T15:03:50","date_gmt":"2015-03-15T15:03:50","guid":{"rendered":"https:\/\/eladd.org\/en\/?page_id=434"},"modified":"2025-11-12T03:48:21","modified_gmt":"2025-11-12T03:48:21","slug":"isabel-prieto-de-landazuri","status":"publish","type":"page","link":"https:\/\/eladd.org\/en\/other-authors\/isabel-prieto-de-landazuri\/","title":{"rendered":"Isabel Prieto de Land\u00e1zuri"},"content":{"rendered":"<div class=\"wpb-content-wrapper\">[vc_row full_width=&#8221;stretch_row&#8221; tablet_fullwidth_cols=&#8221;&#8221; bg_style=&#8221;repeat&#8221; css=&#8221;.vc_custom_1762919282122{background-position: 0 0 !important;background-repeat: repeat !important;}&#8221;][vc_column][vc_column_text el_class=&#8221;autoras__titulo&#8221;]\n<h2 style=\"text-align: center;\">Isabel Prieto de Land\u00e1zuri<\/h2>\n<p style=\"text-align: center;\">(1833-1876)<br \/>\n<img loading=\"lazy\" decoding=\"async\" class=\"size-full wp-image-1816 aligncenter\" src=\"\/\/eladd.org\/wp-content\/uploads\/2015\/09\/icon-space.png\" alt=\"icon-space\" width=\"150\" height=\"8\" \/>[\/vc_column_text][\/vc_column][\/vc_row][vc_row full_width=&#8221;stretch_row&#8221; el_id=&#8221;cuerpo&#8221; css=&#8221;.vc_custom_1762919289362{background-position: center !important;background-repeat: no-repeat !important;background-size: cover !important;}&#8221;][vc_column][vc_column_text el_class=&#8221;autoras__texto&#8221;]<strong>Isabel Prieto de Land\u00e1zuri (M\u00e9xico, 1833-1876)<br \/>\nAlso known as: Isabel \u00c1ngel Prieto Gonz\u00e1lez Bango<\/strong><\/p>\n<p><img loading=\"lazy\" decoding=\"async\" class=\"size-medium wp-image-1493 alignright\" src=\"https:\/\/eladd.org\/wp-content\/uploads\/2015\/03\/isabel-225x300.png\" alt=\"isabel\" width=\"225\" height=\"300\" \/><\/p>\n<p>&nbsp;<\/p>\n<p><strong>Author\u2019s Works: Original and Edited (Works are listed in chronological order)<\/strong><\/p>\n<p>(1861). <em>Las dos flores: drama de cuatro actos y en verso<\/em>. M\u00e9xico: Ignacio Cumplido.<\/p>\n<p>(1862). <em>Los dos son peores. Comedia en tres actos y en verso<\/em>. Guadalajara, M\u00e9xico: Tipograf\u00eda del gobierno, a cargo de Antonio de P. Gonz\u00e1lez.<\/p>\n<p>(1877). <em>Bertha de Sonnenberg: leyenda p\u00f3stuma<\/em>. M\u00e9xico, D.F.: Imp. De Jens y Zapiaiz.<\/p>\n<p>(1883). <em>Obras po\u00e9ticas<\/em>. Pr\u00f3l. Jos\u00e9 Mar\u00eda Vigil. M\u00e9xico: Imprenta y Litograf\u00eda de I. Paz.<\/p>\n<p>(1964). <em>Un lirio entre zarzas: drama en tres actos<\/em>. M\u00e9xico: Instituto Nacional de Bellas Artes, Departamento de Literatura.<\/p>\n<p><strong>Critical Works (Reference Materials, Books, Book Chapters, Journal Articles, Encyclopedias, Theses\/Dissertations, Media and Internet Sources)<\/strong><\/p>\n<p>Bedoya-S\u00e1nchez, Gustavo Adolfo. \u201cOrigen y l\u00edmites del cr\u00edtico en dos publicaciones peri\u00f3dicas literarias. El renacimiento y el nuevo tiempo literario.\u201d <em>Acta Literaria<\/em> 44 (2012): 135-51. 143.<\/p>\n<p>Franco, Jean. <em>Plotting Women: Gender and Representation in Mexico<\/em>. New York: Columbia University Press, 1989. 95.<\/p>\n<p>G\u00f3mez, Loza Mar\u00eda Esther. <em>Isabel Prieto de Land\u00e1zuri<\/em>. Guadalajara, Jalisco: Secretaria de Cultura de Jalisco, 1999.<\/p>\n<p>Granillo V\u00e1zquez, Lilia. \u201cEl af\u00e1n de resucitar a una mujer: Isabel Prieto y Alfonso Reyes.\u201d <em>Alonso Reyes: Perspectiva cr\u00edtica, ensayos in\u00e9ditos<\/em>. Eds. Pol Popovic Karic y Fidel Ch\u00e1vez P\u00e9rez. M\u00e9xico: Plaza y Vald\u00e9z, 2004. 207-30.<\/p>\n<p>Houvenaghel, Eugenia. \u201cLas presencias en la ret\u00f3rica en la obra de Alfonso Reyes: esbozo de una evoluci\u00f3n.\u201d <em>A Journal of History and Rhetoric<\/em> 21.3 (2003): 149-74.<\/p>\n<p>Narvaez-Luna, Elizabeth. &#8220;&#8216;Materia memorable&#8217;: hacia una revisi\u00f3n de la poes\u00eda de mujeres en M\u00e9xico durante el siglo XIX.&#8221; Diss. U. of Illinois at Urbana-Champaign, 2006. Ann Arbor: UMI, 2006. 56-87.<\/p>\n<p>Ram\u00edrez, Alicia V. &#8220;Sor Juana In\u00e9s de la Cruz e Isabel Prieto de Land\u00e1zuri: la escritura femenina como puesta en escena.&#8221; Diss. U. of Kentucky, 2006. Ann Arbor: UMI, 2006.<\/p>\n<p>Suarez Radillo, Carlos Miguel. \u201cIsabel Prieto de Land\u00e1zuri: una dramaturga rom\u00e1ntica.\u201d <em>Cuadernos Hispanoamericanos<\/em> (feb. 1996): 99-107.<\/p>\n<p>Vigil, Jos\u00e9 Mar\u00eda. <em>La se\u00f1ora do\u00f1a Isabel Prieto de Land\u00e1zuri: estudio biogr\u00e1fico y literario<\/em>. M\u00e9xico: Imprenta de Francisco D\u00edas de Le\u00f3n, 1882.<br \/>\n<img loading=\"lazy\" decoding=\"async\" class=\"aligncenter size-full wp-image-606\" src=\"https:\/\/eladd.org\/wp-content\/uploads\/2014\/07\/logo-footer.png\" alt=\"logo-footer\" width=\"260\" height=\"70\" \/>[\/vc_column_text][vc_single_image image=&#8221;660&#8243; alignment=&#8221;center&#8221; css=&#8221;.vc_custom_1446670823436{margin-top: 35px !important;}&#8221;][\/vc_column][\/vc_row]\n<\/div>","protected":false},"excerpt":{"rendered":"<p>[vc_row full_width=&rdquo;stretch_row&rdquo; tablet_fullwidth_cols=&rdquo;&rdquo; bg_style=&rdquo;repeat&rdquo; css=&rdquo;.vc_custom_1762919282122{background-position: 0 0 !important;background-repeat: repeat !important;}&rdquo;][vc_column][vc_column_text el_class=&rdquo;autoras__titulo&rdquo;] Isabel Prieto de Land&aacute;zuri (1833-1876) [\/vc_column_text][\/vc_column][\/vc_row][vc_row full_width=&rdquo;stretch_row&rdquo; el_id=&rdquo;cuerpo&rdquo; css=&rdquo;.vc_custom_1762919289362{background-position: center !important;background-repeat: no-repeat !important;background-size: cover !important;}&rdquo;][vc_column][vc_column_text el_class=&rdquo;autoras__texto&rdquo;]Isabel Prieto de Land&aacute;zuri (M&eacute;xico, 1833-1876) Also known as: Isabel &Aacute;ngel Prieto Gonz&aacute;lez Bango&hellip;<\/p>\n","protected":false},"author":3,"featured_media":0,"parent":98,"menu_order":0,"comment_status":"closed","ping_status":"closed","template":"","meta":{"footnotes":""},"class_list":["post-434","page","type-page","status-publish","hentry","entry","no-media"],"yoast_head":"<!-- This site is optimized with the Yoast SEO plugin v26.1.1 - https:\/\/yoast.com\/wordpress\/plugins\/seo\/ -->\n<title>Isabel Prieto de Land\u00e1zuri - Eladd En<\/title>\n<meta name=\"robots\" content=\"index, follow, max-snippet:-1, max-image-preview:large, max-video-preview:-1\" \/>\n<link rel=\"canonical\" href=\"https:\/\/eladd.org\/en\/other-authors\/isabel-prieto-de-landazuri\/\" \/>\n<meta property=\"og:locale\" content=\"en_US\" \/>\n<meta property=\"og:type\" content=\"article\" \/>\n<meta property=\"og:title\" content=\"Isabel Prieto de Land\u00e1zuri - Eladd En\" \/>\n<meta property=\"og:description\" content=\"[vc_row full_width=&rdquo;stretch_row&rdquo; tablet_fullwidth_cols=&rdquo;&rdquo; bg_style=&rdquo;repeat&rdquo; css=&rdquo;.vc_custom_1762919282122{background-position: 0 0 !important;background-repeat: repeat !important;}&rdquo;][vc_column][vc_column_text el_class=&rdquo;autoras__titulo&rdquo;] Isabel Prieto de Land&aacute;zuri (1833-1876) [\/vc_column_text][\/vc_column][\/vc_row][vc_row full_width=&rdquo;stretch_row&rdquo; el_id=&rdquo;cuerpo&rdquo; css=&rdquo;.vc_custom_1762919289362{background-position: center !important;background-repeat: no-repeat !important;background-size: cover !important;}&rdquo;][vc_column][vc_column_text el_class=&rdquo;autoras__texto&rdquo;]Isabel Prieto de Land&aacute;zuri (M&eacute;xico, 1833-1876) Also known as: Isabel &Aacute;ngel Prieto Gonz&aacute;lez Bango&hellip;\" \/>\n<meta property=\"og:url\" content=\"https:\/\/eladd.org\/en\/other-authors\/isabel-prieto-de-landazuri\/\" \/>\n<meta property=\"og:site_name\" content=\"Eladd En\" \/>\n<meta property=\"article:modified_time\" content=\"2025-11-12T03:48:21+00:00\" \/>\n<meta property=\"og:image\" content=\"https:\/\/eladd.org\/wp-content\/uploads\/2015\/03\/isabel-225x300.png\" \/>\n<meta name=\"twitter:card\" content=\"summary_large_image\" \/>\n<meta name=\"twitter:label1\" content=\"Est. reading time\" \/>\n\t<meta name=\"twitter:data1\" content=\"2 minutes\" \/>\n<script type=\"application\/ld+json\" class=\"yoast-schema-graph\">{\"@context\":\"https:\/\/schema.org\",\"@graph\":[{\"@type\":\"WebPage\",\"@id\":\"https:\/\/eladd.org\/en\/other-authors\/isabel-prieto-de-landazuri\/\",\"url\":\"https:\/\/eladd.org\/en\/other-authors\/isabel-prieto-de-landazuri\/\",\"name\":\"Isabel Prieto de Land\u00e1zuri - Eladd En\",\"isPartOf\":{\"@id\":\"https:\/\/eladd.org\/en\/#website\"},\"primaryImageOfPage\":{\"@id\":\"https:\/\/eladd.org\/en\/other-authors\/isabel-prieto-de-landazuri\/#primaryimage\"},\"image\":{\"@id\":\"https:\/\/eladd.org\/en\/other-authors\/isabel-prieto-de-landazuri\/#primaryimage\"},\"thumbnailUrl\":\"https:\/\/eladd.org\/wp-content\/uploads\/2015\/03\/isabel-225x300.png\",\"datePublished\":\"2015-03-15T15:03:50+00:00\",\"dateModified\":\"2025-11-12T03:48:21+00:00\",\"breadcrumb\":{\"@id\":\"https:\/\/eladd.org\/en\/other-authors\/isabel-prieto-de-landazuri\/#breadcrumb\"},\"inLanguage\":\"en-US\",\"potentialAction\":[{\"@type\":\"ReadAction\",\"target\":[\"https:\/\/eladd.org\/en\/other-authors\/isabel-prieto-de-landazuri\/\"]}]},{\"@type\":\"ImageObject\",\"inLanguage\":\"en-US\",\"@id\":\"https:\/\/eladd.org\/en\/other-authors\/isabel-prieto-de-landazuri\/#primaryimage\",\"url\":\"https:\/\/eladd.org\/wp-content\/uploads\/2015\/03\/isabel-225x300.png\",\"contentUrl\":\"https:\/\/eladd.org\/wp-content\/uploads\/2015\/03\/isabel-225x300.png\"},{\"@type\":\"BreadcrumbList\",\"@id\":\"https:\/\/eladd.org\/en\/other-authors\/isabel-prieto-de-landazuri\/#breadcrumb\",\"itemListElement\":[{\"@type\":\"ListItem\",\"position\":1,\"name\":\"Home\",\"item\":\"https:\/\/eladd.org\/en\/\"},{\"@type\":\"ListItem\",\"position\":2,\"name\":\"Other Authors\",\"item\":\"https:\/\/eladd.org\/en\/other-authors\/\"},{\"@type\":\"ListItem\",\"position\":3,\"name\":\"Isabel Prieto de Land\u00e1zuri\"}]},{\"@type\":\"WebSite\",\"@id\":\"https:\/\/eladd.org\/en\/#website\",\"url\":\"https:\/\/eladd.org\/en\/\",\"name\":\"Eladd En\",\"description\":\"Ninteenth-Century Latin American Women Writers\",\"publisher\":{\"@id\":\"https:\/\/eladd.org\/en\/#organization\"},\"potentialAction\":[{\"@type\":\"SearchAction\",\"target\":{\"@type\":\"EntryPoint\",\"urlTemplate\":\"https:\/\/eladd.org\/en\/?s={search_term_string}\"},\"query-input\":{\"@type\":\"PropertyValueSpecification\",\"valueRequired\":true,\"valueName\":\"search_term_string\"}}],\"inLanguage\":\"en-US\"},{\"@type\":\"Organization\",\"@id\":\"https:\/\/eladd.org\/en\/#organization\",\"name\":\"Eladd En\",\"url\":\"https:\/\/eladd.org\/en\/\",\"logo\":{\"@type\":\"ImageObject\",\"inLanguage\":\"en-US\",\"@id\":\"https:\/\/eladd.org\/en\/#\/schema\/logo\/image\/\",\"url\":\"https:\/\/eladd.org\/en\/wp-content\/uploads\/sites\/2\/2025\/07\/logo-eladd.png\",\"contentUrl\":\"https:\/\/eladd.org\/en\/wp-content\/uploads\/sites\/2\/2025\/07\/logo-eladd.png\",\"width\":324,\"height\":77,\"caption\":\"Eladd En\"},\"image\":{\"@id\":\"https:\/\/eladd.org\/en\/#\/schema\/logo\/image\/\"}}]}<\/script>\n<!-- \/ Yoast SEO plugin. -->","yoast_head_json":{"title":"Isabel Prieto de Land\u00e1zuri - Eladd En","robots":{"index":"index","follow":"follow","max-snippet":"max-snippet:-1","max-image-preview":"max-image-preview:large","max-video-preview":"max-video-preview:-1"},"canonical":"https:\/\/eladd.org\/en\/other-authors\/isabel-prieto-de-landazuri\/","og_locale":"en_US","og_type":"article","og_title":"Isabel Prieto de Land\u00e1zuri - Eladd En","og_description":"[vc_row full_width=&rdquo;stretch_row&rdquo; tablet_fullwidth_cols=&rdquo;&rdquo; bg_style=&rdquo;repeat&rdquo; css=&rdquo;.vc_custom_1762919282122{background-position: 0 0 !important;background-repeat: repeat !important;}&rdquo;][vc_column][vc_column_text el_class=&rdquo;autoras__titulo&rdquo;] Isabel Prieto de Land&aacute;zuri (1833-1876) [\/vc_column_text][\/vc_column][\/vc_row][vc_row full_width=&rdquo;stretch_row&rdquo; el_id=&rdquo;cuerpo&rdquo; css=&rdquo;.vc_custom_1762919289362{background-position: center !important;background-repeat: no-repeat !important;background-size: cover !important;}&rdquo;][vc_column][vc_column_text el_class=&rdquo;autoras__texto&rdquo;]Isabel Prieto de Land&aacute;zuri (M&eacute;xico, 1833-1876) Also known as: Isabel &Aacute;ngel Prieto Gonz&aacute;lez Bango&hellip;","og_url":"https:\/\/eladd.org\/en\/other-authors\/isabel-prieto-de-landazuri\/","og_site_name":"Eladd En","article_modified_time":"2025-11-12T03:48:21+00:00","og_image":[{"url":"https:\/\/eladd.org\/wp-content\/uploads\/2015\/03\/isabel-225x300.png","type":"","width":"","height":""}],"twitter_card":"summary_large_image","twitter_misc":{"Est. reading time":"2 minutes"},"schema":{"@context":"https:\/\/schema.org","@graph":[{"@type":"WebPage","@id":"https:\/\/eladd.org\/en\/other-authors\/isabel-prieto-de-landazuri\/","url":"https:\/\/eladd.org\/en\/other-authors\/isabel-prieto-de-landazuri\/","name":"Isabel Prieto de Land\u00e1zuri - Eladd En","isPartOf":{"@id":"https:\/\/eladd.org\/en\/#website"},"primaryImageOfPage":{"@id":"https:\/\/eladd.org\/en\/other-authors\/isabel-prieto-de-landazuri\/#primaryimage"},"image":{"@id":"https:\/\/eladd.org\/en\/other-authors\/isabel-prieto-de-landazuri\/#primaryimage"},"thumbnailUrl":"https:\/\/eladd.org\/wp-content\/uploads\/2015\/03\/isabel-225x300.png","datePublished":"2015-03-15T15:03:50+00:00","dateModified":"2025-11-12T03:48:21+00:00","breadcrumb":{"@id":"https:\/\/eladd.org\/en\/other-authors\/isabel-prieto-de-landazuri\/#breadcrumb"},"inLanguage":"en-US","potentialAction":[{"@type":"ReadAction","target":["https:\/\/eladd.org\/en\/other-authors\/isabel-prieto-de-landazuri\/"]}]},{"@type":"ImageObject","inLanguage":"en-US","@id":"https:\/\/eladd.org\/en\/other-authors\/isabel-prieto-de-landazuri\/#primaryimage","url":"https:\/\/eladd.org\/wp-content\/uploads\/2015\/03\/isabel-225x300.png","contentUrl":"https:\/\/eladd.org\/wp-content\/uploads\/2015\/03\/isabel-225x300.png"},{"@type":"BreadcrumbList","@id":"https:\/\/eladd.org\/en\/other-authors\/isabel-prieto-de-landazuri\/#breadcrumb","itemListElement":[{"@type":"ListItem","position":1,"name":"Home","item":"https:\/\/eladd.org\/en\/"},{"@type":"ListItem","position":2,"name":"Other Authors","item":"https:\/\/eladd.org\/en\/other-authors\/"},{"@type":"ListItem","position":3,"name":"Isabel Prieto de Land\u00e1zuri"}]},{"@type":"WebSite","@id":"https:\/\/eladd.org\/en\/#website","url":"https:\/\/eladd.org\/en\/","name":"Eladd En","description":"Ninteenth-Century Latin American Women Writers","publisher":{"@id":"https:\/\/eladd.org\/en\/#organization"},"potentialAction":[{"@type":"SearchAction","target":{"@type":"EntryPoint","urlTemplate":"https:\/\/eladd.org\/en\/?s={search_term_string}"},"query-input":{"@type":"PropertyValueSpecification","valueRequired":true,"valueName":"search_term_string"}}],"inLanguage":"en-US"},{"@type":"Organization","@id":"https:\/\/eladd.org\/en\/#organization","name":"Eladd En","url":"https:\/\/eladd.org\/en\/","logo":{"@type":"ImageObject","inLanguage":"en-US","@id":"https:\/\/eladd.org\/en\/#\/schema\/logo\/image\/","url":"https:\/\/eladd.org\/en\/wp-content\/uploads\/sites\/2\/2025\/07\/logo-eladd.png","contentUrl":"https:\/\/eladd.org\/en\/wp-content\/uploads\/sites\/2\/2025\/07\/logo-eladd.png","width":324,"height":77,"caption":"Eladd En"},"image":{"@id":"https:\/\/eladd.org\/en\/#\/schema\/logo\/image\/"}}]}},"_links":{"self":[{"href":"https:\/\/eladd.org\/en\/wp-json\/wp\/v2\/pages\/434","targetHints":{"allow":["GET"]}}],"collection":[{"href":"https:\/\/eladd.org\/en\/wp-json\/wp\/v2\/pages"}],"about":[{"href":"https:\/\/eladd.org\/en\/wp-json\/wp\/v2\/types\/page"}],"author":[{"embeddable":true,"href":"https:\/\/eladd.org\/en\/wp-json\/wp\/v2\/users\/3"}],"replies":[{"embeddable":true,"href":"https:\/\/eladd.org\/en\/wp-json\/wp\/v2\/comments?post=434"}],"version-history":[{"count":8,"href":"https:\/\/eladd.org\/en\/wp-json\/wp\/v2\/pages\/434\/revisions"}],"predecessor-version":[{"id":24818,"href":"https:\/\/eladd.org\/en\/wp-json\/wp\/v2\/pages\/434\/revisions\/24818"}],"up":[{"embeddable":true,"href":"https:\/\/eladd.org\/en\/wp-json\/wp\/v2\/pages\/98"}],"wp:attachment":[{"href":"https:\/\/eladd.org\/en\/wp-json\/wp\/v2\/media?parent=434"}],"curies":[{"name":"wp","href":"https:\/\/api.w.org\/{rel}","templated":true}]}}