{"id":440,"date":"2015-03-15T15:09:25","date_gmt":"2015-03-15T15:09:25","guid":{"rendered":"https:\/\/eladd.org\/en\/?page_id=440"},"modified":"2025-11-12T03:48:56","modified_gmt":"2025-11-12T03:48:56","slug":"catalina-rodriguez","status":"publish","type":"page","link":"https:\/\/eladd.org\/en\/other-authors\/catalina-rodriguez\/","title":{"rendered":"Catalina Rodr\u00edguez"},"content":{"rendered":"<div class=\"wpb-content-wrapper\">[vc_row full_width=&#8221;stretch_row&#8221; tablet_fullwidth_cols=&#8221;&#8221; bg_style=&#8221;repeat&#8221; css=&#8221;.vc_custom_1762919326210{background-position: 0 0 !important;background-repeat: repeat !important;}&#8221;][vc_column][vc_column_text el_class=&#8221;autoras__titulo&#8221;]\n<h2 style=\"text-align: center;\">Catalina Rodr\u00edguez<\/h2>\n<p style=\"text-align: center;\">(1835-1894)<br \/>\n<img loading=\"lazy\" decoding=\"async\" class=\"size-full wp-image-1816 aligncenter\" src=\"\/\/eladd.org\/wp-content\/uploads\/2015\/09\/icon-space.png\" alt=\"icon-space\" width=\"150\" height=\"8\" \/>[\/vc_column_text][\/vc_column][\/vc_row][vc_row full_width=&#8221;stretch_row&#8221; el_id=&#8221;cuerpo&#8221; css=&#8221;.vc_custom_1762919332811{background-position: center !important;background-repeat: no-repeat !important;background-size: cover !important;}&#8221;][vc_column][vc_column_text el_class=&#8221;autoras__texto&#8221;]<strong>Catalina Rodr\u00edguez (Cuba, 1835-1894)<br \/>\nAlso known as: Catalina Rodr\u00edguez de Morales<br \/>\nPseudonym: Yara<\/strong><\/p>\n<p><img loading=\"lazy\" decoding=\"async\" class=\"size-medium wp-image-1176 alignright\" src=\"https:\/\/eladd.org\/wp-content\/uploads\/2015\/03\/catalina-232x300.png\" alt=\"catalina\" width=\"232\" height=\"300\" \/><\/p>\n<p><strong><em>Author\u2019s Works: Original and Edited (Works are listed in chronological order)<\/em><\/strong><\/p>\n<p>(1881). \u201cA J. J. Milanes.\u201d Ed. Jos\u00e9 Jacinto Milan\u00e9s. <em>Album milan\u00e9s: colecci\u00f3n de producciones literarias en verso i prosa<\/em>. Matanzas: Imprenta La Nacional. 8-10.<\/p>\n<p>(1906). \u201cSalutaci\u00f3n a la madruga.\u201d Ed. Adri\u00e1n del Valle. <em>El parnaso cubano<\/em>. Barcelona: Maucci, 1906. 171-72.<\/p>\n<p>(1913). Ed. Antonio Gonz\u00e1lez Curquejo. <em>Florilegio de escritoras cubanas<\/em>. Tomo 2. La Habana: Aurelio Miranda, 169-84.<\/p>\n<p>(1926). Ed. Domitila de Garc\u00eda de Coronado. <em>\u00c1lbum po\u00e9tico-fotogr\u00e1fico de escritoras poetisas cubanas, escrito en 1868 para la se\u00f1ora Do\u00f1a Gertrudis G\u00f3mez de Avellaneda<\/em>. La Habana: Imprenta de El F\u00edgaro. 182-88.<\/p>\n<p>(1978). \u201cA la luna (fragmentos).\u201d Eds. Cintio Vitier and Fina Garc\u00eda Marruz. <em>Flor oculta de poes\u00eda cubana. Siglos XVIII y XIX<\/em>. La Habana: Editorial Arte y Literatura. 205-7.<\/p>\n<p>(1999). <em>Poes\u00eda. Selecci\u00f3n<\/em>. Alicante: Biblioteca Virtual Miguel de Cervantes.<\/p>\n<p>(2008). \u201cEl delirio.\u201d Ed. Jabier H. Pizarroso. <em>La voz de la manigua<\/em>. Sevilla: Mono Azul Editora. 110-12.<\/p>\n<p><strong><em>Critical Works (Reference Materials, Books, Book Chapters, Journal Articles, Encyclopedias, Theses\/Dissertations, Media and Internet Sources)<\/em><\/strong><\/p>\n<p>Colberg, Carmen Elisa. <em>Esquema hist\u00f3rico-biogr\u00e1fico de la literatura antillana femenina en el siglo XIX<\/em>. Diss. The University of North Carolina at Chapel Hill, 1989. Ann Arbor: ProQuest\/UMI, 1989. 97.<\/p>\n<p>Garc\u00eda de Coronado, Domitila. \u201cCatalina Rodr\u00edguez.\u201d <em>\u00c1lbum po\u00e9tico-fotogr\u00e1fico de escritoras y poetisas cubanas escrito en 1868 para la se\u00f1ora Do\u00f1a Gertrudis G\u00f3mez de Avellaneda<\/em>. La Habana: Imprenta de El F\u00edgaro, 1926. 181-88.<\/p>\n<p>Gonz\u00e1lez Curquejo, Antonio, ed. <em>Florilegio de escritoras cubanas<\/em>. Tomo 2. La Habana: Aurelio Miranda, 1913. 165-67.<\/p>\n<p>Henr\u00edquez Ure\u00f1a, Max. <em>Panorama hist\u00f3rico de la literatura cubana<\/em>. Nueva York: Las Am\u00e9ricas Publishing Company, 1963. 182-83.<\/p>\n<p>Pizarroso, Jabier H., ed. <em>La voz de la manigua<\/em>. Sevilla: Mono Azul Editora, 2008. 108-9.<\/p>\n<p>&nbsp;<\/p>\n<p><img loading=\"lazy\" decoding=\"async\" class=\"aligncenter size-full wp-image-608\" src=\"https:\/\/eladd.org\/wp-content\/uploads\/2014\/02\/logo-footer-2.png\" alt=\"logo-footer-2\" width=\"260\" height=\"70\" \/>[\/vc_column_text][vc_single_image image=&#8221;660&#8243; alignment=&#8221;center&#8221; css=&#8221;.vc_custom_1446670823436{margin-top: 35px !important;}&#8221;][\/vc_column][\/vc_row]\n<\/div>","protected":false},"excerpt":{"rendered":"<p>[vc_row full_width=&rdquo;stretch_row&rdquo; tablet_fullwidth_cols=&rdquo;&rdquo; bg_style=&rdquo;repeat&rdquo; css=&rdquo;.vc_custom_1762919326210{background-position: 0 0 !important;background-repeat: repeat !important;}&rdquo;][vc_column][vc_column_text el_class=&rdquo;autoras__titulo&rdquo;] Catalina Rodr&iacute;guez (1835-1894) [\/vc_column_text][\/vc_column][\/vc_row][vc_row full_width=&rdquo;stretch_row&rdquo; el_id=&rdquo;cuerpo&rdquo; css=&rdquo;.vc_custom_1762919332811{background-position: center !important;background-repeat: no-repeat !important;background-size: cover !important;}&rdquo;][vc_column][vc_column_text el_class=&rdquo;autoras__texto&rdquo;]Catalina Rodr&iacute;guez (Cuba, 1835-1894) Also known as: Catalina Rodr&iacute;guez de Morales Pseudonym: Yara Author&rsquo;s Works: Original&hellip;<\/p>\n","protected":false},"author":3,"featured_media":0,"parent":98,"menu_order":0,"comment_status":"closed","ping_status":"closed","template":"","meta":{"footnotes":""},"class_list":["post-440","page","type-page","status-publish","hentry","entry","no-media"],"yoast_head":"<!-- This site is optimized with the Yoast SEO plugin v26.1.1 - https:\/\/yoast.com\/wordpress\/plugins\/seo\/ -->\n<title>Catalina Rodr\u00edguez - Eladd En<\/title>\n<meta name=\"robots\" content=\"index, follow, max-snippet:-1, max-image-preview:large, max-video-preview:-1\" \/>\n<link rel=\"canonical\" href=\"https:\/\/eladd.org\/en\/other-authors\/catalina-rodriguez\/\" \/>\n<meta property=\"og:locale\" content=\"en_US\" \/>\n<meta property=\"og:type\" content=\"article\" \/>\n<meta property=\"og:title\" content=\"Catalina Rodr\u00edguez - Eladd En\" \/>\n<meta property=\"og:description\" content=\"[vc_row full_width=&rdquo;stretch_row&rdquo; tablet_fullwidth_cols=&rdquo;&rdquo; bg_style=&rdquo;repeat&rdquo; css=&rdquo;.vc_custom_1762919326210{background-position: 0 0 !important;background-repeat: repeat !important;}&rdquo;][vc_column][vc_column_text el_class=&rdquo;autoras__titulo&rdquo;] Catalina Rodr&iacute;guez (1835-1894) [\/vc_column_text][\/vc_column][\/vc_row][vc_row full_width=&rdquo;stretch_row&rdquo; el_id=&rdquo;cuerpo&rdquo; css=&rdquo;.vc_custom_1762919332811{background-position: center !important;background-repeat: no-repeat !important;background-size: cover !important;}&rdquo;][vc_column][vc_column_text el_class=&rdquo;autoras__texto&rdquo;]Catalina Rodr&iacute;guez (Cuba, 1835-1894) Also known as: Catalina Rodr&iacute;guez de Morales Pseudonym: Yara Author&rsquo;s Works: Original&hellip;\" \/>\n<meta property=\"og:url\" content=\"https:\/\/eladd.org\/en\/other-authors\/catalina-rodriguez\/\" \/>\n<meta property=\"og:site_name\" content=\"Eladd En\" \/>\n<meta property=\"article:modified_time\" content=\"2025-11-12T03:48:56+00:00\" \/>\n<meta property=\"og:image\" content=\"https:\/\/eladd.org\/wp-content\/uploads\/2015\/03\/catalina-232x300.png\" \/>\n<meta name=\"twitter:card\" content=\"summary_large_image\" \/>\n<meta name=\"twitter:label1\" content=\"Est. reading time\" \/>\n\t<meta name=\"twitter:data1\" content=\"2 minutes\" \/>\n<script type=\"application\/ld+json\" class=\"yoast-schema-graph\">{\"@context\":\"https:\/\/schema.org\",\"@graph\":[{\"@type\":\"WebPage\",\"@id\":\"https:\/\/eladd.org\/en\/other-authors\/catalina-rodriguez\/\",\"url\":\"https:\/\/eladd.org\/en\/other-authors\/catalina-rodriguez\/\",\"name\":\"Catalina Rodr\u00edguez - Eladd En\",\"isPartOf\":{\"@id\":\"https:\/\/eladd.org\/en\/#website\"},\"primaryImageOfPage\":{\"@id\":\"https:\/\/eladd.org\/en\/other-authors\/catalina-rodriguez\/#primaryimage\"},\"image\":{\"@id\":\"https:\/\/eladd.org\/en\/other-authors\/catalina-rodriguez\/#primaryimage\"},\"thumbnailUrl\":\"https:\/\/eladd.org\/wp-content\/uploads\/2015\/03\/catalina-232x300.png\",\"datePublished\":\"2015-03-15T15:09:25+00:00\",\"dateModified\":\"2025-11-12T03:48:56+00:00\",\"breadcrumb\":{\"@id\":\"https:\/\/eladd.org\/en\/other-authors\/catalina-rodriguez\/#breadcrumb\"},\"inLanguage\":\"en-US\",\"potentialAction\":[{\"@type\":\"ReadAction\",\"target\":[\"https:\/\/eladd.org\/en\/other-authors\/catalina-rodriguez\/\"]}]},{\"@type\":\"ImageObject\",\"inLanguage\":\"en-US\",\"@id\":\"https:\/\/eladd.org\/en\/other-authors\/catalina-rodriguez\/#primaryimage\",\"url\":\"https:\/\/eladd.org\/wp-content\/uploads\/2015\/03\/catalina-232x300.png\",\"contentUrl\":\"https:\/\/eladd.org\/wp-content\/uploads\/2015\/03\/catalina-232x300.png\"},{\"@type\":\"BreadcrumbList\",\"@id\":\"https:\/\/eladd.org\/en\/other-authors\/catalina-rodriguez\/#breadcrumb\",\"itemListElement\":[{\"@type\":\"ListItem\",\"position\":1,\"name\":\"Home\",\"item\":\"https:\/\/eladd.org\/en\/\"},{\"@type\":\"ListItem\",\"position\":2,\"name\":\"Other Authors\",\"item\":\"https:\/\/eladd.org\/en\/other-authors\/\"},{\"@type\":\"ListItem\",\"position\":3,\"name\":\"Catalina Rodr\u00edguez\"}]},{\"@type\":\"WebSite\",\"@id\":\"https:\/\/eladd.org\/en\/#website\",\"url\":\"https:\/\/eladd.org\/en\/\",\"name\":\"Eladd En\",\"description\":\"Ninteenth-Century Latin American Women Writers\",\"publisher\":{\"@id\":\"https:\/\/eladd.org\/en\/#organization\"},\"potentialAction\":[{\"@type\":\"SearchAction\",\"target\":{\"@type\":\"EntryPoint\",\"urlTemplate\":\"https:\/\/eladd.org\/en\/?s={search_term_string}\"},\"query-input\":{\"@type\":\"PropertyValueSpecification\",\"valueRequired\":true,\"valueName\":\"search_term_string\"}}],\"inLanguage\":\"en-US\"},{\"@type\":\"Organization\",\"@id\":\"https:\/\/eladd.org\/en\/#organization\",\"name\":\"Eladd En\",\"url\":\"https:\/\/eladd.org\/en\/\",\"logo\":{\"@type\":\"ImageObject\",\"inLanguage\":\"en-US\",\"@id\":\"https:\/\/eladd.org\/en\/#\/schema\/logo\/image\/\",\"url\":\"https:\/\/eladd.org\/en\/wp-content\/uploads\/sites\/2\/2025\/07\/logo-eladd.png\",\"contentUrl\":\"https:\/\/eladd.org\/en\/wp-content\/uploads\/sites\/2\/2025\/07\/logo-eladd.png\",\"width\":324,\"height\":77,\"caption\":\"Eladd En\"},\"image\":{\"@id\":\"https:\/\/eladd.org\/en\/#\/schema\/logo\/image\/\"}}]}<\/script>\n<!-- \/ Yoast SEO plugin. -->","yoast_head_json":{"title":"Catalina Rodr\u00edguez - Eladd En","robots":{"index":"index","follow":"follow","max-snippet":"max-snippet:-1","max-image-preview":"max-image-preview:large","max-video-preview":"max-video-preview:-1"},"canonical":"https:\/\/eladd.org\/en\/other-authors\/catalina-rodriguez\/","og_locale":"en_US","og_type":"article","og_title":"Catalina Rodr\u00edguez - Eladd En","og_description":"[vc_row full_width=&rdquo;stretch_row&rdquo; tablet_fullwidth_cols=&rdquo;&rdquo; bg_style=&rdquo;repeat&rdquo; css=&rdquo;.vc_custom_1762919326210{background-position: 0 0 !important;background-repeat: repeat !important;}&rdquo;][vc_column][vc_column_text el_class=&rdquo;autoras__titulo&rdquo;] Catalina Rodr&iacute;guez (1835-1894) [\/vc_column_text][\/vc_column][\/vc_row][vc_row full_width=&rdquo;stretch_row&rdquo; el_id=&rdquo;cuerpo&rdquo; css=&rdquo;.vc_custom_1762919332811{background-position: center !important;background-repeat: no-repeat !important;background-size: cover !important;}&rdquo;][vc_column][vc_column_text el_class=&rdquo;autoras__texto&rdquo;]Catalina Rodr&iacute;guez (Cuba, 1835-1894) Also known as: Catalina Rodr&iacute;guez de Morales Pseudonym: Yara Author&rsquo;s Works: Original&hellip;","og_url":"https:\/\/eladd.org\/en\/other-authors\/catalina-rodriguez\/","og_site_name":"Eladd En","article_modified_time":"2025-11-12T03:48:56+00:00","og_image":[{"url":"https:\/\/eladd.org\/wp-content\/uploads\/2015\/03\/catalina-232x300.png","type":"","width":"","height":""}],"twitter_card":"summary_large_image","twitter_misc":{"Est. reading time":"2 minutes"},"schema":{"@context":"https:\/\/schema.org","@graph":[{"@type":"WebPage","@id":"https:\/\/eladd.org\/en\/other-authors\/catalina-rodriguez\/","url":"https:\/\/eladd.org\/en\/other-authors\/catalina-rodriguez\/","name":"Catalina Rodr\u00edguez - Eladd En","isPartOf":{"@id":"https:\/\/eladd.org\/en\/#website"},"primaryImageOfPage":{"@id":"https:\/\/eladd.org\/en\/other-authors\/catalina-rodriguez\/#primaryimage"},"image":{"@id":"https:\/\/eladd.org\/en\/other-authors\/catalina-rodriguez\/#primaryimage"},"thumbnailUrl":"https:\/\/eladd.org\/wp-content\/uploads\/2015\/03\/catalina-232x300.png","datePublished":"2015-03-15T15:09:25+00:00","dateModified":"2025-11-12T03:48:56+00:00","breadcrumb":{"@id":"https:\/\/eladd.org\/en\/other-authors\/catalina-rodriguez\/#breadcrumb"},"inLanguage":"en-US","potentialAction":[{"@type":"ReadAction","target":["https:\/\/eladd.org\/en\/other-authors\/catalina-rodriguez\/"]}]},{"@type":"ImageObject","inLanguage":"en-US","@id":"https:\/\/eladd.org\/en\/other-authors\/catalina-rodriguez\/#primaryimage","url":"https:\/\/eladd.org\/wp-content\/uploads\/2015\/03\/catalina-232x300.png","contentUrl":"https:\/\/eladd.org\/wp-content\/uploads\/2015\/03\/catalina-232x300.png"},{"@type":"BreadcrumbList","@id":"https:\/\/eladd.org\/en\/other-authors\/catalina-rodriguez\/#breadcrumb","itemListElement":[{"@type":"ListItem","position":1,"name":"Home","item":"https:\/\/eladd.org\/en\/"},{"@type":"ListItem","position":2,"name":"Other Authors","item":"https:\/\/eladd.org\/en\/other-authors\/"},{"@type":"ListItem","position":3,"name":"Catalina Rodr\u00edguez"}]},{"@type":"WebSite","@id":"https:\/\/eladd.org\/en\/#website","url":"https:\/\/eladd.org\/en\/","name":"Eladd En","description":"Ninteenth-Century Latin American Women Writers","publisher":{"@id":"https:\/\/eladd.org\/en\/#organization"},"potentialAction":[{"@type":"SearchAction","target":{"@type":"EntryPoint","urlTemplate":"https:\/\/eladd.org\/en\/?s={search_term_string}"},"query-input":{"@type":"PropertyValueSpecification","valueRequired":true,"valueName":"search_term_string"}}],"inLanguage":"en-US"},{"@type":"Organization","@id":"https:\/\/eladd.org\/en\/#organization","name":"Eladd En","url":"https:\/\/eladd.org\/en\/","logo":{"@type":"ImageObject","inLanguage":"en-US","@id":"https:\/\/eladd.org\/en\/#\/schema\/logo\/image\/","url":"https:\/\/eladd.org\/en\/wp-content\/uploads\/sites\/2\/2025\/07\/logo-eladd.png","contentUrl":"https:\/\/eladd.org\/en\/wp-content\/uploads\/sites\/2\/2025\/07\/logo-eladd.png","width":324,"height":77,"caption":"Eladd En"},"image":{"@id":"https:\/\/eladd.org\/en\/#\/schema\/logo\/image\/"}}]}},"_links":{"self":[{"href":"https:\/\/eladd.org\/en\/wp-json\/wp\/v2\/pages\/440","targetHints":{"allow":["GET"]}}],"collection":[{"href":"https:\/\/eladd.org\/en\/wp-json\/wp\/v2\/pages"}],"about":[{"href":"https:\/\/eladd.org\/en\/wp-json\/wp\/v2\/types\/page"}],"author":[{"embeddable":true,"href":"https:\/\/eladd.org\/en\/wp-json\/wp\/v2\/users\/3"}],"replies":[{"embeddable":true,"href":"https:\/\/eladd.org\/en\/wp-json\/wp\/v2\/comments?post=440"}],"version-history":[{"count":7,"href":"https:\/\/eladd.org\/en\/wp-json\/wp\/v2\/pages\/440\/revisions"}],"predecessor-version":[{"id":24819,"href":"https:\/\/eladd.org\/en\/wp-json\/wp\/v2\/pages\/440\/revisions\/24819"}],"up":[{"embeddable":true,"href":"https:\/\/eladd.org\/en\/wp-json\/wp\/v2\/pages\/98"}],"wp:attachment":[{"href":"https:\/\/eladd.org\/en\/wp-json\/wp\/v2\/media?parent=440"}],"curies":[{"name":"wp","href":"https:\/\/api.w.org\/{rel}","templated":true}]}}