{"id":444,"date":"2015-03-15T15:13:14","date_gmt":"2015-03-15T15:13:14","guid":{"rendered":"https:\/\/eladd.org\/en\/?page_id=444"},"modified":"2025-11-12T03:49:25","modified_gmt":"2025-11-12T03:49:25","slug":"lola-rodriguez-de-tio","status":"publish","type":"page","link":"https:\/\/eladd.org\/en\/other-authors\/lola-rodriguez-de-tio\/","title":{"rendered":"Lola Rodr\u00edguez de Ti\u00f3"},"content":{"rendered":"<div class=\"wpb-content-wrapper\">[vc_row full_width=&#8221;stretch_row&#8221; tablet_fullwidth_cols=&#8221;&#8221; bg_style=&#8221;repeat&#8221; css=&#8221;.vc_custom_1762919353393{background-position: 0 0 !important;background-repeat: repeat !important;}&#8221;][vc_column][vc_column_text el_class=&#8221;autoras__titulo&#8221;]\n<h2 style=\"text-align: center;\">Lola Rodr\u00edguez de Ti\u00f3<\/h2>\n<p style=\"text-align: center;\">(1843-1924)<br \/>\n<img loading=\"lazy\" decoding=\"async\" class=\"size-full wp-image-1816 aligncenter\" src=\"\/\/eladd.org\/wp-content\/uploads\/2015\/09\/icon-space.png\" alt=\"icon-space\" width=\"150\" height=\"8\" \/>[\/vc_column_text][\/vc_column][\/vc_row][vc_row full_width=&#8221;stretch_row&#8221; el_id=&#8221;cuerpo&#8221; css=&#8221;.vc_custom_1762919359434{background-position: center !important;background-repeat: no-repeat !important;background-size: cover !important;}&#8221;][vc_column][vc_column_text el_class=&#8221;autoras__texto&#8221;]<strong>Lola Rodr\u00edguez de Ti\u00f3 (Puerto Rico, 1843-1924)<\/strong><\/p>\n<p>&nbsp;<\/p>\n<p>Also known as: Lola Rodr\u00edguez, Dolores Rodr\u00edguez de Astudillo y Ponce de Le\u00f3n, Mar\u00eda Dolores Elena Patricia Rodr\u00edguez<\/p>\n<p><img loading=\"lazy\" decoding=\"async\" class=\"size-medium wp-image-906 alignright\" src=\"https:\/\/eladd.org\/wp-content\/uploads\/2015\/02\/Lola-237x300.png\" alt=\"Lola\" width=\"237\" height=\"300\" \/><\/p>\n<p><strong>Author\u2019s Works: Original and Edited (Works are listed in chronological order)<\/strong><\/p>\n<p>(1876). <em>Mis cantares<\/em>. n.p.: n.p.<\/p>\n<p>&#8212;. Barcelona: Ediciones Rumbos, 1966.<\/p>\n<p>&#8212;. Alexandria: Alexander Street Press, 2005.<\/p>\n<p>&#8212;. Alexandria: Alexander Street Press, 2005.<\/p>\n<p>&#8212;. Alexandria: Alexander Street Press, 2007.<\/p>\n<p>(1880). <em>Mi ofrenda<\/em>. San Germ\u00e1n: P.R. Imprenta de J.R. Gonz\u00e1lez.<\/p>\n<p>(1885). <em>Claros y nieblas, poes\u00edas<\/em>. Mayag\u00fcez: Tip. Comerical.<\/p>\n<p>&#8212;. Barcelona: Ediciones Rumbos, 1967.<\/p>\n<p>&#8212;, pr\u00f3l. Ces\u00e1reo Rosa-Nieves. R\u00edo Piedras: Editorial Edil, 1971. 201-08.<\/p>\n<p>(1885). <em>A mi patria en la muerte de Corchado<\/em>. Mayag\u00fcez: Tip. Comercial.<\/p>\n<p>(1887). <em>Noche Buena<\/em>. Mayag\u00fcez: Tip. Comercial.<\/p>\n<p>(1893). <em>Mi libro de Cuba poes\u00edas<\/em>. Habana: Imprenta La Moderna.<\/p>\n<p>&#8212;, pr\u00f3l. Ces\u00e1reo Rosa-Nieves. R\u00edo Piedras: Editorial Edil, 1971. 208-210.<\/p>\n<p>(1960). <em>Cuadernos de poes\u00eda<\/em>. San Juan: Instituto de Cultura Puertorrique\u00f1a.<\/p>\n<p>(1968). <em>Cantares, nieblas y congojas<\/em>. Barcelona: Ediciones Rumbos.<\/p>\n<p>(1968), pr\u00f3l. Luis Alberto Sanchez. <em>Diecisiete cartas in\u00e9ditas: con otras \u00e9ditas cambiadas con Do\u00f1a Lola Rodr\u00edquez De Ti\u00f3 (1894-1907)<\/em>. Lima: Talleres Gr\u00e1ficos P.L. Villanueva, 1968. 67-80.<\/p>\n<p>(1968). <em>Ofrendas<\/em>. Barcelona: Ediciones Rumbos.<\/p>\n<p>(1971). <em>Obras completas, tomo II<\/em>. Barcelona: Auspiciadas por el Instituto de cultura puertorrique\u00f1a.<\/p>\n<p>&nbsp;<\/p>\n<p><strong>Critical Works (Reference Materials, Books, Book Chapters, Journal Articles, Encyclopedias, Theses\/Dissertations, Media and Internet Sources)<\/strong><\/p>\n<p>Acosta-Bel\u00e9n, Edna. \u201cLola Rodr\u00edguez de Ti\u00f3 and the Puerto Rican Struggle for Freedom.\u201d <em>Latina Legacies: Identity, Biography, and Community<\/em>. Eds. Vicki L. Ru\u00edz. and Virginia Sanchez Korrol. New York: Oxford University Press, 2005. 84-96.<\/p>\n<p>&#8212;. ed., <em>The Puerto Rican Woman, Perspectives on Culture, History, and Society<\/em>. New York: Praeger Publications, 1979. 5-6, 56, 173.<\/p>\n<p>Angelis, Mar\u00eda Luisa A. <em>Mujeres puertorrique\u00f1as<\/em>. San Juan:Tipograf\u00eda Real Hermanos, 1910. 71-81.<\/p>\n<p>Azize Vargas, Yamila. <em>La mujer en la lucha<\/em>. San Juan: La mujer en la lucha. R\u00edo Piedras, Puerto Rico: Ediciones Hurac\u00e1n, 1985. 22, 95.<\/p>\n<p>Babin, Mar\u00eda Teresa and Stan Steiner. <em>Borinquen; an anthology of Puerto Rican literature<\/em>. New York: Random House, 1974. 77-86.<\/p>\n<p>Birmingham-Porkorny, Elba. \u201cDel centro a la periferia: en el discurso de Lola Rodr\u00edguez de T\u00edo.\u201d <em>La voz de la mujer en la literatura hispanoamericana fin de siglo<\/em>. Ed. Luis Jim\u00e9nez. San Jos\u00e9: Editorial de la Universidad de Costa Rica. 1999. 157-166.<\/p>\n<p>Cabrera, Francisco Manrique. <em>Historia de la literatura puertorrique\u00f1a<\/em>. R\u00edo Piedras: Editorial Cultural, 1969. 212-215.<\/p>\n<p>Cancel, Mario R. \u201cIm\u00e1genes de una poeta: un asomo a la bibliograf\u00eda de Lola Rodr\u00edguez de T\u00edo.\u201d <em>Anti-figuraciones: bocetos puertorrique\u00f1os<\/em>. San Juan: Isla Negra, 2003, 51-9.<\/p>\n<p>Colberg, C.E. <em>Esquema hist\u00f3rico-biogr\u00e1fico de la literatura antillana femenina en el siglo XIX<\/em>. Diss. U of North Carolina at Chapel Hill, 1989. Ann Arbor: UMI, 1989. 170-177.<\/p>\n<p>Collazo, Ivelisse. <em>Develando memorias olvidadas: el ensayo feminista caribe\u00f1o durante el siglo XIX y principios del XX<\/em>. Diss. Florida State University, 2010. Ann Arbor: UMI, 2010. 1-170.<\/p>\n<p>Cuevas, Carmen Leila. <em>Lola de Am\u00e9rica<\/em>. San Germ\u00e1n: Editorial Cultural, 1969.<\/p>\n<p>Delgado Votaw, Carmen. <em>Puerto Rican Women\/Mujeres puertorrique\u00f1as<\/em>. Washington, D.C.: Lisboa, 1995.74-76.<\/p>\n<p>Hill, Marnesba and Harold Schliefer. <em>Puerto Rican Authors: A Biobibliographic Hanbook<\/em>. Metchuchen: Scarecrow Press, 1974. 197-198.<\/p>\n<p>Kruger Torres, Lola. <em>Enciclopedia grandes mujeres de Puerto Rico<\/em>. Vol. 1. Hato Rey: Ramallo Bros., 1975. 85-87.<\/p>\n<p>LaGreca, Nancy. <em>Rewriting Womanhood-Feminism, Subjectivity, and the Angel of the House in the Latin American Novel, 1887-1903<\/em>. Pennsylvania: The Pennsylvania State University Press, 2009. 3, 13, 126-28, 143-44.<\/p>\n<p>Lee, Muna. \u201cPuerto Rican Writers: The Record of One Hundred Years.\u201d <em>Books Abroad<\/em> 8.1 (1934): 7-10.<\/p>\n<p>Matos Rodr\u00edguez, F\u00e9lix V. and Linda Delgado, eds. <em>Puerto Rican Women\u2019s History: New Perspectives<\/em>. Armonk: M.E. Sharpe Publishers, 1998. 12.<\/p>\n<p>Mel\u00e9ndez, Concha. \u201cNuevo verdor florece: homenaje a Lola Rodr\u00edguez de Ti\u00f3.\u201d <em>Obras completas<\/em>. Vol. 2. San Juan: Instituto de Cultura Puertorrique\u00f1a, 1970.<\/p>\n<p>&#8212;. \u201cApuntes para una biograf\u00eda: Lola Rodr\u00edguez de Ti\u00f3.\u201d <em>Al Margen: Revista de las artes<\/em> 1(1979): 3-42.<\/p>\n<p>Mendoza Ti\u00f3, Carlos F. <em>Apuntes para una biograf\u00eda, Lola Rodr\u00edguez de Ti\u00f3<\/em>. San Juan: Colecci\u00f3n Hipatia, 1979.<\/p>\n<p>&#8212;. <em>Contribuci\u00f3n al estudio de la obra po\u00e9tica de Lola Rodr\u00edguez de Ti\u00f3<\/em>, 1843-1924. San Juan: n.p., 1974.<\/p>\n<p>&#8212;. <em>Hostos y Lola Ti\u00f3. dos incomprendidos<\/em>. San Juan: n.p., 1989.<\/p>\n<p>&#8212;. <em>Investigaciones literarias, Lola Rodr\u00edguez de Ti\u00f3<\/em>. Vol 1. San Juan: PR edici\u00f3n privada, 1975.<\/p>\n<p>&#8212;. <em>Investigaciones literarias, Lola Rodr\u00edguez de Ti\u00f3<\/em>. Vol 2. San Juan: PR edici\u00f3n privada, 1977.<\/p>\n<p>&#8212;. <em>Investigaciones literarias, Lola Rodr\u00edguez de Ti\u00f3<\/em>. Vol 3. San Juan: PR edici\u00f3n privada, 1978.<\/p>\n<p>Nalbone, Lisa. \u201cLola Rodr\u00edguez de Ti\u00f3 and Luis Llor\u00e9ns Torres: Literary Precursors of Puerto Rican Political Ideology.\u201d <em>SECOLAS Annals: Journal of the Southeastern Council on Latin American Studies<\/em> 32 (2000): 125-131.<\/p>\n<p>Negr\u00f3n Mu\u00f1oz, \u00c1ngela. <em>Mujeres de Puerto Rico \u2013 desde el per\u00edodo de colonizaci\u00f3n hasta el primer tercio del siglo XX<\/em>. San Juan: Imprenta Venezuela, 1935. 57-82.<\/p>\n<p>Palma, Ricardo. <em>Diecisiete cartas in\u00e9ditas: con otras \u00e9ditas cambiadas con Do\u00f1a Lola Rodr\u00edquez De Ti\u00f3 (1894-1907)<\/em>. pr\u00f3l. Luis Alberto Sanchez. Lima: Talleres Gr\u00e1ficos P.L. Villanueva, 1968. 17-66.<\/p>\n<p>Paravisini-Gebert, Lizabeth and Ivette Romero-Cesareo. <em>Women at Sea: Travel Writing and the Margins of Caribbean Discourse<\/em>. New York: Pelgrave, 2001. 209-10, 212-22.<\/p>\n<p>\u201cRodriguez de Ti\u00f3, Lola (1843-1924).\u201d <em>Latinas in the United States: A Historical Encyclopedia<\/em>, 3 (2006): 637-639.<\/p>\n<p>Rodr\u00edguez, Mar\u00eda Christina. \u201cWomen Writers of the Spanish-Speaking Caribbean: An Overview.\u201d <em>Caribbean Women Writers: Essays from the First International Conference<\/em>. Wellesley: Calaloux Publications, 1990.<\/p>\n<p>Romero-Cesareo, Ivette. \u201cWhose Legacy?: Voicing Women\u2019s Rights from the 1870s to the 1930s.\u201d <em>Callaloo (Puerto Rican Women Writers)<\/em> 17.3 (Summer, 1994): 770-789.<\/p>\n<p>Rosario V\u00e9lez, Jorge. \u201cRegistros de la patria y la nostalgia en Gertrudis Gomez de Avellaneda y Lola Rodr\u00edguez de T\u00edo.\u201d <em>Revista de Estudios Hisp\u00e1nicos<\/em> 31.1 (2004): 83-103.<\/p>\n<p>Santos Silva, Loreina. \u201cMujeres poetas puertorrique\u00f1as del siglo XIX.\u201d <em>Mujeres latinoamericanas: historia y cultura siglos XVI al XIX<\/em>. Vol. 2. Ed. Luisa Campuzano. Havana: Casa de las Americas, 1997, 279-86.<\/p>\n<p>Schmidt, Aileen. \u201cTravels and Identities in the Chronicles of Three Nineteenth-Century Women.\u201d <em>Women at Sea: Travel Writing and the Margins of Caribbean Discourse<\/em>. Eds. Lisabeth Paravisini-Gilbert and Ivette Romerio-Cesareo. New York: Palgrave, 2001. 203-23.<\/p>\n<p>Toledo, Josefina. <em>Lola Rodr\u00edguez de Ti\u00f3: contribuci\u00f3n para un estudio integral<\/em>. San Juan: Editorial LEA, Ateneo Puertorrique\u00f1o, 2002.<\/p>\n<p>&nbsp;<\/p>\n<p><img loading=\"lazy\" decoding=\"async\" class=\"aligncenter size-full wp-image-608\" src=\"https:\/\/eladd.org\/wp-content\/uploads\/2014\/02\/logo-footer-2.png\" alt=\"logo-footer-2\" width=\"260\" height=\"70\" \/>[\/vc_column_text][vc_single_image image=&#8221;660&#8243; alignment=&#8221;center&#8221; css=&#8221;.vc_custom_1446670823436{margin-top: 35px !important;}&#8221;][\/vc_column][\/vc_row]\n<\/div>","protected":false},"excerpt":{"rendered":"<p>[vc_row full_width=&rdquo;stretch_row&rdquo; tablet_fullwidth_cols=&rdquo;&rdquo; bg_style=&rdquo;repeat&rdquo; css=&rdquo;.vc_custom_1762919353393{background-position: 0 0 !important;background-repeat: repeat !important;}&rdquo;][vc_column][vc_column_text el_class=&rdquo;autoras__titulo&rdquo;] Lola Rodr&iacute;guez de Ti&oacute; (1843-1924) [\/vc_column_text][\/vc_column][\/vc_row][vc_row full_width=&rdquo;stretch_row&rdquo; el_id=&rdquo;cuerpo&rdquo; css=&rdquo;.vc_custom_1762919359434{background-position: center !important;background-repeat: no-repeat !important;background-size: cover !important;}&rdquo;][vc_column][vc_column_text el_class=&rdquo;autoras__texto&rdquo;]Lola Rodr&iacute;guez de Ti&oacute; (Puerto Rico, 1843-1924) &nbsp; Also known as: Lola Rodr&iacute;guez, Dolores&hellip;<\/p>\n","protected":false},"author":3,"featured_media":0,"parent":98,"menu_order":0,"comment_status":"closed","ping_status":"closed","template":"","meta":{"footnotes":""},"class_list":["post-444","page","type-page","status-publish","hentry","entry","no-media"],"yoast_head":"<!-- This site is optimized with the Yoast SEO plugin v26.1.1 - https:\/\/yoast.com\/wordpress\/plugins\/seo\/ -->\n<title>Lola Rodr\u00edguez de Ti\u00f3 - Eladd En<\/title>\n<meta name=\"robots\" content=\"index, follow, max-snippet:-1, max-image-preview:large, max-video-preview:-1\" \/>\n<link rel=\"canonical\" href=\"https:\/\/eladd.org\/en\/other-authors\/lola-rodriguez-de-tio\/\" \/>\n<meta property=\"og:locale\" content=\"en_US\" \/>\n<meta property=\"og:type\" content=\"article\" \/>\n<meta property=\"og:title\" content=\"Lola Rodr\u00edguez de Ti\u00f3 - Eladd En\" \/>\n<meta property=\"og:description\" content=\"[vc_row full_width=&rdquo;stretch_row&rdquo; tablet_fullwidth_cols=&rdquo;&rdquo; bg_style=&rdquo;repeat&rdquo; css=&rdquo;.vc_custom_1762919353393{background-position: 0 0 !important;background-repeat: repeat !important;}&rdquo;][vc_column][vc_column_text el_class=&rdquo;autoras__titulo&rdquo;] Lola Rodr&iacute;guez de Ti&oacute; (1843-1924) [\/vc_column_text][\/vc_column][\/vc_row][vc_row full_width=&rdquo;stretch_row&rdquo; el_id=&rdquo;cuerpo&rdquo; css=&rdquo;.vc_custom_1762919359434{background-position: center !important;background-repeat: no-repeat !important;background-size: cover !important;}&rdquo;][vc_column][vc_column_text el_class=&rdquo;autoras__texto&rdquo;]Lola Rodr&iacute;guez de Ti&oacute; (Puerto Rico, 1843-1924) &nbsp; Also known as: Lola Rodr&iacute;guez, Dolores&hellip;\" \/>\n<meta property=\"og:url\" content=\"https:\/\/eladd.org\/en\/other-authors\/lola-rodriguez-de-tio\/\" \/>\n<meta property=\"og:site_name\" content=\"Eladd En\" \/>\n<meta property=\"article:modified_time\" content=\"2025-11-12T03:49:25+00:00\" \/>\n<meta property=\"og:image\" content=\"https:\/\/eladd.org\/wp-content\/uploads\/2015\/02\/Lola-237x300.png\" \/>\n<meta name=\"twitter:card\" content=\"summary_large_image\" \/>\n<meta name=\"twitter:label1\" content=\"Est. reading time\" \/>\n\t<meta name=\"twitter:data1\" content=\"6 minutes\" \/>\n<script type=\"application\/ld+json\" class=\"yoast-schema-graph\">{\"@context\":\"https:\/\/schema.org\",\"@graph\":[{\"@type\":\"WebPage\",\"@id\":\"https:\/\/eladd.org\/en\/other-authors\/lola-rodriguez-de-tio\/\",\"url\":\"https:\/\/eladd.org\/en\/other-authors\/lola-rodriguez-de-tio\/\",\"name\":\"Lola Rodr\u00edguez de Ti\u00f3 - Eladd En\",\"isPartOf\":{\"@id\":\"https:\/\/eladd.org\/en\/#website\"},\"primaryImageOfPage\":{\"@id\":\"https:\/\/eladd.org\/en\/other-authors\/lola-rodriguez-de-tio\/#primaryimage\"},\"image\":{\"@id\":\"https:\/\/eladd.org\/en\/other-authors\/lola-rodriguez-de-tio\/#primaryimage\"},\"thumbnailUrl\":\"https:\/\/eladd.org\/wp-content\/uploads\/2015\/02\/Lola-237x300.png\",\"datePublished\":\"2015-03-15T15:13:14+00:00\",\"dateModified\":\"2025-11-12T03:49:25+00:00\",\"breadcrumb\":{\"@id\":\"https:\/\/eladd.org\/en\/other-authors\/lola-rodriguez-de-tio\/#breadcrumb\"},\"inLanguage\":\"en-US\",\"potentialAction\":[{\"@type\":\"ReadAction\",\"target\":[\"https:\/\/eladd.org\/en\/other-authors\/lola-rodriguez-de-tio\/\"]}]},{\"@type\":\"ImageObject\",\"inLanguage\":\"en-US\",\"@id\":\"https:\/\/eladd.org\/en\/other-authors\/lola-rodriguez-de-tio\/#primaryimage\",\"url\":\"https:\/\/eladd.org\/wp-content\/uploads\/2015\/02\/Lola-237x300.png\",\"contentUrl\":\"https:\/\/eladd.org\/wp-content\/uploads\/2015\/02\/Lola-237x300.png\"},{\"@type\":\"BreadcrumbList\",\"@id\":\"https:\/\/eladd.org\/en\/other-authors\/lola-rodriguez-de-tio\/#breadcrumb\",\"itemListElement\":[{\"@type\":\"ListItem\",\"position\":1,\"name\":\"Home\",\"item\":\"https:\/\/eladd.org\/en\/\"},{\"@type\":\"ListItem\",\"position\":2,\"name\":\"Other Authors\",\"item\":\"https:\/\/eladd.org\/en\/other-authors\/\"},{\"@type\":\"ListItem\",\"position\":3,\"name\":\"Lola Rodr\u00edguez de Ti\u00f3\"}]},{\"@type\":\"WebSite\",\"@id\":\"https:\/\/eladd.org\/en\/#website\",\"url\":\"https:\/\/eladd.org\/en\/\",\"name\":\"Eladd En\",\"description\":\"Ninteenth-Century Latin American Women Writers\",\"publisher\":{\"@id\":\"https:\/\/eladd.org\/en\/#organization\"},\"potentialAction\":[{\"@type\":\"SearchAction\",\"target\":{\"@type\":\"EntryPoint\",\"urlTemplate\":\"https:\/\/eladd.org\/en\/?s={search_term_string}\"},\"query-input\":{\"@type\":\"PropertyValueSpecification\",\"valueRequired\":true,\"valueName\":\"search_term_string\"}}],\"inLanguage\":\"en-US\"},{\"@type\":\"Organization\",\"@id\":\"https:\/\/eladd.org\/en\/#organization\",\"name\":\"Eladd En\",\"url\":\"https:\/\/eladd.org\/en\/\",\"logo\":{\"@type\":\"ImageObject\",\"inLanguage\":\"en-US\",\"@id\":\"https:\/\/eladd.org\/en\/#\/schema\/logo\/image\/\",\"url\":\"https:\/\/eladd.org\/en\/wp-content\/uploads\/sites\/2\/2025\/07\/logo-eladd.png\",\"contentUrl\":\"https:\/\/eladd.org\/en\/wp-content\/uploads\/sites\/2\/2025\/07\/logo-eladd.png\",\"width\":324,\"height\":77,\"caption\":\"Eladd En\"},\"image\":{\"@id\":\"https:\/\/eladd.org\/en\/#\/schema\/logo\/image\/\"}}]}<\/script>\n<!-- \/ Yoast SEO plugin. -->","yoast_head_json":{"title":"Lola Rodr\u00edguez de Ti\u00f3 - Eladd En","robots":{"index":"index","follow":"follow","max-snippet":"max-snippet:-1","max-image-preview":"max-image-preview:large","max-video-preview":"max-video-preview:-1"},"canonical":"https:\/\/eladd.org\/en\/other-authors\/lola-rodriguez-de-tio\/","og_locale":"en_US","og_type":"article","og_title":"Lola Rodr\u00edguez de Ti\u00f3 - Eladd En","og_description":"[vc_row full_width=&rdquo;stretch_row&rdquo; tablet_fullwidth_cols=&rdquo;&rdquo; bg_style=&rdquo;repeat&rdquo; css=&rdquo;.vc_custom_1762919353393{background-position: 0 0 !important;background-repeat: repeat !important;}&rdquo;][vc_column][vc_column_text el_class=&rdquo;autoras__titulo&rdquo;] Lola Rodr&iacute;guez de Ti&oacute; (1843-1924) [\/vc_column_text][\/vc_column][\/vc_row][vc_row full_width=&rdquo;stretch_row&rdquo; el_id=&rdquo;cuerpo&rdquo; css=&rdquo;.vc_custom_1762919359434{background-position: center !important;background-repeat: no-repeat !important;background-size: cover !important;}&rdquo;][vc_column][vc_column_text el_class=&rdquo;autoras__texto&rdquo;]Lola Rodr&iacute;guez de Ti&oacute; (Puerto Rico, 1843-1924) &nbsp; Also known as: Lola Rodr&iacute;guez, Dolores&hellip;","og_url":"https:\/\/eladd.org\/en\/other-authors\/lola-rodriguez-de-tio\/","og_site_name":"Eladd En","article_modified_time":"2025-11-12T03:49:25+00:00","og_image":[{"url":"https:\/\/eladd.org\/wp-content\/uploads\/2015\/02\/Lola-237x300.png","type":"","width":"","height":""}],"twitter_card":"summary_large_image","twitter_misc":{"Est. reading time":"6 minutes"},"schema":{"@context":"https:\/\/schema.org","@graph":[{"@type":"WebPage","@id":"https:\/\/eladd.org\/en\/other-authors\/lola-rodriguez-de-tio\/","url":"https:\/\/eladd.org\/en\/other-authors\/lola-rodriguez-de-tio\/","name":"Lola Rodr\u00edguez de Ti\u00f3 - Eladd En","isPartOf":{"@id":"https:\/\/eladd.org\/en\/#website"},"primaryImageOfPage":{"@id":"https:\/\/eladd.org\/en\/other-authors\/lola-rodriguez-de-tio\/#primaryimage"},"image":{"@id":"https:\/\/eladd.org\/en\/other-authors\/lola-rodriguez-de-tio\/#primaryimage"},"thumbnailUrl":"https:\/\/eladd.org\/wp-content\/uploads\/2015\/02\/Lola-237x300.png","datePublished":"2015-03-15T15:13:14+00:00","dateModified":"2025-11-12T03:49:25+00:00","breadcrumb":{"@id":"https:\/\/eladd.org\/en\/other-authors\/lola-rodriguez-de-tio\/#breadcrumb"},"inLanguage":"en-US","potentialAction":[{"@type":"ReadAction","target":["https:\/\/eladd.org\/en\/other-authors\/lola-rodriguez-de-tio\/"]}]},{"@type":"ImageObject","inLanguage":"en-US","@id":"https:\/\/eladd.org\/en\/other-authors\/lola-rodriguez-de-tio\/#primaryimage","url":"https:\/\/eladd.org\/wp-content\/uploads\/2015\/02\/Lola-237x300.png","contentUrl":"https:\/\/eladd.org\/wp-content\/uploads\/2015\/02\/Lola-237x300.png"},{"@type":"BreadcrumbList","@id":"https:\/\/eladd.org\/en\/other-authors\/lola-rodriguez-de-tio\/#breadcrumb","itemListElement":[{"@type":"ListItem","position":1,"name":"Home","item":"https:\/\/eladd.org\/en\/"},{"@type":"ListItem","position":2,"name":"Other Authors","item":"https:\/\/eladd.org\/en\/other-authors\/"},{"@type":"ListItem","position":3,"name":"Lola Rodr\u00edguez de Ti\u00f3"}]},{"@type":"WebSite","@id":"https:\/\/eladd.org\/en\/#website","url":"https:\/\/eladd.org\/en\/","name":"Eladd En","description":"Ninteenth-Century Latin American Women Writers","publisher":{"@id":"https:\/\/eladd.org\/en\/#organization"},"potentialAction":[{"@type":"SearchAction","target":{"@type":"EntryPoint","urlTemplate":"https:\/\/eladd.org\/en\/?s={search_term_string}"},"query-input":{"@type":"PropertyValueSpecification","valueRequired":true,"valueName":"search_term_string"}}],"inLanguage":"en-US"},{"@type":"Organization","@id":"https:\/\/eladd.org\/en\/#organization","name":"Eladd En","url":"https:\/\/eladd.org\/en\/","logo":{"@type":"ImageObject","inLanguage":"en-US","@id":"https:\/\/eladd.org\/en\/#\/schema\/logo\/image\/","url":"https:\/\/eladd.org\/en\/wp-content\/uploads\/sites\/2\/2025\/07\/logo-eladd.png","contentUrl":"https:\/\/eladd.org\/en\/wp-content\/uploads\/sites\/2\/2025\/07\/logo-eladd.png","width":324,"height":77,"caption":"Eladd En"},"image":{"@id":"https:\/\/eladd.org\/en\/#\/schema\/logo\/image\/"}}]}},"_links":{"self":[{"href":"https:\/\/eladd.org\/en\/wp-json\/wp\/v2\/pages\/444","targetHints":{"allow":["GET"]}}],"collection":[{"href":"https:\/\/eladd.org\/en\/wp-json\/wp\/v2\/pages"}],"about":[{"href":"https:\/\/eladd.org\/en\/wp-json\/wp\/v2\/types\/page"}],"author":[{"embeddable":true,"href":"https:\/\/eladd.org\/en\/wp-json\/wp\/v2\/users\/3"}],"replies":[{"embeddable":true,"href":"https:\/\/eladd.org\/en\/wp-json\/wp\/v2\/comments?post=444"}],"version-history":[{"count":4,"href":"https:\/\/eladd.org\/en\/wp-json\/wp\/v2\/pages\/444\/revisions"}],"predecessor-version":[{"id":24820,"href":"https:\/\/eladd.org\/en\/wp-json\/wp\/v2\/pages\/444\/revisions\/24820"}],"up":[{"embeddable":true,"href":"https:\/\/eladd.org\/en\/wp-json\/wp\/v2\/pages\/98"}],"wp:attachment":[{"href":"https:\/\/eladd.org\/en\/wp-json\/wp\/v2\/media?parent=444"}],"curies":[{"name":"wp","href":"https:\/\/api.w.org\/{rel}","templated":true}]}}