{"id":448,"date":"2015-03-15T15:43:55","date_gmt":"2015-03-15T15:43:55","guid":{"rendered":"https:\/\/eladd.org\/en\/?page_id=448"},"modified":"2025-11-12T03:49:55","modified_gmt":"2025-11-12T03:49:55","slug":"ana-roque-de-duprey","status":"publish","type":"page","link":"https:\/\/eladd.org\/en\/other-authors\/ana-roque-de-duprey\/","title":{"rendered":"Ana Roqu\u00e9 de Duprey"},"content":{"rendered":"<div class=\"wpb-content-wrapper\">[vc_row full_width=&#8221;stretch_row&#8221; tablet_fullwidth_cols=&#8221;&#8221; bg_style=&#8221;repeat&#8221; css=&#8221;.vc_custom_1762919384147{background-position: 0 0 !important;background-repeat: repeat !important;}&#8221;][vc_column][vc_column_text el_class=&#8221;autoras__titulo&#8221;]\n<h2 style=\"text-align: center;\">Ana Roqu\u00e9 de Duprey<\/h2>\n<p style=\"text-align: center;\">(1853-1933)<br \/>\n<img loading=\"lazy\" decoding=\"async\" class=\"size-full wp-image-1816 aligncenter\" src=\"\/\/eladd.org\/wp-content\/uploads\/2015\/09\/icon-space.png\" alt=\"icon-space\" width=\"150\" height=\"8\" \/>[\/vc_column_text][\/vc_column][\/vc_row][vc_row full_width=&#8221;stretch_row&#8221; el_id=&#8221;cuerpo&#8221; css=&#8221;.vc_custom_1762919390947{background-position: center !important;background-repeat: no-repeat !important;background-size: cover !important;}&#8221;][vc_column][vc_column_text el_class=&#8221;autoras__texto&#8221;]<strong>Ana Roqu\u00e9 de Duprey (Puerto Rico, 1853-1933)<br \/>\nAlso known as: Ana Roqu\u00e9, Ana Cristina Roqu\u00e9 Geigel de Duprey<br \/>\nPseudonym: Flor de Valle, Aquemora<\/strong><\/p>\n<p>&nbsp;<\/p>\n<p><img loading=\"lazy\" decoding=\"async\" class=\"size-full wp-image-940 alignright\" src=\"https:\/\/eladd.org\/wp-content\/uploads\/2015\/02\/ana.png\" alt=\"ana\" width=\"180\" height=\"226\" \/><strong>Author\u2019s Works: Original and Edited (Works are listed in chronological order)<\/strong><\/p>\n<p>(1888), y Ana Geigel. <em>Elementos de geograf\u00eda universal para la ense\u00f1anza primaria, elemental y superior<\/em>. Humacao: Imprenta de Otero.<\/p>\n<p>(1889). <em>Explicaci\u00f3n de la gram\u00e1tica castellana<\/em>. Humacao: n.p.<\/p>\n<p>(1894). <em>Explicaciones de pedagog\u00eda<\/em>. Humacao: Imprenta El Criterio.<\/p>\n<p>(1894). \u201cFlor sin alma.\u201d <em>La ilustraci\u00f3n Puertorrique\u00f1a<\/em>. 10 Julio: 86-87.<\/p>\n<p>(1894). <em>Pasatiempos<\/em>. Humacao: n.p.<\/p>\n<p>(1895). <em>Novelas y cuentos<\/em>. Ponce: n.p.<\/p>\n<p>(1895). <em>Sara la obrera y otros cuentos<\/em>. Ponce: Imprenta Manuel L\u00f3pez.<\/p>\n<p>(1903). <em>Luz y sombra<\/em>. Ponce: Tip. De Quint\u00edn Negr\u00f3n Sanjurjo.<\/p>\n<p>&#8212;, pr\u00f3l. Lizabeth Paravisini-Gebert. Rio Piedras: Ed. ICP and Ed. UPR, 1991.<\/p>\n<p>&#8212;. Rio Piedras: Editorial de la Universidad de Puerto Rico, 1994.<\/p>\n<p>(1908). \u201cEstudio sobre la flora puertorrique\u00f1a.\u201d <em>Cuarto centenario de la colonizaci\u00f3n cristiana de Puerto Rico<\/em>. San Juan: Tipograf\u00eda Bolet\u00edn Mercantil. 211-215.<\/p>\n<p>(1917). \u201cApreciaciones falsas.\u201d <em>La mujer del siglo XX<\/em>, 3 Sept.<\/p>\n<p>(1917). \u201cVia-Crucis.\u201d <em>La mujer del siglo XX<\/em>, 7 (31 Agosto.).<\/p>\n<p>(1919). <em>Un ruso en Puerto Rico<\/em>. Ponce: Imprenta Manuel L\u00f3pez.<\/p>\n<p>(1929). \u201cA la mujer puertorrique\u00f1a.\u201d <em>Revista de la asociaci\u00f3n de mujeres graduadas de la UPR<\/em> 4.1: 20-21.<\/p>\n<p>(1933). \u201cA las mujeres puertorrique\u00f1as: aclaraciones.\u201d MS. <em>Colecci\u00f3n de manuscritos de Ana Roqu\u00e9 de Duprey<\/em>. Puerto Rico: Biblioteca digital puertorrique\u00f1a, Universidad de Puerto Rico.<\/p>\n<p><strong>Critical Works (Reference Materials, Books, Book Chapters, Journal Articles, Encyclopedias, Theses\/Dissertations, Media and Internet Sources) <\/strong><\/p>\n<p>Acevedo Loubriel, Suzette. \u201cNuevas propuestas sobre la domesticidad: Emilia Pardo Baz\u00e1n y Ana Roqu\u00e9.\u201d <em>Cuadernos de Aldeeu<\/em> 20.1 (2004): 64-74.<\/p>\n<p>Acosta-Bel\u00e9n, Edna. <em>The Puerto Rican Woman: Perspectives on Culture, History and Society<\/em>. New York: Praeger, 1986. 76-77.<\/p>\n<p>Angelis, Maria Luisa. \u201cAna Roqu\u00e9 y Geigel de Duprey.\u201d <em>Mujeres puertorrique\u00f1as que se han distinguido en el cultivo de las ciencias, las letras y las artes desde el siglo XVII hasta nuestros d\u00edas<\/em>. San Juan: Tip. Del Bolet\u00edn Mercantil, 1909. 82-86.<\/p>\n<p>Arocho Vel\u00e1squez, Sylvia E. \u201cDesarrollo pol\u00edtico y jur\u00eddico de la mujer en Puerto Rico. Su quehacer p\u00fablico en los siglos XVI, XVII, XVIII y XIX.\u201d <em>Homines<\/em> 20.2-22.2 (2000): 474-83.<\/p>\n<p>Azize Vargas, Yamila. <em>La mujer en la lucha<\/em>. San Juan: La mujer en la lucha, 1985. 13, 26-29, 45, 94-95, 98-100.<\/p>\n<p>Barcel\u00f3 Miller, Mar\u00eda de F\u00e1tima. <em>La lucha por el sufragio femenino en Puerto Rico 1896-1935<\/em>. R\u00edo Piedras: Ediciones Hurac\u00e1n, 1997. 53-59, 74, 94-96, 226-27.<\/p>\n<p>Bird-Soto, Nancy. <em>Tono y expresi\u00f3n: escritoras puertorrique\u00f1as de la transici\u00f3n del siglo XIX al XX<\/em>. Diss. U of Wisconsin, 2006. Ann Arbor: UMI, 2006. 131-73.<\/p>\n<p>&#8212;. <em>Sara la obrera y otros cuentos. El repertorio femenino de Ana Roqu\u00e9<\/em>. Lewiston: Edwin Meller Press,2008.<\/p>\n<p>&#8212; and Norma Valle-Ferrer. <em><em>Escritoras puertorrique\u00f1as de la transici\u00f3n del siglo XIX al XX<\/em>: Carmela Eulate Sanjurjo, Ana Roqu\u00e9 y Luisa Capetillo<\/em>. Lewiston: Edwin Mellen Press, 2009. 67-103.<\/p>\n<p>Chen Sham, Jorge. \u201cSanci\u00f3n moral y castigo: contradicciones ideol\u00f3gicas en la narrativa de Ana Roqu\u00e9.\u201d <em>La voz de la mujer en la literatura hispanoamericana fin-de-siglo<\/em>. Ed. Luis Jim\u00e9nez. San Jos\u00e9: Universidad de Costa Rica, 1999. 167-80.<\/p>\n<p>Colberg, Carmen Elisa. <em>Esquema hist\u00f3rico-biogr\u00e1fico de la literatura antillana femenina en el siglo XIX<\/em>. Diss. U of North Carolina at Chapel Hill, 1989. Ann Arbor: UMI, 1989. 179-180.<\/p>\n<p>Delgado Votaw, Carmen. <em>Puerto Rican Women\/Mujeres puertorrique\u00f1as<\/em>. Washington D.C.: Lisboa, 1995. 77.<\/p>\n<p>Feli\u00fa Matilla, Fernando, ed. <em>200 a\u00f1os de literatura y periodismo, 1803-2003<\/em>. San Juan: Ediciones Hurac\u00e1n, 2004.<\/p>\n<p>Janer, Zilkia. <em>Colonial Nationalism: The Nation Building Literary Field and Subaltern Intellectuals in Puerto Rico (1849-1952)<\/em>. Diss. Duke University, 1998. Ann Arbor: UMI, 1998. 84-113.<\/p>\n<p>&#8212;. <em>Puerto Rican Nation-Building Literature: Impossible Romance<\/em>. Gainesville: University Press of Florida, 2005. 35, 37-38, 43.<\/p>\n<p>Jim\u00e9nez-Mu\u00f1oz, Gladys M. \u201cLiteracy, Class, and Sexuality in the Debate on Women\u2019s Suffrage in Puerto Rico during the 1920\u2019s.\u201d <em>Puerto Rican Women\u2019s History: New Perspectives<\/em>. Eds. F\u00e9lix V. Matos and Linda C. Delgado. New York: M.E. Sharpe, 1998. 143-70.<\/p>\n<p>Kruger Torres, Lola. <em>Enciclopedia de grandes mujeres de Puerto Rico<\/em>. Vol. 1. Hato Rey: Ramallo Bros., 1975.89-90.<\/p>\n<p>LaGreca, Nancy. <em>Rewriting Womanhood-Feminism, Subjectivity, and the Angel of the House in the Latin American Novel, 1887-1903<\/em>. Pennsylvania: The Pennsylvania State University Press, 2009. 150-74.<\/p>\n<p>Lee, Muna. \u201cPuerto Rican Woman Writers: The Record of One Hundred Years.\u201d <em>Books Abroad<\/em> 8.1 (Jan. 1934): 7-10.<\/p>\n<p>Manrique Cabrera, Francisco. <em>Historia de la literatura puertorrique\u00f1a<\/em>. Rio Piedras: Cultural, 1969. 149, 150, 212-15.<\/p>\n<p>Matos Rodr\u00edguez, F\u00e9lix V. and Linda Delgado, eds. <em>Puerto Rican Women\u2019s History: New Perspectives<\/em>. Armonk: M.E. Sharpe Publishers, 1998. 128-29.<\/p>\n<p>Montes, Miriam. <em>Ana Roqu\u00e9 de Duprey: precursora del periodismo feminista<\/em>. R\u00edo Piedras: Escuela de Comunicaci\u00f3n P\u00fablica, Universidad de Puerto Rico, Recinto de R\u00edo Piedras, 1988.<\/p>\n<p>Negr\u00f3n Mu\u00f1os, \u00c1ngela. \u201cAna Roqu\u00e9 de Duprey. La primera feminista de Puerto Rico.\u201d Puerto Rico Ilustrado 15-28 May 1927: 3-15. (Microform. Colecci\u00f3n Puertorrique\u00f1a, Universidad de Puerto Rico).<\/p>\n<p>&#8212;. <em>Mujeres de Puerto Rico \u2013 desde el per\u00edodo de colonizaci\u00f3n hasta el primer tercio del siglo XX<\/em>. San Juan: Imprenta Venezuela, 1935. 104-11.<\/p>\n<p>Nones, A.C. <em>M\u00e1rtires del hogar: el inicio de la novel\u00edstica femenina decimon\u00f3nica en Venezuela y Puerto Rico<\/em>. Diss. U of California, Berkeley, 2001. Ann Arbor: UMI, 2001. 163-88.<\/p>\n<p>Ortiz-Loyola, Brenda. <em>En busca de la solidaridad: feminismo y naci\u00f3n en el Caribe hispano, 1880-1940<\/em>. Diss. U of California, Los Angeles, 2013. Ann Arbor: UMI, 2013. 33-100.<\/p>\n<p><em>Palabras dedicadas a Ana Roqu\u00e9 de Duprey<\/em>. San Juan: Universidad de Puerto Rico, Recinto de R\u00edo Piedras, 2007.<\/p>\n<p>Paravisini-Gebert. Lizabeth, ed. \u201cEsquema biogr\u00e1fico de Ana Roqu\u00e9.\u201d <em>Luz y sombra. Ana Roqu\u00e9<\/em>. Rio Piedras: Editorial UPR, 1991. 151-59.<\/p>\n<p>&#8212; and Ivette Romero-Cesareo. <em>Women at Sea: Travel Writing and the Margins of Caribbean Discourse<\/em>. New York: Pelgrave, 2001. 207.<\/p>\n<p>Pic\u00f3, Isabel. \u201cThe History of Women\u2019s Struggle for Equality in Puerto Rico.\u201d <em>The Puerto Rican Woman: Perspectives on Culture, History and Society<\/em>. Ed. Edna Acosta Bel\u00e9n. New York: Praeger, 1986. 46-58.<\/p>\n<p>Ribes Tovar, Federico. \u201cAna Roqu\u00e9 de Duprey: maestra y periodista iniciadora del feminismo en Puerto Rico.\u201d <em>100 biograf\u00edas de puertorrique\u00f1os ilustres<\/em>. New York: Plus Ultra, 1973. 232-34.<\/p>\n<p>Romero-Cesareo, Ivette. \u201cWhose Legacy?: Voicing Women\u2019s Rights from the 1870\u2019s to the 1930\u2019s.\u201d <em>Callaloo<\/em> 17.3, Puerto Rican Women Writers (Summer 1994): 770-89.<\/p>\n<p><img loading=\"lazy\" decoding=\"async\" class=\"aligncenter size-full wp-image-608\" src=\"https:\/\/eladd.org\/wp-content\/uploads\/2014\/02\/logo-footer-2.png\" alt=\"logo-footer-2\" width=\"260\" height=\"70\" \/>[\/vc_column_text][vc_single_image image=&#8221;660&#8243; alignment=&#8221;center&#8221; css=&#8221;.vc_custom_1446670823436{margin-top: 35px !important;}&#8221;][\/vc_column][\/vc_row]\n<\/div>","protected":false},"excerpt":{"rendered":"<p>[vc_row full_width=&rdquo;stretch_row&rdquo; tablet_fullwidth_cols=&rdquo;&rdquo; bg_style=&rdquo;repeat&rdquo; css=&rdquo;.vc_custom_1762919384147{background-position: 0 0 !important;background-repeat: repeat !important;}&rdquo;][vc_column][vc_column_text el_class=&rdquo;autoras__titulo&rdquo;] Ana Roqu&eacute; de Duprey (1853-1933) [\/vc_column_text][\/vc_column][\/vc_row][vc_row full_width=&rdquo;stretch_row&rdquo; el_id=&rdquo;cuerpo&rdquo; css=&rdquo;.vc_custom_1762919390947{background-position: center !important;background-repeat: no-repeat !important;background-size: cover !important;}&rdquo;][vc_column][vc_column_text el_class=&rdquo;autoras__texto&rdquo;]Ana Roqu&eacute; de Duprey (Puerto Rico, 1853-1933) Also known as: Ana Roqu&eacute;, Ana Cristina&hellip;<\/p>\n","protected":false},"author":3,"featured_media":0,"parent":98,"menu_order":0,"comment_status":"closed","ping_status":"closed","template":"","meta":{"footnotes":""},"class_list":["post-448","page","type-page","status-publish","hentry","entry","no-media"],"yoast_head":"<!-- This site is optimized with the Yoast SEO plugin v26.1.1 - https:\/\/yoast.com\/wordpress\/plugins\/seo\/ -->\n<title>Ana Roqu\u00e9 de Duprey - Eladd En<\/title>\n<meta name=\"robots\" content=\"index, follow, max-snippet:-1, max-image-preview:large, max-video-preview:-1\" \/>\n<link rel=\"canonical\" href=\"https:\/\/eladd.org\/en\/other-authors\/ana-roque-de-duprey\/\" \/>\n<meta property=\"og:locale\" content=\"en_US\" \/>\n<meta property=\"og:type\" content=\"article\" \/>\n<meta property=\"og:title\" content=\"Ana Roqu\u00e9 de Duprey - Eladd En\" \/>\n<meta property=\"og:description\" content=\"[vc_row full_width=&rdquo;stretch_row&rdquo; tablet_fullwidth_cols=&rdquo;&rdquo; bg_style=&rdquo;repeat&rdquo; css=&rdquo;.vc_custom_1762919384147{background-position: 0 0 !important;background-repeat: repeat !important;}&rdquo;][vc_column][vc_column_text el_class=&rdquo;autoras__titulo&rdquo;] Ana Roqu&eacute; de Duprey (1853-1933) [\/vc_column_text][\/vc_column][\/vc_row][vc_row full_width=&rdquo;stretch_row&rdquo; el_id=&rdquo;cuerpo&rdquo; css=&rdquo;.vc_custom_1762919390947{background-position: center !important;background-repeat: no-repeat !important;background-size: cover !important;}&rdquo;][vc_column][vc_column_text el_class=&rdquo;autoras__texto&rdquo;]Ana Roqu&eacute; de Duprey (Puerto Rico, 1853-1933) Also known as: Ana Roqu&eacute;, Ana Cristina&hellip;\" \/>\n<meta property=\"og:url\" content=\"https:\/\/eladd.org\/en\/other-authors\/ana-roque-de-duprey\/\" \/>\n<meta property=\"og:site_name\" content=\"Eladd En\" \/>\n<meta property=\"article:modified_time\" content=\"2025-11-12T03:49:55+00:00\" \/>\n<meta property=\"og:image\" content=\"https:\/\/eladd.org\/wp-content\/uploads\/2015\/02\/ana.png\" \/>\n<meta name=\"twitter:card\" content=\"summary_large_image\" \/>\n<meta name=\"twitter:label1\" content=\"Est. reading time\" \/>\n\t<meta name=\"twitter:data1\" content=\"6 minutes\" \/>\n<script type=\"application\/ld+json\" class=\"yoast-schema-graph\">{\"@context\":\"https:\/\/schema.org\",\"@graph\":[{\"@type\":\"WebPage\",\"@id\":\"https:\/\/eladd.org\/en\/other-authors\/ana-roque-de-duprey\/\",\"url\":\"https:\/\/eladd.org\/en\/other-authors\/ana-roque-de-duprey\/\",\"name\":\"Ana Roqu\u00e9 de Duprey - Eladd En\",\"isPartOf\":{\"@id\":\"https:\/\/eladd.org\/en\/#website\"},\"primaryImageOfPage\":{\"@id\":\"https:\/\/eladd.org\/en\/other-authors\/ana-roque-de-duprey\/#primaryimage\"},\"image\":{\"@id\":\"https:\/\/eladd.org\/en\/other-authors\/ana-roque-de-duprey\/#primaryimage\"},\"thumbnailUrl\":\"https:\/\/eladd.org\/wp-content\/uploads\/2015\/02\/ana.png\",\"datePublished\":\"2015-03-15T15:43:55+00:00\",\"dateModified\":\"2025-11-12T03:49:55+00:00\",\"breadcrumb\":{\"@id\":\"https:\/\/eladd.org\/en\/other-authors\/ana-roque-de-duprey\/#breadcrumb\"},\"inLanguage\":\"en-US\",\"potentialAction\":[{\"@type\":\"ReadAction\",\"target\":[\"https:\/\/eladd.org\/en\/other-authors\/ana-roque-de-duprey\/\"]}]},{\"@type\":\"ImageObject\",\"inLanguage\":\"en-US\",\"@id\":\"https:\/\/eladd.org\/en\/other-authors\/ana-roque-de-duprey\/#primaryimage\",\"url\":\"https:\/\/eladd.org\/wp-content\/uploads\/2015\/02\/ana.png\",\"contentUrl\":\"https:\/\/eladd.org\/wp-content\/uploads\/2015\/02\/ana.png\"},{\"@type\":\"BreadcrumbList\",\"@id\":\"https:\/\/eladd.org\/en\/other-authors\/ana-roque-de-duprey\/#breadcrumb\",\"itemListElement\":[{\"@type\":\"ListItem\",\"position\":1,\"name\":\"Home\",\"item\":\"https:\/\/eladd.org\/en\/\"},{\"@type\":\"ListItem\",\"position\":2,\"name\":\"Other Authors\",\"item\":\"https:\/\/eladd.org\/en\/other-authors\/\"},{\"@type\":\"ListItem\",\"position\":3,\"name\":\"Ana Roqu\u00e9 de Duprey\"}]},{\"@type\":\"WebSite\",\"@id\":\"https:\/\/eladd.org\/en\/#website\",\"url\":\"https:\/\/eladd.org\/en\/\",\"name\":\"Eladd En\",\"description\":\"Ninteenth-Century Latin American Women Writers\",\"publisher\":{\"@id\":\"https:\/\/eladd.org\/en\/#organization\"},\"potentialAction\":[{\"@type\":\"SearchAction\",\"target\":{\"@type\":\"EntryPoint\",\"urlTemplate\":\"https:\/\/eladd.org\/en\/?s={search_term_string}\"},\"query-input\":{\"@type\":\"PropertyValueSpecification\",\"valueRequired\":true,\"valueName\":\"search_term_string\"}}],\"inLanguage\":\"en-US\"},{\"@type\":\"Organization\",\"@id\":\"https:\/\/eladd.org\/en\/#organization\",\"name\":\"Eladd En\",\"url\":\"https:\/\/eladd.org\/en\/\",\"logo\":{\"@type\":\"ImageObject\",\"inLanguage\":\"en-US\",\"@id\":\"https:\/\/eladd.org\/en\/#\/schema\/logo\/image\/\",\"url\":\"https:\/\/eladd.org\/en\/wp-content\/uploads\/sites\/2\/2025\/07\/logo-eladd.png\",\"contentUrl\":\"https:\/\/eladd.org\/en\/wp-content\/uploads\/sites\/2\/2025\/07\/logo-eladd.png\",\"width\":324,\"height\":77,\"caption\":\"Eladd En\"},\"image\":{\"@id\":\"https:\/\/eladd.org\/en\/#\/schema\/logo\/image\/\"}}]}<\/script>\n<!-- \/ Yoast SEO plugin. -->","yoast_head_json":{"title":"Ana Roqu\u00e9 de Duprey - Eladd En","robots":{"index":"index","follow":"follow","max-snippet":"max-snippet:-1","max-image-preview":"max-image-preview:large","max-video-preview":"max-video-preview:-1"},"canonical":"https:\/\/eladd.org\/en\/other-authors\/ana-roque-de-duprey\/","og_locale":"en_US","og_type":"article","og_title":"Ana Roqu\u00e9 de Duprey - Eladd En","og_description":"[vc_row full_width=&rdquo;stretch_row&rdquo; tablet_fullwidth_cols=&rdquo;&rdquo; bg_style=&rdquo;repeat&rdquo; css=&rdquo;.vc_custom_1762919384147{background-position: 0 0 !important;background-repeat: repeat !important;}&rdquo;][vc_column][vc_column_text el_class=&rdquo;autoras__titulo&rdquo;] Ana Roqu&eacute; de Duprey (1853-1933) [\/vc_column_text][\/vc_column][\/vc_row][vc_row full_width=&rdquo;stretch_row&rdquo; el_id=&rdquo;cuerpo&rdquo; css=&rdquo;.vc_custom_1762919390947{background-position: center !important;background-repeat: no-repeat !important;background-size: cover !important;}&rdquo;][vc_column][vc_column_text el_class=&rdquo;autoras__texto&rdquo;]Ana Roqu&eacute; de Duprey (Puerto Rico, 1853-1933) Also known as: Ana Roqu&eacute;, Ana Cristina&hellip;","og_url":"https:\/\/eladd.org\/en\/other-authors\/ana-roque-de-duprey\/","og_site_name":"Eladd En","article_modified_time":"2025-11-12T03:49:55+00:00","og_image":[{"url":"https:\/\/eladd.org\/wp-content\/uploads\/2015\/02\/ana.png","type":"","width":"","height":""}],"twitter_card":"summary_large_image","twitter_misc":{"Est. reading time":"6 minutes"},"schema":{"@context":"https:\/\/schema.org","@graph":[{"@type":"WebPage","@id":"https:\/\/eladd.org\/en\/other-authors\/ana-roque-de-duprey\/","url":"https:\/\/eladd.org\/en\/other-authors\/ana-roque-de-duprey\/","name":"Ana Roqu\u00e9 de Duprey - Eladd En","isPartOf":{"@id":"https:\/\/eladd.org\/en\/#website"},"primaryImageOfPage":{"@id":"https:\/\/eladd.org\/en\/other-authors\/ana-roque-de-duprey\/#primaryimage"},"image":{"@id":"https:\/\/eladd.org\/en\/other-authors\/ana-roque-de-duprey\/#primaryimage"},"thumbnailUrl":"https:\/\/eladd.org\/wp-content\/uploads\/2015\/02\/ana.png","datePublished":"2015-03-15T15:43:55+00:00","dateModified":"2025-11-12T03:49:55+00:00","breadcrumb":{"@id":"https:\/\/eladd.org\/en\/other-authors\/ana-roque-de-duprey\/#breadcrumb"},"inLanguage":"en-US","potentialAction":[{"@type":"ReadAction","target":["https:\/\/eladd.org\/en\/other-authors\/ana-roque-de-duprey\/"]}]},{"@type":"ImageObject","inLanguage":"en-US","@id":"https:\/\/eladd.org\/en\/other-authors\/ana-roque-de-duprey\/#primaryimage","url":"https:\/\/eladd.org\/wp-content\/uploads\/2015\/02\/ana.png","contentUrl":"https:\/\/eladd.org\/wp-content\/uploads\/2015\/02\/ana.png"},{"@type":"BreadcrumbList","@id":"https:\/\/eladd.org\/en\/other-authors\/ana-roque-de-duprey\/#breadcrumb","itemListElement":[{"@type":"ListItem","position":1,"name":"Home","item":"https:\/\/eladd.org\/en\/"},{"@type":"ListItem","position":2,"name":"Other Authors","item":"https:\/\/eladd.org\/en\/other-authors\/"},{"@type":"ListItem","position":3,"name":"Ana Roqu\u00e9 de Duprey"}]},{"@type":"WebSite","@id":"https:\/\/eladd.org\/en\/#website","url":"https:\/\/eladd.org\/en\/","name":"Eladd En","description":"Ninteenth-Century Latin American Women Writers","publisher":{"@id":"https:\/\/eladd.org\/en\/#organization"},"potentialAction":[{"@type":"SearchAction","target":{"@type":"EntryPoint","urlTemplate":"https:\/\/eladd.org\/en\/?s={search_term_string}"},"query-input":{"@type":"PropertyValueSpecification","valueRequired":true,"valueName":"search_term_string"}}],"inLanguage":"en-US"},{"@type":"Organization","@id":"https:\/\/eladd.org\/en\/#organization","name":"Eladd En","url":"https:\/\/eladd.org\/en\/","logo":{"@type":"ImageObject","inLanguage":"en-US","@id":"https:\/\/eladd.org\/en\/#\/schema\/logo\/image\/","url":"https:\/\/eladd.org\/en\/wp-content\/uploads\/sites\/2\/2025\/07\/logo-eladd.png","contentUrl":"https:\/\/eladd.org\/en\/wp-content\/uploads\/sites\/2\/2025\/07\/logo-eladd.png","width":324,"height":77,"caption":"Eladd En"},"image":{"@id":"https:\/\/eladd.org\/en\/#\/schema\/logo\/image\/"}}]}},"_links":{"self":[{"href":"https:\/\/eladd.org\/en\/wp-json\/wp\/v2\/pages\/448","targetHints":{"allow":["GET"]}}],"collection":[{"href":"https:\/\/eladd.org\/en\/wp-json\/wp\/v2\/pages"}],"about":[{"href":"https:\/\/eladd.org\/en\/wp-json\/wp\/v2\/types\/page"}],"author":[{"embeddable":true,"href":"https:\/\/eladd.org\/en\/wp-json\/wp\/v2\/users\/3"}],"replies":[{"embeddable":true,"href":"https:\/\/eladd.org\/en\/wp-json\/wp\/v2\/comments?post=448"}],"version-history":[{"count":4,"href":"https:\/\/eladd.org\/en\/wp-json\/wp\/v2\/pages\/448\/revisions"}],"predecessor-version":[{"id":24821,"href":"https:\/\/eladd.org\/en\/wp-json\/wp\/v2\/pages\/448\/revisions\/24821"}],"up":[{"embeddable":true,"href":"https:\/\/eladd.org\/en\/wp-json\/wp\/v2\/pages\/98"}],"wp:attachment":[{"href":"https:\/\/eladd.org\/en\/wp-json\/wp\/v2\/media?parent=448"}],"curies":[{"name":"wp","href":"https:\/\/api.w.org\/{rel}","templated":true}]}}