{"id":459,"date":"2015-03-15T15:52:06","date_gmt":"2015-03-15T15:52:06","guid":{"rendered":"https:\/\/eladd.org\/en\/?page_id=459"},"modified":"2025-11-12T03:52:04","modified_gmt":"2025-11-12T03:52:04","slug":"ester-tapia-de-castellanos","status":"publish","type":"page","link":"https:\/\/eladd.org\/en\/other-authors\/ester-tapia-de-castellanos\/","title":{"rendered":"Ester Tapia de Castellanos"},"content":{"rendered":"<div class=\"wpb-content-wrapper\">[vc_row full_width=&#8221;stretch_row&#8221; tablet_fullwidth_cols=&#8221;&#8221; bg_style=&#8221;repeat&#8221; css=&#8221;.vc_custom_1762919506290{background-position: 0 0 !important;background-repeat: repeat !important;}&#8221;][vc_column][vc_column_text el_class=&#8221;autoras__titulo&#8221;]\n<h2 style=\"text-align: center;\">Ester Tapia de Castellanos<\/h2>\n<p style=\"text-align: center;\">(1842-1897)<br \/>\n<img loading=\"lazy\" decoding=\"async\" class=\"size-full wp-image-1816 aligncenter\" src=\"\/\/eladd.org\/wp-content\/uploads\/2015\/09\/icon-space.png\" alt=\"icon-space\" width=\"150\" height=\"8\" \/>[\/vc_column_text][\/vc_column][\/vc_row][vc_row full_width=&#8221;stretch_row&#8221; el_id=&#8221;cuerpo&#8221; css=&#8221;.vc_custom_1762919514380{background-position: center !important;background-repeat: no-repeat !important;background-size: cover !important;}&#8221;][vc_column][vc_column_text el_class=&#8221;autoras__texto&#8221;]<strong>Ester Tapia de Castellanos (Mexico, 1842-1897)<br \/>\n<\/strong><\/p>\n<p>Also known as: Esther Tapia de Castellanos, Ester Tapia<\/p>\n<p><img loading=\"lazy\" decoding=\"async\" class=\"size-full wp-image-1501 alignright\" src=\"https:\/\/eladd.org\/wp-content\/uploads\/2015\/03\/Untitled2.png\" alt=\"Untitled\" width=\"158\" height=\"238\" \/><strong>Author\u2019s Works: Original and Edited (Works are listed in chronological order)<\/strong><\/p>\n<p>(1871). <em>Flores Silvestres: composiciones po\u00e9ticas<\/em>. M\u00e9xico, D.F.: Imprenta de I. Cumplido.<\/p>\n<p>(1881). <em>Los c\u00e1nticos de los ni\u00f1os<\/em>. M\u00e9xico: Dionisio Rodr\u00edguez.<\/p>\n<p>(1905). <em>Obras po\u00e9ticas<\/em>. Guadalajara, M\u00e9xico: Luis G. Gonz\u00e1lez.<\/p>\n<p><strong>Critical Works (Reference Materials, Books, Book Chapters, Journal Articles, Encyclopedias, Theses\/Dissertations, Media and Internet Sources)<\/strong><\/p>\n<p>Adams, Jerome R. <em>Notable Latin American Women, Twenty-Nine Leaders, Rebel, Poets, Battlers and Spies, 1500-1900<\/em>. North Carolina: McFarland and Company, 1995. 171-72.<\/p>\n<p>Franco, Jean. <em>Plotting Women: Gender and Representation in Mexico<\/em>. New York: Columbia University Press, 1989. 99.<\/p>\n<p>Gonz\u00e1lez Casillas, Magdalena. <em>Historia de la literatura jalisciense en el siglo XIX<\/em>. Guadalajara: Gobierno de Jalisco, 1987. 279-94.<\/p>\n<p>Narvaez-Luna, Elizabeth. &#8220;&#8216;Materia memorable&#8217;: hacia una revisi\u00f3n de la poes\u00eda de mujeres en M\u00e9xico durante el siglo XIX&#8221;. Diss. U. of Illinois at Urbana-Champaign, 2006. Ann Arbor: UMI, 2006. 28-55.<br \/>\n<img loading=\"lazy\" decoding=\"async\" class=\"aligncenter size-full wp-image-608\" src=\"https:\/\/eladd.org\/wp-content\/uploads\/2014\/02\/logo-footer-2.png\" alt=\"logo-footer-2\" width=\"260\" height=\"70\" \/>[\/vc_column_text][vc_single_image image=&#8221;660&#8243; alignment=&#8221;center&#8221; css=&#8221;.vc_custom_1446670823436{margin-top: 35px !important;}&#8221;][\/vc_column][\/vc_row]\n<\/div>","protected":false},"excerpt":{"rendered":"<p>[vc_row full_width=&rdquo;stretch_row&rdquo; tablet_fullwidth_cols=&rdquo;&rdquo; bg_style=&rdquo;repeat&rdquo; css=&rdquo;.vc_custom_1762919506290{background-position: 0 0 !important;background-repeat: repeat !important;}&rdquo;][vc_column][vc_column_text el_class=&rdquo;autoras__titulo&rdquo;] Ester Tapia de Castellanos (1842-1897) [\/vc_column_text][\/vc_column][\/vc_row][vc_row full_width=&rdquo;stretch_row&rdquo; el_id=&rdquo;cuerpo&rdquo; css=&rdquo;.vc_custom_1762919514380{background-position: center !important;background-repeat: no-repeat !important;background-size: cover !important;}&rdquo;][vc_column][vc_column_text el_class=&rdquo;autoras__texto&rdquo;]Ester Tapia de Castellanos (Mexico, 1842-1897) Also known as: Esther Tapia de Castellanos, Ester&hellip;<\/p>\n","protected":false},"author":3,"featured_media":0,"parent":98,"menu_order":0,"comment_status":"closed","ping_status":"closed","template":"","meta":{"footnotes":""},"class_list":["post-459","page","type-page","status-publish","hentry","entry","no-media"],"yoast_head":"<!-- This site is optimized with the Yoast SEO plugin v26.1.1 - https:\/\/yoast.com\/wordpress\/plugins\/seo\/ -->\n<title>Ester Tapia de Castellanos - Eladd En<\/title>\n<meta name=\"robots\" content=\"index, follow, max-snippet:-1, max-image-preview:large, max-video-preview:-1\" \/>\n<link rel=\"canonical\" href=\"https:\/\/eladd.org\/en\/other-authors\/ester-tapia-de-castellanos\/\" \/>\n<meta property=\"og:locale\" content=\"en_US\" \/>\n<meta property=\"og:type\" content=\"article\" \/>\n<meta property=\"og:title\" content=\"Ester Tapia de Castellanos - Eladd En\" \/>\n<meta property=\"og:description\" content=\"[vc_row full_width=&rdquo;stretch_row&rdquo; tablet_fullwidth_cols=&rdquo;&rdquo; bg_style=&rdquo;repeat&rdquo; css=&rdquo;.vc_custom_1762919506290{background-position: 0 0 !important;background-repeat: repeat !important;}&rdquo;][vc_column][vc_column_text el_class=&rdquo;autoras__titulo&rdquo;] Ester Tapia de Castellanos (1842-1897) [\/vc_column_text][\/vc_column][\/vc_row][vc_row full_width=&rdquo;stretch_row&rdquo; el_id=&rdquo;cuerpo&rdquo; css=&rdquo;.vc_custom_1762919514380{background-position: center !important;background-repeat: no-repeat !important;background-size: cover !important;}&rdquo;][vc_column][vc_column_text el_class=&rdquo;autoras__texto&rdquo;]Ester Tapia de Castellanos (Mexico, 1842-1897) Also known as: Esther Tapia de Castellanos, Ester&hellip;\" \/>\n<meta property=\"og:url\" content=\"https:\/\/eladd.org\/en\/other-authors\/ester-tapia-de-castellanos\/\" \/>\n<meta property=\"og:site_name\" content=\"Eladd En\" \/>\n<meta property=\"article:modified_time\" content=\"2025-11-12T03:52:04+00:00\" \/>\n<meta property=\"og:image\" content=\"https:\/\/eladd.org\/wp-content\/uploads\/2015\/03\/Untitled2.png\" \/>\n<meta name=\"twitter:card\" content=\"summary_large_image\" \/>\n<meta name=\"twitter:label1\" content=\"Est. reading time\" \/>\n\t<meta name=\"twitter:data1\" content=\"1 minute\" \/>\n<script type=\"application\/ld+json\" class=\"yoast-schema-graph\">{\"@context\":\"https:\/\/schema.org\",\"@graph\":[{\"@type\":\"WebPage\",\"@id\":\"https:\/\/eladd.org\/en\/other-authors\/ester-tapia-de-castellanos\/\",\"url\":\"https:\/\/eladd.org\/en\/other-authors\/ester-tapia-de-castellanos\/\",\"name\":\"Ester Tapia de Castellanos - Eladd En\",\"isPartOf\":{\"@id\":\"https:\/\/eladd.org\/en\/#website\"},\"primaryImageOfPage\":{\"@id\":\"https:\/\/eladd.org\/en\/other-authors\/ester-tapia-de-castellanos\/#primaryimage\"},\"image\":{\"@id\":\"https:\/\/eladd.org\/en\/other-authors\/ester-tapia-de-castellanos\/#primaryimage\"},\"thumbnailUrl\":\"https:\/\/eladd.org\/wp-content\/uploads\/2015\/03\/Untitled2.png\",\"datePublished\":\"2015-03-15T15:52:06+00:00\",\"dateModified\":\"2025-11-12T03:52:04+00:00\",\"breadcrumb\":{\"@id\":\"https:\/\/eladd.org\/en\/other-authors\/ester-tapia-de-castellanos\/#breadcrumb\"},\"inLanguage\":\"en-US\",\"potentialAction\":[{\"@type\":\"ReadAction\",\"target\":[\"https:\/\/eladd.org\/en\/other-authors\/ester-tapia-de-castellanos\/\"]}]},{\"@type\":\"ImageObject\",\"inLanguage\":\"en-US\",\"@id\":\"https:\/\/eladd.org\/en\/other-authors\/ester-tapia-de-castellanos\/#primaryimage\",\"url\":\"https:\/\/eladd.org\/wp-content\/uploads\/2015\/03\/Untitled2.png\",\"contentUrl\":\"https:\/\/eladd.org\/wp-content\/uploads\/2015\/03\/Untitled2.png\"},{\"@type\":\"BreadcrumbList\",\"@id\":\"https:\/\/eladd.org\/en\/other-authors\/ester-tapia-de-castellanos\/#breadcrumb\",\"itemListElement\":[{\"@type\":\"ListItem\",\"position\":1,\"name\":\"Home\",\"item\":\"https:\/\/eladd.org\/en\/\"},{\"@type\":\"ListItem\",\"position\":2,\"name\":\"Other Authors\",\"item\":\"https:\/\/eladd.org\/en\/other-authors\/\"},{\"@type\":\"ListItem\",\"position\":3,\"name\":\"Ester Tapia de Castellanos\"}]},{\"@type\":\"WebSite\",\"@id\":\"https:\/\/eladd.org\/en\/#website\",\"url\":\"https:\/\/eladd.org\/en\/\",\"name\":\"Eladd En\",\"description\":\"Ninteenth-Century Latin American Women Writers\",\"publisher\":{\"@id\":\"https:\/\/eladd.org\/en\/#organization\"},\"potentialAction\":[{\"@type\":\"SearchAction\",\"target\":{\"@type\":\"EntryPoint\",\"urlTemplate\":\"https:\/\/eladd.org\/en\/?s={search_term_string}\"},\"query-input\":{\"@type\":\"PropertyValueSpecification\",\"valueRequired\":true,\"valueName\":\"search_term_string\"}}],\"inLanguage\":\"en-US\"},{\"@type\":\"Organization\",\"@id\":\"https:\/\/eladd.org\/en\/#organization\",\"name\":\"Eladd En\",\"url\":\"https:\/\/eladd.org\/en\/\",\"logo\":{\"@type\":\"ImageObject\",\"inLanguage\":\"en-US\",\"@id\":\"https:\/\/eladd.org\/en\/#\/schema\/logo\/image\/\",\"url\":\"https:\/\/eladd.org\/en\/wp-content\/uploads\/sites\/2\/2025\/07\/logo-eladd.png\",\"contentUrl\":\"https:\/\/eladd.org\/en\/wp-content\/uploads\/sites\/2\/2025\/07\/logo-eladd.png\",\"width\":324,\"height\":77,\"caption\":\"Eladd En\"},\"image\":{\"@id\":\"https:\/\/eladd.org\/en\/#\/schema\/logo\/image\/\"}}]}<\/script>\n<!-- \/ Yoast SEO plugin. -->","yoast_head_json":{"title":"Ester Tapia de Castellanos - Eladd En","robots":{"index":"index","follow":"follow","max-snippet":"max-snippet:-1","max-image-preview":"max-image-preview:large","max-video-preview":"max-video-preview:-1"},"canonical":"https:\/\/eladd.org\/en\/other-authors\/ester-tapia-de-castellanos\/","og_locale":"en_US","og_type":"article","og_title":"Ester Tapia de Castellanos - Eladd En","og_description":"[vc_row full_width=&rdquo;stretch_row&rdquo; tablet_fullwidth_cols=&rdquo;&rdquo; bg_style=&rdquo;repeat&rdquo; css=&rdquo;.vc_custom_1762919506290{background-position: 0 0 !important;background-repeat: repeat !important;}&rdquo;][vc_column][vc_column_text el_class=&rdquo;autoras__titulo&rdquo;] Ester Tapia de Castellanos (1842-1897) [\/vc_column_text][\/vc_column][\/vc_row][vc_row full_width=&rdquo;stretch_row&rdquo; el_id=&rdquo;cuerpo&rdquo; css=&rdquo;.vc_custom_1762919514380{background-position: center !important;background-repeat: no-repeat !important;background-size: cover !important;}&rdquo;][vc_column][vc_column_text el_class=&rdquo;autoras__texto&rdquo;]Ester Tapia de Castellanos (Mexico, 1842-1897) Also known as: Esther Tapia de Castellanos, Ester&hellip;","og_url":"https:\/\/eladd.org\/en\/other-authors\/ester-tapia-de-castellanos\/","og_site_name":"Eladd En","article_modified_time":"2025-11-12T03:52:04+00:00","og_image":[{"url":"https:\/\/eladd.org\/wp-content\/uploads\/2015\/03\/Untitled2.png","type":"","width":"","height":""}],"twitter_card":"summary_large_image","twitter_misc":{"Est. reading time":"1 minute"},"schema":{"@context":"https:\/\/schema.org","@graph":[{"@type":"WebPage","@id":"https:\/\/eladd.org\/en\/other-authors\/ester-tapia-de-castellanos\/","url":"https:\/\/eladd.org\/en\/other-authors\/ester-tapia-de-castellanos\/","name":"Ester Tapia de Castellanos - Eladd En","isPartOf":{"@id":"https:\/\/eladd.org\/en\/#website"},"primaryImageOfPage":{"@id":"https:\/\/eladd.org\/en\/other-authors\/ester-tapia-de-castellanos\/#primaryimage"},"image":{"@id":"https:\/\/eladd.org\/en\/other-authors\/ester-tapia-de-castellanos\/#primaryimage"},"thumbnailUrl":"https:\/\/eladd.org\/wp-content\/uploads\/2015\/03\/Untitled2.png","datePublished":"2015-03-15T15:52:06+00:00","dateModified":"2025-11-12T03:52:04+00:00","breadcrumb":{"@id":"https:\/\/eladd.org\/en\/other-authors\/ester-tapia-de-castellanos\/#breadcrumb"},"inLanguage":"en-US","potentialAction":[{"@type":"ReadAction","target":["https:\/\/eladd.org\/en\/other-authors\/ester-tapia-de-castellanos\/"]}]},{"@type":"ImageObject","inLanguage":"en-US","@id":"https:\/\/eladd.org\/en\/other-authors\/ester-tapia-de-castellanos\/#primaryimage","url":"https:\/\/eladd.org\/wp-content\/uploads\/2015\/03\/Untitled2.png","contentUrl":"https:\/\/eladd.org\/wp-content\/uploads\/2015\/03\/Untitled2.png"},{"@type":"BreadcrumbList","@id":"https:\/\/eladd.org\/en\/other-authors\/ester-tapia-de-castellanos\/#breadcrumb","itemListElement":[{"@type":"ListItem","position":1,"name":"Home","item":"https:\/\/eladd.org\/en\/"},{"@type":"ListItem","position":2,"name":"Other Authors","item":"https:\/\/eladd.org\/en\/other-authors\/"},{"@type":"ListItem","position":3,"name":"Ester Tapia de Castellanos"}]},{"@type":"WebSite","@id":"https:\/\/eladd.org\/en\/#website","url":"https:\/\/eladd.org\/en\/","name":"Eladd En","description":"Ninteenth-Century Latin American Women Writers","publisher":{"@id":"https:\/\/eladd.org\/en\/#organization"},"potentialAction":[{"@type":"SearchAction","target":{"@type":"EntryPoint","urlTemplate":"https:\/\/eladd.org\/en\/?s={search_term_string}"},"query-input":{"@type":"PropertyValueSpecification","valueRequired":true,"valueName":"search_term_string"}}],"inLanguage":"en-US"},{"@type":"Organization","@id":"https:\/\/eladd.org\/en\/#organization","name":"Eladd En","url":"https:\/\/eladd.org\/en\/","logo":{"@type":"ImageObject","inLanguage":"en-US","@id":"https:\/\/eladd.org\/en\/#\/schema\/logo\/image\/","url":"https:\/\/eladd.org\/en\/wp-content\/uploads\/sites\/2\/2025\/07\/logo-eladd.png","contentUrl":"https:\/\/eladd.org\/en\/wp-content\/uploads\/sites\/2\/2025\/07\/logo-eladd.png","width":324,"height":77,"caption":"Eladd En"},"image":{"@id":"https:\/\/eladd.org\/en\/#\/schema\/logo\/image\/"}}]}},"_links":{"self":[{"href":"https:\/\/eladd.org\/en\/wp-json\/wp\/v2\/pages\/459","targetHints":{"allow":["GET"]}}],"collection":[{"href":"https:\/\/eladd.org\/en\/wp-json\/wp\/v2\/pages"}],"about":[{"href":"https:\/\/eladd.org\/en\/wp-json\/wp\/v2\/types\/page"}],"author":[{"embeddable":true,"href":"https:\/\/eladd.org\/en\/wp-json\/wp\/v2\/users\/3"}],"replies":[{"embeddable":true,"href":"https:\/\/eladd.org\/en\/wp-json\/wp\/v2\/comments?post=459"}],"version-history":[{"count":7,"href":"https:\/\/eladd.org\/en\/wp-json\/wp\/v2\/pages\/459\/revisions"}],"predecessor-version":[{"id":24825,"href":"https:\/\/eladd.org\/en\/wp-json\/wp\/v2\/pages\/459\/revisions\/24825"}],"up":[{"embeddable":true,"href":"https:\/\/eladd.org\/en\/wp-json\/wp\/v2\/pages\/98"}],"wp:attachment":[{"href":"https:\/\/eladd.org\/en\/wp-json\/wp\/v2\/media?parent=459"}],"curies":[{"name":"wp","href":"https:\/\/api.w.org\/{rel}","templated":true}]}}