{"id":464,"date":"2015-03-15T15:55:18","date_gmt":"2015-03-15T15:55:18","guid":{"rendered":"https:\/\/eladd.org\/en\/?page_id=464"},"modified":"2025-11-12T03:52:35","modified_gmt":"2025-11-12T03:52:35","slug":"salome-urena-diaz","status":"publish","type":"page","link":"https:\/\/eladd.org\/en\/other-authors\/salome-urena-diaz\/","title":{"rendered":"Salom\u00e9 Ure\u00f1a D\u00edaz"},"content":{"rendered":"<div class=\"wpb-content-wrapper\">[vc_row full_width=&#8221;stretch_row&#8221; tablet_fullwidth_cols=&#8221;&#8221; bg_style=&#8221;repeat&#8221; css=&#8221;.vc_custom_1762919541516{background-position: 0 0 !important;background-repeat: repeat !important;}&#8221;][vc_column][vc_column_text el_class=&#8221;autoras__titulo&#8221;]\n<h2 style=\"text-align: center;\">Salom\u00e9 Ure\u00f1a (D\u00edaz) de Henr\u00edquez<\/h2>\n<p style=\"text-align: center;\">(1850-1897)<br \/>\n<img loading=\"lazy\" decoding=\"async\" class=\"size-full wp-image-1816 aligncenter\" src=\"\/\/eladd.org\/wp-content\/uploads\/2015\/09\/icon-space.png\" alt=\"icon-space\" width=\"150\" height=\"8\" \/>[\/vc_column_text][\/vc_column][\/vc_row][vc_row full_width=&#8221;stretch_row&#8221; el_id=&#8221;cuerpo&#8221; css=&#8221;.vc_custom_1762919548627{background-position: center !important;background-repeat: no-repeat !important;background-size: cover !important;}&#8221;][vc_column][vc_column_text el_class=&#8221;autoras__texto&#8221;]<strong>Salom\u00e9 Ure\u00f1a D\u00edaz (Rep\u00fablica Dominicana) (1850-1897)<br \/>\nAlso known as: Salom\u00e9 Ure\u00f1a de Henr\u00edquez\/ Salom\u00e9 Ure\u00f1a<br \/>\nPseudonym: Herminia <\/strong><\/p>\n<p>&nbsp;<\/p>\n<p><img loading=\"lazy\" decoding=\"async\" class=\"align left size-full wp-image-914 alignright\" src=\"https:\/\/eladd.org\/wp-content\/uploads\/2015\/02\/salome.png\" alt=\"salome\" width=\"229\" height=\"275\" \/><\/p>\n<p><strong>Author\u2019s Works: Original and Edited (Works are listed in chronological order)<\/strong><\/p>\n<p>(1880). <em>Poes\u00edas<\/em>. Santo Domingo: Sociedad Amigos del Pa\u00eds.<\/p>\n<p>(1920). <em>Poes\u00edas escogidas<\/em>. pr\u00f3l. Pedro Henr\u00edquez Ure\u00f1a. Madrid: n.p.<\/p>\n<p>&#8212;, prol. Pedro Henr\u00edquez Ure\u00f1a. Ciudad Trujillo: Librer\u00eda Dominicana, 1960.<\/p>\n<p>(1921). \u201cObservaciones sobre el espa\u00f1ol de Am\u00e9rica.\u201d <em>Revista de filolog\u00eda espa\u00f1ola<\/em> 8, 357-390.<\/p>\n<p>(1950). <em>Poes\u00edas completas: Edici\u00f3n conmemorativa del centenario de su nacimiento, 1850-1950<\/em>. pr\u00f3l. Joaqu\u00edn Balaguer. Ciudad Trujillo: Impresora Dominicana.<\/p>\n<p>&#8212;, pr\u00f3l. Joaqu\u00edn Balaguer. Santo Domingo: Publicaciones ONAP, 1985.<\/p>\n<p>&#8212;, pr\u00f3l. Di\u00f3genes C\u00e9spedes. Santo Domingo: Ediciones de la Fundaci\u00f3n Corripio, Inc., 1989.<\/p>\n<p>(1953). \u201cP\u00e1ginas literarias Salom\u00e9 Ure\u00f1a de Henr\u00edquez (Ruinas, Melancol\u00eda, Vespertina, Mi Pedro).\u201d <em>Revista Hisp\u00e1nica Moderna<\/em> 19.1\/4, 373-79.<\/p>\n<p>(1954). \u201cBreve historia del modernismo.\u201d M\u00e9xico: Fondo de Cultura Econ\u00f3mica 2, 318.<\/p>\n<p>(1969). <em>Poes\u00eda dominicana<\/em>. pr\u00f3l. Pedro Ren\u00e9 Cot\u00edn Aybar. Santo Domingo: Julio D. Postigo, 22-25.<\/p>\n<p>(2007). <em>Cantos de la patria<\/em>. Alexandria: Alexander Street Press. Web.<\/p>\n<p><strong>Critical Works (Reference Materials, Books, Book Chapters, Journal Articles, Encyclopedias, Theses\/Dissertations, Media and Internet Sources)<\/strong><\/p>\n<p>Aguiar, Mercedes Laura. <em>Labor Educadora de Salom\u00e9 Ure\u00f1a de Henr\u00edquez<\/em>. Ciudad Trujillo:Editora del Caribe, C. por A., 1951.<\/p>\n<p>Alc\u00e1ntara Alm\u00e1nzar, Jos\u00e9. <em>Los escritores dominicanos y la cultura<\/em>. Santo Domingo: Instituto Tecnol\u00f3gico de Santo Domingo, 1990. 62, 107, 176.<\/p>\n<p>&#8212;. <em>Estudios de poes\u00eda dominicana<\/em>. Santo Domingo: Alfa y Omega, 1979. 51-71.<\/p>\n<p>&#8212;. <em>Narrativa y sociedad en Hispanoam\u00e9rica<\/em>. Santo Domingo: Instituto Tecnol\u00f3gico de Santo Domingo, 1984. 12-16, 21-24.<\/p>\n<p>Alvarez, Julia. <em>In the Name of Salom\u00e9<\/em>. New York: Plume, 2001.<\/p>\n<p>Arregui, Mariv\u00ed. \u201cTrayectoria del pensamiento feminista en la Rep\u00fablica Dominicana.\u201d <em>Ciencia y sociedad<\/em> 13.1 (1988): 9-17.<\/p>\n<p>B\u00e1ez D\u00edaz, Tom\u00e1s. <em>La mujer dominicana<\/em>. Santo Domingo: Editora Educativa Dominicana, 1980. 60-66.<\/p>\n<p>Balaguer, Joaqu\u00edn. <em>Historia de la literatura dominicana<\/em>. Buenos Aires: Editorial Liberia dominicana, 1958. 113, 117-18, 125-128, 130-139, 143-149.<\/p>\n<p>&#8212;. <em>Literatura dominicana<\/em>. Buenos Aires: Editorial Am\u00e9ricalee, 1950. 303-51.<\/p>\n<p>Cass\u00e1, Roberto. <em>Salom\u00e9 Ure\u00f1a. mujer total<\/em>. Santo Domingo: Tobogan, 2002.<\/p>\n<p>Castro Ventura, Santiago. <em>Salom\u00e9 Ure\u00f1a: jornada fecunda<\/em>. Santo Domingo: Editora de Colores, S.A.,1998.<\/p>\n<p>C\u00e9spedes, Di\u00f3genes. <em>Salom\u00e9 Ure\u00f1a y Hostos<\/em>. Santo Domingo: Secretar\u00eda de Estado de Cultura, 2002.<\/p>\n<p>Cocco de Filippis, Daisy. ed. \u201cLa mujer dominicana y el quehacer literario.\u201d <em>Diario la Prensa<\/em> 3.1 (1987): B8-B9.<\/p>\n<p>Colberg, Carmen Elisa. <em>Esquema hist\u00f3rico-biogr\u00e1fico de la literatura antillana femenina en el siglo XIX<\/em>. Diss. U of North Carolina at Chapel Hill. 1989. Ann Arbor: UMI, 1989. 58-62.<\/p>\n<p>Collazo, Ivelisse. <em>Develando memorias olvidadas: el ensayo feminista caribe\u00f1o durante el siglo XIX y principios del XX<\/em>. Diss. Florida State University, 2010. Ann Arbor: UMI, 2010. 1-153.<\/p>\n<p>Cont\u00edn Aybar, Nestor. \u201cSalom\u00e9 Ure\u00f1a de Henr\u00edquez.\u201d <em>Historia de la literatura dominicana II<\/em>. San Pedro de Macor\u00eds: Universidad Central del Este, 1983. 82-87.<\/p>\n<p>Deligne, Rafael A. \u201cSolom\u00e9 Ure\u00f1a.\u201d <em>El Cable<\/em> (San Pedro de Macor\u00eds): 1893.<\/p>\n<p>Echols, John Kyle. <em>Indianism: The Construction of the Image of Indigenous Peoples in Nineteenth-Century Mexican, Peruvian, and Dominican Literature<\/em>. Diss. U of Wisconsin, 1998. Arbor: UMI, 1998. 116-26.<\/p>\n<p>Esquenazi Mayo, Roberto. \u201cSalom\u00e9 Ure\u00f1a, poetisa y educadora.\u201d <em>Revista Bimestre Cubana <\/em>67 (1951): 115-26.<\/p>\n<p>Gimbernat Gonz\u00e1lez, Ester. \u201cSalom\u00e9 Ure\u00f1a, Patriota y letrada.\u201d <em>La voz de la mujer en la literatura hispanoamericana fin-de-siglo<\/em>. Ed. Luis Jim\u00e9nez. San Jos\u00e9: Editorial de la Universidad de Costa Rica, 1999. 101-14.<\/p>\n<p>Henr\u00edquez Ure\u00f1a, Max. <em>Panorama hist\u00f3rico de la literatura dominicana<\/em>. Vol. 2. Rio de Janeiro: n.p., 1942.176-215.<\/p>\n<p>Herrera, C\u00e9sar A. <em>La poes\u00eda de Salom\u00e9 Ure\u00f1a en su funci\u00f3n social y patri\u00f3tica<\/em>. Ciudad Trujillo: Impresora Dominicana, C. Por A., 1951.<\/p>\n<p>Izquierdo, Rene Cristobal. <em>\u201cAnacaona\u201d de Salom\u00e9 Ure\u00f1a de Henr\u00edquez, poema \u00e9pico sobre la conquista de Am\u00e9rica: un an\u00e1lisis estil\u00edstico y tem\u00e1tico<\/em>. Diss. U of New York, 1991. Ann Arbor: UMI, 1991.<\/p>\n<p>Jaime Julia, Julio. <em>Las disc\u00edpulas de Salom\u00e9 Ure\u00f1a escriben<\/em>. Rep\u00fablica Dominicana: Editorial Ciguapa, 2001.<\/p>\n<p>Jim\u00e9nez Gonzalez, Antonio. <em>Salom\u00e9 Ure\u00f1a de Henr\u00edquez: mujer que supera a su \u00e9poca<\/em>. Santo Domingo: PUCMM-RSTA, 1990.<\/p>\n<p>Lamb, Ruth S. \u201cLa poes\u00eda de Salom\u00e9 Ure\u00f1a de Henr\u00edquez.\u201d <em>Revista Iberoamericana <\/em>22 (1975): 345-51.<\/p>\n<p>Mart\u00ednez, Rufino. <em>Diccionario biogr\u00e1fico-hist\u00f3rico dominicano 1821-1930<\/em>. Santo Domingo: Editora de la Universidad Aut\u00f3noma de Sano Domingo. 494.<\/p>\n<p>Marting, Diane E. <em>Spanish American Women Writers: A Bio-Bibliographical Source Book<\/em>. New York: Greenwood Press, 1990. 522-31.<\/p>\n<p>Nolasco, Fl\u00e9rida de. \u201cEstudio de la obra po\u00e9tica de Salom\u00e9 Ure\u00f1a de Henr\u00edquez.\u201d <em>Revista Lyceum<\/em> 25 (1951): 12-13.<\/p>\n<p>P\u00e9rez, Calos Federico. \u201cSalom\u00e9 Ure\u00f1a y la culminaci\u00f3n de la influencia neocl\u00e1sica.\u201d <em>Evoluci\u00f3n po\u00e9tica dominicana<\/em>. Buenos Aires: Editorial Poblet, 1956. 129-44.<\/p>\n<p>Puello, Ana J. \u201cLa educaci\u00f3n de la mujer. Tesis presentada por las graduandas y le\u00edda por la Srta. Ana J. Puello.\u201d 17 de abril de 1887. Salom\u00e9 Ure\u00f1a y el Instituto de Se\u00f1oritas. Ed. Emilio Rodr\u00edguez Demorizi. Ciudad Trujillo: Impresora Dominicana, 1960. 156-60.<\/p>\n<p>Ramirez, Dixa. <em>Dominicanas Presentes: Gender, Migration, and History\u2019s Legacy in Dominican Literature<\/em>. Diss. U of California, San Diego, 2011. Ann Arbor: UMI, 2011. 1-231.<\/p>\n<p>Rodr\u00edguez Demorizi, Emilio. <em>Salom\u00e9 Ure\u00f1a y el Instituto de Se\u00f1oritas: para la historia de la espiritualidad dominicana<\/em>. Ciudad Trujillo: Impresora Dominicana, 1960.<\/p>\n<p>Rodr\u00edguez Demorizi, Silveria. <em>Salom\u00e9 Ure\u00f1a de Henr\u00edquez<\/em>. Santo Domingo: Taller, 1984.<\/p>\n<p>Ryan, Marveta Makeba. <em>Race, Culture, and Nation in Late Nineteeth-Century Poetry from the Dominican Republic<\/em>. Diss. Harvard U, 1999. Ann Arbor: UMI, 1999. 148-78.<\/p>\n<p>Valledeperes, Manuel. \u201cSalom\u00e9 Urena, poetisa y maestra.\u201d <em>Revista Interamericana de Bibliogr\u00e1fica<\/em> 19 (1969):23-38.<\/p>\n<p>Vallejo, Catharina. \u201cLo personal y lo patri\u00f3tico en la obra de Salom\u00e9 Ure\u00f1a de Henr\u00edquez: los m\u00e1rgenes productivos de sujeto po\u00e9tico.\u201d <em>Mujeres latinoamericanas: historia y cultura, siglos XVI al XIX<\/em>. Tomo III. Ed. Luisa Campuzano. La Habana\/M\u00e9xico: Casa de las Am\u00e9ricas\/UNAM-Iztapalapa, 1997. 307-13.<\/p>\n<p>Vicioso, Chiqui. \u201cSalom\u00e9 Ure\u00f1a a 134 octubres: una desmitificaci\u00f3n necesaria.\u201d <em>El Nuevo Dar\u00edo<\/em> (Oct. 10 1984): 9.<\/p>\n<p>&#8212;<em>Salom\u00e9 Ure\u00f1a de Henr\u00edquez (1850-1897): A cien a\u00f1os de un magisterio<\/em>. Santo Domingo: Editora de Colores, 1997.<\/p>\n<p>&nbsp;<\/p>\n<p><img loading=\"lazy\" decoding=\"async\" class=\"aligncenter size-full wp-image-608\" src=\"https:\/\/eladd.org\/wp-content\/uploads\/2014\/02\/logo-footer-2.png\" alt=\"logo-footer-2\" width=\"260\" height=\"70\" \/>[\/vc_column_text][vc_single_image image=&#8221;660&#8243; alignment=&#8221;center&#8221; css=&#8221;.vc_custom_1446670823436{margin-top: 35px !important;}&#8221;][\/vc_column][\/vc_row]\n<\/div>","protected":false},"excerpt":{"rendered":"<p>[vc_row full_width=&rdquo;stretch_row&rdquo; tablet_fullwidth_cols=&rdquo;&rdquo; bg_style=&rdquo;repeat&rdquo; css=&rdquo;.vc_custom_1762919541516{background-position: 0 0 !important;background-repeat: repeat !important;}&rdquo;][vc_column][vc_column_text el_class=&rdquo;autoras__titulo&rdquo;] Salom&eacute; Ure&ntilde;a (D&iacute;az) de Henr&iacute;quez (1850-1897) [\/vc_column_text][\/vc_column][\/vc_row][vc_row full_width=&rdquo;stretch_row&rdquo; el_id=&rdquo;cuerpo&rdquo; css=&rdquo;.vc_custom_1762919548627{background-position: center !important;background-repeat: no-repeat !important;background-size: cover !important;}&rdquo;][vc_column][vc_column_text el_class=&rdquo;autoras__texto&rdquo;]Salom&eacute; Ure&ntilde;a D&iacute;az (Rep&uacute;blica Dominicana) (1850-1897) Also known as: Salom&eacute; Ure&ntilde;a de Henr&iacute;quez\/&hellip;<\/p>\n","protected":false},"author":3,"featured_media":0,"parent":98,"menu_order":0,"comment_status":"closed","ping_status":"closed","template":"","meta":{"footnotes":""},"class_list":["post-464","page","type-page","status-publish","hentry","entry","no-media"],"yoast_head":"<!-- This site is optimized with the Yoast SEO plugin v26.1.1 - https:\/\/yoast.com\/wordpress\/plugins\/seo\/ -->\n<title>Salom\u00e9 Ure\u00f1a D\u00edaz - Eladd En<\/title>\n<meta name=\"robots\" content=\"index, follow, max-snippet:-1, max-image-preview:large, max-video-preview:-1\" \/>\n<link rel=\"canonical\" href=\"https:\/\/eladd.org\/en\/other-authors\/salome-urena-diaz\/\" \/>\n<meta property=\"og:locale\" content=\"en_US\" \/>\n<meta property=\"og:type\" content=\"article\" \/>\n<meta property=\"og:title\" content=\"Salom\u00e9 Ure\u00f1a D\u00edaz - Eladd En\" \/>\n<meta property=\"og:description\" content=\"[vc_row full_width=&rdquo;stretch_row&rdquo; tablet_fullwidth_cols=&rdquo;&rdquo; bg_style=&rdquo;repeat&rdquo; css=&rdquo;.vc_custom_1762919541516{background-position: 0 0 !important;background-repeat: repeat !important;}&rdquo;][vc_column][vc_column_text el_class=&rdquo;autoras__titulo&rdquo;] Salom&eacute; Ure&ntilde;a (D&iacute;az) de Henr&iacute;quez (1850-1897) [\/vc_column_text][\/vc_column][\/vc_row][vc_row full_width=&rdquo;stretch_row&rdquo; el_id=&rdquo;cuerpo&rdquo; css=&rdquo;.vc_custom_1762919548627{background-position: center !important;background-repeat: no-repeat !important;background-size: cover !important;}&rdquo;][vc_column][vc_column_text el_class=&rdquo;autoras__texto&rdquo;]Salom&eacute; Ure&ntilde;a D&iacute;az (Rep&uacute;blica Dominicana) (1850-1897) Also known as: Salom&eacute; Ure&ntilde;a de Henr&iacute;quez\/&hellip;\" \/>\n<meta property=\"og:url\" content=\"https:\/\/eladd.org\/en\/other-authors\/salome-urena-diaz\/\" \/>\n<meta property=\"og:site_name\" content=\"Eladd En\" \/>\n<meta property=\"article:modified_time\" content=\"2025-11-12T03:52:35+00:00\" \/>\n<meta property=\"og:image\" content=\"https:\/\/eladd.org\/wp-content\/uploads\/2015\/02\/salome.png\" \/>\n<meta name=\"twitter:card\" content=\"summary_large_image\" \/>\n<meta name=\"twitter:label1\" content=\"Est. reading time\" \/>\n\t<meta name=\"twitter:data1\" content=\"5 minutes\" \/>\n<script type=\"application\/ld+json\" class=\"yoast-schema-graph\">{\"@context\":\"https:\/\/schema.org\",\"@graph\":[{\"@type\":\"WebPage\",\"@id\":\"https:\/\/eladd.org\/en\/other-authors\/salome-urena-diaz\/\",\"url\":\"https:\/\/eladd.org\/en\/other-authors\/salome-urena-diaz\/\",\"name\":\"Salom\u00e9 Ure\u00f1a D\u00edaz - Eladd En\",\"isPartOf\":{\"@id\":\"https:\/\/eladd.org\/en\/#website\"},\"primaryImageOfPage\":{\"@id\":\"https:\/\/eladd.org\/en\/other-authors\/salome-urena-diaz\/#primaryimage\"},\"image\":{\"@id\":\"https:\/\/eladd.org\/en\/other-authors\/salome-urena-diaz\/#primaryimage\"},\"thumbnailUrl\":\"https:\/\/eladd.org\/wp-content\/uploads\/2015\/02\/salome.png\",\"datePublished\":\"2015-03-15T15:55:18+00:00\",\"dateModified\":\"2025-11-12T03:52:35+00:00\",\"breadcrumb\":{\"@id\":\"https:\/\/eladd.org\/en\/other-authors\/salome-urena-diaz\/#breadcrumb\"},\"inLanguage\":\"en-US\",\"potentialAction\":[{\"@type\":\"ReadAction\",\"target\":[\"https:\/\/eladd.org\/en\/other-authors\/salome-urena-diaz\/\"]}]},{\"@type\":\"ImageObject\",\"inLanguage\":\"en-US\",\"@id\":\"https:\/\/eladd.org\/en\/other-authors\/salome-urena-diaz\/#primaryimage\",\"url\":\"https:\/\/eladd.org\/wp-content\/uploads\/2015\/02\/salome.png\",\"contentUrl\":\"https:\/\/eladd.org\/wp-content\/uploads\/2015\/02\/salome.png\"},{\"@type\":\"BreadcrumbList\",\"@id\":\"https:\/\/eladd.org\/en\/other-authors\/salome-urena-diaz\/#breadcrumb\",\"itemListElement\":[{\"@type\":\"ListItem\",\"position\":1,\"name\":\"Home\",\"item\":\"https:\/\/eladd.org\/en\/\"},{\"@type\":\"ListItem\",\"position\":2,\"name\":\"Other Authors\",\"item\":\"https:\/\/eladd.org\/en\/other-authors\/\"},{\"@type\":\"ListItem\",\"position\":3,\"name\":\"Salom\u00e9 Ure\u00f1a D\u00edaz\"}]},{\"@type\":\"WebSite\",\"@id\":\"https:\/\/eladd.org\/en\/#website\",\"url\":\"https:\/\/eladd.org\/en\/\",\"name\":\"Eladd En\",\"description\":\"Ninteenth-Century Latin American Women Writers\",\"publisher\":{\"@id\":\"https:\/\/eladd.org\/en\/#organization\"},\"potentialAction\":[{\"@type\":\"SearchAction\",\"target\":{\"@type\":\"EntryPoint\",\"urlTemplate\":\"https:\/\/eladd.org\/en\/?s={search_term_string}\"},\"query-input\":{\"@type\":\"PropertyValueSpecification\",\"valueRequired\":true,\"valueName\":\"search_term_string\"}}],\"inLanguage\":\"en-US\"},{\"@type\":\"Organization\",\"@id\":\"https:\/\/eladd.org\/en\/#organization\",\"name\":\"Eladd En\",\"url\":\"https:\/\/eladd.org\/en\/\",\"logo\":{\"@type\":\"ImageObject\",\"inLanguage\":\"en-US\",\"@id\":\"https:\/\/eladd.org\/en\/#\/schema\/logo\/image\/\",\"url\":\"https:\/\/eladd.org\/en\/wp-content\/uploads\/sites\/2\/2025\/07\/logo-eladd.png\",\"contentUrl\":\"https:\/\/eladd.org\/en\/wp-content\/uploads\/sites\/2\/2025\/07\/logo-eladd.png\",\"width\":324,\"height\":77,\"caption\":\"Eladd En\"},\"image\":{\"@id\":\"https:\/\/eladd.org\/en\/#\/schema\/logo\/image\/\"}}]}<\/script>\n<!-- \/ Yoast SEO plugin. -->","yoast_head_json":{"title":"Salom\u00e9 Ure\u00f1a D\u00edaz - Eladd En","robots":{"index":"index","follow":"follow","max-snippet":"max-snippet:-1","max-image-preview":"max-image-preview:large","max-video-preview":"max-video-preview:-1"},"canonical":"https:\/\/eladd.org\/en\/other-authors\/salome-urena-diaz\/","og_locale":"en_US","og_type":"article","og_title":"Salom\u00e9 Ure\u00f1a D\u00edaz - Eladd En","og_description":"[vc_row full_width=&rdquo;stretch_row&rdquo; tablet_fullwidth_cols=&rdquo;&rdquo; bg_style=&rdquo;repeat&rdquo; css=&rdquo;.vc_custom_1762919541516{background-position: 0 0 !important;background-repeat: repeat !important;}&rdquo;][vc_column][vc_column_text el_class=&rdquo;autoras__titulo&rdquo;] Salom&eacute; Ure&ntilde;a (D&iacute;az) de Henr&iacute;quez (1850-1897) [\/vc_column_text][\/vc_column][\/vc_row][vc_row full_width=&rdquo;stretch_row&rdquo; el_id=&rdquo;cuerpo&rdquo; css=&rdquo;.vc_custom_1762919548627{background-position: center !important;background-repeat: no-repeat !important;background-size: cover !important;}&rdquo;][vc_column][vc_column_text el_class=&rdquo;autoras__texto&rdquo;]Salom&eacute; Ure&ntilde;a D&iacute;az (Rep&uacute;blica Dominicana) (1850-1897) Also known as: Salom&eacute; Ure&ntilde;a de Henr&iacute;quez\/&hellip;","og_url":"https:\/\/eladd.org\/en\/other-authors\/salome-urena-diaz\/","og_site_name":"Eladd En","article_modified_time":"2025-11-12T03:52:35+00:00","og_image":[{"url":"https:\/\/eladd.org\/wp-content\/uploads\/2015\/02\/salome.png","type":"","width":"","height":""}],"twitter_card":"summary_large_image","twitter_misc":{"Est. reading time":"5 minutes"},"schema":{"@context":"https:\/\/schema.org","@graph":[{"@type":"WebPage","@id":"https:\/\/eladd.org\/en\/other-authors\/salome-urena-diaz\/","url":"https:\/\/eladd.org\/en\/other-authors\/salome-urena-diaz\/","name":"Salom\u00e9 Ure\u00f1a D\u00edaz - Eladd En","isPartOf":{"@id":"https:\/\/eladd.org\/en\/#website"},"primaryImageOfPage":{"@id":"https:\/\/eladd.org\/en\/other-authors\/salome-urena-diaz\/#primaryimage"},"image":{"@id":"https:\/\/eladd.org\/en\/other-authors\/salome-urena-diaz\/#primaryimage"},"thumbnailUrl":"https:\/\/eladd.org\/wp-content\/uploads\/2015\/02\/salome.png","datePublished":"2015-03-15T15:55:18+00:00","dateModified":"2025-11-12T03:52:35+00:00","breadcrumb":{"@id":"https:\/\/eladd.org\/en\/other-authors\/salome-urena-diaz\/#breadcrumb"},"inLanguage":"en-US","potentialAction":[{"@type":"ReadAction","target":["https:\/\/eladd.org\/en\/other-authors\/salome-urena-diaz\/"]}]},{"@type":"ImageObject","inLanguage":"en-US","@id":"https:\/\/eladd.org\/en\/other-authors\/salome-urena-diaz\/#primaryimage","url":"https:\/\/eladd.org\/wp-content\/uploads\/2015\/02\/salome.png","contentUrl":"https:\/\/eladd.org\/wp-content\/uploads\/2015\/02\/salome.png"},{"@type":"BreadcrumbList","@id":"https:\/\/eladd.org\/en\/other-authors\/salome-urena-diaz\/#breadcrumb","itemListElement":[{"@type":"ListItem","position":1,"name":"Home","item":"https:\/\/eladd.org\/en\/"},{"@type":"ListItem","position":2,"name":"Other Authors","item":"https:\/\/eladd.org\/en\/other-authors\/"},{"@type":"ListItem","position":3,"name":"Salom\u00e9 Ure\u00f1a D\u00edaz"}]},{"@type":"WebSite","@id":"https:\/\/eladd.org\/en\/#website","url":"https:\/\/eladd.org\/en\/","name":"Eladd En","description":"Ninteenth-Century Latin American Women Writers","publisher":{"@id":"https:\/\/eladd.org\/en\/#organization"},"potentialAction":[{"@type":"SearchAction","target":{"@type":"EntryPoint","urlTemplate":"https:\/\/eladd.org\/en\/?s={search_term_string}"},"query-input":{"@type":"PropertyValueSpecification","valueRequired":true,"valueName":"search_term_string"}}],"inLanguage":"en-US"},{"@type":"Organization","@id":"https:\/\/eladd.org\/en\/#organization","name":"Eladd En","url":"https:\/\/eladd.org\/en\/","logo":{"@type":"ImageObject","inLanguage":"en-US","@id":"https:\/\/eladd.org\/en\/#\/schema\/logo\/image\/","url":"https:\/\/eladd.org\/en\/wp-content\/uploads\/sites\/2\/2025\/07\/logo-eladd.png","contentUrl":"https:\/\/eladd.org\/en\/wp-content\/uploads\/sites\/2\/2025\/07\/logo-eladd.png","width":324,"height":77,"caption":"Eladd En"},"image":{"@id":"https:\/\/eladd.org\/en\/#\/schema\/logo\/image\/"}}]}},"_links":{"self":[{"href":"https:\/\/eladd.org\/en\/wp-json\/wp\/v2\/pages\/464","targetHints":{"allow":["GET"]}}],"collection":[{"href":"https:\/\/eladd.org\/en\/wp-json\/wp\/v2\/pages"}],"about":[{"href":"https:\/\/eladd.org\/en\/wp-json\/wp\/v2\/types\/page"}],"author":[{"embeddable":true,"href":"https:\/\/eladd.org\/en\/wp-json\/wp\/v2\/users\/3"}],"replies":[{"embeddable":true,"href":"https:\/\/eladd.org\/en\/wp-json\/wp\/v2\/comments?post=464"}],"version-history":[{"count":5,"href":"https:\/\/eladd.org\/en\/wp-json\/wp\/v2\/pages\/464\/revisions"}],"predecessor-version":[{"id":24826,"href":"https:\/\/eladd.org\/en\/wp-json\/wp\/v2\/pages\/464\/revisions\/24826"}],"up":[{"embeddable":true,"href":"https:\/\/eladd.org\/en\/wp-json\/wp\/v2\/pages\/98"}],"wp:attachment":[{"href":"https:\/\/eladd.org\/en\/wp-json\/wp\/v2\/media?parent=464"}],"curies":[{"name":"wp","href":"https:\/\/api.w.org\/{rel}","templated":true}]}}