{"id":468,"date":"2015-03-15T17:45:07","date_gmt":"2015-03-15T17:45:07","guid":{"rendered":"https:\/\/eladd.org\/en\/?page_id=468"},"modified":"2025-11-12T03:53:05","modified_gmt":"2025-11-12T03:53:05","slug":"mercedes-valdes-mendoza","status":"publish","type":"page","link":"https:\/\/eladd.org\/en\/other-authors\/mercedes-valdes-mendoza\/","title":{"rendered":"Mercedes Vald\u00e9s Mendoza"},"content":{"rendered":"<div class=\"wpb-content-wrapper\">[vc_row full_width=&#8221;stretch_row&#8221; tablet_fullwidth_cols=&#8221;&#8221; bg_style=&#8221;repeat&#8221; css=&#8221;.vc_custom_1762919570890{background-position: 0 0 !important;background-repeat: repeat !important;}&#8221;][vc_column][vc_column_text el_class=&#8221;autoras__titulo&#8221;]\n<h2 style=\"text-align: center;\">Mercedes Vald\u00e9s Mendoza<\/h2>\n<p style=\"text-align: center;\">(1822-1896)<br \/>\n<img loading=\"lazy\" decoding=\"async\" class=\"size-full wp-image-1816 aligncenter\" src=\"\/\/eladd.org\/wp-content\/uploads\/2015\/09\/icon-space.png\" alt=\"icon-space\" width=\"150\" height=\"8\" \/>[\/vc_column_text][\/vc_column][\/vc_row][vc_row full_width=&#8221;stretch_row&#8221; el_id=&#8221;cuerpo&#8221; css=&#8221;.vc_custom_1762919579170{background-position: center !important;background-repeat: no-repeat !important;background-size: cover !important;}&#8221;][vc_column][vc_column_text el_class=&#8221;autoras__texto&#8221;]<strong>Mercedes Vald\u00e9s Mendoza (Cuba, 1822-1896)<br \/>\nAlso known as: Mar\u00eda de las Mercedes Vald\u00e9s Mendoza, Mercedes Vald\u00e9s<\/strong><\/p>\n<p><img loading=\"lazy\" decoding=\"async\" class=\"size-medium wp-image-1274 alignright\" src=\"https:\/\/eladd.org\/wp-content\/uploads\/2015\/03\/mercedes3-225x300.png\" alt=\"mercedes\" width=\"225\" height=\"300\" \/><\/p>\n<p><strong>Author\u2019s Works: Original and Edited (Works are listed in chronological order)<br \/>\n<\/strong><\/p>\n<p>(1847). <em>Cantos perdidos<\/em>. Pr\u00f3l. Ram\u00f3n Jim\u00e9nez de Le\u00f3n. La Habana: Imprenta de Barcina.<\/p>\n<p>(1854). <em>Poes\u00edas<\/em>. Pr\u00f3l. Ram\u00f3n Zambrana. La Habana: Imprenta de Barcina.<\/p>\n<p>(1875). Ed. Jos\u00e9 Domingo Cort\u00e9s. <em>Poetisas americanas. Ramillete po\u00e9tico del bello sexo hispano-americano<\/em>. Paris y M\u00e9xico D.F.: 1875. 213-15.<\/p>\n<p>(1906). \u201cLa esperanza.\u201d Ed. Adri\u00e1n del Valle. <em>El parnaso cubano<\/em>. Barcelona: Maucci, 1906. 216-19.<\/p>\n<p>(1913). Ed. Antonio Gonz\u00e1lez Curquejo. <em>Florilegio de escritoras cubanas<\/em>. Tomo 2. La Habana: Aurelio Miranda. 63-8.<\/p>\n<p>(1926). Ed. Domitila de Garc\u00eda de Coronado. <em>\u00c1lbum po\u00e9tico-fotogr\u00e1fico de escritoras poetisas cubanas, escrito en 1868 para la se\u00f1ora Do\u00f1a Gertrudis G\u00f3mez de Avellaneda<\/em>. La Habana: Imprenta de El F\u00edgaro. 39-48.<\/p>\n<p>(1928). Jos\u00e9 Manuel Carbonell y Rivero. <em>Evoluci\u00f3n de la cultura cubana: la poes\u00eda l\u00edrica en Cuba<\/em>. Tomo 3. La Habana: Imprenta El Siglo XX, 1928. 137-44.<\/p>\n<p>(1958). \u201cA Sc\u00e9vola.\u201d Ed. Jos\u00e9 Mari\u00e1 Chac\u00f3n y Calvo. <em>Las cien mejores poes\u00edas cubanas<\/em>. Madrid: Ediciones Cultura Hisp\u00e1nica, 1958. 155.<\/p>\n<p>(1989). \u201cLa Esperanza.\u201d <em>Esquema hist\u00f3rico-biogr\u00e1fico de la literatura antillana femenina en el siglo XIX<\/em>. Elisa Carmen Colberg. Diss. The University of North Carolina at Chapel Hill, 1989. Ann Arbor: ProQuest\/UMI, 1989. 215-17.<\/p>\n<p><strong>Critical Works (Reference Materials, Books, Book Chapters, Journal Articles, Encyclopedias, Theses\/Dissertations, Media and Internet Sources)<\/strong><\/p>\n<p>Calcagno, Francisco. <em>Diccionario biogr\u00e1fico cubano<\/em>. Nueva York: N. Ponce de Le\u00f3n, 1878. 645.<\/p>\n<p>Carbonell y Rivero, Jos\u00e9 Manuel. \u201cMercedes Vald\u00e9s Mendoza (1820-1896).\u201d <em>Evoluci\u00f3n de la cultura cubana: la poes\u00eda l\u00edrica en Cuba<\/em>. Tomo 3. La Habana: Imprenta El Siglo XX, 1928. 135-36.<\/p>\n<p>Chac\u00f3n y Calvo, Jos\u00e9 Mari\u00e1. \u201cMercedes Vald\u00e9s Mendoza.\u201d <em>Las cien mejores poes\u00edas cubanas<\/em>. Madrid: Ediciones Cultura Hisp\u00e1nica, 1958. 159-160.<\/p>\n<p>Colberg, Carmen Elisa. <em>Esquema hist\u00f3rico-biogr\u00e1fico de la literatura antillana femenina en el siglo XIX.<\/em> Diss. The University of North Carolina at Chapel Hill, 1989. Ann Arbor: ProQuest\/UMI, 1989. ix, 96, 215-17, 115-16.<\/p>\n<p>Garc\u00eda de Coronado, Domitila. \u201cMercedes Vald\u00e9s Mendoza.\u201d <em>\u00c1lbum po\u00e9tico-fotogr\u00e1fico de escritoras poetisas cubanas, escrito en 1868 para la se\u00f1ora Do\u00f1a Gertrudis G\u00f3mez de Avellaneda<\/em>. La Habana: Imprenta de El F\u00edgaro, 1926. 37-40.<\/p>\n<p>Gonz\u00e1lez Curquejo, Antonio, ed. <em>Florilegio de escritoras cubanas<\/em>. Tomo 2. La Habana: Aurelio Miranda, 1913. 61.<\/p>\n<p>Henr\u00edquez Ure\u00f1a, Max. <em>Panorama hist\u00f3rico de la literatura cubana<\/em>. Nueva York: Las Am\u00e9ricas Publishing Company, 1963. 182, 277.<\/p>\n<p>Lazo, Rodrigo. <em>Writing to Cuba: Filibustering and Cuban Exiles in the United States<\/em>. Chapel Hill: University of North Carolina Press, 2005. 100.<\/p>\n<p>Mendive, Rafael Mar\u00eda de. \u201cPoes\u00edas de la se\u00f1orita do\u00f1a Mar\u00eda de las Mercedes Vald\u00e9s Mendoza.\u201d <em>Revista de La Habana<\/em> 3 (1854): 40-1.<\/p>\n<p>Montemar, Antonio, \u201cPoetisas del siglo XIX. \u2018En un jard\u00edn de primores\u2019.\u201d <em>El Mundo<\/em> 28 Marzo 1954: 5.<\/p>\n<p>Pie y Faura, Fernando. \u201cPoes\u00edas de la se\u00f1orita Do\u00f1a Merced Vald\u00e9s Mendoza.\u201d <em>Guirnalda Cubana<\/em> (1854): 17-8.<\/p>\n<p>Portuondo Valdor, Jos\u00e9 Antonio, ed. <em>Historia de la literatura cubana. La colonia: desde los or\u00edgenes hasta 1898<\/em>. Tomo 1. La Habana: Letras Cubanas, 2002. 237, 452.<\/p>\n<p>&#8212;, ed. <em>Historia de la literatura cubana. La literatura cubana entre 1899 y 1985. La rep\u00fablica<\/em>. Tomo 2. La Habana: Letras Cubanas, 2003. 264.<\/p>\n<p>Remos, Juan J. <em>Proceso hist\u00f3rico de las letras cubanas<\/em>. Madrid: Ediciones Guadarrama, 1958. 126-7.<\/p>\n<p><img loading=\"lazy\" decoding=\"async\" class=\"aligncenter size-full wp-image-608\" src=\"https:\/\/eladd.org\/wp-content\/uploads\/2014\/02\/logo-footer-2.png\" alt=\"logo-footer-2\" width=\"260\" height=\"70\" \/>[\/vc_column_text][vc_single_image image=&#8221;660&#8243; alignment=&#8221;center&#8221; css=&#8221;.vc_custom_1446670823436{margin-top: 35px !important;}&#8221;][\/vc_column][\/vc_row]\n<\/div>","protected":false},"excerpt":{"rendered":"<p>[vc_row full_width=&rdquo;stretch_row&rdquo; tablet_fullwidth_cols=&rdquo;&rdquo; bg_style=&rdquo;repeat&rdquo; css=&rdquo;.vc_custom_1762919570890{background-position: 0 0 !important;background-repeat: repeat !important;}&rdquo;][vc_column][vc_column_text el_class=&rdquo;autoras__titulo&rdquo;] Mercedes Vald&eacute;s Mendoza (1822-1896) [\/vc_column_text][\/vc_column][\/vc_row][vc_row full_width=&rdquo;stretch_row&rdquo; el_id=&rdquo;cuerpo&rdquo; css=&rdquo;.vc_custom_1762919579170{background-position: center !important;background-repeat: no-repeat !important;background-size: cover !important;}&rdquo;][vc_column][vc_column_text el_class=&rdquo;autoras__texto&rdquo;]Mercedes Vald&eacute;s Mendoza (Cuba, 1822-1896) Also known as: Mar&iacute;a de las Mercedes Vald&eacute;s Mendoza, Mercedes&hellip;<\/p>\n","protected":false},"author":3,"featured_media":0,"parent":98,"menu_order":0,"comment_status":"closed","ping_status":"closed","template":"","meta":{"footnotes":""},"class_list":["post-468","page","type-page","status-publish","hentry","entry","no-media"],"yoast_head":"<!-- This site is optimized with the Yoast SEO plugin v26.1.1 - https:\/\/yoast.com\/wordpress\/plugins\/seo\/ -->\n<title>Mercedes Vald\u00e9s Mendoza - Eladd En<\/title>\n<meta name=\"robots\" content=\"index, follow, max-snippet:-1, max-image-preview:large, max-video-preview:-1\" \/>\n<link rel=\"canonical\" href=\"https:\/\/eladd.org\/en\/other-authors\/mercedes-valdes-mendoza\/\" \/>\n<meta property=\"og:locale\" content=\"en_US\" \/>\n<meta property=\"og:type\" content=\"article\" \/>\n<meta property=\"og:title\" content=\"Mercedes Vald\u00e9s Mendoza - Eladd En\" \/>\n<meta property=\"og:description\" content=\"[vc_row full_width=&rdquo;stretch_row&rdquo; tablet_fullwidth_cols=&rdquo;&rdquo; bg_style=&rdquo;repeat&rdquo; css=&rdquo;.vc_custom_1762919570890{background-position: 0 0 !important;background-repeat: repeat !important;}&rdquo;][vc_column][vc_column_text el_class=&rdquo;autoras__titulo&rdquo;] Mercedes Vald&eacute;s Mendoza (1822-1896) [\/vc_column_text][\/vc_column][\/vc_row][vc_row full_width=&rdquo;stretch_row&rdquo; el_id=&rdquo;cuerpo&rdquo; css=&rdquo;.vc_custom_1762919579170{background-position: center !important;background-repeat: no-repeat !important;background-size: cover !important;}&rdquo;][vc_column][vc_column_text el_class=&rdquo;autoras__texto&rdquo;]Mercedes Vald&eacute;s Mendoza (Cuba, 1822-1896) Also known as: Mar&iacute;a de las Mercedes Vald&eacute;s Mendoza, Mercedes&hellip;\" \/>\n<meta property=\"og:url\" content=\"https:\/\/eladd.org\/en\/other-authors\/mercedes-valdes-mendoza\/\" \/>\n<meta property=\"og:site_name\" content=\"Eladd En\" \/>\n<meta property=\"article:modified_time\" content=\"2025-11-12T03:53:05+00:00\" \/>\n<meta property=\"og:image\" content=\"https:\/\/eladd.org\/wp-content\/uploads\/2015\/03\/mercedes3-225x300.png\" \/>\n<meta name=\"twitter:card\" content=\"summary_large_image\" \/>\n<meta name=\"twitter:label1\" content=\"Est. reading time\" \/>\n\t<meta name=\"twitter:data1\" content=\"3 minutes\" \/>\n<script type=\"application\/ld+json\" class=\"yoast-schema-graph\">{\"@context\":\"https:\/\/schema.org\",\"@graph\":[{\"@type\":\"WebPage\",\"@id\":\"https:\/\/eladd.org\/en\/other-authors\/mercedes-valdes-mendoza\/\",\"url\":\"https:\/\/eladd.org\/en\/other-authors\/mercedes-valdes-mendoza\/\",\"name\":\"Mercedes Vald\u00e9s Mendoza - Eladd En\",\"isPartOf\":{\"@id\":\"https:\/\/eladd.org\/en\/#website\"},\"primaryImageOfPage\":{\"@id\":\"https:\/\/eladd.org\/en\/other-authors\/mercedes-valdes-mendoza\/#primaryimage\"},\"image\":{\"@id\":\"https:\/\/eladd.org\/en\/other-authors\/mercedes-valdes-mendoza\/#primaryimage\"},\"thumbnailUrl\":\"https:\/\/eladd.org\/wp-content\/uploads\/2015\/03\/mercedes3-225x300.png\",\"datePublished\":\"2015-03-15T17:45:07+00:00\",\"dateModified\":\"2025-11-12T03:53:05+00:00\",\"breadcrumb\":{\"@id\":\"https:\/\/eladd.org\/en\/other-authors\/mercedes-valdes-mendoza\/#breadcrumb\"},\"inLanguage\":\"en-US\",\"potentialAction\":[{\"@type\":\"ReadAction\",\"target\":[\"https:\/\/eladd.org\/en\/other-authors\/mercedes-valdes-mendoza\/\"]}]},{\"@type\":\"ImageObject\",\"inLanguage\":\"en-US\",\"@id\":\"https:\/\/eladd.org\/en\/other-authors\/mercedes-valdes-mendoza\/#primaryimage\",\"url\":\"https:\/\/eladd.org\/wp-content\/uploads\/2015\/03\/mercedes3-225x300.png\",\"contentUrl\":\"https:\/\/eladd.org\/wp-content\/uploads\/2015\/03\/mercedes3-225x300.png\"},{\"@type\":\"BreadcrumbList\",\"@id\":\"https:\/\/eladd.org\/en\/other-authors\/mercedes-valdes-mendoza\/#breadcrumb\",\"itemListElement\":[{\"@type\":\"ListItem\",\"position\":1,\"name\":\"Home\",\"item\":\"https:\/\/eladd.org\/en\/\"},{\"@type\":\"ListItem\",\"position\":2,\"name\":\"Other Authors\",\"item\":\"https:\/\/eladd.org\/en\/other-authors\/\"},{\"@type\":\"ListItem\",\"position\":3,\"name\":\"Mercedes Vald\u00e9s Mendoza\"}]},{\"@type\":\"WebSite\",\"@id\":\"https:\/\/eladd.org\/en\/#website\",\"url\":\"https:\/\/eladd.org\/en\/\",\"name\":\"Eladd En\",\"description\":\"Ninteenth-Century Latin American Women Writers\",\"publisher\":{\"@id\":\"https:\/\/eladd.org\/en\/#organization\"},\"potentialAction\":[{\"@type\":\"SearchAction\",\"target\":{\"@type\":\"EntryPoint\",\"urlTemplate\":\"https:\/\/eladd.org\/en\/?s={search_term_string}\"},\"query-input\":{\"@type\":\"PropertyValueSpecification\",\"valueRequired\":true,\"valueName\":\"search_term_string\"}}],\"inLanguage\":\"en-US\"},{\"@type\":\"Organization\",\"@id\":\"https:\/\/eladd.org\/en\/#organization\",\"name\":\"Eladd En\",\"url\":\"https:\/\/eladd.org\/en\/\",\"logo\":{\"@type\":\"ImageObject\",\"inLanguage\":\"en-US\",\"@id\":\"https:\/\/eladd.org\/en\/#\/schema\/logo\/image\/\",\"url\":\"https:\/\/eladd.org\/en\/wp-content\/uploads\/sites\/2\/2025\/07\/logo-eladd.png\",\"contentUrl\":\"https:\/\/eladd.org\/en\/wp-content\/uploads\/sites\/2\/2025\/07\/logo-eladd.png\",\"width\":324,\"height\":77,\"caption\":\"Eladd En\"},\"image\":{\"@id\":\"https:\/\/eladd.org\/en\/#\/schema\/logo\/image\/\"}}]}<\/script>\n<!-- \/ Yoast SEO plugin. -->","yoast_head_json":{"title":"Mercedes Vald\u00e9s Mendoza - Eladd En","robots":{"index":"index","follow":"follow","max-snippet":"max-snippet:-1","max-image-preview":"max-image-preview:large","max-video-preview":"max-video-preview:-1"},"canonical":"https:\/\/eladd.org\/en\/other-authors\/mercedes-valdes-mendoza\/","og_locale":"en_US","og_type":"article","og_title":"Mercedes Vald\u00e9s Mendoza - Eladd En","og_description":"[vc_row full_width=&rdquo;stretch_row&rdquo; tablet_fullwidth_cols=&rdquo;&rdquo; bg_style=&rdquo;repeat&rdquo; css=&rdquo;.vc_custom_1762919570890{background-position: 0 0 !important;background-repeat: repeat !important;}&rdquo;][vc_column][vc_column_text el_class=&rdquo;autoras__titulo&rdquo;] Mercedes Vald&eacute;s Mendoza (1822-1896) [\/vc_column_text][\/vc_column][\/vc_row][vc_row full_width=&rdquo;stretch_row&rdquo; el_id=&rdquo;cuerpo&rdquo; css=&rdquo;.vc_custom_1762919579170{background-position: center !important;background-repeat: no-repeat !important;background-size: cover !important;}&rdquo;][vc_column][vc_column_text el_class=&rdquo;autoras__texto&rdquo;]Mercedes Vald&eacute;s Mendoza (Cuba, 1822-1896) Also known as: Mar&iacute;a de las Mercedes Vald&eacute;s Mendoza, Mercedes&hellip;","og_url":"https:\/\/eladd.org\/en\/other-authors\/mercedes-valdes-mendoza\/","og_site_name":"Eladd En","article_modified_time":"2025-11-12T03:53:05+00:00","og_image":[{"url":"https:\/\/eladd.org\/wp-content\/uploads\/2015\/03\/mercedes3-225x300.png","type":"","width":"","height":""}],"twitter_card":"summary_large_image","twitter_misc":{"Est. reading time":"3 minutes"},"schema":{"@context":"https:\/\/schema.org","@graph":[{"@type":"WebPage","@id":"https:\/\/eladd.org\/en\/other-authors\/mercedes-valdes-mendoza\/","url":"https:\/\/eladd.org\/en\/other-authors\/mercedes-valdes-mendoza\/","name":"Mercedes Vald\u00e9s Mendoza - Eladd En","isPartOf":{"@id":"https:\/\/eladd.org\/en\/#website"},"primaryImageOfPage":{"@id":"https:\/\/eladd.org\/en\/other-authors\/mercedes-valdes-mendoza\/#primaryimage"},"image":{"@id":"https:\/\/eladd.org\/en\/other-authors\/mercedes-valdes-mendoza\/#primaryimage"},"thumbnailUrl":"https:\/\/eladd.org\/wp-content\/uploads\/2015\/03\/mercedes3-225x300.png","datePublished":"2015-03-15T17:45:07+00:00","dateModified":"2025-11-12T03:53:05+00:00","breadcrumb":{"@id":"https:\/\/eladd.org\/en\/other-authors\/mercedes-valdes-mendoza\/#breadcrumb"},"inLanguage":"en-US","potentialAction":[{"@type":"ReadAction","target":["https:\/\/eladd.org\/en\/other-authors\/mercedes-valdes-mendoza\/"]}]},{"@type":"ImageObject","inLanguage":"en-US","@id":"https:\/\/eladd.org\/en\/other-authors\/mercedes-valdes-mendoza\/#primaryimage","url":"https:\/\/eladd.org\/wp-content\/uploads\/2015\/03\/mercedes3-225x300.png","contentUrl":"https:\/\/eladd.org\/wp-content\/uploads\/2015\/03\/mercedes3-225x300.png"},{"@type":"BreadcrumbList","@id":"https:\/\/eladd.org\/en\/other-authors\/mercedes-valdes-mendoza\/#breadcrumb","itemListElement":[{"@type":"ListItem","position":1,"name":"Home","item":"https:\/\/eladd.org\/en\/"},{"@type":"ListItem","position":2,"name":"Other Authors","item":"https:\/\/eladd.org\/en\/other-authors\/"},{"@type":"ListItem","position":3,"name":"Mercedes Vald\u00e9s Mendoza"}]},{"@type":"WebSite","@id":"https:\/\/eladd.org\/en\/#website","url":"https:\/\/eladd.org\/en\/","name":"Eladd En","description":"Ninteenth-Century Latin American Women Writers","publisher":{"@id":"https:\/\/eladd.org\/en\/#organization"},"potentialAction":[{"@type":"SearchAction","target":{"@type":"EntryPoint","urlTemplate":"https:\/\/eladd.org\/en\/?s={search_term_string}"},"query-input":{"@type":"PropertyValueSpecification","valueRequired":true,"valueName":"search_term_string"}}],"inLanguage":"en-US"},{"@type":"Organization","@id":"https:\/\/eladd.org\/en\/#organization","name":"Eladd En","url":"https:\/\/eladd.org\/en\/","logo":{"@type":"ImageObject","inLanguage":"en-US","@id":"https:\/\/eladd.org\/en\/#\/schema\/logo\/image\/","url":"https:\/\/eladd.org\/en\/wp-content\/uploads\/sites\/2\/2025\/07\/logo-eladd.png","contentUrl":"https:\/\/eladd.org\/en\/wp-content\/uploads\/sites\/2\/2025\/07\/logo-eladd.png","width":324,"height":77,"caption":"Eladd En"},"image":{"@id":"https:\/\/eladd.org\/en\/#\/schema\/logo\/image\/"}}]}},"_links":{"self":[{"href":"https:\/\/eladd.org\/en\/wp-json\/wp\/v2\/pages\/468","targetHints":{"allow":["GET"]}}],"collection":[{"href":"https:\/\/eladd.org\/en\/wp-json\/wp\/v2\/pages"}],"about":[{"href":"https:\/\/eladd.org\/en\/wp-json\/wp\/v2\/types\/page"}],"author":[{"embeddable":true,"href":"https:\/\/eladd.org\/en\/wp-json\/wp\/v2\/users\/3"}],"replies":[{"embeddable":true,"href":"https:\/\/eladd.org\/en\/wp-json\/wp\/v2\/comments?post=468"}],"version-history":[{"count":7,"href":"https:\/\/eladd.org\/en\/wp-json\/wp\/v2\/pages\/468\/revisions"}],"predecessor-version":[{"id":24827,"href":"https:\/\/eladd.org\/en\/wp-json\/wp\/v2\/pages\/468\/revisions\/24827"}],"up":[{"embeddable":true,"href":"https:\/\/eladd.org\/en\/wp-json\/wp\/v2\/pages\/98"}],"wp:attachment":[{"href":"https:\/\/eladd.org\/en\/wp-json\/wp\/v2\/media?parent=468"}],"curies":[{"name":"wp","href":"https:\/\/api.w.org\/{rel}","templated":true}]}}