{"id":47,"date":"2014-07-02T18:39:35","date_gmt":"2014-07-02T18:39:35","guid":{"rendered":"https:\/\/eladd.org\/en\/?page_id=47"},"modified":"2026-02-15T22:45:58","modified_gmt":"2026-02-15T22:45:58","slug":"carmen-arriagada","status":"publish","type":"page","link":"https:\/\/eladd.org\/en\/popular-authors\/carmen-arriagada\/","title":{"rendered":"Carmen Arriagada"},"content":{"rendered":"<div class=\"wpb-content-wrapper\">[vc_row full_width=&#8221;stretch_row&#8221; css=&#8221;.vc_custom_1762916711122{background-position: center !important;background-repeat: no-repeat !important;background-size: cover !important;}&#8221;][vc_column][vc_column_text css=&#8221;&#8221; el_class=&#8221;autoras__titulo&#8221;]\n<h2 style=\"text-align: center;\">Carmen Arriagada<\/h2>\n<p style=\"text-align: center;\"><img loading=\"lazy\" decoding=\"async\" class=\"size-full wp-image-1816 aligncenter\" src=\"\/\/eladd.org\/wp-content\/uploads\/2015\/09\/icon-space.png\" alt=\"icon-space\" width=\"150\" height=\"8\" \/><\/p>\n<p style=\"text-align: center;\">Translation by Joyselene Mendoza<\/p>\n[\/vc_column_text][\/vc_column][\/vc_row][vc_row full_width=&#8221;stretch_row&#8221; el_id=&#8221;cuerpo&#8221; css=&#8221;.vc_custom_1762916717707{background-position: center !important;background-repeat: no-repeat !important;background-size: cover !important;}&#8221;][vc_column][vc_column_text css=&#8221;&#8221; el_class=&#8221;autoras__texto&#8221;]\n<div id=\"content-n\">\n<div class=\"img\"><img decoding=\"async\" style=\"float: right;\" src=\"https:\/\/eladd.org\/wp-content\/uploads\/2014\/07\/carmen-arriagada.png\" alt=\"carmen-arriagada\" \/><\/div>\n<div class=\"content_text\">\n<p>Carmen Arriagada Garc\u00eda was born in Chill\u00e1n, Chile in 1807 into a prominent and powerful family. Most critics associate her writing career with the letters she wrote to the German painter Juan Mauricio Rugendas (1802-1858), between November 1835 and June 1851.<br \/>\nArriagada attended school in Santiago until 1825, when she married Eduardo Gutike, a soldier of German origin. In 1831, her father, Pedro R. de la Arriagada died; he had been a congressman and a close figure to Bernardo O\u2019Higgins, Jos\u00e9 de San Mart\u00edn, and the Carrera brothers during the independence period. Later, he was also closely tied to Presidents Ram\u00f3n Freire and Joaqu\u00edn Prieto. After the death of Arriagada&#8217;s father, the couple decided to move to Linares, where she had been left properties as inheritance. They also spent some time in the port of Valpara\u00edso; however, in 1836 they moved permanently to Talca, a city with 14,000 inhabitants. At the time, Talca was one of the most influential cities in the country, along with Valpara\u00edso and the capital, Santiago.<br \/>\nArriagada met Rugendas in 1835, after her husband invited the artist to visit them. From then on, an epistolary exchange began that was initially marked by a tone of friendship but quickly flowed into topics of amorous discourse. After his return to Europe, Rugendas wrote his last letter to Arriagada in 1849. Nevertheless, she continued writing to him until 1851.<br \/>\nOnly one letter from Rugendas to Arriagada remains, dated November 27, 1844. Arriagada feared being questioned by her husband and therefore decided to burn the letters. Meanwhile, the painter kept her letters until his death in 1858, the same year Arriagada\u2019s husband died. The letters were later inherited by Arriagada\u2019s nephew. The letters were published in 1990 by Oscar Pinochet with the title &#8220;Cartas de una mujer apasionada&#8221; (Letters from a Passionate Woman). The collection allows us a peek into the author\u2019s life and writing trajectory, recounting not only Arriagada&#8217;s intimate and private world, but also her literary preferences, political ideas, and critiques of mid-century Chilean society, especially in regard to women.<br \/>\nAlthough books were a luxury item with limited circulation in Chile at the time, Arriagada\u2019s tastes were diverse, with many reading recommendations provided by Rugendas himself. Arriagada read authors from the classical period (Plutarch), Renaissance (Thomas More), Baroque period (Calderon, Quevedo), the Enlightenment (Voltaire and Goethe), and Romanticism and Realism period (Scott, Schiller, Chateaubriand, Balzac, Dumas). She particularly enjoyed the Chilean poet Mercedes Mar\u00edn del Solar (1804\u20131866), often expressing a desire to learn more about the author.<br \/>\nArriagada took a critical stance toward hegemonic models of femininity and motherhood, unlike most Chilean women writers of the mid-19th century (including Mercedes Mar\u00edn, Rosario Orrego, Quiteria Varas, Hortensia Bustamante, Victoria Cueto, and Delfina Hidalgo), with views more akin to the dissident voices that emerged later in the century (Lucrecia Undurraga and Martina Barros). In this regard, a significant fact to note is that Arriagada had no children, something she often boasted about: \u201cI gave a thousand thanks to God for my barrenness; thank God that at the end of the day I can be at peace in my bed, that the crying of a child doesn\u2019t wake me to more sorrows, to more desires; thank God!\u201d (198).<br \/>\nHer liberal political views were very similar to Rugendas\u2019 and the intellectual circle that frequented the social gatherings at her home. It was also through meetings with this group of friends that she would become acquainted with the scientific novelties of the time, such as phrenology, which would have a great impact on her. Besides that, Arriagada was a regular newspaper reader, so she constantly referred to national events and to the value of print media for the country\u2019s political and literary culture. Moreover, in Talca she supported the creation of the newspaper El Alfa, in which she herself served as a regular translator and published an article on female education and the need to establish a girls\u2019 school in that city. Likewise, she was well-informed and highly critical of the war against the Peru\u2013Bolivian Confederation waged by Chile (1836\u20131839), as well as of the management of Minister Diego Portales and Presidents Jos\u00e9 Joaqu\u00edn Prieto and Manuel Bulnes. With the same fervor with which she questioned the blind zeal of Chilean patriotism, she defended the ideas of the era\u2019s most unconventional and radical thinker, Francisco Bilbao, in his \u201cSociabilidad chilena\u201d, an essay published in the liberal newspaper El Crep\u00fasculo in 1844. This led to Bilbao being charged with blasphemy, and the copies of the publication were seized and burned.<br \/>\nAnother important aspect to consider, especially in her final letters, is that Arriagada consistently wrote of her body as being afflicted by nervous disorders. Her writing revealed an unhealthy self that was docile in the face of a life that caused her profound distress: her home, her lack of money due to her husband\u2019s economic instability, her disenchantment with married life, the anticipation of seeing her lover again or receiving a letter from him, and the cultural blackout in Talca. Among the other ailments she described, it is hysteria that is most closely linked to the repression of her amorous desires; a sequence of impotent rebellions that reminds us not only of the entire body of literature on the 19th-century paradigm of the hysterical woman, but also of Flaubert\u2019s Emma Bovary and Tolstoy\u2019s Anna Karenina.<br \/>\nAs has been noted, Arriagada only published a few translations and an essay in the Talca newspaper El Alfa, as well as another reflective piece signed under a pseudonym in the 1843 issue of El Mercurio de Valpara\u00edso. She was, however, one of the foundational female writers in Chilean literary culture, as well as one of the most disobedient.<br \/>\nCarol Arcos Herrera<br \/>\nDoctor in Latin American Studies<br \/>\nAcad\u00e9mica Centro de Estudios Culturales Latinoamericanos<br \/>\nUniversidad de Chile<br \/>\narcosce@gmail.com<\/p>\n<p>&nbsp;<\/p>\n<p style=\"color: #444444;\">\n<\/div>\n<div class=\"img2\"><img loading=\"lazy\" decoding=\"async\" class=\"alignnone size-full wp-image-608\" src=\"https:\/\/eladd.org\/wp-content\/uploads\/2014\/02\/logo-footer-2.png\" alt=\"logo-footer-2\" width=\"260\" height=\"70\" \/><\/div>\n<\/div>\n[\/vc_column_text][vc_single_image image=&#8221;660&#8243; alignment=&#8221;center&#8221; css=&#8221;.vc_custom_1446670823436{margin-top: 35px !important;}&#8221;][\/vc_column][\/vc_row]\n<\/div>","protected":false},"excerpt":{"rendered":"<p>[vc_row full_width=&rdquo;stretch_row&rdquo; css=&rdquo;.vc_custom_1762916711122{background-position: center !important;background-repeat: no-repeat !important;background-size: cover !important;}&rdquo;][vc_column][vc_column_text css=&rdquo;&rdquo; el_class=&rdquo;autoras__titulo&rdquo;] Carmen Arriagada Translation by Joyselene Mendoza [\/vc_column_text][\/vc_column][\/vc_row][vc_row full_width=&rdquo;stretch_row&rdquo; el_id=&rdquo;cuerpo&rdquo; css=&rdquo;.vc_custom_1762916717707{background-position: center !important;background-repeat: no-repeat !important;background-size: cover !important;}&rdquo;][vc_column][vc_column_text css=&rdquo;&rdquo; el_class=&rdquo;autoras__texto&rdquo;] Carmen Arriagada Garc&iacute;a was born in Chill&aacute;n, Chile in 1807 into&hellip;<\/p>\n","protected":false},"author":1,"featured_media":0,"parent":38,"menu_order":0,"comment_status":"closed","ping_status":"closed","template":"","meta":{"footnotes":""},"class_list":["post-47","page","type-page","status-publish","hentry","entry","no-media"],"yoast_head":"<!-- This site is optimized with the Yoast SEO plugin v26.1.1 - https:\/\/yoast.com\/wordpress\/plugins\/seo\/ -->\n<title>Carmen Arriagada - Eladd En<\/title>\n<meta name=\"robots\" content=\"index, follow, max-snippet:-1, max-image-preview:large, max-video-preview:-1\" \/>\n<link rel=\"canonical\" href=\"https:\/\/eladd.org\/en\/popular-authors\/carmen-arriagada\/\" \/>\n<meta property=\"og:locale\" content=\"en_US\" \/>\n<meta property=\"og:type\" content=\"article\" \/>\n<meta property=\"og:title\" content=\"Carmen Arriagada - Eladd En\" \/>\n<meta property=\"og:description\" content=\"[vc_row full_width=&rdquo;stretch_row&rdquo; css=&rdquo;.vc_custom_1762916711122{background-position: center !important;background-repeat: no-repeat !important;background-size: cover !important;}&rdquo;][vc_column][vc_column_text css=&rdquo;&rdquo; el_class=&rdquo;autoras__titulo&rdquo;] Carmen Arriagada Translation by Joyselene Mendoza [\/vc_column_text][\/vc_column][\/vc_row][vc_row full_width=&rdquo;stretch_row&rdquo; el_id=&rdquo;cuerpo&rdquo; css=&rdquo;.vc_custom_1762916717707{background-position: center !important;background-repeat: no-repeat !important;background-size: cover !important;}&rdquo;][vc_column][vc_column_text css=&rdquo;&rdquo; el_class=&rdquo;autoras__texto&rdquo;] Carmen Arriagada Garc&iacute;a was born in Chill&aacute;n, Chile in 1807 into&hellip;\" \/>\n<meta property=\"og:url\" content=\"https:\/\/eladd.org\/en\/popular-authors\/carmen-arriagada\/\" \/>\n<meta property=\"og:site_name\" content=\"Eladd En\" \/>\n<meta property=\"article:modified_time\" content=\"2026-02-15T22:45:58+00:00\" \/>\n<meta property=\"og:image\" content=\"https:\/\/eladd.org\/wp-content\/uploads\/2014\/07\/carmen-arriagada.png\" \/>\n<meta name=\"twitter:card\" content=\"summary_large_image\" \/>\n<meta name=\"twitter:label1\" content=\"Est. reading time\" \/>\n\t<meta name=\"twitter:data1\" content=\"6 minutes\" \/>\n<script type=\"application\/ld+json\" class=\"yoast-schema-graph\">{\"@context\":\"https:\/\/schema.org\",\"@graph\":[{\"@type\":\"WebPage\",\"@id\":\"https:\/\/eladd.org\/en\/popular-authors\/carmen-arriagada\/\",\"url\":\"https:\/\/eladd.org\/en\/popular-authors\/carmen-arriagada\/\",\"name\":\"Carmen Arriagada - Eladd En\",\"isPartOf\":{\"@id\":\"https:\/\/eladd.org\/en\/#website\"},\"primaryImageOfPage\":{\"@id\":\"https:\/\/eladd.org\/en\/popular-authors\/carmen-arriagada\/#primaryimage\"},\"image\":{\"@id\":\"https:\/\/eladd.org\/en\/popular-authors\/carmen-arriagada\/#primaryimage\"},\"thumbnailUrl\":\"https:\/\/eladd.org\/wp-content\/uploads\/2014\/07\/carmen-arriagada.png\",\"datePublished\":\"2014-07-02T18:39:35+00:00\",\"dateModified\":\"2026-02-15T22:45:58+00:00\",\"breadcrumb\":{\"@id\":\"https:\/\/eladd.org\/en\/popular-authors\/carmen-arriagada\/#breadcrumb\"},\"inLanguage\":\"en-US\",\"potentialAction\":[{\"@type\":\"ReadAction\",\"target\":[\"https:\/\/eladd.org\/en\/popular-authors\/carmen-arriagada\/\"]}]},{\"@type\":\"ImageObject\",\"inLanguage\":\"en-US\",\"@id\":\"https:\/\/eladd.org\/en\/popular-authors\/carmen-arriagada\/#primaryimage\",\"url\":\"https:\/\/eladd.org\/wp-content\/uploads\/2014\/07\/carmen-arriagada.png\",\"contentUrl\":\"https:\/\/eladd.org\/wp-content\/uploads\/2014\/07\/carmen-arriagada.png\"},{\"@type\":\"BreadcrumbList\",\"@id\":\"https:\/\/eladd.org\/en\/popular-authors\/carmen-arriagada\/#breadcrumb\",\"itemListElement\":[{\"@type\":\"ListItem\",\"position\":1,\"name\":\"Home\",\"item\":\"https:\/\/eladd.org\/en\/\"},{\"@type\":\"ListItem\",\"position\":2,\"name\":\"Popular Authors\",\"item\":\"https:\/\/eladd.org\/en\/popular-authors\/\"},{\"@type\":\"ListItem\",\"position\":3,\"name\":\"Carmen Arriagada\"}]},{\"@type\":\"WebSite\",\"@id\":\"https:\/\/eladd.org\/en\/#website\",\"url\":\"https:\/\/eladd.org\/en\/\",\"name\":\"Eladd En\",\"description\":\"Ninteenth-Century Latin American Women Writers\",\"publisher\":{\"@id\":\"https:\/\/eladd.org\/en\/#organization\"},\"potentialAction\":[{\"@type\":\"SearchAction\",\"target\":{\"@type\":\"EntryPoint\",\"urlTemplate\":\"https:\/\/eladd.org\/en\/?s={search_term_string}\"},\"query-input\":{\"@type\":\"PropertyValueSpecification\",\"valueRequired\":true,\"valueName\":\"search_term_string\"}}],\"inLanguage\":\"en-US\"},{\"@type\":\"Organization\",\"@id\":\"https:\/\/eladd.org\/en\/#organization\",\"name\":\"Eladd En\",\"url\":\"https:\/\/eladd.org\/en\/\",\"logo\":{\"@type\":\"ImageObject\",\"inLanguage\":\"en-US\",\"@id\":\"https:\/\/eladd.org\/en\/#\/schema\/logo\/image\/\",\"url\":\"https:\/\/eladd.org\/en\/wp-content\/uploads\/sites\/2\/2025\/07\/logo-eladd.png\",\"contentUrl\":\"https:\/\/eladd.org\/en\/wp-content\/uploads\/sites\/2\/2025\/07\/logo-eladd.png\",\"width\":324,\"height\":77,\"caption\":\"Eladd En\"},\"image\":{\"@id\":\"https:\/\/eladd.org\/en\/#\/schema\/logo\/image\/\"}}]}<\/script>\n<!-- \/ Yoast SEO plugin. -->","yoast_head_json":{"title":"Carmen Arriagada - Eladd En","robots":{"index":"index","follow":"follow","max-snippet":"max-snippet:-1","max-image-preview":"max-image-preview:large","max-video-preview":"max-video-preview:-1"},"canonical":"https:\/\/eladd.org\/en\/popular-authors\/carmen-arriagada\/","og_locale":"en_US","og_type":"article","og_title":"Carmen Arriagada - Eladd En","og_description":"[vc_row full_width=&rdquo;stretch_row&rdquo; css=&rdquo;.vc_custom_1762916711122{background-position: center !important;background-repeat: no-repeat !important;background-size: cover !important;}&rdquo;][vc_column][vc_column_text css=&rdquo;&rdquo; el_class=&rdquo;autoras__titulo&rdquo;] Carmen Arriagada Translation by Joyselene Mendoza [\/vc_column_text][\/vc_column][\/vc_row][vc_row full_width=&rdquo;stretch_row&rdquo; el_id=&rdquo;cuerpo&rdquo; css=&rdquo;.vc_custom_1762916717707{background-position: center !important;background-repeat: no-repeat !important;background-size: cover !important;}&rdquo;][vc_column][vc_column_text css=&rdquo;&rdquo; el_class=&rdquo;autoras__texto&rdquo;] Carmen Arriagada Garc&iacute;a was born in Chill&aacute;n, Chile in 1807 into&hellip;","og_url":"https:\/\/eladd.org\/en\/popular-authors\/carmen-arriagada\/","og_site_name":"Eladd En","article_modified_time":"2026-02-15T22:45:58+00:00","og_image":[{"url":"https:\/\/eladd.org\/wp-content\/uploads\/2014\/07\/carmen-arriagada.png","type":"","width":"","height":""}],"twitter_card":"summary_large_image","twitter_misc":{"Est. reading time":"6 minutes"},"schema":{"@context":"https:\/\/schema.org","@graph":[{"@type":"WebPage","@id":"https:\/\/eladd.org\/en\/popular-authors\/carmen-arriagada\/","url":"https:\/\/eladd.org\/en\/popular-authors\/carmen-arriagada\/","name":"Carmen Arriagada - Eladd En","isPartOf":{"@id":"https:\/\/eladd.org\/en\/#website"},"primaryImageOfPage":{"@id":"https:\/\/eladd.org\/en\/popular-authors\/carmen-arriagada\/#primaryimage"},"image":{"@id":"https:\/\/eladd.org\/en\/popular-authors\/carmen-arriagada\/#primaryimage"},"thumbnailUrl":"https:\/\/eladd.org\/wp-content\/uploads\/2014\/07\/carmen-arriagada.png","datePublished":"2014-07-02T18:39:35+00:00","dateModified":"2026-02-15T22:45:58+00:00","breadcrumb":{"@id":"https:\/\/eladd.org\/en\/popular-authors\/carmen-arriagada\/#breadcrumb"},"inLanguage":"en-US","potentialAction":[{"@type":"ReadAction","target":["https:\/\/eladd.org\/en\/popular-authors\/carmen-arriagada\/"]}]},{"@type":"ImageObject","inLanguage":"en-US","@id":"https:\/\/eladd.org\/en\/popular-authors\/carmen-arriagada\/#primaryimage","url":"https:\/\/eladd.org\/wp-content\/uploads\/2014\/07\/carmen-arriagada.png","contentUrl":"https:\/\/eladd.org\/wp-content\/uploads\/2014\/07\/carmen-arriagada.png"},{"@type":"BreadcrumbList","@id":"https:\/\/eladd.org\/en\/popular-authors\/carmen-arriagada\/#breadcrumb","itemListElement":[{"@type":"ListItem","position":1,"name":"Home","item":"https:\/\/eladd.org\/en\/"},{"@type":"ListItem","position":2,"name":"Popular Authors","item":"https:\/\/eladd.org\/en\/popular-authors\/"},{"@type":"ListItem","position":3,"name":"Carmen Arriagada"}]},{"@type":"WebSite","@id":"https:\/\/eladd.org\/en\/#website","url":"https:\/\/eladd.org\/en\/","name":"Eladd En","description":"Ninteenth-Century Latin American Women Writers","publisher":{"@id":"https:\/\/eladd.org\/en\/#organization"},"potentialAction":[{"@type":"SearchAction","target":{"@type":"EntryPoint","urlTemplate":"https:\/\/eladd.org\/en\/?s={search_term_string}"},"query-input":{"@type":"PropertyValueSpecification","valueRequired":true,"valueName":"search_term_string"}}],"inLanguage":"en-US"},{"@type":"Organization","@id":"https:\/\/eladd.org\/en\/#organization","name":"Eladd En","url":"https:\/\/eladd.org\/en\/","logo":{"@type":"ImageObject","inLanguage":"en-US","@id":"https:\/\/eladd.org\/en\/#\/schema\/logo\/image\/","url":"https:\/\/eladd.org\/en\/wp-content\/uploads\/sites\/2\/2025\/07\/logo-eladd.png","contentUrl":"https:\/\/eladd.org\/en\/wp-content\/uploads\/sites\/2\/2025\/07\/logo-eladd.png","width":324,"height":77,"caption":"Eladd En"},"image":{"@id":"https:\/\/eladd.org\/en\/#\/schema\/logo\/image\/"}}]}},"_links":{"self":[{"href":"https:\/\/eladd.org\/en\/wp-json\/wp\/v2\/pages\/47","targetHints":{"allow":["GET"]}}],"collection":[{"href":"https:\/\/eladd.org\/en\/wp-json\/wp\/v2\/pages"}],"about":[{"href":"https:\/\/eladd.org\/en\/wp-json\/wp\/v2\/types\/page"}],"author":[{"embeddable":true,"href":"https:\/\/eladd.org\/en\/wp-json\/wp\/v2\/users\/1"}],"replies":[{"embeddable":true,"href":"https:\/\/eladd.org\/en\/wp-json\/wp\/v2\/comments?post=47"}],"version-history":[{"count":13,"href":"https:\/\/eladd.org\/en\/wp-json\/wp\/v2\/pages\/47\/revisions"}],"predecessor-version":[{"id":24945,"href":"https:\/\/eladd.org\/en\/wp-json\/wp\/v2\/pages\/47\/revisions\/24945"}],"up":[{"embeddable":true,"href":"https:\/\/eladd.org\/en\/wp-json\/wp\/v2\/pages\/38"}],"wp:attachment":[{"href":"https:\/\/eladd.org\/en\/wp-json\/wp\/v2\/media?parent=47"}],"curies":[{"name":"wp","href":"https:\/\/api.w.org\/{rel}","templated":true}]}}