{"id":478,"date":"2015-03-15T17:51:12","date_gmt":"2015-03-15T17:51:12","guid":{"rendered":"https:\/\/eladd.org\/en\/?page_id=478"},"modified":"2025-11-12T03:56:38","modified_gmt":"2025-11-12T03:56:38","slug":"eva-verbel-y-marea","status":"publish","type":"page","link":"https:\/\/eladd.org\/en\/other-authors\/eva-verbel-y-marea\/","title":{"rendered":"Eva Verbel y Marea"},"content":{"rendered":"<div class=\"wpb-content-wrapper\">[vc_row full_width=&#8221;stretch_row&#8221; tablet_fullwidth_cols=&#8221;&#8221; bg_style=&#8221;repeat&#8221; css=&#8221;.vc_custom_1762919786714{background-position: 0 0 !important;background-repeat: repeat !important;}&#8221;][vc_column][vc_column_text el_class=&#8221;autoras__titulo&#8221;]\n<h2 style=\"text-align: center;\">Eva Verbel y Marea<\/h2>\n<p style=\"text-align: center;\">(1856-1900)<br \/>\n<img loading=\"lazy\" decoding=\"async\" class=\"size-full wp-image-1816 aligncenter\" src=\"\/\/eladd.org\/wp-content\/uploads\/2015\/09\/icon-space.png\" alt=\"icon-space\" width=\"150\" height=\"8\" \/>[\/vc_column_text][\/vc_column][\/vc_row][vc_row full_width=&#8221;stretch_row&#8221; el_id=&#8221;cuerpo&#8221; css=&#8221;.vc_custom_1762919793410{background-position: center !important;background-repeat: no-repeat !important;background-size: cover !important;}&#8221;][vc_column][vc_column_text el_class=&#8221;autoras__texto&#8221;]<strong>Eva Verbel y Marea (Colombia, 1856-1900?)<br \/>\nAlso known as: Eva Ceferina Verbel y Marea, Eva Verbel<br \/>\nPseudonym: Flora del Campo<\/strong><\/p>\n<p><strong><br \/>\nAuthor\u2019s Works: Original and Edited (Works are listed in chronological order)<br \/>\n<\/strong><\/p>\n<p>&nbsp;<\/p>\n<p>(1874). <em>Ensayos Po\u00e9ticos en dos series: verso y prosa<\/em>. Cartagena: A. Ara\u00fajo L.<\/p>\n<p>(1878). \u201cA mi coraz\u00f3n\u201d <em>La Mujer. Lecturas para las familias. Revista quincenal, redactada<br \/>\nexclusivamente por se\u00f1oras y se\u00f1oritas, bajo la direcci\u00f3n de la se\u00f1ora Soledad Acosta<br \/>\nde Samper<\/em> 1.2 (18 sept.): 32.<\/p>\n<p>(1878). \u201cA una flor silvestre\u201d <em>La Mujer. Lecturas para las familias. Revista quincenal,<br \/>\nredactada exclusivamente por se\u00f1oras y se\u00f1oritas, bajo la direcci\u00f3n de la se\u00f1ora<br \/>\nSoledad Acosta de Samper<\/em> 1.1 (1 sept.): 20.<\/p>\n<p>(1878). \u201cContrastes\u201d <em>La Mujer. Lecturas para las familias. Revista quincenal, redactada<br \/>\nexclusivamente por se\u00f1oras y se\u00f1oritas, bajo la direcci\u00f3n de la se\u00f1ora Soledad Acosta<br \/>\nde Samper<\/em> 1.1 (1 sept.): 21.<\/p>\n<p>(1878). \u201cP\u00e1ginas sueltas\u201d <em>La Mujer<\/em> 1: 20, 32.<\/p>\n<p>(1878). \u201cSilencio\u201d <em>La Mujer. Lecturas para las familias. Revista quincenal, redactada<br \/>\nexclusivamente por se\u00f1oras y se\u00f1oritas, bajo la direcci\u00f3n de la se\u00f1ora Soledad Acosta<br \/>\nde Samper<\/em> 1.1 (1 sept.): 21.<\/p>\n<p>(1878). \u201c\u00a1Sufre y espera!\u201d <em>La Mujer. Lecturas para las familias. Revista quincenal, redactada exclusivamente por se\u00f1oras y se\u00f1oritas, bajo la direcci\u00f3n de la se\u00f1ora Soledad Acosta<br \/>\nde Samper <\/em>1.6 (25 nov.): 144.<\/p>\n<p>(1879). \u201cLa fe\u201d <em>La Mujer. Lecturas para las familias. Revista quincenal, redactada<br \/>\nexclusivamente por se\u00f1oras y se\u00f1oritas, bajo la direcci\u00f3n de la se\u00f1ora Soledad Acosta<br \/>\nde Samper<\/em> 3.27 (1 nov.): 64-65.<\/p>\n<p>(1879). \u201cSoledad: novela original colombiana.\u201d <em>La Patria<\/em> 3: 26-31.<br \/>\n&#8212;. <em>Soledad, novela original<\/em>. Panam\u00e1: Imprenta y Encuadernaci\u00f3n de Aquilino Aguirre,<br \/>\n1893.<\/p>\n<p>(1880). \u201cA Mercedes\u201d <em>La Mujer. Lecturas para las familias. Revista quincenal, redactada<br \/>\nexclusivamente por se\u00f1oras y se\u00f1oritas, bajo la direcci\u00f3n de la se\u00f1ora Soledad Acosta<br \/>\nde Samper <\/em>4.43 (15 agosto): 150-51.<\/p>\n<p>(1880). \u201cLa Mujer\u201d \u201cA mis lectoras\u201d <em>La Mujer. Lecturas para las familias. Revista quincenal,<br \/>\nredactada exclusivamente por se\u00f1oras y se\u00f1oritas, bajo la direcci\u00f3n de la se\u00f1ora<br \/>\nSoledad Acosta de Samper<\/em> 3.33 (1 marzo): 207-209; 3.34 (24 marzo): 229-33; 3.35<br \/>\n(15 abril): 252-54; 3.36 (1 mayo): 277-80; 4.37 (15 mayo): 13-17; 4.38 (1 junio): 35-<br \/>\n37; 4.39 (15 junio): 62-62.<\/p>\n<p>(1880). \u201cLaureles\u201d <em>La Mujer. Lecturas para las familias. Revista quincenal, redactada<br \/>\nexclusivamente por se\u00f1oras y se\u00f1oritas, bajo la direcci\u00f3n de la se\u00f1ora Soledad Acosta<br \/>\nde Samper <\/em>4.41 (15 julio): 103.<\/p>\n<p>(1880). \u201cMi primer \u00a1ay!\u201d <em>La Mujer. Lecturas para las familias. Revista quincenal, redactada<br \/>\nexclusivamente por se\u00f1oras y se\u00f1oritas, bajo la direcci\u00f3n de la se\u00f1ora Soledad Acosta<br \/>\nde Samper<\/em> 5.51 (15 dec.): 55.<\/p>\n<p>(1880). \u201cReminiscencias\u201d <em>La Mujer. Lecturas para las familias. Revista quincenal, redactada<br \/>\nexclusivamente por se\u00f1oras y se\u00f1oritas, bajo la direcci\u00f3n de la se\u00f1ora Soledad Acosta<br \/>\nde Samper<\/em> 4.47 (15 oct.): 247.<\/p>\n<p>(1880). \u201cSu sue\u00f1o\u201d <em>La Mujer. Lecturas para las familias. Revista quincenal, redactada<br \/>\nexclusivamente por se\u00f1oras y se\u00f1oritas, bajo la direcci\u00f3n de la se\u00f1ora Soledad Acosta<br \/>\nde Samper<\/em> 4.44 (1 sept.): 175.<\/p>\n<p>(1881). \u201cToma tu cruz\u201d <em>La Mujer. Lecturas para las familias. Revista quincenal, redactada<br \/>\nexclusivamente por se\u00f1oras y se\u00f1oritas, bajo la direcci\u00f3n de la se\u00f1ora Soledad Acosta<br \/>\nde Samper<\/em> 5.59-60 (15 mayo): 250.<\/p>\n<p>(1882-84). <em>Folletines de \u201cLa Luz\u201d <\/em>Tomo 1. Ed. Rafa\u00e9l Mar\u00eda Merch\u00e1n. Bogot\u00e1: Imprenta de<br \/>\n\u201cLa Luz\u201d. 117-89.<br \/>\n&#8212;. <em>Folletines de \u201cLa Luz\u201d <\/em>Tomo 3. Ed. Rafa\u00e9l Mar\u00eda Merch\u00e1n. Bogot\u00e1: Imprenta de<br \/>\n\u201cLa Luz\u201d, 1882-1884. 289-361.<\/p>\n<p>(1884). <em>El Parnaso Colombiano<\/em>. Ed. Julio \u00c1\u00f1ez. 1\u00aa ed. Bogot\u00e1: Imprenta de Medardo Rivas.<\/p>\n<p>(1886). <em>Homenaje del Gobierno de Colombia al Capit\u00e1n Antonio Ricaurte, h\u00e9roe de San<br \/>\nMateo, en el primer centenario de su natalicio<\/em>. Ed. Cupertino Salgado. Bogot\u00e1:<br \/>\nImprenta de \u201cLa Luz\u201d.<\/p>\n<p>(1897). <em>Antolog\u00eda americana: colecci\u00f3n de composiciones escogidas de los m\u00e1s renombrados<br \/>\npoetas americanos<\/em>. Barcelona: Montaner y Sim\u00f3n.<\/p>\n<p>(1975). <em>Poes\u00eda de autoras colombianas<\/em>. Ed. Eddy Torres. Bogot\u00e1: Oficina de Divulgaci\u00f3n de la Caja de Cr\u00e9dito Agrario. 87-92.<\/p>\n<p><strong>Critical Works (Reference Materials, Books, Book Chapters, Journal Articles, Encyclopedias, Theses\/Dissertations, Media and Internet Sources) <\/strong><\/p>\n<p>Aguirre Gaviria, B.E. <em>Entre el desaf\u00edo y la sumisi\u00f3n: dos revistas femeninas de Colombia y M\u00e9xico en el siglo XIX<\/em>. Diss. State University of New York at Binghamton, 1995. Ann Arbor: UMI, 1995. 194, 195, 232-39.<\/p>\n<p>Blanco, Marcial. <em>Eva C. Verbel y Marea: poetisa e institutora: esbozo biogr\u00e1fico dedicado a Rafael Pombo, en prueba de cari\u00f1o<\/em>. Bogot\u00e1: Imprenta de Antonio Aria Silvestre, 1894. 16.<\/p>\n<p>Hincapi\u00e9, Luz. \u201cVirgen, \u00e1ngel, flor y debilidad: paradigmas de la imagen de la mujer en la literatura de finales del siglo XIX\u201d. <em>Tabula Rasa<\/em> 6 (enero \u2013 junio 2007): 287-307. 287, 289, 291, 295, 296, 298-300, 302-4.<\/p>\n<p>Rodr\u00edguez-Arenas, Flor Mar\u00eda. <em>Bibliograf\u00eda de la literatura colombiana del siglo XIX<\/em>. Tomo 2. Buenos Aires: Stockcero, 2006. 460-71.<\/p>\n<p><img loading=\"lazy\" decoding=\"async\" class=\"aligncenter size-full wp-image-606\" src=\"https:\/\/eladd.org\/wp-content\/uploads\/2014\/07\/logo-footer.png\" alt=\"logo-footer\" width=\"260\" height=\"70\" \/>[\/vc_column_text][vc_single_image image=&#8221;660&#8243; alignment=&#8221;center&#8221; css=&#8221;.vc_custom_1446670823436{margin-top: 35px !important;}&#8221;][\/vc_column][\/vc_row]\n<\/div>","protected":false},"excerpt":{"rendered":"<p>[vc_row full_width=&rdquo;stretch_row&rdquo; tablet_fullwidth_cols=&rdquo;&rdquo; bg_style=&rdquo;repeat&rdquo; css=&rdquo;.vc_custom_1762919786714{background-position: 0 0 !important;background-repeat: repeat !important;}&rdquo;][vc_column][vc_column_text el_class=&rdquo;autoras__titulo&rdquo;] Eva Verbel y Marea (1856-1900) [\/vc_column_text][\/vc_column][\/vc_row][vc_row full_width=&rdquo;stretch_row&rdquo; el_id=&rdquo;cuerpo&rdquo; css=&rdquo;.vc_custom_1762919793410{background-position: center !important;background-repeat: no-repeat !important;background-size: cover !important;}&rdquo;][vc_column][vc_column_text el_class=&rdquo;autoras__texto&rdquo;]Eva Verbel y Marea (Colombia, 1856-1900?) Also known as: Eva Ceferina Verbel y Marea,&hellip;<\/p>\n","protected":false},"author":3,"featured_media":0,"parent":98,"menu_order":0,"comment_status":"closed","ping_status":"closed","template":"","meta":{"footnotes":""},"class_list":["post-478","page","type-page","status-publish","hentry","entry","no-media"],"yoast_head":"<!-- This site is optimized with the Yoast SEO plugin v26.1.1 - https:\/\/yoast.com\/wordpress\/plugins\/seo\/ -->\n<title>Eva Verbel y Marea - Eladd En<\/title>\n<meta name=\"robots\" content=\"index, follow, max-snippet:-1, max-image-preview:large, max-video-preview:-1\" \/>\n<link rel=\"canonical\" href=\"https:\/\/eladd.org\/en\/other-authors\/eva-verbel-y-marea\/\" \/>\n<meta property=\"og:locale\" content=\"en_US\" \/>\n<meta property=\"og:type\" content=\"article\" \/>\n<meta property=\"og:title\" content=\"Eva Verbel y Marea - Eladd En\" \/>\n<meta property=\"og:description\" content=\"[vc_row full_width=&rdquo;stretch_row&rdquo; tablet_fullwidth_cols=&rdquo;&rdquo; bg_style=&rdquo;repeat&rdquo; css=&rdquo;.vc_custom_1762919786714{background-position: 0 0 !important;background-repeat: repeat !important;}&rdquo;][vc_column][vc_column_text el_class=&rdquo;autoras__titulo&rdquo;] Eva Verbel y Marea (1856-1900) [\/vc_column_text][\/vc_column][\/vc_row][vc_row full_width=&rdquo;stretch_row&rdquo; el_id=&rdquo;cuerpo&rdquo; css=&rdquo;.vc_custom_1762919793410{background-position: center !important;background-repeat: no-repeat !important;background-size: cover !important;}&rdquo;][vc_column][vc_column_text el_class=&rdquo;autoras__texto&rdquo;]Eva Verbel y Marea (Colombia, 1856-1900?) Also known as: Eva Ceferina Verbel y Marea,&hellip;\" \/>\n<meta property=\"og:url\" content=\"https:\/\/eladd.org\/en\/other-authors\/eva-verbel-y-marea\/\" \/>\n<meta property=\"og:site_name\" content=\"Eladd En\" \/>\n<meta property=\"article:modified_time\" content=\"2025-11-12T03:56:38+00:00\" \/>\n<meta property=\"og:image\" content=\"https:\/\/eladd.org\/wp-content\/uploads\/2014\/07\/logo-footer.png\" \/>\n<meta name=\"twitter:card\" content=\"summary_large_image\" \/>\n<meta name=\"twitter:label1\" content=\"Est. reading time\" \/>\n\t<meta name=\"twitter:data1\" content=\"4 minutes\" \/>\n<script type=\"application\/ld+json\" class=\"yoast-schema-graph\">{\"@context\":\"https:\/\/schema.org\",\"@graph\":[{\"@type\":\"WebPage\",\"@id\":\"https:\/\/eladd.org\/en\/other-authors\/eva-verbel-y-marea\/\",\"url\":\"https:\/\/eladd.org\/en\/other-authors\/eva-verbel-y-marea\/\",\"name\":\"Eva Verbel y Marea - Eladd En\",\"isPartOf\":{\"@id\":\"https:\/\/eladd.org\/en\/#website\"},\"primaryImageOfPage\":{\"@id\":\"https:\/\/eladd.org\/en\/other-authors\/eva-verbel-y-marea\/#primaryimage\"},\"image\":{\"@id\":\"https:\/\/eladd.org\/en\/other-authors\/eva-verbel-y-marea\/#primaryimage\"},\"thumbnailUrl\":\"https:\/\/eladd.org\/wp-content\/uploads\/2014\/07\/logo-footer.png\",\"datePublished\":\"2015-03-15T17:51:12+00:00\",\"dateModified\":\"2025-11-12T03:56:38+00:00\",\"breadcrumb\":{\"@id\":\"https:\/\/eladd.org\/en\/other-authors\/eva-verbel-y-marea\/#breadcrumb\"},\"inLanguage\":\"en-US\",\"potentialAction\":[{\"@type\":\"ReadAction\",\"target\":[\"https:\/\/eladd.org\/en\/other-authors\/eva-verbel-y-marea\/\"]}]},{\"@type\":\"ImageObject\",\"inLanguage\":\"en-US\",\"@id\":\"https:\/\/eladd.org\/en\/other-authors\/eva-verbel-y-marea\/#primaryimage\",\"url\":\"https:\/\/eladd.org\/wp-content\/uploads\/2014\/07\/logo-footer.png\",\"contentUrl\":\"https:\/\/eladd.org\/wp-content\/uploads\/2014\/07\/logo-footer.png\"},{\"@type\":\"BreadcrumbList\",\"@id\":\"https:\/\/eladd.org\/en\/other-authors\/eva-verbel-y-marea\/#breadcrumb\",\"itemListElement\":[{\"@type\":\"ListItem\",\"position\":1,\"name\":\"Home\",\"item\":\"https:\/\/eladd.org\/en\/\"},{\"@type\":\"ListItem\",\"position\":2,\"name\":\"Other Authors\",\"item\":\"https:\/\/eladd.org\/en\/other-authors\/\"},{\"@type\":\"ListItem\",\"position\":3,\"name\":\"Eva Verbel y Marea\"}]},{\"@type\":\"WebSite\",\"@id\":\"https:\/\/eladd.org\/en\/#website\",\"url\":\"https:\/\/eladd.org\/en\/\",\"name\":\"Eladd En\",\"description\":\"Ninteenth-Century Latin American Women Writers\",\"publisher\":{\"@id\":\"https:\/\/eladd.org\/en\/#organization\"},\"potentialAction\":[{\"@type\":\"SearchAction\",\"target\":{\"@type\":\"EntryPoint\",\"urlTemplate\":\"https:\/\/eladd.org\/en\/?s={search_term_string}\"},\"query-input\":{\"@type\":\"PropertyValueSpecification\",\"valueRequired\":true,\"valueName\":\"search_term_string\"}}],\"inLanguage\":\"en-US\"},{\"@type\":\"Organization\",\"@id\":\"https:\/\/eladd.org\/en\/#organization\",\"name\":\"Eladd En\",\"url\":\"https:\/\/eladd.org\/en\/\",\"logo\":{\"@type\":\"ImageObject\",\"inLanguage\":\"en-US\",\"@id\":\"https:\/\/eladd.org\/en\/#\/schema\/logo\/image\/\",\"url\":\"https:\/\/eladd.org\/en\/wp-content\/uploads\/sites\/2\/2025\/07\/logo-eladd.png\",\"contentUrl\":\"https:\/\/eladd.org\/en\/wp-content\/uploads\/sites\/2\/2025\/07\/logo-eladd.png\",\"width\":324,\"height\":77,\"caption\":\"Eladd En\"},\"image\":{\"@id\":\"https:\/\/eladd.org\/en\/#\/schema\/logo\/image\/\"}}]}<\/script>\n<!-- \/ Yoast SEO plugin. -->","yoast_head_json":{"title":"Eva Verbel y Marea - Eladd En","robots":{"index":"index","follow":"follow","max-snippet":"max-snippet:-1","max-image-preview":"max-image-preview:large","max-video-preview":"max-video-preview:-1"},"canonical":"https:\/\/eladd.org\/en\/other-authors\/eva-verbel-y-marea\/","og_locale":"en_US","og_type":"article","og_title":"Eva Verbel y Marea - Eladd En","og_description":"[vc_row full_width=&rdquo;stretch_row&rdquo; tablet_fullwidth_cols=&rdquo;&rdquo; bg_style=&rdquo;repeat&rdquo; css=&rdquo;.vc_custom_1762919786714{background-position: 0 0 !important;background-repeat: repeat !important;}&rdquo;][vc_column][vc_column_text el_class=&rdquo;autoras__titulo&rdquo;] Eva Verbel y Marea (1856-1900) [\/vc_column_text][\/vc_column][\/vc_row][vc_row full_width=&rdquo;stretch_row&rdquo; el_id=&rdquo;cuerpo&rdquo; css=&rdquo;.vc_custom_1762919793410{background-position: center !important;background-repeat: no-repeat !important;background-size: cover !important;}&rdquo;][vc_column][vc_column_text el_class=&rdquo;autoras__texto&rdquo;]Eva Verbel y Marea (Colombia, 1856-1900?) Also known as: Eva Ceferina Verbel y Marea,&hellip;","og_url":"https:\/\/eladd.org\/en\/other-authors\/eva-verbel-y-marea\/","og_site_name":"Eladd En","article_modified_time":"2025-11-12T03:56:38+00:00","og_image":[{"url":"https:\/\/eladd.org\/wp-content\/uploads\/2014\/07\/logo-footer.png","type":"","width":"","height":""}],"twitter_card":"summary_large_image","twitter_misc":{"Est. reading time":"4 minutes"},"schema":{"@context":"https:\/\/schema.org","@graph":[{"@type":"WebPage","@id":"https:\/\/eladd.org\/en\/other-authors\/eva-verbel-y-marea\/","url":"https:\/\/eladd.org\/en\/other-authors\/eva-verbel-y-marea\/","name":"Eva Verbel y Marea - Eladd En","isPartOf":{"@id":"https:\/\/eladd.org\/en\/#website"},"primaryImageOfPage":{"@id":"https:\/\/eladd.org\/en\/other-authors\/eva-verbel-y-marea\/#primaryimage"},"image":{"@id":"https:\/\/eladd.org\/en\/other-authors\/eva-verbel-y-marea\/#primaryimage"},"thumbnailUrl":"https:\/\/eladd.org\/wp-content\/uploads\/2014\/07\/logo-footer.png","datePublished":"2015-03-15T17:51:12+00:00","dateModified":"2025-11-12T03:56:38+00:00","breadcrumb":{"@id":"https:\/\/eladd.org\/en\/other-authors\/eva-verbel-y-marea\/#breadcrumb"},"inLanguage":"en-US","potentialAction":[{"@type":"ReadAction","target":["https:\/\/eladd.org\/en\/other-authors\/eva-verbel-y-marea\/"]}]},{"@type":"ImageObject","inLanguage":"en-US","@id":"https:\/\/eladd.org\/en\/other-authors\/eva-verbel-y-marea\/#primaryimage","url":"https:\/\/eladd.org\/wp-content\/uploads\/2014\/07\/logo-footer.png","contentUrl":"https:\/\/eladd.org\/wp-content\/uploads\/2014\/07\/logo-footer.png"},{"@type":"BreadcrumbList","@id":"https:\/\/eladd.org\/en\/other-authors\/eva-verbel-y-marea\/#breadcrumb","itemListElement":[{"@type":"ListItem","position":1,"name":"Home","item":"https:\/\/eladd.org\/en\/"},{"@type":"ListItem","position":2,"name":"Other Authors","item":"https:\/\/eladd.org\/en\/other-authors\/"},{"@type":"ListItem","position":3,"name":"Eva Verbel y Marea"}]},{"@type":"WebSite","@id":"https:\/\/eladd.org\/en\/#website","url":"https:\/\/eladd.org\/en\/","name":"Eladd En","description":"Ninteenth-Century Latin American Women Writers","publisher":{"@id":"https:\/\/eladd.org\/en\/#organization"},"potentialAction":[{"@type":"SearchAction","target":{"@type":"EntryPoint","urlTemplate":"https:\/\/eladd.org\/en\/?s={search_term_string}"},"query-input":{"@type":"PropertyValueSpecification","valueRequired":true,"valueName":"search_term_string"}}],"inLanguage":"en-US"},{"@type":"Organization","@id":"https:\/\/eladd.org\/en\/#organization","name":"Eladd En","url":"https:\/\/eladd.org\/en\/","logo":{"@type":"ImageObject","inLanguage":"en-US","@id":"https:\/\/eladd.org\/en\/#\/schema\/logo\/image\/","url":"https:\/\/eladd.org\/en\/wp-content\/uploads\/sites\/2\/2025\/07\/logo-eladd.png","contentUrl":"https:\/\/eladd.org\/en\/wp-content\/uploads\/sites\/2\/2025\/07\/logo-eladd.png","width":324,"height":77,"caption":"Eladd En"},"image":{"@id":"https:\/\/eladd.org\/en\/#\/schema\/logo\/image\/"}}]}},"_links":{"self":[{"href":"https:\/\/eladd.org\/en\/wp-json\/wp\/v2\/pages\/478","targetHints":{"allow":["GET"]}}],"collection":[{"href":"https:\/\/eladd.org\/en\/wp-json\/wp\/v2\/pages"}],"about":[{"href":"https:\/\/eladd.org\/en\/wp-json\/wp\/v2\/types\/page"}],"author":[{"embeddable":true,"href":"https:\/\/eladd.org\/en\/wp-json\/wp\/v2\/users\/3"}],"replies":[{"embeddable":true,"href":"https:\/\/eladd.org\/en\/wp-json\/wp\/v2\/comments?post=478"}],"version-history":[{"count":7,"href":"https:\/\/eladd.org\/en\/wp-json\/wp\/v2\/pages\/478\/revisions"}],"predecessor-version":[{"id":24829,"href":"https:\/\/eladd.org\/en\/wp-json\/wp\/v2\/pages\/478\/revisions\/24829"}],"up":[{"embeddable":true,"href":"https:\/\/eladd.org\/en\/wp-json\/wp\/v2\/pages\/98"}],"wp:attachment":[{"href":"https:\/\/eladd.org\/en\/wp-json\/wp\/v2\/media?parent=478"}],"curies":[{"name":"wp","href":"https:\/\/api.w.org\/{rel}","templated":true}]}}