{"id":485,"date":"2015-03-15T17:54:29","date_gmt":"2015-03-15T17:54:29","guid":{"rendered":"https:\/\/eladd.org\/en\/?page_id=485"},"modified":"2025-11-12T03:58:23","modified_gmt":"2025-11-12T03:58:23","slug":"nieves-xenes-y-duarte","status":"publish","type":"page","link":"https:\/\/eladd.org\/en\/other-authors\/nieves-xenes-y-duarte\/","title":{"rendered":"Nieves Xenes y Duarte"},"content":{"rendered":"<div class=\"wpb-content-wrapper\">[vc_row full_width=&#8221;stretch_row&#8221; tablet_fullwidth_cols=&#8221;&#8221; bg_style=&#8221;repeat&#8221; css=&#8221;.vc_custom_1762919853676{background-position: 0 0 !important;background-repeat: repeat !important;}&#8221;][vc_column][vc_column_text el_class=&#8221;autoras__titulo&#8221;]\n<h2 style=\"text-align: center;\">Nieves Xenes y Duarte<\/h2>\n<p style=\"text-align: center;\">(1859-1915)<br \/>\n<img loading=\"lazy\" decoding=\"async\" class=\"size-full wp-image-1816 aligncenter\" src=\"\/\/eladd.org\/wp-content\/uploads\/2015\/09\/icon-space.png\" alt=\"icon-space\" width=\"150\" height=\"8\" \/>[\/vc_column_text][\/vc_column][\/vc_row][vc_row full_width=&#8221;stretch_row&#8221; el_id=&#8221;cuerpo&#8221; css=&#8221;.vc_custom_1762919864115{background-position: center !important;background-repeat: no-repeat !important;background-size: cover !important;}&#8221;][vc_column][vc_column_text el_class=&#8221;autoras__texto&#8221;]<strong>Nieves Xenes y Duarte (Cuba, 1859-1915)<br \/>\nAlso known as: A. Nieves Xenes y Duarte, Nieves Xenes, Nieves Zenes y Duarte, Nieves Xenes Duarte<\/strong><\/p>\n<p><img loading=\"lazy\" decoding=\"async\" class=\"size-medium wp-image-1234 alignright\" src=\"https:\/\/eladd.org\/wp-content\/uploads\/2015\/03\/nieves-300x296.png\" alt=\"nieves\" width=\"300\" height=\"296\" \/><\/p>\n<p><strong>Author\u2019s Works: Original and Edited (Works are listed in chronological order)<\/strong><\/p>\n<p>(1906). \u201cUna confesi\u00f3n.\u201d Ed. Adri\u00e1n del Valle. <em>El parnaso cubano<\/em>. Barcelona: Maucci, 1906. 237-38.<\/p>\n<p>(1913). Ed. Antonio Gonz\u00e1lez Curquejo. <em>Florilegio de escritoras cubanas<\/em>. Tomo 2. La Habana: Aurelio Miranda. 139-51.<\/p>\n<p>(1915). <em>Poes\u00edas<\/em>. Pr\u00f3l. Aurelia Castillo de Gonz\u00e1lez. La Habana: El Siglo XX de A. Miranda.<br \/>\n&#8212;, <em>Poes\u00edas<\/em>. La Habana: Editorial Letras Cubanas, 1984.<\/p>\n<p>(1926). Ed. Domitila de Garc\u00eda de Coronado. <em>\u00c1lbum po\u00e9tico-fotogr\u00e1fico de escritoras poetisas cubanas, escrito en 1868 para la se\u00f1ora Do\u00f1a Gertrudis G\u00f3mez de Avellaneda<\/em>. La Habana: Imprenta de El F\u00edgaro. 200-05.<\/p>\n<p>(1928). Ed. Jos\u00e9 Manuel Carbonell y Rivero. <em>La poes\u00eda l\u00edrica en Cuba<\/em>. Tomo 4. La Habana: Imprenta El Siglo XX. 276-81.<\/p>\n<p>(1958). Ed. Jos\u00e9 Mari\u00e1 Chac\u00f3n y Calvo. <em>Las cien mejores poes\u00edas cubanas<\/em>. Madrid: Ediciones Cultura Hisp\u00e1nica. 239-40.<\/p>\n<p>(1965). Ed. Jos\u00e9 Lezama Lima. <em>Antolog\u00eda de la poes\u00eda cubana<\/em>. Tomo 3. La Habana: Direcci\u00f3n de Cultura. 413-20.<\/p>\n<p>(1965). <em>Poemas. Nieves Xenes en el 106 aniversario de su natalicio<\/em>. La Habana: Consejo Nacional de Cultura. Coordinaci\u00f3n Provincial Habana.<\/p>\n<p>(1969). \u201cUna confesi\u00f3n.\u201d Ed. Rafael Est\u00e9nger. <em>Cien de las mejores poes\u00edas cubanas<\/em>. Miami: Mnemosyne Publishing Inc. 262-64.<\/p>\n<p>(1989). \u201cUna confesi\u00f3n.\u201d <em>Esquema hist\u00f3rico-biogr\u00e1fico de la literatura antillana femenina en el siglo XIX<\/em>. Elisa Carmen Colberg. Diss. The University of North Carolina at Chapel Hill, 1989. Ann Arbor: ProQuest\/UMI, 1989. 219-20.<\/p>\n<p>(2006). \u201cSelecci\u00f3n de su Poes\u00edas.\u201d Ed. Cira Romero. <em>Mi desposado, el viento: antolog\u00eda po\u00e9tica<\/em>. La Habana: Editorial Letras Cubanas. 93-107.<\/p>\n<p>(2008). Ed. Jabier H. Pizarroso. <em>La voz de la manigua<\/em>. Sevilla: Mono Azul Editora. 168-73.<\/p>\n<p>(2011). Ed. Milena Rodr\u00edguez Guti\u00e9rrez. <em>Otra Cuba secreta: antolog\u00eda de poetas cubanas del XIX y del XX<\/em>. Madrid: Editorial Verbum. 152-60.<\/p>\n<p><strong>Critical Works (Reference Materials, Books, Book Chapters, Journal Articles, Encyclopedias, Theses\/Dissertations, Media and Internet Sources)<br \/>\n<\/strong><\/p>\n<p>Calcagno, Francisco. <em>Diccionario biogr\u00e1fico cubano<\/em>. Nueva York: N. Ponce de Le\u00f3n, 1878. 698-99.<\/p>\n<p>Carbonell, Jos\u00e9 Manuel. \u201cNieves Xenes Duarte (1859-1915).\u201d <em>La poes\u00eda l\u00edrica en Cuba<\/em>. Tomo 4. La Habana: Imprenta El Siglo XX, 1928. 274-75.<\/p>\n<p>Castillo de Gonz\u00e1lez, Aureila. \u201cLa vida y los versos de Nieves Xenes.\u201d <em>El F\u00edgaro<\/em> 2 enero 1916: 1-2.<\/p>\n<p>Chac\u00f3n y Calvo, Jos\u00e9 Mar\u00eda. \u201cNieves Xenes.\u201d <em>Las cien mejores poes\u00edas cubanas<\/em>. Madrid: Editorial Reus, 1922. 249.<\/p>\n<p>Colberg, Carmen Elisa. <em>Esquema hist\u00f3rico-biogr\u00e1fico de la literatura antillana femenina en el siglo XIX<\/em>. Diss. The University of North Carolina at Chapel Hill. Ann Arbor: ProQuest\/UMI, 1989. ix, 97, 124-26, 219.<\/p>\n<p>Est\u00e9nger, Rafael. <em>Cien de las mejores poes\u00edas cubanas<\/em>. Miami: Mnemosyne Publishing Inc., 1969. 262.<\/p>\n<p>Fowler, V\u00edctor. \u201cFin y salida del siglo XIX.\u201d <em>Mujeres latinoamericanas: Historia y cultura siglos XVI al XIX<\/em>. Tomo 2. Ed. Luisa Campuzano. La Habana: Casa de las Am\u00e9ricas, 1997. 315-22.<\/p>\n<p>Garc\u00eda de Coronado, Domitila. \u201cNieves Xenes y Duarte.\u201d <em>\u00c1lbum po\u00e9tico-fotogr\u00e1fico de escritoras poetisas cubanas escrito en 1868 para la se\u00f1ora Do\u00f1a Gertrudis G\u00f3mez de Avellaneda<\/em>. La Habana: Imprenta de El F\u00edgaro, 1926. 199-200.<\/p>\n<p>Gonz\u00e1lez, Ronel, Zenovio Hern\u00e1ndez y Anicia Cruz. <em>Selva interior. Estudio cr\u00edtico de la poes\u00eda en Holgu\u00edn (1862-1930)<\/em>. Holgu\u00edn: Ediciones Holgu\u00edn, 2002. 47.<\/p>\n<p>Gonz\u00e1lez Curquejo, Antonio. \u201cNieves Xenes.\u201d <em>Florilegio de escritoras cubanas<\/em>. La Habana: Aurelio Miranda, 1913. 135-38.<\/p>\n<p>Henr\u00edquez Ure\u00f1a, Max. <em>Panorama hist\u00f3rico de la literatura cubana<\/em>. Tomo 2. Nueva York: Las Am\u00e9ricas Publishing Company, 1963. 119.<\/p>\n<p>Lazo, Raimundo. \u201cNieves Xenes.\u201d <em>El romanticismo<\/em>. M\u00e9xico D. F.: Editorial Porr\u00faa, 1971. 88.<\/p>\n<p>Lezama Lima, Jos\u00e9. \u201cNieves Xenes.\u201d <em>Antolog\u00eda de la poes\u00eda cubana<\/em>. Tomo 3. La Habana: 1965. 411-12.<\/p>\n<p>Montero, Susana. \u201c3.7.1 Los poetas de transici\u00f3n del periodo.\u201d <em>Historia de la Literatura cubana. La colonia: desde los or\u00edgenes hasta 1898<\/em>. Tomo 1. Ed. Jos\u00e9 Antonio Portuondo Valdor. La Habana: Letras Cubanas, 2002. 510-11.<\/p>\n<p>Pizarroso, Jabier H., ed. <em>La voz de la manigua<\/em>. Sevilla: Mono Azul Editora, 2008. 166-67.<\/p>\n<p>Portuondo Valdor, Jos\u00e9 Antonio, ed. <em>Historia de la literatura cubana. La colonia: desde los or\u00edgenes hasta 1898<\/em>. Tomo 1. La Habana: Letras Cubanas, 2002. 452, 454, 510, 543.<\/p>\n<p>R. B. \u201cDos poetisas (Luisa P\u00e9rez de Zambrana y Nieves Xenes).\u201d <em>Cuba y Am\u00e9rica<\/em> 2.4 (1914): 162.<\/p>\n<p>Remos, Juan J. <em>Historia de la literatura cubana<\/em>. Tomo 2. Habana, 1945. 495.<\/p>\n<p>&#8212;. <em>Proceso hist\u00f3rico de las letras cubanas<\/em>. Madrid: Ediciones Guadarrama, 1958. 184-85.<\/p>\n<p>Rocasolano, Alberto. \u201cNieves Xenes.\u201d <em>Poetisas cubanas<\/em>. La Habana: Editorial Letras Cubanas, 1985. 144-45.<\/p>\n<p>Romero, Cira. <em>Mi desposado, el viento: antolog\u00eda po\u00e9tica<\/em>. La Habana: Editorial Letras Cubanas, 2006. 91, 108-109.<\/p>\n<p>Rodr\u00edguez Guti\u00e9rrez, Milena ed. <em>Otra Cuba secreta: antolog\u00eda de poetas cubanas del XIX y del XX<\/em>. Madrid: Editorial Verbum, 2011. 150-51.<\/p>\n<p>Romero, Cira. \u201cNieves Xenes.\u201d <em>Mi desposado, el viento: antolog\u00eda po\u00e9tica<\/em>. La Habana: Editorial Letras Cubanas, 2006. 91.<\/p>\n<p>Salinas Croche, E. \u201cNieves Xenes: insigne poetisa quivicanera.\u201d <em>Antorcha<\/em> 30 agosto 1949: 12.<\/p>\n<p>Teipe, William A. <em>Deconstructing Modernismo Constructing Modernity in the Work of the Cuban Poets Juana Borrero, Mercedes Matamoros, Nieves Xenes, and Dulce Mar\u00eda Borrero de Luj\u00e1n<\/em>. Diss. University of California, Irvine. Ann Arbor: ProQuest\/UMI, 2007. AAT 3273866.<\/p>\n<p>Vallejo, Catharina V. \u201cFrom Muse to Poet: Paratextual Practices of Women Poets in Cuba at the End of the Nineteenth Century.\u201d <em>Decimon\u00f3nica<\/em> 4.1 (2007): 80-93.<\/p>\n<p>&#8212;. <em>The Women in the Men\u2019s Club: Women Modernista Poets in Cuba (1880-1910)<\/em>. New Orleans: University Press of the South, 2012. XI, XIII, 51, 61, 65-72, 82-3, 96, 112-16, 118-19, 123-28, 132, 135.<\/p>\n<p>&#8212;. \u201cWomen Writers and Modernismo: Strategies of Expression in the Cuban Poet Nieves Xenes.\u201d <em>Revista Canadiense de Estudios Hisp\u00e1nicos<\/em> 26 (2002): 511-26.<\/p>\n<p>Velasco y P\u00e9rez, Carlos. \u201cNotas editoriales: Nieves Xenes.\u201d <em>Cuba Contempor\u00e1nea<\/em> 8 (1915): 394.<\/p>\n<p>Zald\u00edvar, Gladys. \u201cLa poes\u00eda de Nieves Xenes: el prosa\u00edsmo, lo panfletario y el homoerotismo.\u201d <em>C\u00edrculo: Revista de Cultura<\/em> 38 (2009): 70-3.<\/p>\n<p>&nbsp;<\/p>\n<p><img loading=\"lazy\" decoding=\"async\" class=\"aligncenter size-full wp-image-608\" src=\"https:\/\/eladd.org\/wp-content\/uploads\/2014\/02\/logo-footer-2.png\" alt=\"logo-footer-2\" width=\"260\" height=\"70\" \/>[\/vc_column_text][vc_single_image image=&#8221;660&#8243; alignment=&#8221;center&#8221; css=&#8221;.vc_custom_1446670823436{margin-top: 35px !important;}&#8221;][\/vc_column][\/vc_row]\n<\/div>","protected":false},"excerpt":{"rendered":"<p>[vc_row full_width=&rdquo;stretch_row&rdquo; tablet_fullwidth_cols=&rdquo;&rdquo; bg_style=&rdquo;repeat&rdquo; css=&rdquo;.vc_custom_1762919853676{background-position: 0 0 !important;background-repeat: repeat !important;}&rdquo;][vc_column][vc_column_text el_class=&rdquo;autoras__titulo&rdquo;] Nieves Xenes y Duarte (1859-1915) [\/vc_column_text][\/vc_column][\/vc_row][vc_row full_width=&rdquo;stretch_row&rdquo; el_id=&rdquo;cuerpo&rdquo; css=&rdquo;.vc_custom_1762919864115{background-position: center !important;background-repeat: no-repeat !important;background-size: cover !important;}&rdquo;][vc_column][vc_column_text el_class=&rdquo;autoras__texto&rdquo;]Nieves Xenes y Duarte (Cuba, 1859-1915) Also known as: A. Nieves Xenes y Duarte,&hellip;<\/p>\n","protected":false},"author":3,"featured_media":0,"parent":98,"menu_order":0,"comment_status":"closed","ping_status":"closed","template":"","meta":{"footnotes":""},"class_list":["post-485","page","type-page","status-publish","hentry","entry","no-media"],"yoast_head":"<!-- This site is optimized with the Yoast SEO plugin v26.1.1 - https:\/\/yoast.com\/wordpress\/plugins\/seo\/ -->\n<title>Nieves Xenes y Duarte - Eladd En<\/title>\n<meta name=\"robots\" content=\"index, follow, max-snippet:-1, max-image-preview:large, max-video-preview:-1\" \/>\n<link rel=\"canonical\" href=\"https:\/\/eladd.org\/en\/other-authors\/nieves-xenes-y-duarte\/\" \/>\n<meta property=\"og:locale\" content=\"en_US\" \/>\n<meta property=\"og:type\" content=\"article\" \/>\n<meta property=\"og:title\" content=\"Nieves Xenes y Duarte - Eladd En\" \/>\n<meta property=\"og:description\" content=\"[vc_row full_width=&rdquo;stretch_row&rdquo; tablet_fullwidth_cols=&rdquo;&rdquo; bg_style=&rdquo;repeat&rdquo; css=&rdquo;.vc_custom_1762919853676{background-position: 0 0 !important;background-repeat: repeat !important;}&rdquo;][vc_column][vc_column_text el_class=&rdquo;autoras__titulo&rdquo;] Nieves Xenes y Duarte (1859-1915) [\/vc_column_text][\/vc_column][\/vc_row][vc_row full_width=&rdquo;stretch_row&rdquo; el_id=&rdquo;cuerpo&rdquo; css=&rdquo;.vc_custom_1762919864115{background-position: center !important;background-repeat: no-repeat !important;background-size: cover !important;}&rdquo;][vc_column][vc_column_text el_class=&rdquo;autoras__texto&rdquo;]Nieves Xenes y Duarte (Cuba, 1859-1915) Also known as: A. Nieves Xenes y Duarte,&hellip;\" \/>\n<meta property=\"og:url\" content=\"https:\/\/eladd.org\/en\/other-authors\/nieves-xenes-y-duarte\/\" \/>\n<meta property=\"og:site_name\" content=\"Eladd En\" \/>\n<meta property=\"article:modified_time\" content=\"2025-11-12T03:58:23+00:00\" \/>\n<meta property=\"og:image\" content=\"https:\/\/eladd.org\/wp-content\/uploads\/2015\/03\/nieves-300x296.png\" \/>\n<meta name=\"twitter:card\" content=\"summary_large_image\" \/>\n<meta name=\"twitter:label1\" content=\"Est. reading time\" \/>\n\t<meta name=\"twitter:data1\" content=\"5 minutes\" \/>\n<script type=\"application\/ld+json\" class=\"yoast-schema-graph\">{\"@context\":\"https:\/\/schema.org\",\"@graph\":[{\"@type\":\"WebPage\",\"@id\":\"https:\/\/eladd.org\/en\/other-authors\/nieves-xenes-y-duarte\/\",\"url\":\"https:\/\/eladd.org\/en\/other-authors\/nieves-xenes-y-duarte\/\",\"name\":\"Nieves Xenes y Duarte - Eladd En\",\"isPartOf\":{\"@id\":\"https:\/\/eladd.org\/en\/#website\"},\"primaryImageOfPage\":{\"@id\":\"https:\/\/eladd.org\/en\/other-authors\/nieves-xenes-y-duarte\/#primaryimage\"},\"image\":{\"@id\":\"https:\/\/eladd.org\/en\/other-authors\/nieves-xenes-y-duarte\/#primaryimage\"},\"thumbnailUrl\":\"https:\/\/eladd.org\/wp-content\/uploads\/2015\/03\/nieves-300x296.png\",\"datePublished\":\"2015-03-15T17:54:29+00:00\",\"dateModified\":\"2025-11-12T03:58:23+00:00\",\"breadcrumb\":{\"@id\":\"https:\/\/eladd.org\/en\/other-authors\/nieves-xenes-y-duarte\/#breadcrumb\"},\"inLanguage\":\"en-US\",\"potentialAction\":[{\"@type\":\"ReadAction\",\"target\":[\"https:\/\/eladd.org\/en\/other-authors\/nieves-xenes-y-duarte\/\"]}]},{\"@type\":\"ImageObject\",\"inLanguage\":\"en-US\",\"@id\":\"https:\/\/eladd.org\/en\/other-authors\/nieves-xenes-y-duarte\/#primaryimage\",\"url\":\"https:\/\/eladd.org\/wp-content\/uploads\/2015\/03\/nieves-300x296.png\",\"contentUrl\":\"https:\/\/eladd.org\/wp-content\/uploads\/2015\/03\/nieves-300x296.png\"},{\"@type\":\"BreadcrumbList\",\"@id\":\"https:\/\/eladd.org\/en\/other-authors\/nieves-xenes-y-duarte\/#breadcrumb\",\"itemListElement\":[{\"@type\":\"ListItem\",\"position\":1,\"name\":\"Home\",\"item\":\"https:\/\/eladd.org\/en\/\"},{\"@type\":\"ListItem\",\"position\":2,\"name\":\"Other Authors\",\"item\":\"https:\/\/eladd.org\/en\/other-authors\/\"},{\"@type\":\"ListItem\",\"position\":3,\"name\":\"Nieves Xenes y Duarte\"}]},{\"@type\":\"WebSite\",\"@id\":\"https:\/\/eladd.org\/en\/#website\",\"url\":\"https:\/\/eladd.org\/en\/\",\"name\":\"Eladd En\",\"description\":\"Ninteenth-Century Latin American Women Writers\",\"publisher\":{\"@id\":\"https:\/\/eladd.org\/en\/#organization\"},\"potentialAction\":[{\"@type\":\"SearchAction\",\"target\":{\"@type\":\"EntryPoint\",\"urlTemplate\":\"https:\/\/eladd.org\/en\/?s={search_term_string}\"},\"query-input\":{\"@type\":\"PropertyValueSpecification\",\"valueRequired\":true,\"valueName\":\"search_term_string\"}}],\"inLanguage\":\"en-US\"},{\"@type\":\"Organization\",\"@id\":\"https:\/\/eladd.org\/en\/#organization\",\"name\":\"Eladd En\",\"url\":\"https:\/\/eladd.org\/en\/\",\"logo\":{\"@type\":\"ImageObject\",\"inLanguage\":\"en-US\",\"@id\":\"https:\/\/eladd.org\/en\/#\/schema\/logo\/image\/\",\"url\":\"https:\/\/eladd.org\/en\/wp-content\/uploads\/sites\/2\/2025\/07\/logo-eladd.png\",\"contentUrl\":\"https:\/\/eladd.org\/en\/wp-content\/uploads\/sites\/2\/2025\/07\/logo-eladd.png\",\"width\":324,\"height\":77,\"caption\":\"Eladd En\"},\"image\":{\"@id\":\"https:\/\/eladd.org\/en\/#\/schema\/logo\/image\/\"}}]}<\/script>\n<!-- \/ Yoast SEO plugin. -->","yoast_head_json":{"title":"Nieves Xenes y Duarte - Eladd En","robots":{"index":"index","follow":"follow","max-snippet":"max-snippet:-1","max-image-preview":"max-image-preview:large","max-video-preview":"max-video-preview:-1"},"canonical":"https:\/\/eladd.org\/en\/other-authors\/nieves-xenes-y-duarte\/","og_locale":"en_US","og_type":"article","og_title":"Nieves Xenes y Duarte - Eladd En","og_description":"[vc_row full_width=&rdquo;stretch_row&rdquo; tablet_fullwidth_cols=&rdquo;&rdquo; bg_style=&rdquo;repeat&rdquo; css=&rdquo;.vc_custom_1762919853676{background-position: 0 0 !important;background-repeat: repeat !important;}&rdquo;][vc_column][vc_column_text el_class=&rdquo;autoras__titulo&rdquo;] Nieves Xenes y Duarte (1859-1915) [\/vc_column_text][\/vc_column][\/vc_row][vc_row full_width=&rdquo;stretch_row&rdquo; el_id=&rdquo;cuerpo&rdquo; css=&rdquo;.vc_custom_1762919864115{background-position: center !important;background-repeat: no-repeat !important;background-size: cover !important;}&rdquo;][vc_column][vc_column_text el_class=&rdquo;autoras__texto&rdquo;]Nieves Xenes y Duarte (Cuba, 1859-1915) Also known as: A. Nieves Xenes y Duarte,&hellip;","og_url":"https:\/\/eladd.org\/en\/other-authors\/nieves-xenes-y-duarte\/","og_site_name":"Eladd En","article_modified_time":"2025-11-12T03:58:23+00:00","og_image":[{"url":"https:\/\/eladd.org\/wp-content\/uploads\/2015\/03\/nieves-300x296.png","type":"","width":"","height":""}],"twitter_card":"summary_large_image","twitter_misc":{"Est. reading time":"5 minutes"},"schema":{"@context":"https:\/\/schema.org","@graph":[{"@type":"WebPage","@id":"https:\/\/eladd.org\/en\/other-authors\/nieves-xenes-y-duarte\/","url":"https:\/\/eladd.org\/en\/other-authors\/nieves-xenes-y-duarte\/","name":"Nieves Xenes y Duarte - Eladd En","isPartOf":{"@id":"https:\/\/eladd.org\/en\/#website"},"primaryImageOfPage":{"@id":"https:\/\/eladd.org\/en\/other-authors\/nieves-xenes-y-duarte\/#primaryimage"},"image":{"@id":"https:\/\/eladd.org\/en\/other-authors\/nieves-xenes-y-duarte\/#primaryimage"},"thumbnailUrl":"https:\/\/eladd.org\/wp-content\/uploads\/2015\/03\/nieves-300x296.png","datePublished":"2015-03-15T17:54:29+00:00","dateModified":"2025-11-12T03:58:23+00:00","breadcrumb":{"@id":"https:\/\/eladd.org\/en\/other-authors\/nieves-xenes-y-duarte\/#breadcrumb"},"inLanguage":"en-US","potentialAction":[{"@type":"ReadAction","target":["https:\/\/eladd.org\/en\/other-authors\/nieves-xenes-y-duarte\/"]}]},{"@type":"ImageObject","inLanguage":"en-US","@id":"https:\/\/eladd.org\/en\/other-authors\/nieves-xenes-y-duarte\/#primaryimage","url":"https:\/\/eladd.org\/wp-content\/uploads\/2015\/03\/nieves-300x296.png","contentUrl":"https:\/\/eladd.org\/wp-content\/uploads\/2015\/03\/nieves-300x296.png"},{"@type":"BreadcrumbList","@id":"https:\/\/eladd.org\/en\/other-authors\/nieves-xenes-y-duarte\/#breadcrumb","itemListElement":[{"@type":"ListItem","position":1,"name":"Home","item":"https:\/\/eladd.org\/en\/"},{"@type":"ListItem","position":2,"name":"Other Authors","item":"https:\/\/eladd.org\/en\/other-authors\/"},{"@type":"ListItem","position":3,"name":"Nieves Xenes y Duarte"}]},{"@type":"WebSite","@id":"https:\/\/eladd.org\/en\/#website","url":"https:\/\/eladd.org\/en\/","name":"Eladd En","description":"Ninteenth-Century Latin American Women Writers","publisher":{"@id":"https:\/\/eladd.org\/en\/#organization"},"potentialAction":[{"@type":"SearchAction","target":{"@type":"EntryPoint","urlTemplate":"https:\/\/eladd.org\/en\/?s={search_term_string}"},"query-input":{"@type":"PropertyValueSpecification","valueRequired":true,"valueName":"search_term_string"}}],"inLanguage":"en-US"},{"@type":"Organization","@id":"https:\/\/eladd.org\/en\/#organization","name":"Eladd En","url":"https:\/\/eladd.org\/en\/","logo":{"@type":"ImageObject","inLanguage":"en-US","@id":"https:\/\/eladd.org\/en\/#\/schema\/logo\/image\/","url":"https:\/\/eladd.org\/en\/wp-content\/uploads\/sites\/2\/2025\/07\/logo-eladd.png","contentUrl":"https:\/\/eladd.org\/en\/wp-content\/uploads\/sites\/2\/2025\/07\/logo-eladd.png","width":324,"height":77,"caption":"Eladd En"},"image":{"@id":"https:\/\/eladd.org\/en\/#\/schema\/logo\/image\/"}}]}},"_links":{"self":[{"href":"https:\/\/eladd.org\/en\/wp-json\/wp\/v2\/pages\/485","targetHints":{"allow":["GET"]}}],"collection":[{"href":"https:\/\/eladd.org\/en\/wp-json\/wp\/v2\/pages"}],"about":[{"href":"https:\/\/eladd.org\/en\/wp-json\/wp\/v2\/types\/page"}],"author":[{"embeddable":true,"href":"https:\/\/eladd.org\/en\/wp-json\/wp\/v2\/users\/3"}],"replies":[{"embeddable":true,"href":"https:\/\/eladd.org\/en\/wp-json\/wp\/v2\/comments?post=485"}],"version-history":[{"count":5,"href":"https:\/\/eladd.org\/en\/wp-json\/wp\/v2\/pages\/485\/revisions"}],"predecessor-version":[{"id":24830,"href":"https:\/\/eladd.org\/en\/wp-json\/wp\/v2\/pages\/485\/revisions\/24830"}],"up":[{"embeddable":true,"href":"https:\/\/eladd.org\/en\/wp-json\/wp\/v2\/pages\/98"}],"wp:attachment":[{"href":"https:\/\/eladd.org\/en\/wp-json\/wp\/v2\/media?parent=485"}],"curies":[{"name":"wp","href":"https:\/\/api.w.org\/{rel}","templated":true}]}}