{"id":501,"date":"2015-03-15T19:38:33","date_gmt":"2015-03-15T19:38:33","guid":{"rendered":"https:\/\/eladd.org\/en\/?page_id=501"},"modified":"2025-11-12T03:06:51","modified_gmt":"2025-11-12T03:06:51","slug":"carolina-freyre-de-jaimes","status":"publish","type":"page","link":"https:\/\/eladd.org\/en\/popular-authors\/carolina-freyre-de-jaimes\/","title":{"rendered":"Carolina Freyre de Jaimes"},"content":{"rendered":"<div class=\"wpb-content-wrapper\">[vc_row full_width=&#8221;stretch_row&#8221; tablet_fullwidth_cols=&#8221;&#8221; bg_style=&#8221;repeat&#8221; css=&#8221;.vc_custom_1762916797986{background-position: 0 0 !important;background-repeat: repeat !important;}&#8221;][vc_column][vc_column_text el_class=&#8221;autoras__titulo&#8221;]\n<h2 style=\"text-align: center;\">Carolina Freyre de Jaimes<\/h2>\n<p style=\"text-align: center;\">(1844 \u2013 1916)<br \/>\n<img loading=\"lazy\" decoding=\"async\" class=\"size-full wp-image-1816 aligncenter\" src=\"\/\/eladd.org\/wp-content\/uploads\/2015\/09\/icon-space.png\" alt=\"icon-space\" width=\"150\" height=\"8\" \/>[\/vc_column_text][\/vc_column][\/vc_row][vc_row full_width=&#8221;stretch_row&#8221; el_class=&#8221;autoras-cuerpo&#8221; el_id=&#8221;cuerpo&#8221; css=&#8221;.vc_custom_1762916805369{background-position: center !important;background-repeat: no-repeat !important;background-size: cover !important;}&#8221;][vc_column][vc_column_text el_class=&#8221;autoras__texto&#8221;]\n<div id=\"content-n\"><\/div>\n<p><a href=\"https:\/\/eladd.org\/wp-content\/uploads\/2015\/03\/Carolina.png\"><img loading=\"lazy\" decoding=\"async\" class=\"size-medium wp-image-1424 aligncenter\" src=\"https:\/\/eladd.org\/wp-content\/uploads\/2015\/03\/Carolina-213x300.png\" alt=\"Carolina\" width=\"213\" height=\"300\" \/><\/a><\/p>\n<p><strong>A full biographical essay is available in ELADD ESPA\u00d1OL under the author&#8217;s name. <\/strong><\/p>\n<div id=\"content-n\"><\/div>\n<div style=\"width: 100%; height: 3px; background: #6E6E6E; margin: 10px 0px 20px 0px; overflow: hidden;\"><\/div>\n<p><a href=\"https:\/\/eladd.org\/wp-content\/uploads\/2015\/03\/Freyre2.png\"><img loading=\"lazy\" decoding=\"async\" class=\"alignright size-medium wp-image-1508\" src=\"https:\/\/eladd.org\/wp-content\/uploads\/2015\/03\/Freyre2-219x300.png\" alt=\"Freyre2\" width=\"219\" height=\"300\" \/><\/a><\/p>\n<p><strong>Author\u2019s Works: Original and Edited (Works are listed in chronological order)<\/strong><\/p>\n<p>(1867). \u201cFugacidad.\u201d <em>El Nacional.<\/em> Lima, 9 de octubre.<\/p>\n<p>(1868). \u201cArica.\u201d <em>El Nacional.<\/em> Lima, 25 de octubre.<\/p>\n<p>(1868). \u201cUna estrella m\u00e1s en el horizonte.\u201d <em>El Nacional.<\/em> Lima, 30 de octubre.<\/p>\n<p>(1869). \u201cCarta a mi amiga Leonor Manrique.\u201d <em>El Nacional.<\/em> Lima, 13 de febrero.<\/p>\n<p>(1871). \u201cRecuerdo.\u201d <em>El Nacional.<\/em> Lima, 6 de mayo.<\/p>\n<p>(1871). \u201cMisterio.\u201d <em>El Nacional.<\/em> Lima, 6 de octubre.<\/p>\n<p>(1871). \u201cConstancia.\u201d <em>El Nacional.<\/em> Lima, 17 de noviembre.<\/p>\n<p>(1871). \u201cEn el \u00e1lbum de H\u00e9ctor F. Varela.\u201d <em>El Nacional.<\/em> Lima, 2 de diciembre.<\/p>\n<p>(1871). \u201cAl bello sexo.\u201d <em>El Correo del Per\u00fa.<\/em> Lima, 30 de diciembre.<\/p>\n<p>(1873). \u201cEl hogar.\u201d <em>La Revista de Lima.<\/em> Lima, 1 de abril.<\/p>\n<p>(1873). \u201cLa hija del cacique.\u201d <em>La Revista de Lima.<\/em> Lima, 1 de abril.<\/p>\n<p>(1873). \u201cPrimer libro de poes\u00edas de Juan Vicente Camacho.\u201d <em>La Revista de Lima.<\/em> Lima, 1 de abril.<\/p>\n<p>(1873). \u201cA mi hija Carolina.\u201d <em>La Revista de Lima.<\/em> Lima, 1 de abril.<\/p>\n<p>(1873). \u201cConstancias.\u201d <em>La Revista de Lima.<\/em> Lima, 1 de abril.<\/p>\n<p>(1873). \u201cAndrea Bellido: Hero\u00edna de Huamanga.\u201d <em>La Revista de Lima.<\/em> Lima, 1 de abril.<\/p>\n<p>(1873). \u201cEl baile\u201d, \u201cCcora Campillana: Romance hist\u00f3rico del tiempo de la conquista.\u201d <em>La Revista de Lima.<\/em> Lima, 1 de abril.<\/p>\n<p>(1875). \u201cFlora Trist\u00e1n. Apuntes sobre su vida y obra.\u201d <em>El Nacional.<\/em> Lima, 15 de julio.<\/p>\n<p>(1875). \u201cAdi\u00f3s a Lima.\u201d <em>El Nacional.<\/em> Lima, 11 de noviembre.<\/p>\n<p>&nbsp;<\/p>\n<p><strong>Critical Works (Reference Materials, Books, Book Chapters, Journal Articles, Encyclopedias, Theses\/Dissertations, Media and Internet Sources)<\/strong><\/p>\n<p>Gonz\u00e1lez, Carlos Alberto. \u201cCarolina Freyre de Jaimes. 1844-1916\u201d. En: <em>Antolog\u00eda hist\u00f3rica de<br \/>\nTacna (1732-1916).<\/em> Lima: Imprenta del Colegio Leoncio Prado, 1952. 53-59.<\/p>\n<p>Gorriti, Juana Manuela. <em>Cincuenta y tres cartas in\u00e9ditas a Ricardo Palma.<\/em> Fragmentos de lo<br \/>\n\u00edntimo. Buenos Aires-Lima. 1882-1891. Lima: Universidad de San Mart\u00edn de Porres, 2004.<\/p>\n<p>Monta\u00f1o, Sonia. \u201cCarolina Freyre de Jaimes. Reducir lo afectivo en nuestras vidas\u201d. En:<br \/>\n<em>Mujer\/Fempress.<\/em> s\/n, 1991. 11.<\/p>\n<p>Oblitas, Edgar. <em>Julio Lucas Jaimes en el Per\u00fa de Ricardo Palma.<\/em> La Paz: Ediciones Isla, 1973.<\/p>\n<p>Rossells, Beatriz. Las mujeres en la historia de Bolivia. <em>Im\u00e1genes y realidades del siglo XIX.<\/em> Antolog\u00eda. La Paz: Sol de Intercomunicaci\u00f3n-Grupo Editorial Anthropos, 2001.<\/p>\n<p>Salas Guerrero, C\u00e9sar. \u201cColaboradores y corresponsales del semanario literario El \u00c1lbum<br \/>\n(1874-1875)\u201d. En: Vel\u00e1zquez Castro, Marcel (Comp). <em>Bolet\u00edn del Instituto Riva-Ag\u00fcero.<\/em> 35. Lima, 2009-2010. 129-70.<\/p>\n<p>&#8212;. \u201cEl \u00c1lbum. Una revista lime\u00f1a para el bello sexo. 1874-1875\u201d. En: Pinto Vargas, Ismael<br \/>\n(Ed.). <em>Primer simposium internacional Mercedes Cabello de Carbonera y su tiempo. 1909-2009.<\/em> Lima: Universidad de San Mart\u00edn de Porres, 2010. 135-54.<\/p>\n<p>&#8212;. \u201cEl oasis de la vida. Revistas literarias lime\u00f1as. Siglo XIX\u201d. Lima: Pontificia Universidad<br \/>\nCat\u00f3lica del Per\u00fa. Conferencia presentada el 15 de junio de 2007.<\/p>\n<p>Tauzin-Castellanos, Isabelle. \u201cLa educaci\u00f3n femenina en el Per\u00fa del siglo XIX\u201d. En: Kapsoli,<br \/>\nWilfredo.(Ed.). <em>Peruanistas contempor\u00e1neos. Temas, m\u00e9todos, avances. <\/em>Lima: Consejo Nacional de Ciencia y Tecnolog\u00eda, 1989. 97-109.<\/p>\n<p>Ugarte Chamorro, Guillermo. \u201cCentenario del drama Pizarro de Carolina Freyre de Jaimes\u201d.<br \/>\n<em>El Comercio.<\/em> Lima, 21 de mayo de 1977.<\/p>\n<p>Vel\u00e1zquez Castro, Marcel. <em>Novela y naci\u00f3n en el Per\u00fa republicano (1845-1879).<\/em> Tesis para<br \/>\nobtener el grado acad\u00e9mico de magister en literatura peruana y latinoamericana. Lima: Universidad Nacional Mayor de San Marcos, 2004.<\/p>\n<p>Ward, Thomas. \u201cFicci\u00f3n hist\u00f3rica peruana: Las escritoras comprometidas\u201d. En: Guardia,<br \/>\nSara Beatriz (Ed.). <em>Mujeres que escriben en Am\u00e9rica Latina.<\/em> Lima: Centro de Estudios La Mujer en la Historia de Am\u00e9rica Latina, 2007. 435-51.<\/p>\n<p>&nbsp;<\/p>\n<p><a href=\"https:\/\/eladd.org\/wp-content\/uploads\/2014\/02\/logo-footer-2.png\"><img loading=\"lazy\" decoding=\"async\" class=\"aligncenter size-full wp-image-608\" src=\"https:\/\/eladd.org\/wp-content\/uploads\/2014\/02\/logo-footer-2.png\" alt=\"logo-footer-2\" width=\"260\" height=\"70\" \/><\/a>[\/vc_column_text][vc_single_image image=&#8221;660&#8243; alignment=&#8221;center&#8221; css=&#8221;.vc_custom_1446670823436{margin-top: 35px !important;}&#8221;][\/vc_column][\/vc_row]\n<\/div>","protected":false},"excerpt":{"rendered":"<p>[vc_row full_width=&rdquo;stretch_row&rdquo; tablet_fullwidth_cols=&rdquo;&rdquo; bg_style=&rdquo;repeat&rdquo; css=&rdquo;.vc_custom_1762916797986{background-position: 0 0 !important;background-repeat: repeat !important;}&rdquo;][vc_column][vc_column_text el_class=&rdquo;autoras__titulo&rdquo;] Carolina Freyre de Jaimes (1844 &ndash; 1916) [\/vc_column_text][\/vc_column][\/vc_row][vc_row full_width=&rdquo;stretch_row&rdquo; el_class=&rdquo;autoras-cuerpo&rdquo; el_id=&rdquo;cuerpo&rdquo; css=&rdquo;.vc_custom_1762916805369{background-position: center !important;background-repeat: no-repeat !important;background-size: cover !important;}&rdquo;][vc_column][vc_column_text el_class=&rdquo;autoras__texto&rdquo;] A full biographical essay is available in ELADD ESPA&Ntilde;OL under&hellip;<\/p>\n","protected":false},"author":3,"featured_media":0,"parent":38,"menu_order":0,"comment_status":"closed","ping_status":"closed","template":"","meta":{"footnotes":""},"class_list":["post-501","page","type-page","status-publish","hentry","entry","no-media"],"yoast_head":"<!-- This site is optimized with the Yoast SEO plugin v26.1.1 - https:\/\/yoast.com\/wordpress\/plugins\/seo\/ -->\n<title>Carolina Freyre de Jaimes - Eladd En<\/title>\n<meta name=\"robots\" content=\"index, follow, max-snippet:-1, max-image-preview:large, max-video-preview:-1\" \/>\n<link rel=\"canonical\" href=\"https:\/\/eladd.org\/en\/popular-authors\/carolina-freyre-de-jaimes\/\" \/>\n<meta property=\"og:locale\" content=\"en_US\" \/>\n<meta property=\"og:type\" content=\"article\" \/>\n<meta property=\"og:title\" content=\"Carolina Freyre de Jaimes - Eladd En\" \/>\n<meta property=\"og:description\" content=\"[vc_row full_width=&rdquo;stretch_row&rdquo; tablet_fullwidth_cols=&rdquo;&rdquo; bg_style=&rdquo;repeat&rdquo; css=&rdquo;.vc_custom_1762916797986{background-position: 0 0 !important;background-repeat: repeat !important;}&rdquo;][vc_column][vc_column_text el_class=&rdquo;autoras__titulo&rdquo;] Carolina Freyre de Jaimes (1844 &ndash; 1916) [\/vc_column_text][\/vc_column][\/vc_row][vc_row full_width=&rdquo;stretch_row&rdquo; el_class=&rdquo;autoras-cuerpo&rdquo; el_id=&rdquo;cuerpo&rdquo; css=&rdquo;.vc_custom_1762916805369{background-position: center !important;background-repeat: no-repeat !important;background-size: cover !important;}&rdquo;][vc_column][vc_column_text el_class=&rdquo;autoras__texto&rdquo;] A full biographical essay is available in ELADD ESPA&Ntilde;OL under&hellip;\" \/>\n<meta property=\"og:url\" content=\"https:\/\/eladd.org\/en\/popular-authors\/carolina-freyre-de-jaimes\/\" \/>\n<meta property=\"og:site_name\" content=\"Eladd En\" \/>\n<meta property=\"article:modified_time\" content=\"2025-11-12T03:06:51+00:00\" \/>\n<meta property=\"og:image\" content=\"https:\/\/eladd.org\/wp-content\/uploads\/2015\/03\/Carolina-213x300.png\" \/>\n<meta name=\"twitter:card\" content=\"summary_large_image\" \/>\n<meta name=\"twitter:label1\" content=\"Est. reading time\" \/>\n\t<meta name=\"twitter:data1\" content=\"3 minutes\" \/>\n<script type=\"application\/ld+json\" class=\"yoast-schema-graph\">{\"@context\":\"https:\/\/schema.org\",\"@graph\":[{\"@type\":\"WebPage\",\"@id\":\"https:\/\/eladd.org\/en\/popular-authors\/carolina-freyre-de-jaimes\/\",\"url\":\"https:\/\/eladd.org\/en\/popular-authors\/carolina-freyre-de-jaimes\/\",\"name\":\"Carolina Freyre de Jaimes - Eladd En\",\"isPartOf\":{\"@id\":\"https:\/\/eladd.org\/en\/#website\"},\"primaryImageOfPage\":{\"@id\":\"https:\/\/eladd.org\/en\/popular-authors\/carolina-freyre-de-jaimes\/#primaryimage\"},\"image\":{\"@id\":\"https:\/\/eladd.org\/en\/popular-authors\/carolina-freyre-de-jaimes\/#primaryimage\"},\"thumbnailUrl\":\"https:\/\/eladd.org\/wp-content\/uploads\/2015\/03\/Carolina-213x300.png\",\"datePublished\":\"2015-03-15T19:38:33+00:00\",\"dateModified\":\"2025-11-12T03:06:51+00:00\",\"breadcrumb\":{\"@id\":\"https:\/\/eladd.org\/en\/popular-authors\/carolina-freyre-de-jaimes\/#breadcrumb\"},\"inLanguage\":\"en-US\",\"potentialAction\":[{\"@type\":\"ReadAction\",\"target\":[\"https:\/\/eladd.org\/en\/popular-authors\/carolina-freyre-de-jaimes\/\"]}]},{\"@type\":\"ImageObject\",\"inLanguage\":\"en-US\",\"@id\":\"https:\/\/eladd.org\/en\/popular-authors\/carolina-freyre-de-jaimes\/#primaryimage\",\"url\":\"https:\/\/eladd.org\/wp-content\/uploads\/2015\/03\/Carolina-213x300.png\",\"contentUrl\":\"https:\/\/eladd.org\/wp-content\/uploads\/2015\/03\/Carolina-213x300.png\"},{\"@type\":\"BreadcrumbList\",\"@id\":\"https:\/\/eladd.org\/en\/popular-authors\/carolina-freyre-de-jaimes\/#breadcrumb\",\"itemListElement\":[{\"@type\":\"ListItem\",\"position\":1,\"name\":\"Home\",\"item\":\"https:\/\/eladd.org\/en\/\"},{\"@type\":\"ListItem\",\"position\":2,\"name\":\"Popular Authors\",\"item\":\"https:\/\/eladd.org\/en\/popular-authors\/\"},{\"@type\":\"ListItem\",\"position\":3,\"name\":\"Carolina Freyre de Jaimes\"}]},{\"@type\":\"WebSite\",\"@id\":\"https:\/\/eladd.org\/en\/#website\",\"url\":\"https:\/\/eladd.org\/en\/\",\"name\":\"Eladd En\",\"description\":\"Ninteenth-Century Latin American Women Writers\",\"publisher\":{\"@id\":\"https:\/\/eladd.org\/en\/#organization\"},\"potentialAction\":[{\"@type\":\"SearchAction\",\"target\":{\"@type\":\"EntryPoint\",\"urlTemplate\":\"https:\/\/eladd.org\/en\/?s={search_term_string}\"},\"query-input\":{\"@type\":\"PropertyValueSpecification\",\"valueRequired\":true,\"valueName\":\"search_term_string\"}}],\"inLanguage\":\"en-US\"},{\"@type\":\"Organization\",\"@id\":\"https:\/\/eladd.org\/en\/#organization\",\"name\":\"Eladd En\",\"url\":\"https:\/\/eladd.org\/en\/\",\"logo\":{\"@type\":\"ImageObject\",\"inLanguage\":\"en-US\",\"@id\":\"https:\/\/eladd.org\/en\/#\/schema\/logo\/image\/\",\"url\":\"https:\/\/eladd.org\/en\/wp-content\/uploads\/sites\/2\/2025\/07\/logo-eladd.png\",\"contentUrl\":\"https:\/\/eladd.org\/en\/wp-content\/uploads\/sites\/2\/2025\/07\/logo-eladd.png\",\"width\":324,\"height\":77,\"caption\":\"Eladd En\"},\"image\":{\"@id\":\"https:\/\/eladd.org\/en\/#\/schema\/logo\/image\/\"}}]}<\/script>\n<!-- \/ Yoast SEO plugin. -->","yoast_head_json":{"title":"Carolina Freyre de Jaimes - Eladd En","robots":{"index":"index","follow":"follow","max-snippet":"max-snippet:-1","max-image-preview":"max-image-preview:large","max-video-preview":"max-video-preview:-1"},"canonical":"https:\/\/eladd.org\/en\/popular-authors\/carolina-freyre-de-jaimes\/","og_locale":"en_US","og_type":"article","og_title":"Carolina Freyre de Jaimes - Eladd En","og_description":"[vc_row full_width=&rdquo;stretch_row&rdquo; tablet_fullwidth_cols=&rdquo;&rdquo; bg_style=&rdquo;repeat&rdquo; css=&rdquo;.vc_custom_1762916797986{background-position: 0 0 !important;background-repeat: repeat !important;}&rdquo;][vc_column][vc_column_text el_class=&rdquo;autoras__titulo&rdquo;] Carolina Freyre de Jaimes (1844 &ndash; 1916) [\/vc_column_text][\/vc_column][\/vc_row][vc_row full_width=&rdquo;stretch_row&rdquo; el_class=&rdquo;autoras-cuerpo&rdquo; el_id=&rdquo;cuerpo&rdquo; css=&rdquo;.vc_custom_1762916805369{background-position: center !important;background-repeat: no-repeat !important;background-size: cover !important;}&rdquo;][vc_column][vc_column_text el_class=&rdquo;autoras__texto&rdquo;] A full biographical essay is available in ELADD ESPA&Ntilde;OL under&hellip;","og_url":"https:\/\/eladd.org\/en\/popular-authors\/carolina-freyre-de-jaimes\/","og_site_name":"Eladd En","article_modified_time":"2025-11-12T03:06:51+00:00","og_image":[{"url":"https:\/\/eladd.org\/wp-content\/uploads\/2015\/03\/Carolina-213x300.png","type":"","width":"","height":""}],"twitter_card":"summary_large_image","twitter_misc":{"Est. reading time":"3 minutes"},"schema":{"@context":"https:\/\/schema.org","@graph":[{"@type":"WebPage","@id":"https:\/\/eladd.org\/en\/popular-authors\/carolina-freyre-de-jaimes\/","url":"https:\/\/eladd.org\/en\/popular-authors\/carolina-freyre-de-jaimes\/","name":"Carolina Freyre de Jaimes - Eladd En","isPartOf":{"@id":"https:\/\/eladd.org\/en\/#website"},"primaryImageOfPage":{"@id":"https:\/\/eladd.org\/en\/popular-authors\/carolina-freyre-de-jaimes\/#primaryimage"},"image":{"@id":"https:\/\/eladd.org\/en\/popular-authors\/carolina-freyre-de-jaimes\/#primaryimage"},"thumbnailUrl":"https:\/\/eladd.org\/wp-content\/uploads\/2015\/03\/Carolina-213x300.png","datePublished":"2015-03-15T19:38:33+00:00","dateModified":"2025-11-12T03:06:51+00:00","breadcrumb":{"@id":"https:\/\/eladd.org\/en\/popular-authors\/carolina-freyre-de-jaimes\/#breadcrumb"},"inLanguage":"en-US","potentialAction":[{"@type":"ReadAction","target":["https:\/\/eladd.org\/en\/popular-authors\/carolina-freyre-de-jaimes\/"]}]},{"@type":"ImageObject","inLanguage":"en-US","@id":"https:\/\/eladd.org\/en\/popular-authors\/carolina-freyre-de-jaimes\/#primaryimage","url":"https:\/\/eladd.org\/wp-content\/uploads\/2015\/03\/Carolina-213x300.png","contentUrl":"https:\/\/eladd.org\/wp-content\/uploads\/2015\/03\/Carolina-213x300.png"},{"@type":"BreadcrumbList","@id":"https:\/\/eladd.org\/en\/popular-authors\/carolina-freyre-de-jaimes\/#breadcrumb","itemListElement":[{"@type":"ListItem","position":1,"name":"Home","item":"https:\/\/eladd.org\/en\/"},{"@type":"ListItem","position":2,"name":"Popular Authors","item":"https:\/\/eladd.org\/en\/popular-authors\/"},{"@type":"ListItem","position":3,"name":"Carolina Freyre de Jaimes"}]},{"@type":"WebSite","@id":"https:\/\/eladd.org\/en\/#website","url":"https:\/\/eladd.org\/en\/","name":"Eladd En","description":"Ninteenth-Century Latin American Women Writers","publisher":{"@id":"https:\/\/eladd.org\/en\/#organization"},"potentialAction":[{"@type":"SearchAction","target":{"@type":"EntryPoint","urlTemplate":"https:\/\/eladd.org\/en\/?s={search_term_string}"},"query-input":{"@type":"PropertyValueSpecification","valueRequired":true,"valueName":"search_term_string"}}],"inLanguage":"en-US"},{"@type":"Organization","@id":"https:\/\/eladd.org\/en\/#organization","name":"Eladd En","url":"https:\/\/eladd.org\/en\/","logo":{"@type":"ImageObject","inLanguage":"en-US","@id":"https:\/\/eladd.org\/en\/#\/schema\/logo\/image\/","url":"https:\/\/eladd.org\/en\/wp-content\/uploads\/sites\/2\/2025\/07\/logo-eladd.png","contentUrl":"https:\/\/eladd.org\/en\/wp-content\/uploads\/sites\/2\/2025\/07\/logo-eladd.png","width":324,"height":77,"caption":"Eladd En"},"image":{"@id":"https:\/\/eladd.org\/en\/#\/schema\/logo\/image\/"}}]}},"_links":{"self":[{"href":"https:\/\/eladd.org\/en\/wp-json\/wp\/v2\/pages\/501","targetHints":{"allow":["GET"]}}],"collection":[{"href":"https:\/\/eladd.org\/en\/wp-json\/wp\/v2\/pages"}],"about":[{"href":"https:\/\/eladd.org\/en\/wp-json\/wp\/v2\/types\/page"}],"author":[{"embeddable":true,"href":"https:\/\/eladd.org\/en\/wp-json\/wp\/v2\/users\/3"}],"replies":[{"embeddable":true,"href":"https:\/\/eladd.org\/en\/wp-json\/wp\/v2\/comments?post=501"}],"version-history":[{"count":10,"href":"https:\/\/eladd.org\/en\/wp-json\/wp\/v2\/pages\/501\/revisions"}],"predecessor-version":[{"id":24762,"href":"https:\/\/eladd.org\/en\/wp-json\/wp\/v2\/pages\/501\/revisions\/24762"}],"up":[{"embeddable":true,"href":"https:\/\/eladd.org\/en\/wp-json\/wp\/v2\/pages\/38"}],"wp:attachment":[{"href":"https:\/\/eladd.org\/en\/wp-json\/wp\/v2\/media?parent=501"}],"curies":[{"name":"wp","href":"https:\/\/api.w.org\/{rel}","templated":true}]}}