{"id":52,"date":"2014-07-02T18:42:17","date_gmt":"2014-07-02T18:42:17","guid":{"rendered":"https:\/\/eladd.org\/en\/?page_id=52"},"modified":"2025-11-12T03:05:46","modified_gmt":"2025-11-12T03:05:46","slug":"refugio-barragan-de-toscano","status":"publish","type":"page","link":"https:\/\/eladd.org\/en\/popular-authors\/refugio-barragan-de-toscano\/","title":{"rendered":"Refugio Barrag\u00e1n de Toscano"},"content":{"rendered":"<div class=\"wpb-content-wrapper\">[vc_row full_width=&#8221;stretch_row&#8221; tablet_fullwidth_cols=&#8221;&#8221; bg_style=&#8221;repeat&#8221; css=&#8221;.vc_custom_1762916741066{background-position: 0 0 !important;background-repeat: repeat !important;}&#8221;][vc_column][vc_column_text el_class=&#8221;autoras__titulo&#8221;]\n<h2 style=\"text-align: center;\">Refugio Barrag\u00e1n de Toscano<\/h2>\n<p style=\"text-align: center;\"><img loading=\"lazy\" decoding=\"async\" class=\"size-full wp-image-1816 aligncenter\" src=\"\/\/eladd.org\/wp-content\/uploads\/2015\/09\/icon-space.png\" alt=\"icon-space\" width=\"150\" height=\"8\" \/><\/p>\n[\/vc_column_text][\/vc_column][\/vc_row][vc_row full_width=&#8221;stretch_row&#8221; id=&#8221;cuerpo&#8221;][vc_column][vc_column_text el_class=&#8221;autoras__texto&#8221;]\n<div id=\"content-n\">\n<div class=\"img\"><img decoding=\"async\" class=\"alignright\" src=\"https:\/\/eladd.org\/wp-content\/uploads\/2014\/02\/refugio_bt11.jpg\" alt=\"refugio_bt1\" \/><\/div>\n<div class=\"content_text\">\n<p class=\"no-indent\" style=\"color: #444444;\"><strong style=\"color: black;\">Also known as:<\/strong>\u00a0Refugio Barrag\u00e1n, Refugio Barrag\u00e1n de Toscano, Refugio B. Vda. de Toscano, Mar\u00eda Refugio Barrag\u00e1n de Toscano<\/p>\n<p class=\"no-indent\" style=\"color: #444444;\"><strong style=\"color: black;\">Author\u2019s Works: Original and Edited\u00a0(Works are listed in chronological order)<\/strong><\/p>\n<p style=\"color: #444444;\">(1880).<em>Celajes de occidente: composiciones liricas y dram\u00e1ticas<\/em>. Ciudad de Guzm\u00e1n:<br \/>\nImprenta de Agapito Ochoa.<\/p>\n<p style=\"color: #444444;\">(1880).\u00a0<em>La hija de Nazareth: poema religioso dividido en diez y ocho cantos, desde la Concepci\u00f3n de Maria Sant\u00edsima hasta su gloriosa Asunci\u00f3n, con la salutaci\u00f3n del Ave Maria<\/em>. Ciudad de Guzman: Imprenta de J.M. Fuentes.<\/p>\n<p style=\"color: #444444;\">&#8212;. Barcelona: Librer\u00eda de Juan y Antonio Bastinos, 1883.<\/p>\n<p style=\"color: #444444;\">&#8212;. Veracruz: Librer\u00eda de R. Rodr\u00edguez Jim\u00e9nez, 1885.<\/p>\n<p style=\"color: #444444;\">(1883).\u00a0<em>C\u00e1nticos y armon\u00edas sobre la pasi\u00f3n, obra religiosa, escrita en prosa y verso, y dedicada a la ni\u00f1ez<\/em>. Ciudad de Guzm\u00e1n: Imprenta de Jos\u00e9 Contreras.<\/p>\n<p style=\"color: #444444;\">(1884). Premio del bien y castigo del mal. Ed. Joaqu\u00edn Silva. M\u00e9xico: Ciudad de Guzm\u00e1n.<br \/>\n&#8212;. Premio del bien y castigo del mal. M\u00e9xico: Imprenta de J.F. Jens, 1891.<\/p>\n<p style=\"color: #444444;\">(1887).\u00a0<em>La hija del bandido o los subterr\u00e1neos del nevado<\/em>. Guadalajara: Tipograf\u00eda de El Cat\u00f3lico.<\/p>\n<p style=\"color: #444444;\">&#8212;. Ciudad de Guzm\u00e1n: Imprenta R. Ram\u00edrez, 1918.<\/p>\n<p style=\"color: #444444;\">&#8212;. Ciudad de Guzm\u00e1n: El Guzmanense, 1933.<\/p>\n<p style=\"color: #444444;\">&#8212;. Serie novelas c\u00e9lebres mexicanas. M\u00e9xico D.F.: Editorial M\u00e9xico, 1934.<\/p>\n<p style=\"color: #444444;\">&#8212;. Guadalajara: Imprenta Librer\u00eda Rojas, 1947.<\/p>\n<p style=\"color: #444444;\">&#8212;. Ciudad de Guzm\u00e1n: Zapotl\u00e1n el Grande, Archivo Hist\u00f3rico Municipal, 1996. 2001. 2003. 2005<\/p>\n<p style=\"color: #444444;\">&#8212;, ed. Mar\u00eda Zalduondo. Doral: Stockcero, 2007.<\/p>\n<p style=\"color: #444444;\">(1888). Pr\u00f3logo a\u00a0<em>Fray Antonio de la Concepci\u00f3n. Delirios de un loco<\/em>. Por Juan S. Castro. An\u00e1huac; Colecci\u00f3n de Buenos Autores. Tomo 1. Num. II. Guadalajara: Fortino Jaime, 1918. 1-5.<\/p>\n<p style=\"color: #444444;\">(1888-1889).\u00a0<em>La Palmera del Valle: peri\u00f3dico quincenal de car\u00e1cter religioso, cient\u00edfico y literario<\/em>. Guadalajara, Febrero, 1888 \u2013 Noviembre, 1889.<\/p>\n<p style=\"color: #444444;\">(1889). \u201cLos \u00e1ngeles.\u201d\u00a0<em>Poetas Hispano-Americanos: M\u00e9xico. Entrega cuarta.<\/em>\u00a0L\u00e1zaro M. P\u00e9rez y Jos\u00e9 Rivas Groot. Bogot\u00e1: J.J. P\u00e9rez. 229-231.<\/p>\n<p style=\"color: #444444;\">(1893). \u201cEl 16 de septiembre.\u201d\u00a0<em>Poetisas mexicanas, siglos XVI, XVII, XVIII y XIX. Antolog\u00eda formada por encargo de la junta de se\u00f1oras correspondiente de la Exposici\u00f3n de Chicago.<\/em>\u00a0Ed. Jos\u00e9 Mar\u00eda Vigil. M\u00e9xico, D.F.: Secretaria de Fomento. 139-146.<\/p>\n<p style=\"color: #444444;\">(1905).\u00a0<em>Luci\u00e9rnagas: lecturas amenas para ni\u00f1os.<\/em>\u00a0M\u00e9xico: Antigua Imprenta de Murgu\u00eda.<\/p>\n<p style=\"color: #444444;\">&#8212;. M\u00e9xico, D.F: s.n., 1940.<\/p>\n<p style=\"color: #444444;\">(1933).\u00a0<em>Las cuatro estaciones: zarzuela de fantas\u00eda dividida en tres actos, y en verso.<\/em>\u00a0M\u00e9xico, D.F: s.n.<\/p>\n<p class=\"no-indent\" style=\"color: #444444;\"><strong style=\"color: black;\">Critical Works and Reference Materials (Books, Book Chapters, Journal Articles, Encyclopedias, Theses\/Dissertations, Media and Internet Sources)<\/strong><\/p>\n<p style=\"color: #444444;\">Adams, Jerome R. \u201cWomen of La Reforma: Five Mexican Poets, 1857-1900.\u201d\u00a0<em>Notable Latin American Women: Twenty-nine Leaders, Rebels, Poets, Battlers, and Spies, 1500-1900.<\/em>\u00a0Ed. Jerome R. Adams. Jefferson: McFarland &amp; Co, 1995. 167-174.<\/p>\n<p style=\"color: #444444;\">Agraz Garc\u00eda de Alba, Gabriel. &#8220;Refugio Barrag\u00e1n de Toscano.&#8221;\u00a0<em>Biobibliograf\u00eda de los escritos de Jalisco.<\/em>\u00a0M\u00e9xico D.F: U Nacional Aut\u00f3noma de M\u00e9xico, 1980. 76-82.<\/p>\n<p style=\"color: #444444;\">Barrag\u00e1n, Garc\u00eda y Mar\u00eda Guadalupe.\u00a0<em>Narrativa de autoras mexicanas. Breve rese\u00f1a y bibliograf\u00eda 1900-1950. Guadalajara: Universidad de Guadalajara,<\/em>\u00a02002. 9-10.<\/p>\n<p style=\"color: #444444;\">Gonz\u00e1lez, Casillas M.\u00a0<em>Antolog\u00eda de letras rom\u00e1nticas en Jalisco, siglo XIX: narrativa.<\/em>\u00a0Serie Colecci\u00f3n Letras Jaliscienses. Guadalajara: Editorial Conexi\u00f3n Gr\u00e1fica, 2002. 91-106.<\/p>\n<p style=\"color: #444444;\">Easterling, Stuart. \u201cGender and Poetry Writing in the Light of Mexico&#8217;s Liberal Victory, 1867-ca. 1890.\u201d\u00a0<em>Mexican Studies\/Estudios Mexicanos<\/em>\u00a027.1 (2011): 97-142.<\/p>\n<p style=\"color: #444444;\">LaGreca, Nancy Anne.\u00a0<em>Feminism and Identity in Three Spanish American Novels, 1887-1903.<\/em>\u00a0Diss. U of Texas at Austin, 2004. Ann Harbor: UMI, 2004.<\/p>\n<p style=\"color: #444444;\">&#8212;.\u00a0<em>Rewriting Womanhood: Feminism, Subjectivity, and the Angel of the House in the Latin American Novel, 1887-1903.<\/em>\u00a0Penn State Romance Studies, University Park: Pennsylvania State UP, 2009.<\/p>\n<p style=\"color: #444444;\">Mor\u00e1n, Diana, y Laura C\u00e1zares. \u201cDo\u00f1a Refugio Barrag\u00e1n de Toscano: luci\u00e9rnaga y la hija del bandido.\u201d\u00a0<em>Las voces olvidadas: antolog\u00eda cr\u00edtica de narradoras mexicanas nacidas en el siglo XIX.<\/em>\u00a0Eds. Ana R. Domenella y Nora Pasternac. M\u00e9xico, D.F.: El Colegio de M\u00e9xico, 1991. 59-112.<\/p>\n<p style=\"color: #444444;\">Mu\u00f1oz, Guzm\u00e1n, y Mar\u00eda del Socorro. &#8220;A prop\u00f3sito de las primeras colaboraciones femeninas en la prensa de Guadalajara, M\u00e9xico (1851).&#8221;\u00a0<em>Revista Iberoamericana<\/em>\u00a018 (2007): 305-324.<\/p>\n<p style=\"color: #444444;\">R\u00edos de la Mora, Patricia.\u00a0<em>Mujeres que escriben: textos femeninos en la literatura regional 1880-1910.<\/em>\u00a0Tesis. La Universidad de Colima, 2007. Colima: Universidad de Colima, 2007.<\/p>\n<p style=\"color: #444444;\">Romero Aceves, Ricardo. &#8220;Refugio Barrag\u00e1n de Toscano.&#8221;\u00a0<em>Colima: ensayo enciclop\u00e9dico.<\/em>\u00a0M\u00e9xico City: Costa-Amic, 1984. 442.<\/p>\n<p style=\"color: #444444;\">S\u00e1nchez Robles, Mar\u00eda Guadalupe. \u201cLas hero\u00ednas de Refugio Barrag\u00e1n de Toscano, primera novelista del occidente de M\u00e9xico.\u201d\u00a0<em>Escritoras del siglo XIX en Am\u00e9rica Latina.<\/em>\u00a0Ed. y Comp. Sara Beatriz Guardia. Lima: CEMHAL, 2012. 257-267. Web. 5 Apr. 2013.<\/p>\n<p style=\"color: #444444;\">Vivero Mar\u00edn, C\u00e1ndida Elizabeth. &#8220;El oficio de escribir: la profesionalizaci\u00f3n de las escritoras mexicanas (1850-1980).&#8221;\u00a0<em>La ventana<\/em>\u00a024 (2006):175-203.<\/p>\n<p style=\"color: #444444;\">Wright de Kleinhans, Laureana.\u00a0<em>Educaci\u00f3n y superaci\u00f3n femenina en el Siglo XIX.<\/em>\u00a0Cuadernos del Archivo Hist\u00f3rico de la UNAM, Ser. 19. M\u00e9xico D.F: Universidad Nacional Aut\u00f3noma de M\u00e9xico, 2005. 26-29.<\/p>\n<p style=\"color: #444444;\">&#8212;.\u00a0<em>Mujeres notables mexicanas.<\/em>\u00a0Gerritsen Collection of Women History. Ser. 3210. M\u00e9xico: Secretar\u00eda de Educaci\u00f3n P\u00fablica y Bellas Artes, 1910. 360\u2013365.<\/p>\n<p style=\"color: #444444;\">Zalduondo, Mar\u00eda.\u00a0<em>Novel Women: Gender and Nation in Nineteenth-century Novels by Two Spanish American Women Writers. Diss.<\/em>\u00a0U of Texas at Austin, 2001. Ann Harbor: UMI, 2001.<\/p>\n<p style=\"color: #444444;\">&#8212;. &#8220;(Des) Orden en el Porfiriato: La construcci\u00f3n del bandido en dos novelas desconocidas del siglo XIX mexicano.&#8221;\u00a0<em>Decimon\u00f3nica: revista de producci\u00f3n cultural hisp\u00e1nica decimon\u00f3nica<\/em>\u00a04.2 (2007): 78-94.<\/p>\n<p style=\"color: #444444;\">\n<\/div>\n<div class=\"img2\"><img loading=\"lazy\" decoding=\"async\" class=\"alignnone size-full wp-image-608\" src=\"https:\/\/eladd.org\/wp-content\/uploads\/2014\/02\/logo-footer-2.png\" alt=\"logo-footer-2\" width=\"260\" height=\"70\" \/><\/div>\n<\/div>\n[\/vc_column_text][vc_single_image image=&#8221;660&#8243; alignment=&#8221;center&#8221; css=&#8221;.vc_custom_1446670823436{margin-top: 35px !important;}&#8221;][\/vc_column][\/vc_row]\n<\/div>","protected":false},"excerpt":{"rendered":"<p>[vc_row full_width=&rdquo;stretch_row&rdquo; tablet_fullwidth_cols=&rdquo;&rdquo; bg_style=&rdquo;repeat&rdquo; css=&rdquo;.vc_custom_1762916741066{background-position: 0 0 !important;background-repeat: repeat !important;}&rdquo;][vc_column][vc_column_text el_class=&rdquo;autoras__titulo&rdquo;] Refugio Barrag&aacute;n de Toscano [\/vc_column_text][\/vc_column][\/vc_row][vc_row full_width=&rdquo;stretch_row&rdquo; id=&rdquo;cuerpo&rdquo;][vc_column][vc_column_text el_class=&rdquo;autoras__texto&rdquo;] Also known as:&nbsp;Refugio Barrag&aacute;n, Refugio Barrag&aacute;n de Toscano, Refugio B. Vda. de Toscano, Mar&iacute;a Refugio Barrag&aacute;n de Toscano Author&rsquo;s Works: Original&hellip;<\/p>\n","protected":false},"author":1,"featured_media":0,"parent":38,"menu_order":0,"comment_status":"closed","ping_status":"closed","template":"","meta":{"footnotes":""},"class_list":["post-52","page","type-page","status-publish","hentry","entry","no-media"],"yoast_head":"<!-- This site is optimized with the Yoast SEO plugin v26.1.1 - https:\/\/yoast.com\/wordpress\/plugins\/seo\/ -->\n<title>Refugio Barrag\u00e1n de Toscano - Eladd En<\/title>\n<meta name=\"robots\" content=\"index, follow, max-snippet:-1, max-image-preview:large, max-video-preview:-1\" \/>\n<link rel=\"canonical\" href=\"https:\/\/eladd.org\/en\/popular-authors\/refugio-barragan-de-toscano\/\" \/>\n<meta property=\"og:locale\" content=\"en_US\" \/>\n<meta property=\"og:type\" content=\"article\" \/>\n<meta property=\"og:title\" content=\"Refugio Barrag\u00e1n de Toscano - Eladd En\" \/>\n<meta property=\"og:description\" content=\"[vc_row full_width=&rdquo;stretch_row&rdquo; tablet_fullwidth_cols=&rdquo;&rdquo; bg_style=&rdquo;repeat&rdquo; css=&rdquo;.vc_custom_1762916741066{background-position: 0 0 !important;background-repeat: repeat !important;}&rdquo;][vc_column][vc_column_text el_class=&rdquo;autoras__titulo&rdquo;] Refugio Barrag&aacute;n de Toscano [\/vc_column_text][\/vc_column][\/vc_row][vc_row full_width=&rdquo;stretch_row&rdquo; id=&rdquo;cuerpo&rdquo;][vc_column][vc_column_text el_class=&rdquo;autoras__texto&rdquo;] Also known as:&nbsp;Refugio Barrag&aacute;n, Refugio Barrag&aacute;n de Toscano, Refugio B. Vda. de Toscano, Mar&iacute;a Refugio Barrag&aacute;n de Toscano Author&rsquo;s Works: Original&hellip;\" \/>\n<meta property=\"og:url\" content=\"https:\/\/eladd.org\/en\/popular-authors\/refugio-barragan-de-toscano\/\" \/>\n<meta property=\"og:site_name\" content=\"Eladd En\" \/>\n<meta property=\"article:modified_time\" content=\"2025-11-12T03:05:46+00:00\" \/>\n<meta property=\"og:image\" content=\"https:\/\/eladd.org\/wp-content\/uploads\/2014\/02\/refugio_bt11.jpg\" \/>\n<meta name=\"twitter:card\" content=\"summary_large_image\" \/>\n<meta name=\"twitter:label1\" content=\"Est. reading time\" \/>\n\t<meta name=\"twitter:data1\" content=\"5 minutes\" \/>\n<script type=\"application\/ld+json\" class=\"yoast-schema-graph\">{\"@context\":\"https:\/\/schema.org\",\"@graph\":[{\"@type\":\"WebPage\",\"@id\":\"https:\/\/eladd.org\/en\/popular-authors\/refugio-barragan-de-toscano\/\",\"url\":\"https:\/\/eladd.org\/en\/popular-authors\/refugio-barragan-de-toscano\/\",\"name\":\"Refugio Barrag\u00e1n de Toscano - Eladd En\",\"isPartOf\":{\"@id\":\"https:\/\/eladd.org\/en\/#website\"},\"primaryImageOfPage\":{\"@id\":\"https:\/\/eladd.org\/en\/popular-authors\/refugio-barragan-de-toscano\/#primaryimage\"},\"image\":{\"@id\":\"https:\/\/eladd.org\/en\/popular-authors\/refugio-barragan-de-toscano\/#primaryimage\"},\"thumbnailUrl\":\"https:\/\/eladd.org\/wp-content\/uploads\/2014\/02\/refugio_bt11.jpg\",\"datePublished\":\"2014-07-02T18:42:17+00:00\",\"dateModified\":\"2025-11-12T03:05:46+00:00\",\"breadcrumb\":{\"@id\":\"https:\/\/eladd.org\/en\/popular-authors\/refugio-barragan-de-toscano\/#breadcrumb\"},\"inLanguage\":\"en-US\",\"potentialAction\":[{\"@type\":\"ReadAction\",\"target\":[\"https:\/\/eladd.org\/en\/popular-authors\/refugio-barragan-de-toscano\/\"]}]},{\"@type\":\"ImageObject\",\"inLanguage\":\"en-US\",\"@id\":\"https:\/\/eladd.org\/en\/popular-authors\/refugio-barragan-de-toscano\/#primaryimage\",\"url\":\"https:\/\/eladd.org\/wp-content\/uploads\/2014\/02\/refugio_bt11.jpg\",\"contentUrl\":\"https:\/\/eladd.org\/wp-content\/uploads\/2014\/02\/refugio_bt11.jpg\"},{\"@type\":\"BreadcrumbList\",\"@id\":\"https:\/\/eladd.org\/en\/popular-authors\/refugio-barragan-de-toscano\/#breadcrumb\",\"itemListElement\":[{\"@type\":\"ListItem\",\"position\":1,\"name\":\"Home\",\"item\":\"https:\/\/eladd.org\/en\/\"},{\"@type\":\"ListItem\",\"position\":2,\"name\":\"Popular Authors\",\"item\":\"https:\/\/eladd.org\/en\/popular-authors\/\"},{\"@type\":\"ListItem\",\"position\":3,\"name\":\"Refugio Barrag\u00e1n de Toscano\"}]},{\"@type\":\"WebSite\",\"@id\":\"https:\/\/eladd.org\/en\/#website\",\"url\":\"https:\/\/eladd.org\/en\/\",\"name\":\"Eladd En\",\"description\":\"Ninteenth-Century Latin American Women Writers\",\"publisher\":{\"@id\":\"https:\/\/eladd.org\/en\/#organization\"},\"potentialAction\":[{\"@type\":\"SearchAction\",\"target\":{\"@type\":\"EntryPoint\",\"urlTemplate\":\"https:\/\/eladd.org\/en\/?s={search_term_string}\"},\"query-input\":{\"@type\":\"PropertyValueSpecification\",\"valueRequired\":true,\"valueName\":\"search_term_string\"}}],\"inLanguage\":\"en-US\"},{\"@type\":\"Organization\",\"@id\":\"https:\/\/eladd.org\/en\/#organization\",\"name\":\"Eladd En\",\"url\":\"https:\/\/eladd.org\/en\/\",\"logo\":{\"@type\":\"ImageObject\",\"inLanguage\":\"en-US\",\"@id\":\"https:\/\/eladd.org\/en\/#\/schema\/logo\/image\/\",\"url\":\"https:\/\/eladd.org\/en\/wp-content\/uploads\/sites\/2\/2025\/07\/logo-eladd.png\",\"contentUrl\":\"https:\/\/eladd.org\/en\/wp-content\/uploads\/sites\/2\/2025\/07\/logo-eladd.png\",\"width\":324,\"height\":77,\"caption\":\"Eladd En\"},\"image\":{\"@id\":\"https:\/\/eladd.org\/en\/#\/schema\/logo\/image\/\"}}]}<\/script>\n<!-- \/ Yoast SEO plugin. -->","yoast_head_json":{"title":"Refugio Barrag\u00e1n de Toscano - Eladd En","robots":{"index":"index","follow":"follow","max-snippet":"max-snippet:-1","max-image-preview":"max-image-preview:large","max-video-preview":"max-video-preview:-1"},"canonical":"https:\/\/eladd.org\/en\/popular-authors\/refugio-barragan-de-toscano\/","og_locale":"en_US","og_type":"article","og_title":"Refugio Barrag\u00e1n de Toscano - Eladd En","og_description":"[vc_row full_width=&rdquo;stretch_row&rdquo; tablet_fullwidth_cols=&rdquo;&rdquo; bg_style=&rdquo;repeat&rdquo; css=&rdquo;.vc_custom_1762916741066{background-position: 0 0 !important;background-repeat: repeat !important;}&rdquo;][vc_column][vc_column_text el_class=&rdquo;autoras__titulo&rdquo;] Refugio Barrag&aacute;n de Toscano [\/vc_column_text][\/vc_column][\/vc_row][vc_row full_width=&rdquo;stretch_row&rdquo; id=&rdquo;cuerpo&rdquo;][vc_column][vc_column_text el_class=&rdquo;autoras__texto&rdquo;] Also known as:&nbsp;Refugio Barrag&aacute;n, Refugio Barrag&aacute;n de Toscano, Refugio B. Vda. de Toscano, Mar&iacute;a Refugio Barrag&aacute;n de Toscano Author&rsquo;s Works: Original&hellip;","og_url":"https:\/\/eladd.org\/en\/popular-authors\/refugio-barragan-de-toscano\/","og_site_name":"Eladd En","article_modified_time":"2025-11-12T03:05:46+00:00","og_image":[{"url":"https:\/\/eladd.org\/wp-content\/uploads\/2014\/02\/refugio_bt11.jpg","type":"","width":"","height":""}],"twitter_card":"summary_large_image","twitter_misc":{"Est. reading time":"5 minutes"},"schema":{"@context":"https:\/\/schema.org","@graph":[{"@type":"WebPage","@id":"https:\/\/eladd.org\/en\/popular-authors\/refugio-barragan-de-toscano\/","url":"https:\/\/eladd.org\/en\/popular-authors\/refugio-barragan-de-toscano\/","name":"Refugio Barrag\u00e1n de Toscano - Eladd En","isPartOf":{"@id":"https:\/\/eladd.org\/en\/#website"},"primaryImageOfPage":{"@id":"https:\/\/eladd.org\/en\/popular-authors\/refugio-barragan-de-toscano\/#primaryimage"},"image":{"@id":"https:\/\/eladd.org\/en\/popular-authors\/refugio-barragan-de-toscano\/#primaryimage"},"thumbnailUrl":"https:\/\/eladd.org\/wp-content\/uploads\/2014\/02\/refugio_bt11.jpg","datePublished":"2014-07-02T18:42:17+00:00","dateModified":"2025-11-12T03:05:46+00:00","breadcrumb":{"@id":"https:\/\/eladd.org\/en\/popular-authors\/refugio-barragan-de-toscano\/#breadcrumb"},"inLanguage":"en-US","potentialAction":[{"@type":"ReadAction","target":["https:\/\/eladd.org\/en\/popular-authors\/refugio-barragan-de-toscano\/"]}]},{"@type":"ImageObject","inLanguage":"en-US","@id":"https:\/\/eladd.org\/en\/popular-authors\/refugio-barragan-de-toscano\/#primaryimage","url":"https:\/\/eladd.org\/wp-content\/uploads\/2014\/02\/refugio_bt11.jpg","contentUrl":"https:\/\/eladd.org\/wp-content\/uploads\/2014\/02\/refugio_bt11.jpg"},{"@type":"BreadcrumbList","@id":"https:\/\/eladd.org\/en\/popular-authors\/refugio-barragan-de-toscano\/#breadcrumb","itemListElement":[{"@type":"ListItem","position":1,"name":"Home","item":"https:\/\/eladd.org\/en\/"},{"@type":"ListItem","position":2,"name":"Popular Authors","item":"https:\/\/eladd.org\/en\/popular-authors\/"},{"@type":"ListItem","position":3,"name":"Refugio Barrag\u00e1n de Toscano"}]},{"@type":"WebSite","@id":"https:\/\/eladd.org\/en\/#website","url":"https:\/\/eladd.org\/en\/","name":"Eladd En","description":"Ninteenth-Century Latin American Women Writers","publisher":{"@id":"https:\/\/eladd.org\/en\/#organization"},"potentialAction":[{"@type":"SearchAction","target":{"@type":"EntryPoint","urlTemplate":"https:\/\/eladd.org\/en\/?s={search_term_string}"},"query-input":{"@type":"PropertyValueSpecification","valueRequired":true,"valueName":"search_term_string"}}],"inLanguage":"en-US"},{"@type":"Organization","@id":"https:\/\/eladd.org\/en\/#organization","name":"Eladd En","url":"https:\/\/eladd.org\/en\/","logo":{"@type":"ImageObject","inLanguage":"en-US","@id":"https:\/\/eladd.org\/en\/#\/schema\/logo\/image\/","url":"https:\/\/eladd.org\/en\/wp-content\/uploads\/sites\/2\/2025\/07\/logo-eladd.png","contentUrl":"https:\/\/eladd.org\/en\/wp-content\/uploads\/sites\/2\/2025\/07\/logo-eladd.png","width":324,"height":77,"caption":"Eladd En"},"image":{"@id":"https:\/\/eladd.org\/en\/#\/schema\/logo\/image\/"}}]}},"_links":{"self":[{"href":"https:\/\/eladd.org\/en\/wp-json\/wp\/v2\/pages\/52","targetHints":{"allow":["GET"]}}],"collection":[{"href":"https:\/\/eladd.org\/en\/wp-json\/wp\/v2\/pages"}],"about":[{"href":"https:\/\/eladd.org\/en\/wp-json\/wp\/v2\/types\/page"}],"author":[{"embeddable":true,"href":"https:\/\/eladd.org\/en\/wp-json\/wp\/v2\/users\/1"}],"replies":[{"embeddable":true,"href":"https:\/\/eladd.org\/en\/wp-json\/wp\/v2\/comments?post=52"}],"version-history":[{"count":8,"href":"https:\/\/eladd.org\/en\/wp-json\/wp\/v2\/pages\/52\/revisions"}],"predecessor-version":[{"id":24760,"href":"https:\/\/eladd.org\/en\/wp-json\/wp\/v2\/pages\/52\/revisions\/24760"}],"up":[{"embeddable":true,"href":"https:\/\/eladd.org\/en\/wp-json\/wp\/v2\/pages\/38"}],"wp:attachment":[{"href":"https:\/\/eladd.org\/en\/wp-json\/wp\/v2\/media?parent=52"}],"curies":[{"name":"wp","href":"https:\/\/api.w.org\/{rel}","templated":true}]}}