{"id":566,"date":"2015-04-01T07:20:51","date_gmt":"2015-04-01T07:20:51","guid":{"rendered":"https:\/\/eladd.org\/en\/?page_id=566"},"modified":"2025-11-12T03:28:58","modified_gmt":"2025-11-12T03:28:58","slug":"maria-cruz","status":"publish","type":"page","link":"https:\/\/eladd.org\/en\/other-authors\/maria-cruz\/","title":{"rendered":"Mar\u00eda Cruz"},"content":{"rendered":"<div class=\"wpb-content-wrapper\">[vc_row full_width=&#8221;stretch_row&#8221; tablet_fullwidth_cols=&#8221;&#8221; bg_style=&#8221;repeat&#8221; css=&#8221;.vc_custom_1762918122650{background-position: 0 0 !important;background-repeat: repeat !important;}&#8221;][vc_column][vc_column_text el_class=&#8221;autoras__titulo&#8221;]\n<h2 style=\"text-align: center;\">Mar\u00eda Cruz<\/h2>\n<p style=\"text-align: center;\">(1876-1915)<br \/>\n<img loading=\"lazy\" decoding=\"async\" class=\"size-full wp-image-1816 aligncenter\" src=\"\/\/eladd.org\/wp-content\/uploads\/2015\/09\/icon-space.png\" alt=\"icon-space\" width=\"150\" height=\"8\" \/>[\/vc_column_text][\/vc_column][\/vc_row][vc_row full_width=&#8221;stretch_row&#8221; el_id=&#8221;cuerpo&#8221; css=&#8221;.vc_custom_1762918133380{background-position: center !important;background-repeat: no-repeat !important;background-size: cover !important;}&#8221;][vc_column][vc_column_text el_class=&#8221;autoras__texto&#8221;]<strong>Mar\u00eda Cruz (Guatemala, 1876-1915)<br \/>\n<\/strong><\/p>\n<p>Also known as: Mar\u00eda Cruz Arroyo<\/p>\n<p><a href=\"https:\/\/eladd.org\/wp-content\/uploads\/2015\/03\/maria2.png\"><img loading=\"lazy\" decoding=\"async\" class=\"size-medium wp-image-1594 alignright\" src=\"https:\/\/eladd.org\/wp-content\/uploads\/2015\/03\/maria2-234x300.png\" alt=\"maria\" width=\"234\" height=\"300\" \/><\/a><\/p>\n<p><strong> Author\u2019s Works: Original and Edited (Works are listed in chronological order)<\/strong><\/p>\n<p>(1928). \u201cPoes\u00edas.\u201d <em>Parnaso guatemalteco<\/em>. Ed. Humberto Porta Mencos. Guatemala: Tipograf\u00eda nacional.<\/p>\n<p>(1961). <em>Mar\u00eda Cruz a trav\u00e9s de su poes\u00eda<\/em>. Ed. Mar\u00eda Albertina G\u00e1lvez Garc\u00eda. Guatemala: Universidad de San Carlos.<\/p>\n<p>(1972). \u201cPoes\u00edas.\u201d <em>Antolog\u00eda de poetas guatemaltecos antiguos y contempor\u00e1neos: 1750-1970<\/em>. Ed. Hugo Rolando Corado. Guatemala: Imprint Eros.<\/p>\n<p><strong>Critical Works (Reference Materials, Books, Book Chapters, Journal Articles, Encyclopedias, Theses\/Dissertations, Media and Internet Sources) <\/strong><\/p>\n<p>Alajkotsi L\u00f3pez Pinto, M\u00f3nica Jacira. <em>Rasgos modernistas y posmodernistas en la poes\u00eda<br \/>\nde Mar\u00eda Cruz<\/em>. Guatemala: Universidad San Carlos de Guatemala, 2002.<\/p>\n<p>Albizurez P., Francisco y Catalina Barrios. <em>Historia de la literatura guatemalteca<\/em>. Tomo 3.<br \/>\nGuatemala: Editorial Universitaria de Guatemala, 1982: 283-84.<\/p>\n<p>&#8212;. <em>Historia de la literatura guatemalteca<\/em>. Tomo I. Guatemala: Editorial Universitaria, 1990:<br \/>\n362-69.<\/p>\n<p>Arag\u00f3n de Alvarado, A\u00edda. \u201cMar\u00eda Cruz.\u201d <em>Guatemala: El Imparcial<\/em> (22 oct. 1960): no p\u00e1g.<\/p>\n<p>&#8212;. \u201cMar\u00eda Cruz, traductora y prosista.\u201d <em>Guatemala: Sal\u00f3n 13<\/em> (1960): no p\u00e1g.<\/p>\n<p>Bra\u00f1as, Cesar. \u201cMar\u00eda Cruz viaja por Italia, evocaci\u00f3n de sus cartas y sus poemas.\u201d <em>Guatemala: El Imparcial <\/em> (19-26 junio 1945): no p\u00e1g.<\/p>\n<p>G\u00e1lvez, Mar\u00eda Albertina. \u201cMar\u00eda Cruz.\u201d <em>Guatemala: El Imparcial <\/em>(2 nov. 1961): no p\u00e1g.<\/p>\n<p>Hern\u00e1ndez Bola\u00f1os, Graciela. \u201cHomenaje de la uni\u00f3n de Mujeres universitarias americanas a Mar\u00eda Cruz.\u201d <em>Guatemala: El Imparcial<\/em> (19 oct. 1960): no p\u00e1g.<\/p>\n<p>Preble-Niemi, Oralia. <em>Ilustres autores guatemaltecos del siglo XIX y XX<\/em>. Guatemala: Librer\u00edas<br \/>\nArtemis Edinter, 2004: vii, viii.<\/p>\n<p>Vela Salvatierra, David. \u201cEvocaci\u00f3n de Mar\u00eda Cruz.\u201d <em>Guatemala: El Imparcial<\/em> (2 nov. 1960): no p\u00e1g.<\/p>\n<p>&nbsp;<\/p>\n<p><a href=\"https:\/\/eladd.org\/wp-content\/uploads\/2014\/02\/logo-footer-2.png\"><img loading=\"lazy\" decoding=\"async\" class=\"aligncenter size-full wp-image-608\" src=\"https:\/\/eladd.org\/wp-content\/uploads\/2014\/02\/logo-footer-2.png\" alt=\"logo-footer-2\" width=\"260\" height=\"70\" \/><\/a>[\/vc_column_text][vc_single_image image=&#8221;660&#8243; alignment=&#8221;center&#8221; css=&#8221;.vc_custom_1446670823436{margin-top: 35px !important;}&#8221;][\/vc_column][\/vc_row]\n<\/div>","protected":false},"excerpt":{"rendered":"<p>[vc_row full_width=&rdquo;stretch_row&rdquo; tablet_fullwidth_cols=&rdquo;&rdquo; bg_style=&rdquo;repeat&rdquo; css=&rdquo;.vc_custom_1762918122650{background-position: 0 0 !important;background-repeat: repeat !important;}&rdquo;][vc_column][vc_column_text el_class=&rdquo;autoras__titulo&rdquo;] Mar&iacute;a Cruz (1876-1915) [\/vc_column_text][\/vc_column][\/vc_row][vc_row full_width=&rdquo;stretch_row&rdquo; el_id=&rdquo;cuerpo&rdquo; css=&rdquo;.vc_custom_1762918133380{background-position: center !important;background-repeat: no-repeat !important;background-size: cover !important;}&rdquo;][vc_column][vc_column_text el_class=&rdquo;autoras__texto&rdquo;]Mar&iacute;a Cruz (Guatemala, 1876-1915) Also known as: Mar&iacute;a Cruz Arroyo Author&rsquo;s Works: Original and Edited (Works&hellip;<\/p>\n","protected":false},"author":3,"featured_media":0,"parent":98,"menu_order":0,"comment_status":"closed","ping_status":"closed","template":"","meta":{"footnotes":""},"class_list":["post-566","page","type-page","status-publish","hentry","entry","no-media"],"yoast_head":"<!-- This site is optimized with the Yoast SEO plugin v26.1.1 - https:\/\/yoast.com\/wordpress\/plugins\/seo\/ -->\n<title>Mar\u00eda Cruz - Eladd En<\/title>\n<meta name=\"robots\" content=\"index, follow, max-snippet:-1, max-image-preview:large, max-video-preview:-1\" \/>\n<link rel=\"canonical\" href=\"https:\/\/eladd.org\/en\/other-authors\/maria-cruz\/\" \/>\n<meta property=\"og:locale\" content=\"en_US\" \/>\n<meta property=\"og:type\" content=\"article\" \/>\n<meta property=\"og:title\" content=\"Mar\u00eda Cruz - Eladd En\" \/>\n<meta property=\"og:description\" content=\"[vc_row full_width=&rdquo;stretch_row&rdquo; tablet_fullwidth_cols=&rdquo;&rdquo; bg_style=&rdquo;repeat&rdquo; css=&rdquo;.vc_custom_1762918122650{background-position: 0 0 !important;background-repeat: repeat !important;}&rdquo;][vc_column][vc_column_text el_class=&rdquo;autoras__titulo&rdquo;] Mar&iacute;a Cruz (1876-1915) [\/vc_column_text][\/vc_column][\/vc_row][vc_row full_width=&rdquo;stretch_row&rdquo; el_id=&rdquo;cuerpo&rdquo; css=&rdquo;.vc_custom_1762918133380{background-position: center !important;background-repeat: no-repeat !important;background-size: cover !important;}&rdquo;][vc_column][vc_column_text el_class=&rdquo;autoras__texto&rdquo;]Mar&iacute;a Cruz (Guatemala, 1876-1915) Also known as: Mar&iacute;a Cruz Arroyo Author&rsquo;s Works: Original and Edited (Works&hellip;\" \/>\n<meta property=\"og:url\" content=\"https:\/\/eladd.org\/en\/other-authors\/maria-cruz\/\" \/>\n<meta property=\"og:site_name\" content=\"Eladd En\" \/>\n<meta property=\"article:modified_time\" content=\"2025-11-12T03:28:58+00:00\" \/>\n<meta property=\"og:image\" content=\"https:\/\/eladd.org\/wp-content\/uploads\/2015\/03\/maria2-234x300.png\" \/>\n<meta name=\"twitter:card\" content=\"summary_large_image\" \/>\n<meta name=\"twitter:label1\" content=\"Est. reading time\" \/>\n\t<meta name=\"twitter:data1\" content=\"2 minutes\" \/>\n<script type=\"application\/ld+json\" class=\"yoast-schema-graph\">{\"@context\":\"https:\/\/schema.org\",\"@graph\":[{\"@type\":\"WebPage\",\"@id\":\"https:\/\/eladd.org\/en\/other-authors\/maria-cruz\/\",\"url\":\"https:\/\/eladd.org\/en\/other-authors\/maria-cruz\/\",\"name\":\"Mar\u00eda Cruz - Eladd En\",\"isPartOf\":{\"@id\":\"https:\/\/eladd.org\/en\/#website\"},\"primaryImageOfPage\":{\"@id\":\"https:\/\/eladd.org\/en\/other-authors\/maria-cruz\/#primaryimage\"},\"image\":{\"@id\":\"https:\/\/eladd.org\/en\/other-authors\/maria-cruz\/#primaryimage\"},\"thumbnailUrl\":\"https:\/\/eladd.org\/wp-content\/uploads\/2015\/03\/maria2-234x300.png\",\"datePublished\":\"2015-04-01T07:20:51+00:00\",\"dateModified\":\"2025-11-12T03:28:58+00:00\",\"breadcrumb\":{\"@id\":\"https:\/\/eladd.org\/en\/other-authors\/maria-cruz\/#breadcrumb\"},\"inLanguage\":\"en-US\",\"potentialAction\":[{\"@type\":\"ReadAction\",\"target\":[\"https:\/\/eladd.org\/en\/other-authors\/maria-cruz\/\"]}]},{\"@type\":\"ImageObject\",\"inLanguage\":\"en-US\",\"@id\":\"https:\/\/eladd.org\/en\/other-authors\/maria-cruz\/#primaryimage\",\"url\":\"https:\/\/eladd.org\/wp-content\/uploads\/2015\/03\/maria2-234x300.png\",\"contentUrl\":\"https:\/\/eladd.org\/wp-content\/uploads\/2015\/03\/maria2-234x300.png\"},{\"@type\":\"BreadcrumbList\",\"@id\":\"https:\/\/eladd.org\/en\/other-authors\/maria-cruz\/#breadcrumb\",\"itemListElement\":[{\"@type\":\"ListItem\",\"position\":1,\"name\":\"Home\",\"item\":\"https:\/\/eladd.org\/en\/\"},{\"@type\":\"ListItem\",\"position\":2,\"name\":\"Other Authors\",\"item\":\"https:\/\/eladd.org\/en\/other-authors\/\"},{\"@type\":\"ListItem\",\"position\":3,\"name\":\"Mar\u00eda Cruz\"}]},{\"@type\":\"WebSite\",\"@id\":\"https:\/\/eladd.org\/en\/#website\",\"url\":\"https:\/\/eladd.org\/en\/\",\"name\":\"Eladd En\",\"description\":\"Ninteenth-Century Latin American Women Writers\",\"publisher\":{\"@id\":\"https:\/\/eladd.org\/en\/#organization\"},\"potentialAction\":[{\"@type\":\"SearchAction\",\"target\":{\"@type\":\"EntryPoint\",\"urlTemplate\":\"https:\/\/eladd.org\/en\/?s={search_term_string}\"},\"query-input\":{\"@type\":\"PropertyValueSpecification\",\"valueRequired\":true,\"valueName\":\"search_term_string\"}}],\"inLanguage\":\"en-US\"},{\"@type\":\"Organization\",\"@id\":\"https:\/\/eladd.org\/en\/#organization\",\"name\":\"Eladd En\",\"url\":\"https:\/\/eladd.org\/en\/\",\"logo\":{\"@type\":\"ImageObject\",\"inLanguage\":\"en-US\",\"@id\":\"https:\/\/eladd.org\/en\/#\/schema\/logo\/image\/\",\"url\":\"https:\/\/eladd.org\/en\/wp-content\/uploads\/sites\/2\/2025\/07\/logo-eladd.png\",\"contentUrl\":\"https:\/\/eladd.org\/en\/wp-content\/uploads\/sites\/2\/2025\/07\/logo-eladd.png\",\"width\":324,\"height\":77,\"caption\":\"Eladd En\"},\"image\":{\"@id\":\"https:\/\/eladd.org\/en\/#\/schema\/logo\/image\/\"}}]}<\/script>\n<!-- \/ Yoast SEO plugin. -->","yoast_head_json":{"title":"Mar\u00eda Cruz - Eladd En","robots":{"index":"index","follow":"follow","max-snippet":"max-snippet:-1","max-image-preview":"max-image-preview:large","max-video-preview":"max-video-preview:-1"},"canonical":"https:\/\/eladd.org\/en\/other-authors\/maria-cruz\/","og_locale":"en_US","og_type":"article","og_title":"Mar\u00eda Cruz - Eladd En","og_description":"[vc_row full_width=&rdquo;stretch_row&rdquo; tablet_fullwidth_cols=&rdquo;&rdquo; bg_style=&rdquo;repeat&rdquo; css=&rdquo;.vc_custom_1762918122650{background-position: 0 0 !important;background-repeat: repeat !important;}&rdquo;][vc_column][vc_column_text el_class=&rdquo;autoras__titulo&rdquo;] Mar&iacute;a Cruz (1876-1915) [\/vc_column_text][\/vc_column][\/vc_row][vc_row full_width=&rdquo;stretch_row&rdquo; el_id=&rdquo;cuerpo&rdquo; css=&rdquo;.vc_custom_1762918133380{background-position: center !important;background-repeat: no-repeat !important;background-size: cover !important;}&rdquo;][vc_column][vc_column_text el_class=&rdquo;autoras__texto&rdquo;]Mar&iacute;a Cruz (Guatemala, 1876-1915) Also known as: Mar&iacute;a Cruz Arroyo Author&rsquo;s Works: Original and Edited (Works&hellip;","og_url":"https:\/\/eladd.org\/en\/other-authors\/maria-cruz\/","og_site_name":"Eladd En","article_modified_time":"2025-11-12T03:28:58+00:00","og_image":[{"url":"https:\/\/eladd.org\/wp-content\/uploads\/2015\/03\/maria2-234x300.png","type":"","width":"","height":""}],"twitter_card":"summary_large_image","twitter_misc":{"Est. reading time":"2 minutes"},"schema":{"@context":"https:\/\/schema.org","@graph":[{"@type":"WebPage","@id":"https:\/\/eladd.org\/en\/other-authors\/maria-cruz\/","url":"https:\/\/eladd.org\/en\/other-authors\/maria-cruz\/","name":"Mar\u00eda Cruz - Eladd En","isPartOf":{"@id":"https:\/\/eladd.org\/en\/#website"},"primaryImageOfPage":{"@id":"https:\/\/eladd.org\/en\/other-authors\/maria-cruz\/#primaryimage"},"image":{"@id":"https:\/\/eladd.org\/en\/other-authors\/maria-cruz\/#primaryimage"},"thumbnailUrl":"https:\/\/eladd.org\/wp-content\/uploads\/2015\/03\/maria2-234x300.png","datePublished":"2015-04-01T07:20:51+00:00","dateModified":"2025-11-12T03:28:58+00:00","breadcrumb":{"@id":"https:\/\/eladd.org\/en\/other-authors\/maria-cruz\/#breadcrumb"},"inLanguage":"en-US","potentialAction":[{"@type":"ReadAction","target":["https:\/\/eladd.org\/en\/other-authors\/maria-cruz\/"]}]},{"@type":"ImageObject","inLanguage":"en-US","@id":"https:\/\/eladd.org\/en\/other-authors\/maria-cruz\/#primaryimage","url":"https:\/\/eladd.org\/wp-content\/uploads\/2015\/03\/maria2-234x300.png","contentUrl":"https:\/\/eladd.org\/wp-content\/uploads\/2015\/03\/maria2-234x300.png"},{"@type":"BreadcrumbList","@id":"https:\/\/eladd.org\/en\/other-authors\/maria-cruz\/#breadcrumb","itemListElement":[{"@type":"ListItem","position":1,"name":"Home","item":"https:\/\/eladd.org\/en\/"},{"@type":"ListItem","position":2,"name":"Other Authors","item":"https:\/\/eladd.org\/en\/other-authors\/"},{"@type":"ListItem","position":3,"name":"Mar\u00eda Cruz"}]},{"@type":"WebSite","@id":"https:\/\/eladd.org\/en\/#website","url":"https:\/\/eladd.org\/en\/","name":"Eladd En","description":"Ninteenth-Century Latin American Women Writers","publisher":{"@id":"https:\/\/eladd.org\/en\/#organization"},"potentialAction":[{"@type":"SearchAction","target":{"@type":"EntryPoint","urlTemplate":"https:\/\/eladd.org\/en\/?s={search_term_string}"},"query-input":{"@type":"PropertyValueSpecification","valueRequired":true,"valueName":"search_term_string"}}],"inLanguage":"en-US"},{"@type":"Organization","@id":"https:\/\/eladd.org\/en\/#organization","name":"Eladd En","url":"https:\/\/eladd.org\/en\/","logo":{"@type":"ImageObject","inLanguage":"en-US","@id":"https:\/\/eladd.org\/en\/#\/schema\/logo\/image\/","url":"https:\/\/eladd.org\/en\/wp-content\/uploads\/sites\/2\/2025\/07\/logo-eladd.png","contentUrl":"https:\/\/eladd.org\/en\/wp-content\/uploads\/sites\/2\/2025\/07\/logo-eladd.png","width":324,"height":77,"caption":"Eladd En"},"image":{"@id":"https:\/\/eladd.org\/en\/#\/schema\/logo\/image\/"}}]}},"_links":{"self":[{"href":"https:\/\/eladd.org\/en\/wp-json\/wp\/v2\/pages\/566","targetHints":{"allow":["GET"]}}],"collection":[{"href":"https:\/\/eladd.org\/en\/wp-json\/wp\/v2\/pages"}],"about":[{"href":"https:\/\/eladd.org\/en\/wp-json\/wp\/v2\/types\/page"}],"author":[{"embeddable":true,"href":"https:\/\/eladd.org\/en\/wp-json\/wp\/v2\/users\/3"}],"replies":[{"embeddable":true,"href":"https:\/\/eladd.org\/en\/wp-json\/wp\/v2\/comments?post=566"}],"version-history":[{"count":5,"href":"https:\/\/eladd.org\/en\/wp-json\/wp\/v2\/pages\/566\/revisions"}],"predecessor-version":[{"id":24788,"href":"https:\/\/eladd.org\/en\/wp-json\/wp\/v2\/pages\/566\/revisions\/24788"}],"up":[{"embeddable":true,"href":"https:\/\/eladd.org\/en\/wp-json\/wp\/v2\/pages\/98"}],"wp:attachment":[{"href":"https:\/\/eladd.org\/en\/wp-json\/wp\/v2\/media?parent=566"}],"curies":[{"name":"wp","href":"https:\/\/api.w.org\/{rel}","templated":true}]}}