{"id":575,"date":"2015-04-01T07:30:01","date_gmt":"2015-04-01T07:30:01","guid":{"rendered":"https:\/\/eladd.org\/en\/?page_id=575"},"modified":"2025-11-12T03:35:19","modified_gmt":"2025-11-12T03:35:19","slug":"francisca-julia","status":"publish","type":"page","link":"https:\/\/eladd.org\/en\/other-authors\/francisca-julia\/","title":{"rendered":"Francisca Julia"},"content":{"rendered":"<div class=\"wpb-content-wrapper\">[vc_row full_width=&#8221;stretch_row&#8221; tablet_fullwidth_cols=&#8221;&#8221; bg_style=&#8221;repeat&#8221; css=&#8221;.vc_custom_1762918507722{background-position: 0 0 !important;background-repeat: repeat !important;}&#8221;][vc_column][vc_column_text el_class=&#8221;autoras__titulo&#8221;]\n<h2 style=\"text-align: center;\">Francisca Julia<\/h2>\n<p style=\"text-align: center;\">(1871-1920)<br \/>\n<img loading=\"lazy\" decoding=\"async\" class=\"size-full wp-image-1816 aligncenter\" src=\"\/\/eladd.org\/wp-content\/uploads\/2015\/09\/icon-space.png\" alt=\"icon-space\" width=\"150\" height=\"8\" \/>[\/vc_column_text][\/vc_column][\/vc_row][vc_row full_width=&#8221;stretch_row&#8221; el_id=&#8221;cuerpo&#8221; css=&#8221;.vc_custom_1762918515626{background-position: center !important;background-repeat: no-repeat !important;background-size: cover !important;}&#8221;][vc_column][vc_column_text el_class=&#8221;autoras__texto&#8221;]<strong>Francisca Julia (Brazil, 1871-1920)<br \/>\n<\/strong><\/p>\n<p>Also known as: Francisca Julia de Silva Munster, Francisca J\u00falia da Silva<\/p>\n<p><img loading=\"lazy\" decoding=\"async\" class=\"size-medium wp-image-1602 alignright\" src=\"https:\/\/eladd.org\/wp-content\/uploads\/2015\/03\/francisca-225x300.png\" alt=\"francisca\" width=\"225\" height=\"300\" \/><\/p>\n<p><strong>Author\u2019s Works: Original and Edited (Works are listed in chronological order) <\/strong><\/p>\n<p>(1895), <em>pr\u00f3l. Jo\u00e3o Ribeiro<\/em>. Marmores. S\u00e3o Paulo: Horacio Belfort Sabino.<\/p>\n<p>(1899). <em>Livro da Inf\u00e2ncia<\/em>. S\u00e3o Paulo: Tipografia do Di\u00e1rio Oficial.<\/p>\n<p>(1903). <em>Esphinges<\/em>. S\u00e3o Paulo: Monteiro Lobato.<\/p>\n<p>&#8212;.<em> Esphinges<\/em>. S\u00e3o Paulo: Monteiro Lobato, 1921.<\/p>\n<p>(1908). <em>A Feiti\u00e7aria Sob O Ponto de Vista Cient\u00edfico<\/em><\/p>\n<p>(1912), e Julio C\u00e9sar da Silva. <em>Alma Infantil<\/em>. Livraria Magalh\u00e3es.<\/p>\n<p>(1962). <em>Poesias<\/em>. Ed. P\u00e9ricles Eug\u00eanio da Silva Ramos.<\/p>\n<p><strong>Critical Works (Reference Materials, Books, Book Chapters, Journal Articles, Encyclopedias, Theses\/Dissertations, Media and Internet Sources)<\/strong><\/p>\n<p>Goldberg, Isaac. <em>Brazilian literature<\/em>. New York: A.A. Knopf, 1922.<\/p>\n<p>Andrade, M\u00e1rio de. \u201cMestre do Passado II: Francisca J\u00falia\u201d. <em>Journal do Com\u00e9rcio<\/em>. 1921.<\/p>\n<p>Bittencourt, Adalzira.<em> A mulher paulista na hist\u00f3ria<\/em>. Rio de Janeiro: Livros de Portugal,<br \/>\n1954. 60-66.<\/p>\n<p>Coutinho, Afr\u00e2nio, J. Galante de Sousa, eds. <em>Enciclop\u00e9dia de Literatura Brasileira<\/em>. Vol. 2. Rio de Janeiro: Minist\u00e9rio da Educa\u00e7ao, 1990. 1244.<\/p>\n<p>Fischer, Lu\u00eds Augusto. <em>Parnasianismo brasileiro: entre resson\u00e2ncia e disson\u00e2ncia<\/em>. Porto<br \/>\nAlegre: EDIPUCRS, 2003. 134-45.<\/p>\n<p>Godoy Campos, Milton de. \u201cContribu\u00e7oes ao Estudo de Francisca J\u00falia\u201d. <em>Correio Paulstiano<\/em> 7<br \/>\nfev. 1960.<\/p>\n<p>Melo, Carlos Augusto de, e Dayana Alejandra Hernandez Mundaca. \u201cDo M\u00e1rmore aos jardins: sobre a obre de Francisca J\u00falia (1871-1920)\u201d. <em>Mestrado em Letras<\/em> 10.2 (julho-dez. 2013). 1-13.<\/p>\n<p>Queir\u00f3s, Venceslau de. \u201cFrancisca J\u00falia da Silva\u201d. <em>Diario Popular <\/em>18-26 julho 1895.<\/p>\n<p>Ramos, P\u00e9ricles Eug\u00eanio da Silva. \u201cIntrodu\u00e7ao \u00e0 Poesias\u201d. 1962. 5-41.<\/p>\n<p>Seixas, Aristeo. \u201cHomens e Livros: D. Francisca J\u00falia da Silva, a sua produ\u00e7ao liter\u00e1ria e o<br \/>\nseu prest\u00edgio nas letras nacionais\u201d<br \/>\n<img loading=\"lazy\" decoding=\"async\" class=\"aligncenter size-full wp-image-608\" src=\"https:\/\/eladd.org\/wp-content\/uploads\/2014\/02\/logo-footer-2.png\" alt=\"logo-footer-2\" width=\"260\" height=\"70\" \/>[\/vc_column_text][vc_single_image image=&#8221;660&#8243; alignment=&#8221;center&#8221; css=&#8221;.vc_custom_1446670823436{margin-top: 35px !important;}&#8221;][\/vc_column][\/vc_row]\n<\/div>","protected":false},"excerpt":{"rendered":"<p>[vc_row full_width=&rdquo;stretch_row&rdquo; tablet_fullwidth_cols=&rdquo;&rdquo; bg_style=&rdquo;repeat&rdquo; css=&rdquo;.vc_custom_1762918507722{background-position: 0 0 !important;background-repeat: repeat !important;}&rdquo;][vc_column][vc_column_text el_class=&rdquo;autoras__titulo&rdquo;] Francisca Julia (1871-1920) [\/vc_column_text][\/vc_column][\/vc_row][vc_row full_width=&rdquo;stretch_row&rdquo; el_id=&rdquo;cuerpo&rdquo; css=&rdquo;.vc_custom_1762918515626{background-position: center !important;background-repeat: no-repeat !important;background-size: cover !important;}&rdquo;][vc_column][vc_column_text el_class=&rdquo;autoras__texto&rdquo;]Francisca Julia (Brazil, 1871-1920) Also known as: Francisca Julia de Silva Munster, Francisca J&uacute;lia da Silva&hellip;<\/p>\n","protected":false},"author":3,"featured_media":0,"parent":98,"menu_order":0,"comment_status":"closed","ping_status":"closed","template":"","meta":{"footnotes":""},"class_list":["post-575","page","type-page","status-publish","hentry","entry","no-media"],"yoast_head":"<!-- This site is optimized with the Yoast SEO plugin v26.1.1 - https:\/\/yoast.com\/wordpress\/plugins\/seo\/ -->\n<title>Francisca Julia - Eladd En<\/title>\n<meta name=\"robots\" content=\"index, follow, max-snippet:-1, max-image-preview:large, max-video-preview:-1\" \/>\n<link rel=\"canonical\" href=\"https:\/\/eladd.org\/en\/other-authors\/francisca-julia\/\" \/>\n<meta property=\"og:locale\" content=\"en_US\" \/>\n<meta property=\"og:type\" content=\"article\" \/>\n<meta property=\"og:title\" content=\"Francisca Julia - Eladd En\" \/>\n<meta property=\"og:description\" content=\"[vc_row full_width=&rdquo;stretch_row&rdquo; tablet_fullwidth_cols=&rdquo;&rdquo; bg_style=&rdquo;repeat&rdquo; css=&rdquo;.vc_custom_1762918507722{background-position: 0 0 !important;background-repeat: repeat !important;}&rdquo;][vc_column][vc_column_text el_class=&rdquo;autoras__titulo&rdquo;] Francisca Julia (1871-1920) [\/vc_column_text][\/vc_column][\/vc_row][vc_row full_width=&rdquo;stretch_row&rdquo; el_id=&rdquo;cuerpo&rdquo; css=&rdquo;.vc_custom_1762918515626{background-position: center !important;background-repeat: no-repeat !important;background-size: cover !important;}&rdquo;][vc_column][vc_column_text el_class=&rdquo;autoras__texto&rdquo;]Francisca Julia (Brazil, 1871-1920) Also known as: Francisca Julia de Silva Munster, Francisca J&uacute;lia da Silva&hellip;\" \/>\n<meta property=\"og:url\" content=\"https:\/\/eladd.org\/en\/other-authors\/francisca-julia\/\" \/>\n<meta property=\"og:site_name\" content=\"Eladd En\" \/>\n<meta property=\"article:modified_time\" content=\"2025-11-12T03:35:19+00:00\" \/>\n<meta property=\"og:image\" content=\"https:\/\/eladd.org\/wp-content\/uploads\/2015\/03\/francisca-225x300.png\" \/>\n<meta name=\"twitter:card\" content=\"summary_large_image\" \/>\n<meta name=\"twitter:label1\" content=\"Est. reading time\" \/>\n\t<meta name=\"twitter:data1\" content=\"2 minutes\" \/>\n<script type=\"application\/ld+json\" class=\"yoast-schema-graph\">{\"@context\":\"https:\/\/schema.org\",\"@graph\":[{\"@type\":\"WebPage\",\"@id\":\"https:\/\/eladd.org\/en\/other-authors\/francisca-julia\/\",\"url\":\"https:\/\/eladd.org\/en\/other-authors\/francisca-julia\/\",\"name\":\"Francisca Julia - Eladd En\",\"isPartOf\":{\"@id\":\"https:\/\/eladd.org\/en\/#website\"},\"primaryImageOfPage\":{\"@id\":\"https:\/\/eladd.org\/en\/other-authors\/francisca-julia\/#primaryimage\"},\"image\":{\"@id\":\"https:\/\/eladd.org\/en\/other-authors\/francisca-julia\/#primaryimage\"},\"thumbnailUrl\":\"https:\/\/eladd.org\/wp-content\/uploads\/2015\/03\/francisca-225x300.png\",\"datePublished\":\"2015-04-01T07:30:01+00:00\",\"dateModified\":\"2025-11-12T03:35:19+00:00\",\"breadcrumb\":{\"@id\":\"https:\/\/eladd.org\/en\/other-authors\/francisca-julia\/#breadcrumb\"},\"inLanguage\":\"en-US\",\"potentialAction\":[{\"@type\":\"ReadAction\",\"target\":[\"https:\/\/eladd.org\/en\/other-authors\/francisca-julia\/\"]}]},{\"@type\":\"ImageObject\",\"inLanguage\":\"en-US\",\"@id\":\"https:\/\/eladd.org\/en\/other-authors\/francisca-julia\/#primaryimage\",\"url\":\"https:\/\/eladd.org\/wp-content\/uploads\/2015\/03\/francisca-225x300.png\",\"contentUrl\":\"https:\/\/eladd.org\/wp-content\/uploads\/2015\/03\/francisca-225x300.png\"},{\"@type\":\"BreadcrumbList\",\"@id\":\"https:\/\/eladd.org\/en\/other-authors\/francisca-julia\/#breadcrumb\",\"itemListElement\":[{\"@type\":\"ListItem\",\"position\":1,\"name\":\"Home\",\"item\":\"https:\/\/eladd.org\/en\/\"},{\"@type\":\"ListItem\",\"position\":2,\"name\":\"Other Authors\",\"item\":\"https:\/\/eladd.org\/en\/other-authors\/\"},{\"@type\":\"ListItem\",\"position\":3,\"name\":\"Francisca Julia\"}]},{\"@type\":\"WebSite\",\"@id\":\"https:\/\/eladd.org\/en\/#website\",\"url\":\"https:\/\/eladd.org\/en\/\",\"name\":\"Eladd En\",\"description\":\"Ninteenth-Century Latin American Women Writers\",\"publisher\":{\"@id\":\"https:\/\/eladd.org\/en\/#organization\"},\"potentialAction\":[{\"@type\":\"SearchAction\",\"target\":{\"@type\":\"EntryPoint\",\"urlTemplate\":\"https:\/\/eladd.org\/en\/?s={search_term_string}\"},\"query-input\":{\"@type\":\"PropertyValueSpecification\",\"valueRequired\":true,\"valueName\":\"search_term_string\"}}],\"inLanguage\":\"en-US\"},{\"@type\":\"Organization\",\"@id\":\"https:\/\/eladd.org\/en\/#organization\",\"name\":\"Eladd En\",\"url\":\"https:\/\/eladd.org\/en\/\",\"logo\":{\"@type\":\"ImageObject\",\"inLanguage\":\"en-US\",\"@id\":\"https:\/\/eladd.org\/en\/#\/schema\/logo\/image\/\",\"url\":\"https:\/\/eladd.org\/en\/wp-content\/uploads\/sites\/2\/2025\/07\/logo-eladd.png\",\"contentUrl\":\"https:\/\/eladd.org\/en\/wp-content\/uploads\/sites\/2\/2025\/07\/logo-eladd.png\",\"width\":324,\"height\":77,\"caption\":\"Eladd En\"},\"image\":{\"@id\":\"https:\/\/eladd.org\/en\/#\/schema\/logo\/image\/\"}}]}<\/script>\n<!-- \/ Yoast SEO plugin. -->","yoast_head_json":{"title":"Francisca Julia - Eladd En","robots":{"index":"index","follow":"follow","max-snippet":"max-snippet:-1","max-image-preview":"max-image-preview:large","max-video-preview":"max-video-preview:-1"},"canonical":"https:\/\/eladd.org\/en\/other-authors\/francisca-julia\/","og_locale":"en_US","og_type":"article","og_title":"Francisca Julia - Eladd En","og_description":"[vc_row full_width=&rdquo;stretch_row&rdquo; tablet_fullwidth_cols=&rdquo;&rdquo; bg_style=&rdquo;repeat&rdquo; css=&rdquo;.vc_custom_1762918507722{background-position: 0 0 !important;background-repeat: repeat !important;}&rdquo;][vc_column][vc_column_text el_class=&rdquo;autoras__titulo&rdquo;] Francisca Julia (1871-1920) [\/vc_column_text][\/vc_column][\/vc_row][vc_row full_width=&rdquo;stretch_row&rdquo; el_id=&rdquo;cuerpo&rdquo; css=&rdquo;.vc_custom_1762918515626{background-position: center !important;background-repeat: no-repeat !important;background-size: cover !important;}&rdquo;][vc_column][vc_column_text el_class=&rdquo;autoras__texto&rdquo;]Francisca Julia (Brazil, 1871-1920) Also known as: Francisca Julia de Silva Munster, Francisca J&uacute;lia da Silva&hellip;","og_url":"https:\/\/eladd.org\/en\/other-authors\/francisca-julia\/","og_site_name":"Eladd En","article_modified_time":"2025-11-12T03:35:19+00:00","og_image":[{"url":"https:\/\/eladd.org\/wp-content\/uploads\/2015\/03\/francisca-225x300.png","type":"","width":"","height":""}],"twitter_card":"summary_large_image","twitter_misc":{"Est. reading time":"2 minutes"},"schema":{"@context":"https:\/\/schema.org","@graph":[{"@type":"WebPage","@id":"https:\/\/eladd.org\/en\/other-authors\/francisca-julia\/","url":"https:\/\/eladd.org\/en\/other-authors\/francisca-julia\/","name":"Francisca Julia - Eladd En","isPartOf":{"@id":"https:\/\/eladd.org\/en\/#website"},"primaryImageOfPage":{"@id":"https:\/\/eladd.org\/en\/other-authors\/francisca-julia\/#primaryimage"},"image":{"@id":"https:\/\/eladd.org\/en\/other-authors\/francisca-julia\/#primaryimage"},"thumbnailUrl":"https:\/\/eladd.org\/wp-content\/uploads\/2015\/03\/francisca-225x300.png","datePublished":"2015-04-01T07:30:01+00:00","dateModified":"2025-11-12T03:35:19+00:00","breadcrumb":{"@id":"https:\/\/eladd.org\/en\/other-authors\/francisca-julia\/#breadcrumb"},"inLanguage":"en-US","potentialAction":[{"@type":"ReadAction","target":["https:\/\/eladd.org\/en\/other-authors\/francisca-julia\/"]}]},{"@type":"ImageObject","inLanguage":"en-US","@id":"https:\/\/eladd.org\/en\/other-authors\/francisca-julia\/#primaryimage","url":"https:\/\/eladd.org\/wp-content\/uploads\/2015\/03\/francisca-225x300.png","contentUrl":"https:\/\/eladd.org\/wp-content\/uploads\/2015\/03\/francisca-225x300.png"},{"@type":"BreadcrumbList","@id":"https:\/\/eladd.org\/en\/other-authors\/francisca-julia\/#breadcrumb","itemListElement":[{"@type":"ListItem","position":1,"name":"Home","item":"https:\/\/eladd.org\/en\/"},{"@type":"ListItem","position":2,"name":"Other Authors","item":"https:\/\/eladd.org\/en\/other-authors\/"},{"@type":"ListItem","position":3,"name":"Francisca Julia"}]},{"@type":"WebSite","@id":"https:\/\/eladd.org\/en\/#website","url":"https:\/\/eladd.org\/en\/","name":"Eladd En","description":"Ninteenth-Century Latin American Women Writers","publisher":{"@id":"https:\/\/eladd.org\/en\/#organization"},"potentialAction":[{"@type":"SearchAction","target":{"@type":"EntryPoint","urlTemplate":"https:\/\/eladd.org\/en\/?s={search_term_string}"},"query-input":{"@type":"PropertyValueSpecification","valueRequired":true,"valueName":"search_term_string"}}],"inLanguage":"en-US"},{"@type":"Organization","@id":"https:\/\/eladd.org\/en\/#organization","name":"Eladd En","url":"https:\/\/eladd.org\/en\/","logo":{"@type":"ImageObject","inLanguage":"en-US","@id":"https:\/\/eladd.org\/en\/#\/schema\/logo\/image\/","url":"https:\/\/eladd.org\/en\/wp-content\/uploads\/sites\/2\/2025\/07\/logo-eladd.png","contentUrl":"https:\/\/eladd.org\/en\/wp-content\/uploads\/sites\/2\/2025\/07\/logo-eladd.png","width":324,"height":77,"caption":"Eladd En"},"image":{"@id":"https:\/\/eladd.org\/en\/#\/schema\/logo\/image\/"}}]}},"_links":{"self":[{"href":"https:\/\/eladd.org\/en\/wp-json\/wp\/v2\/pages\/575","targetHints":{"allow":["GET"]}}],"collection":[{"href":"https:\/\/eladd.org\/en\/wp-json\/wp\/v2\/pages"}],"about":[{"href":"https:\/\/eladd.org\/en\/wp-json\/wp\/v2\/types\/page"}],"author":[{"embeddable":true,"href":"https:\/\/eladd.org\/en\/wp-json\/wp\/v2\/users\/3"}],"replies":[{"embeddable":true,"href":"https:\/\/eladd.org\/en\/wp-json\/wp\/v2\/comments?post=575"}],"version-history":[{"count":6,"href":"https:\/\/eladd.org\/en\/wp-json\/wp\/v2\/pages\/575\/revisions"}],"predecessor-version":[{"id":24800,"href":"https:\/\/eladd.org\/en\/wp-json\/wp\/v2\/pages\/575\/revisions\/24800"}],"up":[{"embeddable":true,"href":"https:\/\/eladd.org\/en\/wp-json\/wp\/v2\/pages\/98"}],"wp:attachment":[{"href":"https:\/\/eladd.org\/en\/wp-json\/wp\/v2\/media?parent=575"}],"curies":[{"name":"wp","href":"https:\/\/api.w.org\/{rel}","templated":true}]}}