{"id":578,"date":"2015-04-01T07:34:01","date_gmt":"2015-04-01T07:34:01","guid":{"rendered":"https:\/\/eladd.org\/en\/?page_id=578"},"modified":"2025-11-12T03:36:28","modified_gmt":"2025-11-12T03:36:28","slug":"julia-lopes-de-almeida","status":"publish","type":"page","link":"https:\/\/eladd.org\/en\/other-authors\/julia-lopes-de-almeida\/","title":{"rendered":"Julia Lopes de Almeida"},"content":{"rendered":"<div class=\"wpb-content-wrapper\">[vc_row full_width=&#8221;stretch_row&#8221; tablet_fullwidth_cols=&#8221;&#8221; bg_style=&#8221;repeat&#8221; css=&#8221;.vc_custom_1762918573850{background-position: 0 0 !important;background-repeat: repeat !important;}&#8221;][vc_column][vc_column_text el_class=&#8221;autoras__titulo&#8221;]\n<h2 style=\"text-align: center;\">Julia Lopes de Almeida<\/h2>\n<p style=\"text-align: center;\">(1862-1934)<br \/>\n<img loading=\"lazy\" decoding=\"async\" class=\"size-full wp-image-1816 aligncenter\" src=\"\/\/eladd.org\/wp-content\/uploads\/2015\/09\/icon-space.png\" alt=\"icon-space\" width=\"150\" height=\"8\" \/>[\/vc_column_text][\/vc_column][\/vc_row][vc_row full_width=&#8221;stretch_row&#8221; el_id=&#8221;cuerpo&#8221; css=&#8221;.vc_custom_1762918582722{background-position: center !important;background-repeat: no-repeat !important;background-size: cover !important;}&#8221;][vc_column][vc_column_text el_class=&#8221;autoras__texto&#8221;]<strong>Julia Lopes de Almeida (Brazil, 1862-1934)<br \/>\nAlso known as: J\u00falia Valemtim da Silveira Lopes de Almeida<\/strong><br \/>\n<img loading=\"lazy\" decoding=\"async\" class=\"size-medium wp-image-1606 alignright\" src=\"https:\/\/eladd.org\/wp-content\/uploads\/2015\/03\/julia1-300x229.png\" alt=\"julia\" width=\"300\" height=\"229\" \/><\/p>\n<p><strong> Author\u2019s Works: Original and Edited (Works are listed in chronological order)<\/strong><\/p>\n<p>(1887). <em>Tra\u00e7os e illuminuras: Contos<\/em>. Lisboa: Typographia Castro Irm\u00e3o.<\/p>\n<p>(1894). <em>A fam\u00edlia Medeiros<\/em>. S\u00e3o Paulo: Horacio Belfort Sabino.<\/p>\n<p>&#8212;. <em>A fam\u00edlia Medeiros<\/em>. Rio de Janeiro: Empreza nacional de publicidade, 1919.<\/p>\n<p>&#8212;. <em>A fam\u00edlia Medeiros<\/em>. Rio de Janeiro: Empreza nacional de publicidade, 1987.<\/p>\n<p>&#8212;. <em>A fam\u00edlia Medeiros<\/em>. Florian\u00f3polis, SC: Editora Mulheres, 2009.<\/p>\n<p>(1896). <em>Livro das noivas<\/em>. Lisboa: Typ. da Companhia Nacional Editora.<\/p>\n<p>&#8212;. <em>Livro das noivas<\/em>. Minas: Alves e Cie., 1905.<\/p>\n<p>&#8212;.<em> Livro das noivas<\/em>. Rio de Janeiro: Livraria Francisco Alves, 1906.<\/p>\n<p>&#8212;. <em>Livro das noivas<\/em>. Rio de Janeiro: Livraria Francisco Alves, 1914.<\/p>\n<p>&#8212;. <em>Livro das noivas<\/em>. Rio de Janeiro: Livraria Francisco Alves, 1926.<\/p>\n<p>(1897).<em> A vi\u00fava Sim\u00f5es<\/em>. Lisboa: Antonio Maria Pereira.<\/p>\n<p>&#8212;. <em>A vi\u00fava Sim\u00f5es<\/em>. Lisboa: Antonio Maria Pereira, 1987.<\/p>\n<p>&#8212;, prol. Peggy Sharpe e Julia Lopes de Almeida. <em>A vi\u00fava Sim\u00f5es<\/em>. Florian\u00f3polis, Santa<br \/>\nCatarina, Brazil: Mulheres, 1999.<\/p>\n<p>(1899). <em>Mem\u00f3rias de Martha: Narrativa<\/em>. Sorocaba: Casa Durski.<\/p>\n<p>&#8212;. <em>Mem\u00f3rias de Marta<\/em>. Paris: Truchy-Leroy, 1925.<\/p>\n<p>&#8212;. <em>Mem\u00f3rias de Marta<\/em>. Paris: Livraria Francesa e Estrangeira, 1987.<\/p>\n<p>&#8212;. <em>Mem\u00f3rias de Marta<\/em>. Florian\u00f3polis, SC: Editora Mulheres, 2007.<\/p>\n<p>(1900). <em>\u00c2nsia eterna<\/em>. Rio de Janeiro: Edit\u00f4ra S.A.A. Noite.<\/p>\n<p>&#8212;. <em>\u00c2nsia eterna<\/em>. Rio de Janeiro: H. Garnier, 1903.<\/p>\n<p>&#8212;. <em>\u00c2nsia eterna<\/em>. Rio de Janeiro: A. Noite, 1930.<\/p>\n<p>&#8212;.<em><em> \u00c2nsia eterna<\/em><\/em>. Rio de Janeiro: A. Noite, 1938.<\/p>\n<p>(1901).<em> A fal\u00eancia<\/em>. Rio de Janeiro: Officinas de Obras d&#8217;A Tribuna.<\/p>\n<p>&#8212;. <em>A fal\u00eancia<\/em>. S\u00e3o Paulo: HUCITEC, 1978.<\/p>\n<p>&#8212;. <em>A fal\u00eancia<\/em>. Santa Cruz do Sul, EDUNISC, 2003.<\/p>\n<p>&#8212;. <em>A fal\u00eancia<\/em>. Florian\u00f3polis, Editora Mulheres, 2003.<\/p>\n<p>(1906). <em>Livro das donas e donzellas<\/em>. Rio de Janeiro: F. Alves.<\/p>\n<p>&#8212;. <em>Livro das donas e donzellas<\/em>. Rio de Janeiro: F. Alves, 1926.<\/p>\n<p>(1908).<em> A intrusa<\/em>. Rio de Janeiro: F. Alves.<\/p>\n<p>&#8212;. Porto: Libraria S. Lopes Domingos Barreira, 1935.<\/p>\n<p>&#8212;, pr\u00f3l. El\u00f3dia Xavier. <em>A intrusa<\/em>. Rio de Janeiro: Edi\u00e7\u00f5es do Departamento Nacional do<br \/>\nLivro, Funda\u00e7\u00e3o Biblioteca Nacional, 1994.<\/p>\n<p>(1909). <em>A heran\u00e7a<\/em>: Pe\u00e7a em um acto. Rio de Janeiro: Typ. do Jornal do Commercio.<\/p>\n<p>(1909). <em>Hist\u00f3rias da nossa terra<\/em>. Rio de Janeiro: Francisco Alves.<\/p>\n<p>&#8212;. <em>Hist\u00f3rias da nossa terra<\/em>. Rio de Janeiro: Francisco Alves, 1911.<\/p>\n<p>&#8212;. <em>Hist\u00f3rias da nossa terra<\/em>. Rio de Janeiro: Francisco Alves, 1926.<\/p>\n<p>&#8212;. <em>Hist\u00f3rias da nossa terra<\/em>. Rio de Janeiro: Liurario Francisco Alves, 1927.<\/p>\n<p>&#8212;. <em>Hist\u00f3rias da nossa terra<\/em>. Rio de Janeiro: Francisco Alves, 1930.<\/p>\n<p>&#8212;. <em>Hist\u00f3rias da nossa terra<\/em>. Rio de Janeiro: Francisco Alves, 1938.<\/p>\n<p>&#8212;. <em>Hist\u00f3rias da nossa terra<\/em>. Paris: Aillaud, 1983.<\/p>\n<p>&#8212;. <em>Hist\u00f3rias da nossa terra<\/em>. Rio de Janeiro: Francisco Alves, 1983.<\/p>\n<p>(1910). <em>Eles e elas<\/em>. Rio de Janeiro: F. Alves.<\/p>\n<p>&#8212;. <em>Eles e elas<\/em>. Rio de Janeiro: F. Alves, 1922.<\/p>\n<p>(1913). <em>Correio da ro\u00e7a<\/em>. Rio de Janeiro: Francisco Alves.<\/p>\n<p>&#8212;.<em> Correio da ro\u00e7a<\/em>. Rio de Janeiro: Civiliza\u00e7\u00e3o Brasileira, 1933.<\/p>\n<p>&#8212;. <em>Correio da ro\u00e7a: romance epistolar<\/em>. Rio de Janeiro: Presen\u00e7a, 1987.<\/p>\n<p>(1914). <em>A silveirinha: cr\u00f4nica de um ver\u00e3o<\/em>. Rio de Janeiro: F. Alves.<\/p>\n<p>&#8212;. <em>A silveirinha: cr\u00f4nica de um ver\u00e3o<\/em>. Florian\u00f3polis, SC: Editora Mulheres, 1997.<\/p>\n<p>(1916). <em>A \u00c1rvore<\/em>. Eds. Afonso L. Almeida e Julia Lopes de Almeida. S\u00e3o Paulo: Livraria<br \/>\nF. Alves.<\/p>\n<p>&#8212;, pr\u00f3l. Afonso L. Almeida.<em> A \u00c1rvore<\/em>. Rio de Janeiro: Livraria Francisco Alves, 1919.<\/p>\n<p>(1917). <em>Era uma vez<\/em>. Rio de Janeiro: Jacintho Ribeiro dos Santos.<\/p>\n<p>(1917). <em>Quem n\u00e3o perd\u00f4a: Doidas de amor ; nos jardins de Saul<\/em>. Porto: Renascen\u00e7a<br \/>\nPortuguesa.<\/p>\n<p>(1917). <em>Teatro<\/em>. Porto: Edi\u00e7\u00e3o da Renascen\u00e7a Portuguesa.<\/p>\n<p>(1920). <em>Jornadas no meu pa\u00eds<\/em>. Rio de Janeiro: F. Aves.<\/p>\n<p>(1921). <em>Cruel amor<\/em>. Rio de Janeiro: Livraria F. Alves.<\/p>\n<p>&#8212;. <em>Cruel amor<\/em>. Rio de Janeiro: Livraria F. Alves, 1928.<\/p>\n<p>&#8212;. <em>Cruel amor<\/em>. S\u00e3o Paulo: Edi\u00e7\u00f5es Saraiva, 1963.<\/p>\n<p>(1922). <em>A isca<\/em>. Rio de Janeiro: Leite Ribeiro.<\/p>\n<p>(1922). <em>Brasil: Conferencia pronunciada por la autora en la biblioteca del Consejo Nacional de Mujeres de la Argentina<\/em>. Buenos Aires:[ s.n.].<\/p>\n<p>(1922). <em>Jardim florido: Jardinagem<\/em>. Rio de Janeiro: Editora a Livraria Leite Ribeiro.<\/p>\n<p>(1923). <em>Ora\u00e7\u00e3o a Santa Doroteia<\/em>. Rio de Janeiro: Livraria F. Alves.<\/p>\n<p>(1925).<em> Maternidade<\/em>. Rio de Janeiro: Olivia Herdy de Cabral Peixoto Editora.<\/p>\n<p>(1932). Felinto and Julia Lopes de Almeida.<em> A casa verde: Romance<\/em>. Sao Paulo: Gusmoes.<br \/>\nWeb.<\/p>\n<p>(1934). <em>P\u00e1ssaro tonto<\/em>. S\u00e3o Paulo: Companhia Editora Nacional.<\/p>\n<p>(2003). El\u00f3dia Xavier and Julia Lopes de Almeida. <em>A Fal\u00eancia<\/em>. Santa Cruz do Sul, RS:<br \/>\nEDUNISC.<\/p>\n<p>(2010). <em>A Heran\u00e7a<\/em>. Alexandria, Va: Alexander Street Press. Web.<\/p>\n<p><strong> Critical Works (Reference Materials, Books, Book Chapters, Journal Articles, Encyclopedias, Theses\/Dissertations, Media and Internet Sources) <\/strong><\/p>\n<p>Almeida, Filinto. <em>Dona Julia<\/em>. S. l: [s.n.], 1987.<\/p>\n<p>Andr\u00e9, Mar\u00eda C, and Eva P. Bueno. <em>Latin American Women Writers<\/em>. Hoboken: Taylor and Francis,<br \/>\n2014. Web.<\/p>\n<p>Arsenault, Natalie C. <em>Family Upheaval in Selected Works by J\u00falia Lopes de Almeida<\/em>. Diss. U of<br \/>\nFlorida, 2002.<\/p>\n<p>Bittencourt, Adalzira. <em>Llamaradas: los problemas de post-guerra<\/em>. Buenos Aires: Rep\u00fablica de<br \/>\nArgentina, asociaci\u00f3n cultural argentino-brasile\u00f1a \u2018Julia Lopes de Almeida,\u2019 1942.<\/p>\n<p>Fanini, M.A. &#8220;J\u00falia Lopes De Almeida em \u2018Retrato e prosa\u2019: prop\u00f3sito dos di\u00e1logos entre as<br \/>\nimagens da escritora e sua produ\u00e7\u00e3o liter\u00e1ria.&#8221; <em>Cadernos pagu<\/em>. (2014): 159-99.<\/p>\n<p>Moreira, Nadilza M. B. <em>A Condi\u00e7\u00e3o femina revisitada: J\u00falia Lopes de Almeida e Kate Chopin<\/em>.<br \/>\nJo\u00e3o Pessoa: Editora Universit\u00e1ria, 2003.<\/p>\n<p>Hixenbaugh, Dustin K. <em>Supplement to a superficial education: Didacticism and performance<br \/>\nin J\u00falia Lopes De Almeida&#8217;s Livro das noivas (1896)<\/em>. Diss. U of Texas, 2011.<\/p>\n<p>Infante Vargas, Lucrecia. \u201cDe la escritura al margen a la direcci\u00f3n de empresas culturales:<br \/>\nmujeres en la prensa literaria mexicana del siglo XIX (1805-1907).\u201d Tesis en<br \/>\nhistoria, UNAM, M\u00e9xico, 2009.<\/p>\n<p>Mattos, Marilena S. <em>S\u00ea Gente: A educa\u00e7\u00e3o e o trabalho em quatro romances de Julia Lopes<br \/>\nde Almeida<\/em>. Diss. U of Minnesota, 1995.<\/p>\n<p>Muzi, Joyce, Luciane Correia Zolin, and L\u00facia Osana. <em>Entre a cidade e o remanso, mulheres<br \/>\neducadas e trabalhadors: Representa\u00e7\u00e3o da mulher em correio da ro\u00e7a de Julia Lopes de Almeida<\/em>. Revista Graphos, 2013.<\/p>\n<p>Roncador, S\u00f4nia. &#8220;O dem\u00f4nio familiar: Lavadeiras, amas-de-leite e criadas na narrativa de J\u00falia Lopes de Almeida.&#8221; <em>Luso-Brazilian Review<\/em> 44.1 (2007): 94-119.<\/p>\n<p>Roncador S\u00f4nia, Hixenbaugh, and Dustin Kenneth. <em>Supplement to a superficial education: Didacticism and performance in J\u00falia Lopes de Almeida&#8217;s livro das noivas<\/em> (1896),2012.<\/p>\n<p>Sadlier, Darlene J. <em>One Hundred Years After Tomorrow: Brazilian Women&#8217;s Fiction in the 20th<br \/>\nCentury<\/em>. Bloomington: Indiana University Press, 1992. Web.<\/p>\n<p>Vidal, Gon\u03c2alves Diana. <em>Julia Lopes de Almeida e a educa\u00e7\u00e3o brasileira no film do s\u00e9culo XIX: Um<br \/>\nestudo sobre o livro escolar contos infantis<\/em>. Universidade do Minho, 2005.<\/p>\n<p>Wasserman, Renata R. M. <em>Central at the Margin: Five Brazilian Women Writers<\/em>.Lewisburg: Bucknell U Press, 2007. 10-76.<\/p>\n<p><img loading=\"lazy\" decoding=\"async\" class=\"aligncenter size-full wp-image-608\" src=\"https:\/\/eladd.org\/wp-content\/uploads\/2014\/02\/logo-footer-2.png\" alt=\"logo-footer-2\" width=\"260\" height=\"70\" \/>[\/vc_column_text][vc_single_image image=&#8221;660&#8243; alignment=&#8221;center&#8221; css=&#8221;.vc_custom_1446670823436{margin-top: 35px !important;}&#8221;][\/vc_column][\/vc_row]\n<\/div>","protected":false},"excerpt":{"rendered":"<p>[vc_row full_width=&rdquo;stretch_row&rdquo; tablet_fullwidth_cols=&rdquo;&rdquo; bg_style=&rdquo;repeat&rdquo; css=&rdquo;.vc_custom_1762918573850{background-position: 0 0 !important;background-repeat: repeat !important;}&rdquo;][vc_column][vc_column_text el_class=&rdquo;autoras__titulo&rdquo;] Julia Lopes de Almeida (1862-1934) [\/vc_column_text][\/vc_column][\/vc_row][vc_row full_width=&rdquo;stretch_row&rdquo; el_id=&rdquo;cuerpo&rdquo; css=&rdquo;.vc_custom_1762918582722{background-position: center !important;background-repeat: no-repeat !important;background-size: cover !important;}&rdquo;][vc_column][vc_column_text el_class=&rdquo;autoras__texto&rdquo;]Julia Lopes de Almeida (Brazil, 1862-1934) Also known as: J&uacute;lia Valemtim da Silveira Lopes&hellip;<\/p>\n","protected":false},"author":3,"featured_media":0,"parent":98,"menu_order":0,"comment_status":"closed","ping_status":"closed","template":"","meta":{"footnotes":""},"class_list":["post-578","page","type-page","status-publish","hentry","entry","no-media"],"yoast_head":"<!-- This site is optimized with the Yoast SEO plugin v26.1.1 - https:\/\/yoast.com\/wordpress\/plugins\/seo\/ -->\n<title>Julia Lopes de Almeida - Eladd En<\/title>\n<meta name=\"robots\" content=\"index, follow, max-snippet:-1, max-image-preview:large, max-video-preview:-1\" \/>\n<link rel=\"canonical\" href=\"https:\/\/eladd.org\/en\/other-authors\/julia-lopes-de-almeida\/\" \/>\n<meta property=\"og:locale\" content=\"en_US\" \/>\n<meta property=\"og:type\" content=\"article\" \/>\n<meta property=\"og:title\" content=\"Julia Lopes de Almeida - Eladd En\" \/>\n<meta property=\"og:description\" content=\"[vc_row full_width=&rdquo;stretch_row&rdquo; tablet_fullwidth_cols=&rdquo;&rdquo; bg_style=&rdquo;repeat&rdquo; css=&rdquo;.vc_custom_1762918573850{background-position: 0 0 !important;background-repeat: repeat !important;}&rdquo;][vc_column][vc_column_text el_class=&rdquo;autoras__titulo&rdquo;] Julia Lopes de Almeida (1862-1934) [\/vc_column_text][\/vc_column][\/vc_row][vc_row full_width=&rdquo;stretch_row&rdquo; el_id=&rdquo;cuerpo&rdquo; css=&rdquo;.vc_custom_1762918582722{background-position: center !important;background-repeat: no-repeat !important;background-size: cover !important;}&rdquo;][vc_column][vc_column_text el_class=&rdquo;autoras__texto&rdquo;]Julia Lopes de Almeida (Brazil, 1862-1934) Also known as: J&uacute;lia Valemtim da Silveira Lopes&hellip;\" \/>\n<meta property=\"og:url\" content=\"https:\/\/eladd.org\/en\/other-authors\/julia-lopes-de-almeida\/\" \/>\n<meta property=\"og:site_name\" content=\"Eladd En\" \/>\n<meta property=\"article:modified_time\" content=\"2025-11-12T03:36:28+00:00\" \/>\n<meta property=\"og:image\" content=\"https:\/\/eladd.org\/wp-content\/uploads\/2015\/03\/julia1-300x229.png\" \/>\n<meta name=\"twitter:card\" content=\"summary_large_image\" \/>\n<meta name=\"twitter:label1\" content=\"Est. reading time\" \/>\n\t<meta name=\"twitter:data1\" content=\"6 minutes\" \/>\n<script type=\"application\/ld+json\" class=\"yoast-schema-graph\">{\"@context\":\"https:\/\/schema.org\",\"@graph\":[{\"@type\":\"WebPage\",\"@id\":\"https:\/\/eladd.org\/en\/other-authors\/julia-lopes-de-almeida\/\",\"url\":\"https:\/\/eladd.org\/en\/other-authors\/julia-lopes-de-almeida\/\",\"name\":\"Julia Lopes de Almeida - Eladd En\",\"isPartOf\":{\"@id\":\"https:\/\/eladd.org\/en\/#website\"},\"primaryImageOfPage\":{\"@id\":\"https:\/\/eladd.org\/en\/other-authors\/julia-lopes-de-almeida\/#primaryimage\"},\"image\":{\"@id\":\"https:\/\/eladd.org\/en\/other-authors\/julia-lopes-de-almeida\/#primaryimage\"},\"thumbnailUrl\":\"https:\/\/eladd.org\/wp-content\/uploads\/2015\/03\/julia1-300x229.png\",\"datePublished\":\"2015-04-01T07:34:01+00:00\",\"dateModified\":\"2025-11-12T03:36:28+00:00\",\"breadcrumb\":{\"@id\":\"https:\/\/eladd.org\/en\/other-authors\/julia-lopes-de-almeida\/#breadcrumb\"},\"inLanguage\":\"en-US\",\"potentialAction\":[{\"@type\":\"ReadAction\",\"target\":[\"https:\/\/eladd.org\/en\/other-authors\/julia-lopes-de-almeida\/\"]}]},{\"@type\":\"ImageObject\",\"inLanguage\":\"en-US\",\"@id\":\"https:\/\/eladd.org\/en\/other-authors\/julia-lopes-de-almeida\/#primaryimage\",\"url\":\"https:\/\/eladd.org\/wp-content\/uploads\/2015\/03\/julia1-300x229.png\",\"contentUrl\":\"https:\/\/eladd.org\/wp-content\/uploads\/2015\/03\/julia1-300x229.png\"},{\"@type\":\"BreadcrumbList\",\"@id\":\"https:\/\/eladd.org\/en\/other-authors\/julia-lopes-de-almeida\/#breadcrumb\",\"itemListElement\":[{\"@type\":\"ListItem\",\"position\":1,\"name\":\"Home\",\"item\":\"https:\/\/eladd.org\/en\/\"},{\"@type\":\"ListItem\",\"position\":2,\"name\":\"Other Authors\",\"item\":\"https:\/\/eladd.org\/en\/other-authors\/\"},{\"@type\":\"ListItem\",\"position\":3,\"name\":\"Julia Lopes de Almeida\"}]},{\"@type\":\"WebSite\",\"@id\":\"https:\/\/eladd.org\/en\/#website\",\"url\":\"https:\/\/eladd.org\/en\/\",\"name\":\"Eladd En\",\"description\":\"Ninteenth-Century Latin American Women Writers\",\"publisher\":{\"@id\":\"https:\/\/eladd.org\/en\/#organization\"},\"potentialAction\":[{\"@type\":\"SearchAction\",\"target\":{\"@type\":\"EntryPoint\",\"urlTemplate\":\"https:\/\/eladd.org\/en\/?s={search_term_string}\"},\"query-input\":{\"@type\":\"PropertyValueSpecification\",\"valueRequired\":true,\"valueName\":\"search_term_string\"}}],\"inLanguage\":\"en-US\"},{\"@type\":\"Organization\",\"@id\":\"https:\/\/eladd.org\/en\/#organization\",\"name\":\"Eladd En\",\"url\":\"https:\/\/eladd.org\/en\/\",\"logo\":{\"@type\":\"ImageObject\",\"inLanguage\":\"en-US\",\"@id\":\"https:\/\/eladd.org\/en\/#\/schema\/logo\/image\/\",\"url\":\"https:\/\/eladd.org\/en\/wp-content\/uploads\/sites\/2\/2025\/07\/logo-eladd.png\",\"contentUrl\":\"https:\/\/eladd.org\/en\/wp-content\/uploads\/sites\/2\/2025\/07\/logo-eladd.png\",\"width\":324,\"height\":77,\"caption\":\"Eladd En\"},\"image\":{\"@id\":\"https:\/\/eladd.org\/en\/#\/schema\/logo\/image\/\"}}]}<\/script>\n<!-- \/ Yoast SEO plugin. -->","yoast_head_json":{"title":"Julia Lopes de Almeida - Eladd En","robots":{"index":"index","follow":"follow","max-snippet":"max-snippet:-1","max-image-preview":"max-image-preview:large","max-video-preview":"max-video-preview:-1"},"canonical":"https:\/\/eladd.org\/en\/other-authors\/julia-lopes-de-almeida\/","og_locale":"en_US","og_type":"article","og_title":"Julia Lopes de Almeida - Eladd En","og_description":"[vc_row full_width=&rdquo;stretch_row&rdquo; tablet_fullwidth_cols=&rdquo;&rdquo; bg_style=&rdquo;repeat&rdquo; css=&rdquo;.vc_custom_1762918573850{background-position: 0 0 !important;background-repeat: repeat !important;}&rdquo;][vc_column][vc_column_text el_class=&rdquo;autoras__titulo&rdquo;] Julia Lopes de Almeida (1862-1934) [\/vc_column_text][\/vc_column][\/vc_row][vc_row full_width=&rdquo;stretch_row&rdquo; el_id=&rdquo;cuerpo&rdquo; css=&rdquo;.vc_custom_1762918582722{background-position: center !important;background-repeat: no-repeat !important;background-size: cover !important;}&rdquo;][vc_column][vc_column_text el_class=&rdquo;autoras__texto&rdquo;]Julia Lopes de Almeida (Brazil, 1862-1934) Also known as: J&uacute;lia Valemtim da Silveira Lopes&hellip;","og_url":"https:\/\/eladd.org\/en\/other-authors\/julia-lopes-de-almeida\/","og_site_name":"Eladd En","article_modified_time":"2025-11-12T03:36:28+00:00","og_image":[{"url":"https:\/\/eladd.org\/wp-content\/uploads\/2015\/03\/julia1-300x229.png","type":"","width":"","height":""}],"twitter_card":"summary_large_image","twitter_misc":{"Est. reading time":"6 minutes"},"schema":{"@context":"https:\/\/schema.org","@graph":[{"@type":"WebPage","@id":"https:\/\/eladd.org\/en\/other-authors\/julia-lopes-de-almeida\/","url":"https:\/\/eladd.org\/en\/other-authors\/julia-lopes-de-almeida\/","name":"Julia Lopes de Almeida - Eladd En","isPartOf":{"@id":"https:\/\/eladd.org\/en\/#website"},"primaryImageOfPage":{"@id":"https:\/\/eladd.org\/en\/other-authors\/julia-lopes-de-almeida\/#primaryimage"},"image":{"@id":"https:\/\/eladd.org\/en\/other-authors\/julia-lopes-de-almeida\/#primaryimage"},"thumbnailUrl":"https:\/\/eladd.org\/wp-content\/uploads\/2015\/03\/julia1-300x229.png","datePublished":"2015-04-01T07:34:01+00:00","dateModified":"2025-11-12T03:36:28+00:00","breadcrumb":{"@id":"https:\/\/eladd.org\/en\/other-authors\/julia-lopes-de-almeida\/#breadcrumb"},"inLanguage":"en-US","potentialAction":[{"@type":"ReadAction","target":["https:\/\/eladd.org\/en\/other-authors\/julia-lopes-de-almeida\/"]}]},{"@type":"ImageObject","inLanguage":"en-US","@id":"https:\/\/eladd.org\/en\/other-authors\/julia-lopes-de-almeida\/#primaryimage","url":"https:\/\/eladd.org\/wp-content\/uploads\/2015\/03\/julia1-300x229.png","contentUrl":"https:\/\/eladd.org\/wp-content\/uploads\/2015\/03\/julia1-300x229.png"},{"@type":"BreadcrumbList","@id":"https:\/\/eladd.org\/en\/other-authors\/julia-lopes-de-almeida\/#breadcrumb","itemListElement":[{"@type":"ListItem","position":1,"name":"Home","item":"https:\/\/eladd.org\/en\/"},{"@type":"ListItem","position":2,"name":"Other Authors","item":"https:\/\/eladd.org\/en\/other-authors\/"},{"@type":"ListItem","position":3,"name":"Julia Lopes de Almeida"}]},{"@type":"WebSite","@id":"https:\/\/eladd.org\/en\/#website","url":"https:\/\/eladd.org\/en\/","name":"Eladd En","description":"Ninteenth-Century Latin American Women Writers","publisher":{"@id":"https:\/\/eladd.org\/en\/#organization"},"potentialAction":[{"@type":"SearchAction","target":{"@type":"EntryPoint","urlTemplate":"https:\/\/eladd.org\/en\/?s={search_term_string}"},"query-input":{"@type":"PropertyValueSpecification","valueRequired":true,"valueName":"search_term_string"}}],"inLanguage":"en-US"},{"@type":"Organization","@id":"https:\/\/eladd.org\/en\/#organization","name":"Eladd En","url":"https:\/\/eladd.org\/en\/","logo":{"@type":"ImageObject","inLanguage":"en-US","@id":"https:\/\/eladd.org\/en\/#\/schema\/logo\/image\/","url":"https:\/\/eladd.org\/en\/wp-content\/uploads\/sites\/2\/2025\/07\/logo-eladd.png","contentUrl":"https:\/\/eladd.org\/en\/wp-content\/uploads\/sites\/2\/2025\/07\/logo-eladd.png","width":324,"height":77,"caption":"Eladd En"},"image":{"@id":"https:\/\/eladd.org\/en\/#\/schema\/logo\/image\/"}}]}},"_links":{"self":[{"href":"https:\/\/eladd.org\/en\/wp-json\/wp\/v2\/pages\/578","targetHints":{"allow":["GET"]}}],"collection":[{"href":"https:\/\/eladd.org\/en\/wp-json\/wp\/v2\/pages"}],"about":[{"href":"https:\/\/eladd.org\/en\/wp-json\/wp\/v2\/types\/page"}],"author":[{"embeddable":true,"href":"https:\/\/eladd.org\/en\/wp-json\/wp\/v2\/users\/3"}],"replies":[{"embeddable":true,"href":"https:\/\/eladd.org\/en\/wp-json\/wp\/v2\/comments?post=578"}],"version-history":[{"count":7,"href":"https:\/\/eladd.org\/en\/wp-json\/wp\/v2\/pages\/578\/revisions"}],"predecessor-version":[{"id":24802,"href":"https:\/\/eladd.org\/en\/wp-json\/wp\/v2\/pages\/578\/revisions\/24802"}],"up":[{"embeddable":true,"href":"https:\/\/eladd.org\/en\/wp-json\/wp\/v2\/pages\/98"}],"wp:attachment":[{"href":"https:\/\/eladd.org\/en\/wp-json\/wp\/v2\/media?parent=578"}],"curies":[{"name":"wp","href":"https:\/\/api.w.org\/{rel}","templated":true}]}}