{"id":592,"date":"2015-04-01T07:51:56","date_gmt":"2015-04-01T07:51:56","guid":{"rendered":"https:\/\/eladd.org\/en\/?page_id=592"},"modified":"2025-11-12T03:45:27","modified_gmt":"2025-11-12T03:45:27","slug":"vicenta-de-la-parra-cerda","status":"publish","type":"page","link":"https:\/\/eladd.org\/en\/other-authors\/vicenta-de-la-parra-cerda\/","title":{"rendered":"Vicenta de la Parra Cerda"},"content":{"rendered":"<div class=\"wpb-content-wrapper\">[vc_row full_width=&#8221;stretch_row&#8221; tablet_fullwidth_cols=&#8221;&#8221; bg_style=&#8221;repeat&#8221; css=&#8221;.vc_custom_1762919115458{background-position: 0 0 !important;background-repeat: repeat !important;}&#8221;][vc_column][vc_column_text el_class=&#8221;autoras__titulo&#8221;]\n<h2 style=\"text-align: center;\">Vicenta de la Parra Cerda<\/h2>\n<p style=\"text-align: center;\">(1831-1905)<br \/>\n<img loading=\"lazy\" decoding=\"async\" class=\"size-full wp-image-1816 aligncenter\" src=\"\/\/eladd.org\/wp-content\/uploads\/2015\/09\/icon-space.png\" alt=\"icon-space\" width=\"150\" height=\"8\" \/>[\/vc_column_text][\/vc_column][\/vc_row][vc_row full_width=&#8221;stretch_row&#8221; el_id=&#8221;cuerpo&#8221; css=&#8221;.vc_custom_1762919122723{background-position: center !important;background-repeat: no-repeat !important;background-size: cover !important;}&#8221;][vc_column][vc_column_text el_class=&#8221;autoras__texto&#8221;]<strong>Vicenta de la Parra Cerda (Guatemala 1831-1905)<br \/>\nAlso known as: Vicenta Laparra Reyes de la Cerda <\/strong><br \/>\n<img loading=\"lazy\" decoding=\"async\" class=\"size-medium wp-image-1614 alignright\" src=\"https:\/\/eladd.org\/wp-content\/uploads\/2015\/03\/vicenta-300x292.png\" alt=\"vicenta\" width=\"300\" height=\"292\" \/><\/p>\n<p><strong> Author\u2019s Works: Original and Edited (Works are listed in chronological order)<\/strong><br \/>\n(1883).<em>Ensayos po\u00e9ticos<\/em>. Guatemela: Tip. \u201cEl Progreso\u201d.<\/p>\n<p>(1886). <em>Angel ca\u00eddo: drama original en cuatro actos y en verso<\/em>. Guatemala: Tip. de Pedro<br \/>\nArenales.<\/p>\n<p>(1886). <em>Tempestedades del alma: drama en tres actos y en verso<\/em>. Guatemala: n.p.<\/p>\n<p>&#8212;. <em>Tempestedades del alma: drama en tres actos y en verso<\/em>. Guatemala: Ministerio de<br \/>\nCultura y Deportes, 2008.<\/p>\n<p>&#8212;. <em>Tempestedades del alma: drama en tres actos y en verso<\/em>. Guatemala: Editorial Cultura,<br \/>\n2008.<\/p>\n<p>(1895). <em>Hija maldita: drama en tres actos y un ep\u00edlogo escrito en verso<\/em>. Guatemala: Tip.<br \/>\nNacional.<\/p>\n<p>(1897). <em>Los lazos del crimen<\/em>. N.p.: n.p.<\/p>\n<p>(1900). <em>A la memoria de Conchita Valenzuela y M., primero de abril de 1900<\/em>. Guatemala: Tip.<br \/>\nCarles.<\/p>\n<p>(2005). <em>La calumnia<\/em>. Guatemala: Librer\u00edas Artemis Edinter.<\/p>\n<p>(2006). <em>Hortensia: (1896)<\/em>. Guatemala: Asociaci\u00f3n Cultural Vicenta Laparra de la Cerda.<br \/>\n<strong> Critical Works (Reference Materials, Books, Book Chapters, Journal Articles, Encyclopedias, Theses\/Dissertations, Media and Internet Sources) <\/strong><\/p>\n<p>Arroyo Calder\u00f3n, Patricia. \u201cLa influence del moralismo espa\u00f1ol en las publicaciones<br \/>\nfemeninas de Guatemala.\u201d <em>Redes intelectuales y formaci\u00f3n de naciones en Espa\u00f1a y<br \/>\nAm\u00e9rica Latina, 1890-1940<\/em>. Ed. Marta E. Cas\u00e1us Arz\u00fa y Manuel P\u00e9rez Ledesma.<br \/>\nMadrid: Universidad Aut\u00f3noma de Madrid, 2005.195-208.<\/p>\n<p>Asociaci\u00f3n de Amigos del Pa\u00eds. <em>Diccionario Hist\u00f3rico Biogr\u00e1fico de Guatemala<\/em>. Guatemala:<br \/>\nEditoral Amigos del Pa\u00eds, 2004.<\/p>\n<p>Barrios, Amable. <em>La voz de la mujer y El ideal: peri\u00f3dicos precursores de la prensa femenina<br \/>\nen Centroam\u00e9rica<\/em>. Guatemala: Tip. Nacional, 2013.<\/p>\n<p>Cort\u00e9s Eladio y Mirta Barrea-Marlys. <em>Encyclopedia of Latin American Theater<\/em>. Westport,<br \/>\nU.S.A.: Greenwood Publish Group, 2003. 270.<\/p>\n<p>Hochman, Stanley.<em> McGraw-Hill Encyclopedia of World Drama: An International Reference<br \/>\nWork in 5 Volumes<\/em>. Vol. 1. USA: McGraw-Hill, Inc., 1984. 246.<\/p>\n<p>Jones, Willis Knapp. <em>Behind Spanish American Footlights<\/em>. Austin: University of Texas Press,<br \/>\n1966. 451-52.<\/p>\n<p>&#8212;. <em>Breve historia del teatro latinoamericano<\/em>. M\u00e9xico, D.F.: Ediciones de Andrea, 1956. 143.<\/p>\n<p>Preble-Nieme, Oralia. <em>Ilustres autores guatemaltecos del siglo XIX y XX<\/em>. Guatemala: Librer\u00edas<br \/>\nArtemis Edinter, 2004. 79, 89, 90.<\/p>\n<p>Rodr\u00edguez-Rea, Miguel Angel. &#8220;Gu\u00eda de la revista Letras Femeninas: 1975-1993.&#8221; <em>POESIA<\/em> 1.2<br \/>\n(1975):140.<\/p>\n<p>Uriarte, Ram\u00f3n. <em>Galer\u00eda po\u00e9tica centroamericana: colecci\u00f3n de poes\u00edas de los mejores poetas<br \/>\nde la Am\u00e9rica del Centro<\/em>. Guatemala: Tipograf\u00eda La Uni\u00f3n, 1888. V, 1, 67, 187, 188,<br \/>\n301.<\/p>\n<p>V\u00e1squez Monroy, Mar\u00eda Olimpia. <em>\u201cEl \u00e1ngel ca\u00eddo de Vicenta Laparra de la Cerda, drama<br \/>\nfundacional del teatra en Guatemala.\u201d<\/em> Diss. Universidad Rafael Land\u00edvar. 2012.<\/p>\n<p>Vel\u00e1squez, Leandro. <em>La ense\u00f1anza de ser la\u00edca<\/em>. Guatemala: Tipograf\u00eda Nacional, 1903.41.<\/p>\n<p>&nbsp;<\/p>\n<p><img loading=\"lazy\" decoding=\"async\" class=\"aligncenter size-full wp-image-608\" src=\"https:\/\/eladd.org\/wp-content\/uploads\/2014\/02\/logo-footer-2.png\" alt=\"logo-footer-2\" width=\"260\" height=\"70\" \/>[\/vc_column_text][vc_single_image image=&#8221;660&#8243; alignment=&#8221;center&#8221; css=&#8221;.vc_custom_1446670823436{margin-top: 35px !important;}&#8221;][\/vc_column][\/vc_row]\n<\/div>","protected":false},"excerpt":{"rendered":"<p>[vc_row full_width=&rdquo;stretch_row&rdquo; tablet_fullwidth_cols=&rdquo;&rdquo; bg_style=&rdquo;repeat&rdquo; css=&rdquo;.vc_custom_1762919115458{background-position: 0 0 !important;background-repeat: repeat !important;}&rdquo;][vc_column][vc_column_text el_class=&rdquo;autoras__titulo&rdquo;] Vicenta de la Parra Cerda (1831-1905) [\/vc_column_text][\/vc_column][\/vc_row][vc_row full_width=&rdquo;stretch_row&rdquo; el_id=&rdquo;cuerpo&rdquo; css=&rdquo;.vc_custom_1762919122723{background-position: center !important;background-repeat: no-repeat !important;background-size: cover !important;}&rdquo;][vc_column][vc_column_text el_class=&rdquo;autoras__texto&rdquo;]Vicenta de la Parra Cerda (Guatemala 1831-1905) Also known as: Vicenta Laparra Reyes&hellip;<\/p>\n","protected":false},"author":3,"featured_media":0,"parent":98,"menu_order":0,"comment_status":"closed","ping_status":"closed","template":"","meta":{"footnotes":""},"class_list":["post-592","page","type-page","status-publish","hentry","entry","no-media"],"yoast_head":"<!-- This site is optimized with the Yoast SEO plugin v26.1.1 - https:\/\/yoast.com\/wordpress\/plugins\/seo\/ -->\n<title>Vicenta de la Parra Cerda - Eladd En<\/title>\n<meta name=\"robots\" content=\"index, follow, max-snippet:-1, max-image-preview:large, max-video-preview:-1\" \/>\n<link rel=\"canonical\" href=\"https:\/\/eladd.org\/en\/other-authors\/vicenta-de-la-parra-cerda\/\" \/>\n<meta property=\"og:locale\" content=\"en_US\" \/>\n<meta property=\"og:type\" content=\"article\" \/>\n<meta property=\"og:title\" content=\"Vicenta de la Parra Cerda - Eladd En\" \/>\n<meta property=\"og:description\" content=\"[vc_row full_width=&rdquo;stretch_row&rdquo; tablet_fullwidth_cols=&rdquo;&rdquo; bg_style=&rdquo;repeat&rdquo; css=&rdquo;.vc_custom_1762919115458{background-position: 0 0 !important;background-repeat: repeat !important;}&rdquo;][vc_column][vc_column_text el_class=&rdquo;autoras__titulo&rdquo;] Vicenta de la Parra Cerda (1831-1905) [\/vc_column_text][\/vc_column][\/vc_row][vc_row full_width=&rdquo;stretch_row&rdquo; el_id=&rdquo;cuerpo&rdquo; css=&rdquo;.vc_custom_1762919122723{background-position: center !important;background-repeat: no-repeat !important;background-size: cover !important;}&rdquo;][vc_column][vc_column_text el_class=&rdquo;autoras__texto&rdquo;]Vicenta de la Parra Cerda (Guatemala 1831-1905) Also known as: Vicenta Laparra Reyes&hellip;\" \/>\n<meta property=\"og:url\" content=\"https:\/\/eladd.org\/en\/other-authors\/vicenta-de-la-parra-cerda\/\" \/>\n<meta property=\"og:site_name\" content=\"Eladd En\" \/>\n<meta property=\"article:modified_time\" content=\"2025-11-12T03:45:27+00:00\" \/>\n<meta property=\"og:image\" content=\"https:\/\/eladd.org\/wp-content\/uploads\/2015\/03\/vicenta-300x292.png\" \/>\n<meta name=\"twitter:card\" content=\"summary_large_image\" \/>\n<meta name=\"twitter:label1\" content=\"Est. reading time\" \/>\n\t<meta name=\"twitter:data1\" content=\"3 minutes\" \/>\n<script type=\"application\/ld+json\" class=\"yoast-schema-graph\">{\"@context\":\"https:\/\/schema.org\",\"@graph\":[{\"@type\":\"WebPage\",\"@id\":\"https:\/\/eladd.org\/en\/other-authors\/vicenta-de-la-parra-cerda\/\",\"url\":\"https:\/\/eladd.org\/en\/other-authors\/vicenta-de-la-parra-cerda\/\",\"name\":\"Vicenta de la Parra Cerda - Eladd En\",\"isPartOf\":{\"@id\":\"https:\/\/eladd.org\/en\/#website\"},\"primaryImageOfPage\":{\"@id\":\"https:\/\/eladd.org\/en\/other-authors\/vicenta-de-la-parra-cerda\/#primaryimage\"},\"image\":{\"@id\":\"https:\/\/eladd.org\/en\/other-authors\/vicenta-de-la-parra-cerda\/#primaryimage\"},\"thumbnailUrl\":\"https:\/\/eladd.org\/wp-content\/uploads\/2015\/03\/vicenta-300x292.png\",\"datePublished\":\"2015-04-01T07:51:56+00:00\",\"dateModified\":\"2025-11-12T03:45:27+00:00\",\"breadcrumb\":{\"@id\":\"https:\/\/eladd.org\/en\/other-authors\/vicenta-de-la-parra-cerda\/#breadcrumb\"},\"inLanguage\":\"en-US\",\"potentialAction\":[{\"@type\":\"ReadAction\",\"target\":[\"https:\/\/eladd.org\/en\/other-authors\/vicenta-de-la-parra-cerda\/\"]}]},{\"@type\":\"ImageObject\",\"inLanguage\":\"en-US\",\"@id\":\"https:\/\/eladd.org\/en\/other-authors\/vicenta-de-la-parra-cerda\/#primaryimage\",\"url\":\"https:\/\/eladd.org\/wp-content\/uploads\/2015\/03\/vicenta-300x292.png\",\"contentUrl\":\"https:\/\/eladd.org\/wp-content\/uploads\/2015\/03\/vicenta-300x292.png\"},{\"@type\":\"BreadcrumbList\",\"@id\":\"https:\/\/eladd.org\/en\/other-authors\/vicenta-de-la-parra-cerda\/#breadcrumb\",\"itemListElement\":[{\"@type\":\"ListItem\",\"position\":1,\"name\":\"Home\",\"item\":\"https:\/\/eladd.org\/en\/\"},{\"@type\":\"ListItem\",\"position\":2,\"name\":\"Other Authors\",\"item\":\"https:\/\/eladd.org\/en\/other-authors\/\"},{\"@type\":\"ListItem\",\"position\":3,\"name\":\"Vicenta de la Parra Cerda\"}]},{\"@type\":\"WebSite\",\"@id\":\"https:\/\/eladd.org\/en\/#website\",\"url\":\"https:\/\/eladd.org\/en\/\",\"name\":\"Eladd En\",\"description\":\"Ninteenth-Century Latin American Women Writers\",\"publisher\":{\"@id\":\"https:\/\/eladd.org\/en\/#organization\"},\"potentialAction\":[{\"@type\":\"SearchAction\",\"target\":{\"@type\":\"EntryPoint\",\"urlTemplate\":\"https:\/\/eladd.org\/en\/?s={search_term_string}\"},\"query-input\":{\"@type\":\"PropertyValueSpecification\",\"valueRequired\":true,\"valueName\":\"search_term_string\"}}],\"inLanguage\":\"en-US\"},{\"@type\":\"Organization\",\"@id\":\"https:\/\/eladd.org\/en\/#organization\",\"name\":\"Eladd En\",\"url\":\"https:\/\/eladd.org\/en\/\",\"logo\":{\"@type\":\"ImageObject\",\"inLanguage\":\"en-US\",\"@id\":\"https:\/\/eladd.org\/en\/#\/schema\/logo\/image\/\",\"url\":\"https:\/\/eladd.org\/en\/wp-content\/uploads\/sites\/2\/2025\/07\/logo-eladd.png\",\"contentUrl\":\"https:\/\/eladd.org\/en\/wp-content\/uploads\/sites\/2\/2025\/07\/logo-eladd.png\",\"width\":324,\"height\":77,\"caption\":\"Eladd En\"},\"image\":{\"@id\":\"https:\/\/eladd.org\/en\/#\/schema\/logo\/image\/\"}}]}<\/script>\n<!-- \/ Yoast SEO plugin. -->","yoast_head_json":{"title":"Vicenta de la Parra Cerda - Eladd En","robots":{"index":"index","follow":"follow","max-snippet":"max-snippet:-1","max-image-preview":"max-image-preview:large","max-video-preview":"max-video-preview:-1"},"canonical":"https:\/\/eladd.org\/en\/other-authors\/vicenta-de-la-parra-cerda\/","og_locale":"en_US","og_type":"article","og_title":"Vicenta de la Parra Cerda - Eladd En","og_description":"[vc_row full_width=&rdquo;stretch_row&rdquo; tablet_fullwidth_cols=&rdquo;&rdquo; bg_style=&rdquo;repeat&rdquo; css=&rdquo;.vc_custom_1762919115458{background-position: 0 0 !important;background-repeat: repeat !important;}&rdquo;][vc_column][vc_column_text el_class=&rdquo;autoras__titulo&rdquo;] Vicenta de la Parra Cerda (1831-1905) [\/vc_column_text][\/vc_column][\/vc_row][vc_row full_width=&rdquo;stretch_row&rdquo; el_id=&rdquo;cuerpo&rdquo; css=&rdquo;.vc_custom_1762919122723{background-position: center !important;background-repeat: no-repeat !important;background-size: cover !important;}&rdquo;][vc_column][vc_column_text el_class=&rdquo;autoras__texto&rdquo;]Vicenta de la Parra Cerda (Guatemala 1831-1905) Also known as: Vicenta Laparra Reyes&hellip;","og_url":"https:\/\/eladd.org\/en\/other-authors\/vicenta-de-la-parra-cerda\/","og_site_name":"Eladd En","article_modified_time":"2025-11-12T03:45:27+00:00","og_image":[{"url":"https:\/\/eladd.org\/wp-content\/uploads\/2015\/03\/vicenta-300x292.png","type":"","width":"","height":""}],"twitter_card":"summary_large_image","twitter_misc":{"Est. reading time":"3 minutes"},"schema":{"@context":"https:\/\/schema.org","@graph":[{"@type":"WebPage","@id":"https:\/\/eladd.org\/en\/other-authors\/vicenta-de-la-parra-cerda\/","url":"https:\/\/eladd.org\/en\/other-authors\/vicenta-de-la-parra-cerda\/","name":"Vicenta de la Parra Cerda - Eladd En","isPartOf":{"@id":"https:\/\/eladd.org\/en\/#website"},"primaryImageOfPage":{"@id":"https:\/\/eladd.org\/en\/other-authors\/vicenta-de-la-parra-cerda\/#primaryimage"},"image":{"@id":"https:\/\/eladd.org\/en\/other-authors\/vicenta-de-la-parra-cerda\/#primaryimage"},"thumbnailUrl":"https:\/\/eladd.org\/wp-content\/uploads\/2015\/03\/vicenta-300x292.png","datePublished":"2015-04-01T07:51:56+00:00","dateModified":"2025-11-12T03:45:27+00:00","breadcrumb":{"@id":"https:\/\/eladd.org\/en\/other-authors\/vicenta-de-la-parra-cerda\/#breadcrumb"},"inLanguage":"en-US","potentialAction":[{"@type":"ReadAction","target":["https:\/\/eladd.org\/en\/other-authors\/vicenta-de-la-parra-cerda\/"]}]},{"@type":"ImageObject","inLanguage":"en-US","@id":"https:\/\/eladd.org\/en\/other-authors\/vicenta-de-la-parra-cerda\/#primaryimage","url":"https:\/\/eladd.org\/wp-content\/uploads\/2015\/03\/vicenta-300x292.png","contentUrl":"https:\/\/eladd.org\/wp-content\/uploads\/2015\/03\/vicenta-300x292.png"},{"@type":"BreadcrumbList","@id":"https:\/\/eladd.org\/en\/other-authors\/vicenta-de-la-parra-cerda\/#breadcrumb","itemListElement":[{"@type":"ListItem","position":1,"name":"Home","item":"https:\/\/eladd.org\/en\/"},{"@type":"ListItem","position":2,"name":"Other Authors","item":"https:\/\/eladd.org\/en\/other-authors\/"},{"@type":"ListItem","position":3,"name":"Vicenta de la Parra Cerda"}]},{"@type":"WebSite","@id":"https:\/\/eladd.org\/en\/#website","url":"https:\/\/eladd.org\/en\/","name":"Eladd En","description":"Ninteenth-Century Latin American Women Writers","publisher":{"@id":"https:\/\/eladd.org\/en\/#organization"},"potentialAction":[{"@type":"SearchAction","target":{"@type":"EntryPoint","urlTemplate":"https:\/\/eladd.org\/en\/?s={search_term_string}"},"query-input":{"@type":"PropertyValueSpecification","valueRequired":true,"valueName":"search_term_string"}}],"inLanguage":"en-US"},{"@type":"Organization","@id":"https:\/\/eladd.org\/en\/#organization","name":"Eladd En","url":"https:\/\/eladd.org\/en\/","logo":{"@type":"ImageObject","inLanguage":"en-US","@id":"https:\/\/eladd.org\/en\/#\/schema\/logo\/image\/","url":"https:\/\/eladd.org\/en\/wp-content\/uploads\/sites\/2\/2025\/07\/logo-eladd.png","contentUrl":"https:\/\/eladd.org\/en\/wp-content\/uploads\/sites\/2\/2025\/07\/logo-eladd.png","width":324,"height":77,"caption":"Eladd En"},"image":{"@id":"https:\/\/eladd.org\/en\/#\/schema\/logo\/image\/"}}]}},"_links":{"self":[{"href":"https:\/\/eladd.org\/en\/wp-json\/wp\/v2\/pages\/592","targetHints":{"allow":["GET"]}}],"collection":[{"href":"https:\/\/eladd.org\/en\/wp-json\/wp\/v2\/pages"}],"about":[{"href":"https:\/\/eladd.org\/en\/wp-json\/wp\/v2\/types\/page"}],"author":[{"embeddable":true,"href":"https:\/\/eladd.org\/en\/wp-json\/wp\/v2\/users\/3"}],"replies":[{"embeddable":true,"href":"https:\/\/eladd.org\/en\/wp-json\/wp\/v2\/comments?post=592"}],"version-history":[{"count":5,"href":"https:\/\/eladd.org\/en\/wp-json\/wp\/v2\/pages\/592\/revisions"}],"predecessor-version":[{"id":24813,"href":"https:\/\/eladd.org\/en\/wp-json\/wp\/v2\/pages\/592\/revisions\/24813"}],"up":[{"embeddable":true,"href":"https:\/\/eladd.org\/en\/wp-json\/wp\/v2\/pages\/98"}],"wp:attachment":[{"href":"https:\/\/eladd.org\/en\/wp-json\/wp\/v2\/media?parent=592"}],"curies":[{"name":"wp","href":"https:\/\/api.w.org\/{rel}","templated":true}]}}