{"id":60,"date":"2014-07-02T19:08:47","date_gmt":"2014-07-02T19:08:47","guid":{"rendered":"https:\/\/eladd.org\/en\/?page_id=60"},"modified":"2019-02-20T15:19:25","modified_gmt":"2019-02-20T15:19:25","slug":"teresa-gonzalez-de-fanning","status":"publish","type":"page","link":"https:\/\/eladd.org\/en\/popular-authors\/teresa-gonzalez-de-fanning\/","title":{"rendered":"Teresa Gonz\u00e1lez del Real de Fanning"},"content":{"rendered":"<div class=\"wpb-content-wrapper\">[vc_row full_width=&#8221;stretch_row&#8221; tablet_fullwidth_cols=&#8221;&#8221; bg_style=&#8221;repeat&#8221; bg_image=&#8221;1837&#8243;][vc_column][vc_column_text el_class=&#8221;autoras__titulo&#8221;]\n<h2 style=\"text-align: center;\">Teresa Gonz\u00e1lez del Real de Fanning<\/h2>\n<p style=\"text-align: center;\"><img loading=\"lazy\" decoding=\"async\" class=\"size-full wp-image-1816 aligncenter\" src=\"\/\/eladd.org\/wp-content\/uploads\/2015\/09\/icon-space.png\" alt=\"icon-space\" width=\"150\" height=\"8\" \/><\/p>\n[\/vc_column_text][\/vc_column][\/vc_row][vc_row full_width=&#8221;stretch_row&#8221; tablet_fullwidth_cols=&#8221;&#8221; bg_style=&#8221;repeat&#8221; bg_image=&#8221;1837&#8243;][vc_column][vc_column_text el_class=&#8221;autoras__texto&#8221; css=&#8221;.vc_custom_1550675955421{margin-bottom: 35px !important;}&#8221;]\n<p class=\"no-indent\" style=\"text-align: justify;\"><strong>Alias:<\/strong>\u00a0Teresa Gonz\u00e1lez del Real de Fanning, Teresa Gonz\u00e1lez de Real, Teresa Gonz\u00e1lez de Fanning<\/p>\n<p class=\"no-indent\" style=\"text-align: justify;\"><img loading=\"lazy\" decoding=\"async\" class=\"alignright size-full wp-image-329\" src=\"https:\/\/eladd.org\/wp-content\/uploads\/2014\/02\/teresa_gf1.jpg\" alt=\"teresa_gf\" width=\"250\" height=\"400\" \/><\/p>\n<p class=\"no-indent\" style=\"text-align: justify;\"><strong>Seud\u00f3nimo:\u00a0<\/strong>Mar\u00eda de la Luz<\/p>\n<p>&nbsp;<\/p>\n<p><strong>A full biographical essay is available in ELADD ESPA\u00d1OL under this author&#8217;s name.<\/strong><\/p>\n<p>&nbsp;<\/p>\n<p><strong>Author\u2019s Works:\u00a0Original and Edited (Works are listed in chronological order)<\/strong><\/p>\n<p>(1876). \u201cLas literatas.\u201d (Seud\u00f3nimo: Mar\u00eda de la Luz).\u00a0<em>El Correo del Per\u00fa<\/em>, Lima, 1 de octubre de 1876.<\/p>\n<p>(1886).\u00a0<em>Ambici\u00f3n y abnegaci\u00f3n<\/em>. Lima: Imprenta Torres Aguirre.<\/p>\n<p>(1886). Regina: novela premiada con medalla de plata en el concurso internacional del Ateneo. Lima: Imprenta de Torres Aguirre.<\/p>\n<p>(1892). \u201cTrabajo para la mujer.\u201d<em>\u00a0Veladas literarias de Lima, 1876-1877<\/em>. Ed. Juana Manuela Gorriti. Buenos Aires: Imprenta Europea. 286-293.<\/p>\n<p>(1893). Lucecitas: (art\u00edculos, novelas y discursos). Madrid: Ricardo Fe.<\/p>\n<p>(1893).\u00a0 <em>Lecciones de econom\u00eda dom\u00e9stica<\/em>.\u00a0 Lima: Imprenta y Librer\u00eda de San Pedro.<\/p>\n<p>(1898).\u00a0<em>Educaci\u00f3n femenina: colecci\u00f3n de art\u00edculos pedag\u00f3gicos, morales y sociol\u00f3gicos<\/em>. Lima: N.p.<\/p>\n<p>\u2014. Lima: Tipograf\u00eda de El Lucerno, 1905.<\/p>\n<p>(1904).\u00a0<em>Ind\u00f3mita<\/em>. Lima: Tipograf\u00eda de El Lucero.<\/p>\n<p>\u2014, ed. Thomas Ward. Loyola University Maryland, 2005.<\/p>\n<p>(1904).\u00a0<em>Roque Moreno: novela hist\u00f3rica<\/em>. Lima: Tipograf\u00eda de El Lucero.<\/p>\n<p>\u2014. Follet\u00edn de El Lucero. Lima: Casa Editora M. Moral, 1917.<\/p>\n<p>\u2014, ed. Thomas Ward. Loyola U Maryland, 2005.<\/p>\n<p>(1914). Lecciones de geograf\u00eda universal. Lima: Senmarti.<\/p>\n<p>(1911). \u201cEducaci\u00f3n dom\u00e9stica y social de la mujer.\u201d <em>Historia, actas y trabajos del Primer Congreso Internacional Femenino de la Rep\u00fablica Argentina<\/em>.\u00a0 Buenos Aires: Imprenta A. Ceppi.\u00a0 (275-80)<\/p>\n<p>&nbsp;<\/p>\n<p><strong>Critical Works and Reference Materials (Books, Book Chapters, Journal Articles, Encyclopedias, Theses\/Dissertations, Media and Internet Sources)<\/strong><\/p>\n<p>Basadre Grohmann, Jorge. <em>Historia de la Rep\u00fablica del Per\u00fa. 1822 \u2013 1933<\/em>. Octava Edici\u00f3n,<\/p>\n<p>Tomo 14. Santiago de Chile: La Rep\u00fablica y Universidad Ricardo Palma, 1998.<\/p>\n<p>Bryan, Catherine Marie.\u00a0<em>Las Obreras del Pensamiento: Women Intellectuals in Nineteenth-Century Per\u00fa: Between Feminism and Nationalism.<\/em>\u00a0Diss. U of Minnesota, 1997. Ann Arbor: UMI, 2003.<\/p>\n<p>Camacho, Diego.\u00a0 <em>Mujeres ilustres para la educaci\u00f3n nacional<\/em>.\u00a0 Lima: Ediciones Carpesa, 1969.<\/p>\n<p>C\u00e1rdenas Moreno, M\u00f3nica. \u201cEscritura femenina y discurso b\u00e9lico en el Per\u00fa decimon\u00f3nico. h\u00e9roes y hero\u00ednas en la obra de Teresa Gonz\u00e1lez de Fanning y Mercedes Cabello de Carbonera.\u201d\u00a0<em>Retomando la palabra: las pioneras del diecinueve en di\u00e1logo con la cr\u00edtica contempor\u00e1nea<\/em>. Eds. Claire Emilie Martin y Mar\u00eda Nelly Goswitz. Madrid: Iberoamericana, 2012. 111-127.<\/p>\n<p>Clark, Emily Joy.\u00a0<em>Addressing Women\u2019s Education in Lima in the Late Nineteenth Century: The Veladas Literarias and Beyond<\/em>. Diss. U of North Carolina at Chapel Hill, 2011. Ann Arbor: UMI, 2011.<\/p>\n<p>Figueroa Amaya, Nelson y Asunta Montoya Rojas. \u201cLa reformadora de la educaci\u00f3n femenina.\u201d<em>De voces, sue\u00f1os y osad\u00edas.<\/em>\u00a0Mujeres ejemplares del Per\u00fa. Lima: Centro de Producci\u00f3n y Documentaci\u00f3n Radiof\u00f3nica \u201cEl D\u00eda del Pueblo\u201d, 1995. 139-142.<\/p>\n<p>Garc\u00eda y Garc\u00eda, Elvira.\u00a0 <em>La mujer peruana a trav\u00e9s de los siglos<\/em>.\u00a0 Tomo 2.\u00a0 Lima: Imprenta Americana, 1925.<\/p>\n<p>Gonz\u00e1lez, Deborah Liz.\u00a0<em>Las im\u00e1genes y tem\u00e1tica alimentarias como discursos de aserci\u00f3n en la literatura femenina Hispanoamericana (Siglo XVI\u2013XX)<\/em>. Diss. U of Massachusetts Amherst, 2003. Ann Arbor: UMI, 2003.<\/p>\n<p>Lewis, Amanda.\u00a0<em>The Ethical Orphan in the Nineteenth-Century Latin American Novel<\/em>. Diss. Columbia University, 2007. Ann Harbor: UMI, 2007.<\/p>\n<p>\u2014. \u201cOrphan Discourse and the New Ethic in Women\u2019s Narratives of 19th Century Per\u00fa.\u201d\u00a0<em>Latin American Literary Review<\/em>\u00a038.75 (2010): 46-65.<\/p>\n<p>Matto de Turner, Clorinda.\u00a0 <em>Cuatro conferencias sobre Am\u00e9rica del Sur<\/em>.\u00a0 Buenos Aires: Imprenta de Juan A. Alsina (1909).<\/p>\n<p>Peluffo, Ana. \u201cEmilia Pardo Baz\u00e1n lee Lucecitas de Teresa Gonz\u00e1lez de Fanning.\u201d\u00a0<em>Siglo Diecinueve: Literatura Hisp\u00e1nica<\/em>\u00a013 (2007): 65-74.<\/p>\n<p>Scott, Nina M. Madres del verbo\/\u00a0<em>Mothers of the Word: Early Spanish-American Women Writers: A Bilingual Anthology.<\/em>\u00a0Albuquerque: U of New Mexico P, 1999. 251-272.<\/p>\n<p>Tauzin-Castellanos, Isabelle.\u00a0<em>Le Roman F\u00e9minin P\u00e9ruvien Pendant La Seconde Moiti\u00e9 Du XIX\u00e8me Si\u00e8cle.<\/em>\u00a0Diss. Universit\u00e9 de Poitiers UFR de Langues Et Litt\u00e9ratures, 1990. n.p: N.p, 1989.<\/p>\n<p>Yeager, Gertrude.\u00a0<em>Confronting Change, Challenging Tradition: Women in Latin American History<\/em>. Wilmington: SR Books, 1994. 30-39.<\/p>\n<p>&#8212;.\u00a0 <em>Roque Moreno<\/em>.\u00a0 Lima: Tipograf\u00eda el Lucero, 1904.[\/vc_column_text][vc_single_image image=&#8221;1820&#8243; alignment=&#8221;center&#8221; css=&#8221;.vc_custom_1443808076131{margin-top: 35px !important;}&#8221;][\/vc_column][\/vc_row]\n<\/div>","protected":false},"excerpt":{"rendered":"<p>[vc_row full_width=&rdquo;stretch_row&rdquo; tablet_fullwidth_cols=&rdquo;&rdquo; bg_style=&rdquo;repeat&rdquo; bg_image=&rdquo;1837&Prime;][vc_column][vc_column_text el_class=&rdquo;autoras__titulo&rdquo;] Teresa Gonz&aacute;lez del Real de Fanning [\/vc_column_text][\/vc_column][\/vc_row][vc_row full_width=&rdquo;stretch_row&rdquo; tablet_fullwidth_cols=&rdquo;&rdquo; bg_style=&rdquo;repeat&rdquo; bg_image=&rdquo;1837&Prime;][vc_column][vc_column_text el_class=&rdquo;autoras__texto&rdquo; css=&rdquo;.vc_custom_1550675955421{margin-bottom: 35px !important;}&rdquo;] Alias:&nbsp;Teresa Gonz&aacute;lez del Real de Fanning, Teresa Gonz&aacute;lez de Real, Teresa Gonz&aacute;lez de Fanning Seud&oacute;nimo:&nbsp;Mar&iacute;a de la Luz &nbsp;&hellip;<\/p>\n","protected":false},"author":1,"featured_media":0,"parent":38,"menu_order":0,"comment_status":"closed","ping_status":"closed","template":"","meta":{"footnotes":""},"class_list":["post-60","page","type-page","status-publish","hentry","entry","no-media"],"yoast_head":"<!-- This site is optimized with the Yoast SEO plugin v26.1.1 - https:\/\/yoast.com\/wordpress\/plugins\/seo\/ -->\n<title>Teresa Gonz\u00e1lez del Real de Fanning - Eladd En<\/title>\n<meta name=\"robots\" content=\"index, follow, max-snippet:-1, max-image-preview:large, max-video-preview:-1\" \/>\n<link rel=\"canonical\" href=\"https:\/\/eladd.org\/en\/popular-authors\/teresa-gonzalez-de-fanning\/\" \/>\n<meta property=\"og:locale\" content=\"en_US\" \/>\n<meta property=\"og:type\" content=\"article\" \/>\n<meta property=\"og:title\" content=\"Teresa Gonz\u00e1lez del Real de Fanning - Eladd En\" \/>\n<meta property=\"og:description\" content=\"[vc_row full_width=&rdquo;stretch_row&rdquo; tablet_fullwidth_cols=&rdquo;&rdquo; bg_style=&rdquo;repeat&rdquo; bg_image=&rdquo;1837&Prime;][vc_column][vc_column_text el_class=&rdquo;autoras__titulo&rdquo;] Teresa Gonz&aacute;lez del Real de Fanning [\/vc_column_text][\/vc_column][\/vc_row][vc_row full_width=&rdquo;stretch_row&rdquo; tablet_fullwidth_cols=&rdquo;&rdquo; bg_style=&rdquo;repeat&rdquo; bg_image=&rdquo;1837&Prime;][vc_column][vc_column_text el_class=&rdquo;autoras__texto&rdquo; css=&rdquo;.vc_custom_1550675955421{margin-bottom: 35px !important;}&rdquo;] Alias:&nbsp;Teresa Gonz&aacute;lez del Real de Fanning, Teresa Gonz&aacute;lez de Real, Teresa Gonz&aacute;lez de Fanning Seud&oacute;nimo:&nbsp;Mar&iacute;a de la Luz &nbsp;&hellip;\" \/>\n<meta property=\"og:url\" content=\"https:\/\/eladd.org\/en\/popular-authors\/teresa-gonzalez-de-fanning\/\" \/>\n<meta property=\"og:site_name\" content=\"Eladd En\" \/>\n<meta property=\"article:modified_time\" content=\"2019-02-20T15:19:25+00:00\" \/>\n<meta property=\"og:image\" content=\"https:\/\/eladd.org\/wp-content\/uploads\/2014\/02\/teresa_gf1.jpg\" \/>\n<meta name=\"twitter:card\" content=\"summary_large_image\" \/>\n<meta name=\"twitter:label1\" content=\"Est. reading time\" \/>\n\t<meta name=\"twitter:data1\" content=\"4 minutes\" \/>\n<script type=\"application\/ld+json\" class=\"yoast-schema-graph\">{\"@context\":\"https:\/\/schema.org\",\"@graph\":[{\"@type\":\"WebPage\",\"@id\":\"https:\/\/eladd.org\/en\/popular-authors\/teresa-gonzalez-de-fanning\/\",\"url\":\"https:\/\/eladd.org\/en\/popular-authors\/teresa-gonzalez-de-fanning\/\",\"name\":\"Teresa Gonz\u00e1lez del Real de Fanning - Eladd En\",\"isPartOf\":{\"@id\":\"https:\/\/eladd.org\/en\/#website\"},\"primaryImageOfPage\":{\"@id\":\"https:\/\/eladd.org\/en\/popular-authors\/teresa-gonzalez-de-fanning\/#primaryimage\"},\"image\":{\"@id\":\"https:\/\/eladd.org\/en\/popular-authors\/teresa-gonzalez-de-fanning\/#primaryimage\"},\"thumbnailUrl\":\"https:\/\/eladd.org\/wp-content\/uploads\/2014\/02\/teresa_gf1.jpg\",\"datePublished\":\"2014-07-02T19:08:47+00:00\",\"dateModified\":\"2019-02-20T15:19:25+00:00\",\"breadcrumb\":{\"@id\":\"https:\/\/eladd.org\/en\/popular-authors\/teresa-gonzalez-de-fanning\/#breadcrumb\"},\"inLanguage\":\"en-US\",\"potentialAction\":[{\"@type\":\"ReadAction\",\"target\":[\"https:\/\/eladd.org\/en\/popular-authors\/teresa-gonzalez-de-fanning\/\"]}]},{\"@type\":\"ImageObject\",\"inLanguage\":\"en-US\",\"@id\":\"https:\/\/eladd.org\/en\/popular-authors\/teresa-gonzalez-de-fanning\/#primaryimage\",\"url\":\"https:\/\/eladd.org\/wp-content\/uploads\/2014\/02\/teresa_gf1.jpg\",\"contentUrl\":\"https:\/\/eladd.org\/wp-content\/uploads\/2014\/02\/teresa_gf1.jpg\"},{\"@type\":\"BreadcrumbList\",\"@id\":\"https:\/\/eladd.org\/en\/popular-authors\/teresa-gonzalez-de-fanning\/#breadcrumb\",\"itemListElement\":[{\"@type\":\"ListItem\",\"position\":1,\"name\":\"Home\",\"item\":\"https:\/\/eladd.org\/en\/\"},{\"@type\":\"ListItem\",\"position\":2,\"name\":\"Popular Authors\",\"item\":\"https:\/\/eladd.org\/en\/popular-authors\/\"},{\"@type\":\"ListItem\",\"position\":3,\"name\":\"Teresa Gonz\u00e1lez del Real de Fanning\"}]},{\"@type\":\"WebSite\",\"@id\":\"https:\/\/eladd.org\/en\/#website\",\"url\":\"https:\/\/eladd.org\/en\/\",\"name\":\"Eladd En\",\"description\":\"Ninteenth-Century Latin American Women Writers\",\"publisher\":{\"@id\":\"https:\/\/eladd.org\/en\/#organization\"},\"potentialAction\":[{\"@type\":\"SearchAction\",\"target\":{\"@type\":\"EntryPoint\",\"urlTemplate\":\"https:\/\/eladd.org\/en\/?s={search_term_string}\"},\"query-input\":{\"@type\":\"PropertyValueSpecification\",\"valueRequired\":true,\"valueName\":\"search_term_string\"}}],\"inLanguage\":\"en-US\"},{\"@type\":\"Organization\",\"@id\":\"https:\/\/eladd.org\/en\/#organization\",\"name\":\"Eladd En\",\"url\":\"https:\/\/eladd.org\/en\/\",\"logo\":{\"@type\":\"ImageObject\",\"inLanguage\":\"en-US\",\"@id\":\"https:\/\/eladd.org\/en\/#\/schema\/logo\/image\/\",\"url\":\"https:\/\/eladd.org\/en\/wp-content\/uploads\/sites\/2\/2025\/07\/logo-eladd.png\",\"contentUrl\":\"https:\/\/eladd.org\/en\/wp-content\/uploads\/sites\/2\/2025\/07\/logo-eladd.png\",\"width\":324,\"height\":77,\"caption\":\"Eladd En\"},\"image\":{\"@id\":\"https:\/\/eladd.org\/en\/#\/schema\/logo\/image\/\"}}]}<\/script>\n<!-- \/ Yoast SEO plugin. -->","yoast_head_json":{"title":"Teresa Gonz\u00e1lez del Real de Fanning - Eladd En","robots":{"index":"index","follow":"follow","max-snippet":"max-snippet:-1","max-image-preview":"max-image-preview:large","max-video-preview":"max-video-preview:-1"},"canonical":"https:\/\/eladd.org\/en\/popular-authors\/teresa-gonzalez-de-fanning\/","og_locale":"en_US","og_type":"article","og_title":"Teresa Gonz\u00e1lez del Real de Fanning - Eladd En","og_description":"[vc_row full_width=&rdquo;stretch_row&rdquo; tablet_fullwidth_cols=&rdquo;&rdquo; bg_style=&rdquo;repeat&rdquo; bg_image=&rdquo;1837&Prime;][vc_column][vc_column_text el_class=&rdquo;autoras__titulo&rdquo;] Teresa Gonz&aacute;lez del Real de Fanning [\/vc_column_text][\/vc_column][\/vc_row][vc_row full_width=&rdquo;stretch_row&rdquo; tablet_fullwidth_cols=&rdquo;&rdquo; bg_style=&rdquo;repeat&rdquo; bg_image=&rdquo;1837&Prime;][vc_column][vc_column_text el_class=&rdquo;autoras__texto&rdquo; css=&rdquo;.vc_custom_1550675955421{margin-bottom: 35px !important;}&rdquo;] Alias:&nbsp;Teresa Gonz&aacute;lez del Real de Fanning, Teresa Gonz&aacute;lez de Real, Teresa Gonz&aacute;lez de Fanning Seud&oacute;nimo:&nbsp;Mar&iacute;a de la Luz &nbsp;&hellip;","og_url":"https:\/\/eladd.org\/en\/popular-authors\/teresa-gonzalez-de-fanning\/","og_site_name":"Eladd En","article_modified_time":"2019-02-20T15:19:25+00:00","og_image":[{"url":"https:\/\/eladd.org\/wp-content\/uploads\/2014\/02\/teresa_gf1.jpg","type":"","width":"","height":""}],"twitter_card":"summary_large_image","twitter_misc":{"Est. reading time":"4 minutes"},"schema":{"@context":"https:\/\/schema.org","@graph":[{"@type":"WebPage","@id":"https:\/\/eladd.org\/en\/popular-authors\/teresa-gonzalez-de-fanning\/","url":"https:\/\/eladd.org\/en\/popular-authors\/teresa-gonzalez-de-fanning\/","name":"Teresa Gonz\u00e1lez del Real de Fanning - Eladd En","isPartOf":{"@id":"https:\/\/eladd.org\/en\/#website"},"primaryImageOfPage":{"@id":"https:\/\/eladd.org\/en\/popular-authors\/teresa-gonzalez-de-fanning\/#primaryimage"},"image":{"@id":"https:\/\/eladd.org\/en\/popular-authors\/teresa-gonzalez-de-fanning\/#primaryimage"},"thumbnailUrl":"https:\/\/eladd.org\/wp-content\/uploads\/2014\/02\/teresa_gf1.jpg","datePublished":"2014-07-02T19:08:47+00:00","dateModified":"2019-02-20T15:19:25+00:00","breadcrumb":{"@id":"https:\/\/eladd.org\/en\/popular-authors\/teresa-gonzalez-de-fanning\/#breadcrumb"},"inLanguage":"en-US","potentialAction":[{"@type":"ReadAction","target":["https:\/\/eladd.org\/en\/popular-authors\/teresa-gonzalez-de-fanning\/"]}]},{"@type":"ImageObject","inLanguage":"en-US","@id":"https:\/\/eladd.org\/en\/popular-authors\/teresa-gonzalez-de-fanning\/#primaryimage","url":"https:\/\/eladd.org\/wp-content\/uploads\/2014\/02\/teresa_gf1.jpg","contentUrl":"https:\/\/eladd.org\/wp-content\/uploads\/2014\/02\/teresa_gf1.jpg"},{"@type":"BreadcrumbList","@id":"https:\/\/eladd.org\/en\/popular-authors\/teresa-gonzalez-de-fanning\/#breadcrumb","itemListElement":[{"@type":"ListItem","position":1,"name":"Home","item":"https:\/\/eladd.org\/en\/"},{"@type":"ListItem","position":2,"name":"Popular Authors","item":"https:\/\/eladd.org\/en\/popular-authors\/"},{"@type":"ListItem","position":3,"name":"Teresa Gonz\u00e1lez del Real de Fanning"}]},{"@type":"WebSite","@id":"https:\/\/eladd.org\/en\/#website","url":"https:\/\/eladd.org\/en\/","name":"Eladd En","description":"Ninteenth-Century Latin American Women Writers","publisher":{"@id":"https:\/\/eladd.org\/en\/#organization"},"potentialAction":[{"@type":"SearchAction","target":{"@type":"EntryPoint","urlTemplate":"https:\/\/eladd.org\/en\/?s={search_term_string}"},"query-input":{"@type":"PropertyValueSpecification","valueRequired":true,"valueName":"search_term_string"}}],"inLanguage":"en-US"},{"@type":"Organization","@id":"https:\/\/eladd.org\/en\/#organization","name":"Eladd En","url":"https:\/\/eladd.org\/en\/","logo":{"@type":"ImageObject","inLanguage":"en-US","@id":"https:\/\/eladd.org\/en\/#\/schema\/logo\/image\/","url":"https:\/\/eladd.org\/en\/wp-content\/uploads\/sites\/2\/2025\/07\/logo-eladd.png","contentUrl":"https:\/\/eladd.org\/en\/wp-content\/uploads\/sites\/2\/2025\/07\/logo-eladd.png","width":324,"height":77,"caption":"Eladd En"},"image":{"@id":"https:\/\/eladd.org\/en\/#\/schema\/logo\/image\/"}}]}},"_links":{"self":[{"href":"https:\/\/eladd.org\/en\/wp-json\/wp\/v2\/pages\/60","targetHints":{"allow":["GET"]}}],"collection":[{"href":"https:\/\/eladd.org\/en\/wp-json\/wp\/v2\/pages"}],"about":[{"href":"https:\/\/eladd.org\/en\/wp-json\/wp\/v2\/types\/page"}],"author":[{"embeddable":true,"href":"https:\/\/eladd.org\/en\/wp-json\/wp\/v2\/users\/1"}],"replies":[{"embeddable":true,"href":"https:\/\/eladd.org\/en\/wp-json\/wp\/v2\/comments?post=60"}],"version-history":[{"count":12,"href":"https:\/\/eladd.org\/en\/wp-json\/wp\/v2\/pages\/60\/revisions"}],"predecessor-version":[{"id":2520,"href":"https:\/\/eladd.org\/en\/wp-json\/wp\/v2\/pages\/60\/revisions\/2520"}],"up":[{"embeddable":true,"href":"https:\/\/eladd.org\/en\/wp-json\/wp\/v2\/pages\/38"}],"wp:attachment":[{"href":"https:\/\/eladd.org\/en\/wp-json\/wp\/v2\/media?parent=60"}],"curies":[{"name":"wp","href":"https:\/\/api.w.org\/{rel}","templated":true}]}}