{"id":62,"date":"2014-07-02T19:10:25","date_gmt":"2014-07-02T19:10:25","guid":{"rendered":"https:\/\/eladd.org\/en\/?page_id=62"},"modified":"2025-11-12T03:08:12","modified_gmt":"2025-11-12T03:08:12","slug":"adriana-gonzalez-prada","status":"publish","type":"page","link":"https:\/\/eladd.org\/en\/popular-authors\/adriana-gonzalez-prada\/","title":{"rendered":"Adriana de Gonz\u00e1lez Prada"},"content":{"rendered":"<div class=\"wpb-content-wrapper\">[vc_row full_width=&#8221;stretch_row&#8221; tablet_fullwidth_cols=&#8221;&#8221; bg_style=&#8221;repeat&#8221; css=&#8221;.vc_custom_1762916879802{background-position: 0 0 !important;background-repeat: repeat !important;}&#8221;][vc_column][vc_column_text el_class=&#8221;autoras__titulo&#8221;]\n<h2 style=\"text-align: center;\">Adriana de Gonz\u00e1lez Prada<\/h2>\n<p style=\"text-align: center;\">(1865-1948)<br \/>\n<img loading=\"lazy\" decoding=\"async\" class=\"size-full wp-image-1816 aligncenter\" src=\"\/\/eladd.org\/wp-content\/uploads\/2015\/09\/icon-space.png\" alt=\"icon-space\" width=\"150\" height=\"8\" \/>[\/vc_column_text][\/vc_column][\/vc_row][vc_row full_width=&#8221;stretch_row&#8221; el_id=&#8221;cuerpo&#8221; css=&#8221;.vc_custom_1762916887826{background-position: center !important;background-repeat: no-repeat !important;background-size: cover !important;}&#8221;][vc_column][vc_column_text el_class=&#8221;autoras__texto&#8221;]<img loading=\"lazy\" decoding=\"async\" class=\"size-medium wp-image-627 aligncenter\" src=\"https:\/\/eladd.org\/en\/wp-content\/uploads\/sites\/2\/2014\/07\/Adriana_de_Verneuil-183x300.jpg\" alt=\"Adriana_de_Verneuil\" width=\"183\" height=\"300\" srcset=\"https:\/\/eladd.org\/en\/wp-content\/uploads\/sites\/2\/2014\/07\/Adriana_de_Verneuil-183x300.jpg 183w, https:\/\/eladd.org\/en\/wp-content\/uploads\/sites\/2\/2014\/07\/Adriana_de_Verneuil.jpg 369w\" sizes=\"auto, (max-width: 183px) 100vw, 183px\" \/><br \/>\n<strong>A full biographical essay is available in ELADD ESPA\u00d1OL under the author&#8217;s name. <\/strong><\/p>\n<div id=\"content-n\"><\/div>\n<div style=\"width: 100%; height: 3px; background: #6E6E6E; margin: 10px 0px 20px 0px; overflow: hidden;\"><\/div>\n<div id=\"content-n\">\n<div class=\"img\"><img decoding=\"async\" class=\"alignright\" src=\"https:\/\/eladd.org\/wp-content\/uploads\/2014\/07\/2.jpg\" alt=\"2\" \/><\/div>\n<p><b>Also known as:<\/b>\u00a0<b>Adriana de Verneuil,\u00a0<\/b><span lang=\"es-PE\"><b>Adriana Adelayda Verneuil Conches.<\/b><\/span><\/p>\n<p><b><strong>Author\u2019s Works: Original and Edited (Works are listed in chronological order)<\/strong><\/b><\/p>\n<p>(1947).\u00a0<i>Mi Manuel<\/i>\u00a0. Lima: Editorial Ant\u00e1rtica.<\/p>\n<p><b>Critical Works and Reference Materials (Books, Book Chapters, Journal Articles,Encyclopedias, Theses\/Dissertations, Media and Internet Sources)<\/b><\/p>\n<p>Chenot, B\u00e9atrice. \u201cDe una orilla a otra: perspectivas francesas en el testimonio de Adriana<br \/>\nde Gonz\u00e1lez Prada.\u201d <em>Manuel Gonz\u00e1lez Prada: escritor de dos mundos. Actas del Coloquio Internacional ERSAL-AMERIBER<\/em> EA 3656. Ed. Isabelle Tauzin-Castellanos. Lima\/Bordeaux: Instituto Franc\u00e9s de Estudios Andinos\/Embajada de Francia en el Per\u00fa\/Biblioteca Nacional del Per\u00fa\/Presses Universitaires de Bordeaux, 2006. 31-43.<\/p>\n<p>Gonzalez, Catherine, ed.\u00a0<span lang=\"es-PE\"><i>Les Gonzalez Prada en Aquitaine<\/i><\/span>\u00a0<span lang=\"es-PE\">: 1895-1898. Pessac: Universit\u00e9 Michel de Montaigne-Bordeaux 3, 2005.<\/span><\/p>\n<p>Minardi, Giovanna. \u201c<i>Mi Manuel<\/i>\u00a0de Adriana Verneuil de Gonz\u00e1lez Prada: Una mujer francesa y peruana\u201d\u00a0<i>Mujeres en el umbral. La iniciaci\u00f3n femenina en las escritoras hisp\u00e1nicas.\u00a0<\/i>Eds. Emilia Perassi y Susanna Regazzoni. Sevilla: Renacimiento, 2006. 54-64.<\/p>\n<p>Peluffo, Ana. \u201cCartograf\u00edas de la intimidad en Mi Manuel de Adriana Gonz\u00e1lez Prada.\u201d\u00a0<span lang=\"es-ES\"><i>Retomando la palabra. Las pioneras del XIX en di\u00e1logo con la cr\u00edtica contempor\u00e1nea.\u00a0<\/i><\/span><span lang=\"es-ES\">(Eds.). Claire Emilie Martin y Mar\u00eda Nelly Goswitz. Madrid: Iberoamericana, 2012.\u00a0<\/span><span lang=\"es-ES\">185-205.<\/span><\/p>\n<p>Rojas Benavente, Lady. \u201c\u00a0<i>Mi Manuel<\/i>\u00a0y\/o la legitimizaci\u00f3n autobiogr\u00e1fica de Adriana de Gonz\u00e1lez Prada.\u201d\u00a0<i>La ansiedad autorial. Formaci\u00f3n de la autor\u00eda femenina en Am\u00e9rica Latina: los textos autobiogr\u00e1ficos.<\/i>\u00a0Ed. Margara Russotto. Caracas: Universidad Sim\u00f3n Bol\u00edvar, 2006. 343-56.<\/p>\n<p><span lang=\"es-PE\">Tauzin-Castellanos, Isabelle. &#8220;Adriana De Gonz\u00e1lez Prada : Migrante y escritora.&#8221;\u00a0<\/span><em>Bulletin Hispanique<\/em>. 111.2 (2009): 623-38.<\/p>\n<p>&#8212;. \u201cAdriana de Verneuil: memorias de un olvido.\u201d <em>Mujeres que escriben en Am\u00e9rica Latina<\/em>.<br \/>\nEd. Sara Beatriz Guardia. Lima: CEMHAL, 2007. 187-200.<\/p>\n<p>Zanutelli Rosas, Manuel.\u00a0<i>La saga de los Gonz\u00e1lez Prada<\/i>\u00a0. Lima: Editorial Universitaria Ricardo Palma, 2003.<\/p>\n<div class=\"img2\"><img loading=\"lazy\" decoding=\"async\" class=\"alignnone size-full wp-image-608\" src=\"https:\/\/eladd.org\/wp-content\/uploads\/2014\/02\/logo-footer-2.png\" alt=\"logo-footer-2\" width=\"260\" height=\"70\" \/><\/div>\n<\/div>\n[\/vc_column_text][vc_single_image image=&#8221;660&#8243; alignment=&#8221;center&#8221; css=&#8221;.vc_custom_1446670823436{margin-top: 35px !important;}&#8221;][\/vc_column][\/vc_row]\n<\/div>","protected":false},"excerpt":{"rendered":"<p>[vc_row full_width=&rdquo;stretch_row&rdquo; tablet_fullwidth_cols=&rdquo;&rdquo; bg_style=&rdquo;repeat&rdquo; css=&rdquo;.vc_custom_1762916879802{background-position: 0 0 !important;background-repeat: repeat !important;}&rdquo;][vc_column][vc_column_text el_class=&rdquo;autoras__titulo&rdquo;] Adriana de Gonz&aacute;lez Prada (1865-1948) [\/vc_column_text][\/vc_column][\/vc_row][vc_row full_width=&rdquo;stretch_row&rdquo; el_id=&rdquo;cuerpo&rdquo; css=&rdquo;.vc_custom_1762916887826{background-position: center !important;background-repeat: no-repeat !important;background-size: cover !important;}&rdquo;][vc_column][vc_column_text el_class=&rdquo;autoras__texto&rdquo;] A full biographical essay is available in ELADD ESPA&Ntilde;OL under the author&rsquo;s name.&hellip;<\/p>\n","protected":false},"author":1,"featured_media":0,"parent":38,"menu_order":0,"comment_status":"closed","ping_status":"closed","template":"","meta":{"footnotes":""},"class_list":["post-62","page","type-page","status-publish","hentry","entry","no-media"],"yoast_head":"<!-- This site is optimized with the Yoast SEO plugin v26.1.1 - https:\/\/yoast.com\/wordpress\/plugins\/seo\/ -->\n<title>Adriana de Gonz\u00e1lez Prada - Eladd En<\/title>\n<meta name=\"robots\" content=\"index, follow, max-snippet:-1, max-image-preview:large, max-video-preview:-1\" \/>\n<link rel=\"canonical\" href=\"https:\/\/eladd.org\/en\/popular-authors\/adriana-gonzalez-prada\/\" \/>\n<meta property=\"og:locale\" content=\"en_US\" \/>\n<meta property=\"og:type\" content=\"article\" \/>\n<meta property=\"og:title\" content=\"Adriana de Gonz\u00e1lez Prada - Eladd En\" \/>\n<meta property=\"og:description\" content=\"[vc_row full_width=&rdquo;stretch_row&rdquo; tablet_fullwidth_cols=&rdquo;&rdquo; bg_style=&rdquo;repeat&rdquo; css=&rdquo;.vc_custom_1762916879802{background-position: 0 0 !important;background-repeat: repeat !important;}&rdquo;][vc_column][vc_column_text el_class=&rdquo;autoras__titulo&rdquo;] Adriana de Gonz&aacute;lez Prada (1865-1948) [\/vc_column_text][\/vc_column][\/vc_row][vc_row full_width=&rdquo;stretch_row&rdquo; el_id=&rdquo;cuerpo&rdquo; css=&rdquo;.vc_custom_1762916887826{background-position: center !important;background-repeat: no-repeat !important;background-size: cover !important;}&rdquo;][vc_column][vc_column_text el_class=&rdquo;autoras__texto&rdquo;] A full biographical essay is available in ELADD ESPA&Ntilde;OL under the author&rsquo;s name.&hellip;\" \/>\n<meta property=\"og:url\" content=\"https:\/\/eladd.org\/en\/popular-authors\/adriana-gonzalez-prada\/\" \/>\n<meta property=\"og:site_name\" content=\"Eladd En\" \/>\n<meta property=\"article:modified_time\" content=\"2025-11-12T03:08:12+00:00\" \/>\n<meta property=\"og:image\" content=\"https:\/\/eladd.org\/en\/wp-content\/uploads\/sites\/2\/2014\/07\/Adriana_de_Verneuil-183x300.jpg\" \/>\n<meta name=\"twitter:card\" content=\"summary_large_image\" \/>\n<meta name=\"twitter:label1\" content=\"Est. reading time\" \/>\n\t<meta name=\"twitter:data1\" content=\"2 minutes\" \/>\n<script type=\"application\/ld+json\" class=\"yoast-schema-graph\">{\"@context\":\"https:\/\/schema.org\",\"@graph\":[{\"@type\":\"WebPage\",\"@id\":\"https:\/\/eladd.org\/en\/popular-authors\/adriana-gonzalez-prada\/\",\"url\":\"https:\/\/eladd.org\/en\/popular-authors\/adriana-gonzalez-prada\/\",\"name\":\"Adriana de Gonz\u00e1lez Prada - Eladd En\",\"isPartOf\":{\"@id\":\"https:\/\/eladd.org\/en\/#website\"},\"primaryImageOfPage\":{\"@id\":\"https:\/\/eladd.org\/en\/popular-authors\/adriana-gonzalez-prada\/#primaryimage\"},\"image\":{\"@id\":\"https:\/\/eladd.org\/en\/popular-authors\/adriana-gonzalez-prada\/#primaryimage\"},\"thumbnailUrl\":\"https:\/\/eladd.org\/en\/wp-content\/uploads\/sites\/2\/2014\/07\/Adriana_de_Verneuil-183x300.jpg\",\"datePublished\":\"2014-07-02T19:10:25+00:00\",\"dateModified\":\"2025-11-12T03:08:12+00:00\",\"breadcrumb\":{\"@id\":\"https:\/\/eladd.org\/en\/popular-authors\/adriana-gonzalez-prada\/#breadcrumb\"},\"inLanguage\":\"en-US\",\"potentialAction\":[{\"@type\":\"ReadAction\",\"target\":[\"https:\/\/eladd.org\/en\/popular-authors\/adriana-gonzalez-prada\/\"]}]},{\"@type\":\"ImageObject\",\"inLanguage\":\"en-US\",\"@id\":\"https:\/\/eladd.org\/en\/popular-authors\/adriana-gonzalez-prada\/#primaryimage\",\"url\":\"https:\/\/eladd.org\/en\/wp-content\/uploads\/sites\/2\/2014\/07\/Adriana_de_Verneuil.jpg\",\"contentUrl\":\"https:\/\/eladd.org\/en\/wp-content\/uploads\/sites\/2\/2014\/07\/Adriana_de_Verneuil.jpg\",\"width\":369,\"height\":605},{\"@type\":\"BreadcrumbList\",\"@id\":\"https:\/\/eladd.org\/en\/popular-authors\/adriana-gonzalez-prada\/#breadcrumb\",\"itemListElement\":[{\"@type\":\"ListItem\",\"position\":1,\"name\":\"Home\",\"item\":\"https:\/\/eladd.org\/en\/\"},{\"@type\":\"ListItem\",\"position\":2,\"name\":\"Popular Authors\",\"item\":\"https:\/\/eladd.org\/en\/popular-authors\/\"},{\"@type\":\"ListItem\",\"position\":3,\"name\":\"Adriana de Gonz\u00e1lez Prada\"}]},{\"@type\":\"WebSite\",\"@id\":\"https:\/\/eladd.org\/en\/#website\",\"url\":\"https:\/\/eladd.org\/en\/\",\"name\":\"Eladd En\",\"description\":\"Ninteenth-Century Latin American Women Writers\",\"publisher\":{\"@id\":\"https:\/\/eladd.org\/en\/#organization\"},\"potentialAction\":[{\"@type\":\"SearchAction\",\"target\":{\"@type\":\"EntryPoint\",\"urlTemplate\":\"https:\/\/eladd.org\/en\/?s={search_term_string}\"},\"query-input\":{\"@type\":\"PropertyValueSpecification\",\"valueRequired\":true,\"valueName\":\"search_term_string\"}}],\"inLanguage\":\"en-US\"},{\"@type\":\"Organization\",\"@id\":\"https:\/\/eladd.org\/en\/#organization\",\"name\":\"Eladd En\",\"url\":\"https:\/\/eladd.org\/en\/\",\"logo\":{\"@type\":\"ImageObject\",\"inLanguage\":\"en-US\",\"@id\":\"https:\/\/eladd.org\/en\/#\/schema\/logo\/image\/\",\"url\":\"https:\/\/eladd.org\/en\/wp-content\/uploads\/sites\/2\/2025\/07\/logo-eladd.png\",\"contentUrl\":\"https:\/\/eladd.org\/en\/wp-content\/uploads\/sites\/2\/2025\/07\/logo-eladd.png\",\"width\":324,\"height\":77,\"caption\":\"Eladd En\"},\"image\":{\"@id\":\"https:\/\/eladd.org\/en\/#\/schema\/logo\/image\/\"}}]}<\/script>\n<!-- \/ Yoast SEO plugin. -->","yoast_head_json":{"title":"Adriana de Gonz\u00e1lez Prada - Eladd En","robots":{"index":"index","follow":"follow","max-snippet":"max-snippet:-1","max-image-preview":"max-image-preview:large","max-video-preview":"max-video-preview:-1"},"canonical":"https:\/\/eladd.org\/en\/popular-authors\/adriana-gonzalez-prada\/","og_locale":"en_US","og_type":"article","og_title":"Adriana de Gonz\u00e1lez Prada - Eladd En","og_description":"[vc_row full_width=&rdquo;stretch_row&rdquo; tablet_fullwidth_cols=&rdquo;&rdquo; bg_style=&rdquo;repeat&rdquo; css=&rdquo;.vc_custom_1762916879802{background-position: 0 0 !important;background-repeat: repeat !important;}&rdquo;][vc_column][vc_column_text el_class=&rdquo;autoras__titulo&rdquo;] Adriana de Gonz&aacute;lez Prada (1865-1948) [\/vc_column_text][\/vc_column][\/vc_row][vc_row full_width=&rdquo;stretch_row&rdquo; el_id=&rdquo;cuerpo&rdquo; css=&rdquo;.vc_custom_1762916887826{background-position: center !important;background-repeat: no-repeat !important;background-size: cover !important;}&rdquo;][vc_column][vc_column_text el_class=&rdquo;autoras__texto&rdquo;] A full biographical essay is available in ELADD ESPA&Ntilde;OL under the author&rsquo;s name.&hellip;","og_url":"https:\/\/eladd.org\/en\/popular-authors\/adriana-gonzalez-prada\/","og_site_name":"Eladd En","article_modified_time":"2025-11-12T03:08:12+00:00","og_image":[{"url":"https:\/\/eladd.org\/en\/wp-content\/uploads\/sites\/2\/2014\/07\/Adriana_de_Verneuil-183x300.jpg","type":"","width":"","height":""}],"twitter_card":"summary_large_image","twitter_misc":{"Est. reading time":"2 minutes"},"schema":{"@context":"https:\/\/schema.org","@graph":[{"@type":"WebPage","@id":"https:\/\/eladd.org\/en\/popular-authors\/adriana-gonzalez-prada\/","url":"https:\/\/eladd.org\/en\/popular-authors\/adriana-gonzalez-prada\/","name":"Adriana de Gonz\u00e1lez Prada - Eladd En","isPartOf":{"@id":"https:\/\/eladd.org\/en\/#website"},"primaryImageOfPage":{"@id":"https:\/\/eladd.org\/en\/popular-authors\/adriana-gonzalez-prada\/#primaryimage"},"image":{"@id":"https:\/\/eladd.org\/en\/popular-authors\/adriana-gonzalez-prada\/#primaryimage"},"thumbnailUrl":"https:\/\/eladd.org\/en\/wp-content\/uploads\/sites\/2\/2014\/07\/Adriana_de_Verneuil-183x300.jpg","datePublished":"2014-07-02T19:10:25+00:00","dateModified":"2025-11-12T03:08:12+00:00","breadcrumb":{"@id":"https:\/\/eladd.org\/en\/popular-authors\/adriana-gonzalez-prada\/#breadcrumb"},"inLanguage":"en-US","potentialAction":[{"@type":"ReadAction","target":["https:\/\/eladd.org\/en\/popular-authors\/adriana-gonzalez-prada\/"]}]},{"@type":"ImageObject","inLanguage":"en-US","@id":"https:\/\/eladd.org\/en\/popular-authors\/adriana-gonzalez-prada\/#primaryimage","url":"https:\/\/eladd.org\/en\/wp-content\/uploads\/sites\/2\/2014\/07\/Adriana_de_Verneuil.jpg","contentUrl":"https:\/\/eladd.org\/en\/wp-content\/uploads\/sites\/2\/2014\/07\/Adriana_de_Verneuil.jpg","width":369,"height":605},{"@type":"BreadcrumbList","@id":"https:\/\/eladd.org\/en\/popular-authors\/adriana-gonzalez-prada\/#breadcrumb","itemListElement":[{"@type":"ListItem","position":1,"name":"Home","item":"https:\/\/eladd.org\/en\/"},{"@type":"ListItem","position":2,"name":"Popular Authors","item":"https:\/\/eladd.org\/en\/popular-authors\/"},{"@type":"ListItem","position":3,"name":"Adriana de Gonz\u00e1lez Prada"}]},{"@type":"WebSite","@id":"https:\/\/eladd.org\/en\/#website","url":"https:\/\/eladd.org\/en\/","name":"Eladd En","description":"Ninteenth-Century Latin American Women Writers","publisher":{"@id":"https:\/\/eladd.org\/en\/#organization"},"potentialAction":[{"@type":"SearchAction","target":{"@type":"EntryPoint","urlTemplate":"https:\/\/eladd.org\/en\/?s={search_term_string}"},"query-input":{"@type":"PropertyValueSpecification","valueRequired":true,"valueName":"search_term_string"}}],"inLanguage":"en-US"},{"@type":"Organization","@id":"https:\/\/eladd.org\/en\/#organization","name":"Eladd En","url":"https:\/\/eladd.org\/en\/","logo":{"@type":"ImageObject","inLanguage":"en-US","@id":"https:\/\/eladd.org\/en\/#\/schema\/logo\/image\/","url":"https:\/\/eladd.org\/en\/wp-content\/uploads\/sites\/2\/2025\/07\/logo-eladd.png","contentUrl":"https:\/\/eladd.org\/en\/wp-content\/uploads\/sites\/2\/2025\/07\/logo-eladd.png","width":324,"height":77,"caption":"Eladd En"},"image":{"@id":"https:\/\/eladd.org\/en\/#\/schema\/logo\/image\/"}}]}},"_links":{"self":[{"href":"https:\/\/eladd.org\/en\/wp-json\/wp\/v2\/pages\/62","targetHints":{"allow":["GET"]}}],"collection":[{"href":"https:\/\/eladd.org\/en\/wp-json\/wp\/v2\/pages"}],"about":[{"href":"https:\/\/eladd.org\/en\/wp-json\/wp\/v2\/types\/page"}],"author":[{"embeddable":true,"href":"https:\/\/eladd.org\/en\/wp-json\/wp\/v2\/users\/1"}],"replies":[{"embeddable":true,"href":"https:\/\/eladd.org\/en\/wp-json\/wp\/v2\/comments?post=62"}],"version-history":[{"count":16,"href":"https:\/\/eladd.org\/en\/wp-json\/wp\/v2\/pages\/62\/revisions"}],"predecessor-version":[{"id":24764,"href":"https:\/\/eladd.org\/en\/wp-json\/wp\/v2\/pages\/62\/revisions\/24764"}],"up":[{"embeddable":true,"href":"https:\/\/eladd.org\/en\/wp-json\/wp\/v2\/pages\/38"}],"wp:attachment":[{"href":"https:\/\/eladd.org\/en\/wp-json\/wp\/v2\/media?parent=62"}],"curies":[{"name":"wp","href":"https:\/\/api.w.org\/{rel}","templated":true}]}}