{"id":71,"date":"2014-07-02T19:30:10","date_gmt":"2014-07-02T19:30:10","guid":{"rendered":"https:\/\/eladd.org\/en\/?page_id=71"},"modified":"2025-11-12T03:09:24","modified_gmt":"2025-11-12T03:09:24","slug":"rosa-guerra","status":"publish","type":"page","link":"https:\/\/eladd.org\/en\/popular-authors\/rosa-guerra\/","title":{"rendered":"Rosa Guerra"},"content":{"rendered":"<div class=\"wpb-content-wrapper\">[vc_row full_width=&#8221;stretch_row&#8221; css=&#8221;.vc_custom_1762916951698{background-position: center !important;background-repeat: no-repeat !important;background-size: cover !important;}&#8221;][vc_column][vc_column_text el_class=&#8221;autoras__titulo&#8221;]\n<h2 style=\"text-align: center;\">Rosa Guerra<\/h2>\n<p style=\"text-align: center;\"><img loading=\"lazy\" decoding=\"async\" class=\"size-full wp-image-1816 aligncenter\" src=\"\/\/eladd.org\/wp-content\/uploads\/2015\/09\/icon-space.png\" alt=\"icon-space\" width=\"150\" height=\"8\" \/><\/p>\n[\/vc_column_text][\/vc_column][\/vc_row][vc_row full_width=&#8221;stretch_row&#8221; el_id=&#8221;cuerpo&#8221; css=&#8221;.vc_custom_1762916958547{background-position: center !important;background-repeat: no-repeat !important;background-size: cover !important;}&#8221;][vc_column][vc_column_text el_class=&#8221;autoras__texto&#8221;]\n<div id=\"content-n\">\n<div class=\"img\"><img decoding=\"async\" class=\"alignright\" src=\"https:\/\/eladd.org\/wp-content\/uploads\/2014\/02\/rosa-guerra1.png\" alt=\"rosa-guerra\" \/><\/div>\n<div class=\"content_text\">\n<p class=\"no-indent\" style=\"color: #444444;\">* A full biographical essay is available in Spanish in ELADD ESPA\u00d1OL under this author\u2019s name.<\/p>\n<p class=\"no-indent\"><strong>Pseudonym:<\/strong>\u00a0Cecilia<\/p>\n<p class=\"no-indent\"><strong>Author\u2019s Works: Original and Edited (Works are listed in chronological order)<\/strong><\/p>\n<p>Note &#8211; During the nineteenth century most newspapers and magazines for women were written by men for the female elites. The titles with (*) represent the author\u2019s contributions in the advancement and participation of women in literature.<\/p>\n<p>(11 abril 1852 \u2013 20 junio 1852*).\u00a0<em>La Camelia. Buenos Aires.<\/em><\/p>\n<p>&#8212;, comp. Francine Masiello.\u00a0<em>La Camelia (1852).\u201d La mujer y el espacio p\u00fablico. El periodismo femenino en la Argentina del siglo XIX.<\/em>Buenos Aires: Feminaria Editora, 1994. 30-52.<\/p>\n<p>(24 julio 1852 \u2013 11 sept. 1852*).\u00a0<em>La Educaci\u00f3n, Peri\u00f3dico Religioso, Po\u00e9tico y Literario.<\/em>\u00a0Buenos Aires.<\/p>\n<p>(1860).\u00a0<em>Luc\u00eda Miranda.<\/em>\u00a0Buenos Aires: Imprenta Nacional.<\/p>\n<p>&#8212;, pr\u00f3l. Jos\u00e9 Mar\u00eda Monner. Buenos Aires: Editorial de la U. de Buenos Aires, 1956.<\/p>\n<p>&#8212;, Biblioteca Virtual Miguel de Cervantes, 2000. Web. 5 Jun 2013.<\/p>\n<p>&#8212;, pr\u00f3l. Paula Jim\u00e9nez. C\u00f3rdoba: Editorial Buena Vista, 2011.<\/p>\n<p>(1862).\u00a0<em>Clemencia: drama original en verso y en tres actos.<\/em>\u00a0Buenos Aires: Imprenta y Litograf\u00eda de Bernheim y Boneo.<\/p>\n<p>(1863).<em>Julia \u00f3 la educaci\u00f3n.<\/em>\u00a0Buenos Aires: El Mercado.<\/p>\n<p>(1864).\u00a0<em>Desahogos del coraz\u00f3n.<\/em>\u00a0Buenos Aires: Imprenta de la Sociedad Tipogr\u00e1fica Bonaerense.<\/p>\n<p class=\"no-indent\"><strong style=\"color: black;\">Critical Works (Reference Materials, Books, Book Chapters, Journal Articles, Encyclopedias, Theses\/Dissertations, Media and Internet Sources)<\/strong><\/p>\n<p>Arambel- Gui\u00f1az\u00fa, Mar\u00eda Cristina y Claire Emilie Martin. &#8220;Rosa Guerra y Eduarda Mansilla.&#8221;\u00a0<em>Las mujeres toman la palabra. Escritura femenina del siglo XIX.<\/em>Tomo 1. Madrid: Iberoamericana, 2001. 165-70.<\/p>\n<p>Auza, N\u00e9stor Tom\u00e1s.\u00a0<em>&#8220;La Camelia<\/em>. La resurrecci\u00f3n del periodismo femenino.&#8221;\u00a0<em>Periodismo y feminismo en la Argentina, 1830-1930.<\/em>\u00a0Buenos Aires: Emec\u00e9 Editores, 1988. 162-79.<\/p>\n<p>&#8212;,\u00a0<em>&#8220;La Educaci\u00f3n<\/em>\u00a0. Un programa para educar a la mujer argentina.&#8221;\u00a0<em>Periodismo y feminismo en la Argentina,<\/em>\u00a01830-1930. Buenos Aires: Emec\u00e9 Editores, 1988. 180-93.<\/p>\n<p>Bajini, Irina Matilde. &#8220;El rescate femenino en el teatro hispanoamericano del siglo 19: el caso de la Perricholi en El Per\u00fa y de Trinidad Barrera y Rosa Guerra en La Argentina.\u201d\u00a0<em>Presentaci\u00f3n en el congreso de Mujeres y emancipaci\u00f3n de la Am\u00e9rica Latina y el Caribe en los siglos 19 y 20. Febrero 2011.<\/em><\/p>\n<p>Barrales, Mat\u00edas. \u201cLuc\u00eda Miranda y los modos de representaci\u00f3n de la mujer blanca, en la Argentina Historial (1612), de Ruy D\u00edaz de Guzm\u00e1n y la novela hom\u00f3nima de Rosa Guerra.\u201d<em>La distorsi\u00f3n del espejo: estrategias de la representaci\u00f3n en textos de literatura argentina y comparadas.<\/em>\u00a0Comp. Mar\u00eda Minellono. Buenos Aires: Ediciones al Margen, 2008. 129-50.<\/p>\n<p>Barrancos, Dora. \u201cSociedad, mujeres y feministas desde fines del XIX y primeras d\u00e9cadas del XX.\u201d\u00a0<em>Mujeres, entre la casa y la plaza.<\/em>\u00a0Buenos Aires: Editorial Sudamericana, 2008. 29-47.<\/p>\n<p>Barroso, Silvina. &#8220;La novela hist\u00f3rico-sentimental argentina (en su emergente) del siglo XIX como dispositivo de lectura de representaciones de g\u00e9nero.&#8221;<em>Mujeres en cuesti\u00f3n. Escrituras ideolog\u00edas y cuerpos.<\/em>\u00a0Comp. Biblioteca Nacional. Buenos Aires: Editorial Teseo, 2012. 13-96.<\/p>\n<p>C\u00e1rcamo, Luis Ernesto. \u201cCuerpos que (se) queman: mujer, indio y propiedad sexo-cultural en Rosa Guerra.\u201d\u00a0<em>Sexualidad y naci\u00f3n.<\/em>\u00a0Ed. Daniel Balderston. Pittsburgh: Instituto Internacional de Literatura Iberoamericana, U. de Pittsburgh, 2000. 27-42.<\/p>\n<p>C\u00f3freces, Javier, Gabriela Franco, y Eduardo Mileo, comp.\u00a0<em>Primeras poetas argentinas.<\/em>\u00a0Buenos Aires: Ediciones en Danza, 2009. 101-03.<\/p>\n<p>Culver, Melissa Mar\u00eda.\u00a0<em>Problemas de la novela escrita por mujer en Espa\u00f1a e Hispanoam\u00e9rica (1833-1918): estudios de caso. Diss.<\/em>\u00a0State U of NY at Stony Brook, 2010. Ann Arbor: UMI, 2010.<\/p>\n<p>Fletcher, Lea. &#8220;Hitos en el periodismo de mujeres argentinas: 1830- 2007.&#8221;\u00a0<em>Las palabras tienen sexo. Introducci\u00f3n a un periodismo con perspectiva de g\u00e9nero.<\/em>\u00a0Comps. Sandra Chaher y Sonia Santoro. Buenos Aires: Artemisa Comunicaciones Ediciones, 2007. 78-94.<\/p>\n<p>Forcinito, Ana. \u201cCautiverios sospechosos en las puertas de la conquista del desierto: Luc\u00eda Miranda, de Rosa Guerra.\u201d Cr\u00edtica Hisp\u00e1nica 33.1 (2011): 37-63. Web. 30 Apr. 2013.<\/p>\n<p>Forcinito, Ana. \u201cCautiverios sospechosos en las puertas de la conquista del desierto:\u00a0<em>Luc\u00eda Miranda, de Rosa Guerra.\u201d Cr\u00edtica Hisp\u00e1nica<\/em>\u00a033.1 (2011): 37-63. Web. 30 Apr. 2013.<\/p>\n<p>Fredrick, Bonnie.\u00a0<em>&#8220;La Camelia<\/em>\u00a0and Patriotic Self-Sacrifice.&#8221;\u00a0<em>Wily Modesty: Argentine Women Writers, 1860-1910.<\/em>\u00a0Tempe: ASU Center for Latin American Studies Press, 1998. 18- 20.<\/p>\n<p>&#8212;, &#8220;A Foremother of Destiny: Luc\u00eda Miranda.&#8221;\u00a0<em>Wily Modesty: Argentine Women Writers, 1860-1910.<\/em>\u00a0Tempe: ASU Center for Latin American Studies Press, 1998. 86-88.<\/p>\n<p>Grau-Llevar\u00eda, Elena. \u201cNovelando mujeres sujeto: el idealismo rom\u00e1ntico en\u00a0<em>Luc\u00eda Miranda\u00a0<\/em>de Rosa Guerra.\u201d\u00a0<em>Hispan\u00f3fila<\/em>\u00a0165 (2012): 87-100.<\/p>\n<p>Grillo, Rosa Mar\u00eda. \u201cLuc\u00eda Miranda.\u201d\u00a0<em>Escribir la historia: descubrimiento y conquista en la novela hist\u00f3rica de los siglos XIX y XX.<\/em>\u00a0Colecci\u00f3n Cuadernos de Am\u00e9rica sin nombre. Alicante: U de Alicante, 2010. 203-24.<\/p>\n<p>Hallstead, Susan. Fashion Nation:\u00a0<em>The politics of dress and gender in 19th century Argentine journalism (1829- 1880).<\/em>\u00a0Diss. U of Pittsburgh, 2005. Ann Arbor: UMI, 2005.<\/p>\n<p>Hanway, Nancy. &#8220;Valuable White Property:\u00a0<em>Luc\u00eda Miranda<\/em>\u00a0and National Space.&#8221;\u00a0<em>Chasqu\u00ed<\/em>\u00a030.1 (2001): 115-30.<\/p>\n<p>&#8212;, &#8220;Valuable White Property: Two Versions of the Myth\u00a0<em>Luc\u00eda Miranda.&#8221; Embodying Argentina: body, space, and nation in 19th century narrative.\u00a0<\/em>NC: McFarland &amp; Company Incorporated Pub, 2003. 85-121.<\/p>\n<p>Ini, C. Mar\u00eda Gabriela. \u201cRosa Guerra y Luc\u00eda Miranda: las mujeres cautivas.\u201d\u00a0<em>Mujeres y cultura en la Argentina del siglo XIX.<\/em>\u00a0Comp. Lea Fletcher. Buenos Aires: Feminaria Editora, 1994. 127-33.<\/p>\n<p>Keizman, Betina. &#8220;Le Mythe de la Captive dans La Litt\u00e9rature Argentine.&#8221;\u00a0<em>Pandora: Revue d\u2019Etudes Hispaniques 5<\/em>\u00a0(2005): 243-50. Web. 29 Apr. 2013.<\/p>\n<p>Landrus, Vanesa Mar\u00eda. \u201cAlteridad, ciudadan\u00eda y pol\u00edtica nacional en el periodismo femenino argentino.\u201d\u00a0<em>Retomando la palabra. Las pioneras del XIX en di\u00e1logo con la cr\u00edtica contempor\u00e1nea.<\/em>\u00a0Eds. Claire Emilie Martin y Mar\u00eda Nelly Goswitz. Madrid: Iberoamericana, 2012. 129-45.<\/p>\n<p>&#8212;.\u00a0<em>La prensa femenina Argentina del siglo XIX y la construcci\u00f3n de un imaginario nacional.<\/em>\u00a0Diss. U of Illinois at Urbana-Champaign, 2007. Ann Arbor: UMI, 2007.<\/p>\n<p>Langa Pizarro, Mar. &#8220;La gran figura silenciada: la mujer en el primer siglo de la conquista Rioplatense.&#8221;\u00a0<em>Am\u00e9rica sin nombre<\/em>\u00a09-10 (2007):109-22. Web. 30 Apr. 2013.<\/p>\n<p>Lehman, Kathryn. \u201cNaturaleza y cuerpo femenino en dos narrativas argentinas de origen nacional.\u201d<em>Revista Iberoamericana<\/em>\u00a070.206 (2004): 117-24.<\/p>\n<p>Lojo, Mar\u00eda Rosa. \u201cEscritoras argentinas (siglo XIX) y etnias abor\u00edgenes del Cono Sur.\u201d\u00a0<em>La mujer en la literatura del mundo hisp\u00e1nico.<\/em>\u00a0Tomo VI. Ed. Juana Alcira Arancibia. Buenos Aires: Instituto Literario y Cultural Hisp\u00e1nico, 2005. 43-63.<\/p>\n<p>&#8212;,\u00a0ed. \u201cIntroducci\u00f3n\u201d a Eduarda Mansilla,\u00a0<em>Luc\u00eda Miranda.<\/em>\u00a0Madrid: Iberoamericana, 2007. 11-87.<\/p>\n<p>&#8212;, &#8212;. \u201cLuc\u00eda Miranda: un mito de origen protonacional en varias lenguas, castellano, lat\u00edn, franc\u00e9s, e ingl\u00e9s.\u201d\u00a0<em>Letras (Universidad Cat\u00f3lica Argentina)<\/em>\u00a055-56 (2007): 109-32. Web. 27 Apr. 2013.<\/p>\n<p>Lichtblau, Myron. \u201cEl tema de Luc\u00eda Miranda en la novela Argentina.\u201d\u00a0<em>.\u201d Armas y Letras\u00a0<\/em>2 (1959): 23-31. Web. 20 May. 2013.<\/p>\n<p>Loureira, Isabela Roque. \u201cA figura feminina em Lucia Miranda, de Rosa Guerra.\u201d<em>Actas de: Congresso Brasileiro de Hispanistas e I Congresso Internacional da Associa\u00e7\u00e3o Brasileira de Hispanistas, Belo Horizonte, Faculdade de Letras da Universidade Federal de Minas Gerais.\u00a0<\/em>Vol. 1. 2009. 1076-84.<\/p>\n<p>Masiello, Francine. Entre civilizaci\u00f3n y barbarie. Mujeres, naci\u00f3n, y cultura literaria en la Argentina moderna. Rosario: Beatriz Viterbo Editora, 1997.<\/p>\n<p>&#8212;.<em>&#8212;. Between Civilization and Barbarism. Women, Nation, and Literary Culture in Modern Argentina.\u00a0<\/em>Lincoln: U of Nebraska Press, 1992<\/p>\n<p>Mataix, Remedios. &#8220;Romanticismo, feminidad e imaginarios nacionales. Las \u2018Luc\u00eda Miranda\u2019 de Rosa Guerra y Eduarda Mansilla.&#8221;\u00a0<em>R\u00edo de la Plata<\/em>\u00a029-30 (2006): 209-29. Web. 16 Apr. 2013.<\/p>\n<p>Molina, Hebe Beatriz. &#8220;Los espa\u00f1oles en Las &#8216;Luc\u00eda Miranda&#8217; (1860).&#8221;<em>Actas del III Congreso Argentino de Hispanistas &#8216;Espa\u00f1a en Am\u00e9rica y Am\u00e9rica en Espa\u00f1a&#8217;, 19-23 de Mayo del 1992.\u00a0<\/em>Comps. Luis Mart\u00ednez Cuitino, Elida Lois y Instituto de Filolog\u00eda y Literaturas Hisp\u00e1nicas \u2018Dr. Amado Alonso.\u2019 Buenos Aires: Inst. de Filolog\u00eda y Literaturas Hisp\u00e1nicas, Fac. de Filosof\u00eda y Letras, U de Buenos Aires, 1993. 694-701.<\/p>\n<p>Rojas, Ricardo. \u201cCap\u00edtulo XVIII. Las mujeres escritoras.\u201d\u00a0<em>Historia de la literatura argentina; ensayo filos\u00f3fico sobre la evoluci\u00f3n de la cultura en El Plata. 2, Los Modernos.\u00a0<\/em>Buenos Aires: Editorial Guillermo Kraft Limitada, 1960. 474-93.<\/p>\n<p>Rotker, Susana. \u201cLuc\u00eda Miranda: negaci\u00f3n y violencia del origen.\u201d\u00a0<em>Revista Iberoamericana\u00a0<\/em>63.178-179 (1997): 115-28.<\/p>\n<p>&#8212;. \u201cThe Return of the Forbidden: The Women Writers.\u201d\u00a0<em>Captive Women: Oblivion and Memory in Argentina.<\/em>\u00a0Vol. 10. Cultural Studies of the Americas. Minneapolis: U of Minnesota Press, 2002. 98-117.<\/p>\n<p>Saporta Sternbach, Nancy. \u201c\u2018Mejorar la condici\u00f3n de mi secso\u2019: The Essays of Rosa Guerra.\u201d\u00a0<em>Reinterpreting the Spanish American Essay: Women Writers of the Nineteenth and Twentieth Centuries.\u00a0<\/em>Ed. Doris Meyer. Austin: U of Texas Press, 1995. 46-56.<\/p>\n<p>Seibel, Beatriz. \u201c1862: La primera dramaturga: Rosa Guerra.\u201d\u00a0<em>Historia del teatro argentino: desde los rituales hasta 1930.\u00a0<\/em>Buenos Aires: Corregidor, 2002. 151.<\/p>\n<p>&#8212;. \u201cRosa Guerra, una maestra.\u201d\u00a0<em>Todo es Historia\u00a0<\/em>31.358 (1997): 64-65. Web. 15 Apr. 2013.<\/p>\n<p>Sosa, Carlos Hern\u00e1n. \u201cEn los umbrales del texto: pr\u00f3logos y legitimaciones, dedicatorias y complicidades (notas sobre el uso del paratexto en algunas escritoras argentinas del siglo XIX.)\u201d Verba Hisp\u00e1nica 13 (2005): 59-68.<\/p>\n<p>Sosa de Newton, Lily, comp.\u00a0<em>Narradoras argentinas<\/em>\u00a0(1852-1932). Buenos Aires: Editorial Plus Ultra, 1995. 31-38.<\/p>\n<p>&#8212;. \u201cLas periodistas.\u201d\u00a0<em>Cuadernos Hispanoamericanos\u00a0<\/em>639 (2003): 13-21. Web. 27 Apr. 2013.<\/p>\n<p>Sylvester, Hugo L.\u00a0<em>\u201cLuc\u00eda Miranda,\u00a0<\/em>leyenda y literatura.\u201d\u00a0<em>Todo es Historia<\/em>\u00a012.155 (1980): 28-39. Web. 20 May. 2013.<\/p>\n<p>&nbsp;<\/p><\/div>\n<div class=\"img2\"><img loading=\"lazy\" decoding=\"async\" class=\"alignnone size-full wp-image-608\" src=\"https:\/\/eladd.org\/wp-content\/uploads\/2014\/02\/logo-footer-2.png\" alt=\"logo-footer-2\" width=\"260\" height=\"70\" \/><\/div>\n<\/div>\n[\/vc_column_text][vc_single_image image=&#8221;660&#8243; alignment=&#8221;center&#8221; css=&#8221;.vc_custom_1446670823436{margin-top: 35px !important;}&#8221;][\/vc_column][\/vc_row]\n<\/div>","protected":false},"excerpt":{"rendered":"<p>[vc_row full_width=&rdquo;stretch_row&rdquo; css=&rdquo;.vc_custom_1762916951698{background-position: center !important;background-repeat: no-repeat !important;background-size: cover !important;}&rdquo;][vc_column][vc_column_text el_class=&rdquo;autoras__titulo&rdquo;] Rosa Guerra [\/vc_column_text][\/vc_column][\/vc_row][vc_row full_width=&rdquo;stretch_row&rdquo; el_id=&rdquo;cuerpo&rdquo; css=&rdquo;.vc_custom_1762916958547{background-position: center !important;background-repeat: no-repeat !important;background-size: cover !important;}&rdquo;][vc_column][vc_column_text el_class=&rdquo;autoras__texto&rdquo;] * A full biographical essay is available in Spanish in ELADD ESPA&Ntilde;OL under this author&rsquo;s name. Pseudonym:&nbsp;Cecilia&hellip;<\/p>\n","protected":false},"author":1,"featured_media":0,"parent":38,"menu_order":0,"comment_status":"closed","ping_status":"closed","template":"","meta":{"footnotes":""},"class_list":["post-71","page","type-page","status-publish","hentry","entry","no-media"],"yoast_head":"<!-- This site is optimized with the Yoast SEO plugin v26.1.1 - https:\/\/yoast.com\/wordpress\/plugins\/seo\/ -->\n<title>Rosa Guerra - Eladd En<\/title>\n<meta name=\"robots\" content=\"index, follow, max-snippet:-1, max-image-preview:large, max-video-preview:-1\" \/>\n<link rel=\"canonical\" href=\"https:\/\/eladd.org\/en\/popular-authors\/rosa-guerra\/\" \/>\n<meta property=\"og:locale\" content=\"en_US\" \/>\n<meta property=\"og:type\" content=\"article\" \/>\n<meta property=\"og:title\" content=\"Rosa Guerra - Eladd En\" \/>\n<meta property=\"og:description\" content=\"[vc_row full_width=&rdquo;stretch_row&rdquo; css=&rdquo;.vc_custom_1762916951698{background-position: center !important;background-repeat: no-repeat !important;background-size: cover !important;}&rdquo;][vc_column][vc_column_text el_class=&rdquo;autoras__titulo&rdquo;] Rosa Guerra [\/vc_column_text][\/vc_column][\/vc_row][vc_row full_width=&rdquo;stretch_row&rdquo; el_id=&rdquo;cuerpo&rdquo; css=&rdquo;.vc_custom_1762916958547{background-position: center !important;background-repeat: no-repeat !important;background-size: cover !important;}&rdquo;][vc_column][vc_column_text el_class=&rdquo;autoras__texto&rdquo;] * A full biographical essay is available in Spanish in ELADD ESPA&Ntilde;OL under this author&rsquo;s name. Pseudonym:&nbsp;Cecilia&hellip;\" \/>\n<meta property=\"og:url\" content=\"https:\/\/eladd.org\/en\/popular-authors\/rosa-guerra\/\" \/>\n<meta property=\"og:site_name\" content=\"Eladd En\" \/>\n<meta property=\"article:modified_time\" content=\"2025-11-12T03:09:24+00:00\" \/>\n<meta property=\"og:image\" content=\"https:\/\/eladd.org\/wp-content\/uploads\/2014\/02\/rosa-guerra1.png\" \/>\n<meta name=\"twitter:card\" content=\"summary_large_image\" \/>\n<meta name=\"twitter:label1\" content=\"Est. reading time\" \/>\n\t<meta name=\"twitter:data1\" content=\"8 minutes\" \/>\n<script type=\"application\/ld+json\" class=\"yoast-schema-graph\">{\"@context\":\"https:\/\/schema.org\",\"@graph\":[{\"@type\":\"WebPage\",\"@id\":\"https:\/\/eladd.org\/en\/popular-authors\/rosa-guerra\/\",\"url\":\"https:\/\/eladd.org\/en\/popular-authors\/rosa-guerra\/\",\"name\":\"Rosa Guerra - Eladd En\",\"isPartOf\":{\"@id\":\"https:\/\/eladd.org\/en\/#website\"},\"primaryImageOfPage\":{\"@id\":\"https:\/\/eladd.org\/en\/popular-authors\/rosa-guerra\/#primaryimage\"},\"image\":{\"@id\":\"https:\/\/eladd.org\/en\/popular-authors\/rosa-guerra\/#primaryimage\"},\"thumbnailUrl\":\"https:\/\/eladd.org\/wp-content\/uploads\/2014\/02\/rosa-guerra1.png\",\"datePublished\":\"2014-07-02T19:30:10+00:00\",\"dateModified\":\"2025-11-12T03:09:24+00:00\",\"breadcrumb\":{\"@id\":\"https:\/\/eladd.org\/en\/popular-authors\/rosa-guerra\/#breadcrumb\"},\"inLanguage\":\"en-US\",\"potentialAction\":[{\"@type\":\"ReadAction\",\"target\":[\"https:\/\/eladd.org\/en\/popular-authors\/rosa-guerra\/\"]}]},{\"@type\":\"ImageObject\",\"inLanguage\":\"en-US\",\"@id\":\"https:\/\/eladd.org\/en\/popular-authors\/rosa-guerra\/#primaryimage\",\"url\":\"https:\/\/eladd.org\/wp-content\/uploads\/2014\/02\/rosa-guerra1.png\",\"contentUrl\":\"https:\/\/eladd.org\/wp-content\/uploads\/2014\/02\/rosa-guerra1.png\"},{\"@type\":\"BreadcrumbList\",\"@id\":\"https:\/\/eladd.org\/en\/popular-authors\/rosa-guerra\/#breadcrumb\",\"itemListElement\":[{\"@type\":\"ListItem\",\"position\":1,\"name\":\"Home\",\"item\":\"https:\/\/eladd.org\/en\/\"},{\"@type\":\"ListItem\",\"position\":2,\"name\":\"Popular Authors\",\"item\":\"https:\/\/eladd.org\/en\/popular-authors\/\"},{\"@type\":\"ListItem\",\"position\":3,\"name\":\"Rosa Guerra\"}]},{\"@type\":\"WebSite\",\"@id\":\"https:\/\/eladd.org\/en\/#website\",\"url\":\"https:\/\/eladd.org\/en\/\",\"name\":\"Eladd En\",\"description\":\"Ninteenth-Century Latin American Women Writers\",\"publisher\":{\"@id\":\"https:\/\/eladd.org\/en\/#organization\"},\"potentialAction\":[{\"@type\":\"SearchAction\",\"target\":{\"@type\":\"EntryPoint\",\"urlTemplate\":\"https:\/\/eladd.org\/en\/?s={search_term_string}\"},\"query-input\":{\"@type\":\"PropertyValueSpecification\",\"valueRequired\":true,\"valueName\":\"search_term_string\"}}],\"inLanguage\":\"en-US\"},{\"@type\":\"Organization\",\"@id\":\"https:\/\/eladd.org\/en\/#organization\",\"name\":\"Eladd En\",\"url\":\"https:\/\/eladd.org\/en\/\",\"logo\":{\"@type\":\"ImageObject\",\"inLanguage\":\"en-US\",\"@id\":\"https:\/\/eladd.org\/en\/#\/schema\/logo\/image\/\",\"url\":\"https:\/\/eladd.org\/en\/wp-content\/uploads\/sites\/2\/2025\/07\/logo-eladd.png\",\"contentUrl\":\"https:\/\/eladd.org\/en\/wp-content\/uploads\/sites\/2\/2025\/07\/logo-eladd.png\",\"width\":324,\"height\":77,\"caption\":\"Eladd En\"},\"image\":{\"@id\":\"https:\/\/eladd.org\/en\/#\/schema\/logo\/image\/\"}}]}<\/script>\n<!-- \/ Yoast SEO plugin. -->","yoast_head_json":{"title":"Rosa Guerra - Eladd En","robots":{"index":"index","follow":"follow","max-snippet":"max-snippet:-1","max-image-preview":"max-image-preview:large","max-video-preview":"max-video-preview:-1"},"canonical":"https:\/\/eladd.org\/en\/popular-authors\/rosa-guerra\/","og_locale":"en_US","og_type":"article","og_title":"Rosa Guerra - Eladd En","og_description":"[vc_row full_width=&rdquo;stretch_row&rdquo; css=&rdquo;.vc_custom_1762916951698{background-position: center !important;background-repeat: no-repeat !important;background-size: cover !important;}&rdquo;][vc_column][vc_column_text el_class=&rdquo;autoras__titulo&rdquo;] Rosa Guerra [\/vc_column_text][\/vc_column][\/vc_row][vc_row full_width=&rdquo;stretch_row&rdquo; el_id=&rdquo;cuerpo&rdquo; css=&rdquo;.vc_custom_1762916958547{background-position: center !important;background-repeat: no-repeat !important;background-size: cover !important;}&rdquo;][vc_column][vc_column_text el_class=&rdquo;autoras__texto&rdquo;] * A full biographical essay is available in Spanish in ELADD ESPA&Ntilde;OL under this author&rsquo;s name. Pseudonym:&nbsp;Cecilia&hellip;","og_url":"https:\/\/eladd.org\/en\/popular-authors\/rosa-guerra\/","og_site_name":"Eladd En","article_modified_time":"2025-11-12T03:09:24+00:00","og_image":[{"url":"https:\/\/eladd.org\/wp-content\/uploads\/2014\/02\/rosa-guerra1.png","type":"","width":"","height":""}],"twitter_card":"summary_large_image","twitter_misc":{"Est. reading time":"8 minutes"},"schema":{"@context":"https:\/\/schema.org","@graph":[{"@type":"WebPage","@id":"https:\/\/eladd.org\/en\/popular-authors\/rosa-guerra\/","url":"https:\/\/eladd.org\/en\/popular-authors\/rosa-guerra\/","name":"Rosa Guerra - Eladd En","isPartOf":{"@id":"https:\/\/eladd.org\/en\/#website"},"primaryImageOfPage":{"@id":"https:\/\/eladd.org\/en\/popular-authors\/rosa-guerra\/#primaryimage"},"image":{"@id":"https:\/\/eladd.org\/en\/popular-authors\/rosa-guerra\/#primaryimage"},"thumbnailUrl":"https:\/\/eladd.org\/wp-content\/uploads\/2014\/02\/rosa-guerra1.png","datePublished":"2014-07-02T19:30:10+00:00","dateModified":"2025-11-12T03:09:24+00:00","breadcrumb":{"@id":"https:\/\/eladd.org\/en\/popular-authors\/rosa-guerra\/#breadcrumb"},"inLanguage":"en-US","potentialAction":[{"@type":"ReadAction","target":["https:\/\/eladd.org\/en\/popular-authors\/rosa-guerra\/"]}]},{"@type":"ImageObject","inLanguage":"en-US","@id":"https:\/\/eladd.org\/en\/popular-authors\/rosa-guerra\/#primaryimage","url":"https:\/\/eladd.org\/wp-content\/uploads\/2014\/02\/rosa-guerra1.png","contentUrl":"https:\/\/eladd.org\/wp-content\/uploads\/2014\/02\/rosa-guerra1.png"},{"@type":"BreadcrumbList","@id":"https:\/\/eladd.org\/en\/popular-authors\/rosa-guerra\/#breadcrumb","itemListElement":[{"@type":"ListItem","position":1,"name":"Home","item":"https:\/\/eladd.org\/en\/"},{"@type":"ListItem","position":2,"name":"Popular Authors","item":"https:\/\/eladd.org\/en\/popular-authors\/"},{"@type":"ListItem","position":3,"name":"Rosa Guerra"}]},{"@type":"WebSite","@id":"https:\/\/eladd.org\/en\/#website","url":"https:\/\/eladd.org\/en\/","name":"Eladd En","description":"Ninteenth-Century Latin American Women Writers","publisher":{"@id":"https:\/\/eladd.org\/en\/#organization"},"potentialAction":[{"@type":"SearchAction","target":{"@type":"EntryPoint","urlTemplate":"https:\/\/eladd.org\/en\/?s={search_term_string}"},"query-input":{"@type":"PropertyValueSpecification","valueRequired":true,"valueName":"search_term_string"}}],"inLanguage":"en-US"},{"@type":"Organization","@id":"https:\/\/eladd.org\/en\/#organization","name":"Eladd En","url":"https:\/\/eladd.org\/en\/","logo":{"@type":"ImageObject","inLanguage":"en-US","@id":"https:\/\/eladd.org\/en\/#\/schema\/logo\/image\/","url":"https:\/\/eladd.org\/en\/wp-content\/uploads\/sites\/2\/2025\/07\/logo-eladd.png","contentUrl":"https:\/\/eladd.org\/en\/wp-content\/uploads\/sites\/2\/2025\/07\/logo-eladd.png","width":324,"height":77,"caption":"Eladd En"},"image":{"@id":"https:\/\/eladd.org\/en\/#\/schema\/logo\/image\/"}}]}},"_links":{"self":[{"href":"https:\/\/eladd.org\/en\/wp-json\/wp\/v2\/pages\/71","targetHints":{"allow":["GET"]}}],"collection":[{"href":"https:\/\/eladd.org\/en\/wp-json\/wp\/v2\/pages"}],"about":[{"href":"https:\/\/eladd.org\/en\/wp-json\/wp\/v2\/types\/page"}],"author":[{"embeddable":true,"href":"https:\/\/eladd.org\/en\/wp-json\/wp\/v2\/users\/1"}],"replies":[{"embeddable":true,"href":"https:\/\/eladd.org\/en\/wp-json\/wp\/v2\/comments?post=71"}],"version-history":[{"count":9,"href":"https:\/\/eladd.org\/en\/wp-json\/wp\/v2\/pages\/71\/revisions"}],"predecessor-version":[{"id":24766,"href":"https:\/\/eladd.org\/en\/wp-json\/wp\/v2\/pages\/71\/revisions\/24766"}],"up":[{"embeddable":true,"href":"https:\/\/eladd.org\/en\/wp-json\/wp\/v2\/pages\/38"}],"wp:attachment":[{"href":"https:\/\/eladd.org\/en\/wp-json\/wp\/v2\/media?parent=71"}],"curies":[{"name":"wp","href":"https:\/\/api.w.org\/{rel}","templated":true}]}}