{"id":73,"date":"2014-07-02T19:31:35","date_gmt":"2014-07-02T19:31:35","guid":{"rendered":"https:\/\/eladd.org\/en\/?page_id=73"},"modified":"2025-11-12T03:10:11","modified_gmt":"2025-11-12T03:10:11","slug":"lastenia-larriva-de-llona","status":"publish","type":"page","link":"https:\/\/eladd.org\/en\/popular-authors\/lastenia-larriva-de-llona\/","title":{"rendered":"Lastenia Larriva de Llona"},"content":{"rendered":"<div class=\"wpb-content-wrapper\">[vc_row full_width=&#8221;stretch_row&#8221; tablet_fullwidth_cols=&#8221;&#8221; bg_style=&#8221;repeat&#8221; css=&#8221;.vc_custom_1762916990202{background-position: 0 0 !important;background-repeat: repeat !important;}&#8221;][vc_column][vc_column_text el_class=&#8221;autoras__titulo&#8221;]\n<h2 style=\"text-align: center;\">Lastenia Larriva de Llona<\/h2>\n<p style=\"text-align: center;\"><img loading=\"lazy\" decoding=\"async\" class=\"size-full wp-image-1816 aligncenter\" src=\"\/\/eladd.org\/wp-content\/uploads\/2015\/09\/icon-space.png\" alt=\"icon-space\" width=\"150\" height=\"8\" \/><\/p>\n[\/vc_column_text][\/vc_column][\/vc_row][vc_row full_width=&#8221;stretch_row&#8221; el_id=&#8221;cuerpo&#8221; css=&#8221;.vc_custom_1762917004249{background-position: center !important;background-repeat: no-repeat !important;background-size: cover !important;}&#8221;][vc_column][vc_column_text el_class=&#8221;autoras__texto&#8221;]\n<div class=\"img\"><img decoding=\"async\" class=\"alignright\" src=\"https:\/\/eladd.org\/wp-content\/uploads\/2014\/02\/lastenia_ll1.png\" alt=\"lastenia_ll\" \/><\/div>\n<p class=\"no-indent\"><strong>Also known as:<\/strong>\u00a0Lastenia Larriva, Lastenia Larriva de Liona, Lastenia Larriva y Negr\u00f3n, se\u00f1ora N. P. Llona de Llona, Lastenia Larriva de Lloda, Lastenia L. de Llona<\/p>\n<p class=\"no-indent\"><strong>Author\u2019s Works:\u00a0Original and Edited (Works are listed in chronological order)<\/strong><\/p>\n<p>(1888). Un drama singular. Guayaquil: Imprenta de la Naci\u00f3n.<\/p>\n<p>&#8212;.\u00a0<em>Un drama singular: historia de una familia; novela<\/em>. Obras completas. Vol. 3. Lima: Servicio Gr\u00e1fico del Ministerio de Guerra, 1920.<\/p>\n<p>(1889). La ciencia y la fe. Teatro Espa\u00f1ol. 291.5. Ser A. Guayaquil: Imprenta de La Naci\u00f3n.<\/p>\n<p>&#8212;. Par\u00eds: Librer\u00eda de la Vda. de C. Bouret, 1907.<\/p>\n<p>(1902).<em>\u00a0Fe, patria y hogar: colecci\u00f3n de poes\u00edas<\/em>. Lima: Librer\u00eda e Imprenta Gil.<\/p>\n<p>(1919).\u00a0<em>Cartas a mi hijo: psicolog\u00eda de la mujer<\/em>. Lima: s.n.<\/p>\n<p>(1919).\u00a0<em>Cuentos. Ser<\/em>. Obras Completas, Lastenia Larriva de Llona. Vol. 2. Lima: Imprenta del Estado, Mayor General del Ej\u00e9rcito.<\/p>\n<p class=\"no-indent\"><strong>Critical Works and Reference Materials (Books, Book Chapters, Journal Articles, Encyclopedias, Theses\/Dissertations, Media and Internet Sources)<\/strong><\/p>\n<p>Llona, Numa Pompilio.\u00a0<em>La estela de una vida: poemas l\u00edricos de Numa P. Llona<\/em>. Paris: Garnier Hermanos, 1893.<\/p>\n<p>Minardi, Giovanna, comp.\u00a0<em>Cuentas: narradoras peruanas del siglo XX<\/em>. Lima: Ediciones Flora Trist\u00e1n: Santo Oficio, 2000.<\/p>\n<p>Moscoso Cordero, Luc\u00eda.\u00a0<em>De cisnes dolientes a mujeres ilustradas: im\u00e1genes de mujeres a trav\u00e9s de la literatura, (1890-1920)<\/em>. Quito: Editorial Abya Yala, 1999.<\/p>\n<p>Parker, Belmont William, ed. \u201cLastenia Larriva de Llona.\u201d\u00a0<em>Hispanic Society of America. Peruvians Today<\/em>. Vol 2. Lima: Kraus Reprint, 1967. 18-20.<\/p>\n<p>Peluffo, Ana. \u201cDesencuentros de la sororidad republicana en el Per\u00fa de fin de siglo.\u201d\u00a0<em>Entre mujeres: colaboraciones, influencias e intertextualidades en la literatura y el arte latinoamericanos<\/em>. Comps. Mar\u00eda Claudia Andr\u00e9 y Patricia Rubio Santiago: RIL Editores, 2005. 141-154.<\/p>\n<p>Tauzin-Castellanos, Isabelle.<em>\u00a0Le Roman F\u00e9minin P\u00e9ruvien Pendant La Seconde Moiti\u00e9 Du XIX\u00e8me Si\u00e8cle<\/em>. Diss. Universit\u00e9 de Poitiers UFR de Langues Et Litt\u00e9ratures, 1990. n.p: N.p, 1989.<\/p>\n<div class=\"marca\"><\/div>\n<div class=\"img2\"><img loading=\"lazy\" decoding=\"async\" class=\"alignnone size-full wp-image-608\" src=\"https:\/\/eladd.org\/wp-content\/uploads\/2014\/02\/logo-footer-2.png\" alt=\"logo-footer-2\" width=\"260\" height=\"70\" \/><\/div>\n[\/vc_column_text][vc_single_image image=&#8221;660&#8243; alignment=&#8221;center&#8221; css=&#8221;.vc_custom_1446670823436{margin-top: 35px !important;}&#8221;][\/vc_column][\/vc_row]\n<\/div>","protected":false},"excerpt":{"rendered":"<p>[vc_row full_width=&rdquo;stretch_row&rdquo; tablet_fullwidth_cols=&rdquo;&rdquo; bg_style=&rdquo;repeat&rdquo; css=&rdquo;.vc_custom_1762916990202{background-position: 0 0 !important;background-repeat: repeat !important;}&rdquo;][vc_column][vc_column_text el_class=&rdquo;autoras__titulo&rdquo;] Lastenia Larriva de Llona [\/vc_column_text][\/vc_column][\/vc_row][vc_row full_width=&rdquo;stretch_row&rdquo; el_id=&rdquo;cuerpo&rdquo; css=&rdquo;.vc_custom_1762917004249{background-position: center !important;background-repeat: no-repeat !important;background-size: cover !important;}&rdquo;][vc_column][vc_column_text el_class=&rdquo;autoras__texto&rdquo;] Also known as:&nbsp;Lastenia Larriva, Lastenia Larriva de Liona, Lastenia Larriva y Negr&oacute;n, se&ntilde;ora N.&hellip;<\/p>\n","protected":false},"author":1,"featured_media":0,"parent":38,"menu_order":0,"comment_status":"closed","ping_status":"closed","template":"","meta":{"footnotes":""},"class_list":["post-73","page","type-page","status-publish","hentry","entry","no-media"],"yoast_head":"<!-- This site is optimized with the Yoast SEO plugin v26.1.1 - https:\/\/yoast.com\/wordpress\/plugins\/seo\/ -->\n<title>Lastenia Larriva de Llona - Eladd En<\/title>\n<meta name=\"robots\" content=\"index, follow, max-snippet:-1, max-image-preview:large, max-video-preview:-1\" \/>\n<link rel=\"canonical\" href=\"https:\/\/eladd.org\/en\/popular-authors\/lastenia-larriva-de-llona\/\" \/>\n<meta property=\"og:locale\" content=\"en_US\" \/>\n<meta property=\"og:type\" content=\"article\" \/>\n<meta property=\"og:title\" content=\"Lastenia Larriva de Llona - Eladd En\" \/>\n<meta property=\"og:description\" content=\"[vc_row full_width=&rdquo;stretch_row&rdquo; tablet_fullwidth_cols=&rdquo;&rdquo; bg_style=&rdquo;repeat&rdquo; css=&rdquo;.vc_custom_1762916990202{background-position: 0 0 !important;background-repeat: repeat !important;}&rdquo;][vc_column][vc_column_text el_class=&rdquo;autoras__titulo&rdquo;] Lastenia Larriva de Llona [\/vc_column_text][\/vc_column][\/vc_row][vc_row full_width=&rdquo;stretch_row&rdquo; el_id=&rdquo;cuerpo&rdquo; css=&rdquo;.vc_custom_1762917004249{background-position: center !important;background-repeat: no-repeat !important;background-size: cover !important;}&rdquo;][vc_column][vc_column_text el_class=&rdquo;autoras__texto&rdquo;] Also known as:&nbsp;Lastenia Larriva, Lastenia Larriva de Liona, Lastenia Larriva y Negr&oacute;n, se&ntilde;ora N.&hellip;\" \/>\n<meta property=\"og:url\" content=\"https:\/\/eladd.org\/en\/popular-authors\/lastenia-larriva-de-llona\/\" \/>\n<meta property=\"og:site_name\" content=\"Eladd En\" \/>\n<meta property=\"article:modified_time\" content=\"2025-11-12T03:10:11+00:00\" \/>\n<meta property=\"og:image\" content=\"https:\/\/eladd.org\/wp-content\/uploads\/2014\/02\/lastenia_ll1.png\" \/>\n<meta name=\"twitter:card\" content=\"summary_large_image\" \/>\n<meta name=\"twitter:label1\" content=\"Est. reading time\" \/>\n\t<meta name=\"twitter:data1\" content=\"2 minutes\" \/>\n<script type=\"application\/ld+json\" class=\"yoast-schema-graph\">{\"@context\":\"https:\/\/schema.org\",\"@graph\":[{\"@type\":\"WebPage\",\"@id\":\"https:\/\/eladd.org\/en\/popular-authors\/lastenia-larriva-de-llona\/\",\"url\":\"https:\/\/eladd.org\/en\/popular-authors\/lastenia-larriva-de-llona\/\",\"name\":\"Lastenia Larriva de Llona - Eladd En\",\"isPartOf\":{\"@id\":\"https:\/\/eladd.org\/en\/#website\"},\"primaryImageOfPage\":{\"@id\":\"https:\/\/eladd.org\/en\/popular-authors\/lastenia-larriva-de-llona\/#primaryimage\"},\"image\":{\"@id\":\"https:\/\/eladd.org\/en\/popular-authors\/lastenia-larriva-de-llona\/#primaryimage\"},\"thumbnailUrl\":\"https:\/\/eladd.org\/wp-content\/uploads\/2014\/02\/lastenia_ll1.png\",\"datePublished\":\"2014-07-02T19:31:35+00:00\",\"dateModified\":\"2025-11-12T03:10:11+00:00\",\"breadcrumb\":{\"@id\":\"https:\/\/eladd.org\/en\/popular-authors\/lastenia-larriva-de-llona\/#breadcrumb\"},\"inLanguage\":\"en-US\",\"potentialAction\":[{\"@type\":\"ReadAction\",\"target\":[\"https:\/\/eladd.org\/en\/popular-authors\/lastenia-larriva-de-llona\/\"]}]},{\"@type\":\"ImageObject\",\"inLanguage\":\"en-US\",\"@id\":\"https:\/\/eladd.org\/en\/popular-authors\/lastenia-larriva-de-llona\/#primaryimage\",\"url\":\"https:\/\/eladd.org\/wp-content\/uploads\/2014\/02\/lastenia_ll1.png\",\"contentUrl\":\"https:\/\/eladd.org\/wp-content\/uploads\/2014\/02\/lastenia_ll1.png\"},{\"@type\":\"BreadcrumbList\",\"@id\":\"https:\/\/eladd.org\/en\/popular-authors\/lastenia-larriva-de-llona\/#breadcrumb\",\"itemListElement\":[{\"@type\":\"ListItem\",\"position\":1,\"name\":\"Home\",\"item\":\"https:\/\/eladd.org\/en\/\"},{\"@type\":\"ListItem\",\"position\":2,\"name\":\"Popular Authors\",\"item\":\"https:\/\/eladd.org\/en\/popular-authors\/\"},{\"@type\":\"ListItem\",\"position\":3,\"name\":\"Lastenia Larriva de Llona\"}]},{\"@type\":\"WebSite\",\"@id\":\"https:\/\/eladd.org\/en\/#website\",\"url\":\"https:\/\/eladd.org\/en\/\",\"name\":\"Eladd En\",\"description\":\"Ninteenth-Century Latin American Women Writers\",\"publisher\":{\"@id\":\"https:\/\/eladd.org\/en\/#organization\"},\"potentialAction\":[{\"@type\":\"SearchAction\",\"target\":{\"@type\":\"EntryPoint\",\"urlTemplate\":\"https:\/\/eladd.org\/en\/?s={search_term_string}\"},\"query-input\":{\"@type\":\"PropertyValueSpecification\",\"valueRequired\":true,\"valueName\":\"search_term_string\"}}],\"inLanguage\":\"en-US\"},{\"@type\":\"Organization\",\"@id\":\"https:\/\/eladd.org\/en\/#organization\",\"name\":\"Eladd En\",\"url\":\"https:\/\/eladd.org\/en\/\",\"logo\":{\"@type\":\"ImageObject\",\"inLanguage\":\"en-US\",\"@id\":\"https:\/\/eladd.org\/en\/#\/schema\/logo\/image\/\",\"url\":\"https:\/\/eladd.org\/en\/wp-content\/uploads\/sites\/2\/2025\/07\/logo-eladd.png\",\"contentUrl\":\"https:\/\/eladd.org\/en\/wp-content\/uploads\/sites\/2\/2025\/07\/logo-eladd.png\",\"width\":324,\"height\":77,\"caption\":\"Eladd En\"},\"image\":{\"@id\":\"https:\/\/eladd.org\/en\/#\/schema\/logo\/image\/\"}}]}<\/script>\n<!-- \/ Yoast SEO plugin. -->","yoast_head_json":{"title":"Lastenia Larriva de Llona - Eladd En","robots":{"index":"index","follow":"follow","max-snippet":"max-snippet:-1","max-image-preview":"max-image-preview:large","max-video-preview":"max-video-preview:-1"},"canonical":"https:\/\/eladd.org\/en\/popular-authors\/lastenia-larriva-de-llona\/","og_locale":"en_US","og_type":"article","og_title":"Lastenia Larriva de Llona - Eladd En","og_description":"[vc_row full_width=&rdquo;stretch_row&rdquo; tablet_fullwidth_cols=&rdquo;&rdquo; bg_style=&rdquo;repeat&rdquo; css=&rdquo;.vc_custom_1762916990202{background-position: 0 0 !important;background-repeat: repeat !important;}&rdquo;][vc_column][vc_column_text el_class=&rdquo;autoras__titulo&rdquo;] Lastenia Larriva de Llona [\/vc_column_text][\/vc_column][\/vc_row][vc_row full_width=&rdquo;stretch_row&rdquo; el_id=&rdquo;cuerpo&rdquo; css=&rdquo;.vc_custom_1762917004249{background-position: center !important;background-repeat: no-repeat !important;background-size: cover !important;}&rdquo;][vc_column][vc_column_text el_class=&rdquo;autoras__texto&rdquo;] Also known as:&nbsp;Lastenia Larriva, Lastenia Larriva de Liona, Lastenia Larriva y Negr&oacute;n, se&ntilde;ora N.&hellip;","og_url":"https:\/\/eladd.org\/en\/popular-authors\/lastenia-larriva-de-llona\/","og_site_name":"Eladd En","article_modified_time":"2025-11-12T03:10:11+00:00","og_image":[{"url":"https:\/\/eladd.org\/wp-content\/uploads\/2014\/02\/lastenia_ll1.png","type":"","width":"","height":""}],"twitter_card":"summary_large_image","twitter_misc":{"Est. reading time":"2 minutes"},"schema":{"@context":"https:\/\/schema.org","@graph":[{"@type":"WebPage","@id":"https:\/\/eladd.org\/en\/popular-authors\/lastenia-larriva-de-llona\/","url":"https:\/\/eladd.org\/en\/popular-authors\/lastenia-larriva-de-llona\/","name":"Lastenia Larriva de Llona - Eladd En","isPartOf":{"@id":"https:\/\/eladd.org\/en\/#website"},"primaryImageOfPage":{"@id":"https:\/\/eladd.org\/en\/popular-authors\/lastenia-larriva-de-llona\/#primaryimage"},"image":{"@id":"https:\/\/eladd.org\/en\/popular-authors\/lastenia-larriva-de-llona\/#primaryimage"},"thumbnailUrl":"https:\/\/eladd.org\/wp-content\/uploads\/2014\/02\/lastenia_ll1.png","datePublished":"2014-07-02T19:31:35+00:00","dateModified":"2025-11-12T03:10:11+00:00","breadcrumb":{"@id":"https:\/\/eladd.org\/en\/popular-authors\/lastenia-larriva-de-llona\/#breadcrumb"},"inLanguage":"en-US","potentialAction":[{"@type":"ReadAction","target":["https:\/\/eladd.org\/en\/popular-authors\/lastenia-larriva-de-llona\/"]}]},{"@type":"ImageObject","inLanguage":"en-US","@id":"https:\/\/eladd.org\/en\/popular-authors\/lastenia-larriva-de-llona\/#primaryimage","url":"https:\/\/eladd.org\/wp-content\/uploads\/2014\/02\/lastenia_ll1.png","contentUrl":"https:\/\/eladd.org\/wp-content\/uploads\/2014\/02\/lastenia_ll1.png"},{"@type":"BreadcrumbList","@id":"https:\/\/eladd.org\/en\/popular-authors\/lastenia-larriva-de-llona\/#breadcrumb","itemListElement":[{"@type":"ListItem","position":1,"name":"Home","item":"https:\/\/eladd.org\/en\/"},{"@type":"ListItem","position":2,"name":"Popular Authors","item":"https:\/\/eladd.org\/en\/popular-authors\/"},{"@type":"ListItem","position":3,"name":"Lastenia Larriva de Llona"}]},{"@type":"WebSite","@id":"https:\/\/eladd.org\/en\/#website","url":"https:\/\/eladd.org\/en\/","name":"Eladd En","description":"Ninteenth-Century Latin American Women Writers","publisher":{"@id":"https:\/\/eladd.org\/en\/#organization"},"potentialAction":[{"@type":"SearchAction","target":{"@type":"EntryPoint","urlTemplate":"https:\/\/eladd.org\/en\/?s={search_term_string}"},"query-input":{"@type":"PropertyValueSpecification","valueRequired":true,"valueName":"search_term_string"}}],"inLanguage":"en-US"},{"@type":"Organization","@id":"https:\/\/eladd.org\/en\/#organization","name":"Eladd En","url":"https:\/\/eladd.org\/en\/","logo":{"@type":"ImageObject","inLanguage":"en-US","@id":"https:\/\/eladd.org\/en\/#\/schema\/logo\/image\/","url":"https:\/\/eladd.org\/en\/wp-content\/uploads\/sites\/2\/2025\/07\/logo-eladd.png","contentUrl":"https:\/\/eladd.org\/en\/wp-content\/uploads\/sites\/2\/2025\/07\/logo-eladd.png","width":324,"height":77,"caption":"Eladd En"},"image":{"@id":"https:\/\/eladd.org\/en\/#\/schema\/logo\/image\/"}}]}},"_links":{"self":[{"href":"https:\/\/eladd.org\/en\/wp-json\/wp\/v2\/pages\/73","targetHints":{"allow":["GET"]}}],"collection":[{"href":"https:\/\/eladd.org\/en\/wp-json\/wp\/v2\/pages"}],"about":[{"href":"https:\/\/eladd.org\/en\/wp-json\/wp\/v2\/types\/page"}],"author":[{"embeddable":true,"href":"https:\/\/eladd.org\/en\/wp-json\/wp\/v2\/users\/1"}],"replies":[{"embeddable":true,"href":"https:\/\/eladd.org\/en\/wp-json\/wp\/v2\/comments?post=73"}],"version-history":[{"count":7,"href":"https:\/\/eladd.org\/en\/wp-json\/wp\/v2\/pages\/73\/revisions"}],"predecessor-version":[{"id":24767,"href":"https:\/\/eladd.org\/en\/wp-json\/wp\/v2\/pages\/73\/revisions\/24767"}],"up":[{"embeddable":true,"href":"https:\/\/eladd.org\/en\/wp-json\/wp\/v2\/pages\/38"}],"wp:attachment":[{"href":"https:\/\/eladd.org\/en\/wp-json\/wp\/v2\/media?parent=73"}],"curies":[{"name":"wp","href":"https:\/\/api.w.org\/{rel}","templated":true}]}}