{"id":75,"date":"2014-07-02T19:33:17","date_gmt":"2014-07-02T19:33:17","guid":{"rendered":"https:\/\/eladd.org\/en\/?page_id=75"},"modified":"2025-11-12T03:10:45","modified_gmt":"2025-11-12T03:10:45","slug":"eduarda-mansilla","status":"publish","type":"page","link":"https:\/\/eladd.org\/en\/popular-authors\/eduarda-mansilla\/","title":{"rendered":"Eduarda Mansilla"},"content":{"rendered":"<div class=\"wpb-content-wrapper\">[vc_row full_width=&#8221;stretch_row&#8221; tablet_fullwidth_cols=&#8221;&#8221; bg_style=&#8221;repeat&#8221; css=&#8221;.vc_custom_1762917032058{background-position: 0 0 !important;background-repeat: repeat !important;}&#8221;][vc_column][vc_column_text el_class=&#8221;autoras__titulo&#8221;]\n<h2 style=\"text-align: center;\">Eduarda Mansilla<\/h2>\n<p style=\"text-align: center;\"><img loading=\"lazy\" decoding=\"async\" class=\"size-full wp-image-1816 aligncenter\" src=\"\/\/eladd.org\/wp-content\/uploads\/2015\/09\/icon-space.png\" alt=\"icon-space\" width=\"150\" height=\"8\" \/><\/p>\n[\/vc_column_text][\/vc_column][\/vc_row][vc_row el_id=&#8221;cuerpo&#8221; css=&#8221;.vc_custom_1762917041594{background-position: center !important;background-repeat: no-repeat !important;background-size: cover !important;}&#8221;][vc_column][vc_column_text el_class=&#8221;autoras__texto&#8221;]\n<div class=\"img\"><img decoding=\"async\" class=\"alignright\" src=\"https:\/\/eladd.org\/wp-content\/uploads\/2014\/07\/3.jpg\" alt=\"3\" \/><\/div>\n<p><span lang=\"es-PE\"><b>Also known as: Eduarda Mansilla de Garc\u00eda<\/b><\/span><\/p>\n<p><b>Author\u2019s Works: Original and Edited (Works are listed in chronological order)<\/b><\/p>\n<p><span lang=\"es-PE\">(1860).\u00a0<\/span><span lang=\"es-PE\"><i>Luci\u0301a Miranda<\/i><\/span><\/p>\n<p><span lang=\"es-PE\">&#8212;, (<\/span>\u00a0<span lang=\"es-PE\">eds.). Martina Guidotti, and Hebe B. Molina. Madrid: Iberoamericana, 2007.<\/span><\/p>\n<p><span lang=\"es-PE\">&#8212;, Rodas, Giselle Carolina. \u201cEduarda Mansilla,\u00a0<\/span><span lang=\"es-PE\"><i>Lucia Miranda<\/i><\/span>\u00a0<span lang=\"es-PE\">(1860). Edici\u00f3n, Introducci\u00f3n y Notas de Mar\u00eda Rosa Lojo.\u201d<\/span><span lang=\"es-PE\">Iberoamericana 13.14, 2008.\u00a0<a style=\"color: #248b88;\" href=\"http:\/\/www.memoria.fahce.unlp.edu.ar\/art_revistas\/pr.3766\/pr.3766.pdf\">http:\/\/www.memoria.fahce.unlp.edu.ar\/art_revistas\/pr.3766\/pr.3766.pdf<\/a><\/span><\/p>\n<p><span lang=\"es-PE\">(1869).\u00a0<\/span><span lang=\"es-PE\"><i>Pablo ou la vie dans les pampas.<\/i><\/span>\u00a0<span lang=\"es-PE\">Paris: Lachaud.<\/span><\/p>\n<p><span lang=\"es-PE\">&#8212;, (trad.). Chiesa, Alicia M. Buenos Aires: Confluencia, 1999.<\/span><\/p>\n<p><span lang=\"es-PE\">&#8212;, (ed.). Mizraje, Mar\u00eda Gabriela. Buenos Aires: Colihue, Biblioteca Nacional, 2007.<\/span><\/p>\n<p><span lang=\"es-PE\">&#8212;, (<\/span>\u00a0<span lang=\"es-PE\">eds.). Mari\u0301a Gabriela Mizraje, and Lucio Victorio Mansilla.<\/span>\u00a0<span lang=\"es-PE\"><i>.<\/i><\/span>\u00a0<span lang=\"es-PE\">Buenos Aires: Biblioteca Nacional, 2007.<\/span><\/p>\n<p><span lang=\"es-PE\">(1880).\u00a0<\/span><span lang=\"es-PE\"><i>Cuentos<\/i><\/span><\/p>\n<p><span lang=\"es-PE\">&#8212;, (<\/span>\u00a0<span lang=\"es-PE\">ed.). Hebe B. Molina.\u00a0<\/span><span lang=\"es-PE\"><i>Cuentos\u00a0<\/i><\/span><span lang=\"es-PE\">(1880). Buenos Aires: Corregidor, 2011.<\/span><\/p>\n<p>(1880). \u201cPol\u00edtica europea.\u201d\u00a0<i>El Nacional,\u00a0<\/i>29 de noviembre. n.p<\/p>\n<p><span lang=\"es-PE\">(1882).\u00a0<\/span><span lang=\"es-PE\"><i>Recuerdos de viaje.\u00a0<\/i><\/span><span lang=\"es-PE\">Buenos Aires: Imprenta de Juan A. Alsina.<\/span><\/p>\n<p><span lang=\"es-PE\">&#8212;, (<\/span>\u00a0<span lang=\"es-PE\">ed.). J P. Spicer-Escalante.\u00a0<\/span><span lang=\"es-PE\"><i>Recuerdos de viaje.<\/i><\/span>\u00a0<span lang=\"es-PE\">Buenos Aires: Stockcero, 2006.<\/span><\/p>\n<p><span lang=\"es-PE\">(1962).\u00a0<\/span><span lang=\"es-PE\"><i>El m\u00e9dico de San Luis.\u00a0<\/i><\/span><span lang=\"es-PE\">Buenos Aires: Editorial Universitaria.<\/span><\/p>\n<p><span lang=\"es-PE\">&#8212;, (<\/span>\u00a0<span lang=\"es-PE\">pr\u00f3l.).\u00a0<\/span><span lang=\"es-PE\"><i>El m\u00e9dico de San Luis<\/i><\/span>\u00a0<span lang=\"es-PE\">. Buenos Aires: Imprenta de La Paz, 1860. Reproducido en\u00a0<\/span><span lang=\"es-PE\"><i>La Ondina<\/i><\/span>\u00a0<i>del Plata<\/i>\u00a0, 9 de mayo de 1975: 159<\/p>\n<p><span lang=\"es-PE\">&#8212;,\u00a0<\/span><span lang=\"es-PE\"><i>El me\u0301dico de San Luis<\/i><\/span>\u00a0<span lang=\"es-PE\">. Santa Fe, Argentina: El Cid Editor, 2004. Web<\/span><\/p>\n<p><b>Critical Works and Reference Materials (Books, Book Chapters, Journal Articles,Encyclopedias, Theses\/Dissertations, Media and Internet Sources)<\/b><\/p>\n<p>Fletcher, Lea. (ed.).\u00a0<i>Mujeres y cultura en la Argentina del XIX<\/i>. Buenos Aires: Feminaria Editora, 1994.<\/p>\n<p>Frederick, Bonnie.\u00a0<i>Wily Modesty: Argentine Women Writers, 1860-1910<\/i>. Arizona State University: ASU Center for Latin American Studies Press, 1998.<\/p>\n<p>Hanway, Nancy. Embodying Argentina: Body, Space and Nation in 19th Century Narrative. Jefferson: McFarland &amp; Company, Inc., Publishers, 2003.\u00a0<a style=\"color: #248b88;\" href=\"http:\/\/books.google.com\/books?hl=en&amp;lr=&amp;id=83y8ijZ8EekC&amp;oi=fnd&amp;pg=PR5&amp;dq=%22Eduarda+Mansilla+de+Garcia%22&amp;ots=R0vyVWHDIf&amp;sig=mwi2ykkhIRK5vpz_pMlAsr_2Pps#v=onepage&amp;q=%22Eduarda%20Mansilla%20de%20Garcia%22&amp;f=false\">Leer libro<\/a>.<\/p>\n<p>Jagoe, Eva, Lynn Alicia. \u201cFamilial Triangles: Eduarda Mansilla, Domingo Sarmiento, and<\/p>\n<p>Lucio Mansilla.\u201d Revista Canadiense de Estudios Hisp\u00e1nicos 30.2 (2005): 507<\/p>\n<p>Livon-Grosman, Ernesto. \u201cLo abierto y lo cerrado: el espacio patag\u00f3nico en la literatura de viaje.\u201d 2001.\u00a0<i>Ciberletras\u00a0<\/i>No. 5, August.\u00a0<a style=\"color: #248b88;\" href=\"http:\/\/www.lehman.cuny.edu\/\">http:\/\/www.lehman.cuny.edu\/<\/a><a style=\"color: #248b88;\" href=\"http:\/\/www.lehman.cuny.edu\/ciberletras\">ciberletras<\/a><\/p>\n<p><span lang=\"es-PE\">Lojo, Mar\u00eda Rosa. &#8220;Los hermanos Mansilla: g\u00e9nero, naci\u00f3n, \u2018barbaries\u2019&#8221;. 2004.\u00a0<\/span><span lang=\"es-PE\"><i>Abanico de la Biblioteca Nacional.\u00a0<\/i><\/span><span lang=\"es-PE\">Agosto.\u00a0<a style=\"color: #248b88;\" href=\"http:\/\/www.abanico.edu.ar\/2004\/08\/Lojo.htm\">http:\/\/www.abanico.edu.ar\/2004\/08\/Lojo.htm<\/a><\/span><\/p>\n<p>&#8212;.\u00a0\u201cEduarda Mansilla: entre la \u00abbarbarie\u00bb yankee y la utop\u00eda de la mujer profesional. Gramma. XV, 37 (Septiembre 2003). 14<\/p>\n<p>Masiello, Francine.\u00a0<i>Between Civilization &amp; Barbarism. Women, Nation and Literary Culture in Modern Argentina.<\/i>\u00a0<span lang=\"pt-BR\">Lincoln: University of Nebraska Press, 1992.<\/span><\/p>\n<p>Root, Regina A. \u201cSearching for the Oasis in Life: Fashion and the Question of Female Emancipation in Late Nineteenth-Century Argentine.\u201d The Americas 60.3 (2004): 363-90.<a style=\"color: #248b88;\" href=\"http:\/\/arldocdel.iii.com\/ARIEL_N0L8IJU_ARLDocRec2_20120511021338.PDF\">http:\/\/arldocdel.iii.com\/ARIEL_N0L8IJU_ARLDocRec2_20120511021338.PDF<\/a><\/p>\n<p><span lang=\"es-PE\">Rosenzweig, Carrie. \u201cEl salvajismo civilizado: El dilema de la identidad Argentina en las novelas de\u00a0<\/span><span lang=\"es-PE\"><i>Lucia Miranda\u00a0<\/i><\/span><span lang=\"es-PE\">e\u00a0<\/span><span lang=\"es-PE\"><i>Indias Blancas\u201d<\/i><\/span>\u00a0<span lang=\"es-PE\">.\u00a0<\/span>Michigan: The University of Michigan, 2011. Internet Source.\u00a0<a style=\"color: #248b88;\" href=\"http:\/\/141.213.232.243\/bitstream\/2027.42\/85321\/1\/crosenz.pdf\">http:\/\/141.213.232.243\/bitstream\/2027.42\/85321\/1\/crosenz.pdf<\/a><\/p>\n<p>Rotker, Susana. \u201cThe Return of the Forbidden: The Women Writers.\u201d\u00a0<i>Captive Women: Oblivion and Memory in Argentina.\u00a0<\/i>Ed. Rotker, Susana.\u00a0<span lang=\"es-PE\">Minneapolis: University of Minnesota Press, 2002. 98-117.<\/span><\/p>\n<p><span lang=\"pt-BR\">Scatena Franco, Stella Maris, and Maria Ligia Coelho Prado.\u00a0<\/span><span lang=\"pt-BR\"><i>Peregrinas de outrora: Viajantes Latino-Americanas no se\u0301culo XIX.\u00a0<\/i><\/span>Sa\u0303o Paulo, 2005.<\/p>\n<p>Szurmuk, Mo\u0301nica.\u00a0<i>Women in Argentina: Early Travel Narratives<\/i>. Gainesville: University Press of Florida, 2000.<\/p>\n<p>&#8212;.\u00a0<span lang=\"es-PE\">\u201cEduarda Mansilla de Garci\u0301a&#8217;s\u00a0<\/span><span lang=\"es-PE\"><i>Recuerdos de Viaje<\/i><\/span>\u00a0<span lang=\"es-PE\">: \u2018Recordar es vivir\u2019\u201d\u00a0<\/span><i>Women in Argentina: Early Travel Narratives.<\/i>\u00a0Ed. Szurmuk, M\u00f3nica. Gainesville: University Press of Florida, 2001.\u00a0<span lang=\"es-PE\">55-66.<\/span><\/p>\n<p>Shkatulo, Olena.\u00a0<i>This Country that is (Not) Mine: Nation, Gender, and Modernity in 19th-Century Hispanic Women Travel Narratives<\/i>. Indiana University, 2011. The Humanities and Social Sciences Collection. 2012.<\/p>\n<p><span lang=\"es-PE\">Veniard, Juan Mar\u00eda. \u201cLos Garc\u00eda, los Mansilla y la m\u00fasica.\u201d Buenos Aires: Instituto Nacional de Musicolog\u00eda Carlos Vega. Direcci\u00f3n Nacional de M\u00fasica. Secretaria de Cultura. Ministerio de Educaci\u00f3n y Justicia, 1986<\/span><\/p>\n<p><span lang=\"pt-BR\">Vera de Flachs, Maria Cristina.\u00a0<\/span><span lang=\"es-PE\"><i>En Tiempos De Eduarda Y Lucio V. Mansilla:\u00a0<\/i><\/span><span lang=\"es-PE\">Congreso De Literatura E Historia : Realizado En Co\u0301rdoba Entre El 1 Y 2 De Julio De 2005 : Sede Asociacio\u0301n De Magistrados Y Funcionarios Judiciales De La Provincia De Co\u0301rdoba ; [mari\u0301a Cristina Vera De Flachs &#8230;\u00a0<\/span>[et Al.]]<i>.<\/i>\u00a0C\u00f3rdoba: Junta Provincial de Historia de C\u00f3rdoba, 2005.<\/p>\n<div class=\"img2\"><img loading=\"lazy\" decoding=\"async\" class=\"alignnone size-full wp-image-608\" src=\"https:\/\/eladd.org\/wp-content\/uploads\/2014\/02\/logo-footer-2.png\" alt=\"logo-footer-2\" width=\"260\" height=\"70\" \/><\/div>\n[\/vc_column_text][vc_single_image image=&#8221;660&#8243; alignment=&#8221;center&#8221; css=&#8221;.vc_custom_1446670823436{margin-top: 35px !important;}&#8221;][\/vc_column][\/vc_row]\n<\/div>","protected":false},"excerpt":{"rendered":"<p>[vc_row full_width=&rdquo;stretch_row&rdquo; tablet_fullwidth_cols=&rdquo;&rdquo; bg_style=&rdquo;repeat&rdquo; css=&rdquo;.vc_custom_1762917032058{background-position: 0 0 !important;background-repeat: repeat !important;}&rdquo;][vc_column][vc_column_text el_class=&rdquo;autoras__titulo&rdquo;] Eduarda Mansilla [\/vc_column_text][\/vc_column][\/vc_row][vc_row el_id=&rdquo;cuerpo&rdquo; css=&rdquo;.vc_custom_1762917041594{background-position: center !important;background-repeat: no-repeat !important;background-size: cover !important;}&rdquo;][vc_column][vc_column_text el_class=&rdquo;autoras__texto&rdquo;] Also known as: Eduarda Mansilla de Garc&iacute;a Author&rsquo;s Works: Original and Edited (Works are listed in chronological&hellip;<\/p>\n","protected":false},"author":1,"featured_media":0,"parent":38,"menu_order":0,"comment_status":"closed","ping_status":"closed","template":"","meta":{"footnotes":""},"class_list":["post-75","page","type-page","status-publish","hentry","entry","no-media"],"yoast_head":"<!-- This site is optimized with the Yoast SEO plugin v26.1.1 - https:\/\/yoast.com\/wordpress\/plugins\/seo\/ -->\n<title>Eduarda Mansilla - Eladd En<\/title>\n<meta name=\"robots\" content=\"index, follow, max-snippet:-1, max-image-preview:large, max-video-preview:-1\" \/>\n<link rel=\"canonical\" href=\"https:\/\/eladd.org\/en\/popular-authors\/eduarda-mansilla\/\" \/>\n<meta property=\"og:locale\" content=\"en_US\" \/>\n<meta property=\"og:type\" content=\"article\" \/>\n<meta property=\"og:title\" content=\"Eduarda Mansilla - Eladd En\" \/>\n<meta property=\"og:description\" content=\"[vc_row full_width=&rdquo;stretch_row&rdquo; tablet_fullwidth_cols=&rdquo;&rdquo; bg_style=&rdquo;repeat&rdquo; css=&rdquo;.vc_custom_1762917032058{background-position: 0 0 !important;background-repeat: repeat !important;}&rdquo;][vc_column][vc_column_text el_class=&rdquo;autoras__titulo&rdquo;] Eduarda Mansilla [\/vc_column_text][\/vc_column][\/vc_row][vc_row el_id=&rdquo;cuerpo&rdquo; css=&rdquo;.vc_custom_1762917041594{background-position: center !important;background-repeat: no-repeat !important;background-size: cover !important;}&rdquo;][vc_column][vc_column_text el_class=&rdquo;autoras__texto&rdquo;] Also known as: Eduarda Mansilla de Garc&iacute;a Author&rsquo;s Works: Original and Edited (Works are listed in chronological&hellip;\" \/>\n<meta property=\"og:url\" content=\"https:\/\/eladd.org\/en\/popular-authors\/eduarda-mansilla\/\" \/>\n<meta property=\"og:site_name\" content=\"Eladd En\" \/>\n<meta property=\"article:modified_time\" content=\"2025-11-12T03:10:45+00:00\" \/>\n<meta property=\"og:image\" content=\"https:\/\/eladd.org\/wp-content\/uploads\/2014\/07\/3.jpg\" \/>\n<meta name=\"twitter:card\" content=\"summary_large_image\" \/>\n<meta name=\"twitter:label1\" content=\"Est. reading time\" \/>\n\t<meta name=\"twitter:data1\" content=\"4 minutes\" \/>\n<script type=\"application\/ld+json\" class=\"yoast-schema-graph\">{\"@context\":\"https:\/\/schema.org\",\"@graph\":[{\"@type\":\"WebPage\",\"@id\":\"https:\/\/eladd.org\/en\/popular-authors\/eduarda-mansilla\/\",\"url\":\"https:\/\/eladd.org\/en\/popular-authors\/eduarda-mansilla\/\",\"name\":\"Eduarda Mansilla - Eladd En\",\"isPartOf\":{\"@id\":\"https:\/\/eladd.org\/en\/#website\"},\"primaryImageOfPage\":{\"@id\":\"https:\/\/eladd.org\/en\/popular-authors\/eduarda-mansilla\/#primaryimage\"},\"image\":{\"@id\":\"https:\/\/eladd.org\/en\/popular-authors\/eduarda-mansilla\/#primaryimage\"},\"thumbnailUrl\":\"https:\/\/eladd.org\/wp-content\/uploads\/2014\/07\/3.jpg\",\"datePublished\":\"2014-07-02T19:33:17+00:00\",\"dateModified\":\"2025-11-12T03:10:45+00:00\",\"breadcrumb\":{\"@id\":\"https:\/\/eladd.org\/en\/popular-authors\/eduarda-mansilla\/#breadcrumb\"},\"inLanguage\":\"en-US\",\"potentialAction\":[{\"@type\":\"ReadAction\",\"target\":[\"https:\/\/eladd.org\/en\/popular-authors\/eduarda-mansilla\/\"]}]},{\"@type\":\"ImageObject\",\"inLanguage\":\"en-US\",\"@id\":\"https:\/\/eladd.org\/en\/popular-authors\/eduarda-mansilla\/#primaryimage\",\"url\":\"https:\/\/eladd.org\/wp-content\/uploads\/2014\/07\/3.jpg\",\"contentUrl\":\"https:\/\/eladd.org\/wp-content\/uploads\/2014\/07\/3.jpg\"},{\"@type\":\"BreadcrumbList\",\"@id\":\"https:\/\/eladd.org\/en\/popular-authors\/eduarda-mansilla\/#breadcrumb\",\"itemListElement\":[{\"@type\":\"ListItem\",\"position\":1,\"name\":\"Home\",\"item\":\"https:\/\/eladd.org\/en\/\"},{\"@type\":\"ListItem\",\"position\":2,\"name\":\"Popular Authors\",\"item\":\"https:\/\/eladd.org\/en\/popular-authors\/\"},{\"@type\":\"ListItem\",\"position\":3,\"name\":\"Eduarda Mansilla\"}]},{\"@type\":\"WebSite\",\"@id\":\"https:\/\/eladd.org\/en\/#website\",\"url\":\"https:\/\/eladd.org\/en\/\",\"name\":\"Eladd En\",\"description\":\"Ninteenth-Century Latin American Women Writers\",\"publisher\":{\"@id\":\"https:\/\/eladd.org\/en\/#organization\"},\"potentialAction\":[{\"@type\":\"SearchAction\",\"target\":{\"@type\":\"EntryPoint\",\"urlTemplate\":\"https:\/\/eladd.org\/en\/?s={search_term_string}\"},\"query-input\":{\"@type\":\"PropertyValueSpecification\",\"valueRequired\":true,\"valueName\":\"search_term_string\"}}],\"inLanguage\":\"en-US\"},{\"@type\":\"Organization\",\"@id\":\"https:\/\/eladd.org\/en\/#organization\",\"name\":\"Eladd En\",\"url\":\"https:\/\/eladd.org\/en\/\",\"logo\":{\"@type\":\"ImageObject\",\"inLanguage\":\"en-US\",\"@id\":\"https:\/\/eladd.org\/en\/#\/schema\/logo\/image\/\",\"url\":\"https:\/\/eladd.org\/en\/wp-content\/uploads\/sites\/2\/2025\/07\/logo-eladd.png\",\"contentUrl\":\"https:\/\/eladd.org\/en\/wp-content\/uploads\/sites\/2\/2025\/07\/logo-eladd.png\",\"width\":324,\"height\":77,\"caption\":\"Eladd En\"},\"image\":{\"@id\":\"https:\/\/eladd.org\/en\/#\/schema\/logo\/image\/\"}}]}<\/script>\n<!-- \/ Yoast SEO plugin. -->","yoast_head_json":{"title":"Eduarda Mansilla - Eladd En","robots":{"index":"index","follow":"follow","max-snippet":"max-snippet:-1","max-image-preview":"max-image-preview:large","max-video-preview":"max-video-preview:-1"},"canonical":"https:\/\/eladd.org\/en\/popular-authors\/eduarda-mansilla\/","og_locale":"en_US","og_type":"article","og_title":"Eduarda Mansilla - Eladd En","og_description":"[vc_row full_width=&rdquo;stretch_row&rdquo; tablet_fullwidth_cols=&rdquo;&rdquo; bg_style=&rdquo;repeat&rdquo; css=&rdquo;.vc_custom_1762917032058{background-position: 0 0 !important;background-repeat: repeat !important;}&rdquo;][vc_column][vc_column_text el_class=&rdquo;autoras__titulo&rdquo;] Eduarda Mansilla [\/vc_column_text][\/vc_column][\/vc_row][vc_row el_id=&rdquo;cuerpo&rdquo; css=&rdquo;.vc_custom_1762917041594{background-position: center !important;background-repeat: no-repeat !important;background-size: cover !important;}&rdquo;][vc_column][vc_column_text el_class=&rdquo;autoras__texto&rdquo;] Also known as: Eduarda Mansilla de Garc&iacute;a Author&rsquo;s Works: Original and Edited (Works are listed in chronological&hellip;","og_url":"https:\/\/eladd.org\/en\/popular-authors\/eduarda-mansilla\/","og_site_name":"Eladd En","article_modified_time":"2025-11-12T03:10:45+00:00","og_image":[{"url":"https:\/\/eladd.org\/wp-content\/uploads\/2014\/07\/3.jpg","type":"","width":"","height":""}],"twitter_card":"summary_large_image","twitter_misc":{"Est. reading time":"4 minutes"},"schema":{"@context":"https:\/\/schema.org","@graph":[{"@type":"WebPage","@id":"https:\/\/eladd.org\/en\/popular-authors\/eduarda-mansilla\/","url":"https:\/\/eladd.org\/en\/popular-authors\/eduarda-mansilla\/","name":"Eduarda Mansilla - Eladd En","isPartOf":{"@id":"https:\/\/eladd.org\/en\/#website"},"primaryImageOfPage":{"@id":"https:\/\/eladd.org\/en\/popular-authors\/eduarda-mansilla\/#primaryimage"},"image":{"@id":"https:\/\/eladd.org\/en\/popular-authors\/eduarda-mansilla\/#primaryimage"},"thumbnailUrl":"https:\/\/eladd.org\/wp-content\/uploads\/2014\/07\/3.jpg","datePublished":"2014-07-02T19:33:17+00:00","dateModified":"2025-11-12T03:10:45+00:00","breadcrumb":{"@id":"https:\/\/eladd.org\/en\/popular-authors\/eduarda-mansilla\/#breadcrumb"},"inLanguage":"en-US","potentialAction":[{"@type":"ReadAction","target":["https:\/\/eladd.org\/en\/popular-authors\/eduarda-mansilla\/"]}]},{"@type":"ImageObject","inLanguage":"en-US","@id":"https:\/\/eladd.org\/en\/popular-authors\/eduarda-mansilla\/#primaryimage","url":"https:\/\/eladd.org\/wp-content\/uploads\/2014\/07\/3.jpg","contentUrl":"https:\/\/eladd.org\/wp-content\/uploads\/2014\/07\/3.jpg"},{"@type":"BreadcrumbList","@id":"https:\/\/eladd.org\/en\/popular-authors\/eduarda-mansilla\/#breadcrumb","itemListElement":[{"@type":"ListItem","position":1,"name":"Home","item":"https:\/\/eladd.org\/en\/"},{"@type":"ListItem","position":2,"name":"Popular Authors","item":"https:\/\/eladd.org\/en\/popular-authors\/"},{"@type":"ListItem","position":3,"name":"Eduarda Mansilla"}]},{"@type":"WebSite","@id":"https:\/\/eladd.org\/en\/#website","url":"https:\/\/eladd.org\/en\/","name":"Eladd En","description":"Ninteenth-Century Latin American Women Writers","publisher":{"@id":"https:\/\/eladd.org\/en\/#organization"},"potentialAction":[{"@type":"SearchAction","target":{"@type":"EntryPoint","urlTemplate":"https:\/\/eladd.org\/en\/?s={search_term_string}"},"query-input":{"@type":"PropertyValueSpecification","valueRequired":true,"valueName":"search_term_string"}}],"inLanguage":"en-US"},{"@type":"Organization","@id":"https:\/\/eladd.org\/en\/#organization","name":"Eladd En","url":"https:\/\/eladd.org\/en\/","logo":{"@type":"ImageObject","inLanguage":"en-US","@id":"https:\/\/eladd.org\/en\/#\/schema\/logo\/image\/","url":"https:\/\/eladd.org\/en\/wp-content\/uploads\/sites\/2\/2025\/07\/logo-eladd.png","contentUrl":"https:\/\/eladd.org\/en\/wp-content\/uploads\/sites\/2\/2025\/07\/logo-eladd.png","width":324,"height":77,"caption":"Eladd En"},"image":{"@id":"https:\/\/eladd.org\/en\/#\/schema\/logo\/image\/"}}]}},"_links":{"self":[{"href":"https:\/\/eladd.org\/en\/wp-json\/wp\/v2\/pages\/75","targetHints":{"allow":["GET"]}}],"collection":[{"href":"https:\/\/eladd.org\/en\/wp-json\/wp\/v2\/pages"}],"about":[{"href":"https:\/\/eladd.org\/en\/wp-json\/wp\/v2\/types\/page"}],"author":[{"embeddable":true,"href":"https:\/\/eladd.org\/en\/wp-json\/wp\/v2\/users\/1"}],"replies":[{"embeddable":true,"href":"https:\/\/eladd.org\/en\/wp-json\/wp\/v2\/comments?post=75"}],"version-history":[{"count":7,"href":"https:\/\/eladd.org\/en\/wp-json\/wp\/v2\/pages\/75\/revisions"}],"predecessor-version":[{"id":24768,"href":"https:\/\/eladd.org\/en\/wp-json\/wp\/v2\/pages\/75\/revisions\/24768"}],"up":[{"embeddable":true,"href":"https:\/\/eladd.org\/en\/wp-json\/wp\/v2\/pages\/38"}],"wp:attachment":[{"href":"https:\/\/eladd.org\/en\/wp-json\/wp\/v2\/media?parent=75"}],"curies":[{"name":"wp","href":"https:\/\/api.w.org\/{rel}","templated":true}]}}